{"id":6,"date":"2015-10-26T22:52:25","date_gmt":"2015-10-26T20:52:25","guid":{"rendered":"http:\/\/127.0.0.1:8445\/?page_id=6"},"modified":"2016-12-12T13:08:05","modified_gmt":"2016-12-12T12:08:05","slug":"stravovanie-ubytovanie-areali-termalneho-kupaliska-velky-meder","status":"publish","type":"page","link":"https:\/\/www.hotelaqua.sk\/sk\/stravovanie-ubytovanie-areali-termalneho-kupaliska-velky-meder\/","title":{"rendered":"Stravovanie"},"content":{"rendered":"<h1 style=\"text-align: center;\">Hotel Aqua ***<\/h1>\n<h2 style=\"text-align: center;\">Strava a ubytovanie pri are\u00e1li term\u00e1lneho k\u00fapaliska Ve\u013ek\u00fd Meder<\/h2>\n<p>Na\u0161a kuchy\u0148a (Gastron\u00f3mia, \u0161v\u00e9dske stoly)<br \/>\n<strong>Ver\u00edme, \u017ee sme t\u00fdm, \u010do jeme.<\/strong><\/p>\n<p>Strava je formou bohat\u00fdch \u0161v\u00e9dskych stolov, pod\u00e1va oproti vchodu hotela v re\u0161taur\u00e1cii Hotela Thermal Varga ***. Pohodlne, pe\u0161i (30 metrov) sa cez pekn\u00fd hotelov\u00fd park prech\u00e1dzkou dostanete do re\u0161taur\u00e1cie na ra\u0148ajky a ve\u010dere.<\/p>\n<p><em>Z\u00e1klad na\u0161ej kuchyne tvor\u00ed<\/em><br \/>\n<strong>Harm\u00f3nia chut\u00ed<\/strong><br \/>\nD\u00f4raz na chu\u0165 kvalitnej suroviny je z\u00e1kladn\u00fdm postojom k jedl\u00e1m z na\u0161ej poctivej kuchyne. Riadime sa my\u0161lienkou: v jednoduchosti je kr\u00e1sa.<\/p>\n<p><strong>Trad\u00edcia<\/strong><br \/>\nZ\u00e1kladn\u00fdm bodom rodinnej kuchyne je trad\u00edcia, ktor\u00e1 upev\u0148uje nielen z\u00e1klad rodiny ale aj jej kvalitat\u00edvne n\u00e1roky na v\u00fdber surov\u00edn.<\/p>\n<p><strong>V\u00fdber surov\u00edn<\/strong><br \/>\nPri z\u00e1sobovan\u00ed sa sna\u017e\u00edme vych\u00e1dza\u0165 z kval\u00edt pon\u00fakan\u00fdch v na\u0161om regi\u00f3ne. Poctiv\u00e9 prihliadanie na ka\u017ed\u00fd detail suroviny je z\u00e1kladom n\u00e1\u0161ho \u00faspechu.<\/p>\n<div class=\"rgg-container\" data-rgg-id=\"1\">    <div class=\"rgg-imagegrid captions-title captions-effect-none \" data-rgg-id=\"1\">\n                    <a href=\"https:\/\/www.hotelaqua.sk\/wp-content\/uploads\/2015\/10\/kava-ranajky.jpg\" data-rel=\"rgg\" rel=\"rgg\" title=\"\" class=\"rgg-disabled size-medium rgg-img\" data-src=\"https:\/\/www.hotelaqua.sk\/wp-content\/uploads\/2015\/10\/kava-ranajky-300x300.jpg\" data-ratio=\"1\" data-height=\"300\" data-width=\"300\" aria-label=\"\">\n                            <\/a>\n                    <a href=\"https:\/\/www.hotelaqua.sk\/wp-content\/uploads\/2015\/10\/47fe498d8f13a605d035.jpg\" data-rel=\"rgg\" rel=\"rgg\" title=\"\" class=\"rgg-disabled size-medium rgg-img\" data-src=\"https:\/\/www.hotelaqua.sk\/wp-content\/uploads\/2015\/10\/47fe498d8f13a605d035-300x140.jpg\" data-ratio=\"2.14285714286\" data-height=\"140\" data-width=\"300\" aria-label=\"\">\n                            <\/a>\n                    <a href=\"https:\/\/www.hotelaqua.sk\/wp-content\/uploads\/2015\/12\/DSC_0110-1024x683.jpg\" data-rel=\"rgg\" rel=\"rgg\" title=\"\" class=\"rgg-disabled size-medium rgg-img\" data-src=\"https:\/\/www.hotelaqua.sk\/wp-content\/uploads\/2015\/12\/DSC_0110-300x200.jpg\" data-ratio=\"1.5\" data-height=\"200\" data-width=\"300\" aria-label=\"\">\n                            <\/a>\n                    <a href=\"https:\/\/www.hotelaqua.sk\/wp-content\/uploads\/2015\/10\/vegetables-1024x661.jpg\" data-rel=\"rgg\" rel=\"rgg\" title=\"\" class=\"rgg-disabled size-medium rgg-img\" data-src=\"https:\/\/www.hotelaqua.sk\/wp-content\/uploads\/2015\/10\/vegetables-300x194.jpg\" data-ratio=\"1.54639175258\" data-height=\"194\" data-width=\"300\" aria-label=\"\">\n                            <\/a>\n                    <a href=\"https:\/\/www.hotelaqua.sk\/wp-content\/uploads\/2015\/12\/restauracia-Hotel-Thermal-Varga-1024x683.jpg\" data-rel=\"rgg\" rel=\"rgg\" title=\"\" class=\"rgg-disabled size-medium rgg-img\" data-src=\"https:\/\/www.hotelaqua.sk\/wp-content\/uploads\/2015\/12\/restauracia-Hotel-Thermal-Varga-300x200.jpg\" data-ratio=\"1.5\" data-height=\"200\" data-width=\"300\" aria-label=\"\">\n                            <\/a>\n                    <a href=\"https:\/\/www.hotelaqua.sk\/wp-content\/uploads\/2015\/10\/svedske-stoly-gastro-DSC_0088-1024x683.jpg\" data-rel=\"rgg\" rel=\"rgg\" title=\"\" class=\"rgg-disabled size-medium rgg-img\" data-src=\"https:\/\/www.hotelaqua.sk\/wp-content\/uploads\/2015\/10\/svedske-stoly-gastro-DSC_0088-300x200.jpg\" data-ratio=\"1.5\" data-height=\"200\" data-width=\"300\" aria-label=\"\">\n                            <\/a>\n                    <a href=\"https:\/\/www.hotelaqua.sk\/wp-content\/uploads\/2015\/10\/CheeseAssortment1-1024x709.jpg\" data-rel=\"rgg\" rel=\"rgg\" title=\"\" class=\"rgg-disabled size-medium rgg-img\" data-src=\"https:\/\/www.hotelaqua.sk\/wp-content\/uploads\/2015\/10\/CheeseAssortment1-300x208.jpg\" data-ratio=\"1.44230769231\" data-height=\"208\" data-width=\"300\" aria-label=\"\">\n                            <\/a>\n                    <a href=\"https:\/\/www.hotelaqua.sk\/wp-content\/uploads\/2015\/11\/12241041_10154113222250329_5072285869552796592_o-1024x683.jpg\" data-rel=\"rgg\" rel=\"rgg\" title=\"\" class=\"rgg-disabled size-medium rgg-img\" data-src=\"https:\/\/www.hotelaqua.sk\/wp-content\/uploads\/2015\/11\/12241041_10154113222250329_5072285869552796592_o-300x200.jpg\" data-ratio=\"1.5\" data-height=\"200\" data-width=\"300\" aria-label=\"\">\n                            <\/a>\n                    <a href=\"https:\/\/www.hotelaqua.sk\/wp-content\/uploads\/2015\/10\/zakusky_RAC8076-1024x684.jpg\" data-rel=\"rgg\" rel=\"rgg\" title=\"\" class=\"rgg-disabled size-medium rgg-img\" data-src=\"https:\/\/www.hotelaqua.sk\/wp-content\/uploads\/2015\/10\/zakusky_RAC8076-300x200.jpg\" data-ratio=\"1.5\" data-height=\"200\" data-width=\"300\" aria-label=\"\">\n                            <\/a>\n                    <a href=\"https:\/\/www.hotelaqua.sk\/wp-content\/uploads\/2015\/10\/svedske-stoly-gastro-DSC_0095-1024x683.jpg\" data-rel=\"rgg\" rel=\"rgg\" title=\"\" class=\"rgg-disabled size-medium rgg-img\" data-src=\"https:\/\/www.hotelaqua.sk\/wp-content\/uploads\/2015\/10\/svedske-stoly-gastro-DSC_0095-300x200.jpg\" data-ratio=\"1.5\" data-height=\"200\" data-width=\"300\" aria-label=\"\">\n                            <\/a>\n            <\/div>\n<\/div>\n","protected":false},"excerpt":{"rendered":"<p>Strava je formou bohat\u00fdch \u0161v\u00e9dskych stolov, pod\u00e1va oproti vchodu hotela v re\u0161taur\u00e1cii Hotela Thermal Varga ***. Pohodlne, pe\u0161i (30 metrov) sa cez pekn\u00fd hotelov\u00fd park prech\u00e1dzkou dostanete do re\u0161taur\u00e1cie na ra\u0148ajky a ve\u010dere. <\/p>\n","protected":false},"author":1,"featured_media":280,"parent":0,"menu_order":0,"comment_status":"closed","ping_status":"closed","template":"","meta":{"footnotes":""},"class_list":["post-6","page","type-page","status-publish","has-post-thumbnail","hentry"],"yoast_head":"<!-- This site is optimized with the Yoast SEO plugin v25.3.1 - https:\/\/yoast.com\/wordpress\/plugins\/seo\/ -->\n<title>HOTEL AQUA VARGA *** - Ubytovanie v are\u00e1li term\u00e1lneho k\u00fapaliska<\/title>\n<meta name=\"robots\" content=\"index, follow, max-snippet:-1, max-image-preview:large, max-video-preview:-1\" \/>\n<link rel=\"canonical\" href=\"https:\/\/www.hotelaqua.sk\/sk\/stravovanie-ubytovanie-areali-termalneho-kupaliska-velky-meder\/\" \/>\n<meta property=\"og:locale\" content=\"sk_SK\" \/>\n<meta property=\"og:type\" content=\"article\" \/>\n<meta property=\"og:title\" content=\"HOTEL AQUA VARGA *** - Ubytovanie v are\u00e1li term\u00e1lneho k\u00fapaliska\" \/>\n<meta property=\"og:description\" content=\"Strava je formou bohat\u00fdch \u0161v\u00e9dskych stolov, pod\u00e1va oproti vchodu hotela v re\u0161taur\u00e1cii Hotela Thermal Varga ***. Pohodlne, pe\u0161i (30 metrov) sa cez pekn\u00fd hotelov\u00fd park prech\u00e1dzkou dostanete do re\u0161taur\u00e1cie na ra\u0148ajky a ve\u010dere.\" \/>\n<meta property=\"og:url\" content=\"https:\/\/www.hotelaqua.sk\/sk\/stravovanie-ubytovanie-areali-termalneho-kupaliska-velky-meder\/\" \/>\n<meta property=\"og:site_name\" content=\"HOTEL AQUA VARGA ***\" \/>\n<meta property=\"article:modified_time\" content=\"2016-12-12T12:08:05+00:00\" \/>\n<meta property=\"og:image\" content=\"https:\/\/www.hotelaqua.sk\/wp-content\/uploads\/2015\/12\/DSC_0110-e1481544478751.jpg\" \/>\n\t<meta property=\"og:image:width\" content=\"1920\" \/>\n\t<meta property=\"og:image:height\" content=\"1280\" \/>\n\t<meta property=\"og:image:type\" content=\"image\/jpeg\" \/>\n<meta name=\"twitter:label1\" content=\"Predpokladan\u00fd \u010das \u010d\u00edtania\" \/>\n\t<meta name=\"twitter:data1\" content=\"1 min\u00fata\" \/>\n<script type=\"application\/ld+json\" class=\"yoast-schema-graph\">{\"@context\":\"https:\/\/schema.org\",\"@graph\":[{\"@type\":\"WebPage\",\"@id\":\"https:\/\/www.hotelaqua.sk\/sk\/stravovanie-ubytovanie-areali-termalneho-kupaliska-velky-meder\/\",\"url\":\"https:\/\/www.hotelaqua.sk\/sk\/stravovanie-ubytovanie-areali-termalneho-kupaliska-velky-meder\/\",\"name\":\"HOTEL AQUA VARGA *** - Ubytovanie v are\u00e1li term\u00e1lneho k\u00fapaliska\",\"isPartOf\":{\"@id\":\"https:\/\/www.hotelaqua.sk\/sk\/#website\"},\"primaryImageOfPage\":{\"@id\":\"https:\/\/www.hotelaqua.sk\/sk\/stravovanie-ubytovanie-areali-termalneho-kupaliska-velky-meder\/#primaryimage\"},\"image\":{\"@id\":\"https:\/\/www.hotelaqua.sk\/sk\/stravovanie-ubytovanie-areali-termalneho-kupaliska-velky-meder\/#primaryimage\"},\"thumbnailUrl\":\"https:\/\/www.hotelaqua.sk\/wp-content\/uploads\/2015\/12\/DSC_0110-e1481544478751.jpg\",\"datePublished\":\"2015-10-26T20:52:25+00:00\",\"dateModified\":\"2016-12-12T12:08:05+00:00\",\"breadcrumb\":{\"@id\":\"https:\/\/www.hotelaqua.sk\/sk\/stravovanie-ubytovanie-areali-termalneho-kupaliska-velky-meder\/#breadcrumb\"},\"inLanguage\":\"sk-SK\",\"potentialAction\":[{\"@type\":\"ReadAction\",\"target\":[\"https:\/\/www.hotelaqua.sk\/sk\/stravovanie-ubytovanie-areali-termalneho-kupaliska-velky-meder\/\"]}]},{\"@type\":\"ImageObject\",\"inLanguage\":\"sk-SK\",\"@id\":\"https:\/\/www.hotelaqua.sk\/sk\/stravovanie-ubytovanie-areali-termalneho-kupaliska-velky-meder\/#primaryimage\",\"url\":\"https:\/\/www.hotelaqua.sk\/wp-content\/uploads\/2015\/12\/DSC_0110-e1481544478751.jpg\",\"contentUrl\":\"https:\/\/www.hotelaqua.sk\/wp-content\/uploads\/2015\/12\/DSC_0110-e1481544478751.jpg\",\"width\":1920,\"height\":1280},{\"@type\":\"BreadcrumbList\",\"@id\":\"https:\/\/www.hotelaqua.sk\/sk\/stravovanie-ubytovanie-areali-termalneho-kupaliska-velky-meder\/#breadcrumb\",\"itemListElement\":[{\"@type\":\"ListItem\",\"position\":1,\"name\":\"Domovsk\u00e1 str\u00e1nka\",\"item\":\"https:\/\/www.hotelaqua.sk\/sk\/\"},{\"@type\":\"ListItem\",\"position\":2,\"name\":\"Stravovanie\"}]},{\"@type\":\"WebSite\",\"@id\":\"https:\/\/www.hotelaqua.sk\/sk\/#website\",\"url\":\"https:\/\/www.hotelaqua.sk\/sk\/\",\"name\":\"HOTEL AQUA VARGA ***\",\"description\":\"Hotel v bl\u00edzkosti term\u00e1lneho k\u00fapaliska vo Ve\u013ekom Mederi\",\"potentialAction\":[{\"@type\":\"SearchAction\",\"target\":{\"@type\":\"EntryPoint\",\"urlTemplate\":\"https:\/\/www.hotelaqua.sk\/sk\/?s={search_term_string}\"},\"query-input\":{\"@type\":\"PropertyValueSpecification\",\"valueRequired\":true,\"valueName\":\"search_term_string\"}}],\"inLanguage\":\"sk-SK\"}]}<\/script>\n<!-- \/ Yoast SEO plugin. -->","yoast_head_json":{"title":"HOTEL AQUA VARGA *** - Ubytovanie v are\u00e1li term\u00e1lneho k\u00fapaliska","robots":{"index":"index","follow":"follow","max-snippet":"max-snippet:-1","max-image-preview":"max-image-preview:large","max-video-preview":"max-video-preview:-1"},"canonical":"https:\/\/www.hotelaqua.sk\/sk\/stravovanie-ubytovanie-areali-termalneho-kupaliska-velky-meder\/","og_locale":"sk_SK","og_type":"article","og_title":"HOTEL AQUA VARGA *** - Ubytovanie v are\u00e1li term\u00e1lneho k\u00fapaliska","og_description":"Strava je formou bohat\u00fdch \u0161v\u00e9dskych stolov, pod\u00e1va oproti vchodu hotela v re\u0161taur\u00e1cii Hotela Thermal Varga ***. Pohodlne, pe\u0161i (30 metrov) sa cez pekn\u00fd hotelov\u00fd park prech\u00e1dzkou dostanete do re\u0161taur\u00e1cie na ra\u0148ajky a ve\u010dere.","og_url":"https:\/\/www.hotelaqua.sk\/sk\/stravovanie-ubytovanie-areali-termalneho-kupaliska-velky-meder\/","og_site_name":"HOTEL AQUA VARGA ***","article_modified_time":"2016-12-12T12:08:05+00:00","og_image":[{"width":1920,"height":1280,"url":"https:\/\/www.hotelaqua.sk\/wp-content\/uploads\/2015\/12\/DSC_0110-e1481544478751.jpg","type":"image\/jpeg"}],"twitter_misc":{"Predpokladan\u00fd \u010das \u010d\u00edtania":"1 min\u00fata"},"schema":{"@context":"https:\/\/schema.org","@graph":[{"@type":"WebPage","@id":"https:\/\/www.hotelaqua.sk\/sk\/stravovanie-ubytovanie-areali-termalneho-kupaliska-velky-meder\/","url":"https:\/\/www.hotelaqua.sk\/sk\/stravovanie-ubytovanie-areali-termalneho-kupaliska-velky-meder\/","name":"HOTEL AQUA VARGA *** - Ubytovanie v are\u00e1li term\u00e1lneho k\u00fapaliska","isPartOf":{"@id":"https:\/\/www.hotelaqua.sk\/sk\/#website"},"primaryImageOfPage":{"@id":"https:\/\/www.hotelaqua.sk\/sk\/stravovanie-ubytovanie-areali-termalneho-kupaliska-velky-meder\/#primaryimage"},"image":{"@id":"https:\/\/www.hotelaqua.sk\/sk\/stravovanie-ubytovanie-areali-termalneho-kupaliska-velky-meder\/#primaryimage"},"thumbnailUrl":"https:\/\/www.hotelaqua.sk\/wp-content\/uploads\/2015\/12\/DSC_0110-e1481544478751.jpg","datePublished":"2015-10-26T20:52:25+00:00","dateModified":"2016-12-12T12:08:05+00:00","breadcrumb":{"@id":"https:\/\/www.hotelaqua.sk\/sk\/stravovanie-ubytovanie-areali-termalneho-kupaliska-velky-meder\/#breadcrumb"},"inLanguage":"sk-SK","potentialAction":[{"@type":"ReadAction","target":["https:\/\/www.hotelaqua.sk\/sk\/stravovanie-ubytovanie-areali-termalneho-kupaliska-velky-meder\/"]}]},{"@type":"ImageObject","inLanguage":"sk-SK","@id":"https:\/\/www.hotelaqua.sk\/sk\/stravovanie-ubytovanie-areali-termalneho-kupaliska-velky-meder\/#primaryimage","url":"https:\/\/www.hotelaqua.sk\/wp-content\/uploads\/2015\/12\/DSC_0110-e1481544478751.jpg","contentUrl":"https:\/\/www.hotelaqua.sk\/wp-content\/uploads\/2015\/12\/DSC_0110-e1481544478751.jpg","width":1920,"height":1280},{"@type":"BreadcrumbList","@id":"https:\/\/www.hotelaqua.sk\/sk\/stravovanie-ubytovanie-areali-termalneho-kupaliska-velky-meder\/#breadcrumb","itemListElement":[{"@type":"ListItem","position":1,"name":"Domovsk\u00e1 str\u00e1nka","item":"https:\/\/www.hotelaqua.sk\/sk\/"},{"@type":"ListItem","position":2,"name":"Stravovanie"}]},{"@type":"WebSite","@id":"https:\/\/www.hotelaqua.sk\/sk\/#website","url":"https:\/\/www.hotelaqua.sk\/sk\/","name":"HOTEL AQUA VARGA ***","description":"Hotel v bl\u00edzkosti term\u00e1lneho k\u00fapaliska vo Ve\u013ekom Mederi","potentialAction":[{"@type":"SearchAction","target":{"@type":"EntryPoint","urlTemplate":"https:\/\/www.hotelaqua.sk\/sk\/?s={search_term_string}"},"query-input":{"@type":"PropertyValueSpecification","valueRequired":true,"valueName":"search_term_string"}}],"inLanguage":"sk-SK"}]}},"_links":{"self":[{"href":"https:\/\/www.hotelaqua.sk\/sk\/wp-json\/wp\/v2\/pages\/6","targetHints":{"allow":["GET"]}}],"collection":[{"href":"https:\/\/www.hotelaqua.sk\/sk\/wp-json\/wp\/v2\/pages"}],"about":[{"href":"https:\/\/www.hotelaqua.sk\/sk\/wp-json\/wp\/v2\/types\/page"}],"author":[{"embeddable":true,"href":"https:\/\/www.hotelaqua.sk\/sk\/wp-json\/wp\/v2\/users\/1"}],"replies":[{"embeddable":true,"href":"https:\/\/www.hotelaqua.sk\/sk\/wp-json\/wp\/v2\/comments?post=6"}],"version-history":[{"count":13,"href":"https:\/\/www.hotelaqua.sk\/sk\/wp-json\/wp\/v2\/pages\/6\/revisions"}],"predecessor-version":[{"id":574,"href":"https:\/\/www.hotelaqua.sk\/sk\/wp-json\/wp\/v2\/pages\/6\/revisions\/574"}],"wp:featuredmedia":[{"embeddable":true,"href":"https:\/\/www.hotelaqua.sk\/sk\/wp-json\/wp\/v2\/media\/280"}],"wp:attachment":[{"href":"https:\/\/www.hotelaqua.sk\/sk\/wp-json\/wp\/v2\/media?parent=6"}],"curies":[{"name":"wp","href":"https:\/\/api.w.org\/{rel}","templated":true}]}}