{"id":4,"date":"2015-10-26T22:52:09","date_gmt":"2015-10-26T20:52:09","guid":{"rendered":"http:\/\/127.0.0.1:8445\/?page_id=4"},"modified":"2018-11-20T21:57:13","modified_gmt":"2018-11-20T20:57:13","slug":"ubytovanie-velky-meder","status":"publish","type":"page","link":"https:\/\/www.hotelaqua.sk\/sk\/ubytovanie-velky-meder\/","title":{"rendered":"Ubytovanie Ve\u013ek\u00fd Meder"},"content":{"rendered":"<h2>Hotel Aqua ***, Va\u0161a bezstarostn\u00e1 dovolenka.<\/h2>\n<h3>Ubytovanie 100m od term\u00e1lneho k\u00fapaliska v Hotel Aqua ***<\/h3>\n<p>Ubytovanie v tesnej bl\u00edzkosti term\u00e1lneho k\u00fapaliska. N\u00e1\u0161 hotel na promen\u00e1de term\u00e1lneho k\u00fapaliska Ve\u013ek\u00fd Meder, obklopen\u00fd zele\u0148ou, V\u00e1m zabezpe\u010d\u00ed pr\u00edjemn\u00fa bezstarostn\u00fa dovolenku. Ubytovanie Ve\u013ek\u00fd Meder, to je ubytovanie Hotel Aqua * * *.<\/p>\n","protected":false},"excerpt":{"rendered":"<p>Ubytovanie pri are\u00e1li h\u013eadajte v Hotel AQUA cenn\u00edk, Hoteli Thermal Varga, Vila Termal. Super wellness dovolenka pre rodiny s de\u0165mi pri are\u00e1li term\u00e1lneho k\u00fapaliska Ve\u013eky Meder. Tobog\u00e1nov\u00e9 \u0161ialenstvo je modern\u00fd komplex tobog\u00e1nov\u00fdch \u0161m\u00fdka\u010diek. Ak niekomu tento adrenal\u00edn nesta\u010d\u00ed, m\u00f4\u017ee si vysk\u00fa\u0161a\u0165 lanov\u00fa dr\u00e1hu Tarz\u00e1nia, v korun\u00e1ch vysok\u00fdch stromov Ve\u013ekomedersk\u00e9ho lesoparku. Pl\u00e1\u017eov\u00fd volejbal, nohejbal, monigolf a stoln\u00fd futbal nem\u00f4\u017eu ch\u00fdba\u0165.<\/p>\n","protected":false},"author":1,"featured_media":1660,"parent":0,"menu_order":0,"comment_status":"closed","ping_status":"closed","template":"","meta":{"footnotes":""},"class_list":["post-4","page","type-page","status-publish","has-post-thumbnail","hentry"],"yoast_head":"<!-- This site is optimized with the Yoast SEO plugin v25.3.1 - https:\/\/yoast.com\/wordpress\/plugins\/seo\/ -->\n<title>HOTEL AQUA VARGA *** - Cenn\u00edk, Ve\u013ek\u00fd Meder ubytovanie pri are\u00e1li k\u00fapaliska<\/title>\n<meta name=\"robots\" content=\"index, follow, max-snippet:-1, max-image-preview:large, max-video-preview:-1\" \/>\n<link rel=\"canonical\" href=\"https:\/\/www.hotelaqua.sk\/sk\/ubytovanie-velky-meder\/\" \/>\n<meta property=\"og:locale\" content=\"sk_SK\" \/>\n<meta property=\"og:type\" content=\"article\" \/>\n<meta property=\"og:title\" content=\"HOTEL AQUA VARGA *** - Cenn\u00edk, Ve\u013ek\u00fd Meder ubytovanie pri are\u00e1li k\u00fapaliska\" \/>\n<meta property=\"og:description\" content=\"Ubytovanie pri are\u00e1li h\u013eadajte v Hotel AQUA cenn\u00edk, Hoteli Thermal Varga, Vila Termal. Super wellness dovolenka pre rodiny s de\u0165mi pri are\u00e1li term\u00e1lneho k\u00fapaliska Ve\u013eky Meder. Tobog\u00e1nov\u00e9 \u0161ialenstvo je modern\u00fd komplex tobog\u00e1nov\u00fdch \u0161m\u00fdka\u010diek. Ak niekomu tento adrenal\u00edn nesta\u010d\u00ed, m\u00f4\u017ee si vysk\u00fa\u0161a\u0165 lanov\u00fa dr\u00e1hu Tarz\u00e1nia, v korun\u00e1ch vysok\u00fdch stromov Ve\u013ekomedersk\u00e9ho lesoparku. Pl\u00e1\u017eov\u00fd volejbal, nohejbal, monigolf a stoln\u00fd futbal nem\u00f4\u017eu ch\u00fdba\u0165.\" \/>\n<meta property=\"og:url\" content=\"https:\/\/www.hotelaqua.sk\/sk\/ubytovanie-velky-meder\/\" \/>\n<meta property=\"og:site_name\" content=\"HOTEL AQUA VARGA ***\" \/>\n<meta property=\"article:modified_time\" content=\"2018-11-20T20:57:13+00:00\" \/>\n<meta property=\"og:image\" content=\"https:\/\/www.hotelaqua.sk\/wp-content\/uploads\/2018\/09\/MG_1277-1024x683.jpg\" \/>\n\t<meta property=\"og:image:width\" content=\"1024\" \/>\n\t<meta property=\"og:image:height\" content=\"683\" \/>\n\t<meta property=\"og:image:type\" content=\"image\/jpeg\" \/>\n<script type=\"application\/ld+json\" class=\"yoast-schema-graph\">{\"@context\":\"https:\/\/schema.org\",\"@graph\":[{\"@type\":\"WebPage\",\"@id\":\"https:\/\/www.hotelaqua.sk\/sk\/ubytovanie-velky-meder\/\",\"url\":\"https:\/\/www.hotelaqua.sk\/sk\/ubytovanie-velky-meder\/\",\"name\":\"HOTEL AQUA VARGA *** - Cenn\u00edk, Ve\u013ek\u00fd Meder ubytovanie pri are\u00e1li k\u00fapaliska\",\"isPartOf\":{\"@id\":\"https:\/\/www.hotelaqua.sk\/sk\/#website\"},\"primaryImageOfPage\":{\"@id\":\"https:\/\/www.hotelaqua.sk\/sk\/ubytovanie-velky-meder\/#primaryimage\"},\"image\":{\"@id\":\"https:\/\/www.hotelaqua.sk\/sk\/ubytovanie-velky-meder\/#primaryimage\"},\"thumbnailUrl\":\"https:\/\/www.hotelaqua.sk\/wp-content\/uploads\/2018\/09\/MG_1277.jpg\",\"datePublished\":\"2015-10-26T20:52:09+00:00\",\"dateModified\":\"2018-11-20T20:57:13+00:00\",\"breadcrumb\":{\"@id\":\"https:\/\/www.hotelaqua.sk\/sk\/ubytovanie-velky-meder\/#breadcrumb\"},\"inLanguage\":\"sk-SK\",\"potentialAction\":[{\"@type\":\"ReadAction\",\"target\":[\"https:\/\/www.hotelaqua.sk\/sk\/ubytovanie-velky-meder\/\"]}]},{\"@type\":\"ImageObject\",\"inLanguage\":\"sk-SK\",\"@id\":\"https:\/\/www.hotelaqua.sk\/sk\/ubytovanie-velky-meder\/#primaryimage\",\"url\":\"https:\/\/www.hotelaqua.sk\/wp-content\/uploads\/2018\/09\/MG_1277.jpg\",\"contentUrl\":\"https:\/\/www.hotelaqua.sk\/wp-content\/uploads\/2018\/09\/MG_1277.jpg\",\"width\":2600,\"height\":1733,\"caption\":\"de lux apartm\u00e1n s v\u00edrivkou a saunou\"},{\"@type\":\"BreadcrumbList\",\"@id\":\"https:\/\/www.hotelaqua.sk\/sk\/ubytovanie-velky-meder\/#breadcrumb\",\"itemListElement\":[{\"@type\":\"ListItem\",\"position\":1,\"name\":\"Domovsk\u00e1 str\u00e1nka\",\"item\":\"https:\/\/www.hotelaqua.sk\/sk\/\"},{\"@type\":\"ListItem\",\"position\":2,\"name\":\"Ubytovanie Ve\u013ek\u00fd Meder\"}]},{\"@type\":\"WebSite\",\"@id\":\"https:\/\/www.hotelaqua.sk\/sk\/#website\",\"url\":\"https:\/\/www.hotelaqua.sk\/sk\/\",\"name\":\"HOTEL AQUA VARGA ***\",\"description\":\"Hotel v bl\u00edzkosti term\u00e1lneho k\u00fapaliska vo Ve\u013ekom Mederi\",\"potentialAction\":[{\"@type\":\"SearchAction\",\"target\":{\"@type\":\"EntryPoint\",\"urlTemplate\":\"https:\/\/www.hotelaqua.sk\/sk\/?s={search_term_string}\"},\"query-input\":{\"@type\":\"PropertyValueSpecification\",\"valueRequired\":true,\"valueName\":\"search_term_string\"}}],\"inLanguage\":\"sk-SK\"}]}<\/script>\n<!-- \/ Yoast SEO plugin. -->","yoast_head_json":{"title":"HOTEL AQUA VARGA *** - Cenn\u00edk, Ve\u013ek\u00fd Meder ubytovanie pri are\u00e1li k\u00fapaliska","robots":{"index":"index","follow":"follow","max-snippet":"max-snippet:-1","max-image-preview":"max-image-preview:large","max-video-preview":"max-video-preview:-1"},"canonical":"https:\/\/www.hotelaqua.sk\/sk\/ubytovanie-velky-meder\/","og_locale":"sk_SK","og_type":"article","og_title":"HOTEL AQUA VARGA *** - Cenn\u00edk, Ve\u013ek\u00fd Meder ubytovanie pri are\u00e1li k\u00fapaliska","og_description":"Ubytovanie pri are\u00e1li h\u013eadajte v Hotel AQUA cenn\u00edk, Hoteli Thermal Varga, Vila Termal. Super wellness dovolenka pre rodiny s de\u0165mi pri are\u00e1li term\u00e1lneho k\u00fapaliska Ve\u013eky Meder. Tobog\u00e1nov\u00e9 \u0161ialenstvo je modern\u00fd komplex tobog\u00e1nov\u00fdch \u0161m\u00fdka\u010diek. Ak niekomu tento adrenal\u00edn nesta\u010d\u00ed, m\u00f4\u017ee si vysk\u00fa\u0161a\u0165 lanov\u00fa dr\u00e1hu Tarz\u00e1nia, v korun\u00e1ch vysok\u00fdch stromov Ve\u013ekomedersk\u00e9ho lesoparku. Pl\u00e1\u017eov\u00fd volejbal, nohejbal, monigolf a stoln\u00fd futbal nem\u00f4\u017eu ch\u00fdba\u0165.","og_url":"https:\/\/www.hotelaqua.sk\/sk\/ubytovanie-velky-meder\/","og_site_name":"HOTEL AQUA VARGA ***","article_modified_time":"2018-11-20T20:57:13+00:00","og_image":[{"width":1024,"height":683,"url":"https:\/\/www.hotelaqua.sk\/wp-content\/uploads\/2018\/09\/MG_1277-1024x683.jpg","type":"image\/jpeg"}],"schema":{"@context":"https:\/\/schema.org","@graph":[{"@type":"WebPage","@id":"https:\/\/www.hotelaqua.sk\/sk\/ubytovanie-velky-meder\/","url":"https:\/\/www.hotelaqua.sk\/sk\/ubytovanie-velky-meder\/","name":"HOTEL AQUA VARGA *** - Cenn\u00edk, Ve\u013ek\u00fd Meder ubytovanie pri are\u00e1li k\u00fapaliska","isPartOf":{"@id":"https:\/\/www.hotelaqua.sk\/sk\/#website"},"primaryImageOfPage":{"@id":"https:\/\/www.hotelaqua.sk\/sk\/ubytovanie-velky-meder\/#primaryimage"},"image":{"@id":"https:\/\/www.hotelaqua.sk\/sk\/ubytovanie-velky-meder\/#primaryimage"},"thumbnailUrl":"https:\/\/www.hotelaqua.sk\/wp-content\/uploads\/2018\/09\/MG_1277.jpg","datePublished":"2015-10-26T20:52:09+00:00","dateModified":"2018-11-20T20:57:13+00:00","breadcrumb":{"@id":"https:\/\/www.hotelaqua.sk\/sk\/ubytovanie-velky-meder\/#breadcrumb"},"inLanguage":"sk-SK","potentialAction":[{"@type":"ReadAction","target":["https:\/\/www.hotelaqua.sk\/sk\/ubytovanie-velky-meder\/"]}]},{"@type":"ImageObject","inLanguage":"sk-SK","@id":"https:\/\/www.hotelaqua.sk\/sk\/ubytovanie-velky-meder\/#primaryimage","url":"https:\/\/www.hotelaqua.sk\/wp-content\/uploads\/2018\/09\/MG_1277.jpg","contentUrl":"https:\/\/www.hotelaqua.sk\/wp-content\/uploads\/2018\/09\/MG_1277.jpg","width":2600,"height":1733,"caption":"de lux apartm\u00e1n s v\u00edrivkou a saunou"},{"@type":"BreadcrumbList","@id":"https:\/\/www.hotelaqua.sk\/sk\/ubytovanie-velky-meder\/#breadcrumb","itemListElement":[{"@type":"ListItem","position":1,"name":"Domovsk\u00e1 str\u00e1nka","item":"https:\/\/www.hotelaqua.sk\/sk\/"},{"@type":"ListItem","position":2,"name":"Ubytovanie Ve\u013ek\u00fd Meder"}]},{"@type":"WebSite","@id":"https:\/\/www.hotelaqua.sk\/sk\/#website","url":"https:\/\/www.hotelaqua.sk\/sk\/","name":"HOTEL AQUA VARGA ***","description":"Hotel v bl\u00edzkosti term\u00e1lneho k\u00fapaliska vo Ve\u013ekom Mederi","potentialAction":[{"@type":"SearchAction","target":{"@type":"EntryPoint","urlTemplate":"https:\/\/www.hotelaqua.sk\/sk\/?s={search_term_string}"},"query-input":{"@type":"PropertyValueSpecification","valueRequired":true,"valueName":"search_term_string"}}],"inLanguage":"sk-SK"}]}},"_links":{"self":[{"href":"https:\/\/www.hotelaqua.sk\/sk\/wp-json\/wp\/v2\/pages\/4","targetHints":{"allow":["GET"]}}],"collection":[{"href":"https:\/\/www.hotelaqua.sk\/sk\/wp-json\/wp\/v2\/pages"}],"about":[{"href":"https:\/\/www.hotelaqua.sk\/sk\/wp-json\/wp\/v2\/types\/page"}],"author":[{"embeddable":true,"href":"https:\/\/www.hotelaqua.sk\/sk\/wp-json\/wp\/v2\/users\/1"}],"replies":[{"embeddable":true,"href":"https:\/\/www.hotelaqua.sk\/sk\/wp-json\/wp\/v2\/comments?post=4"}],"version-history":[{"count":46,"href":"https:\/\/www.hotelaqua.sk\/sk\/wp-json\/wp\/v2\/pages\/4\/revisions"}],"predecessor-version":[{"id":1876,"href":"https:\/\/www.hotelaqua.sk\/sk\/wp-json\/wp\/v2\/pages\/4\/revisions\/1876"}],"wp:featuredmedia":[{"embeddable":true,"href":"https:\/\/www.hotelaqua.sk\/sk\/wp-json\/wp\/v2\/media\/1660"}],"wp:attachment":[{"href":"https:\/\/www.hotelaqua.sk\/sk\/wp-json\/wp\/v2\/media?parent=4"}],"curies":[{"name":"wp","href":"https:\/\/api.w.org\/{rel}","templated":true}]}}