{"id":296,"date":"2015-12-07T22:11:23","date_gmt":"2015-12-07T21:11:23","guid":{"rendered":"http:\/\/hotelaqua.htsys.sk\/?page_id=296"},"modified":"2018-10-24T06:46:50","modified_gmt":"2018-10-24T04:46:50","slug":"masaze-velky-meder","status":"publish","type":"page","link":"https:\/\/www.hotelaqua.sk\/sk\/masaze-velky-meder\/","title":{"rendered":"Mas\u00e1\u017ee a Kozmetika"},"content":{"rendered":"<h2>Kvalitn\u00e9 lie\u010debn\u00e9, klasick\u00e9 \u010di relaxa\u010dn\u00e9 mas\u00e1\u017ee<\/h2>\n<h3>Platba v hotovosti na recepcii mas\u00e1\u017eneho sal\u00f3nu Afrodita SPA<\/h3>\n<p><strong><span style=\"color: #0000ff; font-size: 14pt;\">Mas\u00e1\u017ene proced\u00fary tel.: +421908306558<\/span><\/strong><br \/>\n<span style=\"font-size: 14pt;\"><strong><span style=\"color: #008000;\">Kozmetick\u00e9 proced\u00fary tel.: +421908306558<\/span><\/strong><\/span><\/p>\n<p>Zverte sa do r\u00fak odborn\u00edkov a nechajte sa rozmazn\u00e1va\u0165 od hlavy a\u017e po p\u00e4ty \u0161ikovn\u00fdmi cielen\u00fdmi \u0165ahmi r\u00fak za uvo\u013enen\u00edm a skr\u00e1\u0161\u013eovan\u00edm tela, ale i mysle. Zatvorte na chv\u00ed\u013eu dvere pred cel\u00fdm svetom a doprajte si chv\u00edle len pre seba. Na\u010derpajte silu, energiu a kr\u00e1su jednou z na\u0161ich wellness proced\u00far a mas\u00e1\u017e\u00ed.<\/p>\n<p>V\u0161etky wellness pobyty Ve\u013ek\u00fd Meder s\u00fa pripraven\u00e9 tak, aby \u010dloveka naviedli k zdrav\u0161iemu \u0161t\u00fdlu \u017eivota a to vo v\u0161etk\u00fdch jeho sf\u00e9rach . Wellness bal\u00ed\u010dky s\u00fa zlo\u017een\u00e9 z \u013eah\u0161\u00edch wellness proced\u00far, pl\u00e1vania . Zme\u0148te svoj \u017eivot od z\u00e1kladov a relaxujte v Hotel AQUA *** a Hoteli Thermal Varga *** .<\/p>\n<div class=\"rgg-container\" data-rgg-id=\"1\">    <div class=\"rgg-imagegrid captions-title captions-effect-none \" data-rgg-id=\"1\">\n                    <a href=\"https:\/\/www.hotelaqua.sk\/wp-content\/uploads\/2015\/12\/masaz_muslami2.jpg\" data-rel=\"rgg\" rel=\"rgg\" title=\"\" class=\"rgg-disabled size-medium rgg-img\" data-src=\"https:\/\/www.hotelaqua.sk\/wp-content\/uploads\/2015\/12\/masaz_muslami2-300x201.jpg\" data-ratio=\"1.49253731343\" data-height=\"201\" data-width=\"300\" aria-label=\"\">\n                            <\/a>\n                    <a href=\"https:\/\/www.hotelaqua.sk\/wp-content\/uploads\/2015\/12\/Fotolia_59820219_Subscription_XXL.jpg\" data-rel=\"rgg\" rel=\"rgg\" title=\"\" class=\"rgg-disabled size-medium rgg-img\" data-src=\"https:\/\/www.hotelaqua.sk\/wp-content\/uploads\/2015\/12\/Fotolia_59820219_Subscription_XXL-300x199.jpg\" data-ratio=\"1.50753768844\" data-height=\"199\" data-width=\"300\" aria-label=\"\">\n                            <\/a>\n                    <a href=\"https:\/\/www.hotelaqua.sk\/wp-content\/uploads\/2015\/12\/url-1024x769.jpg\" data-rel=\"rgg\" rel=\"rgg\" title=\"\" class=\"rgg-disabled size-medium rgg-img\" data-src=\"https:\/\/www.hotelaqua.sk\/wp-content\/uploads\/2015\/12\/url-300x225.jpg\" data-ratio=\"1.33333333333\" data-height=\"225\" data-width=\"300\" aria-label=\"\">\n                            <\/a>\n                    <a href=\"https:\/\/www.hotelaqua.sk\/wp-content\/uploads\/2018\/10\/3702334-8bbda6-1024x512.jpg\" data-rel=\"rgg\" rel=\"rgg\" title=\"kozmetick&eacute; proced&uacute;ry Ve\u013ek&yacute; Meder Afrodita kozmetick&yacute; sal&oacute;n spa\" class=\"rgg-disabled size-medium rgg-img\" data-src=\"https:\/\/www.hotelaqua.sk\/wp-content\/uploads\/2018\/10\/3702334-8bbda6-300x150.jpg\" data-ratio=\"2\" data-height=\"150\" data-width=\"300\" aria-label=\"kozmetick\u00e9 proced\u00fary Ve\u013ek\u00fd Meder Afrodita kozmetick\u00fd sal\u00f3n spa\">\n                            <\/a>\n                    <a href=\"https:\/\/www.hotelaqua.sk\/wp-content\/uploads\/2018\/10\/3701596-eeb5a0-1024x683.jpg\" data-rel=\"rgg\" rel=\"rgg\" title=\"kozmetick&eacute; proced&uacute;ry Ve\u013ek&yacute; Meder Afrodita kozmetick&yacute; sal&oacute;n spa\" class=\"rgg-disabled size-medium rgg-img\" data-src=\"https:\/\/www.hotelaqua.sk\/wp-content\/uploads\/2018\/10\/3701596-eeb5a0-300x200.jpg\" data-ratio=\"1.5\" data-height=\"200\" data-width=\"300\" aria-label=\"kozmetick\u00e9 proced\u00fary Ve\u013ek\u00fd Meder Afrodita kozmetick\u00fd sal\u00f3n spa\">\n                            <\/a>\n                    <a href=\"https:\/\/www.hotelaqua.sk\/wp-content\/uploads\/2018\/10\/3701600-eeb5a0-1024x682.jpg\" data-rel=\"rgg\" rel=\"rgg\" title=\"kozmetick&eacute; proced&uacute;ry Ve\u013ek&yacute; Meder Afrodita kozmetick&yacute; sal&oacute;n spa\" class=\"rgg-disabled size-medium rgg-img\" data-src=\"https:\/\/www.hotelaqua.sk\/wp-content\/uploads\/2018\/10\/3701600-eeb5a0-300x200.jpg\" data-ratio=\"1.5\" data-height=\"200\" data-width=\"300\" aria-label=\"kozmetick\u00e9 proced\u00fary Ve\u013ek\u00fd Meder Afrodita kozmetick\u00fd sal\u00f3n spa\">\n                            <\/a>\n            <\/div>\n<\/div>\n<h4>Kontakt mas\u00e1\u017ee, kozmetika<br \/>\nPromen\u00e1dna 595\/1<br \/>\n93201 Ve\u013ek\u00fd Meder<br \/>\n+421908306558<br \/>\n+421917460625<br \/>\n<a href=\"mailto:info@hotelthermal.sk\">info@hotelthermal.sk<\/a><\/h4>\n","protected":false},"excerpt":{"rendered":"<p>Odd\u00fdchnite si a zregenerujte sa v na\u0161ich term\u00e1lnych prame\u0148och Thermal Corvinus, term\u00e1lneho k\u00fapaliska vo Ve\u013ekom Mederi.<\/p>\n","protected":false},"author":1,"featured_media":935,"parent":0,"menu_order":0,"comment_status":"closed","ping_status":"closed","template":"","meta":{"footnotes":""},"class_list":["post-296","page","type-page","status-publish","has-post-thumbnail","hentry"],"yoast_head":"<!-- This site is optimized with the Yoast SEO plugin v25.3.1 - https:\/\/yoast.com\/wordpress\/plugins\/seo\/ -->\n<title>HOTEL AQUA VARGA *** - Term\u00e1lne k\u00fapalisko Ve\u013ek\u00fd Meder<\/title>\n<meta name=\"robots\" content=\"index, follow, max-snippet:-1, max-image-preview:large, max-video-preview:-1\" \/>\n<link rel=\"canonical\" href=\"https:\/\/www.hotelaqua.sk\/sk\/masaze-velky-meder\/\" \/>\n<meta property=\"og:locale\" content=\"sk_SK\" \/>\n<meta property=\"og:type\" content=\"article\" \/>\n<meta property=\"og:title\" content=\"HOTEL AQUA VARGA *** - Term\u00e1lne k\u00fapalisko Ve\u013ek\u00fd Meder\" \/>\n<meta property=\"og:description\" content=\"Odd\u00fdchnite si a zregenerujte sa v na\u0161ich term\u00e1lnych prame\u0148och Thermal Corvinus, term\u00e1lneho k\u00fapaliska vo Ve\u013ekom Mederi.\" \/>\n<meta property=\"og:url\" content=\"https:\/\/www.hotelaqua.sk\/sk\/masaze-velky-meder\/\" \/>\n<meta property=\"og:site_name\" content=\"HOTEL AQUA VARGA ***\" \/>\n<meta property=\"article:modified_time\" content=\"2018-10-24T04:46:50+00:00\" \/>\n<meta property=\"og:image\" content=\"https:\/\/www.hotelaqua.sk\/wp-content\/uploads\/2015\/12\/RAC5685-e1481544508923.jpg\" \/>\n\t<meta property=\"og:image:width\" content=\"1920\" \/>\n\t<meta property=\"og:image:height\" content=\"1282\" \/>\n\t<meta property=\"og:image:type\" content=\"image\/jpeg\" \/>\n<meta name=\"twitter:label1\" content=\"Predpokladan\u00fd \u010das \u010d\u00edtania\" \/>\n\t<meta name=\"twitter:data1\" content=\"1 min\u00fata\" \/>\n<script type=\"application\/ld+json\" class=\"yoast-schema-graph\">{\"@context\":\"https:\/\/schema.org\",\"@graph\":[{\"@type\":\"WebPage\",\"@id\":\"https:\/\/www.hotelaqua.sk\/sk\/masaze-velky-meder\/\",\"url\":\"https:\/\/www.hotelaqua.sk\/sk\/masaze-velky-meder\/\",\"name\":\"HOTEL AQUA VARGA *** - Term\u00e1lne k\u00fapalisko Ve\u013ek\u00fd Meder\",\"isPartOf\":{\"@id\":\"https:\/\/www.hotelaqua.sk\/sk\/#website\"},\"primaryImageOfPage\":{\"@id\":\"https:\/\/www.hotelaqua.sk\/sk\/masaze-velky-meder\/#primaryimage\"},\"image\":{\"@id\":\"https:\/\/www.hotelaqua.sk\/sk\/masaze-velky-meder\/#primaryimage\"},\"thumbnailUrl\":\"https:\/\/www.hotelaqua.sk\/wp-content\/uploads\/2015\/12\/RAC5685-e1481544508923.jpg\",\"datePublished\":\"2015-12-07T21:11:23+00:00\",\"dateModified\":\"2018-10-24T04:46:50+00:00\",\"breadcrumb\":{\"@id\":\"https:\/\/www.hotelaqua.sk\/sk\/masaze-velky-meder\/#breadcrumb\"},\"inLanguage\":\"sk-SK\",\"potentialAction\":[{\"@type\":\"ReadAction\",\"target\":[\"https:\/\/www.hotelaqua.sk\/sk\/masaze-velky-meder\/\"]}]},{\"@type\":\"ImageObject\",\"inLanguage\":\"sk-SK\",\"@id\":\"https:\/\/www.hotelaqua.sk\/sk\/masaze-velky-meder\/#primaryimage\",\"url\":\"https:\/\/www.hotelaqua.sk\/wp-content\/uploads\/2015\/12\/RAC5685-e1481544508923.jpg\",\"contentUrl\":\"https:\/\/www.hotelaqua.sk\/wp-content\/uploads\/2015\/12\/RAC5685-e1481544508923.jpg\",\"width\":1920,\"height\":1282,\"caption\":\"Sauna a proced\u00fary\"},{\"@type\":\"BreadcrumbList\",\"@id\":\"https:\/\/www.hotelaqua.sk\/sk\/masaze-velky-meder\/#breadcrumb\",\"itemListElement\":[{\"@type\":\"ListItem\",\"position\":1,\"name\":\"Domovsk\u00e1 str\u00e1nka\",\"item\":\"https:\/\/www.hotelaqua.sk\/sk\/\"},{\"@type\":\"ListItem\",\"position\":2,\"name\":\"Mas\u00e1\u017ee a Kozmetika\"}]},{\"@type\":\"WebSite\",\"@id\":\"https:\/\/www.hotelaqua.sk\/sk\/#website\",\"url\":\"https:\/\/www.hotelaqua.sk\/sk\/\",\"name\":\"HOTEL AQUA VARGA ***\",\"description\":\"Hotel v bl\u00edzkosti term\u00e1lneho k\u00fapaliska vo Ve\u013ekom Mederi\",\"potentialAction\":[{\"@type\":\"SearchAction\",\"target\":{\"@type\":\"EntryPoint\",\"urlTemplate\":\"https:\/\/www.hotelaqua.sk\/sk\/?s={search_term_string}\"},\"query-input\":{\"@type\":\"PropertyValueSpecification\",\"valueRequired\":true,\"valueName\":\"search_term_string\"}}],\"inLanguage\":\"sk-SK\"}]}<\/script>\n<!-- \/ Yoast SEO plugin. -->","yoast_head_json":{"title":"HOTEL AQUA VARGA *** - Term\u00e1lne k\u00fapalisko Ve\u013ek\u00fd Meder","robots":{"index":"index","follow":"follow","max-snippet":"max-snippet:-1","max-image-preview":"max-image-preview:large","max-video-preview":"max-video-preview:-1"},"canonical":"https:\/\/www.hotelaqua.sk\/sk\/masaze-velky-meder\/","og_locale":"sk_SK","og_type":"article","og_title":"HOTEL AQUA VARGA *** - Term\u00e1lne k\u00fapalisko Ve\u013ek\u00fd Meder","og_description":"Odd\u00fdchnite si a zregenerujte sa v na\u0161ich term\u00e1lnych prame\u0148och Thermal Corvinus, term\u00e1lneho k\u00fapaliska vo Ve\u013ekom Mederi.","og_url":"https:\/\/www.hotelaqua.sk\/sk\/masaze-velky-meder\/","og_site_name":"HOTEL AQUA VARGA ***","article_modified_time":"2018-10-24T04:46:50+00:00","og_image":[{"width":1920,"height":1282,"url":"https:\/\/www.hotelaqua.sk\/wp-content\/uploads\/2015\/12\/RAC5685-e1481544508923.jpg","type":"image\/jpeg"}],"twitter_misc":{"Predpokladan\u00fd \u010das \u010d\u00edtania":"1 min\u00fata"},"schema":{"@context":"https:\/\/schema.org","@graph":[{"@type":"WebPage","@id":"https:\/\/www.hotelaqua.sk\/sk\/masaze-velky-meder\/","url":"https:\/\/www.hotelaqua.sk\/sk\/masaze-velky-meder\/","name":"HOTEL AQUA VARGA *** - Term\u00e1lne k\u00fapalisko Ve\u013ek\u00fd Meder","isPartOf":{"@id":"https:\/\/www.hotelaqua.sk\/sk\/#website"},"primaryImageOfPage":{"@id":"https:\/\/www.hotelaqua.sk\/sk\/masaze-velky-meder\/#primaryimage"},"image":{"@id":"https:\/\/www.hotelaqua.sk\/sk\/masaze-velky-meder\/#primaryimage"},"thumbnailUrl":"https:\/\/www.hotelaqua.sk\/wp-content\/uploads\/2015\/12\/RAC5685-e1481544508923.jpg","datePublished":"2015-12-07T21:11:23+00:00","dateModified":"2018-10-24T04:46:50+00:00","breadcrumb":{"@id":"https:\/\/www.hotelaqua.sk\/sk\/masaze-velky-meder\/#breadcrumb"},"inLanguage":"sk-SK","potentialAction":[{"@type":"ReadAction","target":["https:\/\/www.hotelaqua.sk\/sk\/masaze-velky-meder\/"]}]},{"@type":"ImageObject","inLanguage":"sk-SK","@id":"https:\/\/www.hotelaqua.sk\/sk\/masaze-velky-meder\/#primaryimage","url":"https:\/\/www.hotelaqua.sk\/wp-content\/uploads\/2015\/12\/RAC5685-e1481544508923.jpg","contentUrl":"https:\/\/www.hotelaqua.sk\/wp-content\/uploads\/2015\/12\/RAC5685-e1481544508923.jpg","width":1920,"height":1282,"caption":"Sauna a proced\u00fary"},{"@type":"BreadcrumbList","@id":"https:\/\/www.hotelaqua.sk\/sk\/masaze-velky-meder\/#breadcrumb","itemListElement":[{"@type":"ListItem","position":1,"name":"Domovsk\u00e1 str\u00e1nka","item":"https:\/\/www.hotelaqua.sk\/sk\/"},{"@type":"ListItem","position":2,"name":"Mas\u00e1\u017ee a Kozmetika"}]},{"@type":"WebSite","@id":"https:\/\/www.hotelaqua.sk\/sk\/#website","url":"https:\/\/www.hotelaqua.sk\/sk\/","name":"HOTEL AQUA VARGA ***","description":"Hotel v bl\u00edzkosti term\u00e1lneho k\u00fapaliska vo Ve\u013ekom Mederi","potentialAction":[{"@type":"SearchAction","target":{"@type":"EntryPoint","urlTemplate":"https:\/\/www.hotelaqua.sk\/sk\/?s={search_term_string}"},"query-input":{"@type":"PropertyValueSpecification","valueRequired":true,"valueName":"search_term_string"}}],"inLanguage":"sk-SK"}]}},"_links":{"self":[{"href":"https:\/\/www.hotelaqua.sk\/sk\/wp-json\/wp\/v2\/pages\/296","targetHints":{"allow":["GET"]}}],"collection":[{"href":"https:\/\/www.hotelaqua.sk\/sk\/wp-json\/wp\/v2\/pages"}],"about":[{"href":"https:\/\/www.hotelaqua.sk\/sk\/wp-json\/wp\/v2\/types\/page"}],"author":[{"embeddable":true,"href":"https:\/\/www.hotelaqua.sk\/sk\/wp-json\/wp\/v2\/users\/1"}],"replies":[{"embeddable":true,"href":"https:\/\/www.hotelaqua.sk\/sk\/wp-json\/wp\/v2\/comments?post=296"}],"version-history":[{"count":34,"href":"https:\/\/www.hotelaqua.sk\/sk\/wp-json\/wp\/v2\/pages\/296\/revisions"}],"predecessor-version":[{"id":1824,"href":"https:\/\/www.hotelaqua.sk\/sk\/wp-json\/wp\/v2\/pages\/296\/revisions\/1824"}],"wp:featuredmedia":[{"embeddable":true,"href":"https:\/\/www.hotelaqua.sk\/sk\/wp-json\/wp\/v2\/media\/935"}],"wp:attachment":[{"href":"https:\/\/www.hotelaqua.sk\/sk\/wp-json\/wp\/v2\/media?parent=296"}],"curies":[{"name":"wp","href":"https:\/\/api.w.org\/{rel}","templated":true}]}}