{"id":29,"date":"2015-11-04T22:52:57","date_gmt":"2015-11-04T20:52:57","guid":{"rendered":"http:\/\/127.0.0.1:8445\/?page_id=29"},"modified":"2019-03-26T10:05:39","modified_gmt":"2019-03-26T09:05:39","slug":"storno-vseobecne-obchodne-podmienky","status":"publish","type":"page","link":"https:\/\/www.hotelaqua.sk\/sk\/storno-vseobecne-obchodne-podmienky\/","title":{"rendered":"V\u0161eobecn\u00e9 obchodn\u00e9 podmienky storno"},"content":{"rendered":"<p>Kliknut\u00edm zv\u00e4\u010d\u0161\u00edte<br \/>\n<a href=\"https:\/\/www.hotelaqua.sk\/wp-content\/uploads\/2019\/03\/2017-VOP-storno-podmienky-Hotel-Thermal-Varga-a-Hotel-Aqua-1.pdf\" target=\"_blank\" rel=\"noopener\"><img decoding=\"async\" class=\"alignnone wp-image-375 size-full\" src=\"https:\/\/www.hotelaqua.sk\/wp-content\/uploads\/2019\/03\/vop.jpg\" alt=\"Storno podmienky Obchodn\u00e9-podmienky-VOP-Hotel-Thermal-Varga\" width=\"300\" height=\"auto\" \/><\/a><\/p>\n","protected":false},"excerpt":{"rendered":"<p>Kliknut\u00edm zv\u00e4\u010d\u0161\u00edte<\/p>\n","protected":false},"author":1,"featured_media":0,"parent":0,"menu_order":0,"comment_status":"closed","ping_status":"closed","template":"","meta":{"footnotes":""},"class_list":["post-29","page","type-page","status-publish","hentry"],"yoast_head":"<!-- This site is optimized with the Yoast SEO plugin v25.3.1 - https:\/\/yoast.com\/wordpress\/plugins\/seo\/ -->\n<title>V\u0161eobecn\u00e9 obchodn\u00e9 podmienky storno - HOTEL AQUA VARGA ***<\/title>\n<meta name=\"robots\" content=\"index, follow, max-snippet:-1, max-image-preview:large, max-video-preview:-1\" \/>\n<link rel=\"canonical\" href=\"https:\/\/www.hotelaqua.sk\/sk\/storno-vseobecne-obchodne-podmienky\/\" \/>\n<meta property=\"og:locale\" content=\"sk_SK\" \/>\n<meta property=\"og:type\" content=\"article\" \/>\n<meta property=\"og:title\" content=\"V\u0161eobecn\u00e9 obchodn\u00e9 podmienky storno - HOTEL AQUA VARGA ***\" \/>\n<meta property=\"og:description\" content=\"Kliknut\u00edm zv\u00e4\u010d\u0161\u00edte\" \/>\n<meta property=\"og:url\" content=\"https:\/\/www.hotelaqua.sk\/sk\/storno-vseobecne-obchodne-podmienky\/\" \/>\n<meta property=\"og:site_name\" content=\"HOTEL AQUA VARGA ***\" \/>\n<meta property=\"article:modified_time\" content=\"2019-03-26T09:05:39+00:00\" \/>\n<meta property=\"og:image\" content=\"https:\/\/www.hotelaqua.sk\/wp-content\/uploads\/2019\/03\/vop.jpg\" \/>\n<script type=\"application\/ld+json\" class=\"yoast-schema-graph\">{\"@context\":\"https:\/\/schema.org\",\"@graph\":[{\"@type\":\"WebPage\",\"@id\":\"https:\/\/www.hotelaqua.sk\/sk\/storno-vseobecne-obchodne-podmienky\/\",\"url\":\"https:\/\/www.hotelaqua.sk\/sk\/storno-vseobecne-obchodne-podmienky\/\",\"name\":\"V\u0161eobecn\u00e9 obchodn\u00e9 podmienky storno - HOTEL AQUA VARGA ***\",\"isPartOf\":{\"@id\":\"https:\/\/www.hotelaqua.sk\/sk\/#website\"},\"primaryImageOfPage\":{\"@id\":\"https:\/\/www.hotelaqua.sk\/sk\/storno-vseobecne-obchodne-podmienky\/#primaryimage\"},\"image\":{\"@id\":\"https:\/\/www.hotelaqua.sk\/sk\/storno-vseobecne-obchodne-podmienky\/#primaryimage\"},\"thumbnailUrl\":\"https:\/\/www.hotelaqua.sk\/wp-content\/uploads\/2019\/03\/vop.jpg\",\"datePublished\":\"2015-11-04T20:52:57+00:00\",\"dateModified\":\"2019-03-26T09:05:39+00:00\",\"breadcrumb\":{\"@id\":\"https:\/\/www.hotelaqua.sk\/sk\/storno-vseobecne-obchodne-podmienky\/#breadcrumb\"},\"inLanguage\":\"sk-SK\",\"potentialAction\":[{\"@type\":\"ReadAction\",\"target\":[\"https:\/\/www.hotelaqua.sk\/sk\/storno-vseobecne-obchodne-podmienky\/\"]}]},{\"@type\":\"ImageObject\",\"inLanguage\":\"sk-SK\",\"@id\":\"https:\/\/www.hotelaqua.sk\/sk\/storno-vseobecne-obchodne-podmienky\/#primaryimage\",\"url\":\"https:\/\/www.hotelaqua.sk\/wp-content\/uploads\/2019\/03\/vop.jpg\",\"contentUrl\":\"https:\/\/www.hotelaqua.sk\/wp-content\/uploads\/2019\/03\/vop.jpg\"},{\"@type\":\"BreadcrumbList\",\"@id\":\"https:\/\/www.hotelaqua.sk\/sk\/storno-vseobecne-obchodne-podmienky\/#breadcrumb\",\"itemListElement\":[{\"@type\":\"ListItem\",\"position\":1,\"name\":\"Domovsk\u00e1 str\u00e1nka\",\"item\":\"https:\/\/www.hotelaqua.sk\/cs\/\"},{\"@type\":\"ListItem\",\"position\":2,\"name\":\"V\u0161eobecn\u00e9 obchodn\u00e9 podmienky storno\"}]},{\"@type\":\"WebSite\",\"@id\":\"https:\/\/www.hotelaqua.sk\/sk\/#website\",\"url\":\"https:\/\/www.hotelaqua.sk\/sk\/\",\"name\":\"HOTEL AQUA VARGA ***\",\"description\":\"Hotel v bl\u00edzkosti term\u00e1lneho k\u00fapaliska vo Ve\u013ekom Mederi\",\"potentialAction\":[{\"@type\":\"SearchAction\",\"target\":{\"@type\":\"EntryPoint\",\"urlTemplate\":\"https:\/\/www.hotelaqua.sk\/sk\/?s={search_term_string}\"},\"query-input\":{\"@type\":\"PropertyValueSpecification\",\"valueRequired\":true,\"valueName\":\"search_term_string\"}}],\"inLanguage\":\"sk-SK\"}]}<\/script>\n<!-- \/ Yoast SEO plugin. -->","yoast_head_json":{"title":"V\u0161eobecn\u00e9 obchodn\u00e9 podmienky storno - HOTEL AQUA VARGA ***","robots":{"index":"index","follow":"follow","max-snippet":"max-snippet:-1","max-image-preview":"max-image-preview:large","max-video-preview":"max-video-preview:-1"},"canonical":"https:\/\/www.hotelaqua.sk\/sk\/storno-vseobecne-obchodne-podmienky\/","og_locale":"sk_SK","og_type":"article","og_title":"V\u0161eobecn\u00e9 obchodn\u00e9 podmienky storno - HOTEL AQUA VARGA ***","og_description":"Kliknut\u00edm zv\u00e4\u010d\u0161\u00edte","og_url":"https:\/\/www.hotelaqua.sk\/sk\/storno-vseobecne-obchodne-podmienky\/","og_site_name":"HOTEL AQUA VARGA ***","article_modified_time":"2019-03-26T09:05:39+00:00","og_image":[{"url":"https:\/\/www.hotelaqua.sk\/wp-content\/uploads\/2019\/03\/vop.jpg","type":"","width":"","height":""}],"schema":{"@context":"https:\/\/schema.org","@graph":[{"@type":"WebPage","@id":"https:\/\/www.hotelaqua.sk\/sk\/storno-vseobecne-obchodne-podmienky\/","url":"https:\/\/www.hotelaqua.sk\/sk\/storno-vseobecne-obchodne-podmienky\/","name":"V\u0161eobecn\u00e9 obchodn\u00e9 podmienky storno - HOTEL AQUA VARGA ***","isPartOf":{"@id":"https:\/\/www.hotelaqua.sk\/sk\/#website"},"primaryImageOfPage":{"@id":"https:\/\/www.hotelaqua.sk\/sk\/storno-vseobecne-obchodne-podmienky\/#primaryimage"},"image":{"@id":"https:\/\/www.hotelaqua.sk\/sk\/storno-vseobecne-obchodne-podmienky\/#primaryimage"},"thumbnailUrl":"https:\/\/www.hotelaqua.sk\/wp-content\/uploads\/2019\/03\/vop.jpg","datePublished":"2015-11-04T20:52:57+00:00","dateModified":"2019-03-26T09:05:39+00:00","breadcrumb":{"@id":"https:\/\/www.hotelaqua.sk\/sk\/storno-vseobecne-obchodne-podmienky\/#breadcrumb"},"inLanguage":"sk-SK","potentialAction":[{"@type":"ReadAction","target":["https:\/\/www.hotelaqua.sk\/sk\/storno-vseobecne-obchodne-podmienky\/"]}]},{"@type":"ImageObject","inLanguage":"sk-SK","@id":"https:\/\/www.hotelaqua.sk\/sk\/storno-vseobecne-obchodne-podmienky\/#primaryimage","url":"https:\/\/www.hotelaqua.sk\/wp-content\/uploads\/2019\/03\/vop.jpg","contentUrl":"https:\/\/www.hotelaqua.sk\/wp-content\/uploads\/2019\/03\/vop.jpg"},{"@type":"BreadcrumbList","@id":"https:\/\/www.hotelaqua.sk\/sk\/storno-vseobecne-obchodne-podmienky\/#breadcrumb","itemListElement":[{"@type":"ListItem","position":1,"name":"Domovsk\u00e1 str\u00e1nka","item":"https:\/\/www.hotelaqua.sk\/cs\/"},{"@type":"ListItem","position":2,"name":"V\u0161eobecn\u00e9 obchodn\u00e9 podmienky storno"}]},{"@type":"WebSite","@id":"https:\/\/www.hotelaqua.sk\/sk\/#website","url":"https:\/\/www.hotelaqua.sk\/sk\/","name":"HOTEL AQUA VARGA ***","description":"Hotel v bl\u00edzkosti term\u00e1lneho k\u00fapaliska vo Ve\u013ekom Mederi","potentialAction":[{"@type":"SearchAction","target":{"@type":"EntryPoint","urlTemplate":"https:\/\/www.hotelaqua.sk\/sk\/?s={search_term_string}"},"query-input":{"@type":"PropertyValueSpecification","valueRequired":true,"valueName":"search_term_string"}}],"inLanguage":"sk-SK"}]}},"_links":{"self":[{"href":"https:\/\/www.hotelaqua.sk\/sk\/wp-json\/wp\/v2\/pages\/29","targetHints":{"allow":["GET"]}}],"collection":[{"href":"https:\/\/www.hotelaqua.sk\/sk\/wp-json\/wp\/v2\/pages"}],"about":[{"href":"https:\/\/www.hotelaqua.sk\/sk\/wp-json\/wp\/v2\/types\/page"}],"author":[{"embeddable":true,"href":"https:\/\/www.hotelaqua.sk\/sk\/wp-json\/wp\/v2\/users\/1"}],"replies":[{"embeddable":true,"href":"https:\/\/www.hotelaqua.sk\/sk\/wp-json\/wp\/v2\/comments?post=29"}],"version-history":[{"count":10,"href":"https:\/\/www.hotelaqua.sk\/sk\/wp-json\/wp\/v2\/pages\/29\/revisions"}],"predecessor-version":[{"id":1985,"href":"https:\/\/www.hotelaqua.sk\/sk\/wp-json\/wp\/v2\/pages\/29\/revisions\/1985"}],"wp:attachment":[{"href":"https:\/\/www.hotelaqua.sk\/sk\/wp-json\/wp\/v2\/media?parent=29"}],"curies":[{"name":"wp","href":"https:\/\/api.w.org\/{rel}","templated":true}]}}