{"id":26,"date":"2015-11-02T22:10:47","date_gmt":"2015-11-02T20:10:47","guid":{"rendered":"http:\/\/127.0.0.1:8445\/?page_id=26"},"modified":"2021-02-03T10:38:52","modified_gmt":"2021-02-03T09:38:52","slug":"hotel-aqua-velky-meder","status":"publish","type":"page","link":"https:\/\/www.hotelaqua.sk\/sk\/hotel-aqua-velky-meder\/","title":{"rendered":"Hotel Aqua *** Ve\u013ek\u00fd Meder"},"content":{"rendered":"<h2 style=\"text-align: center;\">Hotel Aqua *** Patr\u00ed k hotelu Thermal Varga<\/h2>\n<div><a href=\"http:\/\/www.hotelaqua.sk\/pobyty-velky-meder-wellness\/\"><img decoding=\"async\" class=\"wp-image-642 size-full alignleft\" src=\"http:\/\/www.hotelaqua.sk\/wp-content\/uploads\/2015\/10\/kupanie-zdarma-hotel-aqua.jpg\" alt=\"banner kupanie-zdarma-hotel-aqua\" width=\"100%\" height=\"auto\" srcset=\"https:\/\/www.hotelaqua.sk\/wp-content\/uploads\/2015\/10\/kupanie-zdarma-hotel-aqua.jpg 900w, https:\/\/www.hotelaqua.sk\/wp-content\/uploads\/2015\/10\/kupanie-zdarma-hotel-aqua-300x100.jpg 300w\" sizes=\"(max-width: 900px) 100vw, 900px\" \/><\/a><\/div>\n<p>Ved\u013ea term\u00e1lneho k\u00fapaliska Velky Meder wellness Thermal Corvinus je nov\u00fd <strong>Hotel AQUA Ve\u013ek\u00fd Meder<\/strong> ***, patriaci pod Hotel Thermal Varga ***. Hostia tohto hotela s\u00fa\u00a0len p\u00e1r krokov od term\u00e1lnej vody, teda len min\u00fatka ich del\u00ed od term\u00e1lnych baz\u00e9nov a spojit\u00fdch slu\u017eieb n\u00e1\u0161ho k\u00fapaliska. <strong>Ubytovanie pri are\u00e1li term\u00e1lneho k\u00fapaliska<\/strong>.<\/p>\n<h2 style=\"text-align: center;\">Hotel Aqua Ve\u013ek\u00fd Meder je ubytovanie pri are\u00e1li term\u00e1lneho k\u00fapaliska<\/h2>\n<p>Hotely Aqua Ve\u013ek\u00fd Meder a <a href=\"http:\/\/www.hotelthermal.sk\">Hotel Thermal Varga Ve\u013ek\u00fd Meder<\/a> predov\u0161etk\u00fdm svoju ponuku orientuj\u00fa na <a href=\"https:\/\/www.hotelaqua.sk\/pobyty-velky-meder-wellness\/\">wellness pobyty<\/a>, spa dovolenku, relax a oddych.\u00a0Miesto pre oddychov\u00fa dovolenku tu n\u00e1jdu aj rodiny s de\u0165mi. Detsk\u00fd k\u00fatik, detsk\u00e9 postie\u013eky , priestrann\u00e9 rodinn\u00e9 izby, apartm\u00e1ny a jedl\u00e1. Profesion\u00e1lny person\u00e1l v buff\u00e9 re\u0161taur\u00e1cii hotela odporu\u010d\u00ed k v\u00fdborn\u00e9mu jedlu aj kvalitn\u00e9 region\u00e1lne jedl\u00e1.<\/p>\n<p><strong>Detsk\u00fd k\u00fatik Hotel Thermal Varga- u\u017eite si rodi\u010dia chv\u00ed\u013eu k\u013eudu pri k\u00e1ve<\/strong><\/p>\n<div class=\"rgg-container\" data-rgg-id=\"1\">    <div class=\"rgg-imagegrid captions-title captions-effect-none \" data-rgg-id=\"1\">\n                    <a href=\"https:\/\/www.hotelaqua.sk\/wp-content\/uploads\/2020\/01\/IMG-2630-e1578945480254-768x1024.jpg\" data-rel=\"rgg\" rel=\"rgg\" title=\"Hotel Aqua*** Detsk&yacute; k&uacute;tik a ihrisko, vodn&yacute; svet k&uacute;palisko\" class=\"rgg-disabled size-medium rgg-img\" data-src=\"https:\/\/www.hotelaqua.sk\/wp-content\/uploads\/2020\/01\/IMG-2630-e1578945480254-225x300.jpg\" data-ratio=\"0.75\" data-height=\"300\" data-width=\"225\" aria-label=\"detsk\u00fd k\u00fatik, dovolenka s de\u0165mi, dovolen\u00e1 s detma, v\u00fdlet, term\u00e1ly, l\u00e1z\u0148e, koupali\u0161t\u011b\">\n                            <\/a>\n                    <a href=\"https:\/\/www.hotelaqua.sk\/wp-content\/uploads\/2020\/01\/IMG-2500-e1578945650121-768x1024.jpg\" data-rel=\"rgg\" rel=\"rgg\" title=\"\" class=\"rgg-disabled size-medium rgg-img\" data-src=\"https:\/\/www.hotelaqua.sk\/wp-content\/uploads\/2020\/01\/IMG-2500-e1578945650121-225x300.jpg\" data-ratio=\"0.75\" data-height=\"300\" data-width=\"225\" aria-label=\"\">\n                            <\/a>\n                    <a href=\"https:\/\/www.hotelaqua.sk\/wp-content\/uploads\/2020\/01\/IMG-2496-e1578945672751-768x1024.jpg\" data-rel=\"rgg\" rel=\"rgg\" title=\"Hotel Aqua*** Detsk&yacute; k&uacute;tik a ihrisko, vodn&yacute; svet k&uacute;palisko\" class=\"rgg-disabled size-medium rgg-img\" data-src=\"https:\/\/www.hotelaqua.sk\/wp-content\/uploads\/2020\/01\/IMG-2496-e1578945672751-225x300.jpg\" data-ratio=\"0.75\" data-height=\"300\" data-width=\"225\" aria-label=\"Hotel Aqua*** Detsk\u00fd k\u00fatik a ihrisko, vodn\u00fd svet k\u00fapalisko\">\n                            <\/a>\n            <\/div>\n<\/div>\n<h2>Ak si zak\u00fapite <a href=\"https:\/\/www.hotelaqua.sk\/pobyty-velky-meder-wellness\/\">akciov\u00fd pobyt<\/a> na 2 a viac noc\u00ed<\/h2>\n<p>v Hoteli Aqua *** alebo Hoteli Thermal Varga *** , vyberte si pobyt ktor\u00fd obsahuje vstup do k\u00fapaliska a aquaparku vo Ve\u013ekom Mederi.<\/p>\n<h3>Ka\u017ed\u00e9ho fan\u00fa\u0161ika hor\u00facej vody, k\u00fapal\u00edsk, saunovania a celkovo wellness vrelo o\u010dak\u00e1vame<\/h3>\n<p>Vrelo o\u010dak\u00e1vame s ponukami prisp\u00f4soben\u00fdmi Va\u0161im po\u017eiadavk\u00e1m. Va\u0161a dovolenka term\u00e1lne k\u00fapalisk\u00e1 Slovensko bude ma\u0165 mnoho prednost\u00ed a to s\u00fa<br \/>\nTerm\u00e1lne k\u00fapalisko Ve\u013ek\u00fd Meder, ktor\u00e9 pon\u00fakaj\u00fa hor\u00face term\u00e1lne baz\u00e9ny tak pod strechou ako aj \u0161\u00edrym nebom (uprostred lesoparku zelene).<br \/>\nV term\u00e1lnej vode sa vyv\u00e1\u013eaj\u00fa aj Va\u0161e deti (dovolenka s de\u0165mi, detsk\u00e9 baz\u00e9ny, aquaparky).<br \/>\nV lie\u010divej vode sa zotavia rodi\u010dia, dedo, babka.<br \/>\nV\u0161etci sa zregeneruj\u00fa V z\u00e1\u017eitkov\u00fdch a wellness baz\u00e9noch<br \/>\nJe tu dostatok z\u00e1bavy, rekrea\u010dn\u00e9ho \u0161portu a presl\u00e1ven\u00e1 ma\u010farsk\u00e1 gastron\u00f3mia<\/p>\n<div class=\"rgg-container\" data-rgg-id=\"2\">    <div class=\"rgg-imagegrid captions-title captions-effect-none \" data-rgg-id=\"2\">\n                    <a href=\"https:\/\/www.hotelaqua.sk\/wp-content\/uploads\/2015\/11\/IMG_0361-1024x768.jpg\" data-rel=\"rgg\" rel=\"rgg\" title=\"Hotel Aqua Ve\u013ek&yacute; Meder \" class=\"rgg-disabled size-medium rgg-img\" data-src=\"https:\/\/www.hotelaqua.sk\/wp-content\/uploads\/2015\/11\/IMG_0361-300x225.jpg\" data-ratio=\"1.33333333333\" data-height=\"225\" data-width=\"300\" aria-label=\"Hotel Aqua Ve\u013ek\u00fd Meder\">\n                            <\/a>\n                    <a href=\"https:\/\/www.hotelaqua.sk\/wp-content\/uploads\/2015\/11\/dovolenka_na_slovensku_2014_b_f9b102927c0d23fa.jpg\" data-rel=\"rgg\" rel=\"rgg\" title=\"Term&aacute;lne k&uacute;palisko Ve\u013ek&yacute; Meder Thermal Corvinus Hotel Thermal Aqua Varga wellness kupele lazne termalni koupali&scaron;t\u011b\" class=\"rgg-disabled size-medium rgg-img\" data-src=\"https:\/\/www.hotelaqua.sk\/wp-content\/uploads\/2015\/11\/dovolenka_na_slovensku_2014_b_f9b102927c0d23fa-300x225.jpg\" data-ratio=\"1.33333333333\" data-height=\"225\" data-width=\"300\" aria-label=\"Term\u00e1lne k\u00fapalisko Ve\u013ek\u00fd Meder Thermal Corvinus Hotel Thermal Aqua Varga wellness kupele lazne termalni koupali\u0161t\u011b\">\n                            <\/a>\n                    <a href=\"https:\/\/www.hotelaqua.sk\/wp-content\/uploads\/2016\/01\/RAC5398-1024x684.jpg\" data-rel=\"rgg\" rel=\"rgg\" title=\"dvojl&ocirc;\u017ekov&aacute; izba hotel aqua\" class=\"rgg-disabled size-medium rgg-img\" data-src=\"https:\/\/www.hotelaqua.sk\/wp-content\/uploads\/2016\/01\/RAC5398-300x200.jpg\" data-ratio=\"1.5\" data-height=\"200\" data-width=\"300\" aria-label=\"\">\n                            <\/a>\n                    <a href=\"https:\/\/www.hotelaqua.sk\/wp-content\/uploads\/2015\/12\/IMG_8947-1024x683.jpg\" data-rel=\"rgg\" rel=\"rgg\" title=\"\" class=\"rgg-disabled size-medium rgg-img\" data-src=\"https:\/\/www.hotelaqua.sk\/wp-content\/uploads\/2015\/12\/IMG_8947-300x200.jpg\" data-ratio=\"1.5\" data-height=\"200\" data-width=\"300\" aria-label=\"\">\n                            <\/a>\n                    <a href=\"https:\/\/www.hotelaqua.sk\/wp-content\/uploads\/2016\/01\/RAC5372-1024x684.jpg\" data-rel=\"rgg\" rel=\"rgg\" title=\"Ubytov&aacute;n&iacute; Ve\u013ek&yacute; Meder\" class=\"rgg-disabled size-medium rgg-img\" data-src=\"https:\/\/www.hotelaqua.sk\/wp-content\/uploads\/2016\/01\/RAC5372-300x200.jpg\" data-ratio=\"1.5\" data-height=\"200\" data-width=\"300\" aria-label=\"Ubytov\u00e1n\u00ed Ve\u013ek\u00fd Meder\">\n                            <\/a>\n                    <a href=\"https:\/\/www.hotelaqua.sk\/wp-content\/uploads\/2015\/12\/IMG_8673-1024x683.jpg\" data-rel=\"rgg\" rel=\"rgg\" title=\"\" class=\"rgg-disabled size-medium rgg-img\" data-src=\"https:\/\/www.hotelaqua.sk\/wp-content\/uploads\/2015\/12\/IMG_8673-300x200.jpg\" data-ratio=\"1.5\" data-height=\"200\" data-width=\"300\" aria-label=\"\">\n                            <\/a>\n            <\/div>\n<\/div>\n<h3>Pobyt pr\u00edvetiv\u00fd k Va\u0161ej pe\u0148a\u017eenke!<\/h3>\n<p>Celkom iste V\u00e1s pote\u0161\u00ed, \u017ee v\u0161etko, \u010do si budete m\u00f4c\u0165 dopria\u0165, a nebude toho m\u00e1lo, bude ve\u013emi pr\u00edvetiv\u00e9 k Va\u0161ej pe\u0148a\u017eenke!<br \/>\nPresved\u010dte sa sami a d\u00e1te n\u00e1m za pravdu.<\/p>\n<p>Prajeme V\u00e1m kr\u00e1snu dovolenku a prid\u00e1vame &#8222;p\u00e1r ukazovate\u013eov&#8220;, ktor\u00e9 V\u00e1m pom\u00f4\u017eu s v\u00fdberom lokality, ubytovan\u00edm a vo\u013ebou z pon\u00fak pobytov:<\/p>\n<h5>Hotel Aqua *** Ve\u013ek\u00fd Meder<\/h5>\n<h4>Hotel Thermal Varga *** Ve\u013ek\u00fd Meder<\/h4>\n<h6>Vila Termal Ve\u013ek\u00fd Meder<\/h6>\n","protected":false},"excerpt":{"rendered":"<p>Nov\u00fd Modern\u00fd Hotel &#8211; V\u00ddHODN\u00c9 POBYTOV\u00c9 BAL\u00cdKY, Ubytovanie, Stravovanie, Vhodn\u00e9 pre rodiny<\/p>\n","protected":false},"author":1,"featured_media":945,"parent":0,"menu_order":0,"comment_status":"closed","ping_status":"closed","template":"","meta":{"footnotes":""},"class_list":["post-26","page","type-page","status-publish","has-post-thumbnail","hentry"],"yoast_head":"<!-- This site is optimized with the Yoast SEO plugin v25.3.1 - https:\/\/yoast.com\/wordpress\/plugins\/seo\/ -->\n<title>HOTEL AQUA VARGA *** - Ve\u013ek\u00fd Meder, Ubytovanie 100m od k\u00fapaliska<\/title>\n<meta name=\"description\" content=\"Hotel Aqua *** Ve\u013ek\u00fd Meder je ubytovanie pri are\u00e1li term\u00e1lneho k\u00fapaliska Ve\u013ek\u00fd Meder. Hotel Aqua Ve\u013ek\u00fd Meder *** je dovolenka pre rodiny s de\u0165mi. Detsk\u00fd k\u00fatik, detsk\u00e9 postie\u013eky , priestrann\u00e9 rodinn\u00e9 izby, apartm\u00e1ny a jedl\u00e1.\" \/>\n<meta name=\"robots\" content=\"index, follow, max-snippet:-1, max-image-preview:large, max-video-preview:-1\" \/>\n<link rel=\"canonical\" href=\"https:\/\/www.hotelaqua.sk\/sk\/\" \/>\n<meta property=\"og:locale\" content=\"sk_SK\" \/>\n<meta property=\"og:type\" content=\"article\" \/>\n<meta property=\"og:title\" content=\"HOTEL AQUA VARGA *** - Ve\u013ek\u00fd Meder, Ubytovanie 100m od k\u00fapaliska\" \/>\n<meta property=\"og:description\" content=\"Hotel Aqua *** Ve\u013ek\u00fd Meder je ubytovanie pri are\u00e1li term\u00e1lneho k\u00fapaliska Ve\u013ek\u00fd Meder. Hotel Aqua Ve\u013ek\u00fd Meder *** je dovolenka pre rodiny s de\u0165mi. Detsk\u00fd k\u00fatik, detsk\u00e9 postie\u013eky , priestrann\u00e9 rodinn\u00e9 izby, apartm\u00e1ny a jedl\u00e1.\" \/>\n<meta property=\"og:url\" content=\"https:\/\/www.hotelaqua.sk\/sk\/\" \/>\n<meta property=\"og:site_name\" content=\"HOTEL AQUA VARGA ***\" \/>\n<meta property=\"article:modified_time\" content=\"2021-02-03T09:38:52+00:00\" \/>\n<meta property=\"og:image\" content=\"https:\/\/www.hotelaqua.sk\/wp-content\/uploads\/2015\/11\/20160908_144456-e1481550009745.jpg\" \/>\n\t<meta property=\"og:image:width\" content=\"1920\" \/>\n\t<meta property=\"og:image:height\" content=\"1080\" \/>\n\t<meta property=\"og:image:type\" content=\"image\/jpeg\" \/>\n<meta name=\"twitter:label1\" content=\"Predpokladan\u00fd \u010das \u010d\u00edtania\" \/>\n\t<meta name=\"twitter:data1\" content=\"2 min\u00faty\" \/>\n<script type=\"application\/ld+json\" class=\"yoast-schema-graph\">{\"@context\":\"https:\/\/schema.org\",\"@graph\":[{\"@type\":\"WebPage\",\"@id\":\"https:\/\/www.hotelaqua.sk\/sk\/\",\"url\":\"https:\/\/www.hotelaqua.sk\/sk\/\",\"name\":\"HOTEL AQUA VARGA *** - Ve\u013ek\u00fd Meder, Ubytovanie 100m od k\u00fapaliska\",\"isPartOf\":{\"@id\":\"https:\/\/www.hotelaqua.sk\/sk\/#website\"},\"primaryImageOfPage\":{\"@id\":\"https:\/\/www.hotelaqua.sk\/sk\/#primaryimage\"},\"image\":{\"@id\":\"https:\/\/www.hotelaqua.sk\/sk\/#primaryimage\"},\"thumbnailUrl\":\"https:\/\/www.hotelaqua.sk\/wp-content\/uploads\/2015\/11\/20160908_144456-e1481550009745.jpg\",\"datePublished\":\"2015-11-02T20:10:47+00:00\",\"dateModified\":\"2021-02-03T09:38:52+00:00\",\"description\":\"Hotel Aqua *** Ve\u013ek\u00fd Meder je ubytovanie pri are\u00e1li term\u00e1lneho k\u00fapaliska Ve\u013ek\u00fd Meder. Hotel Aqua Ve\u013ek\u00fd Meder *** je dovolenka pre rodiny s de\u0165mi. Detsk\u00fd k\u00fatik, detsk\u00e9 postie\u013eky , priestrann\u00e9 rodinn\u00e9 izby, apartm\u00e1ny a jedl\u00e1.\",\"breadcrumb\":{\"@id\":\"https:\/\/www.hotelaqua.sk\/sk\/#breadcrumb\"},\"inLanguage\":\"sk-SK\",\"potentialAction\":[{\"@type\":\"ReadAction\",\"target\":[\"https:\/\/www.hotelaqua.sk\/sk\/\"]}]},{\"@type\":\"ImageObject\",\"inLanguage\":\"sk-SK\",\"@id\":\"https:\/\/www.hotelaqua.sk\/sk\/#primaryimage\",\"url\":\"https:\/\/www.hotelaqua.sk\/wp-content\/uploads\/2015\/11\/20160908_144456-e1481550009745.jpg\",\"contentUrl\":\"https:\/\/www.hotelaqua.sk\/wp-content\/uploads\/2015\/11\/20160908_144456-e1481550009745.jpg\",\"width\":1920,\"height\":1080,\"caption\":\"Hotel Aqua *** Ve\u013ek\u00fd Meder\"},{\"@type\":\"BreadcrumbList\",\"@id\":\"https:\/\/www.hotelaqua.sk\/sk\/#breadcrumb\",\"itemListElement\":[{\"@type\":\"ListItem\",\"position\":1,\"name\":\"Domovsk\u00e1 str\u00e1nka\",\"item\":\"https:\/\/www.hotelaqua.sk\/en\/what-to-do-in-slovakia-hotel-aqua-wellness-spa\/\"},{\"@type\":\"ListItem\",\"position\":2,\"name\":\"Hotel Aqua *** Ve\u013ek\u00fd Meder\"}]},{\"@type\":\"WebSite\",\"@id\":\"https:\/\/www.hotelaqua.sk\/sk\/#website\",\"url\":\"https:\/\/www.hotelaqua.sk\/sk\/\",\"name\":\"HOTEL AQUA VARGA ***\",\"description\":\"Hotel v bl\u00edzkosti term\u00e1lneho k\u00fapaliska vo Ve\u013ekom Mederi\",\"potentialAction\":[{\"@type\":\"SearchAction\",\"target\":{\"@type\":\"EntryPoint\",\"urlTemplate\":\"https:\/\/www.hotelaqua.sk\/sk\/?s={search_term_string}\"},\"query-input\":{\"@type\":\"PropertyValueSpecification\",\"valueRequired\":true,\"valueName\":\"search_term_string\"}}],\"inLanguage\":\"sk-SK\"}]}<\/script>\n<!-- \/ Yoast SEO plugin. -->","yoast_head_json":{"title":"HOTEL AQUA VARGA *** - Ve\u013ek\u00fd Meder, Ubytovanie 100m od k\u00fapaliska","description":"Hotel Aqua *** Ve\u013ek\u00fd Meder je ubytovanie pri are\u00e1li term\u00e1lneho k\u00fapaliska Ve\u013ek\u00fd Meder. Hotel Aqua Ve\u013ek\u00fd Meder *** je dovolenka pre rodiny s de\u0165mi. Detsk\u00fd k\u00fatik, detsk\u00e9 postie\u013eky , priestrann\u00e9 rodinn\u00e9 izby, apartm\u00e1ny a jedl\u00e1.","robots":{"index":"index","follow":"follow","max-snippet":"max-snippet:-1","max-image-preview":"max-image-preview:large","max-video-preview":"max-video-preview:-1"},"canonical":"https:\/\/www.hotelaqua.sk\/sk\/","og_locale":"sk_SK","og_type":"article","og_title":"HOTEL AQUA VARGA *** - Ve\u013ek\u00fd Meder, Ubytovanie 100m od k\u00fapaliska","og_description":"Hotel Aqua *** Ve\u013ek\u00fd Meder je ubytovanie pri are\u00e1li term\u00e1lneho k\u00fapaliska Ve\u013ek\u00fd Meder. Hotel Aqua Ve\u013ek\u00fd Meder *** je dovolenka pre rodiny s de\u0165mi. Detsk\u00fd k\u00fatik, detsk\u00e9 postie\u013eky , priestrann\u00e9 rodinn\u00e9 izby, apartm\u00e1ny a jedl\u00e1.","og_url":"https:\/\/www.hotelaqua.sk\/sk\/","og_site_name":"HOTEL AQUA VARGA ***","article_modified_time":"2021-02-03T09:38:52+00:00","og_image":[{"width":1920,"height":1080,"url":"https:\/\/www.hotelaqua.sk\/wp-content\/uploads\/2015\/11\/20160908_144456-e1481550009745.jpg","type":"image\/jpeg"}],"twitter_misc":{"Predpokladan\u00fd \u010das \u010d\u00edtania":"2 min\u00faty"},"schema":{"@context":"https:\/\/schema.org","@graph":[{"@type":"WebPage","@id":"https:\/\/www.hotelaqua.sk\/sk\/","url":"https:\/\/www.hotelaqua.sk\/sk\/","name":"HOTEL AQUA VARGA *** - Ve\u013ek\u00fd Meder, Ubytovanie 100m od k\u00fapaliska","isPartOf":{"@id":"https:\/\/www.hotelaqua.sk\/sk\/#website"},"primaryImageOfPage":{"@id":"https:\/\/www.hotelaqua.sk\/sk\/#primaryimage"},"image":{"@id":"https:\/\/www.hotelaqua.sk\/sk\/#primaryimage"},"thumbnailUrl":"https:\/\/www.hotelaqua.sk\/wp-content\/uploads\/2015\/11\/20160908_144456-e1481550009745.jpg","datePublished":"2015-11-02T20:10:47+00:00","dateModified":"2021-02-03T09:38:52+00:00","description":"Hotel Aqua *** Ve\u013ek\u00fd Meder je ubytovanie pri are\u00e1li term\u00e1lneho k\u00fapaliska Ve\u013ek\u00fd Meder. Hotel Aqua Ve\u013ek\u00fd Meder *** je dovolenka pre rodiny s de\u0165mi. Detsk\u00fd k\u00fatik, detsk\u00e9 postie\u013eky , priestrann\u00e9 rodinn\u00e9 izby, apartm\u00e1ny a jedl\u00e1.","breadcrumb":{"@id":"https:\/\/www.hotelaqua.sk\/sk\/#breadcrumb"},"inLanguage":"sk-SK","potentialAction":[{"@type":"ReadAction","target":["https:\/\/www.hotelaqua.sk\/sk\/"]}]},{"@type":"ImageObject","inLanguage":"sk-SK","@id":"https:\/\/www.hotelaqua.sk\/sk\/#primaryimage","url":"https:\/\/www.hotelaqua.sk\/wp-content\/uploads\/2015\/11\/20160908_144456-e1481550009745.jpg","contentUrl":"https:\/\/www.hotelaqua.sk\/wp-content\/uploads\/2015\/11\/20160908_144456-e1481550009745.jpg","width":1920,"height":1080,"caption":"Hotel Aqua *** Ve\u013ek\u00fd Meder"},{"@type":"BreadcrumbList","@id":"https:\/\/www.hotelaqua.sk\/sk\/#breadcrumb","itemListElement":[{"@type":"ListItem","position":1,"name":"Domovsk\u00e1 str\u00e1nka","item":"https:\/\/www.hotelaqua.sk\/en\/what-to-do-in-slovakia-hotel-aqua-wellness-spa\/"},{"@type":"ListItem","position":2,"name":"Hotel Aqua *** Ve\u013ek\u00fd Meder"}]},{"@type":"WebSite","@id":"https:\/\/www.hotelaqua.sk\/sk\/#website","url":"https:\/\/www.hotelaqua.sk\/sk\/","name":"HOTEL AQUA VARGA ***","description":"Hotel v bl\u00edzkosti term\u00e1lneho k\u00fapaliska vo Ve\u013ekom Mederi","potentialAction":[{"@type":"SearchAction","target":{"@type":"EntryPoint","urlTemplate":"https:\/\/www.hotelaqua.sk\/sk\/?s={search_term_string}"},"query-input":{"@type":"PropertyValueSpecification","valueRequired":true,"valueName":"search_term_string"}}],"inLanguage":"sk-SK"}]}},"_links":{"self":[{"href":"https:\/\/www.hotelaqua.sk\/sk\/wp-json\/wp\/v2\/pages\/26","targetHints":{"allow":["GET"]}}],"collection":[{"href":"https:\/\/www.hotelaqua.sk\/sk\/wp-json\/wp\/v2\/pages"}],"about":[{"href":"https:\/\/www.hotelaqua.sk\/sk\/wp-json\/wp\/v2\/types\/page"}],"author":[{"embeddable":true,"href":"https:\/\/www.hotelaqua.sk\/sk\/wp-json\/wp\/v2\/users\/1"}],"replies":[{"embeddable":true,"href":"https:\/\/www.hotelaqua.sk\/sk\/wp-json\/wp\/v2\/comments?post=26"}],"version-history":[{"count":42,"href":"https:\/\/www.hotelaqua.sk\/sk\/wp-json\/wp\/v2\/pages\/26\/revisions"}],"predecessor-version":[{"id":2282,"href":"https:\/\/www.hotelaqua.sk\/sk\/wp-json\/wp\/v2\/pages\/26\/revisions\/2282"}],"wp:featuredmedia":[{"embeddable":true,"href":"https:\/\/www.hotelaqua.sk\/sk\/wp-json\/wp\/v2\/media\/945"}],"wp:attachment":[{"href":"https:\/\/www.hotelaqua.sk\/sk\/wp-json\/wp\/v2\/media?parent=26"}],"curies":[{"name":"wp","href":"https:\/\/api.w.org\/{rel}","templated":true}]}}