{"id":2339,"date":"2022-01-17T09:23:29","date_gmt":"2022-01-17T08:23:29","guid":{"rendered":"https:\/\/www.hotelaqua.sk\/?page_id=2339"},"modified":"2022-01-17T09:25:40","modified_gmt":"2022-01-17T08:25:40","slug":"price-list","status":"publish","type":"page","link":"https:\/\/www.hotelaqua.sk\/en\/accommodation-velky-meder\/price-list\/","title":{"rendered":"Price list"},"content":{"rendered":"<h3>Best offers and pricelist:<\/h3>\n<booking-panel bookinghost=\"https:\/\/booking.hotelaqua.sk\" locale=\"sk\"><\/booking-panel>\n<p>&nbsp;<\/p>\n<div class=\"rgg-container\" data-rgg-id=\"1\">    <div class=\"rgg-imagegrid captions-title captions-effect-none \" data-rgg-id=\"1\">\n                    <a href=\"https:\/\/www.hotelaqua.sk\/wp-content\/uploads\/2018\/09\/MG_0066-1-1024x683.jpg\" data-rel=\"rgg\" rel=\"rgg\" title=\"sauna v de lux apartm&aacute;ne\" class=\"rgg-disabled size-medium rgg-img\" data-src=\"https:\/\/www.hotelaqua.sk\/wp-content\/uploads\/2018\/09\/MG_0066-1-300x200.jpg\" data-ratio=\"1.5\" data-height=\"200\" data-width=\"300\" aria-label=\"\">\n                            <\/a>\n                    <a href=\"https:\/\/www.hotelaqua.sk\/wp-content\/uploads\/2018\/09\/MG_1314-1024x657.jpg\" data-rel=\"rgg\" rel=\"rgg\" title=\"Ubytovanie Hotel Aqua*** Ve\u013ek&yacute; Meder\" class=\"rgg-disabled size-medium rgg-img\" data-src=\"https:\/\/www.hotelaqua.sk\/wp-content\/uploads\/2018\/09\/MG_1314-300x192.jpg\" data-ratio=\"1.5625\" data-height=\"192\" data-width=\"300\" aria-label=\"\">\n                            <\/a>\n                    <a href=\"https:\/\/www.hotelaqua.sk\/wp-content\/uploads\/2017\/03\/pobyt-zimny-relax-1024x683.jpg\" data-rel=\"rgg\" rel=\"rgg\" title=\"Wellness Term&aacute;lne k&uacute;palisko Ve\u013ek&yacute; Meder\" class=\"rgg-disabled size-medium rgg-img\" data-src=\"https:\/\/www.hotelaqua.sk\/wp-content\/uploads\/2017\/03\/pobyt-zimny-relax-e1489574446959-300x150.jpg\" data-ratio=\"2\" data-height=\"150\" data-width=\"300\" aria-label=\"Wellness Term\u00e1lne k\u00fapalisko Ve\u013ek\u00fd Meder\">\n                            <\/a>\n            <\/div>\n<\/div>\n<h2>Rezervujte si sv\u016fj pobyt::<\/h2>\n<ul>\n<li><strong> e-mail <a href=\"mailto:info@hotelthermal.sk\">info@hotelthermal.sk<\/a>,<\/strong><\/li>\n<li><strong>phone +421315530336, +421917460625<\/strong><\/li>\n<li><strong>online:<\/strong><\/li>\n<\/ul>\n<div class=\"alert alert-info\">\n<p style=\"text-align: center;\"><a class=\"btn\" href=\"http:\/\/booking.hotelaqua.sk\" target=\"_blank\" rel=\"noopener noreferrer\">BOOK NOW<\/a><\/p>\n<\/div>\n<h3>Mutual front desk with Hotel Thermal Varga *** ***<\/h3>\n<p>For visitors, the SPA and water park Ve\u013ek\u00fd Meder Slovakia offers accommodation in Ve\u013ek\u00fd Meder. Next to the thermal swimming pool Ve\u013ek\u00fd Meder Thermal Corvinus &#8211; Sea of \u200b\u200bexperiences is the modern Hotel AQUA ***, belonging to the Hotel Thermal Varga ***. The guests of this hotel will be only a few steps away from the thermal water, so only a minute will separate them from the thermal pools and the continuous services of our swimming pool. Hotel AQUA is also surrounded by the Grand Forest Park, which provides the hotel&#8217;s clients not only with a sense of closeness to nature, but also a pleasant shade in the summer season.<\/p>\n<h2><strong>\u201cGuests of this hotel are accommodated just a few steps from the SPA.\u201d<\/strong><\/h2>\n<p>The hotel pays great attention to security, as it offers its guests parking in the area monitored by a camera system. Rooms in Hotel AQUA are comfortably equipped, in each room there is a TV (SAT TV), telephone, FREE wifi internet connection, barrier-free shower and toilet, refrigerator, kettle and hair dryer. The hotel offers accommodation in single and double rooms with extra beds. In addition, a VIP suite with jacuzzi, sauna and balcony will be available for hotel clients.<\/p>\n<p><strong>&#8222;Barrier-free shower and toilet.&#8220;<\/strong><\/p>\n<p>Even in summer, when the area is full of tourists, hotel guests are guaranteed a peaceful rest. In addition, you can find many services nearby: there is also a cafe, restaurant, pub, pharmacy, beauty salon, massage parlor and salt mine.<\/p>\n<h2>\u201c\u201cVe\u013ek\u00fd Meder SPA and water park is one of the most visited year-round destinations Slovakia\u201d\u201d<\/h2>\n<p>Guests arriving by car can navigate to the hotel\u2019s outdoor information boards. After using the bell at the gate in front of the central car park, the reception staff will help you get to the hotel. They will be happy to provide you with information related to hotel accommodation.<\/p>\n<div class=\"rgg-container\" data-rgg-id=\"2\">    <div class=\"rgg-imagegrid captions-title captions-effect-none \" data-rgg-id=\"2\">\n                    <a href=\"https:\/\/www.hotelaqua.sk\/wp-content\/uploads\/2015\/11\/20160908_142010-1024x576.jpg\" data-rel=\"rgg\" rel=\"rgg\" title=\"\" class=\"rgg-disabled size-medium rgg-img\" data-src=\"https:\/\/www.hotelaqua.sk\/wp-content\/uploads\/2015\/11\/20160908_142010-300x169.jpg\" data-ratio=\"1.77514792899\" data-height=\"169\" data-width=\"300\" aria-label=\"\">\n                            <\/a>\n                    <a href=\"https:\/\/www.hotelaqua.sk\/wp-content\/uploads\/2018\/09\/MG_1346-1024x683.jpg\" data-rel=\"rgg\" rel=\"rgg\" title=\"Sauna Hotel Aqua***\" class=\"rgg-disabled size-medium rgg-img\" data-src=\"https:\/\/www.hotelaqua.sk\/wp-content\/uploads\/2018\/09\/MG_1346-300x200.jpg\" data-ratio=\"1.5\" data-height=\"200\" data-width=\"300\" aria-label=\"VIP apartm\u00e1n s v\u00edrivkou a saunou\">\n                            <\/a>\n                    <a href=\"https:\/\/www.hotelaqua.sk\/wp-content\/uploads\/2018\/09\/MG_1269-1024x687.jpg\" data-rel=\"rgg\" rel=\"rgg\" title=\"\" class=\"rgg-disabled size-medium rgg-img\" data-src=\"https:\/\/www.hotelaqua.sk\/wp-content\/uploads\/2018\/09\/MG_1269-300x201.jpg\" data-ratio=\"1.49253731343\" data-height=\"201\" data-width=\"300\" aria-label=\"VIP apartm\u00e1n s v\u00edrivkou a saunou\">\n                            <\/a>\n                    <a href=\"https:\/\/www.hotelaqua.sk\/wp-content\/uploads\/2018\/09\/MG_1320-1024x683.jpg\" data-rel=\"rgg\" rel=\"rgg\" title=\"Ubytovanie Ve\u013ek&yacute; Meder\" class=\"rgg-disabled size-medium rgg-img\" data-src=\"https:\/\/www.hotelaqua.sk\/wp-content\/uploads\/2018\/09\/MG_1320-300x200.jpg\" data-ratio=\"1.5\" data-height=\"200\" data-width=\"300\" aria-label=\"\">\n                            <\/a>\n            <\/div>\n<\/div>\n<p>&nbsp;<\/p>\n","protected":false},"excerpt":{"rendered":"<p>Best offers and pricelist: &nbsp; Rezervujte si sv\u016fj pobyt:: e-mail info@hotelthermal.sk, phone +421315530336, +421917460625 online: BOOK NOW Mutual front desk with Hotel Thermal Varga *** *** For visitors, the SPA and water park Ve\u013ek\u00fd Meder Slovakia offers accommodation in Ve\u013ek\u00fd Meder. Next to the thermal swimming pool Ve\u013ek\u00fd Meder Thermal Corvinus &#8211; Sea of \u200b\u200bexperiences [&hellip;]<\/p>\n","protected":false},"author":2,"featured_media":2005,"parent":67,"menu_order":0,"comment_status":"closed","ping_status":"closed","template":"","meta":{"footnotes":""},"class_list":["post-2339","page","type-page","status-publish","has-post-thumbnail","hentry"],"yoast_head":"<!-- This site is optimized with the Yoast SEO plugin v25.3.1 - https:\/\/yoast.com\/wordpress\/plugins\/seo\/ -->\n<title>Price list - HOTEL AQUA VARGA ***<\/title>\n<meta name=\"robots\" content=\"index, follow, max-snippet:-1, max-image-preview:large, max-video-preview:-1\" \/>\n<link rel=\"canonical\" href=\"https:\/\/www.hotelaqua.sk\/en\/accommodation-velky-meder\/price-list\/\" \/>\n<meta property=\"og:locale\" content=\"sk_SK\" \/>\n<meta property=\"og:type\" content=\"article\" \/>\n<meta property=\"og:title\" content=\"Price list - HOTEL AQUA VARGA ***\" \/>\n<meta property=\"og:description\" content=\"Best offers and pricelist: &nbsp; Rezervujte si sv\u016fj pobyt:: e-mail info@hotelthermal.sk, phone +421315530336, +421917460625 online: BOOK NOW Mutual front desk with Hotel Thermal Varga *** *** For visitors, the SPA and water park Ve\u013ek\u00fd Meder Slovakia offers accommodation in Ve\u013ek\u00fd Meder. Next to the thermal swimming pool Ve\u013ek\u00fd Meder Thermal Corvinus &#8211; Sea of \u200b\u200bexperiences [&hellip;]\" \/>\n<meta property=\"og:url\" content=\"https:\/\/www.hotelaqua.sk\/en\/accommodation-velky-meder\/price-list\/\" \/>\n<meta property=\"og:site_name\" content=\"HOTEL AQUA VARGA ***\" \/>\n<meta property=\"article:modified_time\" content=\"2022-01-17T08:25:40+00:00\" \/>\n<meta property=\"og:image\" content=\"https:\/\/www.hotelaqua.sk\/wp-content\/uploads\/2019\/05\/Hotel-Aqua-Velky-Meder-20160908_144456-1024x576.jpg\" \/>\n\t<meta property=\"og:image:width\" content=\"1024\" \/>\n\t<meta property=\"og:image:height\" content=\"576\" \/>\n\t<meta property=\"og:image:type\" content=\"image\/jpeg\" \/>\n<meta name=\"twitter:label1\" content=\"Predpokladan\u00fd \u010das \u010d\u00edtania\" \/>\n\t<meta name=\"twitter:data1\" content=\"2 min\u00faty\" \/>\n<script type=\"application\/ld+json\" class=\"yoast-schema-graph\">{\"@context\":\"https:\/\/schema.org\",\"@graph\":[{\"@type\":\"WebPage\",\"@id\":\"https:\/\/www.hotelaqua.sk\/en\/accommodation-velky-meder\/price-list\/\",\"url\":\"https:\/\/www.hotelaqua.sk\/en\/accommodation-velky-meder\/price-list\/\",\"name\":\"Price list - HOTEL AQUA VARGA ***\",\"isPartOf\":{\"@id\":\"https:\/\/www.hotelaqua.sk\/sk\/#website\"},\"primaryImageOfPage\":{\"@id\":\"https:\/\/www.hotelaqua.sk\/en\/accommodation-velky-meder\/price-list\/#primaryimage\"},\"image\":{\"@id\":\"https:\/\/www.hotelaqua.sk\/en\/accommodation-velky-meder\/price-list\/#primaryimage\"},\"thumbnailUrl\":\"https:\/\/www.hotelaqua.sk\/wp-content\/uploads\/2019\/05\/Hotel-Aqua-Velky-Meder-20160908_144456.jpg\",\"datePublished\":\"2022-01-17T08:23:29+00:00\",\"dateModified\":\"2022-01-17T08:25:40+00:00\",\"breadcrumb\":{\"@id\":\"https:\/\/www.hotelaqua.sk\/en\/accommodation-velky-meder\/price-list\/#breadcrumb\"},\"inLanguage\":\"sk-SK\",\"potentialAction\":[{\"@type\":\"ReadAction\",\"target\":[\"https:\/\/www.hotelaqua.sk\/en\/accommodation-velky-meder\/price-list\/\"]}]},{\"@type\":\"ImageObject\",\"inLanguage\":\"sk-SK\",\"@id\":\"https:\/\/www.hotelaqua.sk\/en\/accommodation-velky-meder\/price-list\/#primaryimage\",\"url\":\"https:\/\/www.hotelaqua.sk\/wp-content\/uploads\/2019\/05\/Hotel-Aqua-Velky-Meder-20160908_144456.jpg\",\"contentUrl\":\"https:\/\/www.hotelaqua.sk\/wp-content\/uploads\/2019\/05\/Hotel-Aqua-Velky-Meder-20160908_144456.jpg\",\"width\":2400,\"height\":1350,\"caption\":\"Hotel Aqua Ve\u013ek\u00fd Meder\"},{\"@type\":\"BreadcrumbList\",\"@id\":\"https:\/\/www.hotelaqua.sk\/en\/accommodation-velky-meder\/price-list\/#breadcrumb\",\"itemListElement\":[{\"@type\":\"ListItem\",\"position\":1,\"name\":\"Domovsk\u00e1 str\u00e1nka\",\"item\":\"https:\/\/www.hotelaqua.sk\/de\/hotel-aqua-thermen-slowakei-velky-meder\/\"},{\"@type\":\"ListItem\",\"position\":2,\"name\":\"Accommodation, Pricelist\",\"item\":\"https:\/\/www.hotelaqua.sk\/en\/accommodation-velky-meder\/\"},{\"@type\":\"ListItem\",\"position\":3,\"name\":\"Price list\"}]},{\"@type\":\"WebSite\",\"@id\":\"https:\/\/www.hotelaqua.sk\/sk\/#website\",\"url\":\"https:\/\/www.hotelaqua.sk\/sk\/\",\"name\":\"HOTEL AQUA VARGA ***\",\"description\":\"Hotel v bl\u00edzkosti term\u00e1lneho k\u00fapaliska vo Ve\u013ekom Mederi\",\"potentialAction\":[{\"@type\":\"SearchAction\",\"target\":{\"@type\":\"EntryPoint\",\"urlTemplate\":\"https:\/\/www.hotelaqua.sk\/sk\/?s={search_term_string}\"},\"query-input\":{\"@type\":\"PropertyValueSpecification\",\"valueRequired\":true,\"valueName\":\"search_term_string\"}}],\"inLanguage\":\"sk-SK\"}]}<\/script>\n<!-- \/ Yoast SEO plugin. -->","yoast_head_json":{"title":"Price list - HOTEL AQUA VARGA ***","robots":{"index":"index","follow":"follow","max-snippet":"max-snippet:-1","max-image-preview":"max-image-preview:large","max-video-preview":"max-video-preview:-1"},"canonical":"https:\/\/www.hotelaqua.sk\/en\/accommodation-velky-meder\/price-list\/","og_locale":"sk_SK","og_type":"article","og_title":"Price list - HOTEL AQUA VARGA ***","og_description":"Best offers and pricelist: &nbsp; Rezervujte si sv\u016fj pobyt:: e-mail info@hotelthermal.sk, phone +421315530336, +421917460625 online: BOOK NOW Mutual front desk with Hotel Thermal Varga *** *** For visitors, the SPA and water park Ve\u013ek\u00fd Meder Slovakia offers accommodation in Ve\u013ek\u00fd Meder. Next to the thermal swimming pool Ve\u013ek\u00fd Meder Thermal Corvinus &#8211; Sea of \u200b\u200bexperiences [&hellip;]","og_url":"https:\/\/www.hotelaqua.sk\/en\/accommodation-velky-meder\/price-list\/","og_site_name":"HOTEL AQUA VARGA ***","article_modified_time":"2022-01-17T08:25:40+00:00","og_image":[{"width":1024,"height":576,"url":"https:\/\/www.hotelaqua.sk\/wp-content\/uploads\/2019\/05\/Hotel-Aqua-Velky-Meder-20160908_144456-1024x576.jpg","type":"image\/jpeg"}],"twitter_misc":{"Predpokladan\u00fd \u010das \u010d\u00edtania":"2 min\u00faty"},"schema":{"@context":"https:\/\/schema.org","@graph":[{"@type":"WebPage","@id":"https:\/\/www.hotelaqua.sk\/en\/accommodation-velky-meder\/price-list\/","url":"https:\/\/www.hotelaqua.sk\/en\/accommodation-velky-meder\/price-list\/","name":"Price list - HOTEL AQUA VARGA ***","isPartOf":{"@id":"https:\/\/www.hotelaqua.sk\/sk\/#website"},"primaryImageOfPage":{"@id":"https:\/\/www.hotelaqua.sk\/en\/accommodation-velky-meder\/price-list\/#primaryimage"},"image":{"@id":"https:\/\/www.hotelaqua.sk\/en\/accommodation-velky-meder\/price-list\/#primaryimage"},"thumbnailUrl":"https:\/\/www.hotelaqua.sk\/wp-content\/uploads\/2019\/05\/Hotel-Aqua-Velky-Meder-20160908_144456.jpg","datePublished":"2022-01-17T08:23:29+00:00","dateModified":"2022-01-17T08:25:40+00:00","breadcrumb":{"@id":"https:\/\/www.hotelaqua.sk\/en\/accommodation-velky-meder\/price-list\/#breadcrumb"},"inLanguage":"sk-SK","potentialAction":[{"@type":"ReadAction","target":["https:\/\/www.hotelaqua.sk\/en\/accommodation-velky-meder\/price-list\/"]}]},{"@type":"ImageObject","inLanguage":"sk-SK","@id":"https:\/\/www.hotelaqua.sk\/en\/accommodation-velky-meder\/price-list\/#primaryimage","url":"https:\/\/www.hotelaqua.sk\/wp-content\/uploads\/2019\/05\/Hotel-Aqua-Velky-Meder-20160908_144456.jpg","contentUrl":"https:\/\/www.hotelaqua.sk\/wp-content\/uploads\/2019\/05\/Hotel-Aqua-Velky-Meder-20160908_144456.jpg","width":2400,"height":1350,"caption":"Hotel Aqua Ve\u013ek\u00fd Meder"},{"@type":"BreadcrumbList","@id":"https:\/\/www.hotelaqua.sk\/en\/accommodation-velky-meder\/price-list\/#breadcrumb","itemListElement":[{"@type":"ListItem","position":1,"name":"Domovsk\u00e1 str\u00e1nka","item":"https:\/\/www.hotelaqua.sk\/de\/hotel-aqua-thermen-slowakei-velky-meder\/"},{"@type":"ListItem","position":2,"name":"Accommodation, Pricelist","item":"https:\/\/www.hotelaqua.sk\/en\/accommodation-velky-meder\/"},{"@type":"ListItem","position":3,"name":"Price list"}]},{"@type":"WebSite","@id":"https:\/\/www.hotelaqua.sk\/sk\/#website","url":"https:\/\/www.hotelaqua.sk\/sk\/","name":"HOTEL AQUA VARGA ***","description":"Hotel v bl\u00edzkosti term\u00e1lneho k\u00fapaliska vo Ve\u013ekom Mederi","potentialAction":[{"@type":"SearchAction","target":{"@type":"EntryPoint","urlTemplate":"https:\/\/www.hotelaqua.sk\/sk\/?s={search_term_string}"},"query-input":{"@type":"PropertyValueSpecification","valueRequired":true,"valueName":"search_term_string"}}],"inLanguage":"sk-SK"}]}},"_links":{"self":[{"href":"https:\/\/www.hotelaqua.sk\/sk\/wp-json\/wp\/v2\/pages\/2339","targetHints":{"allow":["GET"]}}],"collection":[{"href":"https:\/\/www.hotelaqua.sk\/sk\/wp-json\/wp\/v2\/pages"}],"about":[{"href":"https:\/\/www.hotelaqua.sk\/sk\/wp-json\/wp\/v2\/types\/page"}],"author":[{"embeddable":true,"href":"https:\/\/www.hotelaqua.sk\/sk\/wp-json\/wp\/v2\/users\/2"}],"replies":[{"embeddable":true,"href":"https:\/\/www.hotelaqua.sk\/sk\/wp-json\/wp\/v2\/comments?post=2339"}],"version-history":[{"count":0,"href":"https:\/\/www.hotelaqua.sk\/sk\/wp-json\/wp\/v2\/pages\/2339\/revisions"}],"up":[{"embeddable":true,"href":"https:\/\/www.hotelaqua.sk\/sk\/wp-json\/wp\/v2\/pages\/67"}],"wp:featuredmedia":[{"embeddable":true,"href":"https:\/\/www.hotelaqua.sk\/sk\/wp-json\/wp\/v2\/media\/2005"}],"wp:attachment":[{"href":"https:\/\/www.hotelaqua.sk\/sk\/wp-json\/wp\/v2\/media?parent=2339"}],"curies":[{"name":"wp","href":"https:\/\/api.w.org\/{rel}","templated":true}]}}