{"id":1924,"date":"2018-12-18T17:10:05","date_gmt":"2018-12-18T16:10:05","guid":{"rendered":"https:\/\/www.hotelaqua.sk\/?page_id=1924"},"modified":"2018-12-18T17:10:36","modified_gmt":"2018-12-18T16:10:36","slug":"izba-standard-pristelka","status":"publish","type":"page","link":"https:\/\/www.hotelaqua.sk\/sk\/ubytovanie-velky-meder\/izba-standard-pristelka\/","title":{"rendered":"Izba \u0160tandard pr\u00edstelka"},"content":{"rendered":"<p><i class=\"fa fa-male fa-2x\" aria-hidden=\"true\"><\/i><i class=\"fa fa-male fa-2x\" aria-hidden=\"true\"><\/i><i class=\"fa fa-male fa-lg\" aria-hidden=\"true\"><\/i>\u00a0<strong>Izba s pr\u00edstelkou 2+1<\/strong><\/p>\n<p><strong>Dvojl\u00f4\u017ekov\u00e1 izba s mo\u017enos\u0165ou jednej pr\u00edste\u013eky<\/strong><\/p>\n<div class=\"rgg-container\" data-rgg-id=\"1\">    <div class=\"rgg-imagegrid captions-title captions-effect-none \" data-rgg-id=\"1\">\n                    <a href=\"https:\/\/www.hotelaqua.sk\/wp-content\/uploads\/2018\/09\/MG_1332-1024x646.jpg\" data-rel=\"rgg\" rel=\"rgg\" title=\"Ubytovanie Ve\u013ek&yacute; Meder\" class=\"rgg-disabled size-medium rgg-img\" data-src=\"https:\/\/www.hotelaqua.sk\/wp-content\/uploads\/2018\/09\/MG_1332-300x189.jpg\" data-ratio=\"1.5873015873\" data-height=\"189\" data-width=\"300\" aria-label=\"\">\n                            <\/a>\n                    <a href=\"https:\/\/www.hotelaqua.sk\/wp-content\/uploads\/2016\/01\/RAC5372-1024x684.jpg\" data-rel=\"rgg\" rel=\"rgg\" title=\"Ubytov&aacute;n&iacute; Ve\u013ek&yacute; Meder\" class=\"rgg-disabled size-medium rgg-img\" data-src=\"https:\/\/www.hotelaqua.sk\/wp-content\/uploads\/2016\/01\/RAC5372-300x200.jpg\" data-ratio=\"1.5\" data-height=\"200\" data-width=\"300\" aria-label=\"Ubytov\u00e1n\u00ed Ve\u013ek\u00fd Meder\">\n                            <\/a>\n                    <a href=\"https:\/\/www.hotelaqua.sk\/wp-content\/uploads\/2018\/09\/MG_1328_1-1024x683.jpg\" data-rel=\"rgg\" rel=\"rgg\" title=\"Ubytovanie Ve\u013ek&yacute; Meder\" class=\"rgg-disabled size-medium rgg-img\" data-src=\"https:\/\/www.hotelaqua.sk\/wp-content\/uploads\/2018\/09\/MG_1328_1-300x200.jpg\" data-ratio=\"1.5\" data-height=\"200\" data-width=\"300\" aria-label=\"\">\n                            <\/a>\n                    <a href=\"https:\/\/www.hotelaqua.sk\/wp-content\/uploads\/2018\/09\/MG_1320-1024x683.jpg\" data-rel=\"rgg\" rel=\"rgg\" title=\"Ubytovanie Ve\u013ek&yacute; Meder\" class=\"rgg-disabled size-medium rgg-img\" data-src=\"https:\/\/www.hotelaqua.sk\/wp-content\/uploads\/2018\/09\/MG_1320-300x200.jpg\" data-ratio=\"1.5\" data-height=\"200\" data-width=\"300\" aria-label=\"\">\n                            <\/a>\n                    <a href=\"https:\/\/www.hotelaqua.sk\/wp-content\/uploads\/2018\/09\/MG_1309-1024x663.jpg\" data-rel=\"rgg\" rel=\"rgg\" title=\"Ubytovanie Ve\u013ek&yacute; Meder\" class=\"rgg-disabled size-medium rgg-img\" data-src=\"https:\/\/www.hotelaqua.sk\/wp-content\/uploads\/2018\/09\/MG_1309-300x194.jpg\" data-ratio=\"1.54639175258\" data-height=\"194\" data-width=\"300\" aria-label=\"\">\n                            <\/a>\n            <\/div>\n<\/div>\n<p>Cena dvojl\u00f4\u017ekovej izby, jednoizbov\u00fd apartm\u00e1n, dvojizbov\u00fd apartm\u00e1n zah\u0155\u0148a:<\/p>\n<ul>\n<li>Free WiFi<\/li>\n<li>Ra\u0148ajky \/ mo\u017enos\u0165 doobjednania polpenzie \/ \u2013 \u0161v\u00e9dske stoly<\/li>\n<li>Parkovanie \/ parkovisko pri hotely<\/li>\n<li>Su\u0161i\u010d na vlasy<\/li>\n<li>Trezor na izbe<\/li>\n<li>Chladni\u010dka<\/li>\n<li>Na po\u017eiadanie zapo\u017ei\u010diavame bicykle v cene izby<\/li>\n<\/ul>\n","protected":false},"excerpt":{"rendered":"<p>\u00a0Izba s pr\u00edstelkou 2+1 Dvojl\u00f4\u017ekov\u00e1 izba s mo\u017enos\u0165ou jednej pr\u00edste\u013eky Cena dvojl\u00f4\u017ekovej izby, jednoizbov\u00fd apartm\u00e1n, dvojizbov\u00fd apartm\u00e1n zah\u0155\u0148a: Free WiFi Ra\u0148ajky \/ mo\u017enos\u0165 doobjednania polpenzie \/ \u2013 \u0161v\u00e9dske stoly Parkovanie \/ parkovisko pri hotely Su\u0161i\u010d na vlasy Trezor na izbe Chladni\u010dka Na po\u017eiadanie zapo\u017ei\u010diavame bicykle v cene izby<\/p>\n","protected":false},"author":2,"featured_media":1646,"parent":4,"menu_order":0,"comment_status":"closed","ping_status":"closed","template":"","meta":{"footnotes":""},"class_list":["post-1924","page","type-page","status-publish","has-post-thumbnail","hentry"],"yoast_head":"<!-- This site is optimized with the Yoast SEO plugin v25.3.1 - https:\/\/yoast.com\/wordpress\/plugins\/seo\/ -->\n<title>Izba \u0160tandard pr\u00edstelka - HOTEL AQUA VARGA ***<\/title>\n<meta name=\"robots\" content=\"index, follow, max-snippet:-1, max-image-preview:large, max-video-preview:-1\" \/>\n<link rel=\"canonical\" href=\"https:\/\/www.hotelaqua.sk\/sk\/ubytovanie-velky-meder\/izba-standard-pristelka\/\" \/>\n<meta property=\"og:locale\" content=\"sk_SK\" \/>\n<meta property=\"og:type\" content=\"article\" \/>\n<meta property=\"og:title\" content=\"Izba \u0160tandard pr\u00edstelka - HOTEL AQUA VARGA ***\" \/>\n<meta property=\"og:description\" content=\"\u00a0Izba s pr\u00edstelkou 2+1 Dvojl\u00f4\u017ekov\u00e1 izba s mo\u017enos\u0165ou jednej pr\u00edste\u013eky Cena dvojl\u00f4\u017ekovej izby, jednoizbov\u00fd apartm\u00e1n, dvojizbov\u00fd apartm\u00e1n zah\u0155\u0148a: Free WiFi Ra\u0148ajky \/ mo\u017enos\u0165 doobjednania polpenzie \/ \u2013 \u0161v\u00e9dske stoly Parkovanie \/ parkovisko pri hotely Su\u0161i\u010d na vlasy Trezor na izbe Chladni\u010dka Na po\u017eiadanie zapo\u017ei\u010diavame bicykle v cene izby\" \/>\n<meta property=\"og:url\" content=\"https:\/\/www.hotelaqua.sk\/sk\/ubytovanie-velky-meder\/izba-standard-pristelka\/\" \/>\n<meta property=\"og:site_name\" content=\"HOTEL AQUA VARGA ***\" \/>\n<meta property=\"article:modified_time\" content=\"2018-12-18T16:10:36+00:00\" \/>\n<meta property=\"og:image\" content=\"https:\/\/www.hotelaqua.sk\/wp-content\/uploads\/2018\/09\/MG_1332-1024x646.jpg\" \/>\n\t<meta property=\"og:image:width\" content=\"1024\" \/>\n\t<meta property=\"og:image:height\" content=\"646\" \/>\n\t<meta property=\"og:image:type\" content=\"image\/jpeg\" \/>\n<script type=\"application\/ld+json\" class=\"yoast-schema-graph\">{\"@context\":\"https:\/\/schema.org\",\"@graph\":[{\"@type\":\"WebPage\",\"@id\":\"https:\/\/www.hotelaqua.sk\/sk\/ubytovanie-velky-meder\/izba-standard-pristelka\/\",\"url\":\"https:\/\/www.hotelaqua.sk\/sk\/ubytovanie-velky-meder\/izba-standard-pristelka\/\",\"name\":\"Izba \u0160tandard pr\u00edstelka - HOTEL AQUA VARGA ***\",\"isPartOf\":{\"@id\":\"https:\/\/www.hotelaqua.sk\/sk\/#website\"},\"primaryImageOfPage\":{\"@id\":\"https:\/\/www.hotelaqua.sk\/sk\/ubytovanie-velky-meder\/izba-standard-pristelka\/#primaryimage\"},\"image\":{\"@id\":\"https:\/\/www.hotelaqua.sk\/sk\/ubytovanie-velky-meder\/izba-standard-pristelka\/#primaryimage\"},\"thumbnailUrl\":\"https:\/\/www.hotelaqua.sk\/wp-content\/uploads\/2018\/09\/MG_1332.jpg\",\"datePublished\":\"2018-12-18T16:10:05+00:00\",\"dateModified\":\"2018-12-18T16:10:36+00:00\",\"breadcrumb\":{\"@id\":\"https:\/\/www.hotelaqua.sk\/sk\/ubytovanie-velky-meder\/izba-standard-pristelka\/#breadcrumb\"},\"inLanguage\":\"sk-SK\",\"potentialAction\":[{\"@type\":\"ReadAction\",\"target\":[\"https:\/\/www.hotelaqua.sk\/sk\/ubytovanie-velky-meder\/izba-standard-pristelka\/\"]}]},{\"@type\":\"ImageObject\",\"inLanguage\":\"sk-SK\",\"@id\":\"https:\/\/www.hotelaqua.sk\/sk\/ubytovanie-velky-meder\/izba-standard-pristelka\/#primaryimage\",\"url\":\"https:\/\/www.hotelaqua.sk\/wp-content\/uploads\/2018\/09\/MG_1332.jpg\",\"contentUrl\":\"https:\/\/www.hotelaqua.sk\/wp-content\/uploads\/2018\/09\/MG_1332.jpg\",\"width\":2600,\"height\":1641,\"caption\":\"Ubytovanie Ve\u013ek\u00fd Meder\"},{\"@type\":\"BreadcrumbList\",\"@id\":\"https:\/\/www.hotelaqua.sk\/sk\/ubytovanie-velky-meder\/izba-standard-pristelka\/#breadcrumb\",\"itemListElement\":[{\"@type\":\"ListItem\",\"position\":1,\"name\":\"Domovsk\u00e1 str\u00e1nka\",\"item\":\"https:\/\/www.hotelaqua.sk\/sk\/\"},{\"@type\":\"ListItem\",\"position\":2,\"name\":\"Ubytovanie Ve\u013ek\u00fd Meder\",\"item\":\"https:\/\/www.hotelaqua.sk\/sk\/ubytovanie-velky-meder\/\"},{\"@type\":\"ListItem\",\"position\":3,\"name\":\"Izba \u0160tandard pr\u00edstelka\"}]},{\"@type\":\"WebSite\",\"@id\":\"https:\/\/www.hotelaqua.sk\/sk\/#website\",\"url\":\"https:\/\/www.hotelaqua.sk\/sk\/\",\"name\":\"HOTEL AQUA VARGA ***\",\"description\":\"Hotel v bl\u00edzkosti term\u00e1lneho k\u00fapaliska vo Ve\u013ekom Mederi\",\"potentialAction\":[{\"@type\":\"SearchAction\",\"target\":{\"@type\":\"EntryPoint\",\"urlTemplate\":\"https:\/\/www.hotelaqua.sk\/sk\/?s={search_term_string}\"},\"query-input\":{\"@type\":\"PropertyValueSpecification\",\"valueRequired\":true,\"valueName\":\"search_term_string\"}}],\"inLanguage\":\"sk-SK\"}]}<\/script>\n<!-- \/ Yoast SEO plugin. -->","yoast_head_json":{"title":"Izba \u0160tandard pr\u00edstelka - HOTEL AQUA VARGA ***","robots":{"index":"index","follow":"follow","max-snippet":"max-snippet:-1","max-image-preview":"max-image-preview:large","max-video-preview":"max-video-preview:-1"},"canonical":"https:\/\/www.hotelaqua.sk\/sk\/ubytovanie-velky-meder\/izba-standard-pristelka\/","og_locale":"sk_SK","og_type":"article","og_title":"Izba \u0160tandard pr\u00edstelka - HOTEL AQUA VARGA ***","og_description":"\u00a0Izba s pr\u00edstelkou 2+1 Dvojl\u00f4\u017ekov\u00e1 izba s mo\u017enos\u0165ou jednej pr\u00edste\u013eky Cena dvojl\u00f4\u017ekovej izby, jednoizbov\u00fd apartm\u00e1n, dvojizbov\u00fd apartm\u00e1n zah\u0155\u0148a: Free WiFi Ra\u0148ajky \/ mo\u017enos\u0165 doobjednania polpenzie \/ \u2013 \u0161v\u00e9dske stoly Parkovanie \/ parkovisko pri hotely Su\u0161i\u010d na vlasy Trezor na izbe Chladni\u010dka Na po\u017eiadanie zapo\u017ei\u010diavame bicykle v cene izby","og_url":"https:\/\/www.hotelaqua.sk\/sk\/ubytovanie-velky-meder\/izba-standard-pristelka\/","og_site_name":"HOTEL AQUA VARGA ***","article_modified_time":"2018-12-18T16:10:36+00:00","og_image":[{"width":1024,"height":646,"url":"https:\/\/www.hotelaqua.sk\/wp-content\/uploads\/2018\/09\/MG_1332-1024x646.jpg","type":"image\/jpeg"}],"schema":{"@context":"https:\/\/schema.org","@graph":[{"@type":"WebPage","@id":"https:\/\/www.hotelaqua.sk\/sk\/ubytovanie-velky-meder\/izba-standard-pristelka\/","url":"https:\/\/www.hotelaqua.sk\/sk\/ubytovanie-velky-meder\/izba-standard-pristelka\/","name":"Izba \u0160tandard pr\u00edstelka - HOTEL AQUA VARGA ***","isPartOf":{"@id":"https:\/\/www.hotelaqua.sk\/sk\/#website"},"primaryImageOfPage":{"@id":"https:\/\/www.hotelaqua.sk\/sk\/ubytovanie-velky-meder\/izba-standard-pristelka\/#primaryimage"},"image":{"@id":"https:\/\/www.hotelaqua.sk\/sk\/ubytovanie-velky-meder\/izba-standard-pristelka\/#primaryimage"},"thumbnailUrl":"https:\/\/www.hotelaqua.sk\/wp-content\/uploads\/2018\/09\/MG_1332.jpg","datePublished":"2018-12-18T16:10:05+00:00","dateModified":"2018-12-18T16:10:36+00:00","breadcrumb":{"@id":"https:\/\/www.hotelaqua.sk\/sk\/ubytovanie-velky-meder\/izba-standard-pristelka\/#breadcrumb"},"inLanguage":"sk-SK","potentialAction":[{"@type":"ReadAction","target":["https:\/\/www.hotelaqua.sk\/sk\/ubytovanie-velky-meder\/izba-standard-pristelka\/"]}]},{"@type":"ImageObject","inLanguage":"sk-SK","@id":"https:\/\/www.hotelaqua.sk\/sk\/ubytovanie-velky-meder\/izba-standard-pristelka\/#primaryimage","url":"https:\/\/www.hotelaqua.sk\/wp-content\/uploads\/2018\/09\/MG_1332.jpg","contentUrl":"https:\/\/www.hotelaqua.sk\/wp-content\/uploads\/2018\/09\/MG_1332.jpg","width":2600,"height":1641,"caption":"Ubytovanie Ve\u013ek\u00fd Meder"},{"@type":"BreadcrumbList","@id":"https:\/\/www.hotelaqua.sk\/sk\/ubytovanie-velky-meder\/izba-standard-pristelka\/#breadcrumb","itemListElement":[{"@type":"ListItem","position":1,"name":"Domovsk\u00e1 str\u00e1nka","item":"https:\/\/www.hotelaqua.sk\/sk\/"},{"@type":"ListItem","position":2,"name":"Ubytovanie Ve\u013ek\u00fd Meder","item":"https:\/\/www.hotelaqua.sk\/sk\/ubytovanie-velky-meder\/"},{"@type":"ListItem","position":3,"name":"Izba \u0160tandard pr\u00edstelka"}]},{"@type":"WebSite","@id":"https:\/\/www.hotelaqua.sk\/sk\/#website","url":"https:\/\/www.hotelaqua.sk\/sk\/","name":"HOTEL AQUA VARGA ***","description":"Hotel v bl\u00edzkosti term\u00e1lneho k\u00fapaliska vo Ve\u013ekom Mederi","potentialAction":[{"@type":"SearchAction","target":{"@type":"EntryPoint","urlTemplate":"https:\/\/www.hotelaqua.sk\/sk\/?s={search_term_string}"},"query-input":{"@type":"PropertyValueSpecification","valueRequired":true,"valueName":"search_term_string"}}],"inLanguage":"sk-SK"}]}},"_links":{"self":[{"href":"https:\/\/www.hotelaqua.sk\/sk\/wp-json\/wp\/v2\/pages\/1924","targetHints":{"allow":["GET"]}}],"collection":[{"href":"https:\/\/www.hotelaqua.sk\/sk\/wp-json\/wp\/v2\/pages"}],"about":[{"href":"https:\/\/www.hotelaqua.sk\/sk\/wp-json\/wp\/v2\/types\/page"}],"author":[{"embeddable":true,"href":"https:\/\/www.hotelaqua.sk\/sk\/wp-json\/wp\/v2\/users\/2"}],"replies":[{"embeddable":true,"href":"https:\/\/www.hotelaqua.sk\/sk\/wp-json\/wp\/v2\/comments?post=1924"}],"version-history":[{"count":2,"href":"https:\/\/www.hotelaqua.sk\/sk\/wp-json\/wp\/v2\/pages\/1924\/revisions"}],"predecessor-version":[{"id":1929,"href":"https:\/\/www.hotelaqua.sk\/sk\/wp-json\/wp\/v2\/pages\/1924\/revisions\/1929"}],"up":[{"embeddable":true,"href":"https:\/\/www.hotelaqua.sk\/sk\/wp-json\/wp\/v2\/pages\/4"}],"wp:featuredmedia":[{"embeddable":true,"href":"https:\/\/www.hotelaqua.sk\/sk\/wp-json\/wp\/v2\/media\/1646"}],"wp:attachment":[{"href":"https:\/\/www.hotelaqua.sk\/sk\/wp-json\/wp\/v2\/media?parent=1924"}],"curies":[{"name":"wp","href":"https:\/\/api.w.org\/{rel}","templated":true}]}}