{"id":16,"date":"2015-10-26T22:55:48","date_gmt":"2015-10-26T20:55:48","guid":{"rendered":"http:\/\/127.0.0.1:8445\/?page_id=16"},"modified":"2017-10-07T23:07:32","modified_gmt":"2017-10-07T21:07:32","slug":"velky-meder-mitingy-svadby","status":"publish","type":"page","link":"https:\/\/www.hotelaqua.sk\/sk\/velky-meder-mitingy-svadby\/","title":{"rendered":"M\u00edtingy a svadby"},"content":{"rendered":"<p><strong>N\u00e1\u0161 hotel pon\u00faka priestory pre<\/strong><br \/>\nakcie, firemn\u00e9-spolo\u010densk\u00e9 ve\u010dierky, \u0161kolenia, semin\u00e1re, konferencie, elegantn\u00fd v\u00fdro\u010die udalosti, party.<\/p>\n<p><strong>Po pr\u00e1ci, pr\u00edde relax:<\/strong><br \/>\nTerm\u00e1lna voda s priazniv\u00fdmi \u00fa\u010dinkami na pohybov\u00e9 \u00fastrojenstvo, mas\u00e1\u017e, sauna na term\u00e1lnom k\u00fapalisku Ve\u013ek\u00fd Meder. Ve\u010der pokra\u010duje ochutn\u00e1vkou v\u00edna, biliard, stoln\u00fd futbal. Hotelov\u00fd bar je otvoren\u00fd pre hotelov\u00fdch host\u00ed 24 hod\u00edn.<\/p>\n<div class=\"embed-responsive embed-responsive-16by9\">\n<iframe loading=\"lazy\" src=\"https:\/\/player.vimeo.com\/video\/166628292\" width=\"640\" height=\"360\" frameborder=\"0\" allowfullscreen=\"allowfullscreen\"><\/iframe>\n<\/div>\n<p><a href=\"https:\/\/vimeo.com\/166628292\">Veronika &amp; Matteo &#8211; wedding trailer<\/a> from <a href=\"https:\/\/vimeo.com\/user2088443\">P\u0151cze S\u00e1ndor<\/a> on <a href=\"https:\/\/vimeo.com\">Vimeo<\/a>.<\/p>\n<div class=\"rgg-container\" data-rgg-id=\"1\">    <div class=\"rgg-imagegrid captions-title captions-effect-none \" data-rgg-id=\"1\">\n                    <a href=\"https:\/\/www.hotelaqua.sk\/wp-content\/uploads\/2015\/10\/MG_5362-1024x683.jpg\" data-rel=\"rgg\" rel=\"rgg\" title=\"Svadby Ve\u013ek&yacute; Meder Hotel Aqua Thermal Varga\" class=\"rgg-disabled size-medium rgg-img\" data-src=\"https:\/\/www.hotelaqua.sk\/wp-content\/uploads\/2015\/10\/MG_5362-300x200.jpg\" data-ratio=\"1.5\" data-height=\"200\" data-width=\"300\" aria-label=\"Svadby Ve\u013ek\u00fd Meder Hotel Aqua Thermal Varga\">\n                            <\/a>\n                    <a href=\"https:\/\/www.hotelaqua.sk\/wp-content\/uploads\/2015\/10\/MG_5379-1024x683.jpg\" data-rel=\"rgg\" rel=\"rgg\" title=\"Svadby Ve\u013ek&yacute; Meder Hotel Aqua Thermal Varga\" class=\"rgg-disabled size-medium rgg-img\" data-src=\"https:\/\/www.hotelaqua.sk\/wp-content\/uploads\/2015\/10\/MG_5379-300x200.jpg\" data-ratio=\"1.5\" data-height=\"200\" data-width=\"300\" aria-label=\"Svadby Ve\u013ek\u00fd Meder Hotel Aqua Thermal Varga\">\n                            <\/a>\n                    <a href=\"https:\/\/www.hotelaqua.sk\/wp-content\/uploads\/2015\/10\/MG_5055-683x1024.jpg\" data-rel=\"rgg\" rel=\"rgg\" title=\"Svadby Ve\u013ek&yacute; Meder Hotel Aqua Thermal Varga\" class=\"rgg-disabled size-medium rgg-img\" data-src=\"https:\/\/www.hotelaqua.sk\/wp-content\/uploads\/2015\/10\/MG_5055-200x300.jpg\" data-ratio=\"0.666666666667\" data-height=\"300\" data-width=\"200\" aria-label=\"Svadby Ve\u013ek\u00fd Meder Hotel Aqua Thermal Varga\">\n                            <\/a>\n                    <a href=\"https:\/\/www.hotelaqua.sk\/wp-content\/uploads\/2015\/10\/MG_4617-1024x683.jpg\" data-rel=\"rgg\" rel=\"rgg\" title=\"Svadby Ve\u013ek&yacute; Meder Hotel Aqua Thermal Varga\" class=\"rgg-disabled size-medium rgg-img\" data-src=\"https:\/\/www.hotelaqua.sk\/wp-content\/uploads\/2015\/10\/MG_4617-300x200.jpg\" data-ratio=\"1.5\" data-height=\"200\" data-width=\"300\" aria-label=\"Svadby Ve\u013ek\u00fd Meder Hotel Aqua Thermal Varga\">\n                            <\/a>\n                    <a href=\"https:\/\/www.hotelaqua.sk\/wp-content\/uploads\/2015\/10\/DSC_2817_zps7b91ad2d.jpg\" data-rel=\"rgg\" rel=\"rgg\" title=\"\" class=\"rgg-disabled size-medium rgg-img\" data-src=\"https:\/\/www.hotelaqua.sk\/wp-content\/uploads\/2015\/10\/DSC_2817_zps7b91ad2d-300x225.jpg\" data-ratio=\"1.33333333333\" data-height=\"225\" data-width=\"300\" aria-label=\"\">\n                            <\/a>\n                    <a href=\"https:\/\/www.hotelaqua.sk\/wp-content\/uploads\/2015\/10\/DSC_3338_zps28748b13-1024x684.jpg\" data-rel=\"rgg\" rel=\"rgg\" title=\"\" class=\"rgg-disabled size-medium rgg-img\" data-src=\"https:\/\/www.hotelaqua.sk\/wp-content\/uploads\/2015\/10\/DSC_3338_zps28748b13-300x200.jpg\" data-ratio=\"1.5\" data-height=\"200\" data-width=\"300\" aria-label=\"\">\n                            <\/a>\n                    <a href=\"https:\/\/www.hotelaqua.sk\/wp-content\/uploads\/2015\/10\/DSC_2449_zps2d44530e-1024x684.jpg\" data-rel=\"rgg\" rel=\"rgg\" title=\"Svadby Ve\u013ek&yacute; Meder Hotel Aqua Thermal Varga\" class=\"rgg-disabled size-medium rgg-img\" data-src=\"https:\/\/www.hotelaqua.sk\/wp-content\/uploads\/2015\/10\/DSC_2449_zps2d44530e-300x200.jpg\" data-ratio=\"1.5\" data-height=\"200\" data-width=\"300\" aria-label=\"Svadby Ve\u013ek\u00fd Meder Hotel Aqua Thermal Varga\">\n                            <\/a>\n                    <a href=\"https:\/\/www.hotelaqua.sk\/wp-content\/uploads\/2015\/10\/DSC_1919_zpsd5388ac8-1024x684.jpg\" data-rel=\"rgg\" rel=\"rgg\" title=\"Svadby Ve\u013ek&yacute; Meder Hotel Aqua Thermal Varga\" class=\"rgg-disabled size-medium rgg-img\" data-src=\"https:\/\/www.hotelaqua.sk\/wp-content\/uploads\/2015\/10\/DSC_1919_zpsd5388ac8-300x200.jpg\" data-ratio=\"1.5\" data-height=\"200\" data-width=\"300\" aria-label=\"Svadby Ve\u013ek\u00fd Meder Hotel Aqua Thermal Varga\">\n                            <\/a>\n                    <a href=\"https:\/\/www.hotelaqua.sk\/wp-content\/uploads\/2015\/10\/DSC_1750_zpsa020f34b-1024x684.jpg\" data-rel=\"rgg\" rel=\"rgg\" title=\"Svadby Ve\u013ek&yacute; Meder Hotel Aqua Thermal Varga\" class=\"rgg-disabled size-medium rgg-img\" data-src=\"https:\/\/www.hotelaqua.sk\/wp-content\/uploads\/2015\/10\/DSC_1750_zpsa020f34b-300x200.jpg\" data-ratio=\"1.5\" data-height=\"200\" data-width=\"300\" aria-label=\"Svadby Ve\u013ek\u00fd Meder Hotel Aqua Thermal Varga\">\n                            <\/a>\n            <\/div>\n<\/div>\n","protected":false},"excerpt":{"rendered":"<p>N\u00e1\u0161 hotel pon\u00faka priestory pre akcie, firemn\u00e9-spolo\u010densk\u00e9 ve\u010dierky, \u0161kolenia, semin\u00e1re, konferencie, elegantn\u00fd v\u00fdro\u010die udalosti, party. Po pr\u00e1ci, pr\u00edde relax: Term\u00e1lna voda s priazniv\u00fdmi \u00fa\u010dinkami na pohybov\u00e9 \u00fastrojenstvo, mas\u00e1\u017e, sauna na term\u00e1lnom k\u00fapalisku Ve\u013ek\u00fd Meder. Ve\u010der pokra\u010duje ochutn\u00e1vkou v\u00edna, biliard, stoln\u00fd futbal. Hotelov\u00fd bar je otvoren\u00fd pre hotelov\u00fdch host\u00ed 24 hod\u00edn. Veronika &amp; Matteo &#8211; wedding [&hellip;]<\/p>\n","protected":false},"author":1,"featured_media":287,"parent":0,"menu_order":0,"comment_status":"closed","ping_status":"closed","template":"","meta":{"footnotes":""},"class_list":["post-16","page","type-page","status-publish","has-post-thumbnail","hentry"],"yoast_head":"<!-- This site is optimized with the Yoast SEO plugin v25.3.1 - https:\/\/yoast.com\/wordpress\/plugins\/seo\/ -->\n<title>HOTEL AQUA VARGA *** - M\u00edtingy a Svadby<\/title>\n<meta name=\"robots\" content=\"index, follow, max-snippet:-1, max-image-preview:large, max-video-preview:-1\" \/>\n<link rel=\"canonical\" href=\"https:\/\/www.hotelaqua.sk\/sk\/velky-meder-mitingy-svadby\/\" \/>\n<meta property=\"og:locale\" content=\"sk_SK\" \/>\n<meta property=\"og:type\" content=\"article\" \/>\n<meta property=\"og:title\" content=\"HOTEL AQUA VARGA *** - M\u00edtingy a Svadby\" \/>\n<meta property=\"og:description\" content=\"N\u00e1\u0161 hotel pon\u00faka priestory pre akcie, firemn\u00e9-spolo\u010densk\u00e9 ve\u010dierky, \u0161kolenia, semin\u00e1re, konferencie, elegantn\u00fd v\u00fdro\u010die udalosti, party. Po pr\u00e1ci, pr\u00edde relax: Term\u00e1lna voda s priazniv\u00fdmi \u00fa\u010dinkami na pohybov\u00e9 \u00fastrojenstvo, mas\u00e1\u017e, sauna na term\u00e1lnom k\u00fapalisku Ve\u013ek\u00fd Meder. Ve\u010der pokra\u010duje ochutn\u00e1vkou v\u00edna, biliard, stoln\u00fd futbal. Hotelov\u00fd bar je otvoren\u00fd pre hotelov\u00fdch host\u00ed 24 hod\u00edn. Veronika &amp; Matteo &#8211; wedding [&hellip;]\" \/>\n<meta property=\"og:url\" content=\"https:\/\/www.hotelaqua.sk\/sk\/velky-meder-mitingy-svadby\/\" \/>\n<meta property=\"og:site_name\" content=\"HOTEL AQUA VARGA ***\" \/>\n<meta property=\"article:modified_time\" content=\"2017-10-07T21:07:32+00:00\" \/>\n<meta property=\"og:image\" content=\"https:\/\/www.hotelaqua.sk\/wp-content\/uploads\/2015\/10\/DSC_2689_zps43a00b07-e1481545358493.jpg\" \/>\n\t<meta property=\"og:image:width\" content=\"1920\" \/>\n\t<meta property=\"og:image:height\" content=\"1281\" \/>\n\t<meta property=\"og:image:type\" content=\"image\/jpeg\" \/>\n<script type=\"application\/ld+json\" class=\"yoast-schema-graph\">{\"@context\":\"https:\/\/schema.org\",\"@graph\":[{\"@type\":\"WebPage\",\"@id\":\"https:\/\/www.hotelaqua.sk\/sk\/velky-meder-mitingy-svadby\/\",\"url\":\"https:\/\/www.hotelaqua.sk\/sk\/velky-meder-mitingy-svadby\/\",\"name\":\"HOTEL AQUA VARGA *** - M\u00edtingy a Svadby\",\"isPartOf\":{\"@id\":\"https:\/\/www.hotelaqua.sk\/sk\/#website\"},\"primaryImageOfPage\":{\"@id\":\"https:\/\/www.hotelaqua.sk\/sk\/velky-meder-mitingy-svadby\/#primaryimage\"},\"image\":{\"@id\":\"https:\/\/www.hotelaqua.sk\/sk\/velky-meder-mitingy-svadby\/#primaryimage\"},\"thumbnailUrl\":\"https:\/\/www.hotelaqua.sk\/wp-content\/uploads\/2015\/10\/DSC_2689_zps43a00b07-e1481545358493.jpg\",\"datePublished\":\"2015-10-26T20:55:48+00:00\",\"dateModified\":\"2017-10-07T21:07:32+00:00\",\"breadcrumb\":{\"@id\":\"https:\/\/www.hotelaqua.sk\/sk\/velky-meder-mitingy-svadby\/#breadcrumb\"},\"inLanguage\":\"sk-SK\",\"potentialAction\":[{\"@type\":\"ReadAction\",\"target\":[\"https:\/\/www.hotelaqua.sk\/sk\/velky-meder-mitingy-svadby\/\"]}]},{\"@type\":\"ImageObject\",\"inLanguage\":\"sk-SK\",\"@id\":\"https:\/\/www.hotelaqua.sk\/sk\/velky-meder-mitingy-svadby\/#primaryimage\",\"url\":\"https:\/\/www.hotelaqua.sk\/wp-content\/uploads\/2015\/10\/DSC_2689_zps43a00b07-e1481545358493.jpg\",\"contentUrl\":\"https:\/\/www.hotelaqua.sk\/wp-content\/uploads\/2015\/10\/DSC_2689_zps43a00b07-e1481545358493.jpg\",\"width\":1920,\"height\":1281,\"caption\":\"M\u00edtingy svadby narodeniny oslavy velky meder Hotel Thermal Varga Aqua\"},{\"@type\":\"BreadcrumbList\",\"@id\":\"https:\/\/www.hotelaqua.sk\/sk\/velky-meder-mitingy-svadby\/#breadcrumb\",\"itemListElement\":[{\"@type\":\"ListItem\",\"position\":1,\"name\":\"Domovsk\u00e1 str\u00e1nka\",\"item\":\"https:\/\/www.hotelaqua.sk\/cs\/\"},{\"@type\":\"ListItem\",\"position\":2,\"name\":\"M\u00edtingy a svadby\"}]},{\"@type\":\"WebSite\",\"@id\":\"https:\/\/www.hotelaqua.sk\/sk\/#website\",\"url\":\"https:\/\/www.hotelaqua.sk\/sk\/\",\"name\":\"HOTEL AQUA VARGA ***\",\"description\":\"Hotel v bl\u00edzkosti term\u00e1lneho k\u00fapaliska vo Ve\u013ekom Mederi\",\"potentialAction\":[{\"@type\":\"SearchAction\",\"target\":{\"@type\":\"EntryPoint\",\"urlTemplate\":\"https:\/\/www.hotelaqua.sk\/sk\/?s={search_term_string}\"},\"query-input\":{\"@type\":\"PropertyValueSpecification\",\"valueRequired\":true,\"valueName\":\"search_term_string\"}}],\"inLanguage\":\"sk-SK\"}]}<\/script>\n<!-- \/ Yoast SEO plugin. -->","yoast_head_json":{"title":"HOTEL AQUA VARGA *** - M\u00edtingy a Svadby","robots":{"index":"index","follow":"follow","max-snippet":"max-snippet:-1","max-image-preview":"max-image-preview:large","max-video-preview":"max-video-preview:-1"},"canonical":"https:\/\/www.hotelaqua.sk\/sk\/velky-meder-mitingy-svadby\/","og_locale":"sk_SK","og_type":"article","og_title":"HOTEL AQUA VARGA *** - M\u00edtingy a Svadby","og_description":"N\u00e1\u0161 hotel pon\u00faka priestory pre akcie, firemn\u00e9-spolo\u010densk\u00e9 ve\u010dierky, \u0161kolenia, semin\u00e1re, konferencie, elegantn\u00fd v\u00fdro\u010die udalosti, party. Po pr\u00e1ci, pr\u00edde relax: Term\u00e1lna voda s priazniv\u00fdmi \u00fa\u010dinkami na pohybov\u00e9 \u00fastrojenstvo, mas\u00e1\u017e, sauna na term\u00e1lnom k\u00fapalisku Ve\u013ek\u00fd Meder. Ve\u010der pokra\u010duje ochutn\u00e1vkou v\u00edna, biliard, stoln\u00fd futbal. Hotelov\u00fd bar je otvoren\u00fd pre hotelov\u00fdch host\u00ed 24 hod\u00edn. Veronika &amp; Matteo &#8211; wedding [&hellip;]","og_url":"https:\/\/www.hotelaqua.sk\/sk\/velky-meder-mitingy-svadby\/","og_site_name":"HOTEL AQUA VARGA ***","article_modified_time":"2017-10-07T21:07:32+00:00","og_image":[{"width":1920,"height":1281,"url":"https:\/\/www.hotelaqua.sk\/wp-content\/uploads\/2015\/10\/DSC_2689_zps43a00b07-e1481545358493.jpg","type":"image\/jpeg"}],"schema":{"@context":"https:\/\/schema.org","@graph":[{"@type":"WebPage","@id":"https:\/\/www.hotelaqua.sk\/sk\/velky-meder-mitingy-svadby\/","url":"https:\/\/www.hotelaqua.sk\/sk\/velky-meder-mitingy-svadby\/","name":"HOTEL AQUA VARGA *** - M\u00edtingy a Svadby","isPartOf":{"@id":"https:\/\/www.hotelaqua.sk\/sk\/#website"},"primaryImageOfPage":{"@id":"https:\/\/www.hotelaqua.sk\/sk\/velky-meder-mitingy-svadby\/#primaryimage"},"image":{"@id":"https:\/\/www.hotelaqua.sk\/sk\/velky-meder-mitingy-svadby\/#primaryimage"},"thumbnailUrl":"https:\/\/www.hotelaqua.sk\/wp-content\/uploads\/2015\/10\/DSC_2689_zps43a00b07-e1481545358493.jpg","datePublished":"2015-10-26T20:55:48+00:00","dateModified":"2017-10-07T21:07:32+00:00","breadcrumb":{"@id":"https:\/\/www.hotelaqua.sk\/sk\/velky-meder-mitingy-svadby\/#breadcrumb"},"inLanguage":"sk-SK","potentialAction":[{"@type":"ReadAction","target":["https:\/\/www.hotelaqua.sk\/sk\/velky-meder-mitingy-svadby\/"]}]},{"@type":"ImageObject","inLanguage":"sk-SK","@id":"https:\/\/www.hotelaqua.sk\/sk\/velky-meder-mitingy-svadby\/#primaryimage","url":"https:\/\/www.hotelaqua.sk\/wp-content\/uploads\/2015\/10\/DSC_2689_zps43a00b07-e1481545358493.jpg","contentUrl":"https:\/\/www.hotelaqua.sk\/wp-content\/uploads\/2015\/10\/DSC_2689_zps43a00b07-e1481545358493.jpg","width":1920,"height":1281,"caption":"M\u00edtingy svadby narodeniny oslavy velky meder Hotel Thermal Varga Aqua"},{"@type":"BreadcrumbList","@id":"https:\/\/www.hotelaqua.sk\/sk\/velky-meder-mitingy-svadby\/#breadcrumb","itemListElement":[{"@type":"ListItem","position":1,"name":"Domovsk\u00e1 str\u00e1nka","item":"https:\/\/www.hotelaqua.sk\/cs\/"},{"@type":"ListItem","position":2,"name":"M\u00edtingy a svadby"}]},{"@type":"WebSite","@id":"https:\/\/www.hotelaqua.sk\/sk\/#website","url":"https:\/\/www.hotelaqua.sk\/sk\/","name":"HOTEL AQUA VARGA ***","description":"Hotel v bl\u00edzkosti term\u00e1lneho k\u00fapaliska vo Ve\u013ekom Mederi","potentialAction":[{"@type":"SearchAction","target":{"@type":"EntryPoint","urlTemplate":"https:\/\/www.hotelaqua.sk\/sk\/?s={search_term_string}"},"query-input":{"@type":"PropertyValueSpecification","valueRequired":true,"valueName":"search_term_string"}}],"inLanguage":"sk-SK"}]}},"_links":{"self":[{"href":"https:\/\/www.hotelaqua.sk\/sk\/wp-json\/wp\/v2\/pages\/16","targetHints":{"allow":["GET"]}}],"collection":[{"href":"https:\/\/www.hotelaqua.sk\/sk\/wp-json\/wp\/v2\/pages"}],"about":[{"href":"https:\/\/www.hotelaqua.sk\/sk\/wp-json\/wp\/v2\/types\/page"}],"author":[{"embeddable":true,"href":"https:\/\/www.hotelaqua.sk\/sk\/wp-json\/wp\/v2\/users\/1"}],"replies":[{"embeddable":true,"href":"https:\/\/www.hotelaqua.sk\/sk\/wp-json\/wp\/v2\/comments?post=16"}],"version-history":[{"count":8,"href":"https:\/\/www.hotelaqua.sk\/sk\/wp-json\/wp\/v2\/pages\/16\/revisions"}],"predecessor-version":[{"id":1363,"href":"https:\/\/www.hotelaqua.sk\/sk\/wp-json\/wp\/v2\/pages\/16\/revisions\/1363"}],"wp:featuredmedia":[{"embeddable":true,"href":"https:\/\/www.hotelaqua.sk\/sk\/wp-json\/wp\/v2\/media\/287"}],"wp:attachment":[{"href":"https:\/\/www.hotelaqua.sk\/sk\/wp-json\/wp\/v2\/media?parent=16"}],"curies":[{"name":"wp","href":"https:\/\/api.w.org\/{rel}","templated":true}]}}