{"id":10,"date":"2015-10-26T22:53:02","date_gmt":"2015-10-26T20:53:02","guid":{"rendered":"http:\/\/127.0.0.1:8445\/?page_id=10"},"modified":"2025-01-15T21:12:58","modified_gmt":"2025-01-15T20:12:58","slug":"pobyty-velky-meder-wellness","status":"publish","type":"page","link":"https:\/\/www.hotelaqua.sk\/sk\/pobyty-velky-meder-wellness\/","title":{"rendered":"Akciov\u00e9 pobyty"},"content":{"rendered":"<blockquote><p>Rekrea\u010dn\u00e9 poukazy v praxi. Pozrite si podrobn\u00fd postup, ako pr\u00edspevok na rekre\u00e1ciu vyu\u017ei\u0165 na pobyty. <a href=\"https:\/\/www.hotelaqua.sk\/pobyty-velky-meder-wellness\/\">Viac inform\u00e1ci\u00ed o pr\u00edspevkoch.<\/a><\/p><\/blockquote>\n<h4 style=\"text-align: center;\"><span style=\"color: #0f0d6d;\"><strong>Do k\u00fapaliska priamo v \u017eupane,<\/strong> hotel je s k\u00fapaliskom v tesnom susedstve<\/span><\/h4>\n<p><b>Pre\u010do si vybra\u0165 Hotel Aqua *** Ve\u013ek\u00fd Meder.<br \/>\n<\/b><\/p>\n<ul>\n<li>pr\u00edjemn\u00e9 ubytovanie v tichom prostred\u00ed s v\u00fdh\u013eadom na lesopark<\/li>\n<li>sme iba na krok od term\u00e1lneho k\u00fapaliska<\/li>\n<li>gastronomick\u00e9 \u0161peciality<\/li>\n<li>tematick\u00e9 ve\u010dere<\/li>\n<li>\u00fasmev a ochota na ka\u017edom kroku<\/li>\n<li>Dovolenka Slovensko <a href=\"http:\/\/www.hotelaqua.sk\">Ve\u013ek\u00fd Meder<\/a><\/li>\n<\/ul>\n<blockquote>\n<p style=\"padding-left: 30px;\">Potrebujete r\u00fdchly, ale intenz\u00edvny oddych? V pobytoch Hotela Aqua *** a Hotela Thermal Varga *** sa je na \u010do te\u0161i\u0165.<\/p>\n<\/blockquote>\n<p><strong>Vstupenka do term\u00e1lneho k\u00fapaliska s neobmedzen\u00fdm vstupom<\/strong> po cel\u00fa dobu pobytu zdarma (neplat\u00ed do saunov\u00e9ho sveta). Pe\u0161o <strong>do k\u00fapaliska priamo v \u017eupane<\/strong> &#8211; hotel je s k\u00fapaliskom v tesnom susedstve. Pre letn\u00e9, jarn\u00e9 a zimn\u00e9 pobyty je zapo\u017ei\u010danie \u017eupanu na cel\u00fa dobu pobytu zdarma. <a href=\"http:\/\/www.thermalcorvinus.eu\">Term\u00e1lne k\u00fapalisko Ve\u013ek\u00fd Meder<\/a><\/p>\n","protected":false},"excerpt":{"rendered":"<p>&#8222;Nechcete ma\u0165 o ni\u010d staros\u0165 po\u010das Va\u0161ej dovolenky? Vy si iba vyberte pobyt a my sa o V\u00e1s postar\u00e1me.&#8220; Hotel Aqua Ve\u013ek\u00fd Meder. Ubytovanie pri are\u00e1li term\u00e1lneho k\u00fapaliska.<\/p>\n","protected":false},"author":1,"featured_media":108,"parent":0,"menu_order":0,"comment_status":"closed","ping_status":"closed","template":"","meta":{"footnotes":""},"class_list":["post-10","page","type-page","status-publish","has-post-thumbnail","hentry"],"yoast_head":"<!-- This site is optimized with the Yoast SEO plugin v25.3.1 - https:\/\/yoast.com\/wordpress\/plugins\/seo\/ -->\n<title>Dovolenka Slovensko Ve\u013ek\u00fd Meder Wellness Hotel Aqua ***<\/title>\n<meta name=\"description\" content=\"Potrebujete r\u00fdchly, ale intenz\u00edvny oddych? V n\u00e1dhernom prostred\u00ed ju\u017en\u00e9ho Slovenska, obkolesen\u00fd lu\u017en\u00fdmi lesmi v meste Ve\u013ek\u00fd Meder, je miesto, v ktorom sa s\u00fastred\u00ed to najlep\u0161ie zo Slovenska. Term\u00e1lne k\u00fapalisko a luxusn\u00fd wellness! Vynikaj\u00face hodnotenia z\u00e1kazn\u00edkov to iba potvrdzuj\u00fa. Ubytovanie v Hotel Aqua *** Ve\u013ek\u00fd Meder.\" \/>\n<meta name=\"robots\" content=\"index, follow, max-snippet:-1, max-image-preview:large, max-video-preview:-1\" \/>\n<link rel=\"canonical\" href=\"https:\/\/www.hotelaqua.sk\/pobyty-velky-meder-wellness\/\" \/>\n<meta property=\"og:locale\" content=\"sk_SK\" \/>\n<meta property=\"og:type\" content=\"article\" \/>\n<meta property=\"og:title\" content=\"Dovolenka Slovensko Ve\u013ek\u00fd Meder Wellness Hotel Aqua ***\" \/>\n<meta property=\"og:description\" content=\"Potrebujete r\u00fdchly, ale intenz\u00edvny oddych? V n\u00e1dhernom prostred\u00ed ju\u017en\u00e9ho Slovenska, obkolesen\u00fd lu\u017en\u00fdmi lesmi v meste Ve\u013ek\u00fd Meder, je miesto, v ktorom sa s\u00fastred\u00ed to najlep\u0161ie zo Slovenska. Term\u00e1lne k\u00fapalisko a luxusn\u00fd wellness! Vynikaj\u00face hodnotenia z\u00e1kazn\u00edkov to iba potvrdzuj\u00fa. Ubytovanie v Hotel Aqua *** Ve\u013ek\u00fd Meder.\" \/>\n<meta property=\"og:url\" content=\"https:\/\/www.hotelaqua.sk\/pobyty-velky-meder-wellness\/\" \/>\n<meta property=\"og:site_name\" content=\"HOTEL AQUA VARGA ***\" \/>\n<meta property=\"article:modified_time\" content=\"2025-01-15T20:12:58+00:00\" \/>\n<meta property=\"og:image\" content=\"https:\/\/www.hotelaqua.sk\/wp-content\/uploads\/2015\/11\/IMG_8640.jpg\" \/>\n\t<meta property=\"og:image:width\" content=\"2400\" \/>\n\t<meta property=\"og:image:height\" content=\"1295\" \/>\n\t<meta property=\"og:image:type\" content=\"image\/jpeg\" \/>\n<meta name=\"twitter:label1\" content=\"Predpokladan\u00fd \u010das \u010d\u00edtania\" \/>\n\t<meta name=\"twitter:data1\" content=\"1 min\u00fata\" \/>\n<script type=\"application\/ld+json\" class=\"yoast-schema-graph\">{\"@context\":\"https:\/\/schema.org\",\"@graph\":[{\"@type\":\"WebPage\",\"@id\":\"https:\/\/www.hotelaqua.sk\/pobyty-velky-meder-wellness\/\",\"url\":\"https:\/\/www.hotelaqua.sk\/pobyty-velky-meder-wellness\/\",\"name\":\"Dovolenka Slovensko Ve\u013ek\u00fd Meder Wellness Hotel Aqua ***\",\"isPartOf\":{\"@id\":\"https:\/\/www.hotelaqua.sk\/sk\/#website\"},\"primaryImageOfPage\":{\"@id\":\"https:\/\/www.hotelaqua.sk\/pobyty-velky-meder-wellness\/#primaryimage\"},\"image\":{\"@id\":\"https:\/\/www.hotelaqua.sk\/pobyty-velky-meder-wellness\/#primaryimage\"},\"thumbnailUrl\":\"https:\/\/www.hotelaqua.sk\/wp-content\/uploads\/2015\/11\/IMG_8640.jpg\",\"datePublished\":\"2015-10-26T20:53:02+00:00\",\"dateModified\":\"2025-01-15T20:12:58+00:00\",\"description\":\"Potrebujete r\u00fdchly, ale intenz\u00edvny oddych? V n\u00e1dhernom prostred\u00ed ju\u017en\u00e9ho Slovenska, obkolesen\u00fd lu\u017en\u00fdmi lesmi v meste Ve\u013ek\u00fd Meder, je miesto, v ktorom sa s\u00fastred\u00ed to najlep\u0161ie zo Slovenska. Term\u00e1lne k\u00fapalisko a luxusn\u00fd wellness! Vynikaj\u00face hodnotenia z\u00e1kazn\u00edkov to iba potvrdzuj\u00fa. Ubytovanie v Hotel Aqua *** Ve\u013ek\u00fd Meder.\",\"breadcrumb\":{\"@id\":\"https:\/\/www.hotelaqua.sk\/pobyty-velky-meder-wellness\/#breadcrumb\"},\"inLanguage\":\"sk-SK\",\"potentialAction\":[{\"@type\":\"ReadAction\",\"target\":[\"https:\/\/www.hotelaqua.sk\/pobyty-velky-meder-wellness\/\"]}]},{\"@type\":\"ImageObject\",\"inLanguage\":\"sk-SK\",\"@id\":\"https:\/\/www.hotelaqua.sk\/pobyty-velky-meder-wellness\/#primaryimage\",\"url\":\"https:\/\/www.hotelaqua.sk\/wp-content\/uploads\/2015\/11\/IMG_8640.jpg\",\"contentUrl\":\"https:\/\/www.hotelaqua.sk\/wp-content\/uploads\/2015\/11\/IMG_8640.jpg\",\"width\":2400,\"height\":1295,\"caption\":\"Wellness pobyty Term\u00e1lne k\u00fapalisko Ve\u013ek\u00fd Meder Thermal Corvinus Hotel Aqua Thermal Varga spa z\u013eavy\"},{\"@type\":\"BreadcrumbList\",\"@id\":\"https:\/\/www.hotelaqua.sk\/pobyty-velky-meder-wellness\/#breadcrumb\",\"itemListElement\":[{\"@type\":\"ListItem\",\"position\":1,\"name\":\"Domovsk\u00e1 str\u00e1nka\",\"item\":\"https:\/\/www.hotelaqua.sk\/sk\/\"},{\"@type\":\"ListItem\",\"position\":2,\"name\":\"Akciov\u00e9 pobyty\"}]},{\"@type\":\"WebSite\",\"@id\":\"https:\/\/www.hotelaqua.sk\/sk\/#website\",\"url\":\"https:\/\/www.hotelaqua.sk\/sk\/\",\"name\":\"HOTEL AQUA VARGA ***\",\"description\":\"Hotel v bl\u00edzkosti term\u00e1lneho k\u00fapaliska vo Ve\u013ekom Mederi\",\"potentialAction\":[{\"@type\":\"SearchAction\",\"target\":{\"@type\":\"EntryPoint\",\"urlTemplate\":\"https:\/\/www.hotelaqua.sk\/sk\/?s={search_term_string}\"},\"query-input\":{\"@type\":\"PropertyValueSpecification\",\"valueRequired\":true,\"valueName\":\"search_term_string\"}}],\"inLanguage\":\"sk-SK\"}]}<\/script>\n<!-- \/ Yoast SEO plugin. -->","yoast_head_json":{"title":"Dovolenka Slovensko Ve\u013ek\u00fd Meder Wellness Hotel Aqua ***","description":"Potrebujete r\u00fdchly, ale intenz\u00edvny oddych? V n\u00e1dhernom prostred\u00ed ju\u017en\u00e9ho Slovenska, obkolesen\u00fd lu\u017en\u00fdmi lesmi v meste Ve\u013ek\u00fd Meder, je miesto, v ktorom sa s\u00fastred\u00ed to najlep\u0161ie zo Slovenska. Term\u00e1lne k\u00fapalisko a luxusn\u00fd wellness! Vynikaj\u00face hodnotenia z\u00e1kazn\u00edkov to iba potvrdzuj\u00fa. Ubytovanie v Hotel Aqua *** Ve\u013ek\u00fd Meder.","robots":{"index":"index","follow":"follow","max-snippet":"max-snippet:-1","max-image-preview":"max-image-preview:large","max-video-preview":"max-video-preview:-1"},"canonical":"https:\/\/www.hotelaqua.sk\/pobyty-velky-meder-wellness\/","og_locale":"sk_SK","og_type":"article","og_title":"Dovolenka Slovensko Ve\u013ek\u00fd Meder Wellness Hotel Aqua ***","og_description":"Potrebujete r\u00fdchly, ale intenz\u00edvny oddych? V n\u00e1dhernom prostred\u00ed ju\u017en\u00e9ho Slovenska, obkolesen\u00fd lu\u017en\u00fdmi lesmi v meste Ve\u013ek\u00fd Meder, je miesto, v ktorom sa s\u00fastred\u00ed to najlep\u0161ie zo Slovenska. Term\u00e1lne k\u00fapalisko a luxusn\u00fd wellness! Vynikaj\u00face hodnotenia z\u00e1kazn\u00edkov to iba potvrdzuj\u00fa. Ubytovanie v Hotel Aqua *** Ve\u013ek\u00fd Meder.","og_url":"https:\/\/www.hotelaqua.sk\/pobyty-velky-meder-wellness\/","og_site_name":"HOTEL AQUA VARGA ***","article_modified_time":"2025-01-15T20:12:58+00:00","og_image":[{"width":2400,"height":1295,"url":"https:\/\/www.hotelaqua.sk\/wp-content\/uploads\/2015\/11\/IMG_8640.jpg","type":"image\/jpeg"}],"twitter_misc":{"Predpokladan\u00fd \u010das \u010d\u00edtania":"1 min\u00fata"},"schema":{"@context":"https:\/\/schema.org","@graph":[{"@type":"WebPage","@id":"https:\/\/www.hotelaqua.sk\/pobyty-velky-meder-wellness\/","url":"https:\/\/www.hotelaqua.sk\/pobyty-velky-meder-wellness\/","name":"Dovolenka Slovensko Ve\u013ek\u00fd Meder Wellness Hotel Aqua ***","isPartOf":{"@id":"https:\/\/www.hotelaqua.sk\/sk\/#website"},"primaryImageOfPage":{"@id":"https:\/\/www.hotelaqua.sk\/pobyty-velky-meder-wellness\/#primaryimage"},"image":{"@id":"https:\/\/www.hotelaqua.sk\/pobyty-velky-meder-wellness\/#primaryimage"},"thumbnailUrl":"https:\/\/www.hotelaqua.sk\/wp-content\/uploads\/2015\/11\/IMG_8640.jpg","datePublished":"2015-10-26T20:53:02+00:00","dateModified":"2025-01-15T20:12:58+00:00","description":"Potrebujete r\u00fdchly, ale intenz\u00edvny oddych? V n\u00e1dhernom prostred\u00ed ju\u017en\u00e9ho Slovenska, obkolesen\u00fd lu\u017en\u00fdmi lesmi v meste Ve\u013ek\u00fd Meder, je miesto, v ktorom sa s\u00fastred\u00ed to najlep\u0161ie zo Slovenska. Term\u00e1lne k\u00fapalisko a luxusn\u00fd wellness! Vynikaj\u00face hodnotenia z\u00e1kazn\u00edkov to iba potvrdzuj\u00fa. Ubytovanie v Hotel Aqua *** Ve\u013ek\u00fd Meder.","breadcrumb":{"@id":"https:\/\/www.hotelaqua.sk\/pobyty-velky-meder-wellness\/#breadcrumb"},"inLanguage":"sk-SK","potentialAction":[{"@type":"ReadAction","target":["https:\/\/www.hotelaqua.sk\/pobyty-velky-meder-wellness\/"]}]},{"@type":"ImageObject","inLanguage":"sk-SK","@id":"https:\/\/www.hotelaqua.sk\/pobyty-velky-meder-wellness\/#primaryimage","url":"https:\/\/www.hotelaqua.sk\/wp-content\/uploads\/2015\/11\/IMG_8640.jpg","contentUrl":"https:\/\/www.hotelaqua.sk\/wp-content\/uploads\/2015\/11\/IMG_8640.jpg","width":2400,"height":1295,"caption":"Wellness pobyty Term\u00e1lne k\u00fapalisko Ve\u013ek\u00fd Meder Thermal Corvinus Hotel Aqua Thermal Varga spa z\u013eavy"},{"@type":"BreadcrumbList","@id":"https:\/\/www.hotelaqua.sk\/pobyty-velky-meder-wellness\/#breadcrumb","itemListElement":[{"@type":"ListItem","position":1,"name":"Domovsk\u00e1 str\u00e1nka","item":"https:\/\/www.hotelaqua.sk\/sk\/"},{"@type":"ListItem","position":2,"name":"Akciov\u00e9 pobyty"}]},{"@type":"WebSite","@id":"https:\/\/www.hotelaqua.sk\/sk\/#website","url":"https:\/\/www.hotelaqua.sk\/sk\/","name":"HOTEL AQUA VARGA ***","description":"Hotel v bl\u00edzkosti term\u00e1lneho k\u00fapaliska vo Ve\u013ekom Mederi","potentialAction":[{"@type":"SearchAction","target":{"@type":"EntryPoint","urlTemplate":"https:\/\/www.hotelaqua.sk\/sk\/?s={search_term_string}"},"query-input":{"@type":"PropertyValueSpecification","valueRequired":true,"valueName":"search_term_string"}}],"inLanguage":"sk-SK"}]}},"_links":{"self":[{"href":"https:\/\/www.hotelaqua.sk\/sk\/wp-json\/wp\/v2\/pages\/10","targetHints":{"allow":["GET"]}}],"collection":[{"href":"https:\/\/www.hotelaqua.sk\/sk\/wp-json\/wp\/v2\/pages"}],"about":[{"href":"https:\/\/www.hotelaqua.sk\/sk\/wp-json\/wp\/v2\/types\/page"}],"author":[{"embeddable":true,"href":"https:\/\/www.hotelaqua.sk\/sk\/wp-json\/wp\/v2\/users\/1"}],"replies":[{"embeddable":true,"href":"https:\/\/www.hotelaqua.sk\/sk\/wp-json\/wp\/v2\/comments?post=10"}],"version-history":[{"count":47,"href":"https:\/\/www.hotelaqua.sk\/sk\/wp-json\/wp\/v2\/pages\/10\/revisions"}],"predecessor-version":[{"id":2011,"href":"https:\/\/www.hotelaqua.sk\/sk\/wp-json\/wp\/v2\/pages\/10\/revisions\/2011"}],"wp:featuredmedia":[{"embeddable":true,"href":"https:\/\/www.hotelaqua.sk\/sk\/wp-json\/wp\/v2\/media\/108"}],"wp:attachment":[{"href":"https:\/\/www.hotelaqua.sk\/sk\/wp-json\/wp\/v2\/media?parent=10"}],"curies":[{"name":"wp","href":"https:\/\/api.w.org\/{rel}","templated":true}]}}