{"id":836,"date":"2016-07-23T14:06:55","date_gmt":"2016-07-23T12:06:55","guid":{"rendered":"http:\/\/www.hotelaqua.sk\/?page_id=836"},"modified":"2017-11-05T23:43:58","modified_gmt":"2017-11-05T22:43:58","slug":"spotkania-i-wesela","status":"publish","type":"page","link":"https:\/\/www.hotelaqua.sk\/pl\/spotkania-i-wesela\/","title":{"rendered":"Spotkania i wesela"},"content":{"rendered":"<h3>Wesela i uroczysto\u015bci<\/h3>\n<h4>Szukasz nietuzinkowego miejsca, w kt\u00f3rym prze\u017cyjesz niezapomniane chwile z rodzin\u0105 i przyjaci\u00f3\u0142mi? <\/h4>\n<p>Zapro\u015b ich do Hotel Thermal Varga *** i Hotel Aqua *** ve\u013ek\u00fd Meder!<br \/>\nRestauracja Hotel Thermal Varga to idealne miejsce na uroczysto\u015bci rodzinne \u2013 rocznice, urodziny i wesela. Profesjonalny zesp\u00f3\u0142 kucharzy spe\u0142ni ka\u017cde \u017cyczenie go\u015bci, przygotuje menu szyte na miar\u0119. Przepi\u0119kne widoki z panoramicznej restauracji na 10 &#8211; 200 os\u00f3b sprawiaj\u0105, \u017ce ka\u017cda uroczysto\u015b\u0107 staje si\u0119 niezapomnianym prze\u017cyciem i absolutnie wyj\u0105tkowym wydarzeniem.<\/p>\n","protected":false},"excerpt":{"rendered":"<p>Wesela i uroczysto\u015bci Szukasz nietuzinkowego miejsca, w kt\u00f3rym prze\u017cyjesz niezapomniane chwile z rodzin\u0105 i przyjaci\u00f3\u0142mi? Zapro\u015b ich do Hotel Thermal Varga *** i Hotel Aqua *** ve\u013ek\u00fd Meder! Restauracja Hotel Thermal Varga to idealne miejsce na uroczysto\u015bci rodzinne \u2013 rocznice, urodziny i wesela. Profesjonalny zesp\u00f3\u0142 kucharzy spe\u0142ni ka\u017cde \u017cyczenie go\u015bci, przygotuje menu szyte na miar\u0119. [&hellip;]<\/p>\n","protected":false},"author":1,"featured_media":287,"parent":0,"menu_order":0,"comment_status":"closed","ping_status":"closed","template":"","meta":{"footnotes":""},"class_list":["post-836","page","type-page","status-publish","has-post-thumbnail","hentry"],"yoast_head":"<!-- This site is optimized with the Yoast SEO plugin v25.3.1 - https:\/\/yoast.com\/wordpress\/plugins\/seo\/ -->\n<title>Spotkania i wesela - HOTEL AQUA VARGA ***<\/title>\n<meta name=\"robots\" content=\"index, follow, max-snippet:-1, max-image-preview:large, max-video-preview:-1\" \/>\n<link rel=\"canonical\" href=\"https:\/\/www.hotelaqua.sk\/pl\/spotkania-i-wesela\/\" \/>\n<meta property=\"og:locale\" content=\"pl_PL\" \/>\n<meta property=\"og:type\" content=\"article\" \/>\n<meta property=\"og:title\" content=\"Spotkania i wesela - HOTEL AQUA VARGA ***\" \/>\n<meta property=\"og:description\" content=\"Wesela i uroczysto\u015bci Szukasz nietuzinkowego miejsca, w kt\u00f3rym prze\u017cyjesz niezapomniane chwile z rodzin\u0105 i przyjaci\u00f3\u0142mi? Zapro\u015b ich do Hotel Thermal Varga *** i Hotel Aqua *** ve\u013ek\u00fd Meder! Restauracja Hotel Thermal Varga to idealne miejsce na uroczysto\u015bci rodzinne \u2013 rocznice, urodziny i wesela. Profesjonalny zesp\u00f3\u0142 kucharzy spe\u0142ni ka\u017cde \u017cyczenie go\u015bci, przygotuje menu szyte na miar\u0119. [&hellip;]\" \/>\n<meta property=\"og:url\" content=\"https:\/\/www.hotelaqua.sk\/pl\/spotkania-i-wesela\/\" \/>\n<meta property=\"og:site_name\" content=\"HOTEL AQUA VARGA ***\" \/>\n<meta property=\"article:modified_time\" content=\"2017-11-05T22:43:58+00:00\" \/>\n<meta property=\"og:image\" content=\"https:\/\/www.hotelaqua.sk\/wp-content\/uploads\/2015\/10\/DSC_2689_zps43a00b07-e1481545358493.jpg\" \/>\n\t<meta property=\"og:image:width\" content=\"1920\" \/>\n\t<meta property=\"og:image:height\" content=\"1281\" \/>\n\t<meta property=\"og:image:type\" content=\"image\/jpeg\" \/>\n<script type=\"application\/ld+json\" class=\"yoast-schema-graph\">{\"@context\":\"https:\/\/schema.org\",\"@graph\":[{\"@type\":\"WebPage\",\"@id\":\"https:\/\/www.hotelaqua.sk\/pl\/spotkania-i-wesela\/\",\"url\":\"https:\/\/www.hotelaqua.sk\/pl\/spotkania-i-wesela\/\",\"name\":\"Spotkania i wesela - HOTEL AQUA VARGA ***\",\"isPartOf\":{\"@id\":\"https:\/\/www.hotelaqua.sk\/sk\/#website\"},\"primaryImageOfPage\":{\"@id\":\"https:\/\/www.hotelaqua.sk\/pl\/spotkania-i-wesela\/#primaryimage\"},\"image\":{\"@id\":\"https:\/\/www.hotelaqua.sk\/pl\/spotkania-i-wesela\/#primaryimage\"},\"thumbnailUrl\":\"https:\/\/www.hotelaqua.sk\/wp-content\/uploads\/2015\/10\/DSC_2689_zps43a00b07-e1481545358493.jpg\",\"datePublished\":\"2016-07-23T12:06:55+00:00\",\"dateModified\":\"2017-11-05T22:43:58+00:00\",\"breadcrumb\":{\"@id\":\"https:\/\/www.hotelaqua.sk\/pl\/spotkania-i-wesela\/#breadcrumb\"},\"inLanguage\":\"pl-PL\",\"potentialAction\":[{\"@type\":\"ReadAction\",\"target\":[\"https:\/\/www.hotelaqua.sk\/pl\/spotkania-i-wesela\/\"]}]},{\"@type\":\"ImageObject\",\"inLanguage\":\"pl-PL\",\"@id\":\"https:\/\/www.hotelaqua.sk\/pl\/spotkania-i-wesela\/#primaryimage\",\"url\":\"https:\/\/www.hotelaqua.sk\/wp-content\/uploads\/2015\/10\/DSC_2689_zps43a00b07-e1481545358493.jpg\",\"contentUrl\":\"https:\/\/www.hotelaqua.sk\/wp-content\/uploads\/2015\/10\/DSC_2689_zps43a00b07-e1481545358493.jpg\",\"width\":1920,\"height\":1281,\"caption\":\"M\u00edtingy svadby narodeniny oslavy velky meder Hotel Thermal Varga Aqua\"},{\"@type\":\"BreadcrumbList\",\"@id\":\"https:\/\/www.hotelaqua.sk\/pl\/spotkania-i-wesela\/#breadcrumb\",\"itemListElement\":[{\"@type\":\"ListItem\",\"position\":1,\"name\":\"Domovsk\u00e1 str\u00e1nka\",\"item\":\"https:\/\/www.hotelaqua.sk\/en\/what-to-do-in-slovakia-hotel-aqua-wellness-spa\/\"},{\"@type\":\"ListItem\",\"position\":2,\"name\":\"Spotkania i wesela\"}]},{\"@type\":\"WebSite\",\"@id\":\"https:\/\/www.hotelaqua.sk\/sk\/#website\",\"url\":\"https:\/\/www.hotelaqua.sk\/sk\/\",\"name\":\"HOTEL AQUA VARGA ***\",\"description\":\"Hotel v bl\u00edzkosti term\u00e1lneho k\u00fapaliska vo Ve\u013ekom Mederi\",\"potentialAction\":[{\"@type\":\"SearchAction\",\"target\":{\"@type\":\"EntryPoint\",\"urlTemplate\":\"https:\/\/www.hotelaqua.sk\/sk\/?s={search_term_string}\"},\"query-input\":{\"@type\":\"PropertyValueSpecification\",\"valueRequired\":true,\"valueName\":\"search_term_string\"}}],\"inLanguage\":\"pl-PL\"}]}<\/script>\n<!-- \/ Yoast SEO plugin. -->","yoast_head_json":{"title":"Spotkania i wesela - HOTEL AQUA VARGA ***","robots":{"index":"index","follow":"follow","max-snippet":"max-snippet:-1","max-image-preview":"max-image-preview:large","max-video-preview":"max-video-preview:-1"},"canonical":"https:\/\/www.hotelaqua.sk\/pl\/spotkania-i-wesela\/","og_locale":"pl_PL","og_type":"article","og_title":"Spotkania i wesela - HOTEL AQUA VARGA ***","og_description":"Wesela i uroczysto\u015bci Szukasz nietuzinkowego miejsca, w kt\u00f3rym prze\u017cyjesz niezapomniane chwile z rodzin\u0105 i przyjaci\u00f3\u0142mi? Zapro\u015b ich do Hotel Thermal Varga *** i Hotel Aqua *** ve\u013ek\u00fd Meder! Restauracja Hotel Thermal Varga to idealne miejsce na uroczysto\u015bci rodzinne \u2013 rocznice, urodziny i wesela. Profesjonalny zesp\u00f3\u0142 kucharzy spe\u0142ni ka\u017cde \u017cyczenie go\u015bci, przygotuje menu szyte na miar\u0119. [&hellip;]","og_url":"https:\/\/www.hotelaqua.sk\/pl\/spotkania-i-wesela\/","og_site_name":"HOTEL AQUA VARGA ***","article_modified_time":"2017-11-05T22:43:58+00:00","og_image":[{"width":1920,"height":1281,"url":"https:\/\/www.hotelaqua.sk\/wp-content\/uploads\/2015\/10\/DSC_2689_zps43a00b07-e1481545358493.jpg","type":"image\/jpeg"}],"schema":{"@context":"https:\/\/schema.org","@graph":[{"@type":"WebPage","@id":"https:\/\/www.hotelaqua.sk\/pl\/spotkania-i-wesela\/","url":"https:\/\/www.hotelaqua.sk\/pl\/spotkania-i-wesela\/","name":"Spotkania i wesela - HOTEL AQUA VARGA ***","isPartOf":{"@id":"https:\/\/www.hotelaqua.sk\/sk\/#website"},"primaryImageOfPage":{"@id":"https:\/\/www.hotelaqua.sk\/pl\/spotkania-i-wesela\/#primaryimage"},"image":{"@id":"https:\/\/www.hotelaqua.sk\/pl\/spotkania-i-wesela\/#primaryimage"},"thumbnailUrl":"https:\/\/www.hotelaqua.sk\/wp-content\/uploads\/2015\/10\/DSC_2689_zps43a00b07-e1481545358493.jpg","datePublished":"2016-07-23T12:06:55+00:00","dateModified":"2017-11-05T22:43:58+00:00","breadcrumb":{"@id":"https:\/\/www.hotelaqua.sk\/pl\/spotkania-i-wesela\/#breadcrumb"},"inLanguage":"pl-PL","potentialAction":[{"@type":"ReadAction","target":["https:\/\/www.hotelaqua.sk\/pl\/spotkania-i-wesela\/"]}]},{"@type":"ImageObject","inLanguage":"pl-PL","@id":"https:\/\/www.hotelaqua.sk\/pl\/spotkania-i-wesela\/#primaryimage","url":"https:\/\/www.hotelaqua.sk\/wp-content\/uploads\/2015\/10\/DSC_2689_zps43a00b07-e1481545358493.jpg","contentUrl":"https:\/\/www.hotelaqua.sk\/wp-content\/uploads\/2015\/10\/DSC_2689_zps43a00b07-e1481545358493.jpg","width":1920,"height":1281,"caption":"M\u00edtingy svadby narodeniny oslavy velky meder Hotel Thermal Varga Aqua"},{"@type":"BreadcrumbList","@id":"https:\/\/www.hotelaqua.sk\/pl\/spotkania-i-wesela\/#breadcrumb","itemListElement":[{"@type":"ListItem","position":1,"name":"Domovsk\u00e1 str\u00e1nka","item":"https:\/\/www.hotelaqua.sk\/en\/what-to-do-in-slovakia-hotel-aqua-wellness-spa\/"},{"@type":"ListItem","position":2,"name":"Spotkania i wesela"}]},{"@type":"WebSite","@id":"https:\/\/www.hotelaqua.sk\/sk\/#website","url":"https:\/\/www.hotelaqua.sk\/sk\/","name":"HOTEL AQUA VARGA ***","description":"Hotel v bl\u00edzkosti term\u00e1lneho k\u00fapaliska vo Ve\u013ekom Mederi","potentialAction":[{"@type":"SearchAction","target":{"@type":"EntryPoint","urlTemplate":"https:\/\/www.hotelaqua.sk\/sk\/?s={search_term_string}"},"query-input":{"@type":"PropertyValueSpecification","valueRequired":true,"valueName":"search_term_string"}}],"inLanguage":"pl-PL"}]}},"_links":{"self":[{"href":"https:\/\/www.hotelaqua.sk\/pl\/wp-json\/wp\/v2\/pages\/836","targetHints":{"allow":["GET"]}}],"collection":[{"href":"https:\/\/www.hotelaqua.sk\/pl\/wp-json\/wp\/v2\/pages"}],"about":[{"href":"https:\/\/www.hotelaqua.sk\/pl\/wp-json\/wp\/v2\/types\/page"}],"author":[{"embeddable":true,"href":"https:\/\/www.hotelaqua.sk\/pl\/wp-json\/wp\/v2\/users\/1"}],"replies":[{"embeddable":true,"href":"https:\/\/www.hotelaqua.sk\/pl\/wp-json\/wp\/v2\/comments?post=836"}],"version-history":[{"count":3,"href":"https:\/\/www.hotelaqua.sk\/pl\/wp-json\/wp\/v2\/pages\/836\/revisions"}],"predecessor-version":[{"id":1399,"href":"https:\/\/www.hotelaqua.sk\/pl\/wp-json\/wp\/v2\/pages\/836\/revisions\/1399"}],"wp:featuredmedia":[{"embeddable":true,"href":"https:\/\/www.hotelaqua.sk\/pl\/wp-json\/wp\/v2\/media\/287"}],"wp:attachment":[{"href":"https:\/\/www.hotelaqua.sk\/pl\/wp-json\/wp\/v2\/media?parent=836"}],"curies":[{"name":"wp","href":"https:\/\/api.w.org\/{rel}","templated":true}]}}