{"id":830,"date":"2016-07-23T13:42:12","date_gmt":"2016-07-23T11:42:12","guid":{"rendered":"http:\/\/www.hotelaqua.sk\/?page_id=830"},"modified":"2017-11-05T23:39:16","modified_gmt":"2017-11-05T22:39:16","slug":"pobliskie-atrakcje","status":"publish","type":"page","link":"https:\/\/www.hotelaqua.sk\/pl\/pobliskie-atrakcje\/","title":{"rendered":"Pobliskie atrakcje"},"content":{"rendered":"<h3>Ve\u013ek\u00fd Meder i okolica miasta | Baseny termalne |<br \/>\nHotel Thermal Varga*** | Hotel Aqua *** | historyczne miasto Gy\u0151r | Kom\u00e1rno | Dunajsk\u00e1 Streda<\/h3>\n<p>Okolica miasta Ve\u013ek\u00fd Meder zapewnia r\u00f3\u017cnorodne mo\u017cliwo\u015bciwykorzystania czasu wolnego. K\u0105pieliska termalne, naturalne jeziora,w\u0119dkarstwo sportowe, kryszta\u0142owo czyste jeziora na dawnych\u017cwirowiskach, \u015bcie\u017cki rowerowe, rolki, kina, centra handlowe,zabytkowe miasta, specja\u0142y kuchni i romantyczne zacisza.<\/p>\n<h3>Dunajska trasa rowerowa &#8211; magistrala rowerowa nad Dunajem<\/h3>\n<p>Za Bratys\u0142aw\u0105 spotka\u0107 mo\u017cna g\u0142\u00f3wnie rolkarzy, powierzchnia wa\u0142u jest a\u017c do Gabcikova asfaltowa. Na terenie S\u0142owacji dunajska \u015bcie\u017cka rowerowa przebiega przez przej\u015bcie graniczne Berg -Bratys\u0142awa. Prowadzi wzd\u0142u\u017c wa\u0142u Dunaju przez dzielnic\u0119 Petr\u017calka. Z Bratys\u0142awy po prawej stronie rzeki trasa przechodzi przez miejsk\u0105 cz\u0119\u015b\u0107 Cunova, wzd\u0142u\u017c obiekt\u00f3w dla sport\u00f3w wodnych. Dunaj si\u0119 tutaj poszerza dzi\u0119ki zbiornikowi Hrusovska, cz\u0119\u015bci zapory Gabcikovo.<\/p>\n<h3>15km Cziczowskie Martwe Rami\u0119<\/h3>\n<p>Ten narodowy rezerwat przyrody jest jednym z najpi\u0119kniejszych chronionych teren\u00f3w przyrodnicznych na terenie Wyspy \u017bytniej.<\/p>\n<p>Ziemia ta jest chronionym rezerwatem przyrody od roku, w kt\u00f3rym nazwano j\u0105 Lion, od francuskiego \u017co\u0142nierza, kt\u00f3ry osiedli\u0142 si\u0119 na jej brzegu pod koniec wojny \u015bwiatowej.<\/p>\n<h3>20km Wodna zapora w Gabcikovie daje mo\u017cliwo\u015b\u0107 ca\u0142orocznej \u017ceglugi,generuje 8% &#8230;<\/h3>\n<p>Wodna zapora w Gabcikovie daje mo\u017cliwo\u015b\u0107 ca\u0142orocznej \u017ceglugi,generuje 8% pr\u0105du wykorzystywanego przez S\u0142owacje, stablizuje koryto Dunaju oraz stwarza warunki ochronne dla \u015brodkowej cz\u0119\u015bci Europy pomi\u0119dzy Chorwacj\u0105 a W\u0119grami. Zapora s\u0142u\u017cy r\u00f3wnie\u017c ochronie ca\u0142ego przyleg\u0142ego tereneu przed wylewami kt\u00f3re ju\u017c kilka krotnie by\u0142y by katastrofalne w skutkach. Dzi\u0119ki zaporze powsta\u0142y mo\u017cliwo\u015bci rozwoju turystycznego ca\u0142ego regionu.<\/p>\n<h3>28km Slovakia ring &#8211; Orechov\u00e1 Pot\u00f4\u0148<\/h3>\n<p>Tor wy\u015bcigowy \u201eSlovakia ring\u201c \u2013 miejsce, gdzie mo\u017cecie wypr\u00f3bowa\u0107 swoj\u0105 odwag\u0119, ekstremalne mo\u017cliwo\u015bci swojego auta i zosta\u0107 bohaterem w oczach swoich bliskich.<\/p>\n<h3>50km Rafting Cunovo<\/h3>\n<p>Poza profesjonalnymi sportowcami kt\u00f3rzy<br \/>\nTeren do uprawiana wodnych sport\u00f3w w Cunovie ze swoimi parametrami nale\u017cy do nalepszych europejskich sztucznych kana\u0142\u00f3w. Poza profesjonalnymi sportowcami kt\u00f3rzy codziennie tutaj trenuj\u0105 jest r\u00f3wnie\u017c dost\u0119pny rafting dla przyjezdnych. Oferujemy programy raftingu o r\u00f3\u017cnych poziomach trudno\u015bci, przeznaczony dla pojedynczych os\u00f3b i jak r\u00f3wnie\u017c grup zorganizowanych z mo\u017cliwo\u015bci\u0105 obs\u0142ugi 1300 go\u015bci dziennie. Poza raftingiem jest mo\u017cliwo\u015b\u0107 wykorzystania innych atrakcji sportowych takich jak paintball, wodne skutery, offroad bug, czteroko\u0142owce, zaj\u0119cia dla grup, dmuchane zamki, i inne atrakcje. Na terenie obiektu zapraszamy do restauracji oraz tr\u00f3jgwiazdkowego hotelu z mo\u017cliwo\u015bci\u0105 zakwaterowania 46 os\u00f3b oraz miejscem na konferecje. W przypadku zainteresowania przygotujemy dla Pa\u0144stwa indywidualn\u0105 ofert\u0119.<\/p>\n<p>&nbsp;<\/p>\n","protected":false},"excerpt":{"rendered":"<p>Ve\u013ek\u00fd Meder i okolica miasta | Baseny termalne | Hotel Thermal Varga*** | Hotel Aqua *** | historyczne miasto Gy\u0151r | Kom\u00e1rno | Dunajsk\u00e1 Streda Okolica miasta Ve\u013ek\u00fd Meder zapewnia r\u00f3\u017cnorodne mo\u017cliwo\u015bciwykorzystania czasu wolnego. K\u0105pieliska termalne, naturalne jeziora,w\u0119dkarstwo sportowe, kryszta\u0142owo czyste jeziora na dawnych\u017cwirowiskach, \u015bcie\u017cki rowerowe, rolki, kina, centra handlowe,zabytkowe miasta, specja\u0142y kuchni i romantyczne [&hellip;]<\/p>\n","protected":false},"author":1,"featured_media":243,"parent":0,"menu_order":0,"comment_status":"closed","ping_status":"closed","template":"","meta":{"footnotes":""},"class_list":["post-830","page","type-page","status-publish","has-post-thumbnail","hentry"],"yoast_head":"<!-- This site is optimized with the Yoast SEO plugin v25.3.1 - https:\/\/yoast.com\/wordpress\/plugins\/seo\/ -->\n<title>Pobliskie atrakcje - HOTEL AQUA VARGA ***<\/title>\n<meta name=\"robots\" content=\"index, follow, max-snippet:-1, max-image-preview:large, max-video-preview:-1\" \/>\n<link rel=\"canonical\" href=\"https:\/\/www.hotelaqua.sk\/pl\/pobliskie-atrakcje\/\" \/>\n<meta property=\"og:locale\" content=\"pl_PL\" \/>\n<meta property=\"og:type\" content=\"article\" \/>\n<meta property=\"og:title\" content=\"Pobliskie atrakcje - HOTEL AQUA VARGA ***\" \/>\n<meta property=\"og:description\" content=\"Ve\u013ek\u00fd Meder i okolica miasta | Baseny termalne | Hotel Thermal Varga*** | Hotel Aqua *** | historyczne miasto Gy\u0151r | Kom\u00e1rno | Dunajsk\u00e1 Streda Okolica miasta Ve\u013ek\u00fd Meder zapewnia r\u00f3\u017cnorodne mo\u017cliwo\u015bciwykorzystania czasu wolnego. K\u0105pieliska termalne, naturalne jeziora,w\u0119dkarstwo sportowe, kryszta\u0142owo czyste jeziora na dawnych\u017cwirowiskach, \u015bcie\u017cki rowerowe, rolki, kina, centra handlowe,zabytkowe miasta, specja\u0142y kuchni i romantyczne [&hellip;]\" \/>\n<meta property=\"og:url\" content=\"https:\/\/www.hotelaqua.sk\/pl\/pobliskie-atrakcje\/\" \/>\n<meta property=\"og:site_name\" content=\"HOTEL AQUA VARGA ***\" \/>\n<meta property=\"article:modified_time\" content=\"2017-11-05T22:39:16+00:00\" \/>\n<meta property=\"og:image\" content=\"https:\/\/www.hotelaqua.sk\/wp-content\/uploads\/2015\/12\/IMG_9178.jpg\" \/>\n\t<meta property=\"og:image:width\" content=\"2400\" \/>\n\t<meta property=\"og:image:height\" content=\"1600\" \/>\n\t<meta property=\"og:image:type\" content=\"image\/jpeg\" \/>\n<meta name=\"twitter:label1\" content=\"Est. reading time\" \/>\n\t<meta name=\"twitter:data1\" content=\"2 minutes\" \/>\n<script type=\"application\/ld+json\" class=\"yoast-schema-graph\">{\"@context\":\"https:\/\/schema.org\",\"@graph\":[{\"@type\":\"WebPage\",\"@id\":\"https:\/\/www.hotelaqua.sk\/pl\/pobliskie-atrakcje\/\",\"url\":\"https:\/\/www.hotelaqua.sk\/pl\/pobliskie-atrakcje\/\",\"name\":\"Pobliskie atrakcje - HOTEL AQUA VARGA ***\",\"isPartOf\":{\"@id\":\"https:\/\/www.hotelaqua.sk\/sk\/#website\"},\"primaryImageOfPage\":{\"@id\":\"https:\/\/www.hotelaqua.sk\/pl\/pobliskie-atrakcje\/#primaryimage\"},\"image\":{\"@id\":\"https:\/\/www.hotelaqua.sk\/pl\/pobliskie-atrakcje\/#primaryimage\"},\"thumbnailUrl\":\"https:\/\/www.hotelaqua.sk\/wp-content\/uploads\/2015\/12\/IMG_9178.jpg\",\"datePublished\":\"2016-07-23T11:42:12+00:00\",\"dateModified\":\"2017-11-05T22:39:16+00:00\",\"breadcrumb\":{\"@id\":\"https:\/\/www.hotelaqua.sk\/pl\/pobliskie-atrakcje\/#breadcrumb\"},\"inLanguage\":\"pl-PL\",\"potentialAction\":[{\"@type\":\"ReadAction\",\"target\":[\"https:\/\/www.hotelaqua.sk\/pl\/pobliskie-atrakcje\/\"]}]},{\"@type\":\"ImageObject\",\"inLanguage\":\"pl-PL\",\"@id\":\"https:\/\/www.hotelaqua.sk\/pl\/pobliskie-atrakcje\/#primaryimage\",\"url\":\"https:\/\/www.hotelaqua.sk\/wp-content\/uploads\/2015\/12\/IMG_9178.jpg\",\"contentUrl\":\"https:\/\/www.hotelaqua.sk\/wp-content\/uploads\/2015\/12\/IMG_9178.jpg\",\"width\":2400,\"height\":1600},{\"@type\":\"BreadcrumbList\",\"@id\":\"https:\/\/www.hotelaqua.sk\/pl\/pobliskie-atrakcje\/#breadcrumb\",\"itemListElement\":[{\"@type\":\"ListItem\",\"position\":1,\"name\":\"Domovsk\u00e1 str\u00e1nka\",\"item\":\"https:\/\/www.hotelaqua.sk\/pl\/basen-termalny-slowacja-velky-meder\/\"},{\"@type\":\"ListItem\",\"position\":2,\"name\":\"Pobliskie atrakcje\"}]},{\"@type\":\"WebSite\",\"@id\":\"https:\/\/www.hotelaqua.sk\/sk\/#website\",\"url\":\"https:\/\/www.hotelaqua.sk\/sk\/\",\"name\":\"HOTEL AQUA VARGA ***\",\"description\":\"Hotel v bl\u00edzkosti term\u00e1lneho k\u00fapaliska vo Ve\u013ekom Mederi\",\"potentialAction\":[{\"@type\":\"SearchAction\",\"target\":{\"@type\":\"EntryPoint\",\"urlTemplate\":\"https:\/\/www.hotelaqua.sk\/sk\/?s={search_term_string}\"},\"query-input\":{\"@type\":\"PropertyValueSpecification\",\"valueRequired\":true,\"valueName\":\"search_term_string\"}}],\"inLanguage\":\"pl-PL\"}]}<\/script>\n<!-- \/ Yoast SEO plugin. -->","yoast_head_json":{"title":"Pobliskie atrakcje - HOTEL AQUA VARGA ***","robots":{"index":"index","follow":"follow","max-snippet":"max-snippet:-1","max-image-preview":"max-image-preview:large","max-video-preview":"max-video-preview:-1"},"canonical":"https:\/\/www.hotelaqua.sk\/pl\/pobliskie-atrakcje\/","og_locale":"pl_PL","og_type":"article","og_title":"Pobliskie atrakcje - HOTEL AQUA VARGA ***","og_description":"Ve\u013ek\u00fd Meder i okolica miasta | Baseny termalne | Hotel Thermal Varga*** | Hotel Aqua *** | historyczne miasto Gy\u0151r | Kom\u00e1rno | Dunajsk\u00e1 Streda Okolica miasta Ve\u013ek\u00fd Meder zapewnia r\u00f3\u017cnorodne mo\u017cliwo\u015bciwykorzystania czasu wolnego. K\u0105pieliska termalne, naturalne jeziora,w\u0119dkarstwo sportowe, kryszta\u0142owo czyste jeziora na dawnych\u017cwirowiskach, \u015bcie\u017cki rowerowe, rolki, kina, centra handlowe,zabytkowe miasta, specja\u0142y kuchni i romantyczne [&hellip;]","og_url":"https:\/\/www.hotelaqua.sk\/pl\/pobliskie-atrakcje\/","og_site_name":"HOTEL AQUA VARGA ***","article_modified_time":"2017-11-05T22:39:16+00:00","og_image":[{"width":2400,"height":1600,"url":"https:\/\/www.hotelaqua.sk\/wp-content\/uploads\/2015\/12\/IMG_9178.jpg","type":"image\/jpeg"}],"twitter_misc":{"Est. reading time":"2 minutes"},"schema":{"@context":"https:\/\/schema.org","@graph":[{"@type":"WebPage","@id":"https:\/\/www.hotelaqua.sk\/pl\/pobliskie-atrakcje\/","url":"https:\/\/www.hotelaqua.sk\/pl\/pobliskie-atrakcje\/","name":"Pobliskie atrakcje - HOTEL AQUA VARGA ***","isPartOf":{"@id":"https:\/\/www.hotelaqua.sk\/sk\/#website"},"primaryImageOfPage":{"@id":"https:\/\/www.hotelaqua.sk\/pl\/pobliskie-atrakcje\/#primaryimage"},"image":{"@id":"https:\/\/www.hotelaqua.sk\/pl\/pobliskie-atrakcje\/#primaryimage"},"thumbnailUrl":"https:\/\/www.hotelaqua.sk\/wp-content\/uploads\/2015\/12\/IMG_9178.jpg","datePublished":"2016-07-23T11:42:12+00:00","dateModified":"2017-11-05T22:39:16+00:00","breadcrumb":{"@id":"https:\/\/www.hotelaqua.sk\/pl\/pobliskie-atrakcje\/#breadcrumb"},"inLanguage":"pl-PL","potentialAction":[{"@type":"ReadAction","target":["https:\/\/www.hotelaqua.sk\/pl\/pobliskie-atrakcje\/"]}]},{"@type":"ImageObject","inLanguage":"pl-PL","@id":"https:\/\/www.hotelaqua.sk\/pl\/pobliskie-atrakcje\/#primaryimage","url":"https:\/\/www.hotelaqua.sk\/wp-content\/uploads\/2015\/12\/IMG_9178.jpg","contentUrl":"https:\/\/www.hotelaqua.sk\/wp-content\/uploads\/2015\/12\/IMG_9178.jpg","width":2400,"height":1600},{"@type":"BreadcrumbList","@id":"https:\/\/www.hotelaqua.sk\/pl\/pobliskie-atrakcje\/#breadcrumb","itemListElement":[{"@type":"ListItem","position":1,"name":"Domovsk\u00e1 str\u00e1nka","item":"https:\/\/www.hotelaqua.sk\/pl\/basen-termalny-slowacja-velky-meder\/"},{"@type":"ListItem","position":2,"name":"Pobliskie atrakcje"}]},{"@type":"WebSite","@id":"https:\/\/www.hotelaqua.sk\/sk\/#website","url":"https:\/\/www.hotelaqua.sk\/sk\/","name":"HOTEL AQUA VARGA ***","description":"Hotel v bl\u00edzkosti term\u00e1lneho k\u00fapaliska vo Ve\u013ekom Mederi","potentialAction":[{"@type":"SearchAction","target":{"@type":"EntryPoint","urlTemplate":"https:\/\/www.hotelaqua.sk\/sk\/?s={search_term_string}"},"query-input":{"@type":"PropertyValueSpecification","valueRequired":true,"valueName":"search_term_string"}}],"inLanguage":"pl-PL"}]}},"_links":{"self":[{"href":"https:\/\/www.hotelaqua.sk\/pl\/wp-json\/wp\/v2\/pages\/830","targetHints":{"allow":["GET"]}}],"collection":[{"href":"https:\/\/www.hotelaqua.sk\/pl\/wp-json\/wp\/v2\/pages"}],"about":[{"href":"https:\/\/www.hotelaqua.sk\/pl\/wp-json\/wp\/v2\/types\/page"}],"author":[{"embeddable":true,"href":"https:\/\/www.hotelaqua.sk\/pl\/wp-json\/wp\/v2\/users\/1"}],"replies":[{"embeddable":true,"href":"https:\/\/www.hotelaqua.sk\/pl\/wp-json\/wp\/v2\/comments?post=830"}],"version-history":[{"count":9,"href":"https:\/\/www.hotelaqua.sk\/pl\/wp-json\/wp\/v2\/pages\/830\/revisions"}],"predecessor-version":[{"id":1397,"href":"https:\/\/www.hotelaqua.sk\/pl\/wp-json\/wp\/v2\/pages\/830\/revisions\/1397"}],"wp:featuredmedia":[{"embeddable":true,"href":"https:\/\/www.hotelaqua.sk\/pl\/wp-json\/wp\/v2\/media\/243"}],"wp:attachment":[{"href":"https:\/\/www.hotelaqua.sk\/pl\/wp-json\/wp\/v2\/media?parent=830"}],"curies":[{"name":"wp","href":"https:\/\/api.w.org\/{rel}","templated":true}]}}