{"id":301,"date":"2015-12-07T22:14:41","date_gmt":"2015-12-07T21:14:41","guid":{"rendered":"http:\/\/hotelaqua.htsys.sk\/?page_id=301"},"modified":"2016-12-12T13:30:19","modified_gmt":"2016-12-12T12:30:19","slug":"basen-termalny-velky-meder-wellness","status":"publish","type":"page","link":"https:\/\/www.hotelaqua.sk\/pl\/basen-termalny-velky-meder-wellness\/","title":{"rendered":"Spa &#038; Wellness"},"content":{"rendered":"<h1>Basen termalny Ve\u013ek\u00fd Meder S\u0142owacja<\/h1>\n<p>Aktywne sp\u0119dzanie czasu w okolicy miasta VE\u013dK\u00dd MEDER<br \/>\n<a href=\"http:\/\/www.thermalcorvinus.pl\">Basen termalny Ve\u013ek\u00fd Meder<\/a> S\u0142owacja jest parkiem a wodny czynnym przez ca\u0142y rok. Nawet w czasie dni wolnych odpracy 365 dni roku czeka na swoich go\u015bci. Kompleks termalny basen Thermal Corvinus otoczony 100 ha las\u00f3w parku znajduje si\u0119 mi\u0119dzy Dunajsk\u0105 Stred\u0105 oraz Komarnem, 10 km od granicy w\u0119gierskiej i 65 km od Bratys\u0142awy.<\/p>\n<div class=\"rgg-container\" data-rgg-id=\"1\">    <div class=\"rgg-imagegrid captions-title captions-effect-none \" data-rgg-id=\"1\">\n                    <a href=\"https:\/\/www.hotelaqua.sk\/wp-content\/uploads\/2015\/12\/IMG_9109-1024x668.jpg\" data-rel=\"rgg\" rel=\"rgg\" title=\"Detsk&yacute; svet aquapark Wellness Term&aacute;lne k&uacute;palisko Ve\u013ek&yacute; Meder\" class=\"rgg-disabled size-medium rgg-img\" data-src=\"https:\/\/www.hotelaqua.sk\/wp-content\/uploads\/2015\/12\/IMG_9109-300x196.jpg\" data-ratio=\"1.5306122449\" data-height=\"196\" data-width=\"300\" aria-label=\"\">\n                            <\/a>\n                    <a href=\"https:\/\/www.hotelaqua.sk\/wp-content\/uploads\/2015\/12\/IMG_9085-1024x683.jpg\" data-rel=\"rgg\" rel=\"rgg\" title=\"\" class=\"rgg-disabled size-medium rgg-img\" data-src=\"https:\/\/www.hotelaqua.sk\/wp-content\/uploads\/2015\/12\/IMG_9085-300x200.jpg\" data-ratio=\"1.5\" data-height=\"200\" data-width=\"300\" aria-label=\"\">\n                            <\/a>\n                    <a href=\"https:\/\/www.hotelaqua.sk\/wp-content\/uploads\/2015\/12\/IMG_9059-1024x683.jpg\" data-rel=\"rgg\" rel=\"rgg\" title=\"\" class=\"rgg-disabled size-medium rgg-img\" data-src=\"https:\/\/www.hotelaqua.sk\/wp-content\/uploads\/2015\/12\/IMG_9059-300x200.jpg\" data-ratio=\"1.5\" data-height=\"200\" data-width=\"300\" aria-label=\"\">\n                            <\/a>\n                    <a href=\"https:\/\/www.hotelaqua.sk\/wp-content\/uploads\/2015\/12\/IMG_8987-1024x578.jpg\" data-rel=\"rgg\" rel=\"rgg\" title=\"\" class=\"rgg-disabled size-medium rgg-img\" data-src=\"https:\/\/www.hotelaqua.sk\/wp-content\/uploads\/2015\/12\/IMG_8987-300x169.jpg\" data-ratio=\"1.77514792899\" data-height=\"169\" data-width=\"300\" aria-label=\"\">\n                            <\/a>\n                    <a href=\"https:\/\/www.hotelaqua.sk\/wp-content\/uploads\/2015\/12\/IMG_8947-1024x683.jpg\" data-rel=\"rgg\" rel=\"rgg\" title=\"\" class=\"rgg-disabled size-medium rgg-img\" data-src=\"https:\/\/www.hotelaqua.sk\/wp-content\/uploads\/2015\/12\/IMG_8947-300x200.jpg\" data-ratio=\"1.5\" data-height=\"200\" data-width=\"300\" aria-label=\"\">\n                            <\/a>\n                    <a href=\"https:\/\/www.hotelaqua.sk\/wp-content\/uploads\/2015\/12\/IMG_8896-1024x683.jpg\" data-rel=\"rgg\" rel=\"rgg\" title=\"\" class=\"rgg-disabled size-medium rgg-img\" data-src=\"https:\/\/www.hotelaqua.sk\/wp-content\/uploads\/2015\/12\/IMG_8896-300x200.jpg\" data-ratio=\"1.5\" data-height=\"200\" data-width=\"300\" aria-label=\"\">\n                            <\/a>\n                    <a href=\"https:\/\/www.hotelaqua.sk\/wp-content\/uploads\/2015\/12\/IMG_8584-1024x683.jpg\" data-rel=\"rgg\" rel=\"rgg\" title=\"\" class=\"rgg-disabled size-medium rgg-img\" data-src=\"https:\/\/www.hotelaqua.sk\/wp-content\/uploads\/2015\/12\/IMG_8584-300x200.jpg\" data-ratio=\"1.5\" data-height=\"200\" data-width=\"300\" aria-label=\"\">\n                            <\/a>\n                    <a href=\"https:\/\/www.hotelaqua.sk\/wp-content\/uploads\/2015\/12\/GOPR0049-1024x768.jpg\" data-rel=\"rgg\" rel=\"rgg\" title=\"Term&aacute;lne k&uacute;palisko Ve\u013ek&yacute; Meder Thermal Corvinus Hotel Thermal Varga Hotel Aqua Vila Termal k&uacute;pele ubytovanie v are&aacute;li\" class=\"rgg-disabled size-medium rgg-img\" data-src=\"https:\/\/www.hotelaqua.sk\/wp-content\/uploads\/2015\/12\/GOPR0049-300x225.jpg\" data-ratio=\"1.33333333333\" data-height=\"225\" data-width=\"300\" aria-label=\"Term\u00e1lne k\u00fapalisko Ve\u013ek\u00fd Meder Thermal Corvinus Hotel Thermal Varga Hotel Aqua Vila Termal k\u00fapele ubytovanie v are\u00e1li\">\n                            <\/a>\n                    <a href=\"https:\/\/www.hotelaqua.sk\/wp-content\/uploads\/2015\/12\/IMG_8634-770x1024.jpg\" data-rel=\"rgg\" rel=\"rgg\" title=\"\" class=\"rgg-disabled size-medium rgg-img\" data-src=\"https:\/\/www.hotelaqua.sk\/wp-content\/uploads\/2015\/12\/IMG_8634-226x300.jpg\" data-ratio=\"0.753333333333\" data-height=\"300\" data-width=\"226\" aria-label=\"\">\n                            <\/a>\n                    <a href=\"https:\/\/www.hotelaqua.sk\/wp-content\/uploads\/2015\/11\/dovolenka_na_slovensku_2014_b_f9b102927c0d23fa.jpg\" data-rel=\"rgg\" rel=\"rgg\" title=\"Term&aacute;lne k&uacute;palisko Ve\u013ek&yacute; Meder Thermal Corvinus Hotel Thermal Aqua Varga wellness kupele lazne termalni koupali&scaron;t\u011b\" class=\"rgg-disabled size-medium rgg-img\" data-src=\"https:\/\/www.hotelaqua.sk\/wp-content\/uploads\/2015\/11\/dovolenka_na_slovensku_2014_b_f9b102927c0d23fa-300x225.jpg\" data-ratio=\"1.33333333333\" data-height=\"225\" data-width=\"300\" aria-label=\"Term\u00e1lne k\u00fapalisko Ve\u013ek\u00fd Meder Thermal Corvinus Hotel Thermal Aqua Varga wellness kupele lazne termalni koupali\u0161t\u011b\">\n                            <\/a>\n                    <a href=\"https:\/\/www.hotelaqua.sk\/wp-content\/uploads\/2015\/11\/THERMAL-CORVINUS-1024x547.jpg\" data-rel=\"rgg\" rel=\"rgg\" title=\"Term&aacute;lne k&uacute;palisko Ve\u013ek&yacute; Meder THERMAL CORVINUS Hotel Aqua Thermal Varga k&uacute;pele wellness spa dovolenka pre dvoch v&iacute;kendov&yacute; pobyt\" class=\"rgg-disabled size-medium rgg-img\" data-src=\"https:\/\/www.hotelaqua.sk\/wp-content\/uploads\/2015\/11\/THERMAL-CORVINUS-300x160.jpg\" data-ratio=\"1.875\" data-height=\"160\" data-width=\"300\" aria-label=\"Term\u00e1lne k\u00fapalisko Ve\u013ek\u00fd Meder THERMAL CORVINUS Hotel Aqua Thermal Varga k\u00fapele wellness spa dovolenka pre dvoch v\u00edkendov\u00fd pobyt\">\n                            <\/a>\n                    <a href=\"https:\/\/www.hotelaqua.sk\/wp-content\/uploads\/2015\/11\/atrakce_termalnilaznevelkymeder_b_322b8_800x800_0.jpg\" data-rel=\"rgg\" rel=\"rgg\" title=\"\" class=\"rgg-disabled size-medium rgg-img\" data-src=\"https:\/\/www.hotelaqua.sk\/wp-content\/uploads\/2015\/11\/atrakce_termalnilaznevelkymeder_b_322b8_800x800_0-300x225.jpg\" data-ratio=\"1.33333333333\" data-height=\"225\" data-width=\"300\" aria-label=\"\">\n                            <\/a>\n            <\/div>\n<\/div>\n<h4>Czy znacie termy <a href=\"http:\/\/www.thermalcorvinus.pl\">Ve\u013ek\u00fd Meder<\/a>?<\/h4>\n<ol>\n<li>Idealne miejsce na leczenie chor\u00f3b uk\u0142adu ruchowego.<\/li>\n<li>Idealne miejsce dla rowerzyst\u00f3w, rodzin z dzie\u0107mi i emeryt\u00f3w. Najwi\u0119ksza ilo\u015b\u0107 s\u0142onecznych dni na S\u0142owacji uprzyjemni Wam Wasz pobyt w Ve\u013ekym Mederze.<\/li>\n<li>Na jeden dzie\u0144 mo\u017cecie wyskoczy\u0107 do zabytkowego miasta Gyor, Komarna, albo odwiedzi\u0107 pobliskie stolice Budapeszt, Bratys\u0142aw\u0119 albo Wiede\u0144.<\/li>\n<li>Pobyty, akcje i zakwaterowanie macie bez po\u015brednik\u00f3w i w najlepszych cenach.<\/li>\n<\/ol>\n<p>K\u0105pielisko w Ve\u013ekym Mederze ma we wszystkich 9 basenach wod\u0119 termaln\u0105 o temperaturze od 26 do 38 stopni Celsjusza, co ma korzystny wp\u0142yw na uk\u0142adu ruchu, kr\u0119gos\u0142up, mi\u0119\u015bnie oraz wp\u0142yw na regeneracj\u0119 organizmu ludzkiego.<\/p>\n<h3>K\u0105pielisko w Vielkim Mederze oferuje kryte i odkryte baseny.<\/h3>\n<p>W sezonie, odwiedzaj\u0105cy otrzymuj\u0105 do dyspozycji 9 basen\u00f3w opowierzchni wody 3400 metr\u00f3w kwadratowych. Aby uczyni\u0107 pobyt naszych go\u015bci przyjemnym oferujemy r\u00f3wnie\u017c restauracje, bary szybkiej obs\u0142ugi z szerokim wyborem posi\u0142k\u00f3w i napoj\u00f3w, 3 wodne zje\u017cd\u017calnie, aqua aerobiku, boisko sportowe, maszyny do gier, tenis sto\u0142owy i plac zabaw.<\/p>\n<p>Dzi\u0119kujemy za przybycie.<\/p>\n","protected":false},"excerpt":{"rendered":"<p>Basen termalny Ve\u013ek\u00fd Meder S\u0142owacja Aktywne sp\u0119dzanie czasu w okolicy miasta VE\u013dK\u00dd MEDER Basen termalny Ve\u013ek\u00fd Meder S\u0142owacja jest parkiem a wodny czynnym przez ca\u0142y rok. Nawet w czasie dni wolnych odpracy 365 dni roku czeka na swoich go\u015bci. Kompleks termalny basen Thermal Corvinus otoczony 100 ha las\u00f3w parku znajduje si\u0119 mi\u0119dzy Dunajsk\u0105 Stred\u0105 oraz [&hellip;]<\/p>\n","protected":false},"author":1,"featured_media":935,"parent":0,"menu_order":0,"comment_status":"closed","ping_status":"closed","template":"","meta":{"footnotes":""},"class_list":["post-301","page","type-page","status-publish","has-post-thumbnail","hentry"],"yoast_head":"<!-- This site is optimized with the Yoast SEO plugin v25.3.1 - https:\/\/yoast.com\/wordpress\/plugins\/seo\/ -->\n<title>Spa &amp; Wellness - HOTEL AQUA VARGA ***<\/title>\n<meta name=\"robots\" content=\"index, follow, max-snippet:-1, max-image-preview:large, max-video-preview:-1\" \/>\n<link rel=\"canonical\" href=\"https:\/\/www.hotelaqua.sk\/pl\/basen-termalny-velky-meder-wellness\/\" \/>\n<meta property=\"og:locale\" content=\"pl_PL\" \/>\n<meta property=\"og:type\" content=\"article\" \/>\n<meta property=\"og:title\" content=\"Spa &amp; Wellness - HOTEL AQUA VARGA ***\" \/>\n<meta property=\"og:description\" content=\"Basen termalny Ve\u013ek\u00fd Meder S\u0142owacja Aktywne sp\u0119dzanie czasu w okolicy miasta VE\u013dK\u00dd MEDER Basen termalny Ve\u013ek\u00fd Meder S\u0142owacja jest parkiem a wodny czynnym przez ca\u0142y rok. Nawet w czasie dni wolnych odpracy 365 dni roku czeka na swoich go\u015bci. Kompleks termalny basen Thermal Corvinus otoczony 100 ha las\u00f3w parku znajduje si\u0119 mi\u0119dzy Dunajsk\u0105 Stred\u0105 oraz [&hellip;]\" \/>\n<meta property=\"og:url\" content=\"https:\/\/www.hotelaqua.sk\/pl\/basen-termalny-velky-meder-wellness\/\" \/>\n<meta property=\"og:site_name\" content=\"HOTEL AQUA VARGA ***\" \/>\n<meta property=\"article:modified_time\" content=\"2016-12-12T12:30:19+00:00\" \/>\n<meta property=\"og:image\" content=\"https:\/\/www.hotelaqua.sk\/wp-content\/uploads\/2015\/12\/RAC5685-e1481544508923.jpg\" \/>\n\t<meta property=\"og:image:width\" content=\"1920\" \/>\n\t<meta property=\"og:image:height\" content=\"1282\" \/>\n\t<meta property=\"og:image:type\" content=\"image\/jpeg\" \/>\n<meta name=\"twitter:label1\" content=\"Est. reading time\" \/>\n\t<meta name=\"twitter:data1\" content=\"1 minute\" \/>\n<script type=\"application\/ld+json\" class=\"yoast-schema-graph\">{\"@context\":\"https:\/\/schema.org\",\"@graph\":[{\"@type\":\"WebPage\",\"@id\":\"https:\/\/www.hotelaqua.sk\/pl\/basen-termalny-velky-meder-wellness\/\",\"url\":\"https:\/\/www.hotelaqua.sk\/pl\/basen-termalny-velky-meder-wellness\/\",\"name\":\"Spa & Wellness - HOTEL AQUA VARGA ***\",\"isPartOf\":{\"@id\":\"https:\/\/www.hotelaqua.sk\/sk\/#website\"},\"primaryImageOfPage\":{\"@id\":\"https:\/\/www.hotelaqua.sk\/pl\/basen-termalny-velky-meder-wellness\/#primaryimage\"},\"image\":{\"@id\":\"https:\/\/www.hotelaqua.sk\/pl\/basen-termalny-velky-meder-wellness\/#primaryimage\"},\"thumbnailUrl\":\"https:\/\/www.hotelaqua.sk\/wp-content\/uploads\/2015\/12\/RAC5685-e1481544508923.jpg\",\"datePublished\":\"2015-12-07T21:14:41+00:00\",\"dateModified\":\"2016-12-12T12:30:19+00:00\",\"breadcrumb\":{\"@id\":\"https:\/\/www.hotelaqua.sk\/pl\/basen-termalny-velky-meder-wellness\/#breadcrumb\"},\"inLanguage\":\"pl-PL\",\"potentialAction\":[{\"@type\":\"ReadAction\",\"target\":[\"https:\/\/www.hotelaqua.sk\/pl\/basen-termalny-velky-meder-wellness\/\"]}]},{\"@type\":\"ImageObject\",\"inLanguage\":\"pl-PL\",\"@id\":\"https:\/\/www.hotelaqua.sk\/pl\/basen-termalny-velky-meder-wellness\/#primaryimage\",\"url\":\"https:\/\/www.hotelaqua.sk\/wp-content\/uploads\/2015\/12\/RAC5685-e1481544508923.jpg\",\"contentUrl\":\"https:\/\/www.hotelaqua.sk\/wp-content\/uploads\/2015\/12\/RAC5685-e1481544508923.jpg\",\"width\":1920,\"height\":1282,\"caption\":\"Sauna a proced\u00fary\"},{\"@type\":\"BreadcrumbList\",\"@id\":\"https:\/\/www.hotelaqua.sk\/pl\/basen-termalny-velky-meder-wellness\/#breadcrumb\",\"itemListElement\":[{\"@type\":\"ListItem\",\"position\":1,\"name\":\"Domovsk\u00e1 str\u00e1nka\",\"item\":\"https:\/\/www.hotelaqua.sk\/en\/what-to-do-in-slovakia-hotel-aqua-wellness-spa\/\"},{\"@type\":\"ListItem\",\"position\":2,\"name\":\"Spa &#038; Wellness\"}]},{\"@type\":\"WebSite\",\"@id\":\"https:\/\/www.hotelaqua.sk\/sk\/#website\",\"url\":\"https:\/\/www.hotelaqua.sk\/sk\/\",\"name\":\"HOTEL AQUA VARGA ***\",\"description\":\"Hotel v bl\u00edzkosti term\u00e1lneho k\u00fapaliska vo Ve\u013ekom Mederi\",\"potentialAction\":[{\"@type\":\"SearchAction\",\"target\":{\"@type\":\"EntryPoint\",\"urlTemplate\":\"https:\/\/www.hotelaqua.sk\/sk\/?s={search_term_string}\"},\"query-input\":{\"@type\":\"PropertyValueSpecification\",\"valueRequired\":true,\"valueName\":\"search_term_string\"}}],\"inLanguage\":\"pl-PL\"}]}<\/script>\n<!-- \/ Yoast SEO plugin. -->","yoast_head_json":{"title":"Spa & Wellness - HOTEL AQUA VARGA ***","robots":{"index":"index","follow":"follow","max-snippet":"max-snippet:-1","max-image-preview":"max-image-preview:large","max-video-preview":"max-video-preview:-1"},"canonical":"https:\/\/www.hotelaqua.sk\/pl\/basen-termalny-velky-meder-wellness\/","og_locale":"pl_PL","og_type":"article","og_title":"Spa & Wellness - HOTEL AQUA VARGA ***","og_description":"Basen termalny Ve\u013ek\u00fd Meder S\u0142owacja Aktywne sp\u0119dzanie czasu w okolicy miasta VE\u013dK\u00dd MEDER Basen termalny Ve\u013ek\u00fd Meder S\u0142owacja jest parkiem a wodny czynnym przez ca\u0142y rok. Nawet w czasie dni wolnych odpracy 365 dni roku czeka na swoich go\u015bci. Kompleks termalny basen Thermal Corvinus otoczony 100 ha las\u00f3w parku znajduje si\u0119 mi\u0119dzy Dunajsk\u0105 Stred\u0105 oraz [&hellip;]","og_url":"https:\/\/www.hotelaqua.sk\/pl\/basen-termalny-velky-meder-wellness\/","og_site_name":"HOTEL AQUA VARGA ***","article_modified_time":"2016-12-12T12:30:19+00:00","og_image":[{"width":1920,"height":1282,"url":"https:\/\/www.hotelaqua.sk\/wp-content\/uploads\/2015\/12\/RAC5685-e1481544508923.jpg","type":"image\/jpeg"}],"twitter_misc":{"Est. reading time":"1 minute"},"schema":{"@context":"https:\/\/schema.org","@graph":[{"@type":"WebPage","@id":"https:\/\/www.hotelaqua.sk\/pl\/basen-termalny-velky-meder-wellness\/","url":"https:\/\/www.hotelaqua.sk\/pl\/basen-termalny-velky-meder-wellness\/","name":"Spa & Wellness - HOTEL AQUA VARGA ***","isPartOf":{"@id":"https:\/\/www.hotelaqua.sk\/sk\/#website"},"primaryImageOfPage":{"@id":"https:\/\/www.hotelaqua.sk\/pl\/basen-termalny-velky-meder-wellness\/#primaryimage"},"image":{"@id":"https:\/\/www.hotelaqua.sk\/pl\/basen-termalny-velky-meder-wellness\/#primaryimage"},"thumbnailUrl":"https:\/\/www.hotelaqua.sk\/wp-content\/uploads\/2015\/12\/RAC5685-e1481544508923.jpg","datePublished":"2015-12-07T21:14:41+00:00","dateModified":"2016-12-12T12:30:19+00:00","breadcrumb":{"@id":"https:\/\/www.hotelaqua.sk\/pl\/basen-termalny-velky-meder-wellness\/#breadcrumb"},"inLanguage":"pl-PL","potentialAction":[{"@type":"ReadAction","target":["https:\/\/www.hotelaqua.sk\/pl\/basen-termalny-velky-meder-wellness\/"]}]},{"@type":"ImageObject","inLanguage":"pl-PL","@id":"https:\/\/www.hotelaqua.sk\/pl\/basen-termalny-velky-meder-wellness\/#primaryimage","url":"https:\/\/www.hotelaqua.sk\/wp-content\/uploads\/2015\/12\/RAC5685-e1481544508923.jpg","contentUrl":"https:\/\/www.hotelaqua.sk\/wp-content\/uploads\/2015\/12\/RAC5685-e1481544508923.jpg","width":1920,"height":1282,"caption":"Sauna a proced\u00fary"},{"@type":"BreadcrumbList","@id":"https:\/\/www.hotelaqua.sk\/pl\/basen-termalny-velky-meder-wellness\/#breadcrumb","itemListElement":[{"@type":"ListItem","position":1,"name":"Domovsk\u00e1 str\u00e1nka","item":"https:\/\/www.hotelaqua.sk\/en\/what-to-do-in-slovakia-hotel-aqua-wellness-spa\/"},{"@type":"ListItem","position":2,"name":"Spa &#038; Wellness"}]},{"@type":"WebSite","@id":"https:\/\/www.hotelaqua.sk\/sk\/#website","url":"https:\/\/www.hotelaqua.sk\/sk\/","name":"HOTEL AQUA VARGA ***","description":"Hotel v bl\u00edzkosti term\u00e1lneho k\u00fapaliska vo Ve\u013ekom Mederi","potentialAction":[{"@type":"SearchAction","target":{"@type":"EntryPoint","urlTemplate":"https:\/\/www.hotelaqua.sk\/sk\/?s={search_term_string}"},"query-input":{"@type":"PropertyValueSpecification","valueRequired":true,"valueName":"search_term_string"}}],"inLanguage":"pl-PL"}]}},"_links":{"self":[{"href":"https:\/\/www.hotelaqua.sk\/pl\/wp-json\/wp\/v2\/pages\/301","targetHints":{"allow":["GET"]}}],"collection":[{"href":"https:\/\/www.hotelaqua.sk\/pl\/wp-json\/wp\/v2\/pages"}],"about":[{"href":"https:\/\/www.hotelaqua.sk\/pl\/wp-json\/wp\/v2\/types\/page"}],"author":[{"embeddable":true,"href":"https:\/\/www.hotelaqua.sk\/pl\/wp-json\/wp\/v2\/users\/1"}],"replies":[{"embeddable":true,"href":"https:\/\/www.hotelaqua.sk\/pl\/wp-json\/wp\/v2\/comments?post=301"}],"version-history":[{"count":9,"href":"https:\/\/www.hotelaqua.sk\/pl\/wp-json\/wp\/v2\/pages\/301\/revisions"}],"predecessor-version":[{"id":870,"href":"https:\/\/www.hotelaqua.sk\/pl\/wp-json\/wp\/v2\/pages\/301\/revisions\/870"}],"wp:featuredmedia":[{"embeddable":true,"href":"https:\/\/www.hotelaqua.sk\/pl\/wp-json\/wp\/v2\/media\/935"}],"wp:attachment":[{"href":"https:\/\/www.hotelaqua.sk\/pl\/wp-json\/wp\/v2\/media?parent=301"}],"curies":[{"name":"wp","href":"https:\/\/api.w.org\/{rel}","templated":true}]}}