{"id":1829,"date":"2018-10-24T06:56:25","date_gmt":"2018-10-24T04:56:25","guid":{"rendered":"https:\/\/www.hotelaqua.sk\/?page_id=1829"},"modified":"2018-11-20T20:23:24","modified_gmt":"2018-11-20T19:23:24","slug":"masaz-u-hotelu","status":"publish","type":"page","link":"https:\/\/www.hotelaqua.sk\/cs\/masaz-velky-meder\/masaz-u-hotelu\/","title":{"rendered":"Mas\u00e1\u017e u hotelu"},"content":{"rendered":"<h2>Sv\u011b\u0159te se do rukou odborn\u00edk\u016f a nechte se h\u00fd\u010dkat<\/h2>\n<h3>Platba v hotovosti na recepci mas\u00e1\u017en\u00edho salonu Afrodita SPA<\/h3>\n<p><strong><span style=\"color: #0000ff; font-size: 14pt;\">Mas\u00e1\u017en\u00ed procedury tel .: +421908306558<\/span><\/strong><br \/>\nKosmetick\u00e9 procedury tel .: +421908306558<\/p>\n<p>Sv\u011b\u0159te se do rukou odborn\u00edk\u016f a nechte se h\u00fd\u010dkat od hlavy a\u017e k pat\u011b \u0161ikovn\u00fdmi c\u00edlen\u00fdmi tahy rukou za uvoln\u011bn\u00edm a fyzickou pohodu, ale i mysli. Zav\u0159ete na chv\u00edli dve\u0159e p\u0159ed cel\u00fdm sv\u011btem a dop\u0159ejte si chv\u00edle jen pro sebe. Na\u010derpejte s\u00edlu, energii a kr\u00e1su jednou z na\u0161ich wellness procedur a mas\u00e1\u017e\u00ed.<\/p>\n<ul>\n<li>Mas\u00e1\u017ee Thajsk\u00e9, aromatick\u00e9, klasick\u00e9, relaxa\u010dn\u00ed a dle aktu\u00e1ln\u00ed nab\u00eddky<\/li>\n<li>Peelingy<\/li>\n<li>Z\u00e1baly<\/li>\n<li>O\u0161et\u0159en\u00ed obli\u010deje<\/li>\n<\/ul>\n<p>V\u0161echny <strong> wellness pobyty Velk\u00fd Meder<\/strong> jsou p\u0159ipraveny tak, aby \u010dlov\u011bka navedli k zdrav\u011bj\u0161\u00edmu stylu \u017eivota a to ve v\u0161ech jeho sf\u00e9r\u00e1ch. Wellness bal\u00ed\u010dky jsou slo\u017eeny z leh\u010d\u00edch wellness procedur, plav\u00e1n\u00ed. Zm\u011b\u0148te sv\u016fj \u017eivot od z\u00e1klad\u016f a relaxujte v Hotelu Thermal Varga ***!Wellness pobyty hotel Thermal Varga *** V\u00e1m d\u00e1v\u00e1 na v\u00fdb\u011br z n\u011bkolika bal\u00ed\u010dk\u016f wellness pobyt\u016f, kter\u00e9 jsme pro V\u00e1s p\u0159ipravili. Ka\u017ed\u00fd si v nab\u00eddce najde to, co mu zde p\u0159edstavuje.<\/p>\n<h4>Kontakt mas\u00e1\u017ee, kosmetika<br \/>\nPromen\u00e1dna 595\/1<br \/>\n93201 Velk\u00fd Meder<br \/>\n+421908306558<br \/>\n+421917460625<br \/>\n<a href=\"mailto:info@hotelthermal.sk\"> info@hotelthermal.sk <\/a><\/h4>\n<div class=\"rgg-container\" data-rgg-id=\"1\">    <div class=\"rgg-imagegrid captions-title captions-effect-none \" data-rgg-id=\"1\">\n                    <a href=\"https:\/\/www.hotelaqua.sk\/wp-content\/uploads\/2017\/03\/pobyt-letny-relax-1024x684.jpg\" data-rel=\"rgg\" rel=\"rgg\" title=\"\" class=\"rgg-disabled size-medium rgg-img\" data-src=\"https:\/\/www.hotelaqua.sk\/wp-content\/uploads\/2017\/03\/pobyt-letny-relax-e1489574366127-300x150.jpg\" data-ratio=\"2\" data-height=\"150\" data-width=\"300\" aria-label=\"\">\n                            <\/a>\n                    <a href=\"https:\/\/www.hotelaqua.sk\/wp-content\/uploads\/2017\/03\/massage-couple-1-1024x556.jpg\" data-rel=\"rgg\" rel=\"rgg\" title=\"\" class=\"rgg-disabled size-medium rgg-img\" data-src=\"https:\/\/www.hotelaqua.sk\/wp-content\/uploads\/2017\/03\/massage-couple-1-300x163.jpg\" data-ratio=\"1.84049079755\" data-height=\"163\" data-width=\"300\" aria-label=\"\">\n                            <\/a>\n                    <a href=\"https:\/\/www.hotelaqua.sk\/wp-content\/uploads\/2017\/03\/LDMassage-1024x719.jpg\" data-rel=\"rgg\" rel=\"rgg\" title=\"\" class=\"rgg-disabled size-medium rgg-img\" data-src=\"https:\/\/www.hotelaqua.sk\/wp-content\/uploads\/2017\/03\/LDMassage-300x211.jpg\" data-ratio=\"1.42180094787\" data-height=\"211\" data-width=\"300\" aria-label=\"\">\n                            <\/a>\n                    <a href=\"https:\/\/www.hotelaqua.sk\/wp-content\/uploads\/2017\/03\/13664369_ml-1024x474.jpg\" data-rel=\"rgg\" rel=\"rgg\" title=\"\" class=\"rgg-disabled size-medium rgg-img\" data-src=\"https:\/\/www.hotelaqua.sk\/wp-content\/uploads\/2017\/03\/13664369_ml-300x139.jpg\" data-ratio=\"2.15827338129\" data-height=\"139\" data-width=\"300\" aria-label=\"\">\n                            <\/a>\n                    <a href=\"https:\/\/www.hotelaqua.sk\/wp-content\/uploads\/2015\/12\/RAC5685-1024x684.jpg\" data-rel=\"rgg\" rel=\"rgg\" title=\"Sauna a proced&uacute;ry\" class=\"rgg-disabled size-medium rgg-img\" data-src=\"https:\/\/www.hotelaqua.sk\/wp-content\/uploads\/2015\/12\/RAC5685-300x200.jpg\" data-ratio=\"1.5\" data-height=\"200\" data-width=\"300\" aria-label=\"\">\n                            <\/a>\n                    <a href=\"https:\/\/www.hotelaqua.sk\/wp-content\/uploads\/2015\/12\/RAC5619-1024x684.jpg\" data-rel=\"rgg\" rel=\"rgg\" title=\"\" class=\"rgg-disabled size-medium rgg-img\" data-src=\"https:\/\/www.hotelaqua.sk\/wp-content\/uploads\/2015\/12\/RAC5619-300x200.jpg\" data-ratio=\"1.5\" data-height=\"200\" data-width=\"300\" aria-label=\"\">\n                            <\/a>\n                    <a href=\"https:\/\/www.hotelaqua.sk\/wp-content\/uploads\/2015\/12\/RAC5602-1024x684.jpg\" data-rel=\"rgg\" rel=\"rgg\" title=\"Sauna a proced&uacute;ry\" class=\"rgg-disabled size-medium rgg-img\" data-src=\"https:\/\/www.hotelaqua.sk\/wp-content\/uploads\/2015\/12\/RAC5602-300x200.jpg\" data-ratio=\"1.5\" data-height=\"200\" data-width=\"300\" aria-label=\"\">\n                            <\/a>\n                    <a href=\"https:\/\/www.hotelaqua.sk\/wp-content\/uploads\/2016\/01\/RAC5400-1024x684.jpg\" data-rel=\"rgg\" rel=\"rgg\" title=\"\" class=\"rgg-disabled size-medium rgg-img\" data-src=\"https:\/\/www.hotelaqua.sk\/wp-content\/uploads\/2016\/01\/RAC5400-300x200.jpg\" data-ratio=\"1.5\" data-height=\"200\" data-width=\"300\" aria-label=\"\">\n                            <\/a>\n            <\/div>\n<\/div>\n","protected":false},"excerpt":{"rendered":"<p>Sv\u011b\u0159te se do rukou odborn\u00edk\u016f a nechte se h\u00fd\u010dkat Platba v hotovosti na recepci mas\u00e1\u017en\u00edho salonu Afrodita SPA Mas\u00e1\u017en\u00ed procedury tel .: +421908306558 Kosmetick\u00e9 procedury tel .: +421908306558 Sv\u011b\u0159te se do rukou odborn\u00edk\u016f a nechte se h\u00fd\u010dkat od hlavy a\u017e k pat\u011b \u0161ikovn\u00fdmi c\u00edlen\u00fdmi tahy rukou za uvoln\u011bn\u00edm a fyzickou pohodu, ale i mysli. Zav\u0159ete [&hellip;]<\/p>\n","protected":false},"author":2,"featured_media":1194,"parent":299,"menu_order":0,"comment_status":"closed","ping_status":"closed","template":"","meta":{"footnotes":""},"class_list":["post-1829","page","type-page","status-publish","has-post-thumbnail","hentry"],"yoast_head":"<!-- This site is optimized with the Yoast SEO plugin v25.3.1 - https:\/\/yoast.com\/wordpress\/plugins\/seo\/ -->\n<title>Mas\u00e1\u017e u hotelu - HOTEL AQUA VARGA ***<\/title>\n<meta name=\"robots\" content=\"index, follow, max-snippet:-1, max-image-preview:large, max-video-preview:-1\" \/>\n<link rel=\"canonical\" href=\"https:\/\/www.hotelaqua.sk\/cs\/masaz-velky-meder\/masaz-u-hotelu\/\" \/>\n<meta property=\"og:locale\" content=\"pl_PL\" \/>\n<meta property=\"og:type\" content=\"article\" \/>\n<meta property=\"og:title\" content=\"Mas\u00e1\u017e u hotelu - HOTEL AQUA VARGA ***\" \/>\n<meta property=\"og:description\" content=\"Sv\u011b\u0159te se do rukou odborn\u00edk\u016f a nechte se h\u00fd\u010dkat Platba v hotovosti na recepci mas\u00e1\u017en\u00edho salonu Afrodita SPA Mas\u00e1\u017en\u00ed procedury tel .: +421908306558 Kosmetick\u00e9 procedury tel .: +421908306558 Sv\u011b\u0159te se do rukou odborn\u00edk\u016f a nechte se h\u00fd\u010dkat od hlavy a\u017e k pat\u011b \u0161ikovn\u00fdmi c\u00edlen\u00fdmi tahy rukou za uvoln\u011bn\u00edm a fyzickou pohodu, ale i mysli. Zav\u0159ete [&hellip;]\" \/>\n<meta property=\"og:url\" content=\"https:\/\/www.hotelaqua.sk\/cs\/masaz-velky-meder\/masaz-u-hotelu\/\" \/>\n<meta property=\"og:site_name\" content=\"HOTEL AQUA VARGA ***\" \/>\n<meta property=\"article:modified_time\" content=\"2018-11-20T19:23:24+00:00\" \/>\n<meta property=\"og:image\" content=\"https:\/\/www.hotelaqua.sk\/wp-content\/uploads\/2017\/03\/massage-couple-1.jpg\" \/>\n\t<meta property=\"og:image:width\" content=\"1600\" \/>\n\t<meta property=\"og:image:height\" content=\"869\" \/>\n\t<meta property=\"og:image:type\" content=\"image\/jpeg\" \/>\n<meta name=\"twitter:label1\" content=\"Est. reading time\" \/>\n\t<meta name=\"twitter:data1\" content=\"1 minute\" \/>\n<script type=\"application\/ld+json\" class=\"yoast-schema-graph\">{\"@context\":\"https:\/\/schema.org\",\"@graph\":[{\"@type\":\"WebPage\",\"@id\":\"https:\/\/www.hotelaqua.sk\/cs\/masaz-velky-meder\/masaz-u-hotelu\/\",\"url\":\"https:\/\/www.hotelaqua.sk\/cs\/masaz-velky-meder\/masaz-u-hotelu\/\",\"name\":\"Mas\u00e1\u017e u hotelu - HOTEL AQUA VARGA ***\",\"isPartOf\":{\"@id\":\"https:\/\/www.hotelaqua.sk\/sk\/#website\"},\"primaryImageOfPage\":{\"@id\":\"https:\/\/www.hotelaqua.sk\/cs\/masaz-velky-meder\/masaz-u-hotelu\/#primaryimage\"},\"image\":{\"@id\":\"https:\/\/www.hotelaqua.sk\/cs\/masaz-velky-meder\/masaz-u-hotelu\/#primaryimage\"},\"thumbnailUrl\":\"https:\/\/www.hotelaqua.sk\/wp-content\/uploads\/2017\/03\/massage-couple-1.jpg\",\"datePublished\":\"2018-10-24T04:56:25+00:00\",\"dateModified\":\"2018-11-20T19:23:24+00:00\",\"breadcrumb\":{\"@id\":\"https:\/\/www.hotelaqua.sk\/cs\/masaz-velky-meder\/masaz-u-hotelu\/#breadcrumb\"},\"inLanguage\":\"pl-PL\",\"potentialAction\":[{\"@type\":\"ReadAction\",\"target\":[\"https:\/\/www.hotelaqua.sk\/cs\/masaz-velky-meder\/masaz-u-hotelu\/\"]}]},{\"@type\":\"ImageObject\",\"inLanguage\":\"pl-PL\",\"@id\":\"https:\/\/www.hotelaqua.sk\/cs\/masaz-velky-meder\/masaz-u-hotelu\/#primaryimage\",\"url\":\"https:\/\/www.hotelaqua.sk\/wp-content\/uploads\/2017\/03\/massage-couple-1.jpg\",\"contentUrl\":\"https:\/\/www.hotelaqua.sk\/wp-content\/uploads\/2017\/03\/massage-couple-1.jpg\",\"width\":1600,\"height\":869},{\"@type\":\"BreadcrumbList\",\"@id\":\"https:\/\/www.hotelaqua.sk\/cs\/masaz-velky-meder\/masaz-u-hotelu\/#breadcrumb\",\"itemListElement\":[{\"@type\":\"ListItem\",\"position\":1,\"name\":\"Domovsk\u00e1 str\u00e1nka\",\"item\":\"https:\/\/www.hotelaqua.sk\/de\/hotel-aqua-thermen-slowakei-velky-meder\/\"},{\"@type\":\"ListItem\",\"position\":2,\"name\":\"Mas\u00e1\u017ee a proced\u00fary\",\"item\":\"https:\/\/www.hotelaqua.sk\/cs\/masaz-velky-meder\/\"},{\"@type\":\"ListItem\",\"position\":3,\"name\":\"Mas\u00e1\u017e u hotelu\"}]},{\"@type\":\"WebSite\",\"@id\":\"https:\/\/www.hotelaqua.sk\/sk\/#website\",\"url\":\"https:\/\/www.hotelaqua.sk\/sk\/\",\"name\":\"HOTEL AQUA VARGA ***\",\"description\":\"Hotel v bl\u00edzkosti term\u00e1lneho k\u00fapaliska vo Ve\u013ekom Mederi\",\"potentialAction\":[{\"@type\":\"SearchAction\",\"target\":{\"@type\":\"EntryPoint\",\"urlTemplate\":\"https:\/\/www.hotelaqua.sk\/sk\/?s={search_term_string}\"},\"query-input\":{\"@type\":\"PropertyValueSpecification\",\"valueRequired\":true,\"valueName\":\"search_term_string\"}}],\"inLanguage\":\"pl-PL\"}]}<\/script>\n<!-- \/ Yoast SEO plugin. -->","yoast_head_json":{"title":"Mas\u00e1\u017e u hotelu - HOTEL AQUA VARGA ***","robots":{"index":"index","follow":"follow","max-snippet":"max-snippet:-1","max-image-preview":"max-image-preview:large","max-video-preview":"max-video-preview:-1"},"canonical":"https:\/\/www.hotelaqua.sk\/cs\/masaz-velky-meder\/masaz-u-hotelu\/","og_locale":"pl_PL","og_type":"article","og_title":"Mas\u00e1\u017e u hotelu - HOTEL AQUA VARGA ***","og_description":"Sv\u011b\u0159te se do rukou odborn\u00edk\u016f a nechte se h\u00fd\u010dkat Platba v hotovosti na recepci mas\u00e1\u017en\u00edho salonu Afrodita SPA Mas\u00e1\u017en\u00ed procedury tel .: +421908306558 Kosmetick\u00e9 procedury tel .: +421908306558 Sv\u011b\u0159te se do rukou odborn\u00edk\u016f a nechte se h\u00fd\u010dkat od hlavy a\u017e k pat\u011b \u0161ikovn\u00fdmi c\u00edlen\u00fdmi tahy rukou za uvoln\u011bn\u00edm a fyzickou pohodu, ale i mysli. Zav\u0159ete [&hellip;]","og_url":"https:\/\/www.hotelaqua.sk\/cs\/masaz-velky-meder\/masaz-u-hotelu\/","og_site_name":"HOTEL AQUA VARGA ***","article_modified_time":"2018-11-20T19:23:24+00:00","og_image":[{"width":1600,"height":869,"url":"https:\/\/www.hotelaqua.sk\/wp-content\/uploads\/2017\/03\/massage-couple-1.jpg","type":"image\/jpeg"}],"twitter_misc":{"Est. reading time":"1 minute"},"schema":{"@context":"https:\/\/schema.org","@graph":[{"@type":"WebPage","@id":"https:\/\/www.hotelaqua.sk\/cs\/masaz-velky-meder\/masaz-u-hotelu\/","url":"https:\/\/www.hotelaqua.sk\/cs\/masaz-velky-meder\/masaz-u-hotelu\/","name":"Mas\u00e1\u017e u hotelu - HOTEL AQUA VARGA ***","isPartOf":{"@id":"https:\/\/www.hotelaqua.sk\/sk\/#website"},"primaryImageOfPage":{"@id":"https:\/\/www.hotelaqua.sk\/cs\/masaz-velky-meder\/masaz-u-hotelu\/#primaryimage"},"image":{"@id":"https:\/\/www.hotelaqua.sk\/cs\/masaz-velky-meder\/masaz-u-hotelu\/#primaryimage"},"thumbnailUrl":"https:\/\/www.hotelaqua.sk\/wp-content\/uploads\/2017\/03\/massage-couple-1.jpg","datePublished":"2018-10-24T04:56:25+00:00","dateModified":"2018-11-20T19:23:24+00:00","breadcrumb":{"@id":"https:\/\/www.hotelaqua.sk\/cs\/masaz-velky-meder\/masaz-u-hotelu\/#breadcrumb"},"inLanguage":"pl-PL","potentialAction":[{"@type":"ReadAction","target":["https:\/\/www.hotelaqua.sk\/cs\/masaz-velky-meder\/masaz-u-hotelu\/"]}]},{"@type":"ImageObject","inLanguage":"pl-PL","@id":"https:\/\/www.hotelaqua.sk\/cs\/masaz-velky-meder\/masaz-u-hotelu\/#primaryimage","url":"https:\/\/www.hotelaqua.sk\/wp-content\/uploads\/2017\/03\/massage-couple-1.jpg","contentUrl":"https:\/\/www.hotelaqua.sk\/wp-content\/uploads\/2017\/03\/massage-couple-1.jpg","width":1600,"height":869},{"@type":"BreadcrumbList","@id":"https:\/\/www.hotelaqua.sk\/cs\/masaz-velky-meder\/masaz-u-hotelu\/#breadcrumb","itemListElement":[{"@type":"ListItem","position":1,"name":"Domovsk\u00e1 str\u00e1nka","item":"https:\/\/www.hotelaqua.sk\/de\/hotel-aqua-thermen-slowakei-velky-meder\/"},{"@type":"ListItem","position":2,"name":"Mas\u00e1\u017ee a proced\u00fary","item":"https:\/\/www.hotelaqua.sk\/cs\/masaz-velky-meder\/"},{"@type":"ListItem","position":3,"name":"Mas\u00e1\u017e u hotelu"}]},{"@type":"WebSite","@id":"https:\/\/www.hotelaqua.sk\/sk\/#website","url":"https:\/\/www.hotelaqua.sk\/sk\/","name":"HOTEL AQUA VARGA ***","description":"Hotel v bl\u00edzkosti term\u00e1lneho k\u00fapaliska vo Ve\u013ekom Mederi","potentialAction":[{"@type":"SearchAction","target":{"@type":"EntryPoint","urlTemplate":"https:\/\/www.hotelaqua.sk\/sk\/?s={search_term_string}"},"query-input":{"@type":"PropertyValueSpecification","valueRequired":true,"valueName":"search_term_string"}}],"inLanguage":"pl-PL"}]}},"_links":{"self":[{"href":"https:\/\/www.hotelaqua.sk\/pl\/wp-json\/wp\/v2\/pages\/1829","targetHints":{"allow":["GET"]}}],"collection":[{"href":"https:\/\/www.hotelaqua.sk\/pl\/wp-json\/wp\/v2\/pages"}],"about":[{"href":"https:\/\/www.hotelaqua.sk\/pl\/wp-json\/wp\/v2\/types\/page"}],"author":[{"embeddable":true,"href":"https:\/\/www.hotelaqua.sk\/pl\/wp-json\/wp\/v2\/users\/2"}],"replies":[{"embeddable":true,"href":"https:\/\/www.hotelaqua.sk\/pl\/wp-json\/wp\/v2\/comments?post=1829"}],"version-history":[{"count":0,"href":"https:\/\/www.hotelaqua.sk\/pl\/wp-json\/wp\/v2\/pages\/1829\/revisions"}],"up":[{"embeddable":true,"href":"https:\/\/www.hotelaqua.sk\/pl\/wp-json\/wp\/v2\/pages\/299"}],"wp:featuredmedia":[{"embeddable":true,"href":"https:\/\/www.hotelaqua.sk\/pl\/wp-json\/wp\/v2\/media\/1194"}],"wp:attachment":[{"href":"https:\/\/www.hotelaqua.sk\/pl\/wp-json\/wp\/v2\/media?parent=1829"}],"curies":[{"name":"wp","href":"https:\/\/api.w.org\/{rel}","templated":true}]}}