{"id":1793,"date":"2018-10-24T06:19:07","date_gmt":"2018-10-24T04:19:07","guid":{"rendered":"https:\/\/www.hotelaqua.sk\/?page_id=1793"},"modified":"2018-11-20T16:37:47","modified_gmt":"2018-11-20T15:37:47","slug":"kozmeticke-procedury-velky-meder","status":"publish","type":"page","link":"https:\/\/www.hotelaqua.sk\/sk\/masaze-velky-meder\/kozmeticke-procedury-velky-meder\/","title":{"rendered":"Kozmetick\u00e9 proced\u00fary"},"content":{"rendered":"<h1>Kozmetick\u00e9 proced\u00fary v Afrodita SPA<\/h1>\n<h3>Platba v hotovosti na recepcii mas\u00e1\u017eneho sal\u00f3nu Afrodita SPA<\/h3>\n<p>Mas\u00e1\u017ene proced\u00fary tel.: +421908306558<br \/>\n<span style=\"font-size: 14pt;\"><strong><span style=\"color: #008000;\">Kozmetick\u00e9 proced\u00fary tel.: +421908306558<\/span><\/strong><\/span><br \/>\nSal\u00f3n sa nach\u00e1dza ved\u013ea Hotela Aqua *** Ve\u013ek\u00fd Meder.<\/p>\n<p><span style=\"font-size: 14pt;\"><strong><span style=\"color: #0000ff;\">Permanent Make Up:<\/span><\/strong><\/span><\/p>\n<ul>\n<li>Tetovanie obo\u010dia \u010diarkovan\u00edm<\/li>\n<li>Tetovanie obo\u010dia kolorovan\u00edm<\/li>\n<li>Tetovanie dolnej linky<\/li>\n<li>Tetovanie hornej linky<\/li>\n<li>Tetovanie pier<\/li>\n<li>Tetovanie \u2013 v\u00fdpl\u0148 pier<\/li>\n<\/ul>\n<p><span style=\"font-size: 14pt;\"><strong><span style=\"color: #0000ff;\">Kozmetick\u00e9 o\u0161etrenia pleti:<\/span><\/strong><\/span><\/p>\n<ul>\n<li>Kokosov\u00fd luxus 60\u00b4<\/li>\n<li>H\u013abkov\u00e9 \u010distenie 60\u00b4<\/li>\n<li>Hydrat\u00e1cia pleti 70\u00b4<\/li>\n<li>V\u00fd\u017eiva pleti<\/li>\n<li>Boj proti starnutiu 70\u00b4<\/li>\n<li>Mas\u00e1\u017e tv\u00e1re krku, dekolt\u00e1\u017ee 30\u00b4<\/li>\n<li>Osvie\u017euj\u00faca maska s mas\u00e1\u017eou 40\u00b4<\/li>\n<li>O\u0161etrenie pre p\u00e1nov ,,klasik\u201c 60\u00b4<\/li>\n<li>O\u0161etrenie pre p\u00e1nov ,,luxus\u201c 60\u00b4<\/li>\n<li>Laserov\u00e9 odstr\u00e1nenie ch\u013apkov<\/li>\n<li>Farbenie a \u00faprava obo\u010dia<\/li>\n<li>Farbenie rias<\/li>\n<li>Trval\u00e1 na vlasy<\/li>\n<li>Make up denn\u00fd<\/li>\n<li>Make up ve\u010dern\u00fd<\/li>\n<\/ul>\n<div class=\"rgg-container\" data-rgg-id=\"1\">    <div class=\"rgg-imagegrid captions-title captions-effect-none \" data-rgg-id=\"1\">\n                    <a href=\"https:\/\/www.hotelaqua.sk\/wp-content\/uploads\/2018\/10\/3702334-8bbda6-1024x512.jpg\" data-rel=\"rgg\" rel=\"rgg\" title=\"kozmetick&eacute; proced&uacute;ry Ve\u013ek&yacute; Meder Afrodita kozmetick&yacute; sal&oacute;n spa\" class=\"rgg-disabled size-medium rgg-img\" data-src=\"https:\/\/www.hotelaqua.sk\/wp-content\/uploads\/2018\/10\/3702334-8bbda6-300x150.jpg\" data-ratio=\"2\" data-height=\"150\" data-width=\"300\" aria-label=\"kozmetick\u00e9 proced\u00fary Ve\u013ek\u00fd Meder Afrodita kozmetick\u00fd sal\u00f3n spa\">\n                            <\/a>\n                    <a href=\"https:\/\/www.hotelaqua.sk\/wp-content\/uploads\/2018\/10\/3701596-eeb5a0-1024x683.jpg\" data-rel=\"rgg\" rel=\"rgg\" title=\"kozmetick&eacute; proced&uacute;ry Ve\u013ek&yacute; Meder Afrodita kozmetick&yacute; sal&oacute;n spa\" class=\"rgg-disabled size-medium rgg-img\" data-src=\"https:\/\/www.hotelaqua.sk\/wp-content\/uploads\/2018\/10\/3701596-eeb5a0-300x200.jpg\" data-ratio=\"1.5\" data-height=\"200\" data-width=\"300\" aria-label=\"kozmetick\u00e9 proced\u00fary Ve\u013ek\u00fd Meder Afrodita kozmetick\u00fd sal\u00f3n spa\">\n                            <\/a>\n                    <a href=\"https:\/\/www.hotelaqua.sk\/wp-content\/uploads\/2018\/10\/3701598-eeb5a0-1024x682.jpg\" data-rel=\"rgg\" rel=\"rgg\" title=\"kozmetick&eacute; proced&uacute;ry Ve\u013ek&yacute; Meder Afrodita kozmetick&yacute; sal&oacute;n spa\" class=\"rgg-disabled size-medium rgg-img\" data-src=\"https:\/\/www.hotelaqua.sk\/wp-content\/uploads\/2018\/10\/3701598-eeb5a0-300x200.jpg\" data-ratio=\"1.5\" data-height=\"200\" data-width=\"300\" aria-label=\"kozmetick\u00e9 proced\u00fary Ve\u013ek\u00fd Meder Afrodita kozmetick\u00fd sal\u00f3n spa\">\n                            <\/a>\n                    <a href=\"https:\/\/www.hotelaqua.sk\/wp-content\/uploads\/2018\/10\/3701600-eeb5a0-1024x682.jpg\" data-rel=\"rgg\" rel=\"rgg\" title=\"kozmetick&eacute; proced&uacute;ry Ve\u013ek&yacute; Meder Afrodita kozmetick&yacute; sal&oacute;n spa\" class=\"rgg-disabled size-medium rgg-img\" data-src=\"https:\/\/www.hotelaqua.sk\/wp-content\/uploads\/2018\/10\/3701600-eeb5a0-300x200.jpg\" data-ratio=\"1.5\" data-height=\"200\" data-width=\"300\" aria-label=\"kozmetick\u00e9 proced\u00fary Ve\u013ek\u00fd Meder Afrodita kozmetick\u00fd sal\u00f3n spa\">\n                            <\/a>\n            <\/div>\n<\/div>\n<h4>Kontakt mas\u00e1\u017ee, kozmetika<br \/>\n+421908306558<br \/>\n+421917460625<br \/>\nPromen\u00e1dna 595\/1<br \/>\n93201 Ve\u013ek\u00fd Meder<br \/>\n<a href=\"mailto:info@hotelthermal.sk\">info@hotelthermal.sk<\/a><\/h4>\n","protected":false},"excerpt":{"rendered":"<p>Kozmetick\u00e9 proced\u00fary v Afrodita SPA Platba v hotovosti na recepcii mas\u00e1\u017eneho sal\u00f3nu Afrodita SPA Mas\u00e1\u017ene proced\u00fary tel.: +421908306558 Kozmetick\u00e9 proced\u00fary tel.: +421908306558 Sal\u00f3n sa nach\u00e1dza ved\u013ea Hotela Aqua *** Ve\u013ek\u00fd Meder. Permanent Make Up: Tetovanie obo\u010dia \u010diarkovan\u00edm Tetovanie obo\u010dia kolorovan\u00edm Tetovanie dolnej linky Tetovanie hornej linky Tetovanie pier Tetovanie \u2013 v\u00fdpl\u0148 pier Kozmetick\u00e9 o\u0161etrenia pleti: [&hellip;]<\/p>\n","protected":false},"author":2,"featured_media":1795,"parent":296,"menu_order":0,"comment_status":"closed","ping_status":"closed","template":"","meta":{"footnotes":""},"class_list":["post-1793","page","type-page","status-publish","has-post-thumbnail","hentry"],"yoast_head":"<!-- This site is optimized with the Yoast SEO plugin v25.3.1 - https:\/\/yoast.com\/wordpress\/plugins\/seo\/ -->\n<title>Kozmetick\u00e9 proced\u00fary - HOTEL AQUA VARGA ***<\/title>\n<meta name=\"robots\" content=\"index, follow, max-snippet:-1, max-image-preview:large, max-video-preview:-1\" \/>\n<link rel=\"canonical\" href=\"https:\/\/www.hotelaqua.sk\/sk\/masaze-velky-meder\/kozmeticke-procedury-velky-meder\/\" \/>\n<meta property=\"og:locale\" content=\"pl_PL\" \/>\n<meta property=\"og:type\" content=\"article\" \/>\n<meta property=\"og:title\" content=\"Kozmetick\u00e9 proced\u00fary - HOTEL AQUA VARGA ***\" \/>\n<meta property=\"og:description\" content=\"Kozmetick\u00e9 proced\u00fary v Afrodita SPA Platba v hotovosti na recepcii mas\u00e1\u017eneho sal\u00f3nu Afrodita SPA Mas\u00e1\u017ene proced\u00fary tel.: +421908306558 Kozmetick\u00e9 proced\u00fary tel.: +421908306558 Sal\u00f3n sa nach\u00e1dza ved\u013ea Hotela Aqua *** Ve\u013ek\u00fd Meder. Permanent Make Up: Tetovanie obo\u010dia \u010diarkovan\u00edm Tetovanie obo\u010dia kolorovan\u00edm Tetovanie dolnej linky Tetovanie hornej linky Tetovanie pier Tetovanie \u2013 v\u00fdpl\u0148 pier Kozmetick\u00e9 o\u0161etrenia pleti: [&hellip;]\" \/>\n<meta property=\"og:url\" content=\"https:\/\/www.hotelaqua.sk\/sk\/masaze-velky-meder\/kozmeticke-procedury-velky-meder\/\" \/>\n<meta property=\"og:site_name\" content=\"HOTEL AQUA VARGA ***\" \/>\n<meta property=\"article:modified_time\" content=\"2018-11-20T15:37:47+00:00\" \/>\n<meta property=\"og:image\" content=\"https:\/\/www.hotelaqua.sk\/wp-content\/uploads\/2018\/10\/3701598-eeb5a0.jpg\" \/>\n\t<meta property=\"og:image:width\" content=\"1280\" \/>\n\t<meta property=\"og:image:height\" content=\"852\" \/>\n\t<meta property=\"og:image:type\" content=\"image\/jpeg\" \/>\n<meta name=\"twitter:label1\" content=\"Est. reading time\" \/>\n\t<meta name=\"twitter:data1\" content=\"1 minute\" \/>\n<script type=\"application\/ld+json\" class=\"yoast-schema-graph\">{\"@context\":\"https:\/\/schema.org\",\"@graph\":[{\"@type\":\"WebPage\",\"@id\":\"https:\/\/www.hotelaqua.sk\/sk\/masaze-velky-meder\/kozmeticke-procedury-velky-meder\/\",\"url\":\"https:\/\/www.hotelaqua.sk\/sk\/masaze-velky-meder\/kozmeticke-procedury-velky-meder\/\",\"name\":\"Kozmetick\u00e9 proced\u00fary - HOTEL AQUA VARGA ***\",\"isPartOf\":{\"@id\":\"https:\/\/www.hotelaqua.sk\/sk\/#website\"},\"primaryImageOfPage\":{\"@id\":\"https:\/\/www.hotelaqua.sk\/sk\/masaze-velky-meder\/kozmeticke-procedury-velky-meder\/#primaryimage\"},\"image\":{\"@id\":\"https:\/\/www.hotelaqua.sk\/sk\/masaze-velky-meder\/kozmeticke-procedury-velky-meder\/#primaryimage\"},\"thumbnailUrl\":\"https:\/\/www.hotelaqua.sk\/wp-content\/uploads\/2018\/10\/3701598-eeb5a0.jpg\",\"datePublished\":\"2018-10-24T04:19:07+00:00\",\"dateModified\":\"2018-11-20T15:37:47+00:00\",\"breadcrumb\":{\"@id\":\"https:\/\/www.hotelaqua.sk\/sk\/masaze-velky-meder\/kozmeticke-procedury-velky-meder\/#breadcrumb\"},\"inLanguage\":\"pl-PL\",\"potentialAction\":[{\"@type\":\"ReadAction\",\"target\":[\"https:\/\/www.hotelaqua.sk\/sk\/masaze-velky-meder\/kozmeticke-procedury-velky-meder\/\"]}]},{\"@type\":\"ImageObject\",\"inLanguage\":\"pl-PL\",\"@id\":\"https:\/\/www.hotelaqua.sk\/sk\/masaze-velky-meder\/kozmeticke-procedury-velky-meder\/#primaryimage\",\"url\":\"https:\/\/www.hotelaqua.sk\/wp-content\/uploads\/2018\/10\/3701598-eeb5a0.jpg\",\"contentUrl\":\"https:\/\/www.hotelaqua.sk\/wp-content\/uploads\/2018\/10\/3701598-eeb5a0.jpg\",\"width\":1280,\"height\":852,\"caption\":\"kozmetick\u00e9 proced\u00fary Ve\u013ek\u00fd Meder Afrodita kozmetick\u00fd sal\u00f3n spa\"},{\"@type\":\"BreadcrumbList\",\"@id\":\"https:\/\/www.hotelaqua.sk\/sk\/masaze-velky-meder\/kozmeticke-procedury-velky-meder\/#breadcrumb\",\"itemListElement\":[{\"@type\":\"ListItem\",\"position\":1,\"name\":\"Domovsk\u00e1 str\u00e1nka\",\"item\":\"https:\/\/www.hotelaqua.sk\/pl\/basen-termalny-slowacja-velky-meder\/\"},{\"@type\":\"ListItem\",\"position\":2,\"name\":\"Mas\u00e1\u017ee a Kozmetika\",\"item\":\"https:\/\/www.hotelaqua.sk\/sk\/masaze-velky-meder\/\"},{\"@type\":\"ListItem\",\"position\":3,\"name\":\"Kozmetick\u00e9 proced\u00fary\"}]},{\"@type\":\"WebSite\",\"@id\":\"https:\/\/www.hotelaqua.sk\/sk\/#website\",\"url\":\"https:\/\/www.hotelaqua.sk\/sk\/\",\"name\":\"HOTEL AQUA VARGA ***\",\"description\":\"Hotel v bl\u00edzkosti term\u00e1lneho k\u00fapaliska vo Ve\u013ekom Mederi\",\"potentialAction\":[{\"@type\":\"SearchAction\",\"target\":{\"@type\":\"EntryPoint\",\"urlTemplate\":\"https:\/\/www.hotelaqua.sk\/sk\/?s={search_term_string}\"},\"query-input\":{\"@type\":\"PropertyValueSpecification\",\"valueRequired\":true,\"valueName\":\"search_term_string\"}}],\"inLanguage\":\"pl-PL\"}]}<\/script>\n<!-- \/ Yoast SEO plugin. -->","yoast_head_json":{"title":"Kozmetick\u00e9 proced\u00fary - HOTEL AQUA VARGA ***","robots":{"index":"index","follow":"follow","max-snippet":"max-snippet:-1","max-image-preview":"max-image-preview:large","max-video-preview":"max-video-preview:-1"},"canonical":"https:\/\/www.hotelaqua.sk\/sk\/masaze-velky-meder\/kozmeticke-procedury-velky-meder\/","og_locale":"pl_PL","og_type":"article","og_title":"Kozmetick\u00e9 proced\u00fary - HOTEL AQUA VARGA ***","og_description":"Kozmetick\u00e9 proced\u00fary v Afrodita SPA Platba v hotovosti na recepcii mas\u00e1\u017eneho sal\u00f3nu Afrodita SPA Mas\u00e1\u017ene proced\u00fary tel.: +421908306558 Kozmetick\u00e9 proced\u00fary tel.: +421908306558 Sal\u00f3n sa nach\u00e1dza ved\u013ea Hotela Aqua *** Ve\u013ek\u00fd Meder. Permanent Make Up: Tetovanie obo\u010dia \u010diarkovan\u00edm Tetovanie obo\u010dia kolorovan\u00edm Tetovanie dolnej linky Tetovanie hornej linky Tetovanie pier Tetovanie \u2013 v\u00fdpl\u0148 pier Kozmetick\u00e9 o\u0161etrenia pleti: [&hellip;]","og_url":"https:\/\/www.hotelaqua.sk\/sk\/masaze-velky-meder\/kozmeticke-procedury-velky-meder\/","og_site_name":"HOTEL AQUA VARGA ***","article_modified_time":"2018-11-20T15:37:47+00:00","og_image":[{"width":1280,"height":852,"url":"https:\/\/www.hotelaqua.sk\/wp-content\/uploads\/2018\/10\/3701598-eeb5a0.jpg","type":"image\/jpeg"}],"twitter_misc":{"Est. reading time":"1 minute"},"schema":{"@context":"https:\/\/schema.org","@graph":[{"@type":"WebPage","@id":"https:\/\/www.hotelaqua.sk\/sk\/masaze-velky-meder\/kozmeticke-procedury-velky-meder\/","url":"https:\/\/www.hotelaqua.sk\/sk\/masaze-velky-meder\/kozmeticke-procedury-velky-meder\/","name":"Kozmetick\u00e9 proced\u00fary - HOTEL AQUA VARGA ***","isPartOf":{"@id":"https:\/\/www.hotelaqua.sk\/sk\/#website"},"primaryImageOfPage":{"@id":"https:\/\/www.hotelaqua.sk\/sk\/masaze-velky-meder\/kozmeticke-procedury-velky-meder\/#primaryimage"},"image":{"@id":"https:\/\/www.hotelaqua.sk\/sk\/masaze-velky-meder\/kozmeticke-procedury-velky-meder\/#primaryimage"},"thumbnailUrl":"https:\/\/www.hotelaqua.sk\/wp-content\/uploads\/2018\/10\/3701598-eeb5a0.jpg","datePublished":"2018-10-24T04:19:07+00:00","dateModified":"2018-11-20T15:37:47+00:00","breadcrumb":{"@id":"https:\/\/www.hotelaqua.sk\/sk\/masaze-velky-meder\/kozmeticke-procedury-velky-meder\/#breadcrumb"},"inLanguage":"pl-PL","potentialAction":[{"@type":"ReadAction","target":["https:\/\/www.hotelaqua.sk\/sk\/masaze-velky-meder\/kozmeticke-procedury-velky-meder\/"]}]},{"@type":"ImageObject","inLanguage":"pl-PL","@id":"https:\/\/www.hotelaqua.sk\/sk\/masaze-velky-meder\/kozmeticke-procedury-velky-meder\/#primaryimage","url":"https:\/\/www.hotelaqua.sk\/wp-content\/uploads\/2018\/10\/3701598-eeb5a0.jpg","contentUrl":"https:\/\/www.hotelaqua.sk\/wp-content\/uploads\/2018\/10\/3701598-eeb5a0.jpg","width":1280,"height":852,"caption":"kozmetick\u00e9 proced\u00fary Ve\u013ek\u00fd Meder Afrodita kozmetick\u00fd sal\u00f3n spa"},{"@type":"BreadcrumbList","@id":"https:\/\/www.hotelaqua.sk\/sk\/masaze-velky-meder\/kozmeticke-procedury-velky-meder\/#breadcrumb","itemListElement":[{"@type":"ListItem","position":1,"name":"Domovsk\u00e1 str\u00e1nka","item":"https:\/\/www.hotelaqua.sk\/pl\/basen-termalny-slowacja-velky-meder\/"},{"@type":"ListItem","position":2,"name":"Mas\u00e1\u017ee a Kozmetika","item":"https:\/\/www.hotelaqua.sk\/sk\/masaze-velky-meder\/"},{"@type":"ListItem","position":3,"name":"Kozmetick\u00e9 proced\u00fary"}]},{"@type":"WebSite","@id":"https:\/\/www.hotelaqua.sk\/sk\/#website","url":"https:\/\/www.hotelaqua.sk\/sk\/","name":"HOTEL AQUA VARGA ***","description":"Hotel v bl\u00edzkosti term\u00e1lneho k\u00fapaliska vo Ve\u013ekom Mederi","potentialAction":[{"@type":"SearchAction","target":{"@type":"EntryPoint","urlTemplate":"https:\/\/www.hotelaqua.sk\/sk\/?s={search_term_string}"},"query-input":{"@type":"PropertyValueSpecification","valueRequired":true,"valueName":"search_term_string"}}],"inLanguage":"pl-PL"}]}},"_links":{"self":[{"href":"https:\/\/www.hotelaqua.sk\/pl\/wp-json\/wp\/v2\/pages\/1793","targetHints":{"allow":["GET"]}}],"collection":[{"href":"https:\/\/www.hotelaqua.sk\/pl\/wp-json\/wp\/v2\/pages"}],"about":[{"href":"https:\/\/www.hotelaqua.sk\/pl\/wp-json\/wp\/v2\/types\/page"}],"author":[{"embeddable":true,"href":"https:\/\/www.hotelaqua.sk\/pl\/wp-json\/wp\/v2\/users\/2"}],"replies":[{"embeddable":true,"href":"https:\/\/www.hotelaqua.sk\/pl\/wp-json\/wp\/v2\/comments?post=1793"}],"version-history":[{"count":1,"href":"https:\/\/www.hotelaqua.sk\/pl\/wp-json\/wp\/v2\/pages\/1793\/revisions"}],"predecessor-version":[{"id":1801,"href":"https:\/\/www.hotelaqua.sk\/pl\/wp-json\/wp\/v2\/pages\/1793\/revisions\/1801"}],"up":[{"embeddable":true,"href":"https:\/\/www.hotelaqua.sk\/pl\/wp-json\/wp\/v2\/pages\/296"}],"wp:featuredmedia":[{"embeddable":true,"href":"https:\/\/www.hotelaqua.sk\/pl\/wp-json\/wp\/v2\/media\/1795"}],"wp:attachment":[{"href":"https:\/\/www.hotelaqua.sk\/pl\/wp-json\/wp\/v2\/media?parent=1793"}],"curies":[{"name":"wp","href":"https:\/\/api.w.org\/{rel}","templated":true}]}}