{"id":1787,"date":"2018-10-24T06:03:23","date_gmt":"2018-10-24T04:03:23","guid":{"rendered":"https:\/\/www.hotelaqua.sk\/?page_id=1787"},"modified":"2018-11-22T14:39:43","modified_gmt":"2018-11-22T13:39:43","slug":"wellness-spa-velky-meder","status":"publish","type":"page","link":"https:\/\/www.hotelaqua.sk\/sk\/wellness-spa-velky-meder\/","title":{"rendered":"Wellness &#038; SPA Ve\u013ek\u00fd Meder"},"content":{"rendered":"<h2>WELLNESS Vit\u00e1ln\u00fd svet term\u00e1ln\u00e9 k\u00fapalisko\u00a0<a href=\"http:\/\/www.meder.sk\">Ve\u013ek\u00fd Meder<\/a>.<\/h2>\n<p>V\u0161etky<strong> wellness spa pobyty\u00a0Ve\u013ek\u00fd Meder<\/strong>\u00a0s\u00fa pripraven\u00e9 tak, aby \u010dloveka naviedli k zdrav\u0161iemu \u0161t\u00fdlu \u017eivota a to vo v\u0161etk\u00fdch jeho sf\u00e9rach . Wellness bal\u00ed\u010dky s\u00fa zlo\u017een\u00e9 z \u013eah\u0161\u00edch wellness proced\u00far, pl\u00e1vania. Zme\u0148te svoj \u017eivot od z\u00e1kladov a relaxujte v Hotel Aqua *** a Hotel Thermal Varga *** .<\/p>\n<blockquote><p><strong>Wellness<\/strong> sa zaober\u00e1 starostlivos\u0165ou o \u010dloveka a o jeho fyzick\u00e9 a du\u0161evn\u00e9 zdravie.<\/p><\/blockquote>\n<p>Cie\u013eom wellness je pom\u00f4c\u0165 \u013eu\u010fom n\u00e1js\u0165 cestu ku kvalitn\u00e9mu a <strong>plnohodnotn\u00e9mu \u017eivotu<\/strong>. Ak sa c\u00edtite unaven\u00ed, tr\u00e1pia V\u00e1s choroby a poci\u0165ujete zn\u00e1mky starnutia? Nie je to iba genetika.<\/p>\n<blockquote><p>A\u017e z 80 percent je to sp\u00f4soben\u00e9 Va\u0161im sp\u00f4sobom \u017eivota, Va\u0161ou stravou a \u017eivotospr\u00e1vou.<\/p><\/blockquote>\n<p>Vedeli ste, \u017ee je vedecky dok\u00e1zan\u00e9, \u017ee strava dok\u00e1\u017ee nielen spomali\u0165 starnutie, ale i kontrolova\u0165 v\u00e1hu po cel\u00fd \u017eivot a predch\u00e1dza\u0165 chorob\u00e1m?<\/p>\n<p>Wellness pobyty Hotel Aqua *** a Hotel Thermal Varga *** V\u00e1m d\u00e1va na v\u00fdber z viacer\u00fdch bal\u00ed\u010dkov <a href=\"https:\/\/www.hotelaqua.sk\/pobyty-velky-meder-wellness\/\">wellness pobytov<\/a>, ktor\u00e9 sme pre V\u00e1s pripravili. Ka\u017ed\u00fd si v ponuke n\u00e1jde to, \u010do mu najvyhovuj\u00facej\u0161ie. Pre\u010do by ste si vyberali in\u00e9 wellness pobyty, ke\u010f si m\u00f4\u017eete vybra\u0165 wellness pobyt Hotel Aqua *** a Hotel Thermal Varga *** Ve\u013ek\u00fd Meder, 80m od term\u00e1lneho k\u00fapaliska THERMAL CORVINUS.<\/p>\n<div class=\"rgg-container\" data-rgg-id=\"1\">    <div class=\"rgg-imagegrid captions-title captions-effect-none \" data-rgg-id=\"1\">\n                    <a href=\"https:\/\/www.hotelaqua.sk\/wp-content\/uploads\/2018\/09\/MG_0160-1024x683.jpg\" data-rel=\"rgg\" rel=\"rgg\" title=\"\" class=\"rgg-disabled size-medium rgg-img\" data-src=\"https:\/\/www.hotelaqua.sk\/wp-content\/uploads\/2018\/09\/MG_0160-300x200.jpg\" data-ratio=\"1.5\" data-height=\"200\" data-width=\"300\" aria-label=\"\">\n                            <\/a>\n                    <a href=\"https:\/\/www.hotelaqua.sk\/wp-content\/uploads\/2018\/09\/MG_0123-1024x683.jpg\" data-rel=\"rgg\" rel=\"rgg\" title=\"\" class=\"rgg-disabled size-medium rgg-img\" data-src=\"https:\/\/www.hotelaqua.sk\/wp-content\/uploads\/2018\/09\/MG_0123-300x200.jpg\" data-ratio=\"1.5\" data-height=\"200\" data-width=\"300\" aria-label=\"\">\n                            <\/a>\n                    <a href=\"https:\/\/www.hotelaqua.sk\/wp-content\/uploads\/2018\/09\/RAC6483-1024x683.jpg\" data-rel=\"rgg\" rel=\"rgg\" title=\"\" class=\"rgg-disabled size-medium rgg-img\" data-src=\"https:\/\/www.hotelaqua.sk\/wp-content\/uploads\/2018\/09\/RAC6483-300x200.jpg\" data-ratio=\"1.5\" data-height=\"200\" data-width=\"300\" aria-label=\"\">\n                            <\/a>\n                    <a href=\"https:\/\/www.hotelaqua.sk\/wp-content\/uploads\/2018\/09\/MG_0066-1-1024x683.jpg\" data-rel=\"rgg\" rel=\"rgg\" title=\"sauna v de lux apartm&aacute;ne\" class=\"rgg-disabled size-medium rgg-img\" data-src=\"https:\/\/www.hotelaqua.sk\/wp-content\/uploads\/2018\/09\/MG_0066-1-300x200.jpg\" data-ratio=\"1.5\" data-height=\"200\" data-width=\"300\" aria-label=\"\">\n                            <\/a>\n                    <a href=\"https:\/\/www.hotelaqua.sk\/wp-content\/uploads\/2018\/09\/MG_0103-1-1024x683.jpg\" data-rel=\"rgg\" rel=\"rgg\" title=\"\" class=\"rgg-disabled size-medium rgg-img\" data-src=\"https:\/\/www.hotelaqua.sk\/wp-content\/uploads\/2018\/09\/MG_0103-1-300x200.jpg\" data-ratio=\"1.5\" data-height=\"200\" data-width=\"300\" aria-label=\"\">\n                            <\/a>\n                    <a href=\"https:\/\/www.hotelaqua.sk\/wp-content\/uploads\/2018\/09\/MG_0164-1024x683.jpg\" data-rel=\"rgg\" rel=\"rgg\" title=\"\" class=\"rgg-disabled size-medium rgg-img\" data-src=\"https:\/\/www.hotelaqua.sk\/wp-content\/uploads\/2018\/09\/MG_0164-300x200.jpg\" data-ratio=\"1.5\" data-height=\"200\" data-width=\"300\" aria-label=\"\">\n                            <\/a>\n                    <a href=\"https:\/\/www.hotelaqua.sk\/wp-content\/uploads\/2018\/09\/MG_0177-1-1024x683.jpg\" data-rel=\"rgg\" rel=\"rgg\" title=\"\" class=\"rgg-disabled size-medium rgg-img\" data-src=\"https:\/\/www.hotelaqua.sk\/wp-content\/uploads\/2018\/09\/MG_0177-1-300x200.jpg\" data-ratio=\"1.5\" data-height=\"200\" data-width=\"300\" aria-label=\"\">\n                            <\/a>\n                    <a href=\"https:\/\/www.hotelaqua.sk\/wp-content\/uploads\/2018\/09\/MG_0233-1024x683.jpg\" data-rel=\"rgg\" rel=\"rgg\" title=\"\" class=\"rgg-disabled size-medium rgg-img\" data-src=\"https:\/\/www.hotelaqua.sk\/wp-content\/uploads\/2018\/09\/MG_0233-300x200.jpg\" data-ratio=\"1.5\" data-height=\"200\" data-width=\"300\" aria-label=\"\">\n                            <\/a>\n                    <a href=\"https:\/\/www.hotelaqua.sk\/wp-content\/uploads\/2018\/09\/MG_9728-1024x683.jpg\" data-rel=\"rgg\" rel=\"rgg\" title=\"Wellness Term&aacute;lne k&uacute;palisko Ve\u013ek&yacute; Meder\" class=\"rgg-disabled size-medium rgg-img\" data-src=\"https:\/\/www.hotelaqua.sk\/wp-content\/uploads\/2018\/09\/MG_9728-300x200.jpg\" data-ratio=\"1.5\" data-height=\"200\" data-width=\"300\" aria-label=\"\">\n                            <\/a>\n                    <a href=\"https:\/\/www.hotelaqua.sk\/wp-content\/uploads\/2018\/09\/MG_0297-1024x683.jpg\" data-rel=\"rgg\" rel=\"rgg\" title=\"\" class=\"rgg-disabled size-medium rgg-img\" data-src=\"https:\/\/www.hotelaqua.sk\/wp-content\/uploads\/2018\/09\/MG_0297-300x200.jpg\" data-ratio=\"1.5\" data-height=\"200\" data-width=\"300\" aria-label=\"\">\n                            <\/a>\n                    <a href=\"https:\/\/www.hotelaqua.sk\/wp-content\/uploads\/2018\/09\/MG_0264-1024x683.jpg\" data-rel=\"rgg\" rel=\"rgg\" title=\"\" class=\"rgg-disabled size-medium rgg-img\" data-src=\"https:\/\/www.hotelaqua.sk\/wp-content\/uploads\/2018\/09\/MG_0264-300x200.jpg\" data-ratio=\"1.5\" data-height=\"200\" data-width=\"300\" aria-label=\"\">\n                            <\/a>\n                    <a href=\"https:\/\/www.hotelaqua.sk\/wp-content\/uploads\/2018\/09\/MG_0252-1024x683.jpg\" data-rel=\"rgg\" rel=\"rgg\" title=\"\" class=\"rgg-disabled size-medium rgg-img\" data-src=\"https:\/\/www.hotelaqua.sk\/wp-content\/uploads\/2018\/09\/MG_0252-300x200.jpg\" data-ratio=\"1.5\" data-height=\"200\" data-width=\"300\" aria-label=\"\">\n                            <\/a>\n                    <a href=\"https:\/\/www.hotelaqua.sk\/wp-content\/uploads\/2018\/09\/MG_0139-1024x683.jpg\" data-rel=\"rgg\" rel=\"rgg\" title=\"wellness spa Ve\u013ek&yacute; Meder thermal corvinus\" class=\"rgg-disabled size-medium rgg-img\" data-src=\"https:\/\/www.hotelaqua.sk\/wp-content\/uploads\/2018\/09\/MG_0139-300x200.jpg\" data-ratio=\"1.5\" data-height=\"200\" data-width=\"300\" aria-label=\"wellness spa Ve\u013ek\u00fd Meder thermal corvinus\">\n                            <\/a>\n            <\/div>\n<\/div>\n","protected":false},"excerpt":{"rendered":"<p>WELLNESS Vit\u00e1ln\u00fd svet term\u00e1ln\u00e9 k\u00fapalisko\u00a0Ve\u013ek\u00fd Meder. V\u0161etky wellness spa pobyty\u00a0Ve\u013ek\u00fd Meder\u00a0s\u00fa pripraven\u00e9 tak, aby \u010dloveka naviedli k zdrav\u0161iemu \u0161t\u00fdlu \u017eivota a to vo v\u0161etk\u00fdch jeho sf\u00e9rach . Wellness bal\u00ed\u010dky s\u00fa zlo\u017een\u00e9 z \u013eah\u0161\u00edch wellness proced\u00far, pl\u00e1vania. Zme\u0148te svoj \u017eivot od z\u00e1kladov a relaxujte v Hotel Aqua *** a Hotel Thermal Varga *** . Wellness sa [&hellip;]<\/p>\n","protected":false},"author":2,"featured_media":1683,"parent":0,"menu_order":0,"comment_status":"closed","ping_status":"closed","template":"","meta":{"footnotes":""},"class_list":["post-1787","page","type-page","status-publish","has-post-thumbnail","hentry"],"yoast_head":"<!-- This site is optimized with the Yoast SEO plugin v25.3.1 - https:\/\/yoast.com\/wordpress\/plugins\/seo\/ -->\n<title>Wellness &amp; SPA Ve\u013ek\u00fd Meder - HOTEL AQUA VARGA ***<\/title>\n<meta name=\"robots\" content=\"index, follow, max-snippet:-1, max-image-preview:large, max-video-preview:-1\" \/>\n<link rel=\"canonical\" href=\"https:\/\/www.hotelaqua.sk\/sk\/wellness-spa-velky-meder\/\" \/>\n<meta property=\"og:locale\" content=\"pl_PL\" \/>\n<meta property=\"og:type\" content=\"article\" \/>\n<meta property=\"og:title\" content=\"Wellness &amp; SPA Ve\u013ek\u00fd Meder - HOTEL AQUA VARGA ***\" \/>\n<meta property=\"og:description\" content=\"WELLNESS Vit\u00e1ln\u00fd svet term\u00e1ln\u00e9 k\u00fapalisko\u00a0Ve\u013ek\u00fd Meder. V\u0161etky wellness spa pobyty\u00a0Ve\u013ek\u00fd Meder\u00a0s\u00fa pripraven\u00e9 tak, aby \u010dloveka naviedli k zdrav\u0161iemu \u0161t\u00fdlu \u017eivota a to vo v\u0161etk\u00fdch jeho sf\u00e9rach . Wellness bal\u00ed\u010dky s\u00fa zlo\u017een\u00e9 z \u013eah\u0161\u00edch wellness proced\u00far, pl\u00e1vania. Zme\u0148te svoj \u017eivot od z\u00e1kladov a relaxujte v Hotel Aqua *** a Hotel Thermal Varga *** . Wellness sa [&hellip;]\" \/>\n<meta property=\"og:url\" content=\"https:\/\/www.hotelaqua.sk\/sk\/wellness-spa-velky-meder\/\" \/>\n<meta property=\"og:site_name\" content=\"HOTEL AQUA VARGA ***\" \/>\n<meta property=\"article:modified_time\" content=\"2018-11-22T13:39:43+00:00\" \/>\n<meta property=\"og:image\" content=\"https:\/\/www.hotelaqua.sk\/wp-content\/uploads\/2018\/09\/MG_9851-1024x683.jpg\" \/>\n\t<meta property=\"og:image:width\" content=\"1024\" \/>\n\t<meta property=\"og:image:height\" content=\"683\" \/>\n\t<meta property=\"og:image:type\" content=\"image\/jpeg\" \/>\n<meta name=\"twitter:label1\" content=\"Est. reading time\" \/>\n\t<meta name=\"twitter:data1\" content=\"1 minute\" \/>\n<script type=\"application\/ld+json\" class=\"yoast-schema-graph\">{\"@context\":\"https:\/\/schema.org\",\"@graph\":[{\"@type\":\"WebPage\",\"@id\":\"https:\/\/www.hotelaqua.sk\/sk\/wellness-spa-velky-meder\/\",\"url\":\"https:\/\/www.hotelaqua.sk\/sk\/wellness-spa-velky-meder\/\",\"name\":\"Wellness & SPA Ve\u013ek\u00fd Meder - HOTEL AQUA VARGA ***\",\"isPartOf\":{\"@id\":\"https:\/\/www.hotelaqua.sk\/sk\/#website\"},\"primaryImageOfPage\":{\"@id\":\"https:\/\/www.hotelaqua.sk\/sk\/wellness-spa-velky-meder\/#primaryimage\"},\"image\":{\"@id\":\"https:\/\/www.hotelaqua.sk\/sk\/wellness-spa-velky-meder\/#primaryimage\"},\"thumbnailUrl\":\"https:\/\/www.hotelaqua.sk\/wp-content\/uploads\/2018\/09\/MG_9851.jpg\",\"datePublished\":\"2018-10-24T04:03:23+00:00\",\"dateModified\":\"2018-11-22T13:39:43+00:00\",\"breadcrumb\":{\"@id\":\"https:\/\/www.hotelaqua.sk\/sk\/wellness-spa-velky-meder\/#breadcrumb\"},\"inLanguage\":\"pl-PL\",\"potentialAction\":[{\"@type\":\"ReadAction\",\"target\":[\"https:\/\/www.hotelaqua.sk\/sk\/wellness-spa-velky-meder\/\"]}]},{\"@type\":\"ImageObject\",\"inLanguage\":\"pl-PL\",\"@id\":\"https:\/\/www.hotelaqua.sk\/sk\/wellness-spa-velky-meder\/#primaryimage\",\"url\":\"https:\/\/www.hotelaqua.sk\/wp-content\/uploads\/2018\/09\/MG_9851.jpg\",\"contentUrl\":\"https:\/\/www.hotelaqua.sk\/wp-content\/uploads\/2018\/09\/MG_9851.jpg\",\"width\":3840,\"height\":2560,\"caption\":\"Sauna Hotel Aqua***\"},{\"@type\":\"BreadcrumbList\",\"@id\":\"https:\/\/www.hotelaqua.sk\/sk\/wellness-spa-velky-meder\/#breadcrumb\",\"itemListElement\":[{\"@type\":\"ListItem\",\"position\":1,\"name\":\"Domovsk\u00e1 str\u00e1nka\",\"item\":\"https:\/\/www.hotelaqua.sk\/en\/what-to-do-in-slovakia-hotel-aqua-wellness-spa\/\"},{\"@type\":\"ListItem\",\"position\":2,\"name\":\"Wellness &#038; SPA Ve\u013ek\u00fd Meder\"}]},{\"@type\":\"WebSite\",\"@id\":\"https:\/\/www.hotelaqua.sk\/sk\/#website\",\"url\":\"https:\/\/www.hotelaqua.sk\/sk\/\",\"name\":\"HOTEL AQUA VARGA ***\",\"description\":\"Hotel v bl\u00edzkosti term\u00e1lneho k\u00fapaliska vo Ve\u013ekom Mederi\",\"potentialAction\":[{\"@type\":\"SearchAction\",\"target\":{\"@type\":\"EntryPoint\",\"urlTemplate\":\"https:\/\/www.hotelaqua.sk\/sk\/?s={search_term_string}\"},\"query-input\":{\"@type\":\"PropertyValueSpecification\",\"valueRequired\":true,\"valueName\":\"search_term_string\"}}],\"inLanguage\":\"pl-PL\"}]}<\/script>\n<!-- \/ Yoast SEO plugin. -->","yoast_head_json":{"title":"Wellness & SPA Ve\u013ek\u00fd Meder - HOTEL AQUA VARGA ***","robots":{"index":"index","follow":"follow","max-snippet":"max-snippet:-1","max-image-preview":"max-image-preview:large","max-video-preview":"max-video-preview:-1"},"canonical":"https:\/\/www.hotelaqua.sk\/sk\/wellness-spa-velky-meder\/","og_locale":"pl_PL","og_type":"article","og_title":"Wellness & SPA Ve\u013ek\u00fd Meder - HOTEL AQUA VARGA ***","og_description":"WELLNESS Vit\u00e1ln\u00fd svet term\u00e1ln\u00e9 k\u00fapalisko\u00a0Ve\u013ek\u00fd Meder. V\u0161etky wellness spa pobyty\u00a0Ve\u013ek\u00fd Meder\u00a0s\u00fa pripraven\u00e9 tak, aby \u010dloveka naviedli k zdrav\u0161iemu \u0161t\u00fdlu \u017eivota a to vo v\u0161etk\u00fdch jeho sf\u00e9rach . Wellness bal\u00ed\u010dky s\u00fa zlo\u017een\u00e9 z \u013eah\u0161\u00edch wellness proced\u00far, pl\u00e1vania. Zme\u0148te svoj \u017eivot od z\u00e1kladov a relaxujte v Hotel Aqua *** a Hotel Thermal Varga *** . Wellness sa [&hellip;]","og_url":"https:\/\/www.hotelaqua.sk\/sk\/wellness-spa-velky-meder\/","og_site_name":"HOTEL AQUA VARGA ***","article_modified_time":"2018-11-22T13:39:43+00:00","og_image":[{"width":1024,"height":683,"url":"https:\/\/www.hotelaqua.sk\/wp-content\/uploads\/2018\/09\/MG_9851-1024x683.jpg","type":"image\/jpeg"}],"twitter_misc":{"Est. reading time":"1 minute"},"schema":{"@context":"https:\/\/schema.org","@graph":[{"@type":"WebPage","@id":"https:\/\/www.hotelaqua.sk\/sk\/wellness-spa-velky-meder\/","url":"https:\/\/www.hotelaqua.sk\/sk\/wellness-spa-velky-meder\/","name":"Wellness & SPA Ve\u013ek\u00fd Meder - HOTEL AQUA VARGA ***","isPartOf":{"@id":"https:\/\/www.hotelaqua.sk\/sk\/#website"},"primaryImageOfPage":{"@id":"https:\/\/www.hotelaqua.sk\/sk\/wellness-spa-velky-meder\/#primaryimage"},"image":{"@id":"https:\/\/www.hotelaqua.sk\/sk\/wellness-spa-velky-meder\/#primaryimage"},"thumbnailUrl":"https:\/\/www.hotelaqua.sk\/wp-content\/uploads\/2018\/09\/MG_9851.jpg","datePublished":"2018-10-24T04:03:23+00:00","dateModified":"2018-11-22T13:39:43+00:00","breadcrumb":{"@id":"https:\/\/www.hotelaqua.sk\/sk\/wellness-spa-velky-meder\/#breadcrumb"},"inLanguage":"pl-PL","potentialAction":[{"@type":"ReadAction","target":["https:\/\/www.hotelaqua.sk\/sk\/wellness-spa-velky-meder\/"]}]},{"@type":"ImageObject","inLanguage":"pl-PL","@id":"https:\/\/www.hotelaqua.sk\/sk\/wellness-spa-velky-meder\/#primaryimage","url":"https:\/\/www.hotelaqua.sk\/wp-content\/uploads\/2018\/09\/MG_9851.jpg","contentUrl":"https:\/\/www.hotelaqua.sk\/wp-content\/uploads\/2018\/09\/MG_9851.jpg","width":3840,"height":2560,"caption":"Sauna Hotel Aqua***"},{"@type":"BreadcrumbList","@id":"https:\/\/www.hotelaqua.sk\/sk\/wellness-spa-velky-meder\/#breadcrumb","itemListElement":[{"@type":"ListItem","position":1,"name":"Domovsk\u00e1 str\u00e1nka","item":"https:\/\/www.hotelaqua.sk\/en\/what-to-do-in-slovakia-hotel-aqua-wellness-spa\/"},{"@type":"ListItem","position":2,"name":"Wellness &#038; SPA Ve\u013ek\u00fd Meder"}]},{"@type":"WebSite","@id":"https:\/\/www.hotelaqua.sk\/sk\/#website","url":"https:\/\/www.hotelaqua.sk\/sk\/","name":"HOTEL AQUA VARGA ***","description":"Hotel v bl\u00edzkosti term\u00e1lneho k\u00fapaliska vo Ve\u013ekom Mederi","potentialAction":[{"@type":"SearchAction","target":{"@type":"EntryPoint","urlTemplate":"https:\/\/www.hotelaqua.sk\/sk\/?s={search_term_string}"},"query-input":{"@type":"PropertyValueSpecification","valueRequired":true,"valueName":"search_term_string"}}],"inLanguage":"pl-PL"}]}},"_links":{"self":[{"href":"https:\/\/www.hotelaqua.sk\/pl\/wp-json\/wp\/v2\/pages\/1787","targetHints":{"allow":["GET"]}}],"collection":[{"href":"https:\/\/www.hotelaqua.sk\/pl\/wp-json\/wp\/v2\/pages"}],"about":[{"href":"https:\/\/www.hotelaqua.sk\/pl\/wp-json\/wp\/v2\/types\/page"}],"author":[{"embeddable":true,"href":"https:\/\/www.hotelaqua.sk\/pl\/wp-json\/wp\/v2\/users\/2"}],"replies":[{"embeddable":true,"href":"https:\/\/www.hotelaqua.sk\/pl\/wp-json\/wp\/v2\/comments?post=1787"}],"version-history":[{"count":1,"href":"https:\/\/www.hotelaqua.sk\/pl\/wp-json\/wp\/v2\/pages\/1787\/revisions"}],"predecessor-version":[{"id":1877,"href":"https:\/\/www.hotelaqua.sk\/pl\/wp-json\/wp\/v2\/pages\/1787\/revisions\/1877"}],"wp:featuredmedia":[{"embeddable":true,"href":"https:\/\/www.hotelaqua.sk\/pl\/wp-json\/wp\/v2\/media\/1683"}],"wp:attachment":[{"href":"https:\/\/www.hotelaqua.sk\/pl\/wp-json\/wp\/v2\/media?parent=1787"}],"curies":[{"name":"wp","href":"https:\/\/api.w.org\/{rel}","templated":true}]}}