{"id":160,"date":"2015-11-28T00:43:35","date_gmt":"2015-11-27T23:43:35","guid":{"rendered":"http:\/\/hotelaqua.htsys.sk\/?page_id=160"},"modified":"2016-07-24T15:00:15","modified_gmt":"2016-07-24T13:00:15","slug":"restauracja","status":"publish","type":"page","link":"https:\/\/www.hotelaqua.sk\/pl\/restauracja\/","title":{"rendered":"Restauracja"},"content":{"rendered":"<h1 style=\"text-align: center;\">Hotel Aqua ***<\/h1>\n<h2 style=\"text-align: center;\">Jedzenie i zakwaterowanie w \u0142a\u017aniach termalnych Ve\u013ek\u00fd Meder Slowacja<\/h2>\n<p>Nasza kuchnia (gastronomia, szwedzki st\u00f3\u0142)<br \/>\n<strong> Wierzymy, \u017ce jeste\u015bmy tym, co jemy.<\/strong><br \/>\nJedzenie jest obfite \u015bniadanie w formie, kt\u00f3re serwowane jest naprzeciwko wej\u015bcia do restauracji Hotel Thermal Varga ***. Wygodne, st\u00f3p (30 metr\u00f3w) w \u0142adnym hotelu Park spaceru mo\u017cna dosta\u0107 si\u0119 do restauracji na \u015bniadanie i kolacj\u0119.<\/p>\n<p><em> Podstaw\u0105 naszej kuchni sk\u0142ada si\u0119<\/em><br \/>\n<strong> harmonia smak\u00f3w<\/strong><br \/>\nNacisk na jako\u015bci sk\u0142adnik\u00f3w smak jest podstawowa postawa uczciwego \u017cywno\u015bci z naszej kuchni. Kierujemy si\u0119 ide\u0105: pi\u0119kno w prostocie.<\/p>\n<p><strong> Tradycyjny<\/strong><br \/>\nPodstawow\u0105 kwesti\u0105 jest tradycja rodzinna kuchnia, kt\u00f3ra zabezpiecza nie tylko podstaw\u0119 rodziny, ale r\u00f3wnie\u017c wymagania jako\u015bciowe dotycz\u0105ce doboru surowc\u00f3w.<\/p>\n<p><strong> Wyb\u00f3r materia\u0142\u00f3w Raw<\/strong><br \/>\nPoda\u017c, staramy si\u0119 budowa\u0107 na jako\u015b\u0107 oferowanych w naszym regionie. Uczciwy rozpatrywanie ka\u017cdego szczeg\u00f3\u0142u surowc\u00f3w jest podstaw\u0105 naszego sukcesu.<\/p>\n<div class=\"rgg-container\" data-rgg-id=\"1\">    <div class=\"rgg-imagegrid captions-title captions-effect-none \" data-rgg-id=\"1\">\n                    <a href=\"https:\/\/www.hotelaqua.sk\/wp-content\/uploads\/2015\/10\/kava-ranajky.jpg\" data-rel=\"rgg\" rel=\"rgg\" title=\"\" class=\"rgg-disabled size-medium rgg-img\" data-src=\"https:\/\/www.hotelaqua.sk\/wp-content\/uploads\/2015\/10\/kava-ranajky-300x300.jpg\" data-ratio=\"1\" data-height=\"300\" data-width=\"300\" aria-label=\"\">\n                            <\/a>\n                    <a href=\"https:\/\/www.hotelaqua.sk\/wp-content\/uploads\/2015\/10\/47fe498d8f13a605d035.jpg\" data-rel=\"rgg\" rel=\"rgg\" title=\"\" class=\"rgg-disabled size-medium rgg-img\" data-src=\"https:\/\/www.hotelaqua.sk\/wp-content\/uploads\/2015\/10\/47fe498d8f13a605d035-300x140.jpg\" data-ratio=\"2.14285714286\" data-height=\"140\" data-width=\"300\" aria-label=\"\">\n                            <\/a>\n                    <a href=\"https:\/\/www.hotelaqua.sk\/wp-content\/uploads\/2015\/12\/DSC_0110-1024x683.jpg\" data-rel=\"rgg\" rel=\"rgg\" title=\"\" class=\"rgg-disabled size-medium rgg-img\" data-src=\"https:\/\/www.hotelaqua.sk\/wp-content\/uploads\/2015\/12\/DSC_0110-300x200.jpg\" data-ratio=\"1.5\" data-height=\"200\" data-width=\"300\" aria-label=\"\">\n                            <\/a>\n                    <a href=\"https:\/\/www.hotelaqua.sk\/wp-content\/uploads\/2015\/10\/vegetables-1024x661.jpg\" data-rel=\"rgg\" rel=\"rgg\" title=\"\" class=\"rgg-disabled size-medium rgg-img\" data-src=\"https:\/\/www.hotelaqua.sk\/wp-content\/uploads\/2015\/10\/vegetables-300x194.jpg\" data-ratio=\"1.54639175258\" data-height=\"194\" data-width=\"300\" aria-label=\"\">\n                            <\/a>\n                    <a href=\"https:\/\/www.hotelaqua.sk\/wp-content\/uploads\/2015\/12\/restauracia-Hotel-Thermal-Varga-1024x683.jpg\" data-rel=\"rgg\" rel=\"rgg\" title=\"\" class=\"rgg-disabled size-medium rgg-img\" data-src=\"https:\/\/www.hotelaqua.sk\/wp-content\/uploads\/2015\/12\/restauracia-Hotel-Thermal-Varga-300x200.jpg\" data-ratio=\"1.5\" data-height=\"200\" data-width=\"300\" aria-label=\"\">\n                            <\/a>\n                    <a href=\"https:\/\/www.hotelaqua.sk\/wp-content\/uploads\/2015\/10\/svedske-stoly-gastro-DSC_0088-1024x683.jpg\" data-rel=\"rgg\" rel=\"rgg\" title=\"\" class=\"rgg-disabled size-medium rgg-img\" data-src=\"https:\/\/www.hotelaqua.sk\/wp-content\/uploads\/2015\/10\/svedske-stoly-gastro-DSC_0088-300x200.jpg\" data-ratio=\"1.5\" data-height=\"200\" data-width=\"300\" aria-label=\"\">\n                            <\/a>\n                    <a href=\"https:\/\/www.hotelaqua.sk\/wp-content\/uploads\/2015\/10\/CheeseAssortment1-1024x709.jpg\" data-rel=\"rgg\" rel=\"rgg\" title=\"\" class=\"rgg-disabled size-medium rgg-img\" data-src=\"https:\/\/www.hotelaqua.sk\/wp-content\/uploads\/2015\/10\/CheeseAssortment1-300x208.jpg\" data-ratio=\"1.44230769231\" data-height=\"208\" data-width=\"300\" aria-label=\"\">\n                            <\/a>\n                    <a href=\"https:\/\/www.hotelaqua.sk\/wp-content\/uploads\/2015\/11\/12241041_10154113222250329_5072285869552796592_o-1024x683.jpg\" data-rel=\"rgg\" rel=\"rgg\" title=\"\" class=\"rgg-disabled size-medium rgg-img\" data-src=\"https:\/\/www.hotelaqua.sk\/wp-content\/uploads\/2015\/11\/12241041_10154113222250329_5072285869552796592_o-300x200.jpg\" data-ratio=\"1.5\" data-height=\"200\" data-width=\"300\" aria-label=\"\">\n                            <\/a>\n                    <a href=\"https:\/\/www.hotelaqua.sk\/wp-content\/uploads\/2015\/10\/zakusky_RAC8076-1024x684.jpg\" data-rel=\"rgg\" rel=\"rgg\" title=\"\" class=\"rgg-disabled size-medium rgg-img\" data-src=\"https:\/\/www.hotelaqua.sk\/wp-content\/uploads\/2015\/10\/zakusky_RAC8076-300x200.jpg\" data-ratio=\"1.5\" data-height=\"200\" data-width=\"300\" aria-label=\"\">\n                            <\/a>\n                    <a href=\"https:\/\/www.hotelaqua.sk\/wp-content\/uploads\/2015\/10\/svedske-stoly-gastro-DSC_0095-1024x683.jpg\" data-rel=\"rgg\" rel=\"rgg\" title=\"\" class=\"rgg-disabled size-medium rgg-img\" data-src=\"https:\/\/www.hotelaqua.sk\/wp-content\/uploads\/2015\/10\/svedske-stoly-gastro-DSC_0095-300x200.jpg\" data-ratio=\"1.5\" data-height=\"200\" data-width=\"300\" aria-label=\"\">\n                            <\/a>\n            <\/div>\n<\/div>\n","protected":false},"excerpt":{"rendered":"<p>Hotel Aqua *** Jedzenie i zakwaterowanie w \u0142a\u017aniach termalnych Ve\u013ek\u00fd Meder Slowacja Nasza kuchnia (gastronomia, szwedzki st\u00f3\u0142) Wierzymy, \u017ce jeste\u015bmy tym, co jemy. Jedzenie jest obfite \u015bniadanie w formie, kt\u00f3re serwowane jest naprzeciwko wej\u015bcia do restauracji Hotel Thermal Varga ***. Wygodne, st\u00f3p (30 metr\u00f3w) w \u0142adnym hotelu Park spaceru mo\u017cna dosta\u0107 si\u0119 do restauracji na [&hellip;]<\/p>\n","protected":false},"author":1,"featured_media":280,"parent":0,"menu_order":0,"comment_status":"closed","ping_status":"closed","template":"","meta":{"footnotes":""},"class_list":["post-160","page","type-page","status-publish","has-post-thumbnail","hentry"],"yoast_head":"<!-- This site is optimized with the Yoast SEO plugin v25.3.1 - https:\/\/yoast.com\/wordpress\/plugins\/seo\/ -->\n<title>Restauracja - HOTEL AQUA VARGA ***<\/title>\n<meta name=\"robots\" content=\"index, follow, max-snippet:-1, max-image-preview:large, max-video-preview:-1\" \/>\n<link rel=\"canonical\" href=\"https:\/\/www.hotelaqua.sk\/pl\/restauracja\/\" \/>\n<meta property=\"og:locale\" content=\"pl_PL\" \/>\n<meta property=\"og:type\" content=\"article\" \/>\n<meta property=\"og:title\" content=\"Restauracja - HOTEL AQUA VARGA ***\" \/>\n<meta property=\"og:description\" content=\"Hotel Aqua *** Jedzenie i zakwaterowanie w \u0142a\u017aniach termalnych Ve\u013ek\u00fd Meder Slowacja Nasza kuchnia (gastronomia, szwedzki st\u00f3\u0142) Wierzymy, \u017ce jeste\u015bmy tym, co jemy. Jedzenie jest obfite \u015bniadanie w formie, kt\u00f3re serwowane jest naprzeciwko wej\u015bcia do restauracji Hotel Thermal Varga ***. Wygodne, st\u00f3p (30 metr\u00f3w) w \u0142adnym hotelu Park spaceru mo\u017cna dosta\u0107 si\u0119 do restauracji na [&hellip;]\" \/>\n<meta property=\"og:url\" content=\"https:\/\/www.hotelaqua.sk\/pl\/restauracja\/\" \/>\n<meta property=\"og:site_name\" content=\"HOTEL AQUA VARGA ***\" \/>\n<meta property=\"article:modified_time\" content=\"2016-07-24T13:00:15+00:00\" \/>\n<meta property=\"og:image\" content=\"https:\/\/www.hotelaqua.sk\/wp-content\/uploads\/2015\/12\/DSC_0110-e1481544478751.jpg\" \/>\n\t<meta property=\"og:image:width\" content=\"1920\" \/>\n\t<meta property=\"og:image:height\" content=\"1280\" \/>\n\t<meta property=\"og:image:type\" content=\"image\/jpeg\" \/>\n<meta name=\"twitter:label1\" content=\"Est. reading time\" \/>\n\t<meta name=\"twitter:data1\" content=\"1 minute\" \/>\n<script type=\"application\/ld+json\" class=\"yoast-schema-graph\">{\"@context\":\"https:\/\/schema.org\",\"@graph\":[{\"@type\":\"WebPage\",\"@id\":\"https:\/\/www.hotelaqua.sk\/pl\/restauracja\/\",\"url\":\"https:\/\/www.hotelaqua.sk\/pl\/restauracja\/\",\"name\":\"Restauracja - HOTEL AQUA VARGA ***\",\"isPartOf\":{\"@id\":\"https:\/\/www.hotelaqua.sk\/sk\/#website\"},\"primaryImageOfPage\":{\"@id\":\"https:\/\/www.hotelaqua.sk\/pl\/restauracja\/#primaryimage\"},\"image\":{\"@id\":\"https:\/\/www.hotelaqua.sk\/pl\/restauracja\/#primaryimage\"},\"thumbnailUrl\":\"https:\/\/www.hotelaqua.sk\/wp-content\/uploads\/2015\/12\/DSC_0110-e1481544478751.jpg\",\"datePublished\":\"2015-11-27T23:43:35+00:00\",\"dateModified\":\"2016-07-24T13:00:15+00:00\",\"breadcrumb\":{\"@id\":\"https:\/\/www.hotelaqua.sk\/pl\/restauracja\/#breadcrumb\"},\"inLanguage\":\"pl-PL\",\"potentialAction\":[{\"@type\":\"ReadAction\",\"target\":[\"https:\/\/www.hotelaqua.sk\/pl\/restauracja\/\"]}]},{\"@type\":\"ImageObject\",\"inLanguage\":\"pl-PL\",\"@id\":\"https:\/\/www.hotelaqua.sk\/pl\/restauracja\/#primaryimage\",\"url\":\"https:\/\/www.hotelaqua.sk\/wp-content\/uploads\/2015\/12\/DSC_0110-e1481544478751.jpg\",\"contentUrl\":\"https:\/\/www.hotelaqua.sk\/wp-content\/uploads\/2015\/12\/DSC_0110-e1481544478751.jpg\",\"width\":1920,\"height\":1280},{\"@type\":\"BreadcrumbList\",\"@id\":\"https:\/\/www.hotelaqua.sk\/pl\/restauracja\/#breadcrumb\",\"itemListElement\":[{\"@type\":\"ListItem\",\"position\":1,\"name\":\"Domovsk\u00e1 str\u00e1nka\",\"item\":\"https:\/\/www.hotelaqua.sk\/en\/what-to-do-in-slovakia-hotel-aqua-wellness-spa\/\"},{\"@type\":\"ListItem\",\"position\":2,\"name\":\"Restauracja\"}]},{\"@type\":\"WebSite\",\"@id\":\"https:\/\/www.hotelaqua.sk\/sk\/#website\",\"url\":\"https:\/\/www.hotelaqua.sk\/sk\/\",\"name\":\"HOTEL AQUA VARGA ***\",\"description\":\"Hotel v bl\u00edzkosti term\u00e1lneho k\u00fapaliska vo Ve\u013ekom Mederi\",\"potentialAction\":[{\"@type\":\"SearchAction\",\"target\":{\"@type\":\"EntryPoint\",\"urlTemplate\":\"https:\/\/www.hotelaqua.sk\/sk\/?s={search_term_string}\"},\"query-input\":{\"@type\":\"PropertyValueSpecification\",\"valueRequired\":true,\"valueName\":\"search_term_string\"}}],\"inLanguage\":\"pl-PL\"}]}<\/script>\n<!-- \/ Yoast SEO plugin. -->","yoast_head_json":{"title":"Restauracja - HOTEL AQUA VARGA ***","robots":{"index":"index","follow":"follow","max-snippet":"max-snippet:-1","max-image-preview":"max-image-preview:large","max-video-preview":"max-video-preview:-1"},"canonical":"https:\/\/www.hotelaqua.sk\/pl\/restauracja\/","og_locale":"pl_PL","og_type":"article","og_title":"Restauracja - HOTEL AQUA VARGA ***","og_description":"Hotel Aqua *** Jedzenie i zakwaterowanie w \u0142a\u017aniach termalnych Ve\u013ek\u00fd Meder Slowacja Nasza kuchnia (gastronomia, szwedzki st\u00f3\u0142) Wierzymy, \u017ce jeste\u015bmy tym, co jemy. Jedzenie jest obfite \u015bniadanie w formie, kt\u00f3re serwowane jest naprzeciwko wej\u015bcia do restauracji Hotel Thermal Varga ***. Wygodne, st\u00f3p (30 metr\u00f3w) w \u0142adnym hotelu Park spaceru mo\u017cna dosta\u0107 si\u0119 do restauracji na [&hellip;]","og_url":"https:\/\/www.hotelaqua.sk\/pl\/restauracja\/","og_site_name":"HOTEL AQUA VARGA ***","article_modified_time":"2016-07-24T13:00:15+00:00","og_image":[{"width":1920,"height":1280,"url":"https:\/\/www.hotelaqua.sk\/wp-content\/uploads\/2015\/12\/DSC_0110-e1481544478751.jpg","type":"image\/jpeg"}],"twitter_misc":{"Est. reading time":"1 minute"},"schema":{"@context":"https:\/\/schema.org","@graph":[{"@type":"WebPage","@id":"https:\/\/www.hotelaqua.sk\/pl\/restauracja\/","url":"https:\/\/www.hotelaqua.sk\/pl\/restauracja\/","name":"Restauracja - HOTEL AQUA VARGA ***","isPartOf":{"@id":"https:\/\/www.hotelaqua.sk\/sk\/#website"},"primaryImageOfPage":{"@id":"https:\/\/www.hotelaqua.sk\/pl\/restauracja\/#primaryimage"},"image":{"@id":"https:\/\/www.hotelaqua.sk\/pl\/restauracja\/#primaryimage"},"thumbnailUrl":"https:\/\/www.hotelaqua.sk\/wp-content\/uploads\/2015\/12\/DSC_0110-e1481544478751.jpg","datePublished":"2015-11-27T23:43:35+00:00","dateModified":"2016-07-24T13:00:15+00:00","breadcrumb":{"@id":"https:\/\/www.hotelaqua.sk\/pl\/restauracja\/#breadcrumb"},"inLanguage":"pl-PL","potentialAction":[{"@type":"ReadAction","target":["https:\/\/www.hotelaqua.sk\/pl\/restauracja\/"]}]},{"@type":"ImageObject","inLanguage":"pl-PL","@id":"https:\/\/www.hotelaqua.sk\/pl\/restauracja\/#primaryimage","url":"https:\/\/www.hotelaqua.sk\/wp-content\/uploads\/2015\/12\/DSC_0110-e1481544478751.jpg","contentUrl":"https:\/\/www.hotelaqua.sk\/wp-content\/uploads\/2015\/12\/DSC_0110-e1481544478751.jpg","width":1920,"height":1280},{"@type":"BreadcrumbList","@id":"https:\/\/www.hotelaqua.sk\/pl\/restauracja\/#breadcrumb","itemListElement":[{"@type":"ListItem","position":1,"name":"Domovsk\u00e1 str\u00e1nka","item":"https:\/\/www.hotelaqua.sk\/en\/what-to-do-in-slovakia-hotel-aqua-wellness-spa\/"},{"@type":"ListItem","position":2,"name":"Restauracja"}]},{"@type":"WebSite","@id":"https:\/\/www.hotelaqua.sk\/sk\/#website","url":"https:\/\/www.hotelaqua.sk\/sk\/","name":"HOTEL AQUA VARGA ***","description":"Hotel v bl\u00edzkosti term\u00e1lneho k\u00fapaliska vo Ve\u013ekom Mederi","potentialAction":[{"@type":"SearchAction","target":{"@type":"EntryPoint","urlTemplate":"https:\/\/www.hotelaqua.sk\/sk\/?s={search_term_string}"},"query-input":{"@type":"PropertyValueSpecification","valueRequired":true,"valueName":"search_term_string"}}],"inLanguage":"pl-PL"}]}},"_links":{"self":[{"href":"https:\/\/www.hotelaqua.sk\/pl\/wp-json\/wp\/v2\/pages\/160","targetHints":{"allow":["GET"]}}],"collection":[{"href":"https:\/\/www.hotelaqua.sk\/pl\/wp-json\/wp\/v2\/pages"}],"about":[{"href":"https:\/\/www.hotelaqua.sk\/pl\/wp-json\/wp\/v2\/types\/page"}],"author":[{"embeddable":true,"href":"https:\/\/www.hotelaqua.sk\/pl\/wp-json\/wp\/v2\/users\/1"}],"replies":[{"embeddable":true,"href":"https:\/\/www.hotelaqua.sk\/pl\/wp-json\/wp\/v2\/comments?post=160"}],"version-history":[{"count":5,"href":"https:\/\/www.hotelaqua.sk\/pl\/wp-json\/wp\/v2\/pages\/160\/revisions"}],"predecessor-version":[{"id":816,"href":"https:\/\/www.hotelaqua.sk\/pl\/wp-json\/wp\/v2\/pages\/160\/revisions\/816"}],"wp:featuredmedia":[{"embeddable":true,"href":"https:\/\/www.hotelaqua.sk\/pl\/wp-json\/wp\/v2\/media\/280"}],"wp:attachment":[{"href":"https:\/\/www.hotelaqua.sk\/pl\/wp-json\/wp\/v2\/media?parent=160"}],"curies":[{"name":"wp","href":"https:\/\/api.w.org\/{rel}","templated":true}]}}