{"id":154,"date":"2020-10-15T00:39:09","date_gmt":"2020-10-14T22:39:09","guid":{"rendered":"http:\/\/hotelaqua.htsys.sk\/?page_id=154"},"modified":"2020-10-19T08:53:58","modified_gmt":"2020-10-19T06:53:58","slug":"wakacje-na-slowacji-velky-meder-wody-termalne","status":"publish","type":"page","link":"https:\/\/www.hotelaqua.sk\/pl\/wakacje-na-slowacji-velky-meder-wody-termalne\/","title":{"rendered":"Pakiety"},"content":{"rendered":"<h2 style=\"text-align: center;\">Wakajce na S\u0142owacji wody termalne i ich lecznicze w\u0142a\u015bciwo\u015bci<\/h2>\n<h3 style=\"text-align: center;\">Basen termalny Velky Meder S\u0142owacja<\/h3>\n<h4 style=\"text-align: center;\">Zakwaterowanie Hotel Aqua *** i Hotel Thermal Varga ***<\/h4>\n<p>Co powiesz na urlop w hotelu Aqua *** SPA, kt\u00f3ry poprawi Twoje samopoczucie i przywr\u00f3ci Ci energi\u0119? Wypr\u00f3buj lecznicze i relaksuj\u0105ce dzia\u0142anie w\u00f3d ze s\u0142owackich \u017ar\u00f3de\u0142 termalnych, dost\u0119pne w kategorii <a href=\"http:\/\/www.thermalcorvinus.pl\">Wody termalne S\u0142owacja<\/a>.<\/p>\n<p>Nasze hotele Hotel Aqua *** i <a href=\"http:\/\/www.hotelthermal.sk\/pl\">Hotel Thermal Varga<\/a> *** na S\u0142owacji oferuj\u0105 moc r\u00f3\u017cnorodnych zabieg\u00f3w z wykorzystaniem w\u00f3d termalnych. Idealnym uzupe\u0142nieniem b\u0119d\u0105 pobyt w komorze solnej lub ok\u0142ady b\u0142otne.<\/p>\n<h4>Wody termalne i wakacje na S\u0142owacji, czyli zdrowie i wypoczynek<\/h4>\n<p>Je\u017celi planujesz weekendowy wypad dla Ciebie i Twojej rodziny, koniecznie sprawd\u017a, co maj\u0105 do zaoferowania nasi po\u0142udniowi s\u0105siedzi. Baseny termalne S\u0142owacja Velky Meder to rewelacyjny pomys\u0142 na sp\u0119dzenie kilku dni w niebanalnym otoczeniu i wspania\u0142ej atmosferze.<\/p>\n","protected":false},"excerpt":{"rendered":"<p>Wakajce na S\u0142owacji wody termalne i ich lecznicze w\u0142a\u015bciwo\u015bci Basen termalny Velky Meder S\u0142owacja Zakwaterowanie Hotel Aqua *** i Hotel Thermal Varga *** Co powiesz na urlop w hotelu Aqua *** SPA, kt\u00f3ry poprawi Twoje samopoczucie i przywr\u00f3ci Ci energi\u0119? Wypr\u00f3buj lecznicze i relaksuj\u0105ce dzia\u0142anie w\u00f3d ze s\u0142owackich \u017ar\u00f3de\u0142 termalnych, dost\u0119pne w kategorii Wody termalne [&hellip;]<\/p>\n","protected":false},"author":1,"featured_media":108,"parent":0,"menu_order":0,"comment_status":"closed","ping_status":"closed","template":"","meta":{"footnotes":""},"class_list":["post-154","page","type-page","status-publish","has-post-thumbnail","hentry"],"yoast_head":"<!-- This site is optimized with the Yoast SEO plugin v25.3.1 - https:\/\/yoast.com\/wordpress\/plugins\/seo\/ -->\n<title>Wakacje na S\u0142owacji Pakiety Hotel Aqua Velky Meder Wody termalne<\/title>\n<meta name=\"robots\" content=\"index, follow, max-snippet:-1, max-image-preview:large, max-video-preview:-1\" \/>\n<link rel=\"canonical\" href=\"https:\/\/www.hotelaqua.sk\/pl\/wakacje-na-slowacji-velky-meder-wody-termalne\/\" \/>\n<meta property=\"og:locale\" content=\"pl_PL\" \/>\n<meta property=\"og:type\" content=\"article\" \/>\n<meta property=\"og:title\" content=\"Wakacje na S\u0142owacji Pakiety Hotel Aqua Velky Meder Wody termalne\" \/>\n<meta property=\"og:description\" content=\"Wakajce na S\u0142owacji wody termalne i ich lecznicze w\u0142a\u015bciwo\u015bci Basen termalny Velky Meder S\u0142owacja Zakwaterowanie Hotel Aqua *** i Hotel Thermal Varga *** Co powiesz na urlop w hotelu Aqua *** SPA, kt\u00f3ry poprawi Twoje samopoczucie i przywr\u00f3ci Ci energi\u0119? Wypr\u00f3buj lecznicze i relaksuj\u0105ce dzia\u0142anie w\u00f3d ze s\u0142owackich \u017ar\u00f3de\u0142 termalnych, dost\u0119pne w kategorii Wody termalne [&hellip;]\" \/>\n<meta property=\"og:url\" content=\"https:\/\/www.hotelaqua.sk\/pl\/wakacje-na-slowacji-velky-meder-wody-termalne\/\" \/>\n<meta property=\"og:site_name\" content=\"HOTEL AQUA VARGA ***\" \/>\n<meta property=\"article:modified_time\" content=\"2020-10-19T06:53:58+00:00\" \/>\n<meta property=\"og:image\" content=\"https:\/\/www.hotelaqua.sk\/wp-content\/uploads\/2015\/11\/IMG_8640.jpg\" \/>\n\t<meta property=\"og:image:width\" content=\"2400\" \/>\n\t<meta property=\"og:image:height\" content=\"1295\" \/>\n\t<meta property=\"og:image:type\" content=\"image\/jpeg\" \/>\n<meta name=\"twitter:label1\" content=\"Est. reading time\" \/>\n\t<meta name=\"twitter:data1\" content=\"1 minute\" \/>\n<script type=\"application\/ld+json\" class=\"yoast-schema-graph\">{\"@context\":\"https:\/\/schema.org\",\"@graph\":[{\"@type\":\"WebPage\",\"@id\":\"https:\/\/www.hotelaqua.sk\/pl\/wakacje-na-slowacji-velky-meder-wody-termalne\/\",\"url\":\"https:\/\/www.hotelaqua.sk\/pl\/wakacje-na-slowacji-velky-meder-wody-termalne\/\",\"name\":\"Wakacje na S\u0142owacji Pakiety Hotel Aqua Velky Meder Wody termalne\",\"isPartOf\":{\"@id\":\"https:\/\/www.hotelaqua.sk\/sk\/#website\"},\"primaryImageOfPage\":{\"@id\":\"https:\/\/www.hotelaqua.sk\/pl\/wakacje-na-slowacji-velky-meder-wody-termalne\/#primaryimage\"},\"image\":{\"@id\":\"https:\/\/www.hotelaqua.sk\/pl\/wakacje-na-slowacji-velky-meder-wody-termalne\/#primaryimage\"},\"thumbnailUrl\":\"https:\/\/www.hotelaqua.sk\/wp-content\/uploads\/2015\/11\/IMG_8640.jpg\",\"datePublished\":\"2020-10-14T22:39:09+00:00\",\"dateModified\":\"2020-10-19T06:53:58+00:00\",\"breadcrumb\":{\"@id\":\"https:\/\/www.hotelaqua.sk\/pl\/wakacje-na-slowacji-velky-meder-wody-termalne\/#breadcrumb\"},\"inLanguage\":\"pl-PL\",\"potentialAction\":[{\"@type\":\"ReadAction\",\"target\":[\"https:\/\/www.hotelaqua.sk\/pl\/wakacje-na-slowacji-velky-meder-wody-termalne\/\"]}]},{\"@type\":\"ImageObject\",\"inLanguage\":\"pl-PL\",\"@id\":\"https:\/\/www.hotelaqua.sk\/pl\/wakacje-na-slowacji-velky-meder-wody-termalne\/#primaryimage\",\"url\":\"https:\/\/www.hotelaqua.sk\/wp-content\/uploads\/2015\/11\/IMG_8640.jpg\",\"contentUrl\":\"https:\/\/www.hotelaqua.sk\/wp-content\/uploads\/2015\/11\/IMG_8640.jpg\",\"width\":2400,\"height\":1295,\"caption\":\"Wellness pobyty Term\u00e1lne k\u00fapalisko Ve\u013ek\u00fd Meder Thermal Corvinus Hotel Aqua Thermal Varga spa z\u013eavy\"},{\"@type\":\"BreadcrumbList\",\"@id\":\"https:\/\/www.hotelaqua.sk\/pl\/wakacje-na-slowacji-velky-meder-wody-termalne\/#breadcrumb\",\"itemListElement\":[{\"@type\":\"ListItem\",\"position\":1,\"name\":\"Domovsk\u00e1 str\u00e1nka\",\"item\":\"https:\/\/www.hotelaqua.sk\/en\/what-to-do-in-slovakia-hotel-aqua-wellness-spa\/\"},{\"@type\":\"ListItem\",\"position\":2,\"name\":\"Pakiety\"}]},{\"@type\":\"WebSite\",\"@id\":\"https:\/\/www.hotelaqua.sk\/sk\/#website\",\"url\":\"https:\/\/www.hotelaqua.sk\/sk\/\",\"name\":\"HOTEL AQUA VARGA ***\",\"description\":\"Hotel v bl\u00edzkosti term\u00e1lneho k\u00fapaliska vo Ve\u013ekom Mederi\",\"potentialAction\":[{\"@type\":\"SearchAction\",\"target\":{\"@type\":\"EntryPoint\",\"urlTemplate\":\"https:\/\/www.hotelaqua.sk\/sk\/?s={search_term_string}\"},\"query-input\":{\"@type\":\"PropertyValueSpecification\",\"valueRequired\":true,\"valueName\":\"search_term_string\"}}],\"inLanguage\":\"pl-PL\"}]}<\/script>\n<!-- \/ Yoast SEO plugin. -->","yoast_head_json":{"title":"Wakacje na S\u0142owacji Pakiety Hotel Aqua Velky Meder Wody termalne","robots":{"index":"index","follow":"follow","max-snippet":"max-snippet:-1","max-image-preview":"max-image-preview:large","max-video-preview":"max-video-preview:-1"},"canonical":"https:\/\/www.hotelaqua.sk\/pl\/wakacje-na-slowacji-velky-meder-wody-termalne\/","og_locale":"pl_PL","og_type":"article","og_title":"Wakacje na S\u0142owacji Pakiety Hotel Aqua Velky Meder Wody termalne","og_description":"Wakajce na S\u0142owacji wody termalne i ich lecznicze w\u0142a\u015bciwo\u015bci Basen termalny Velky Meder S\u0142owacja Zakwaterowanie Hotel Aqua *** i Hotel Thermal Varga *** Co powiesz na urlop w hotelu Aqua *** SPA, kt\u00f3ry poprawi Twoje samopoczucie i przywr\u00f3ci Ci energi\u0119? Wypr\u00f3buj lecznicze i relaksuj\u0105ce dzia\u0142anie w\u00f3d ze s\u0142owackich \u017ar\u00f3de\u0142 termalnych, dost\u0119pne w kategorii Wody termalne [&hellip;]","og_url":"https:\/\/www.hotelaqua.sk\/pl\/wakacje-na-slowacji-velky-meder-wody-termalne\/","og_site_name":"HOTEL AQUA VARGA ***","article_modified_time":"2020-10-19T06:53:58+00:00","og_image":[{"width":2400,"height":1295,"url":"https:\/\/www.hotelaqua.sk\/wp-content\/uploads\/2015\/11\/IMG_8640.jpg","type":"image\/jpeg"}],"twitter_misc":{"Est. reading time":"1 minute"},"schema":{"@context":"https:\/\/schema.org","@graph":[{"@type":"WebPage","@id":"https:\/\/www.hotelaqua.sk\/pl\/wakacje-na-slowacji-velky-meder-wody-termalne\/","url":"https:\/\/www.hotelaqua.sk\/pl\/wakacje-na-slowacji-velky-meder-wody-termalne\/","name":"Wakacje na S\u0142owacji Pakiety Hotel Aqua Velky Meder Wody termalne","isPartOf":{"@id":"https:\/\/www.hotelaqua.sk\/sk\/#website"},"primaryImageOfPage":{"@id":"https:\/\/www.hotelaqua.sk\/pl\/wakacje-na-slowacji-velky-meder-wody-termalne\/#primaryimage"},"image":{"@id":"https:\/\/www.hotelaqua.sk\/pl\/wakacje-na-slowacji-velky-meder-wody-termalne\/#primaryimage"},"thumbnailUrl":"https:\/\/www.hotelaqua.sk\/wp-content\/uploads\/2015\/11\/IMG_8640.jpg","datePublished":"2020-10-14T22:39:09+00:00","dateModified":"2020-10-19T06:53:58+00:00","breadcrumb":{"@id":"https:\/\/www.hotelaqua.sk\/pl\/wakacje-na-slowacji-velky-meder-wody-termalne\/#breadcrumb"},"inLanguage":"pl-PL","potentialAction":[{"@type":"ReadAction","target":["https:\/\/www.hotelaqua.sk\/pl\/wakacje-na-slowacji-velky-meder-wody-termalne\/"]}]},{"@type":"ImageObject","inLanguage":"pl-PL","@id":"https:\/\/www.hotelaqua.sk\/pl\/wakacje-na-slowacji-velky-meder-wody-termalne\/#primaryimage","url":"https:\/\/www.hotelaqua.sk\/wp-content\/uploads\/2015\/11\/IMG_8640.jpg","contentUrl":"https:\/\/www.hotelaqua.sk\/wp-content\/uploads\/2015\/11\/IMG_8640.jpg","width":2400,"height":1295,"caption":"Wellness pobyty Term\u00e1lne k\u00fapalisko Ve\u013ek\u00fd Meder Thermal Corvinus Hotel Aqua Thermal Varga spa z\u013eavy"},{"@type":"BreadcrumbList","@id":"https:\/\/www.hotelaqua.sk\/pl\/wakacje-na-slowacji-velky-meder-wody-termalne\/#breadcrumb","itemListElement":[{"@type":"ListItem","position":1,"name":"Domovsk\u00e1 str\u00e1nka","item":"https:\/\/www.hotelaqua.sk\/en\/what-to-do-in-slovakia-hotel-aqua-wellness-spa\/"},{"@type":"ListItem","position":2,"name":"Pakiety"}]},{"@type":"WebSite","@id":"https:\/\/www.hotelaqua.sk\/sk\/#website","url":"https:\/\/www.hotelaqua.sk\/sk\/","name":"HOTEL AQUA VARGA ***","description":"Hotel v bl\u00edzkosti term\u00e1lneho k\u00fapaliska vo Ve\u013ekom Mederi","potentialAction":[{"@type":"SearchAction","target":{"@type":"EntryPoint","urlTemplate":"https:\/\/www.hotelaqua.sk\/sk\/?s={search_term_string}"},"query-input":{"@type":"PropertyValueSpecification","valueRequired":true,"valueName":"search_term_string"}}],"inLanguage":"pl-PL"}]}},"_links":{"self":[{"href":"https:\/\/www.hotelaqua.sk\/pl\/wp-json\/wp\/v2\/pages\/154","targetHints":{"allow":["GET"]}}],"collection":[{"href":"https:\/\/www.hotelaqua.sk\/pl\/wp-json\/wp\/v2\/pages"}],"about":[{"href":"https:\/\/www.hotelaqua.sk\/pl\/wp-json\/wp\/v2\/types\/page"}],"author":[{"embeddable":true,"href":"https:\/\/www.hotelaqua.sk\/pl\/wp-json\/wp\/v2\/users\/1"}],"replies":[{"embeddable":true,"href":"https:\/\/www.hotelaqua.sk\/pl\/wp-json\/wp\/v2\/comments?post=154"}],"version-history":[{"count":7,"href":"https:\/\/www.hotelaqua.sk\/pl\/wp-json\/wp\/v2\/pages\/154\/revisions"}],"predecessor-version":[{"id":489,"href":"https:\/\/www.hotelaqua.sk\/pl\/wp-json\/wp\/v2\/pages\/154\/revisions\/489"}],"wp:featuredmedia":[{"embeddable":true,"href":"https:\/\/www.hotelaqua.sk\/pl\/wp-json\/wp\/v2\/media\/108"}],"wp:attachment":[{"href":"https:\/\/www.hotelaqua.sk\/pl\/wp-json\/wp\/v2\/media?parent=154"}],"curies":[{"name":"wp","href":"https:\/\/api.w.org\/{rel}","templated":true}]}}