{"id":1536,"date":"2018-03-04T16:13:32","date_gmt":"2018-03-04T15:13:32","guid":{"rendered":"http:\/\/www.hotelaqua.sk\/?page_id=1536"},"modified":"2018-10-24T07:06:51","modified_gmt":"2018-10-24T05:06:51","slug":"termalni-koupaliste-velky-meder-slovensko","status":"publish","type":"page","link":"https:\/\/www.hotelaqua.sk\/cs\/termalni-koupaliste-velky-meder-slovensko\/","title":{"rendered":"Term\u00e1ln\u00ed koupali\u0161t\u011b Ve\u013ek\u00fd Meder"},"content":{"rendered":"<h1>Wellness, mas\u00e1\u017ee, aquapark<\/h1>\n<h3>Ubytov\u00e1n\u00ed Ve\u013ek\u00fd Meder u are\u00e1lu V\u00e1m poskytne Hotel Aqua *** a Hotel Thermal Varga ***<\/h3>\n<p>V\u00edce informac\u00ed a cen\u00edk naleznete na <a href=\"http:\/\/www.thermalcorvinus.eu\/velky-meder-termalni-lazne\/\">WWW.THERMALCORVINUS.EU<\/a><\/p>\n<p>Destinace term\u00e1ln\u00ed koupali\u0161t\u011b Ve\u013ek\u00fd Meder to je dovolen\u00e1 s mnoha p\u0159ednost\u00ed a to jsou hork\u00e9 term\u00e1ln\u00ed baz\u00e9ny tak pod st\u0159echou i pod \u0161ir\u00fdm nebem (uprost\u0159ed lesoparku zelen\u011b). V term\u00e1ln\u00ed vod\u011b se vydov\u00e1d\u00ed i Va\u0161e d\u011bti (dovolen\u00e1 s d\u011btmi, d\u011btsk\u00e9 baz\u00e9ny, aquaparky). V l\u00e9\u010div\u00e9 vod\u011b se zotav\u00ed rodi\u010de, d\u011bda, babi\u010dka. V\u0161ichni se zregeneruj\u00ed V z\u00e1\u017eitkov\u00fdch a wellness baz\u00e9nech. Je zde dostatek z\u00e1bavy, rekrea\u010dn\u00edho sportu a proslul\u00e1 ma\u010farsk\u00e1 gastronomie.<\/p>\n<p><span style=\"font-size: 14pt;\"><strong><span style=\"color: #0000ff;\">5 d\u016fvod\u016f pro\u010d si vybrat Hotel Aqua *** Ve\u013ek\u00fd Meder<\/span><\/strong><\/span><\/p>\n<ol>\n<li>Bezkonkuren\u010dn\u00ed ceny!<\/li>\n<li>Online rezervace<\/li>\n<li>Bezpe\u010dn\u00e1 rezervace<\/li>\n<li>Mluv\u00edme Va\u0161im jazykem<\/li>\n<li>P\u0159es 100 nez\u00e1visl\u00fdch recenz\u00ed<\/li>\n<\/ol>\n<div class=\"rgg-container\" data-rgg-id=\"1\">    <div class=\"rgg-imagegrid captions-title captions-effect-none \" data-rgg-id=\"1\">\n                    <a href=\"https:\/\/www.hotelaqua.sk\/wp-content\/uploads\/2015\/12\/IMG_9109-1024x668.jpg\" data-rel=\"rgg\" rel=\"rgg\" title=\"Detsk&yacute; svet aquapark Wellness Term&aacute;lne k&uacute;palisko Ve\u013ek&yacute; Meder\" class=\"rgg-disabled size-medium rgg-img\" data-src=\"https:\/\/www.hotelaqua.sk\/wp-content\/uploads\/2015\/12\/IMG_9109-300x196.jpg\" data-ratio=\"1.5306122449\" data-height=\"196\" data-width=\"300\" aria-label=\"\">\n                            <\/a>\n                    <a href=\"https:\/\/www.hotelaqua.sk\/wp-content\/uploads\/2015\/11\/dovolenka_na_slovensku_2014_b_f9b102927c0d23fa.jpg\" data-rel=\"rgg\" rel=\"rgg\" title=\"Term&aacute;lne k&uacute;palisko Ve\u013ek&yacute; Meder Thermal Corvinus Hotel Thermal Aqua Varga wellness kupele lazne termalni koupali&scaron;t\u011b\" class=\"rgg-disabled size-medium rgg-img\" data-src=\"https:\/\/www.hotelaqua.sk\/wp-content\/uploads\/2015\/11\/dovolenka_na_slovensku_2014_b_f9b102927c0d23fa-300x225.jpg\" data-ratio=\"1.33333333333\" data-height=\"225\" data-width=\"300\" aria-label=\"Term\u00e1lne k\u00fapalisko Ve\u013ek\u00fd Meder Thermal Corvinus Hotel Thermal Aqua Varga wellness kupele lazne termalni koupali\u0161t\u011b\">\n                            <\/a>\n                    <a href=\"https:\/\/www.hotelaqua.sk\/wp-content\/uploads\/2015\/11\/THERMAL-CORVINUS-1024x547.jpg\" data-rel=\"rgg\" rel=\"rgg\" title=\"Term&aacute;lne k&uacute;palisko Ve\u013ek&yacute; Meder THERMAL CORVINUS Hotel Aqua Thermal Varga k&uacute;pele wellness spa dovolenka pre dvoch v&iacute;kendov&yacute; pobyt\" class=\"rgg-disabled size-medium rgg-img\" data-src=\"https:\/\/www.hotelaqua.sk\/wp-content\/uploads\/2015\/11\/THERMAL-CORVINUS-300x160.jpg\" data-ratio=\"1.875\" data-height=\"160\" data-width=\"300\" aria-label=\"Term\u00e1lne k\u00fapalisko Ve\u013ek\u00fd Meder THERMAL CORVINUS Hotel Aqua Thermal Varga k\u00fapele wellness spa dovolenka pre dvoch v\u00edkendov\u00fd pobyt\">\n                            <\/a>\n                    <a href=\"https:\/\/www.hotelaqua.sk\/wp-content\/uploads\/2017\/12\/DSC5663-1024x683.jpg\" data-rel=\"rgg\" rel=\"rgg\" title=\"\" class=\"rgg-disabled size-medium rgg-img\" data-src=\"https:\/\/www.hotelaqua.sk\/wp-content\/uploads\/2017\/12\/DSC5663-300x200.jpg\" data-ratio=\"1.5\" data-height=\"200\" data-width=\"300\" aria-label=\"\">\n                            <\/a>\n                    <a href=\"https:\/\/www.hotelaqua.sk\/wp-content\/uploads\/2017\/03\/pobyt-zimny-relax-1024x683.jpg\" data-rel=\"rgg\" rel=\"rgg\" title=\"Wellness Term&aacute;lne k&uacute;palisko Ve\u013ek&yacute; Meder\" class=\"rgg-disabled size-medium rgg-img\" data-src=\"https:\/\/www.hotelaqua.sk\/wp-content\/uploads\/2017\/03\/pobyt-zimny-relax-e1489574446959-300x150.jpg\" data-ratio=\"2\" data-height=\"150\" data-width=\"300\" aria-label=\"Wellness Term\u00e1lne k\u00fapalisko Ve\u013ek\u00fd Meder\">\n                            <\/a>\n                    <a href=\"https:\/\/www.hotelaqua.sk\/wp-content\/uploads\/2015\/12\/IMG_8987-1024x578.jpg\" data-rel=\"rgg\" rel=\"rgg\" title=\"\" class=\"rgg-disabled size-medium rgg-img\" data-src=\"https:\/\/www.hotelaqua.sk\/wp-content\/uploads\/2015\/12\/IMG_8987-300x169.jpg\" data-ratio=\"1.77514792899\" data-height=\"169\" data-width=\"300\" aria-label=\"\">\n                            <\/a>\n                    <a href=\"https:\/\/www.hotelaqua.sk\/wp-content\/uploads\/2015\/12\/IMG_8532-1024x683.jpg\" data-rel=\"rgg\" rel=\"rgg\" title=\"\" class=\"rgg-disabled size-medium rgg-img\" data-src=\"https:\/\/www.hotelaqua.sk\/wp-content\/uploads\/2015\/12\/IMG_8532-300x200.jpg\" data-ratio=\"1.5\" data-height=\"200\" data-width=\"300\" aria-label=\"\">\n                            <\/a>\n                    <a href=\"https:\/\/www.hotelaqua.sk\/wp-content\/uploads\/2015\/12\/IMG_9085-1024x683.jpg\" data-rel=\"rgg\" rel=\"rgg\" title=\"\" class=\"rgg-disabled size-medium rgg-img\" data-src=\"https:\/\/www.hotelaqua.sk\/wp-content\/uploads\/2015\/12\/IMG_9085-300x200.jpg\" data-ratio=\"1.5\" data-height=\"200\" data-width=\"300\" aria-label=\"\">\n                            <\/a>\n                    <a href=\"https:\/\/www.hotelaqua.sk\/wp-content\/uploads\/2017\/03\/pobyt-letny-relax-hotel-1024x683.jpg\" data-rel=\"rgg\" rel=\"rgg\" title=\"Wellness Term&aacute;lne k&uacute;palisko Ve\u013ek&yacute; Meder\" class=\"rgg-disabled size-medium rgg-img\" data-src=\"https:\/\/www.hotelaqua.sk\/wp-content\/uploads\/2017\/03\/pobyt-letny-relax-hotel-e1489574256318-300x150.jpg\" data-ratio=\"2\" data-height=\"150\" data-width=\"300\" aria-label=\"\">\n                            <\/a>\n                    <a href=\"https:\/\/www.hotelaqua.sk\/wp-content\/uploads\/2016\/02\/Velky-Meder31692567-1024x768.jpg\" data-rel=\"rgg\" rel=\"rgg\" title=\"\" class=\"rgg-disabled size-medium rgg-img\" data-src=\"https:\/\/www.hotelaqua.sk\/wp-content\/uploads\/2016\/02\/Velky-Meder31692567-300x225.jpg\" data-ratio=\"1.33333333333\" data-height=\"225\" data-width=\"300\" aria-label=\"\">\n                            <\/a>\n                    <a href=\"https:\/\/www.hotelaqua.sk\/wp-content\/uploads\/2015\/12\/RAC0018-1024x683.jpg\" data-rel=\"rgg\" rel=\"rgg\" title=\"\" class=\"rgg-disabled size-medium rgg-img\" data-src=\"https:\/\/www.hotelaqua.sk\/wp-content\/uploads\/2015\/12\/RAC0018-300x200.jpg\" data-ratio=\"1.5\" data-height=\"200\" data-width=\"300\" aria-label=\"\">\n                            <\/a>\n                    <a href=\"https:\/\/www.hotelaqua.sk\/wp-content\/uploads\/2015\/12\/RAC7618-1024x683.jpg\" data-rel=\"rgg\" rel=\"rgg\" title=\"\" class=\"rgg-disabled size-medium rgg-img\" data-src=\"https:\/\/www.hotelaqua.sk\/wp-content\/uploads\/2015\/12\/RAC7618-300x200.jpg\" data-ratio=\"1.5\" data-height=\"200\" data-width=\"300\" aria-label=\"\">\n                            <\/a>\n                    <a href=\"https:\/\/www.hotelaqua.sk\/wp-content\/uploads\/2015\/12\/IMG_2816-1024x683.jpg\" data-rel=\"rgg\" rel=\"rgg\" title=\"\" class=\"rgg-disabled size-medium rgg-img\" data-src=\"https:\/\/www.hotelaqua.sk\/wp-content\/uploads\/2015\/12\/IMG_2816-300x200.jpg\" data-ratio=\"1.5\" data-height=\"200\" data-width=\"300\" aria-label=\"\">\n                            <\/a>\n                    <a href=\"https:\/\/www.hotelaqua.sk\/wp-content\/uploads\/2015\/12\/IMG_9059-1024x683.jpg\" data-rel=\"rgg\" rel=\"rgg\" title=\"\" class=\"rgg-disabled size-medium rgg-img\" data-src=\"https:\/\/www.hotelaqua.sk\/wp-content\/uploads\/2015\/12\/IMG_9059-300x200.jpg\" data-ratio=\"1.5\" data-height=\"200\" data-width=\"300\" aria-label=\"\">\n                            <\/a>\n                    <a href=\"https:\/\/www.hotelaqua.sk\/wp-content\/uploads\/2015\/12\/IMG_9040-1024x683.jpg\" data-rel=\"rgg\" rel=\"rgg\" title=\"\" class=\"rgg-disabled size-medium rgg-img\" data-src=\"https:\/\/www.hotelaqua.sk\/wp-content\/uploads\/2015\/12\/IMG_9040-300x200.jpg\" data-ratio=\"1.5\" data-height=\"200\" data-width=\"300\" aria-label=\"\">\n                            <\/a>\n                    <a href=\"https:\/\/www.hotelaqua.sk\/wp-content\/uploads\/2015\/12\/IMG_8896-1024x683.jpg\" data-rel=\"rgg\" rel=\"rgg\" title=\"\" class=\"rgg-disabled size-medium rgg-img\" data-src=\"https:\/\/www.hotelaqua.sk\/wp-content\/uploads\/2015\/12\/IMG_8896-300x200.jpg\" data-ratio=\"1.5\" data-height=\"200\" data-width=\"300\" aria-label=\"\">\n                            <\/a>\n                    <a href=\"https:\/\/www.hotelaqua.sk\/wp-content\/uploads\/2015\/12\/IMG_8673-1024x683.jpg\" data-rel=\"rgg\" rel=\"rgg\" title=\"\" class=\"rgg-disabled size-medium rgg-img\" data-src=\"https:\/\/www.hotelaqua.sk\/wp-content\/uploads\/2015\/12\/IMG_8673-300x200.jpg\" data-ratio=\"1.5\" data-height=\"200\" data-width=\"300\" aria-label=\"\">\n                            <\/a>\n                    <a href=\"https:\/\/www.hotelaqua.sk\/wp-content\/uploads\/2015\/12\/IMG_8634-770x1024.jpg\" data-rel=\"rgg\" rel=\"rgg\" title=\"\" class=\"rgg-disabled size-medium rgg-img\" data-src=\"https:\/\/www.hotelaqua.sk\/wp-content\/uploads\/2015\/12\/IMG_8634-226x300.jpg\" data-ratio=\"0.753333333333\" data-height=\"300\" data-width=\"226\" aria-label=\"\">\n                            <\/a>\n                    <a href=\"https:\/\/www.hotelaqua.sk\/wp-content\/uploads\/2015\/11\/package_main-1024x803.jpg\" data-rel=\"rgg\" rel=\"rgg\" title=\"\" class=\"rgg-disabled size-medium rgg-img\" data-src=\"https:\/\/www.hotelaqua.sk\/wp-content\/uploads\/2015\/11\/package_main-300x235.jpg\" data-ratio=\"1.27659574468\" data-height=\"235\" data-width=\"300\" aria-label=\"\">\n                            <\/a>\n            <\/div>\n<\/div>\n<p>Saunov\u00fd ceremoni\u00e1l je ojedin\u011bl\u00fdm zpest\u0159en\u00edm a intenzivn\u00edm z\u00e1\u017eitkem Va\u0161eho saunov\u00e1n\u00ed. Nepln\u00ed jen z\u00e1bavnou funkci, ale zvy\u0161uje i blahod\u00e1rn\u00e9 \u00fa\u010dinky samotn\u00e9ho saunov\u00e1n\u00ed. Saunov\u00fd ceremoni\u00e1l prob\u00edh\u00e1 ve <strong>finsk\u00e9 saun\u011b Velky Meder<\/strong>, obvykle ve t\u0159ech cyklech. Saunov\u00fd mistr zal\u00e9v\u00e1 kameny a v\u00ed\u0159\u00ed hork\u00fd vzduch tak, aby dostate\u010dn\u011b zv\u00fd\u0161il pot\u0159ebnou vlhkost a navodil pocit v\u011bt\u0161\u00edho tepla. Pozd\u011bji se individu\u00e1ln\u011b v\u011bnuje ka\u017ed\u00e9mu n\u00e1v\u0161t\u011bvn\u00edkovi a vytv\u00e1\u0159\u00ed pomoc\u00ed ru\u010dn\u00edku tzv. tepeln\u00fd n\u00e1raz, kter\u00fd t\u011blo je\u0161t\u011b v\u00edce p\u0159eh\u0159\u00edv\u00e1. B\u011bhem ceremoni\u00e1lu se \u010dasto pou\u017e\u00edvaj\u00ed r\u016fzn\u00e9 esence, peelingov\u00e9 soli a samo\u0159ejmost\u00ed je p\u0159\u00edjemn\u00e1 hudba. Celkov\u00fd \u010das ceremoni\u00e1lu se pohybuje okolo 10-15 minut.<\/p>\n<p>Saunov\u00e9 ceremoni\u00e1ly maj\u00ed sv\u00e1 pravidla:<\/p>\n<ul>\n<li>P\u0159ij\u010fte na za\u010d\u00e1tek ceremoni\u00e1lu v\u010das<\/li>\n<li>Usa\u010fte se na lavici ve v\u00fd\u0161ce, kter\u00e1 V\u00e1m vyhovuje. Nezapome\u0148te, \u017ee \u010d\u00edm vy\u0161\u0161\u00ed stup\u00ednek, t\u00edm v\u011bt\u0161\u00ed horko.<\/li>\n<li>T\u011blo v\u010detn\u011b chodidel podlo\u017ete plachtou.<\/li>\n<li>Sauna je m\u00edsto odpo\u010dinku a relaxace. B\u011bhem ceremoni\u00e1lu neru\u0161te ostatn\u00edch.<\/li>\n<li>Pokud budete kdykoliv b\u011bhem ceremoni\u00e1lu c\u00edtit pot\u0159ebu saunu opustit, ud\u011blejte to. Nikdo se na V\u00e1s nebude zlobit.<\/li>\n<\/ul>\n","protected":false},"excerpt":{"rendered":"<p>Wellness, mas\u00e1\u017ee, aquapark Ubytov\u00e1n\u00ed Ve\u013ek\u00fd Meder u are\u00e1lu V\u00e1m poskytne Hotel Aqua *** a Hotel Thermal Varga *** V\u00edce informac\u00ed a cen\u00edk naleznete na WWW.THERMALCORVINUS.EU Destinace term\u00e1ln\u00ed koupali\u0161t\u011b Ve\u013ek\u00fd Meder to je dovolen\u00e1 s mnoha p\u0159ednost\u00ed a to jsou hork\u00e9 term\u00e1ln\u00ed baz\u00e9ny tak pod st\u0159echou i pod \u0161ir\u00fdm nebem (uprost\u0159ed lesoparku zelen\u011b). V term\u00e1ln\u00ed vod\u011b [&hellip;]<\/p>\n","protected":false},"author":2,"featured_media":1525,"parent":0,"menu_order":0,"comment_status":"closed","ping_status":"closed","template":"","meta":{"footnotes":""},"class_list":["post-1536","page","type-page","status-publish","has-post-thumbnail","hentry"],"yoast_head":"<!-- This site is optimized with the Yoast SEO plugin v25.3.1 - https:\/\/yoast.com\/wordpress\/plugins\/seo\/ -->\n<title>Term\u00e1ly Ve\u013ek\u00fd Meder term\u00e1ly Wellness sauna Hotel Aqua ***<\/title>\n<meta name=\"robots\" content=\"index, follow, max-snippet:-1, max-image-preview:large, max-video-preview:-1\" \/>\n<link rel=\"canonical\" href=\"https:\/\/www.hotelaqua.sk\/cs\/termalni-koupaliste-velky-meder-slovensko\/\" \/>\n<meta property=\"og:locale\" content=\"pl_PL\" \/>\n<meta property=\"og:type\" content=\"article\" \/>\n<meta property=\"og:title\" content=\"Term\u00e1ly Ve\u013ek\u00fd Meder term\u00e1ly Wellness sauna Hotel Aqua ***\" \/>\n<meta property=\"og:description\" content=\"Wellness, mas\u00e1\u017ee, aquapark Ubytov\u00e1n\u00ed Ve\u013ek\u00fd Meder u are\u00e1lu V\u00e1m poskytne Hotel Aqua *** a Hotel Thermal Varga *** V\u00edce informac\u00ed a cen\u00edk naleznete na WWW.THERMALCORVINUS.EU Destinace term\u00e1ln\u00ed koupali\u0161t\u011b Ve\u013ek\u00fd Meder to je dovolen\u00e1 s mnoha p\u0159ednost\u00ed a to jsou hork\u00e9 term\u00e1ln\u00ed baz\u00e9ny tak pod st\u0159echou i pod \u0161ir\u00fdm nebem (uprost\u0159ed lesoparku zelen\u011b). V term\u00e1ln\u00ed vod\u011b [&hellip;]\" \/>\n<meta property=\"og:url\" content=\"https:\/\/www.hotelaqua.sk\/cs\/termalni-koupaliste-velky-meder-slovensko\/\" \/>\n<meta property=\"og:site_name\" content=\"HOTEL AQUA VARGA ***\" \/>\n<meta property=\"article:modified_time\" content=\"2018-10-24T05:06:51+00:00\" \/>\n<meta property=\"og:image\" content=\"https:\/\/www.hotelaqua.sk\/wp-content\/uploads\/2018\/03\/Sauna.jpg\" \/>\n\t<meta property=\"og:image:width\" content=\"2000\" \/>\n\t<meta property=\"og:image:height\" content=\"1339\" \/>\n\t<meta property=\"og:image:type\" content=\"image\/jpeg\" \/>\n<meta name=\"twitter:label1\" content=\"Est. reading time\" \/>\n\t<meta name=\"twitter:data1\" content=\"2 minutes\" \/>\n<script type=\"application\/ld+json\" class=\"yoast-schema-graph\">{\"@context\":\"https:\/\/schema.org\",\"@graph\":[{\"@type\":\"WebPage\",\"@id\":\"https:\/\/www.hotelaqua.sk\/cs\/termalni-koupaliste-velky-meder-slovensko\/\",\"url\":\"https:\/\/www.hotelaqua.sk\/cs\/termalni-koupaliste-velky-meder-slovensko\/\",\"name\":\"Term\u00e1ly Ve\u013ek\u00fd Meder term\u00e1ly Wellness sauna Hotel Aqua ***\",\"isPartOf\":{\"@id\":\"https:\/\/www.hotelaqua.sk\/sk\/#website\"},\"primaryImageOfPage\":{\"@id\":\"https:\/\/www.hotelaqua.sk\/cs\/termalni-koupaliste-velky-meder-slovensko\/#primaryimage\"},\"image\":{\"@id\":\"https:\/\/www.hotelaqua.sk\/cs\/termalni-koupaliste-velky-meder-slovensko\/#primaryimage\"},\"thumbnailUrl\":\"https:\/\/www.hotelaqua.sk\/wp-content\/uploads\/2018\/03\/Sauna.jpg\",\"datePublished\":\"2018-03-04T15:13:32+00:00\",\"dateModified\":\"2018-10-24T05:06:51+00:00\",\"breadcrumb\":{\"@id\":\"https:\/\/www.hotelaqua.sk\/cs\/termalni-koupaliste-velky-meder-slovensko\/#breadcrumb\"},\"inLanguage\":\"pl-PL\",\"potentialAction\":[{\"@type\":\"ReadAction\",\"target\":[\"https:\/\/www.hotelaqua.sk\/cs\/termalni-koupaliste-velky-meder-slovensko\/\"]}]},{\"@type\":\"ImageObject\",\"inLanguage\":\"pl-PL\",\"@id\":\"https:\/\/www.hotelaqua.sk\/cs\/termalni-koupaliste-velky-meder-slovensko\/#primaryimage\",\"url\":\"https:\/\/www.hotelaqua.sk\/wp-content\/uploads\/2018\/03\/Sauna.jpg\",\"contentUrl\":\"https:\/\/www.hotelaqua.sk\/wp-content\/uploads\/2018\/03\/Sauna.jpg\",\"width\":2000,\"height\":1339},{\"@type\":\"BreadcrumbList\",\"@id\":\"https:\/\/www.hotelaqua.sk\/cs\/termalni-koupaliste-velky-meder-slovensko\/#breadcrumb\",\"itemListElement\":[{\"@type\":\"ListItem\",\"position\":1,\"name\":\"Domovsk\u00e1 str\u00e1nka\",\"item\":\"https:\/\/www.hotelaqua.sk\/pl\/basen-termalny-slowacja-velky-meder\/\"},{\"@type\":\"ListItem\",\"position\":2,\"name\":\"Term\u00e1ln\u00ed koupali\u0161t\u011b Ve\u013ek\u00fd Meder\"}]},{\"@type\":\"WebSite\",\"@id\":\"https:\/\/www.hotelaqua.sk\/sk\/#website\",\"url\":\"https:\/\/www.hotelaqua.sk\/sk\/\",\"name\":\"HOTEL AQUA VARGA ***\",\"description\":\"Hotel v bl\u00edzkosti term\u00e1lneho k\u00fapaliska vo Ve\u013ekom Mederi\",\"potentialAction\":[{\"@type\":\"SearchAction\",\"target\":{\"@type\":\"EntryPoint\",\"urlTemplate\":\"https:\/\/www.hotelaqua.sk\/sk\/?s={search_term_string}\"},\"query-input\":{\"@type\":\"PropertyValueSpecification\",\"valueRequired\":true,\"valueName\":\"search_term_string\"}}],\"inLanguage\":\"pl-PL\"}]}<\/script>\n<!-- \/ Yoast SEO plugin. -->","yoast_head_json":{"title":"Term\u00e1ly Ve\u013ek\u00fd Meder term\u00e1ly Wellness sauna Hotel Aqua ***","robots":{"index":"index","follow":"follow","max-snippet":"max-snippet:-1","max-image-preview":"max-image-preview:large","max-video-preview":"max-video-preview:-1"},"canonical":"https:\/\/www.hotelaqua.sk\/cs\/termalni-koupaliste-velky-meder-slovensko\/","og_locale":"pl_PL","og_type":"article","og_title":"Term\u00e1ly Ve\u013ek\u00fd Meder term\u00e1ly Wellness sauna Hotel Aqua ***","og_description":"Wellness, mas\u00e1\u017ee, aquapark Ubytov\u00e1n\u00ed Ve\u013ek\u00fd Meder u are\u00e1lu V\u00e1m poskytne Hotel Aqua *** a Hotel Thermal Varga *** V\u00edce informac\u00ed a cen\u00edk naleznete na WWW.THERMALCORVINUS.EU Destinace term\u00e1ln\u00ed koupali\u0161t\u011b Ve\u013ek\u00fd Meder to je dovolen\u00e1 s mnoha p\u0159ednost\u00ed a to jsou hork\u00e9 term\u00e1ln\u00ed baz\u00e9ny tak pod st\u0159echou i pod \u0161ir\u00fdm nebem (uprost\u0159ed lesoparku zelen\u011b). V term\u00e1ln\u00ed vod\u011b [&hellip;]","og_url":"https:\/\/www.hotelaqua.sk\/cs\/termalni-koupaliste-velky-meder-slovensko\/","og_site_name":"HOTEL AQUA VARGA ***","article_modified_time":"2018-10-24T05:06:51+00:00","og_image":[{"width":2000,"height":1339,"url":"https:\/\/www.hotelaqua.sk\/wp-content\/uploads\/2018\/03\/Sauna.jpg","type":"image\/jpeg"}],"twitter_misc":{"Est. reading time":"2 minutes"},"schema":{"@context":"https:\/\/schema.org","@graph":[{"@type":"WebPage","@id":"https:\/\/www.hotelaqua.sk\/cs\/termalni-koupaliste-velky-meder-slovensko\/","url":"https:\/\/www.hotelaqua.sk\/cs\/termalni-koupaliste-velky-meder-slovensko\/","name":"Term\u00e1ly Ve\u013ek\u00fd Meder term\u00e1ly Wellness sauna Hotel Aqua ***","isPartOf":{"@id":"https:\/\/www.hotelaqua.sk\/sk\/#website"},"primaryImageOfPage":{"@id":"https:\/\/www.hotelaqua.sk\/cs\/termalni-koupaliste-velky-meder-slovensko\/#primaryimage"},"image":{"@id":"https:\/\/www.hotelaqua.sk\/cs\/termalni-koupaliste-velky-meder-slovensko\/#primaryimage"},"thumbnailUrl":"https:\/\/www.hotelaqua.sk\/wp-content\/uploads\/2018\/03\/Sauna.jpg","datePublished":"2018-03-04T15:13:32+00:00","dateModified":"2018-10-24T05:06:51+00:00","breadcrumb":{"@id":"https:\/\/www.hotelaqua.sk\/cs\/termalni-koupaliste-velky-meder-slovensko\/#breadcrumb"},"inLanguage":"pl-PL","potentialAction":[{"@type":"ReadAction","target":["https:\/\/www.hotelaqua.sk\/cs\/termalni-koupaliste-velky-meder-slovensko\/"]}]},{"@type":"ImageObject","inLanguage":"pl-PL","@id":"https:\/\/www.hotelaqua.sk\/cs\/termalni-koupaliste-velky-meder-slovensko\/#primaryimage","url":"https:\/\/www.hotelaqua.sk\/wp-content\/uploads\/2018\/03\/Sauna.jpg","contentUrl":"https:\/\/www.hotelaqua.sk\/wp-content\/uploads\/2018\/03\/Sauna.jpg","width":2000,"height":1339},{"@type":"BreadcrumbList","@id":"https:\/\/www.hotelaqua.sk\/cs\/termalni-koupaliste-velky-meder-slovensko\/#breadcrumb","itemListElement":[{"@type":"ListItem","position":1,"name":"Domovsk\u00e1 str\u00e1nka","item":"https:\/\/www.hotelaqua.sk\/pl\/basen-termalny-slowacja-velky-meder\/"},{"@type":"ListItem","position":2,"name":"Term\u00e1ln\u00ed koupali\u0161t\u011b Ve\u013ek\u00fd Meder"}]},{"@type":"WebSite","@id":"https:\/\/www.hotelaqua.sk\/sk\/#website","url":"https:\/\/www.hotelaqua.sk\/sk\/","name":"HOTEL AQUA VARGA ***","description":"Hotel v bl\u00edzkosti term\u00e1lneho k\u00fapaliska vo Ve\u013ekom Mederi","potentialAction":[{"@type":"SearchAction","target":{"@type":"EntryPoint","urlTemplate":"https:\/\/www.hotelaqua.sk\/sk\/?s={search_term_string}"},"query-input":{"@type":"PropertyValueSpecification","valueRequired":true,"valueName":"search_term_string"}}],"inLanguage":"pl-PL"}]}},"_links":{"self":[{"href":"https:\/\/www.hotelaqua.sk\/pl\/wp-json\/wp\/v2\/pages\/1536","targetHints":{"allow":["GET"]}}],"collection":[{"href":"https:\/\/www.hotelaqua.sk\/pl\/wp-json\/wp\/v2\/pages"}],"about":[{"href":"https:\/\/www.hotelaqua.sk\/pl\/wp-json\/wp\/v2\/types\/page"}],"author":[{"embeddable":true,"href":"https:\/\/www.hotelaqua.sk\/pl\/wp-json\/wp\/v2\/users\/2"}],"replies":[{"embeddable":true,"href":"https:\/\/www.hotelaqua.sk\/pl\/wp-json\/wp\/v2\/comments?post=1536"}],"version-history":[{"count":1,"href":"https:\/\/www.hotelaqua.sk\/pl\/wp-json\/wp\/v2\/pages\/1536\/revisions"}],"predecessor-version":[{"id":1698,"href":"https:\/\/www.hotelaqua.sk\/pl\/wp-json\/wp\/v2\/pages\/1536\/revisions\/1698"}],"wp:featuredmedia":[{"embeddable":true,"href":"https:\/\/www.hotelaqua.sk\/pl\/wp-json\/wp\/v2\/media\/1525"}],"wp:attachment":[{"href":"https:\/\/www.hotelaqua.sk\/pl\/wp-json\/wp\/v2\/media?parent=1536"}],"curies":[{"name":"wp","href":"https:\/\/api.w.org\/{rel}","templated":true}]}}