{"id":78,"date":"2015-11-24T16:39:29","date_gmt":"2015-11-24T15:39:29","guid":{"rendered":"http:\/\/hotelaqua.htsys.sk\/?page_id=78"},"modified":"2017-03-15T12:05:00","modified_gmt":"2017-03-15T11:05:00","slug":"what-to-do-in-slovakia-hotel-aqua-wellness-spa","status":"publish","type":"page","link":"https:\/\/www.hotelaqua.sk\/en\/what-to-do-in-slovakia-hotel-aqua-wellness-spa\/","title":{"rendered":"Hotel Aqua wellness spa"},"content":{"rendered":"<h1>What to do in Slovakia<\/h1>\n<p><a href=\"http:\/\/www.hotelthermal.sk\/en\">The Top 10 Things to Do in Slovakia<\/a><\/p>\n<p>What to do in Slovakia is to start your visit at the SPA in Velky Meder and finish at the national park in High Tatras.<\/p>\n<p>Best Thermen SPA &amp; Wellness centre Velky Meder<\/p>\n<figure id=\"attachment_105\" aria-describedby=\"caption-attachment-105\" style=\"width: 300px\" class=\"wp-caption alignright\"><a href=\"http:\/\/www.hotelaqua.sk\/wp-content\/uploads\/2015\/11\/dovolenka_na_slovensku_2014_b_f9b102927c0d23fa.jpg\" rel=\"attachment wp-att-105\"><img loading=\"lazy\" decoding=\"async\" class=\"wp-image-105 size-medium\" src=\"http:\/\/www.hotelaqua.sk\/wp-content\/uploads\/2015\/11\/dovolenka_na_slovensku_2014_b_f9b102927c0d23fa-300x225.jpg\" alt=\"\" width=\"300\" height=\"225\" srcset=\"https:\/\/www.hotelaqua.sk\/wp-content\/uploads\/2015\/11\/dovolenka_na_slovensku_2014_b_f9b102927c0d23fa-300x225.jpg 300w, https:\/\/www.hotelaqua.sk\/wp-content\/uploads\/2015\/11\/dovolenka_na_slovensku_2014_b_f9b102927c0d23fa.jpg 800w\" sizes=\"auto, (max-width: 300px) 100vw, 300px\" \/><\/a><figcaption id=\"caption-attachment-105\" class=\"wp-caption-text\">What to do in Slovakia SPA Wellness Therme Velky Meder<\/figcaption><\/figure>\n<p>You should definitely visit SPA Wellness Velky Meder only 60km from capital of Slovakia Bratislava. You can get comfortable,cheap, clean B&amp;B Bed and breakfast Hotel Aqua *** or Hotel Thermal Varga***. The accommodation is next to the <a href=\"http:\/\/www.hotelthermal.sk\/en\">Thermen SPA Wellness Velky Meder<\/a>.<\/p>\n<p>Bratislava old Town<\/p>\n<figure id=\"attachment_449\" aria-describedby=\"caption-attachment-449\" style=\"width: 225px\" class=\"wp-caption alignleft\"><a href=\"http:\/\/www.hotelaqua.sk\/wp-content\/uploads\/2015\/11\/Bratislava-old-town.jpg\" rel=\"attachment wp-att-449\"><img loading=\"lazy\" decoding=\"async\" class=\"wp-image-449 size-medium\" src=\"http:\/\/www.hotelaqua.sk\/wp-content\/uploads\/2015\/11\/Bratislava-old-town-225x300.jpg\" alt=\"\" width=\"225\" height=\"300\" srcset=\"https:\/\/www.hotelaqua.sk\/wp-content\/uploads\/2015\/11\/Bratislava-old-town-225x300.jpg 225w, https:\/\/www.hotelaqua.sk\/wp-content\/uploads\/2015\/11\/Bratislava-old-town-768x1024.jpg 768w, https:\/\/www.hotelaqua.sk\/wp-content\/uploads\/2015\/11\/Bratislava-old-town.jpg 900w\" sizes=\"auto, (max-width: 225px) 100vw, 225px\" \/><\/a><figcaption id=\"caption-attachment-449\" class=\"wp-caption-text\">What to do in Slovakia Bratislava old town<\/figcaption><\/figure>\n<p><span id=\"result_box\" class=\"\" lang=\"en\"><span class=\"hps\">Is The most beautiful<\/span> <span class=\"hps\">part of<\/span> <span class=\"hps\">Bratislava<\/span> with is <span class=\"hps\">perfect<\/span> <span class=\"hps\">walks.<\/span> <span class=\"hps\">You can start<\/span> <span class=\"hps\">the morning<\/span> with an <span class=\"hps\">excellent<\/span> <span class=\"hps\">breakfast<\/span> <span class=\"hps\">at a cafe<\/span> <span class=\"hps\">near<\/span> <span class=\"hps\">Michael&#8217;s Gate,<\/span> <span class=\"hps\">then<\/span> <span class=\"hps\">you can visit the<\/span> <span class=\"hps\">Cathedral of<\/span> <span class=\"hps\">St. Martin<\/span>, <span class=\"hps\">lunch<\/span> <span class=\"hps\">can be enjoyed in<\/span> <span class=\"hps\">one of the many<\/span> <span class=\"hps\">restaurants<\/span>, the main square <span class=\"hps\">in addition to<\/span> <span class=\"hps\">the<\/span> <span class=\"hps\">beautiful buildings<\/span> <span class=\"hps\">you can<\/span> <span class=\"hps\">see<\/span> <span class=\"hps\">respectively<\/span>. L<span class=\"hps\">isten to<\/span> <span class=\"hps\">a street program<\/span>. C<span class=\"hps\">ontinue<\/span> <span class=\"hps\">to<\/span> the <span class=\"hps\">Hviezdoslavovo<\/span> <span class=\"hps\">Square,<\/span> <span class=\"hps\">where<\/span> <span class=\"hps\">you ca<\/span> <span class=\"hps\">immediately<\/span> <span class=\"hps\">see<\/span> <span class=\"hps\">the Slovak National Theatre.<\/span><\/span><\/p>\n<p>Spis Castle (Spissky Hrad)<a href=\"http:\/\/www.hotelaqua.sk\/wp-content\/uploads\/2015\/11\/Spis-Castle-what-to-do-in-Slovakia.jpg\" rel=\"attachment wp-att-455\"><img loading=\"lazy\" decoding=\"async\" class=\"size-medium wp-image-455 alignright\" src=\"http:\/\/www.hotelaqua.sk\/wp-content\/uploads\/2015\/11\/Spis-Castle-what-to-do-in-Slovakia-300x156.jpg\" alt=\"Spis Castle what to do in Slovakia\" width=\"300\" height=\"156\" srcset=\"https:\/\/www.hotelaqua.sk\/wp-content\/uploads\/2015\/11\/Spis-Castle-what-to-do-in-Slovakia-300x156.jpg 300w, https:\/\/www.hotelaqua.sk\/wp-content\/uploads\/2015\/11\/Spis-Castle-what-to-do-in-Slovakia-768x400.jpg 768w, https:\/\/www.hotelaqua.sk\/wp-content\/uploads\/2015\/11\/Spis-Castle-what-to-do-in-Slovakia-1024x534.jpg 1024w, https:\/\/www.hotelaqua.sk\/wp-content\/uploads\/2015\/11\/Spis-Castle-what-to-do-in-Slovakia.jpg 1280w\" sizes=\"auto, (max-width: 300px) 100vw, 300px\" \/><\/a><\/p>\n<p>Magnificent castle with a spectacular view, take a tour with a guide, take lot of nice pictures and enjoy beautiful view.<\/p>\n<p>Slovak Paradise National Park<\/p>\n<p>Very nice place to hike, beautiful nature. Take the path from Podlesok on the frozen river to Letanovsky Mlyn foot,\u00a0 they have skates for rent. An easy walk for about two hours. Take some extra food, there is a lack of restaurants or stores on the way. But otherwise I recommend.<\/p>\n<p>Jasna Low Tatras great place for ski<a href=\"http:\/\/www.hotelaqua.sk\/wp-content\/uploads\/2015\/11\/ski-jasna-what-to-do-in-slovakia.jpg\" rel=\"attachment wp-att-457\"><img loading=\"lazy\" decoding=\"async\" class=\"size-medium wp-image-457 alignleft\" src=\"http:\/\/www.hotelaqua.sk\/wp-content\/uploads\/2015\/11\/ski-jasna-what-to-do-in-slovakia-300x285.jpg\" alt=\"ski jasna what to do in slovakia\" width=\"300\" height=\"285\" \/><\/a><\/p>\n<p>Beautiful nature in every season, beautiful hikes, the most beautiful caves in Slovakia and comfortable accommodation and great local restaurants.<\/p>\n<p>Best Aquapark Tatralandia<a href=\"http:\/\/www.hotelaqua.sk\/wp-content\/uploads\/2015\/11\/tatralandia-what-to-do-in-slovakia-learn-to-slide.jpg\" rel=\"attachment wp-att-453\"><img loading=\"lazy\" decoding=\"async\" class=\"size-medium wp-image-453 alignright\" src=\"http:\/\/www.hotelaqua.sk\/wp-content\/uploads\/2015\/11\/tatralandia-what-to-do-in-slovakia-learn-to-slide-300x200.jpg\" alt=\"tatralandia what to do in slovakia learn to slide\" width=\"300\" height=\"200\" srcset=\"https:\/\/www.hotelaqua.sk\/wp-content\/uploads\/2015\/11\/tatralandia-what-to-do-in-slovakia-learn-to-slide-300x200.jpg 300w, https:\/\/www.hotelaqua.sk\/wp-content\/uploads\/2015\/11\/tatralandia-what-to-do-in-slovakia-learn-to-slide-768x512.jpg 768w, https:\/\/www.hotelaqua.sk\/wp-content\/uploads\/2015\/11\/tatralandia-what-to-do-in-slovakia-learn-to-slide-1024x683.jpg 1024w, https:\/\/www.hotelaqua.sk\/wp-content\/uploads\/2015\/11\/tatralandia-what-to-do-in-slovakia-learn-to-slide.jpg 1350w\" sizes=\"auto, (max-width: 300px) 100vw, 300px\" \/><\/a><\/p>\n<p>Excellent waterpark. Great for entertainment, lots of water slides, attractions &#8211; eg. you can learn to surf. Also\u00a0 high quality wellness center.<\/p>\n<p>National park High Tatras<\/p>\n<p>High Tatras are worth to go several times a year because they always have to offer a stunning scenery. They are the most beautiful in autumn.<\/p>\n<p>Bojnice Castle<\/p>\n<p>You should visit the castle at the Corpse Bride festival or event. Bojnice castle is beautiful. From inside it is really cool but also outside. There are many historical exhibits. For kinds visit the ZOO next door. I recommend<\/p>\n<figure id=\"attachment_785\" aria-describedby=\"caption-attachment-785\" style=\"width: 300px\" class=\"wp-caption alignnone\"><img loading=\"lazy\" decoding=\"async\" class=\"wp-image-785 size-medium\" src=\"http:\/\/www.hotelaqua.sk\/wp-content\/uploads\/2015\/11\/IMG_0361-300x225.jpg\" alt=\"Hotel Aqua Ve\u013ek\u00fd Meder\" width=\"300\" height=\"225\" srcset=\"https:\/\/www.hotelaqua.sk\/wp-content\/uploads\/2015\/11\/IMG_0361-300x225.jpg 300w, https:\/\/www.hotelaqua.sk\/wp-content\/uploads\/2015\/11\/IMG_0361-1024x768.jpg 1024w, https:\/\/www.hotelaqua.sk\/wp-content\/uploads\/2015\/11\/IMG_0361.jpg 2048w\" sizes=\"auto, (max-width: 300px) 100vw, 300px\" \/><figcaption id=\"caption-attachment-785\" class=\"wp-caption-text\">Hotel Aqua Ve\u013ek\u00fd Meder<\/figcaption><\/figure>\n<p>Hotel Aqua *** is next to the spa premises.<\/p>\n<p>The guests of this hotel will have the thermal water and the services of the spa literarily just a step away. Moreover, Hotel Aqua is surrounded by the wonderful forest park, which does not only provide a comforting proximity of the nature, but a cooling shade in the summer days.<\/p>\n","protected":false},"excerpt":{"rendered":"<p>What to do in Slovakia The Top 10 Things to Do in Slovakia What to do in Slovakia is to start your visit at the SPA in Velky Meder and finish at the national park in High Tatras. Best Thermen SPA &amp; Wellness centre Velky Meder You should definitely visit SPA Wellness Velky Meder only [&hellip;]<\/p>\n","protected":false},"author":2,"featured_media":945,"parent":0,"menu_order":0,"comment_status":"closed","ping_status":"closed","template":"","meta":{"footnotes":""},"class_list":["post-78","page","type-page","status-publish","has-post-thumbnail","hentry"],"yoast_head":"<!-- This site is optimized with the Yoast SEO plugin v25.3.1 - https:\/\/yoast.com\/wordpress\/plugins\/seo\/ -->\n<title>What to do in Slovakia Hotel Aqua Wellness SPA Top 10 Things Slovakia<\/title>\n<meta name=\"robots\" content=\"index, follow, max-snippet:-1, max-image-preview:large, max-video-preview:-1\" \/>\n<link rel=\"canonical\" href=\"https:\/\/www.hotelaqua.sk\/en\/what-to-do-in-slovakia-hotel-aqua-wellness-spa\/\" \/>\n<meta property=\"og:locale\" content=\"en_GB\" \/>\n<meta property=\"og:type\" content=\"article\" \/>\n<meta property=\"og:title\" content=\"What to do in Slovakia Hotel Aqua Wellness SPA Top 10 Things Slovakia\" \/>\n<meta property=\"og:description\" content=\"What to do in Slovakia The Top 10 Things to Do in Slovakia What to do in Slovakia is to start your visit at the SPA in Velky Meder and finish at the national park in High Tatras. Best Thermen SPA &amp; Wellness centre Velky Meder You should definitely visit SPA Wellness Velky Meder only [&hellip;]\" \/>\n<meta property=\"og:url\" content=\"https:\/\/www.hotelaqua.sk\/en\/what-to-do-in-slovakia-hotel-aqua-wellness-spa\/\" \/>\n<meta property=\"og:site_name\" content=\"HOTEL AQUA VARGA ***\" \/>\n<meta property=\"article:modified_time\" content=\"2017-03-15T11:05:00+00:00\" \/>\n<meta property=\"og:image\" content=\"https:\/\/www.hotelaqua.sk\/wp-content\/uploads\/2015\/11\/20160908_144456-e1481550009745.jpg\" \/>\n\t<meta property=\"og:image:width\" content=\"1920\" \/>\n\t<meta property=\"og:image:height\" content=\"1080\" \/>\n\t<meta property=\"og:image:type\" content=\"image\/jpeg\" \/>\n<meta name=\"twitter:label1\" content=\"Estimated reading time\" \/>\n\t<meta name=\"twitter:data1\" content=\"2 minutes\" \/>\n<script type=\"application\/ld+json\" class=\"yoast-schema-graph\">{\"@context\":\"https:\/\/schema.org\",\"@graph\":[{\"@type\":\"WebPage\",\"@id\":\"https:\/\/www.hotelaqua.sk\/en\/what-to-do-in-slovakia-hotel-aqua-wellness-spa\/\",\"url\":\"https:\/\/www.hotelaqua.sk\/en\/what-to-do-in-slovakia-hotel-aqua-wellness-spa\/\",\"name\":\"What to do in Slovakia Hotel Aqua Wellness SPA Top 10 Things Slovakia\",\"isPartOf\":{\"@id\":\"https:\/\/www.hotelaqua.sk\/sk\/#website\"},\"primaryImageOfPage\":{\"@id\":\"https:\/\/www.hotelaqua.sk\/en\/what-to-do-in-slovakia-hotel-aqua-wellness-spa\/#primaryimage\"},\"image\":{\"@id\":\"https:\/\/www.hotelaqua.sk\/en\/what-to-do-in-slovakia-hotel-aqua-wellness-spa\/#primaryimage\"},\"thumbnailUrl\":\"https:\/\/www.hotelaqua.sk\/wp-content\/uploads\/2015\/11\/20160908_144456-e1481550009745.jpg\",\"datePublished\":\"2015-11-24T15:39:29+00:00\",\"dateModified\":\"2017-03-15T11:05:00+00:00\",\"breadcrumb\":{\"@id\":\"https:\/\/www.hotelaqua.sk\/en\/what-to-do-in-slovakia-hotel-aqua-wellness-spa\/#breadcrumb\"},\"inLanguage\":\"en-GB\",\"potentialAction\":[{\"@type\":\"ReadAction\",\"target\":[\"https:\/\/www.hotelaqua.sk\/en\/what-to-do-in-slovakia-hotel-aqua-wellness-spa\/\"]}]},{\"@type\":\"ImageObject\",\"inLanguage\":\"en-GB\",\"@id\":\"https:\/\/www.hotelaqua.sk\/en\/what-to-do-in-slovakia-hotel-aqua-wellness-spa\/#primaryimage\",\"url\":\"https:\/\/www.hotelaqua.sk\/wp-content\/uploads\/2015\/11\/20160908_144456-e1481550009745.jpg\",\"contentUrl\":\"https:\/\/www.hotelaqua.sk\/wp-content\/uploads\/2015\/11\/20160908_144456-e1481550009745.jpg\",\"width\":1920,\"height\":1080,\"caption\":\"Hotel Aqua *** Ve\u013ek\u00fd Meder\"},{\"@type\":\"BreadcrumbList\",\"@id\":\"https:\/\/www.hotelaqua.sk\/en\/what-to-do-in-slovakia-hotel-aqua-wellness-spa\/#breadcrumb\",\"itemListElement\":[{\"@type\":\"ListItem\",\"position\":1,\"name\":\"Domovsk\u00e1 str\u00e1nka\",\"item\":\"https:\/\/www.hotelaqua.sk\/sk\/\"},{\"@type\":\"ListItem\",\"position\":2,\"name\":\"Hotel Aqua wellness spa\"}]},{\"@type\":\"WebSite\",\"@id\":\"https:\/\/www.hotelaqua.sk\/sk\/#website\",\"url\":\"https:\/\/www.hotelaqua.sk\/sk\/\",\"name\":\"HOTEL AQUA VARGA ***\",\"description\":\"Hotel v bl\u00edzkosti term\u00e1lneho k\u00fapaliska vo Ve\u013ekom Mederi\",\"potentialAction\":[{\"@type\":\"SearchAction\",\"target\":{\"@type\":\"EntryPoint\",\"urlTemplate\":\"https:\/\/www.hotelaqua.sk\/sk\/?s={search_term_string}\"},\"query-input\":{\"@type\":\"PropertyValueSpecification\",\"valueRequired\":true,\"valueName\":\"search_term_string\"}}],\"inLanguage\":\"en-GB\"}]}<\/script>\n<!-- \/ Yoast SEO plugin. -->","yoast_head_json":{"title":"What to do in Slovakia Hotel Aqua Wellness SPA Top 10 Things Slovakia","robots":{"index":"index","follow":"follow","max-snippet":"max-snippet:-1","max-image-preview":"max-image-preview:large","max-video-preview":"max-video-preview:-1"},"canonical":"https:\/\/www.hotelaqua.sk\/en\/what-to-do-in-slovakia-hotel-aqua-wellness-spa\/","og_locale":"en_GB","og_type":"article","og_title":"What to do in Slovakia Hotel Aqua Wellness SPA Top 10 Things Slovakia","og_description":"What to do in Slovakia The Top 10 Things to Do in Slovakia What to do in Slovakia is to start your visit at the SPA in Velky Meder and finish at the national park in High Tatras. Best Thermen SPA &amp; Wellness centre Velky Meder You should definitely visit SPA Wellness Velky Meder only [&hellip;]","og_url":"https:\/\/www.hotelaqua.sk\/en\/what-to-do-in-slovakia-hotel-aqua-wellness-spa\/","og_site_name":"HOTEL AQUA VARGA ***","article_modified_time":"2017-03-15T11:05:00+00:00","og_image":[{"width":1920,"height":1080,"url":"https:\/\/www.hotelaqua.sk\/wp-content\/uploads\/2015\/11\/20160908_144456-e1481550009745.jpg","type":"image\/jpeg"}],"twitter_misc":{"Estimated reading time":"2 minutes"},"schema":{"@context":"https:\/\/schema.org","@graph":[{"@type":"WebPage","@id":"https:\/\/www.hotelaqua.sk\/en\/what-to-do-in-slovakia-hotel-aqua-wellness-spa\/","url":"https:\/\/www.hotelaqua.sk\/en\/what-to-do-in-slovakia-hotel-aqua-wellness-spa\/","name":"What to do in Slovakia Hotel Aqua Wellness SPA Top 10 Things Slovakia","isPartOf":{"@id":"https:\/\/www.hotelaqua.sk\/sk\/#website"},"primaryImageOfPage":{"@id":"https:\/\/www.hotelaqua.sk\/en\/what-to-do-in-slovakia-hotel-aqua-wellness-spa\/#primaryimage"},"image":{"@id":"https:\/\/www.hotelaqua.sk\/en\/what-to-do-in-slovakia-hotel-aqua-wellness-spa\/#primaryimage"},"thumbnailUrl":"https:\/\/www.hotelaqua.sk\/wp-content\/uploads\/2015\/11\/20160908_144456-e1481550009745.jpg","datePublished":"2015-11-24T15:39:29+00:00","dateModified":"2017-03-15T11:05:00+00:00","breadcrumb":{"@id":"https:\/\/www.hotelaqua.sk\/en\/what-to-do-in-slovakia-hotel-aqua-wellness-spa\/#breadcrumb"},"inLanguage":"en-GB","potentialAction":[{"@type":"ReadAction","target":["https:\/\/www.hotelaqua.sk\/en\/what-to-do-in-slovakia-hotel-aqua-wellness-spa\/"]}]},{"@type":"ImageObject","inLanguage":"en-GB","@id":"https:\/\/www.hotelaqua.sk\/en\/what-to-do-in-slovakia-hotel-aqua-wellness-spa\/#primaryimage","url":"https:\/\/www.hotelaqua.sk\/wp-content\/uploads\/2015\/11\/20160908_144456-e1481550009745.jpg","contentUrl":"https:\/\/www.hotelaqua.sk\/wp-content\/uploads\/2015\/11\/20160908_144456-e1481550009745.jpg","width":1920,"height":1080,"caption":"Hotel Aqua *** Ve\u013ek\u00fd Meder"},{"@type":"BreadcrumbList","@id":"https:\/\/www.hotelaqua.sk\/en\/what-to-do-in-slovakia-hotel-aqua-wellness-spa\/#breadcrumb","itemListElement":[{"@type":"ListItem","position":1,"name":"Domovsk\u00e1 str\u00e1nka","item":"https:\/\/www.hotelaqua.sk\/sk\/"},{"@type":"ListItem","position":2,"name":"Hotel Aqua wellness spa"}]},{"@type":"WebSite","@id":"https:\/\/www.hotelaqua.sk\/sk\/#website","url":"https:\/\/www.hotelaqua.sk\/sk\/","name":"HOTEL AQUA VARGA ***","description":"Hotel v bl\u00edzkosti term\u00e1lneho k\u00fapaliska vo Ve\u013ekom Mederi","potentialAction":[{"@type":"SearchAction","target":{"@type":"EntryPoint","urlTemplate":"https:\/\/www.hotelaqua.sk\/sk\/?s={search_term_string}"},"query-input":{"@type":"PropertyValueSpecification","valueRequired":true,"valueName":"search_term_string"}}],"inLanguage":"en-GB"}]}},"_links":{"self":[{"href":"https:\/\/www.hotelaqua.sk\/en\/wp-json\/wp\/v2\/pages\/78","targetHints":{"allow":["GET"]}}],"collection":[{"href":"https:\/\/www.hotelaqua.sk\/en\/wp-json\/wp\/v2\/pages"}],"about":[{"href":"https:\/\/www.hotelaqua.sk\/en\/wp-json\/wp\/v2\/types\/page"}],"author":[{"embeddable":true,"href":"https:\/\/www.hotelaqua.sk\/en\/wp-json\/wp\/v2\/users\/2"}],"replies":[{"embeddable":true,"href":"https:\/\/www.hotelaqua.sk\/en\/wp-json\/wp\/v2\/comments?post=78"}],"version-history":[{"count":21,"href":"https:\/\/www.hotelaqua.sk\/en\/wp-json\/wp\/v2\/pages\/78\/revisions"}],"predecessor-version":[{"id":874,"href":"https:\/\/www.hotelaqua.sk\/en\/wp-json\/wp\/v2\/pages\/78\/revisions\/874"}],"wp:featuredmedia":[{"embeddable":true,"href":"https:\/\/www.hotelaqua.sk\/en\/wp-json\/wp\/v2\/media\/945"}],"wp:attachment":[{"href":"https:\/\/www.hotelaqua.sk\/en\/wp-json\/wp\/v2\/media?parent=78"}],"curies":[{"name":"wp","href":"https:\/\/api.w.org\/{rel}","templated":true}]}}