{"id":303,"date":"2015-12-07T22:15:03","date_gmt":"2015-12-07T21:15:03","guid":{"rendered":"http:\/\/hotelaqua.htsys.sk\/?page_id=303"},"modified":"2016-12-12T13:31:34","modified_gmt":"2016-12-12T12:31:34","slug":"spas-wellness","status":"publish","type":"page","link":"https:\/\/www.hotelaqua.sk\/en\/spas-wellness\/","title":{"rendered":"Spas &#038; Wellness"},"content":{"rendered":"<p>Relax and regenerate in our thermal springs and swimming pools in Velky Meder Slovakia.<\/p>\n<p>Visitors can visit Thermal bath Velky Meder all year around.<\/p>\n<h2 style=\"text-align: center;\">Thermal bath Velky Meder Thermal Corvinus<\/h2>\n<p><strong> <a href=\"http:\/\/www.thermalcorvinus.eu\/sk\"> Thermal bath Velky Meder <\/a> and wellness? (It&#8217;s former \u010calovo)<\/strong><\/p>\n<ol>\n<li>Ideal for the treatment of musculoskeletal disorders.<\/li>\n<li>Ideal place for cyclists, families with children and pensioners. Most sunny days in Velky Meder Slovakia will always make your vacation great.<\/li>\n<li>One day you make a trip to the ancient city of Gyor, Komarno. Visit the nearby capital city of Budapest, Bratislava and Vienna.<\/li>\n<li>Accomodation, events, Christmas, New Year, Easter, Valentine&#8217;s Day, best price offers.<\/li>\n<\/ol>\n<p><strong> 38 \u00b0C thermal water in Velky Meder<\/strong> has beneficial effects in the treatment of limb, back pain, musculoskeletal diseases and regenerate the body. Rich representation of natural mineral springs is characteristic for the territory of Slovakia. There are areas rich in favorable climate. Various thermal baths are part of health care in Slovakia for many years.<\/p>\n<div class=\"rgg-container\" data-rgg-id=\"1\">    <div class=\"rgg-imagegrid captions-title captions-effect-none \" data-rgg-id=\"1\">\n                    <a href=\"https:\/\/www.hotelaqua.sk\/wp-content\/uploads\/2015\/11\/package_main-1024x803.jpg\" data-rel=\"rgg\" rel=\"rgg\" title=\"\" class=\"rgg-disabled size-medium rgg-img\" data-src=\"https:\/\/www.hotelaqua.sk\/wp-content\/uploads\/2015\/11\/package_main-300x235.jpg\" data-ratio=\"1.27659574468\" data-height=\"235\" data-width=\"300\" aria-label=\"\">\n                            <\/a>\n                    <a href=\"https:\/\/www.hotelaqua.sk\/wp-content\/uploads\/2015\/11\/THERMAL-CORVINUS-1024x547.jpg\" data-rel=\"rgg\" rel=\"rgg\" title=\"Term&aacute;lne k&uacute;palisko Ve\u013ek&yacute; Meder THERMAL CORVINUS Hotel Aqua Thermal Varga k&uacute;pele wellness spa dovolenka pre dvoch v&iacute;kendov&yacute; pobyt\" class=\"rgg-disabled size-medium rgg-img\" data-src=\"https:\/\/www.hotelaqua.sk\/wp-content\/uploads\/2015\/11\/THERMAL-CORVINUS-300x160.jpg\" data-ratio=\"1.875\" data-height=\"160\" data-width=\"300\" aria-label=\"Term\u00e1lne k\u00fapalisko Ve\u013ek\u00fd Meder THERMAL CORVINUS Hotel Aqua Thermal Varga k\u00fapele wellness spa dovolenka pre dvoch v\u00edkendov\u00fd pobyt\">\n                            <\/a>\n                    <a href=\"https:\/\/www.hotelaqua.sk\/wp-content\/uploads\/2015\/11\/IMG_8640-1024x553.jpg\" data-rel=\"rgg\" rel=\"rgg\" title=\"Wellness pobyty Term&aacute;lne k&uacute;palisko Ve\u013ek&yacute; Meder Thermal Corvinus Hotel Aqua Thermal Varga spa z\u013eavy\" class=\"rgg-disabled size-medium rgg-img\" data-src=\"https:\/\/www.hotelaqua.sk\/wp-content\/uploads\/2015\/11\/IMG_8640-300x162.jpg\" data-ratio=\"1.85185185185\" data-height=\"162\" data-width=\"300\" aria-label=\"Wellness pobyty Term\u00e1lne k\u00fapalisko Ve\u013ek\u00fd Meder Thermal Corvinus Hotel Aqua Thermal Varga spa z\u013eavy\">\n                            <\/a>\n                    <a href=\"https:\/\/www.hotelaqua.sk\/wp-content\/uploads\/2015\/11\/atrakce_termalnilaznevelkymeder_b_322b8_800x800_0.jpg\" data-rel=\"rgg\" rel=\"rgg\" title=\"\" class=\"rgg-disabled size-medium rgg-img\" data-src=\"https:\/\/www.hotelaqua.sk\/wp-content\/uploads\/2015\/11\/atrakce_termalnilaznevelkymeder_b_322b8_800x800_0-300x225.jpg\" data-ratio=\"1.33333333333\" data-height=\"225\" data-width=\"300\" aria-label=\"\">\n                            <\/a>\n                    <a href=\"https:\/\/www.hotelaqua.sk\/wp-content\/uploads\/2015\/11\/dovolenka_na_slovensku_2014_b_f9b102927c0d23fa.jpg\" data-rel=\"rgg\" rel=\"rgg\" title=\"Term&aacute;lne k&uacute;palisko Ve\u013ek&yacute; Meder Thermal Corvinus Hotel Thermal Aqua Varga wellness kupele lazne termalni koupali&scaron;t\u011b\" class=\"rgg-disabled size-medium rgg-img\" data-src=\"https:\/\/www.hotelaqua.sk\/wp-content\/uploads\/2015\/11\/dovolenka_na_slovensku_2014_b_f9b102927c0d23fa-300x225.jpg\" data-ratio=\"1.33333333333\" data-height=\"225\" data-width=\"300\" aria-label=\"Term\u00e1lne k\u00fapalisko Ve\u013ek\u00fd Meder Thermal Corvinus Hotel Thermal Aqua Varga wellness kupele lazne termalni koupali\u0161t\u011b\">\n                            <\/a>\n                    <a href=\"https:\/\/www.hotelaqua.sk\/wp-content\/uploads\/2015\/10\/frontpage_column_restaurant.jpg\" data-rel=\"rgg\" rel=\"rgg\" title=\"\" class=\"rgg-disabled size-medium rgg-img\" data-src=\"https:\/\/www.hotelaqua.sk\/wp-content\/uploads\/2015\/10\/frontpage_column_restaurant-300x200.jpg\" data-ratio=\"1.5\" data-height=\"200\" data-width=\"300\" aria-label=\"\">\n                            <\/a>\n            <\/div>\n<\/div>\n<p>What to expect<\/p>\n<p><strong> Half-sitting thermal pool from the seats around the perimeter<\/strong>, the pool is covered by one-third. Covered portion connected with the outside of the opening in the wall. Jets, massage showers and hot thermal water provide the possibility of swimming in the coldest winter. Scorching steam between snowflake bring about a memorable experience during your wellness stay at Hotel Aqua ***. For children under 3 years, the stay in the pool is not recommended. The children pools are awailable.<\/p>\n<div class=\"rgg-container\" data-rgg-id=\"2\">    <div class=\"rgg-imagegrid captions-title captions-effect-none \" data-rgg-id=\"2\">\n                    <a href=\"https:\/\/www.hotelaqua.sk\/wp-content\/uploads\/2015\/11\/dovolenka_na_slovensku_2014_b_f9b102927c0d23fa.jpg\" data-rel=\"rgg\" rel=\"rgg\" title=\"Term&aacute;lne k&uacute;palisko Ve\u013ek&yacute; Meder Thermal Corvinus Hotel Thermal Aqua Varga wellness kupele lazne termalni koupali&scaron;t\u011b\" class=\"rgg-disabled size-medium rgg-img\" data-src=\"https:\/\/www.hotelaqua.sk\/wp-content\/uploads\/2015\/11\/dovolenka_na_slovensku_2014_b_f9b102927c0d23fa-300x225.jpg\" data-ratio=\"1.33333333333\" data-height=\"225\" data-width=\"300\" aria-label=\"Term\u00e1lne k\u00fapalisko Ve\u013ek\u00fd Meder Thermal Corvinus Hotel Thermal Aqua Varga wellness kupele lazne termalni koupali\u0161t\u011b\">\n                            <\/a>\n            <\/div>\n<\/div>\n<p><strong> The indoor swimming pool<\/strong>, hall in which there is an indoor swimming pool serves as a small family <strong> Velky Meder aquapark <\/strong>. The indoor swimming pool with atypical shape is the ability to swim and relax. The pool also has a built-in bubble bath. Next to a children&#8217;s pool with gaming elements. Next to the bar, toilets, showers, rest areas. For adrenalyn are here year-round water slides Red Ring (66.7 m) and Black Ice (67.5 m).<\/p>\n<div class=\"rgg-container\" data-rgg-id=\"3\">    <div class=\"rgg-imagegrid captions-title captions-effect-none \" data-rgg-id=\"3\">\n                    <a href=\"https:\/\/www.hotelaqua.sk\/wp-content\/uploads\/2015\/12\/vnitrni_bazeny_plavecky_b_04df42c4c9c6015a-1024x768.jpg\" data-rel=\"rgg\" rel=\"rgg\" title=\"\" class=\"rgg-disabled size-medium rgg-img\" data-src=\"https:\/\/www.hotelaqua.sk\/wp-content\/uploads\/2015\/12\/vnitrni_bazeny_plavecky_b_04df42c4c9c6015a-300x225.jpg\" data-ratio=\"1.33333333333\" data-height=\"225\" data-width=\"300\" aria-label=\"\">\n                            <\/a>\n            <\/div>\n<\/div>\n<p><strong> whirlpool offers soaring beads <\/strong>that act under pressure stimulation to the skin, reduces muscle tension increase metabolism and improve overall internal breathing. Bubbles gently massage the body skin.<\/p>\n<h4>In a bubble bath in the Thermal baths Velky Meder, you can enjoy moments of comfort and relaxation.<\/h4>\n<p><strong> Children pool<\/strong> with gaming elements, fun slides and colorful gaming elements with a gentle stream of water will guarantee lots of fun to your children during their stay at Hotel Aqua ***.<\/p>\n<p><strong> Recreational swimming<\/strong> pool with hydro and waterfall is located in the outer area of the thermal swimming pool. A covered area to protect visitors from the sun. Whirlpool and waterfalls provide skin massage for all over the body. Pools with thermal water have effects on the locomotor system and the human body, offers the opportunity to relax and regenerate. A pleasant holiday in SPA center Velky Meder.<\/p>\n<div class=\"rgg-container\" data-rgg-id=\"4\">    <div class=\"rgg-imagegrid captions-title captions-effect-none \" data-rgg-id=\"4\">\n                    <a href=\"https:\/\/www.hotelaqua.sk\/wp-content\/uploads\/2015\/12\/RAC7625-1024x683.jpg\" data-rel=\"rgg\" rel=\"rgg\" title=\"\" class=\"rgg-disabled size-medium rgg-img\" data-src=\"https:\/\/www.hotelaqua.sk\/wp-content\/uploads\/2015\/12\/RAC7625-300x200.jpg\" data-ratio=\"1.5\" data-height=\"200\" data-width=\"300\" aria-label=\"\">\n                            <\/a>\n                    <a href=\"https:\/\/www.hotelaqua.sk\/wp-content\/uploads\/2015\/12\/RAC7618-1024x683.jpg\" data-rel=\"rgg\" rel=\"rgg\" title=\"\" class=\"rgg-disabled size-medium rgg-img\" data-src=\"https:\/\/www.hotelaqua.sk\/wp-content\/uploads\/2015\/12\/RAC7618-300x200.jpg\" data-ratio=\"1.5\" data-height=\"200\" data-width=\"300\" aria-label=\"\">\n                            <\/a>\n                    <a href=\"https:\/\/www.hotelaqua.sk\/wp-content\/uploads\/2015\/11\/THERMAL-CORVINUS-1024x547.jpg\" data-rel=\"rgg\" rel=\"rgg\" title=\"Term&aacute;lne k&uacute;palisko Ve\u013ek&yacute; Meder THERMAL CORVINUS Hotel Aqua Thermal Varga k&uacute;pele wellness spa dovolenka pre dvoch v&iacute;kendov&yacute; pobyt\" class=\"rgg-disabled size-medium rgg-img\" data-src=\"https:\/\/www.hotelaqua.sk\/wp-content\/uploads\/2015\/11\/THERMAL-CORVINUS-300x160.jpg\" data-ratio=\"1.875\" data-height=\"160\" data-width=\"300\" aria-label=\"Term\u00e1lne k\u00fapalisko Ve\u013ek\u00fd Meder THERMAL CORVINUS Hotel Aqua Thermal Varga k\u00fapele wellness spa dovolenka pre dvoch v\u00edkendov\u00fd pobyt\">\n                            <\/a>\n            <\/div>\n<\/div>\n<p><strong>Family fun pools <\/strong>, The interactive water playground with a &#8220;<strong> Water tower <\/strong>&#8220;. There are waterfalls, water spray, <strong> 500 liter buckets<\/strong> , water curtain, water cannons, slides. Around the pool are rest areas with sun loungers and bar.<\/p>\n<div class=\"rgg-container\" data-rgg-id=\"5\">    <div class=\"rgg-imagegrid captions-title captions-effect-none \" data-rgg-id=\"5\">\n                    <a href=\"https:\/\/www.hotelaqua.sk\/wp-content\/uploads\/2015\/12\/IMG_8762-683x1024.jpg\" data-rel=\"rgg\" rel=\"rgg\" title=\"\" class=\"rgg-disabled size-medium rgg-img\" data-src=\"https:\/\/www.hotelaqua.sk\/wp-content\/uploads\/2015\/12\/IMG_8762-200x300.jpg\" data-ratio=\"0.666666666667\" data-height=\"300\" data-width=\"200\" aria-label=\"\">\n                            <\/a>\n                    <a href=\"https:\/\/www.hotelaqua.sk\/wp-content\/uploads\/2015\/12\/IMG_8673-1024x683.jpg\" data-rel=\"rgg\" rel=\"rgg\" title=\"\" class=\"rgg-disabled size-medium rgg-img\" data-src=\"https:\/\/www.hotelaqua.sk\/wp-content\/uploads\/2015\/12\/IMG_8673-300x200.jpg\" data-ratio=\"1.5\" data-height=\"200\" data-width=\"300\" aria-label=\"\">\n                            <\/a>\n                    <a href=\"https:\/\/www.hotelaqua.sk\/wp-content\/uploads\/2015\/11\/atrakce_termalnilaznevelkymeder_b_322b8_800x800_0.jpg\" data-rel=\"rgg\" rel=\"rgg\" title=\"\" class=\"rgg-disabled size-medium rgg-img\" data-src=\"https:\/\/www.hotelaqua.sk\/wp-content\/uploads\/2015\/11\/atrakce_termalnilaznevelkymeder_b_322b8_800x800_0-300x225.jpg\" data-ratio=\"1.33333333333\" data-height=\"225\" data-width=\"300\" aria-label=\"\">\n                            <\/a>\n            <\/div>\n<\/div>\n<h3>Stay at Hotel Aqua *** or <a href=\"http:\/\/www.hotelthermal.sk\"> accommodate at Hotel Thermal Varga *** <\/a><\/h3>\n<p>Besides swimming, visitors can relax with animation programs in the water world, relaxation rooms, sauna center, wellness center, salt domes, sea bath and refreshments in restaurants and bars. <strong> massage parlor and beauty salon <\/strong> offers advice and complete care of your body. Thermal bath Velky Meder offers in addition to rest from physical and mental balance. <\/p>\n","protected":false},"excerpt":{"rendered":"<p>Relax and regenerate in our thermal springs and swimming pools in Velky Meder Slovakia. Visitors can visit Thermal bath Velky Meder all year around. Thermal bath Velky Meder Thermal Corvinus Thermal bath Velky Meder and wellness? (It&#8217;s former \u010calovo) Ideal for the treatment of musculoskeletal disorders. Ideal place for cyclists, families with children and pensioners. [&hellip;]<\/p>\n","protected":false},"author":1,"featured_media":935,"parent":0,"menu_order":0,"comment_status":"closed","ping_status":"closed","template":"","meta":{"footnotes":""},"class_list":["post-303","page","type-page","status-publish","has-post-thumbnail","hentry"],"yoast_head":"<!-- This site is optimized with the Yoast SEO plugin v25.3.1 - https:\/\/yoast.com\/wordpress\/plugins\/seo\/ -->\n<title>Spas &amp; Wellness - HOTEL AQUA VARGA ***<\/title>\n<meta name=\"robots\" content=\"index, follow, max-snippet:-1, max-image-preview:large, max-video-preview:-1\" \/>\n<link rel=\"canonical\" href=\"https:\/\/www.hotelaqua.sk\/en\/spas-wellness\/\" \/>\n<meta property=\"og:locale\" content=\"en_GB\" \/>\n<meta property=\"og:type\" content=\"article\" \/>\n<meta property=\"og:title\" content=\"Spas &amp; Wellness - HOTEL AQUA VARGA ***\" \/>\n<meta property=\"og:description\" content=\"Relax and regenerate in our thermal springs and swimming pools in Velky Meder Slovakia. Visitors can visit Thermal bath Velky Meder all year around. Thermal bath Velky Meder Thermal Corvinus Thermal bath Velky Meder and wellness? (It&#8217;s former \u010calovo) Ideal for the treatment of musculoskeletal disorders. Ideal place for cyclists, families with children and pensioners. [&hellip;]\" \/>\n<meta property=\"og:url\" content=\"https:\/\/www.hotelaqua.sk\/en\/spas-wellness\/\" \/>\n<meta property=\"og:site_name\" content=\"HOTEL AQUA VARGA ***\" \/>\n<meta property=\"article:modified_time\" content=\"2016-12-12T12:31:34+00:00\" \/>\n<meta property=\"og:image\" content=\"https:\/\/www.hotelaqua.sk\/wp-content\/uploads\/2015\/12\/RAC5685-e1481544508923.jpg\" \/>\n\t<meta property=\"og:image:width\" content=\"1920\" \/>\n\t<meta property=\"og:image:height\" content=\"1282\" \/>\n\t<meta property=\"og:image:type\" content=\"image\/jpeg\" \/>\n<meta name=\"twitter:label1\" content=\"Estimated reading time\" \/>\n\t<meta name=\"twitter:data1\" content=\"3 minutes\" \/>\n<script type=\"application\/ld+json\" class=\"yoast-schema-graph\">{\"@context\":\"https:\/\/schema.org\",\"@graph\":[{\"@type\":\"WebPage\",\"@id\":\"https:\/\/www.hotelaqua.sk\/en\/spas-wellness\/\",\"url\":\"https:\/\/www.hotelaqua.sk\/en\/spas-wellness\/\",\"name\":\"Spas & Wellness - HOTEL AQUA VARGA ***\",\"isPartOf\":{\"@id\":\"https:\/\/www.hotelaqua.sk\/sk\/#website\"},\"primaryImageOfPage\":{\"@id\":\"https:\/\/www.hotelaqua.sk\/en\/spas-wellness\/#primaryimage\"},\"image\":{\"@id\":\"https:\/\/www.hotelaqua.sk\/en\/spas-wellness\/#primaryimage\"},\"thumbnailUrl\":\"https:\/\/www.hotelaqua.sk\/wp-content\/uploads\/2015\/12\/RAC5685-e1481544508923.jpg\",\"datePublished\":\"2015-12-07T21:15:03+00:00\",\"dateModified\":\"2016-12-12T12:31:34+00:00\",\"breadcrumb\":{\"@id\":\"https:\/\/www.hotelaqua.sk\/en\/spas-wellness\/#breadcrumb\"},\"inLanguage\":\"en-GB\",\"potentialAction\":[{\"@type\":\"ReadAction\",\"target\":[\"https:\/\/www.hotelaqua.sk\/en\/spas-wellness\/\"]}]},{\"@type\":\"ImageObject\",\"inLanguage\":\"en-GB\",\"@id\":\"https:\/\/www.hotelaqua.sk\/en\/spas-wellness\/#primaryimage\",\"url\":\"https:\/\/www.hotelaqua.sk\/wp-content\/uploads\/2015\/12\/RAC5685-e1481544508923.jpg\",\"contentUrl\":\"https:\/\/www.hotelaqua.sk\/wp-content\/uploads\/2015\/12\/RAC5685-e1481544508923.jpg\",\"width\":1920,\"height\":1282,\"caption\":\"Sauna a proced\u00fary\"},{\"@type\":\"BreadcrumbList\",\"@id\":\"https:\/\/www.hotelaqua.sk\/en\/spas-wellness\/#breadcrumb\",\"itemListElement\":[{\"@type\":\"ListItem\",\"position\":1,\"name\":\"Domovsk\u00e1 str\u00e1nka\",\"item\":\"https:\/\/www.hotelaqua.sk\/en\/what-to-do-in-slovakia-hotel-aqua-wellness-spa\/\"},{\"@type\":\"ListItem\",\"position\":2,\"name\":\"Spas &#038; Wellness\"}]},{\"@type\":\"WebSite\",\"@id\":\"https:\/\/www.hotelaqua.sk\/sk\/#website\",\"url\":\"https:\/\/www.hotelaqua.sk\/sk\/\",\"name\":\"HOTEL AQUA VARGA ***\",\"description\":\"Hotel v bl\u00edzkosti term\u00e1lneho k\u00fapaliska vo Ve\u013ekom Mederi\",\"potentialAction\":[{\"@type\":\"SearchAction\",\"target\":{\"@type\":\"EntryPoint\",\"urlTemplate\":\"https:\/\/www.hotelaqua.sk\/sk\/?s={search_term_string}\"},\"query-input\":{\"@type\":\"PropertyValueSpecification\",\"valueRequired\":true,\"valueName\":\"search_term_string\"}}],\"inLanguage\":\"en-GB\"}]}<\/script>\n<!-- \/ Yoast SEO plugin. -->","yoast_head_json":{"title":"Spas & Wellness - HOTEL AQUA VARGA ***","robots":{"index":"index","follow":"follow","max-snippet":"max-snippet:-1","max-image-preview":"max-image-preview:large","max-video-preview":"max-video-preview:-1"},"canonical":"https:\/\/www.hotelaqua.sk\/en\/spas-wellness\/","og_locale":"en_GB","og_type":"article","og_title":"Spas & Wellness - HOTEL AQUA VARGA ***","og_description":"Relax and regenerate in our thermal springs and swimming pools in Velky Meder Slovakia. Visitors can visit Thermal bath Velky Meder all year around. Thermal bath Velky Meder Thermal Corvinus Thermal bath Velky Meder and wellness? (It&#8217;s former \u010calovo) Ideal for the treatment of musculoskeletal disorders. Ideal place for cyclists, families with children and pensioners. [&hellip;]","og_url":"https:\/\/www.hotelaqua.sk\/en\/spas-wellness\/","og_site_name":"HOTEL AQUA VARGA ***","article_modified_time":"2016-12-12T12:31:34+00:00","og_image":[{"width":1920,"height":1282,"url":"https:\/\/www.hotelaqua.sk\/wp-content\/uploads\/2015\/12\/RAC5685-e1481544508923.jpg","type":"image\/jpeg"}],"twitter_misc":{"Estimated reading time":"3 minutes"},"schema":{"@context":"https:\/\/schema.org","@graph":[{"@type":"WebPage","@id":"https:\/\/www.hotelaqua.sk\/en\/spas-wellness\/","url":"https:\/\/www.hotelaqua.sk\/en\/spas-wellness\/","name":"Spas & Wellness - HOTEL AQUA VARGA ***","isPartOf":{"@id":"https:\/\/www.hotelaqua.sk\/sk\/#website"},"primaryImageOfPage":{"@id":"https:\/\/www.hotelaqua.sk\/en\/spas-wellness\/#primaryimage"},"image":{"@id":"https:\/\/www.hotelaqua.sk\/en\/spas-wellness\/#primaryimage"},"thumbnailUrl":"https:\/\/www.hotelaqua.sk\/wp-content\/uploads\/2015\/12\/RAC5685-e1481544508923.jpg","datePublished":"2015-12-07T21:15:03+00:00","dateModified":"2016-12-12T12:31:34+00:00","breadcrumb":{"@id":"https:\/\/www.hotelaqua.sk\/en\/spas-wellness\/#breadcrumb"},"inLanguage":"en-GB","potentialAction":[{"@type":"ReadAction","target":["https:\/\/www.hotelaqua.sk\/en\/spas-wellness\/"]}]},{"@type":"ImageObject","inLanguage":"en-GB","@id":"https:\/\/www.hotelaqua.sk\/en\/spas-wellness\/#primaryimage","url":"https:\/\/www.hotelaqua.sk\/wp-content\/uploads\/2015\/12\/RAC5685-e1481544508923.jpg","contentUrl":"https:\/\/www.hotelaqua.sk\/wp-content\/uploads\/2015\/12\/RAC5685-e1481544508923.jpg","width":1920,"height":1282,"caption":"Sauna a proced\u00fary"},{"@type":"BreadcrumbList","@id":"https:\/\/www.hotelaqua.sk\/en\/spas-wellness\/#breadcrumb","itemListElement":[{"@type":"ListItem","position":1,"name":"Domovsk\u00e1 str\u00e1nka","item":"https:\/\/www.hotelaqua.sk\/en\/what-to-do-in-slovakia-hotel-aqua-wellness-spa\/"},{"@type":"ListItem","position":2,"name":"Spas &#038; Wellness"}]},{"@type":"WebSite","@id":"https:\/\/www.hotelaqua.sk\/sk\/#website","url":"https:\/\/www.hotelaqua.sk\/sk\/","name":"HOTEL AQUA VARGA ***","description":"Hotel v bl\u00edzkosti term\u00e1lneho k\u00fapaliska vo Ve\u013ekom Mederi","potentialAction":[{"@type":"SearchAction","target":{"@type":"EntryPoint","urlTemplate":"https:\/\/www.hotelaqua.sk\/sk\/?s={search_term_string}"},"query-input":{"@type":"PropertyValueSpecification","valueRequired":true,"valueName":"search_term_string"}}],"inLanguage":"en-GB"}]}},"_links":{"self":[{"href":"https:\/\/www.hotelaqua.sk\/en\/wp-json\/wp\/v2\/pages\/303","targetHints":{"allow":["GET"]}}],"collection":[{"href":"https:\/\/www.hotelaqua.sk\/en\/wp-json\/wp\/v2\/pages"}],"about":[{"href":"https:\/\/www.hotelaqua.sk\/en\/wp-json\/wp\/v2\/types\/page"}],"author":[{"embeddable":true,"href":"https:\/\/www.hotelaqua.sk\/en\/wp-json\/wp\/v2\/users\/1"}],"replies":[{"embeddable":true,"href":"https:\/\/www.hotelaqua.sk\/en\/wp-json\/wp\/v2\/comments?post=303"}],"version-history":[{"count":6,"href":"https:\/\/www.hotelaqua.sk\/en\/wp-json\/wp\/v2\/pages\/303\/revisions"}],"predecessor-version":[{"id":861,"href":"https:\/\/www.hotelaqua.sk\/en\/wp-json\/wp\/v2\/pages\/303\/revisions\/861"}],"wp:featuredmedia":[{"embeddable":true,"href":"https:\/\/www.hotelaqua.sk\/en\/wp-json\/wp\/v2\/media\/935"}],"wp:attachment":[{"href":"https:\/\/www.hotelaqua.sk\/en\/wp-json\/wp\/v2\/media?parent=303"}],"curies":[{"name":"wp","href":"https:\/\/api.w.org\/{rel}","templated":true}]}}