{"id":2547,"date":"2024-01-02T10:26:26","date_gmt":"2024-01-02T09:26:26","guid":{"rendered":"https:\/\/www.hotelaqua.sk\/?page_id=2547"},"modified":"2025-12-03T10:48:55","modified_gmt":"2025-12-03T09:48:55","slug":"cennik-ubytovani","status":"publish","type":"page","link":"https:\/\/www.hotelaqua.sk\/cs\/cenik-ubytovani-velky-meder-lazne\/cennik-ubytovani\/","title":{"rendered":"Cenn\u00edk ubytovan\u00ed"},"content":{"rendered":"<h4><span style=\"font-size: 18pt;\">Cenn\u00edk ubytovania<\/span><\/h4>\n<booking-panel bookinghost=\"https:\/\/booking.hotelaqua.sk\" locale=\"en\"><\/booking-panel>\n<div class=\"alert alert-info\">\n<p style=\"text-align: center;\">\n<\/div>\n<div class=\"rgg-container\" data-rgg-id=\"1\">    <div class=\"rgg-imagegrid captions-title captions-effect-none \" data-rgg-id=\"1\">\n                    <a href=\"https:\/\/www.hotelaqua.sk\/wp-content\/uploads\/2018\/09\/MG_0066-1-1024x683.jpg\" data-rel=\"rgg\" rel=\"rgg\" title=\"sauna v de lux apartm&aacute;ne\" class=\"rgg-disabled size-medium rgg-img\" data-src=\"https:\/\/www.hotelaqua.sk\/wp-content\/uploads\/2018\/09\/MG_0066-1-300x200.jpg\" data-ratio=\"1.5\" data-height=\"200\" data-width=\"300\" aria-label=\"\">\n                            <\/a>\n                    <a href=\"https:\/\/www.hotelaqua.sk\/wp-content\/uploads\/2018\/09\/MG_1314-1024x657.jpg\" data-rel=\"rgg\" rel=\"rgg\" title=\"Ubytovanie Hotel Aqua*** Ve\u013ek&yacute; Meder\" class=\"rgg-disabled size-medium rgg-img\" data-src=\"https:\/\/www.hotelaqua.sk\/wp-content\/uploads\/2018\/09\/MG_1314-300x192.jpg\" data-ratio=\"1.5625\" data-height=\"192\" data-width=\"300\" aria-label=\"\">\n                            <\/a>\n                    <a href=\"https:\/\/www.hotelaqua.sk\/wp-content\/uploads\/2017\/03\/pobyt-zimny-relax-1024x683.jpg\" data-rel=\"rgg\" rel=\"rgg\" title=\"Wellness Term&aacute;lne k&uacute;palisko Ve\u013ek&yacute; Meder\" class=\"rgg-disabled size-medium rgg-img\" data-src=\"https:\/\/www.hotelaqua.sk\/wp-content\/uploads\/2017\/03\/pobyt-zimny-relax-e1489574446959-300x150.jpg\" data-ratio=\"2\" data-height=\"150\" data-width=\"300\" aria-label=\"Wellness Term\u00e1lne k\u00fapalisko Ve\u013ek\u00fd Meder\">\n                            <\/a>\n            <\/div>\n<\/div>\n<h2>Rezervujte si svoj pobyt::<\/h2>\n<ul>\n<li><strong> emailem na <a href=\"mailto:info@hotelthermal.sk\">info@hotelthermal.sk<\/a>,<\/strong><\/li>\n<li><strong>telefonicky na +421315530336, +421917460625<\/strong><\/li>\n<li><strong>alebo online prostredn\u00edctvom rezerva\u010dn\u00e9ho formul\u00e1ra<\/strong><\/li>\n<\/ul>\n<div class=\"alert alert-info\">\n<p style=\"text-align: center;\"><a class=\"btn\" href=\"http:\/\/booking.hotelaqua.sk\" target=\"_blank\" rel=\"noopener noreferrer\">REZERVOVA\u0164 ONLINE<\/a><\/p>\n<\/div>\n<h3>Spolo\u010dn\u00e1 recepcia s Hotelom Thermal Varga ***:<\/h3>\n<p>Pre n\u00e1v\u0161tevn\u00edkov term\u00e1lne k\u00fapalisko Ve\u013ek\u00fd Meder pon\u00faka mo\u017enosti na ubytovanie vo Ve\u013ekom Mederi. Ved\u013ea term\u00e1lneho k\u00fapaliska Ve\u013ek\u00fd Meder Thermal Corvinus &#8211; More z\u00e1\u017eitkov jemodern\u00fd Hotel AQUA ***, patriaci pod Hotel Thermal Varga ***. Hostia tohto hotela bud\u00fa len p\u00e1r krokov od term\u00e1lnej vody, teda len min\u00fatka ich bude deli\u0165 od term\u00e1lnych baz\u00e9nov a spojit\u00fdch slu\u017eieb n\u00e1\u0161ho k\u00fapaliska. Hotel AQUA je navy\u0161e obklopen\u00fd Ve\u013ekomedersk\u00fdm lesoparkom, ktor\u00fd klientom hotela poskytuje nielen pocit bl\u00edzkosti k pr\u00edrode, ale v letnej sez\u00f3ne aj pr\u00edjemn\u00fd tie\u0148.<\/p>\n<h2><strong>\u201cHostia tohto hotela maj\u00fa Ve\u013ek\u00fd Meder ubytovanie len p\u00e1r krokov od term\u00e1lnej vody.\u201d<\/strong><\/h2>\n<p>Bezpe\u010dnosti venuje hotel ve\u013ek\u00fa pozornos\u0165, toti\u017e pon\u00faka svojim hos\u0165om parkovanie v priestore monitorovan\u00fdm kamerov\u00fdm syst\u00e9mom. Izby v Hoteli AQUA s\u00fa komfortne vybaven\u00e9, v ka\u017edej miestnosti sa nach\u00e1dza telev\u00edzor (SAT TV), telef\u00f3n, mo\u017enos\u0165 FREE wifi pripojenia na internet, bezbari\u00e9rov\u00fd sprchovac\u00ed k\u00fat a toaleta, chladni\u010dka, r\u00fdchlovarn\u00e1 kanvica a su\u0161i\u010d vlasov. Hotel pon\u00faka ubytovanie v jedno, a dvojl\u00f4\u017ekov\u00fdch izb\u00e1ch s pr\u00edstelkou. Okrem toho pre klientov hotela bude k dispoz\u00edcii aj VIP apartm\u00e1n s jacuzzi, so saunou a s balk\u00f3nom.<\/p>\n<p><strong>\u201cBezbari\u00e9rov\u00fd sprchovac\u00ed k\u00fat a toaleta.\u201d<\/strong><\/p>\n<p>Aj v letnom obdob\u00ed, ke\u010f okolie je pln\u00e9 turistov, pre hotelov\u00fdch host\u00ed je zaru\u010den\u00e1 pokojn\u00fd oddych. Navy\u0161e mno\u017estvo slu\u017eieb m\u00f4\u017eete n\u00e1js\u0165 aj v bl\u00edzkosti: nach\u00e1dza sa tu aj kaviare\u0148, re\u0161taur\u00e1cia, kr\u010dma, lek\u00e1re\u0148, sal\u00f3n kr\u00e1sy, mas\u00e1\u017eny sal\u00f3n i so\u013en\u00e1 ba\u0148a.<\/p>\n<h2>\u201cMedzi najnav\u0161tevovanej\u0161ie celoro\u010dn\u00e9 destin\u00e1cie patr\u00ed term\u00e1lne k\u00fapalisko Ve\u013ek\u00fd Meder THERMAL CORVINUS\u201d<\/h2>\n<p>Hostia prich\u00e1dzaj\u00faci autom sa cestou do hotela m\u00f4\u017eu orientova\u0165 pod\u013ea vonkaj\u0161\u00edch, v meste umiestnen\u00fdch informa\u010dn\u00fdch tabul\u00ed. Po pou\u017eit\u00ed zvon\u010deka pri br\u00e1ne pred centr\u00e1lnym parkoviskom V\u00e1m recep\u010dn\u00fd person\u00e1l pom\u00f4\u017ee sa dosta\u0165 do hotela. Ochotne V\u00e1s obozn\u00e1mi s inform\u00e1ciami s\u00favisiacimi s ubytovan\u00edm v hoteli.<\/p>\n<p><strong>\u201cV zimnej sez\u00f3ne sa nap\u013a\u0148aj\u00fa najprv kapacity Hotela Thermal Varga ***, n\u00e1sledne sa obsadzuje Hotel AQUA ***.&#8221;<\/strong><\/p>\n<div class=\"rgg-container\" data-rgg-id=\"2\">    <div class=\"rgg-imagegrid captions-title captions-effect-none \" data-rgg-id=\"2\">\n                    <a href=\"https:\/\/www.hotelaqua.sk\/wp-content\/uploads\/2015\/11\/20160908_142010-1024x576.jpg\" data-rel=\"rgg\" rel=\"rgg\" title=\"\" class=\"rgg-disabled size-medium rgg-img\" data-src=\"https:\/\/www.hotelaqua.sk\/wp-content\/uploads\/2015\/11\/20160908_142010-300x169.jpg\" data-ratio=\"1.77514792899\" data-height=\"169\" data-width=\"300\" aria-label=\"\">\n                            <\/a>\n                    <a href=\"https:\/\/www.hotelaqua.sk\/wp-content\/uploads\/2018\/09\/MG_1346-1024x683.jpg\" data-rel=\"rgg\" rel=\"rgg\" title=\"Sauna Hotel Aqua***\" class=\"rgg-disabled size-medium rgg-img\" data-src=\"https:\/\/www.hotelaqua.sk\/wp-content\/uploads\/2018\/09\/MG_1346-300x200.jpg\" data-ratio=\"1.5\" data-height=\"200\" data-width=\"300\" aria-label=\"VIP apartm\u00e1n s v\u00edrivkou a saunou\">\n                            <\/a>\n                    <a href=\"https:\/\/www.hotelaqua.sk\/wp-content\/uploads\/2018\/09\/MG_1269-1024x687.jpg\" data-rel=\"rgg\" rel=\"rgg\" title=\"\" class=\"rgg-disabled size-medium rgg-img\" data-src=\"https:\/\/www.hotelaqua.sk\/wp-content\/uploads\/2018\/09\/MG_1269-300x201.jpg\" data-ratio=\"1.49253731343\" data-height=\"201\" data-width=\"300\" aria-label=\"VIP apartm\u00e1n s v\u00edrivkou a saunou\">\n                            <\/a>\n                    <a href=\"https:\/\/www.hotelaqua.sk\/wp-content\/uploads\/2018\/09\/MG_1320-1024x683.jpg\" data-rel=\"rgg\" rel=\"rgg\" title=\"Ubytovanie Ve\u013ek&yacute; Meder\" class=\"rgg-disabled size-medium rgg-img\" data-src=\"https:\/\/www.hotelaqua.sk\/wp-content\/uploads\/2018\/09\/MG_1320-300x200.jpg\" data-ratio=\"1.5\" data-height=\"200\" data-width=\"300\" aria-label=\"\">\n                            <\/a>\n            <\/div>\n<\/div>\n","protected":false},"excerpt":{"rendered":"<p>Cenn\u00edk ubytovania Rezervujte si svoj pobyt:: emailem na info@hotelthermal.sk, telefonicky na +421315530336, +421917460625 alebo online prostredn\u00edctvom rezerva\u010dn\u00e9ho formul\u00e1ra REZERVOVA\u0164 ONLINE Spolo\u010dn\u00e1 recepcia s Hotelom Thermal Varga ***: Pre n\u00e1v\u0161tevn\u00edkov term\u00e1lne k\u00fapalisko Ve\u013ek\u00fd Meder pon\u00faka mo\u017enosti na ubytovanie vo Ve\u013ekom Mederi. Ved\u013ea term\u00e1lneho k\u00fapaliska Ve\u013ek\u00fd Meder Thermal Corvinus &#8211; More z\u00e1\u017eitkov jemodern\u00fd Hotel AQUA ***, patriaci [&hellip;]<\/p>\n","protected":false},"author":2,"featured_media":0,"parent":72,"menu_order":0,"comment_status":"closed","ping_status":"closed","template":"","meta":{"footnotes":""},"class_list":["post-2547","page","type-page","status-publish","hentry"],"yoast_head":"<!-- This site is optimized with the Yoast SEO plugin v25.3.1 - https:\/\/yoast.com\/wordpress\/plugins\/seo\/ -->\n<title>Cenn\u00edk ubytovan\u00ed - HOTEL AQUA VARGA ***<\/title>\n<meta name=\"robots\" content=\"index, follow, max-snippet:-1, max-image-preview:large, max-video-preview:-1\" \/>\n<link rel=\"canonical\" href=\"https:\/\/www.hotelaqua.sk\/cs\/cenik-ubytovani-velky-meder-lazne\/cennik-ubytovani\/\" \/>\n<meta property=\"og:locale\" content=\"en_GB\" \/>\n<meta property=\"og:type\" content=\"article\" \/>\n<meta property=\"og:title\" content=\"Cenn\u00edk ubytovan\u00ed - HOTEL AQUA VARGA ***\" \/>\n<meta property=\"og:description\" content=\"Cenn\u00edk ubytovania Rezervujte si svoj pobyt:: emailem na info@hotelthermal.sk, telefonicky na +421315530336, +421917460625 alebo online prostredn\u00edctvom rezerva\u010dn\u00e9ho formul\u00e1ra REZERVOVA\u0164 ONLINE Spolo\u010dn\u00e1 recepcia s Hotelom Thermal Varga ***: Pre n\u00e1v\u0161tevn\u00edkov term\u00e1lne k\u00fapalisko Ve\u013ek\u00fd Meder pon\u00faka mo\u017enosti na ubytovanie vo Ve\u013ekom Mederi. Ved\u013ea term\u00e1lneho k\u00fapaliska Ve\u013ek\u00fd Meder Thermal Corvinus &#8211; More z\u00e1\u017eitkov jemodern\u00fd Hotel AQUA ***, patriaci [&hellip;]\" \/>\n<meta property=\"og:url\" content=\"https:\/\/www.hotelaqua.sk\/cs\/cenik-ubytovani-velky-meder-lazne\/cennik-ubytovani\/\" \/>\n<meta property=\"og:site_name\" content=\"HOTEL AQUA VARGA ***\" \/>\n<meta property=\"article:modified_time\" content=\"2025-12-03T09:48:55+00:00\" \/>\n<meta property=\"og:image\" content=\"https:\/\/www.hotelaqua.sk\/wp-content\/uploads\/2018\/09\/MG_0066-1-300x200.jpg\" \/>\n<meta name=\"twitter:label1\" content=\"Estimated reading time\" \/>\n\t<meta name=\"twitter:data1\" content=\"2 minutes\" \/>\n<script type=\"application\/ld+json\" class=\"yoast-schema-graph\">{\"@context\":\"https:\/\/schema.org\",\"@graph\":[{\"@type\":\"WebPage\",\"@id\":\"https:\/\/www.hotelaqua.sk\/cs\/cenik-ubytovani-velky-meder-lazne\/cennik-ubytovani\/\",\"url\":\"https:\/\/www.hotelaqua.sk\/cs\/cenik-ubytovani-velky-meder-lazne\/cennik-ubytovani\/\",\"name\":\"Cenn\u00edk ubytovan\u00ed - HOTEL AQUA VARGA ***\",\"isPartOf\":{\"@id\":\"https:\/\/www.hotelaqua.sk\/sk\/#website\"},\"datePublished\":\"2024-01-02T09:26:26+00:00\",\"dateModified\":\"2025-12-03T09:48:55+00:00\",\"breadcrumb\":{\"@id\":\"https:\/\/www.hotelaqua.sk\/cs\/cenik-ubytovani-velky-meder-lazne\/cennik-ubytovani\/#breadcrumb\"},\"inLanguage\":\"en-GB\",\"potentialAction\":[{\"@type\":\"ReadAction\",\"target\":[\"https:\/\/www.hotelaqua.sk\/cs\/cenik-ubytovani-velky-meder-lazne\/cennik-ubytovani\/\"]}]},{\"@type\":\"BreadcrumbList\",\"@id\":\"https:\/\/www.hotelaqua.sk\/cs\/cenik-ubytovani-velky-meder-lazne\/cennik-ubytovani\/#breadcrumb\",\"itemListElement\":[{\"@type\":\"ListItem\",\"position\":1,\"name\":\"Domovsk\u00e1 str\u00e1nka\",\"item\":\"https:\/\/www.hotelaqua.sk\/sk\/\"},{\"@type\":\"ListItem\",\"position\":2,\"name\":\"Ubytov\u00e1n\u00ed Ve\u013ek\u00fd Meder, Cen\u00edk\",\"item\":\"https:\/\/www.hotelaqua.sk\/cs\/cenik-ubytovani-velky-meder-lazne\/\"},{\"@type\":\"ListItem\",\"position\":3,\"name\":\"Cenn\u00edk ubytovan\u00ed\"}]},{\"@type\":\"WebSite\",\"@id\":\"https:\/\/www.hotelaqua.sk\/sk\/#website\",\"url\":\"https:\/\/www.hotelaqua.sk\/sk\/\",\"name\":\"HOTEL AQUA VARGA ***\",\"description\":\"Hotel v bl\u00edzkosti term\u00e1lneho k\u00fapaliska vo Ve\u013ekom Mederi\",\"potentialAction\":[{\"@type\":\"SearchAction\",\"target\":{\"@type\":\"EntryPoint\",\"urlTemplate\":\"https:\/\/www.hotelaqua.sk\/sk\/?s={search_term_string}\"},\"query-input\":{\"@type\":\"PropertyValueSpecification\",\"valueRequired\":true,\"valueName\":\"search_term_string\"}}],\"inLanguage\":\"en-GB\"}]}<\/script>\n<!-- \/ Yoast SEO plugin. -->","yoast_head_json":{"title":"Cenn\u00edk ubytovan\u00ed - HOTEL AQUA VARGA ***","robots":{"index":"index","follow":"follow","max-snippet":"max-snippet:-1","max-image-preview":"max-image-preview:large","max-video-preview":"max-video-preview:-1"},"canonical":"https:\/\/www.hotelaqua.sk\/cs\/cenik-ubytovani-velky-meder-lazne\/cennik-ubytovani\/","og_locale":"en_GB","og_type":"article","og_title":"Cenn\u00edk ubytovan\u00ed - HOTEL AQUA VARGA ***","og_description":"Cenn\u00edk ubytovania Rezervujte si svoj pobyt:: emailem na info@hotelthermal.sk, telefonicky na +421315530336, +421917460625 alebo online prostredn\u00edctvom rezerva\u010dn\u00e9ho formul\u00e1ra REZERVOVA\u0164 ONLINE Spolo\u010dn\u00e1 recepcia s Hotelom Thermal Varga ***: Pre n\u00e1v\u0161tevn\u00edkov term\u00e1lne k\u00fapalisko Ve\u013ek\u00fd Meder pon\u00faka mo\u017enosti na ubytovanie vo Ve\u013ekom Mederi. Ved\u013ea term\u00e1lneho k\u00fapaliska Ve\u013ek\u00fd Meder Thermal Corvinus &#8211; More z\u00e1\u017eitkov jemodern\u00fd Hotel AQUA ***, patriaci [&hellip;]","og_url":"https:\/\/www.hotelaqua.sk\/cs\/cenik-ubytovani-velky-meder-lazne\/cennik-ubytovani\/","og_site_name":"HOTEL AQUA VARGA ***","article_modified_time":"2025-12-03T09:48:55+00:00","og_image":[{"url":"https:\/\/www.hotelaqua.sk\/wp-content\/uploads\/2018\/09\/MG_0066-1-300x200.jpg","type":"","width":"","height":""}],"twitter_misc":{"Estimated reading time":"2 minutes"},"schema":{"@context":"https:\/\/schema.org","@graph":[{"@type":"WebPage","@id":"https:\/\/www.hotelaqua.sk\/cs\/cenik-ubytovani-velky-meder-lazne\/cennik-ubytovani\/","url":"https:\/\/www.hotelaqua.sk\/cs\/cenik-ubytovani-velky-meder-lazne\/cennik-ubytovani\/","name":"Cenn\u00edk ubytovan\u00ed - HOTEL AQUA VARGA ***","isPartOf":{"@id":"https:\/\/www.hotelaqua.sk\/sk\/#website"},"datePublished":"2024-01-02T09:26:26+00:00","dateModified":"2025-12-03T09:48:55+00:00","breadcrumb":{"@id":"https:\/\/www.hotelaqua.sk\/cs\/cenik-ubytovani-velky-meder-lazne\/cennik-ubytovani\/#breadcrumb"},"inLanguage":"en-GB","potentialAction":[{"@type":"ReadAction","target":["https:\/\/www.hotelaqua.sk\/cs\/cenik-ubytovani-velky-meder-lazne\/cennik-ubytovani\/"]}]},{"@type":"BreadcrumbList","@id":"https:\/\/www.hotelaqua.sk\/cs\/cenik-ubytovani-velky-meder-lazne\/cennik-ubytovani\/#breadcrumb","itemListElement":[{"@type":"ListItem","position":1,"name":"Domovsk\u00e1 str\u00e1nka","item":"https:\/\/www.hotelaqua.sk\/sk\/"},{"@type":"ListItem","position":2,"name":"Ubytov\u00e1n\u00ed Ve\u013ek\u00fd Meder, Cen\u00edk","item":"https:\/\/www.hotelaqua.sk\/cs\/cenik-ubytovani-velky-meder-lazne\/"},{"@type":"ListItem","position":3,"name":"Cenn\u00edk ubytovan\u00ed"}]},{"@type":"WebSite","@id":"https:\/\/www.hotelaqua.sk\/sk\/#website","url":"https:\/\/www.hotelaqua.sk\/sk\/","name":"HOTEL AQUA VARGA ***","description":"Hotel v bl\u00edzkosti term\u00e1lneho k\u00fapaliska vo Ve\u013ekom Mederi","potentialAction":[{"@type":"SearchAction","target":{"@type":"EntryPoint","urlTemplate":"https:\/\/www.hotelaqua.sk\/sk\/?s={search_term_string}"},"query-input":{"@type":"PropertyValueSpecification","valueRequired":true,"valueName":"search_term_string"}}],"inLanguage":"en-GB"}]}},"_links":{"self":[{"href":"https:\/\/www.hotelaqua.sk\/en\/wp-json\/wp\/v2\/pages\/2547","targetHints":{"allow":["GET"]}}],"collection":[{"href":"https:\/\/www.hotelaqua.sk\/en\/wp-json\/wp\/v2\/pages"}],"about":[{"href":"https:\/\/www.hotelaqua.sk\/en\/wp-json\/wp\/v2\/types\/page"}],"author":[{"embeddable":true,"href":"https:\/\/www.hotelaqua.sk\/en\/wp-json\/wp\/v2\/users\/2"}],"replies":[{"embeddable":true,"href":"https:\/\/www.hotelaqua.sk\/en\/wp-json\/wp\/v2\/comments?post=2547"}],"version-history":[{"count":0,"href":"https:\/\/www.hotelaqua.sk\/en\/wp-json\/wp\/v2\/pages\/2547\/revisions"}],"up":[{"embeddable":true,"href":"https:\/\/www.hotelaqua.sk\/en\/wp-json\/wp\/v2\/pages\/72"}],"wp:attachment":[{"href":"https:\/\/www.hotelaqua.sk\/en\/wp-json\/wp\/v2\/media?parent=2547"}],"curies":[{"name":"wp","href":"https:\/\/api.w.org\/{rel}","templated":true}]}}