{"id":2016,"date":"2019-06-05T10:26:18","date_gmt":"2019-06-05T08:26:18","guid":{"rendered":"https:\/\/www.hotelaqua.sk\/?page_id=2016"},"modified":"2020-01-13T21:01:52","modified_gmt":"2020-01-13T20:01:52","slug":"rodiny-a-deti","status":"publish","type":"page","link":"https:\/\/www.hotelaqua.sk\/sk\/rodiny-a-deti\/","title":{"rendered":"Rodiny a deti"},"content":{"rendered":"<div class=\"rgg-container\" data-rgg-id=\"1\">    <div class=\"rgg-imagegrid captions-title captions-effect-none \" data-rgg-id=\"1\">\n                    <a href=\"https:\/\/www.hotelaqua.sk\/wp-content\/uploads\/2020\/01\/Sn\u00edmka-obrazovky-2020-01-04-o-7.14.17-817x1024.jpg\" data-rel=\"rgg\" rel=\"rgg\" title=\"\" class=\"rgg-disabled size-medium rgg-img\" data-src=\"https:\/\/www.hotelaqua.sk\/wp-content\/uploads\/2020\/01\/Sn\u00edmka-obrazovky-2020-01-04-o-7.14.17-240x300.jpg\" data-ratio=\"0.8\" data-height=\"300\" data-width=\"240\" aria-label=\"Hotel Thermal Varga, Hotel Aqua dovolenka s de\u0165mi\">\n                            <\/a>\n                    <a href=\"https:\/\/www.hotelaqua.sk\/wp-content\/uploads\/2020\/01\/Sn\u00edmka-obrazovky-2020-01-04-o-7.14.11-812x1024.jpg\" data-rel=\"rgg\" rel=\"rgg\" title=\"\" class=\"rgg-disabled size-medium rgg-img\" data-src=\"https:\/\/www.hotelaqua.sk\/wp-content\/uploads\/2020\/01\/Sn\u00edmka-obrazovky-2020-01-04-o-7.14.11-238x300.jpg\" data-ratio=\"0.793333333333\" data-height=\"300\" data-width=\"238\" aria-label=\"Hotel Thermal Varga, Hotel Aqua dovolenka s de\u0165mi\">\n                            <\/a>\n                    <a href=\"https:\/\/www.hotelaqua.sk\/wp-content\/uploads\/2020\/01\/Sn\u00edmka-obrazovky-2020-01-04-o-7.14.01-811x1024.jpg\" data-rel=\"rgg\" rel=\"rgg\" title=\"Hotel Aqua*** Detsk&yacute; k&uacute;tik a ihrisko, vodn&yacute; svet k&uacute;palisko\" class=\"rgg-disabled size-medium rgg-img\" data-src=\"https:\/\/www.hotelaqua.sk\/wp-content\/uploads\/2020\/01\/Sn\u00edmka-obrazovky-2020-01-04-o-7.14.01-238x300.jpg\" data-ratio=\"0.793333333333\" data-height=\"300\" data-width=\"238\" aria-label=\"Hotel Thermal Varga, Hotel Aqua dovolenka s de\u0165mi\">\n                            <\/a>\n                    <a href=\"https:\/\/www.hotelaqua.sk\/wp-content\/uploads\/2020\/01\/Sn\u00edmka-obrazovky-2020-01-04-o-7.13.47-813x1024.jpg\" data-rel=\"rgg\" rel=\"rgg\" title=\"\" class=\"rgg-disabled size-medium rgg-img\" data-src=\"https:\/\/www.hotelaqua.sk\/wp-content\/uploads\/2020\/01\/Sn\u00edmka-obrazovky-2020-01-04-o-7.13.47-238x300.jpg\" data-ratio=\"0.793333333333\" data-height=\"300\" data-width=\"238\" aria-label=\"Hotel Thermal Varga, Hotel Aqua dovolenka s de\u0165mi\">\n                            <\/a>\n                    <a href=\"https:\/\/www.hotelaqua.sk\/wp-content\/uploads\/2020\/01\/Sn\u00edmka-obrazovky-2020-01-04-o-7.13.28-1024x757.jpg\" data-rel=\"rgg\" rel=\"rgg\" title=\"\" class=\"rgg-disabled size-medium rgg-img\" data-src=\"https:\/\/www.hotelaqua.sk\/wp-content\/uploads\/2020\/01\/Sn\u00edmka-obrazovky-2020-01-04-o-7.13.28-300x222.jpg\" data-ratio=\"1.35135135135\" data-height=\"222\" data-width=\"300\" aria-label=\"Hotel Thermal Varga, Hotel Aqua dovolenka s de\u0165mi\">\n                            <\/a>\n                    <a href=\"https:\/\/www.hotelaqua.sk\/wp-content\/uploads\/2020\/01\/Sn\u00edmka-obrazovky-2020-01-04-o-7.13.09-816x1024.jpg\" data-rel=\"rgg\" rel=\"rgg\" title=\"\" class=\"rgg-disabled size-medium rgg-img\" data-src=\"https:\/\/www.hotelaqua.sk\/wp-content\/uploads\/2020\/01\/Sn\u00edmka-obrazovky-2020-01-04-o-7.13.09-239x300.jpg\" data-ratio=\"0.796666666667\" data-height=\"300\" data-width=\"239\" aria-label=\"Hotel Thermal Varga, Hotel Aqua dovolenka s de\u0165mi\">\n                            <\/a>\n                    <a href=\"https:\/\/www.hotelaqua.sk\/wp-content\/uploads\/2020\/01\/Sn\u00edmka-obrazovky-2020-01-04-o-7.12.59-821x1024.jpg\" data-rel=\"rgg\" rel=\"rgg\" title=\"Hotel Aqua*** Detsk&yacute; k&uacute;tik a ihrisko, vodn&yacute; svet k&uacute;palisko\" class=\"rgg-disabled size-medium rgg-img\" data-src=\"https:\/\/www.hotelaqua.sk\/wp-content\/uploads\/2020\/01\/Sn\u00edmka-obrazovky-2020-01-04-o-7.12.59-241x300.jpg\" data-ratio=\"0.803333333333\" data-height=\"300\" data-width=\"241\" aria-label=\"Hotel Thermal Varga, Hotel Aqua dovolenka s de\u0165mi\">\n                            <\/a>\n                    <a href=\"https:\/\/www.hotelaqua.sk\/wp-content\/uploads\/2020\/01\/Sn\u00edmka-obrazovky-2020-01-04-o-7.12.47-817x1024.jpg\" data-rel=\"rgg\" rel=\"rgg\" title=\"Hotel Aqua ***\" class=\"rgg-disabled size-medium rgg-img\" data-src=\"https:\/\/www.hotelaqua.sk\/wp-content\/uploads\/2020\/01\/Sn\u00edmka-obrazovky-2020-01-04-o-7.12.47-239x300.jpg\" data-ratio=\"0.796666666667\" data-height=\"300\" data-width=\"239\" aria-label=\"Hotel Thermal Varga, Hotel Aqua dovolenka s de\u0165mi\">\n                            <\/a>\n                    <a href=\"https:\/\/www.hotelaqua.sk\/wp-content\/uploads\/2020\/01\/IMG-2488-1024x518.jpg\" data-rel=\"rgg\" rel=\"rgg\" title=\"\" class=\"rgg-disabled size-medium rgg-img\" data-src=\"https:\/\/www.hotelaqua.sk\/wp-content\/uploads\/2020\/01\/IMG-2488-300x152.jpg\" data-ratio=\"1.97368421053\" data-height=\"152\" data-width=\"300\" aria-label=\"detsk\u00fd k\u00fatik, dovolenka s de\u0165mi, dovolen\u00e1 s detma, v\u00fdlet, term\u00e1ly, l\u00e1z\u0148e, koupali\u0161t\u011b\">\n                            <\/a>\n                    <a href=\"https:\/\/www.hotelaqua.sk\/wp-content\/uploads\/2020\/01\/IMG-2489-1024x227.jpg\" data-rel=\"rgg\" rel=\"rgg\" title=\"\" class=\"rgg-disabled size-medium rgg-img\" data-src=\"https:\/\/www.hotelaqua.sk\/wp-content\/uploads\/2020\/01\/IMG-2489-300x66.jpg\" data-ratio=\"4.54545454545\" data-height=\"66\" data-width=\"300\" aria-label=\"detsk\u00fd k\u00fatik, dovolenka s de\u0165mi, dovolen\u00e1 s detma, v\u00fdlet, term\u00e1ly, l\u00e1z\u0148e, koupali\u0161t\u011b\">\n                            <\/a>\n                    <a href=\"https:\/\/www.hotelaqua.sk\/wp-content\/uploads\/2020\/01\/754B22B9-107E-4A4F-B2D9-91773AB52024-1024x1024.jpg\" data-rel=\"rgg\" rel=\"rgg\" title=\"\" class=\"rgg-disabled size-medium rgg-img\" data-src=\"https:\/\/www.hotelaqua.sk\/wp-content\/uploads\/2020\/01\/754B22B9-107E-4A4F-B2D9-91773AB52024-300x300.jpg\" data-ratio=\"1\" data-height=\"300\" data-width=\"300\" aria-label=\"detsk\u00fd k\u00fatik, dovolenka s de\u0165mi, dovolen\u00e1 s detma, v\u00fdlet, term\u00e1ly, l\u00e1z\u0148e, koupali\u0161t\u011b\">\n                            <\/a>\n                    <a href=\"https:\/\/www.hotelaqua.sk\/wp-content\/uploads\/2020\/01\/IMG-2630-e1578945480254-768x1024.jpg\" data-rel=\"rgg\" rel=\"rgg\" title=\"Hotel Aqua*** Detsk&yacute; k&uacute;tik a ihrisko, vodn&yacute; svet k&uacute;palisko\" class=\"rgg-disabled size-medium rgg-img\" data-src=\"https:\/\/www.hotelaqua.sk\/wp-content\/uploads\/2020\/01\/IMG-2630-e1578945480254-225x300.jpg\" data-ratio=\"0.75\" data-height=\"300\" data-width=\"225\" aria-label=\"detsk\u00fd k\u00fatik, dovolenka s de\u0165mi, dovolen\u00e1 s detma, v\u00fdlet, term\u00e1ly, l\u00e1z\u0148e, koupali\u0161t\u011b\">\n                            <\/a>\n                    <a href=\"https:\/\/www.hotelaqua.sk\/wp-content\/uploads\/2020\/01\/IMG-3788-713x1024.jpg\" data-rel=\"rgg\" rel=\"rgg\" title=\"\" class=\"rgg-disabled size-medium rgg-img\" data-src=\"https:\/\/www.hotelaqua.sk\/wp-content\/uploads\/2020\/01\/IMG-3788-209x300.jpg\" data-ratio=\"0.696666666667\" data-height=\"300\" data-width=\"209\" aria-label=\"detsk\u00fd k\u00fatik, dovolenka s de\u0165mi, dovolen\u00e1 s detma, v\u00fdlet, term\u00e1ly, l\u00e1z\u0148e, koupali\u0161t\u011b\">\n                            <\/a>\n                    <a href=\"https:\/\/www.hotelaqua.sk\/wp-content\/uploads\/2020\/01\/IMG-2515-e1578945662896-768x1024.jpg\" data-rel=\"rgg\" rel=\"rgg\" title=\"Hotel Aqua*** Detsk&yacute; k&uacute;tik a ihrisko, vodn&yacute; svet k&uacute;palisko\" class=\"rgg-disabled size-medium rgg-img\" data-src=\"https:\/\/www.hotelaqua.sk\/wp-content\/uploads\/2020\/01\/IMG-2515-e1578945662896-225x300.jpg\" data-ratio=\"0.75\" data-height=\"300\" data-width=\"225\" aria-label=\"\">\n                            <\/a>\n                    <a href=\"https:\/\/www.hotelaqua.sk\/wp-content\/uploads\/2020\/01\/IMG-2500-e1578945650121-768x1024.jpg\" data-rel=\"rgg\" rel=\"rgg\" title=\"\" class=\"rgg-disabled size-medium rgg-img\" data-src=\"https:\/\/www.hotelaqua.sk\/wp-content\/uploads\/2020\/01\/IMG-2500-e1578945650121-225x300.jpg\" data-ratio=\"0.75\" data-height=\"300\" data-width=\"225\" aria-label=\"\">\n                            <\/a>\n                    <a href=\"https:\/\/www.hotelaqua.sk\/wp-content\/uploads\/2020\/01\/IMG-2496-e1578945672751-768x1024.jpg\" data-rel=\"rgg\" rel=\"rgg\" title=\"Hotel Aqua*** Detsk&yacute; k&uacute;tik a ihrisko, vodn&yacute; svet k&uacute;palisko\" class=\"rgg-disabled size-medium rgg-img\" data-src=\"https:\/\/www.hotelaqua.sk\/wp-content\/uploads\/2020\/01\/IMG-2496-e1578945672751-225x300.jpg\" data-ratio=\"0.75\" data-height=\"300\" data-width=\"225\" aria-label=\"Hotel Aqua*** Detsk\u00fd k\u00fatik a ihrisko, vodn\u00fd svet k\u00fapalisko\">\n                            <\/a>\n                    <a href=\"https:\/\/www.hotelaqua.sk\/wp-content\/uploads\/2020\/01\/IMG-2490-1024x227.jpg\" data-rel=\"rgg\" rel=\"rgg\" title=\"\" class=\"rgg-disabled size-medium rgg-img\" data-src=\"https:\/\/www.hotelaqua.sk\/wp-content\/uploads\/2020\/01\/IMG-2490-300x66.jpg\" data-ratio=\"4.54545454545\" data-height=\"66\" data-width=\"300\" aria-label=\"\">\n                            <\/a>\n                    <a href=\"https:\/\/www.hotelaqua.sk\/wp-content\/uploads\/2020\/01\/IMG-2494-e1578945622340-768x1024.jpg\" data-rel=\"rgg\" rel=\"rgg\" title=\"Hotel Aqua*** Detsk&yacute; k&uacute;tik a ihrisko, vodn&yacute; svet k&uacute;palisko\" class=\"rgg-disabled size-medium rgg-img\" data-src=\"https:\/\/www.hotelaqua.sk\/wp-content\/uploads\/2020\/01\/IMG-2494-e1578945622340-225x300.jpg\" data-ratio=\"0.75\" data-height=\"300\" data-width=\"225\" aria-label=\"detsk\u00fd k\u00fatik, dovolenka s de\u0165mi, dovolen\u00e1 s detma, v\u00fdlet, term\u00e1ly, l\u00e1z\u0148e, koupali\u0161t\u011b\">\n                            <\/a>\n                    <a href=\"https:\/\/www.hotelaqua.sk\/wp-content\/uploads\/2020\/01\/IMG-2383-768x1024.jpg\" data-rel=\"rgg\" rel=\"rgg\" title=\"\" class=\"rgg-disabled size-medium rgg-img\" data-src=\"https:\/\/www.hotelaqua.sk\/wp-content\/uploads\/2020\/01\/IMG-2383-225x300.jpg\" data-ratio=\"0.75\" data-height=\"300\" data-width=\"225\" aria-label=\"detsk\u00fd k\u00fatik, dovolenka s de\u0165mi, dovolen\u00e1 s detma, v\u00fdlet, term\u00e1ly, l\u00e1z\u0148e, koupali\u0161t\u011b\">\n                            <\/a>\n            <\/div>\n<\/div>\n<h2>Vybavenie pre deti<\/h2>\n<p><strong>V\u00e1m i va\u0161im de\u0165om pon\u00fakame:<\/strong><\/p>\n<ul>\n<li>detsk\u00fd k\u00fatik v interi\u00e9ri<\/li>\n<li>detsk\u00e9 postie\u013eky<\/li>\n<li>detsk\u00e9 stoli\u010dky v re\u0161taur\u00e1cii<\/li>\n<li>mo\u017enos\u0165 ohrevu detskej stravy v hotelovej re\u0161taur\u00e1cii<\/li>\n<li>nefaj\u010diarsky interi\u00e9r<\/li>\n<li>mo\u017enos\u0165 umiestnenia ko\u010d\u00edka na izbe<\/li>\n<li>zhovievavos\u0165 person\u00e1lu vo\u010di de\u0165om<\/li>\n<li>anima\u010dn\u00e9 programy pre deti (v r\u00e1mci \u0161peci\u00e1lnych pobytov \/ na po\u017eiadanie)<\/li>\n<li>detsk\u00e9 vani\u010dky na k\u00fapanie<\/li>\n<li>detsk\u00fd no\u010dn\u00edk<\/li>\n<li>detsk\u00e9 podbradn\u00edky<\/li>\n<li>detsk\u00e9 poistky do z\u00e1suvky<\/li>\n<\/ul>\n<h4>Detsk\u00fd k\u00fatik v interi\u00e9ri<\/h4>\n<div class=\"rgg-container\" data-rgg-id=\"2\">    <div class=\"rgg-imagegrid captions-title captions-effect-none \" data-rgg-id=\"2\">\n                    <a href=\"https:\/\/www.hotelaqua.sk\/wp-content\/uploads\/2019\/06\/IMG-8476-869x1024.jpg\" data-rel=\"rgg\" rel=\"rgg\" title=\"\" class=\"rgg-disabled size-medium rgg-img\" data-src=\"https:\/\/www.hotelaqua.sk\/wp-content\/uploads\/2019\/06\/IMG-8476-254x300.jpg\" data-ratio=\"0.846666666667\" data-height=\"300\" data-width=\"254\" aria-label=\"detsk\u00fd k\u00fatik v interi\u00e9ri Hotel Thermal Varga Ve\u013ek\u00fd Meder\">\n                            <\/a>\n                    <a href=\"https:\/\/www.hotelaqua.sk\/wp-content\/uploads\/2019\/06\/IMG-0848-e1559723099978-768x1024.jpg\" data-rel=\"rgg\" rel=\"rgg\" title=\"\" class=\"rgg-disabled size-medium rgg-img\" data-src=\"https:\/\/www.hotelaqua.sk\/wp-content\/uploads\/2019\/06\/IMG-0848-e1559723099978-225x300.jpg\" data-ratio=\"0.75\" data-height=\"300\" data-width=\"225\" aria-label=\"detsk\u00fd k\u00fatik v interi\u00e9ri Hotel Thermal Varga Ve\u013ek\u00fd Meder\">\n                            <\/a>\n                    <a href=\"https:\/\/www.hotelaqua.sk\/wp-content\/uploads\/2019\/06\/IMG-0959-768x1024.jpg\" data-rel=\"rgg\" rel=\"rgg\" title=\"\" class=\"rgg-disabled size-medium rgg-img\" data-src=\"https:\/\/www.hotelaqua.sk\/wp-content\/uploads\/2019\/06\/IMG-0959-225x300.jpg\" data-ratio=\"0.75\" data-height=\"300\" data-width=\"225\" aria-label=\"detsk\u00fd k\u00fatik v interi\u00e9ri Hotel Thermal Varga Ve\u013ek\u00fd Meder\">\n                            <\/a>\n            <\/div>\n<\/div>\n<p><strong>Detsk\u00e9 ihrisko pri hoteli<\/strong><\/p>\n<div class=\"rgg-container\" data-rgg-id=\"3\">    <div class=\"rgg-imagegrid captions-title captions-effect-none \" data-rgg-id=\"3\">\n                    <a href=\"https:\/\/www.hotelaqua.sk\/wp-content\/uploads\/2019\/06\/IMG-0919-768x1024.jpg\" data-rel=\"rgg\" rel=\"rgg\" title=\"\" class=\"rgg-disabled size-medium rgg-img\" data-src=\"https:\/\/www.hotelaqua.sk\/wp-content\/uploads\/2019\/06\/IMG-0919-225x300.jpg\" data-ratio=\"0.75\" data-height=\"300\" data-width=\"225\" aria-label=\"detsk\u00fd k\u00fatik v interi\u00e9ri Hotel Thermal Varga Ve\u013ek\u00fd Meder\">\n                            <\/a>\n                    <a href=\"https:\/\/www.hotelaqua.sk\/wp-content\/uploads\/2019\/06\/IMG-0910-e1559723119930-768x1024.jpg\" data-rel=\"rgg\" rel=\"rgg\" title=\"\" class=\"rgg-disabled size-medium rgg-img\" data-src=\"https:\/\/www.hotelaqua.sk\/wp-content\/uploads\/2019\/06\/IMG-0910-e1559723119930-225x300.jpg\" data-ratio=\"0.75\" data-height=\"300\" data-width=\"225\" aria-label=\"detsk\u00fd k\u00fatik v interi\u00e9ri Hotel Thermal Varga Ve\u013ek\u00fd Meder\">\n                            <\/a>\n                    <a href=\"https:\/\/www.hotelaqua.sk\/wp-content\/uploads\/2019\/06\/IMG-0875-e1559723109959-768x1024.jpg\" data-rel=\"rgg\" rel=\"rgg\" title=\"\" class=\"rgg-disabled size-medium rgg-img\" data-src=\"https:\/\/www.hotelaqua.sk\/wp-content\/uploads\/2019\/06\/IMG-0875-e1559723109959-225x300.jpg\" data-ratio=\"0.75\" data-height=\"300\" data-width=\"225\" aria-label=\"detsk\u00fd k\u00fatik v interi\u00e9ri Hotel Thermal Varga Ve\u013ek\u00fd Meder\">\n                            <\/a>\n                    <a href=\"https:\/\/www.hotelaqua.sk\/wp-content\/uploads\/2019\/06\/IMG-0478-e1559723548902-865x1024.jpg\" data-rel=\"rgg\" rel=\"rgg\" title=\"\" class=\"rgg-disabled size-medium rgg-img\" data-src=\"https:\/\/www.hotelaqua.sk\/wp-content\/uploads\/2019\/06\/IMG-0478-e1559723548902-254x300.jpg\" data-ratio=\"0.846666666667\" data-height=\"300\" data-width=\"254\" aria-label=\"detsk\u00fd k\u00fatik v interi\u00e9ri Hotel Thermal Varga Ve\u013ek\u00fd Meder\">\n                            <\/a>\n            <\/div>\n<\/div>\n","protected":false},"excerpt":{"rendered":"<p>Vybavenie pre deti V\u00e1m i va\u0161im de\u0165om pon\u00fakame: detsk\u00fd k\u00fatik v interi\u00e9ri detsk\u00e9 postie\u013eky detsk\u00e9 stoli\u010dky v re\u0161taur\u00e1cii mo\u017enos\u0165 ohrevu detskej stravy v hotelovej re\u0161taur\u00e1cii nefaj\u010diarsky interi\u00e9r mo\u017enos\u0165 umiestnenia ko\u010d\u00edka na izbe zhovievavos\u0165 person\u00e1lu vo\u010di de\u0165om anima\u010dn\u00e9 programy pre deti (v r\u00e1mci \u0161peci\u00e1lnych pobytov \/ na po\u017eiadanie) detsk\u00e9 vani\u010dky na k\u00fapanie detsk\u00fd no\u010dn\u00edk detsk\u00e9 podbradn\u00edky [&hellip;]<\/p>\n","protected":false},"author":2,"featured_media":2020,"parent":0,"menu_order":0,"comment_status":"closed","ping_status":"closed","template":"","meta":{"footnotes":""},"class_list":["post-2016","page","type-page","status-publish","has-post-thumbnail","hentry"],"yoast_head":"<!-- This site is optimized with the Yoast SEO plugin v25.3.1 - https:\/\/yoast.com\/wordpress\/plugins\/seo\/ -->\n<title>Rodiny a deti - HOTEL AQUA VARGA ***<\/title>\n<meta name=\"robots\" content=\"index, follow, max-snippet:-1, max-image-preview:large, max-video-preview:-1\" \/>\n<link rel=\"canonical\" href=\"https:\/\/www.hotelaqua.sk\/sk\/rodiny-a-deti\/\" \/>\n<meta property=\"og:locale\" content=\"en_GB\" \/>\n<meta property=\"og:type\" content=\"article\" \/>\n<meta property=\"og:title\" content=\"Rodiny a deti - HOTEL AQUA VARGA ***\" \/>\n<meta property=\"og:description\" content=\"Vybavenie pre deti V\u00e1m i va\u0161im de\u0165om pon\u00fakame: detsk\u00fd k\u00fatik v interi\u00e9ri detsk\u00e9 postie\u013eky detsk\u00e9 stoli\u010dky v re\u0161taur\u00e1cii mo\u017enos\u0165 ohrevu detskej stravy v hotelovej re\u0161taur\u00e1cii nefaj\u010diarsky interi\u00e9r mo\u017enos\u0165 umiestnenia ko\u010d\u00edka na izbe zhovievavos\u0165 person\u00e1lu vo\u010di de\u0165om anima\u010dn\u00e9 programy pre deti (v r\u00e1mci \u0161peci\u00e1lnych pobytov \/ na po\u017eiadanie) detsk\u00e9 vani\u010dky na k\u00fapanie detsk\u00fd no\u010dn\u00edk detsk\u00e9 podbradn\u00edky [&hellip;]\" \/>\n<meta property=\"og:url\" content=\"https:\/\/www.hotelaqua.sk\/sk\/rodiny-a-deti\/\" \/>\n<meta property=\"og:site_name\" content=\"HOTEL AQUA VARGA ***\" \/>\n<meta property=\"article:modified_time\" content=\"2020-01-13T20:01:52+00:00\" \/>\n<meta property=\"og:image\" content=\"https:\/\/www.hotelaqua.sk\/wp-content\/uploads\/2019\/06\/IMG-0875-e1559723109959-768x1024.jpg\" \/>\n\t<meta property=\"og:image:width\" content=\"768\" \/>\n\t<meta property=\"og:image:height\" content=\"1024\" \/>\n\t<meta property=\"og:image:type\" content=\"image\/jpeg\" \/>\n<meta name=\"twitter:label1\" content=\"Estimated reading time\" \/>\n\t<meta name=\"twitter:data1\" content=\"1 minute\" \/>\n<script type=\"application\/ld+json\" class=\"yoast-schema-graph\">{\"@context\":\"https:\/\/schema.org\",\"@graph\":[{\"@type\":\"WebPage\",\"@id\":\"https:\/\/www.hotelaqua.sk\/sk\/rodiny-a-deti\/\",\"url\":\"https:\/\/www.hotelaqua.sk\/sk\/rodiny-a-deti\/\",\"name\":\"Rodiny a deti - HOTEL AQUA VARGA ***\",\"isPartOf\":{\"@id\":\"https:\/\/www.hotelaqua.sk\/sk\/#website\"},\"primaryImageOfPage\":{\"@id\":\"https:\/\/www.hotelaqua.sk\/sk\/rodiny-a-deti\/#primaryimage\"},\"image\":{\"@id\":\"https:\/\/www.hotelaqua.sk\/sk\/rodiny-a-deti\/#primaryimage\"},\"thumbnailUrl\":\"https:\/\/www.hotelaqua.sk\/wp-content\/uploads\/2019\/06\/IMG-0875-e1559723109959.jpg\",\"datePublished\":\"2019-06-05T08:26:18+00:00\",\"dateModified\":\"2020-01-13T20:01:52+00:00\",\"breadcrumb\":{\"@id\":\"https:\/\/www.hotelaqua.sk\/sk\/rodiny-a-deti\/#breadcrumb\"},\"inLanguage\":\"en-GB\",\"potentialAction\":[{\"@type\":\"ReadAction\",\"target\":[\"https:\/\/www.hotelaqua.sk\/sk\/rodiny-a-deti\/\"]}]},{\"@type\":\"ImageObject\",\"inLanguage\":\"en-GB\",\"@id\":\"https:\/\/www.hotelaqua.sk\/sk\/rodiny-a-deti\/#primaryimage\",\"url\":\"https:\/\/www.hotelaqua.sk\/wp-content\/uploads\/2019\/06\/IMG-0875-e1559723109959.jpg\",\"contentUrl\":\"https:\/\/www.hotelaqua.sk\/wp-content\/uploads\/2019\/06\/IMG-0875-e1559723109959.jpg\",\"width\":3024,\"height\":4032,\"caption\":\"detsk\u00fd k\u00fatik v interi\u00e9ri Hotel Thermal Varga Ve\u013ek\u00fd Meder\"},{\"@type\":\"BreadcrumbList\",\"@id\":\"https:\/\/www.hotelaqua.sk\/sk\/rodiny-a-deti\/#breadcrumb\",\"itemListElement\":[{\"@type\":\"ListItem\",\"position\":1,\"name\":\"Domovsk\u00e1 str\u00e1nka\",\"item\":\"https:\/\/www.hotelaqua.sk\/pl\/basen-termalny-slowacja-velky-meder\/\"},{\"@type\":\"ListItem\",\"position\":2,\"name\":\"Rodiny a deti\"}]},{\"@type\":\"WebSite\",\"@id\":\"https:\/\/www.hotelaqua.sk\/sk\/#website\",\"url\":\"https:\/\/www.hotelaqua.sk\/sk\/\",\"name\":\"HOTEL AQUA VARGA ***\",\"description\":\"Hotel v bl\u00edzkosti term\u00e1lneho k\u00fapaliska vo Ve\u013ekom Mederi\",\"potentialAction\":[{\"@type\":\"SearchAction\",\"target\":{\"@type\":\"EntryPoint\",\"urlTemplate\":\"https:\/\/www.hotelaqua.sk\/sk\/?s={search_term_string}\"},\"query-input\":{\"@type\":\"PropertyValueSpecification\",\"valueRequired\":true,\"valueName\":\"search_term_string\"}}],\"inLanguage\":\"en-GB\"}]}<\/script>\n<!-- \/ Yoast SEO plugin. -->","yoast_head_json":{"title":"Rodiny a deti - HOTEL AQUA VARGA ***","robots":{"index":"index","follow":"follow","max-snippet":"max-snippet:-1","max-image-preview":"max-image-preview:large","max-video-preview":"max-video-preview:-1"},"canonical":"https:\/\/www.hotelaqua.sk\/sk\/rodiny-a-deti\/","og_locale":"en_GB","og_type":"article","og_title":"Rodiny a deti - HOTEL AQUA VARGA ***","og_description":"Vybavenie pre deti V\u00e1m i va\u0161im de\u0165om pon\u00fakame: detsk\u00fd k\u00fatik v interi\u00e9ri detsk\u00e9 postie\u013eky detsk\u00e9 stoli\u010dky v re\u0161taur\u00e1cii mo\u017enos\u0165 ohrevu detskej stravy v hotelovej re\u0161taur\u00e1cii nefaj\u010diarsky interi\u00e9r mo\u017enos\u0165 umiestnenia ko\u010d\u00edka na izbe zhovievavos\u0165 person\u00e1lu vo\u010di de\u0165om anima\u010dn\u00e9 programy pre deti (v r\u00e1mci \u0161peci\u00e1lnych pobytov \/ na po\u017eiadanie) detsk\u00e9 vani\u010dky na k\u00fapanie detsk\u00fd no\u010dn\u00edk detsk\u00e9 podbradn\u00edky [&hellip;]","og_url":"https:\/\/www.hotelaqua.sk\/sk\/rodiny-a-deti\/","og_site_name":"HOTEL AQUA VARGA ***","article_modified_time":"2020-01-13T20:01:52+00:00","og_image":[{"width":768,"height":1024,"url":"https:\/\/www.hotelaqua.sk\/wp-content\/uploads\/2019\/06\/IMG-0875-e1559723109959-768x1024.jpg","type":"image\/jpeg"}],"twitter_misc":{"Estimated reading time":"1 minute"},"schema":{"@context":"https:\/\/schema.org","@graph":[{"@type":"WebPage","@id":"https:\/\/www.hotelaqua.sk\/sk\/rodiny-a-deti\/","url":"https:\/\/www.hotelaqua.sk\/sk\/rodiny-a-deti\/","name":"Rodiny a deti - HOTEL AQUA VARGA ***","isPartOf":{"@id":"https:\/\/www.hotelaqua.sk\/sk\/#website"},"primaryImageOfPage":{"@id":"https:\/\/www.hotelaqua.sk\/sk\/rodiny-a-deti\/#primaryimage"},"image":{"@id":"https:\/\/www.hotelaqua.sk\/sk\/rodiny-a-deti\/#primaryimage"},"thumbnailUrl":"https:\/\/www.hotelaqua.sk\/wp-content\/uploads\/2019\/06\/IMG-0875-e1559723109959.jpg","datePublished":"2019-06-05T08:26:18+00:00","dateModified":"2020-01-13T20:01:52+00:00","breadcrumb":{"@id":"https:\/\/www.hotelaqua.sk\/sk\/rodiny-a-deti\/#breadcrumb"},"inLanguage":"en-GB","potentialAction":[{"@type":"ReadAction","target":["https:\/\/www.hotelaqua.sk\/sk\/rodiny-a-deti\/"]}]},{"@type":"ImageObject","inLanguage":"en-GB","@id":"https:\/\/www.hotelaqua.sk\/sk\/rodiny-a-deti\/#primaryimage","url":"https:\/\/www.hotelaqua.sk\/wp-content\/uploads\/2019\/06\/IMG-0875-e1559723109959.jpg","contentUrl":"https:\/\/www.hotelaqua.sk\/wp-content\/uploads\/2019\/06\/IMG-0875-e1559723109959.jpg","width":3024,"height":4032,"caption":"detsk\u00fd k\u00fatik v interi\u00e9ri Hotel Thermal Varga Ve\u013ek\u00fd Meder"},{"@type":"BreadcrumbList","@id":"https:\/\/www.hotelaqua.sk\/sk\/rodiny-a-deti\/#breadcrumb","itemListElement":[{"@type":"ListItem","position":1,"name":"Domovsk\u00e1 str\u00e1nka","item":"https:\/\/www.hotelaqua.sk\/pl\/basen-termalny-slowacja-velky-meder\/"},{"@type":"ListItem","position":2,"name":"Rodiny a deti"}]},{"@type":"WebSite","@id":"https:\/\/www.hotelaqua.sk\/sk\/#website","url":"https:\/\/www.hotelaqua.sk\/sk\/","name":"HOTEL AQUA VARGA ***","description":"Hotel v bl\u00edzkosti term\u00e1lneho k\u00fapaliska vo Ve\u013ekom Mederi","potentialAction":[{"@type":"SearchAction","target":{"@type":"EntryPoint","urlTemplate":"https:\/\/www.hotelaqua.sk\/sk\/?s={search_term_string}"},"query-input":{"@type":"PropertyValueSpecification","valueRequired":true,"valueName":"search_term_string"}}],"inLanguage":"en-GB"}]}},"_links":{"self":[{"href":"https:\/\/www.hotelaqua.sk\/en\/wp-json\/wp\/v2\/pages\/2016","targetHints":{"allow":["GET"]}}],"collection":[{"href":"https:\/\/www.hotelaqua.sk\/en\/wp-json\/wp\/v2\/pages"}],"about":[{"href":"https:\/\/www.hotelaqua.sk\/en\/wp-json\/wp\/v2\/types\/page"}],"author":[{"embeddable":true,"href":"https:\/\/www.hotelaqua.sk\/en\/wp-json\/wp\/v2\/users\/2"}],"replies":[{"embeddable":true,"href":"https:\/\/www.hotelaqua.sk\/en\/wp-json\/wp\/v2\/comments?post=2016"}],"version-history":[{"count":1,"href":"https:\/\/www.hotelaqua.sk\/en\/wp-json\/wp\/v2\/pages\/2016\/revisions"}],"predecessor-version":[{"id":2025,"href":"https:\/\/www.hotelaqua.sk\/en\/wp-json\/wp\/v2\/pages\/2016\/revisions\/2025"}],"wp:featuredmedia":[{"embeddable":true,"href":"https:\/\/www.hotelaqua.sk\/en\/wp-json\/wp\/v2\/media\/2020"}],"wp:attachment":[{"href":"https:\/\/www.hotelaqua.sk\/en\/wp-json\/wp\/v2\/media?parent=2016"}],"curies":[{"name":"wp","href":"https:\/\/api.w.org\/{rel}","templated":true}]}}