{"id":162,"date":"2015-11-28T00:43:59","date_gmt":"2015-11-27T23:43:59","guid":{"rendered":"http:\/\/hotelaqua.htsys.sk\/?page_id=162"},"modified":"2016-07-22T17:23:24","modified_gmt":"2016-07-22T15:23:24","slug":"restaurant","status":"publish","type":"page","link":"https:\/\/www.hotelaqua.sk\/en\/restaurant\/","title":{"rendered":"Restaurant"},"content":{"rendered":"<h1 style=\"text-align: center;\">Hotel Aqua ***<\/h1>\n<h2 style=\"text-align: center;\">Food and accommodation at the thermal swimming pool &amp; SPA Velky Meder Slovakia<\/h2>\n<p>Our cuisine (gastronomy, buffet)<br \/>\n<strong> We believe we are what we eat.<\/strong><br \/>\nFood is rich buffet, served opposite the entrance of the hotel Aqua in the restaurant of Hotel Thermal Varga ***. Convenient, foot (30 meters) over a nice hotel park walk you get to the restaurant for breakfast and dinner.<\/p>\n<p><em> The basis of our cuisine consists<\/em><br \/>\n<strong> Harmony of flavors<\/strong><br \/>\nEmphasis on taste quality ingredients is a basic attitude of honest food from our kitchen. We are guided by the idea: beauty in simplicity.<\/p>\n<p><strong> Traditional<\/strong><br \/>\nThe basic point is the kitchen family tradition that secures not only the basis of the family but also the qualitative requirements for the selection of raw materials.<\/p>\n<p><strong> Raw materials selection<\/strong><br \/>\nThe supply, we try to build on the quality of offered in our region. Honest consideration of every detail of the raw materials is the basis of our success.<\/p>\n<div class=\"rgg-container\" data-rgg-id=\"1\">    <div class=\"rgg-imagegrid captions-title captions-effect-none \" data-rgg-id=\"1\">\n                    <a href=\"https:\/\/www.hotelaqua.sk\/wp-content\/uploads\/2015\/10\/kava-ranajky.jpg\" data-rel=\"rgg\" rel=\"rgg\" title=\"\" class=\"rgg-disabled size-medium rgg-img\" data-src=\"https:\/\/www.hotelaqua.sk\/wp-content\/uploads\/2015\/10\/kava-ranajky-300x300.jpg\" data-ratio=\"1\" data-height=\"300\" data-width=\"300\" aria-label=\"\">\n                            <\/a>\n                    <a href=\"https:\/\/www.hotelaqua.sk\/wp-content\/uploads\/2015\/10\/47fe498d8f13a605d035.jpg\" data-rel=\"rgg\" rel=\"rgg\" title=\"\" class=\"rgg-disabled size-medium rgg-img\" data-src=\"https:\/\/www.hotelaqua.sk\/wp-content\/uploads\/2015\/10\/47fe498d8f13a605d035-300x140.jpg\" data-ratio=\"2.14285714286\" data-height=\"140\" data-width=\"300\" aria-label=\"\">\n                            <\/a>\n                    <a href=\"https:\/\/www.hotelaqua.sk\/wp-content\/uploads\/2015\/12\/DSC_0110-1024x683.jpg\" data-rel=\"rgg\" rel=\"rgg\" title=\"\" class=\"rgg-disabled size-medium rgg-img\" data-src=\"https:\/\/www.hotelaqua.sk\/wp-content\/uploads\/2015\/12\/DSC_0110-300x200.jpg\" data-ratio=\"1.5\" data-height=\"200\" data-width=\"300\" aria-label=\"\">\n                            <\/a>\n                    <a href=\"https:\/\/www.hotelaqua.sk\/wp-content\/uploads\/2015\/10\/vegetables-1024x661.jpg\" data-rel=\"rgg\" rel=\"rgg\" title=\"\" class=\"rgg-disabled size-medium rgg-img\" data-src=\"https:\/\/www.hotelaqua.sk\/wp-content\/uploads\/2015\/10\/vegetables-300x194.jpg\" data-ratio=\"1.54639175258\" data-height=\"194\" data-width=\"300\" aria-label=\"\">\n                            <\/a>\n                    <a href=\"https:\/\/www.hotelaqua.sk\/wp-content\/uploads\/2015\/12\/restauracia-Hotel-Thermal-Varga-1024x683.jpg\" data-rel=\"rgg\" rel=\"rgg\" title=\"\" class=\"rgg-disabled size-medium rgg-img\" data-src=\"https:\/\/www.hotelaqua.sk\/wp-content\/uploads\/2015\/12\/restauracia-Hotel-Thermal-Varga-300x200.jpg\" data-ratio=\"1.5\" data-height=\"200\" data-width=\"300\" aria-label=\"\">\n                            <\/a>\n                    <a href=\"https:\/\/www.hotelaqua.sk\/wp-content\/uploads\/2015\/10\/svedske-stoly-gastro-DSC_0088-1024x683.jpg\" data-rel=\"rgg\" rel=\"rgg\" title=\"\" class=\"rgg-disabled size-medium rgg-img\" data-src=\"https:\/\/www.hotelaqua.sk\/wp-content\/uploads\/2015\/10\/svedske-stoly-gastro-DSC_0088-300x200.jpg\" data-ratio=\"1.5\" data-height=\"200\" data-width=\"300\" aria-label=\"\">\n                            <\/a>\n                    <a href=\"https:\/\/www.hotelaqua.sk\/wp-content\/uploads\/2015\/10\/CheeseAssortment1-1024x709.jpg\" data-rel=\"rgg\" rel=\"rgg\" title=\"\" class=\"rgg-disabled size-medium rgg-img\" data-src=\"https:\/\/www.hotelaqua.sk\/wp-content\/uploads\/2015\/10\/CheeseAssortment1-300x208.jpg\" data-ratio=\"1.44230769231\" data-height=\"208\" data-width=\"300\" aria-label=\"\">\n                            <\/a>\n                    <a href=\"https:\/\/www.hotelaqua.sk\/wp-content\/uploads\/2015\/11\/12241041_10154113222250329_5072285869552796592_o-1024x683.jpg\" data-rel=\"rgg\" rel=\"rgg\" title=\"\" class=\"rgg-disabled size-medium rgg-img\" data-src=\"https:\/\/www.hotelaqua.sk\/wp-content\/uploads\/2015\/11\/12241041_10154113222250329_5072285869552796592_o-300x200.jpg\" data-ratio=\"1.5\" data-height=\"200\" data-width=\"300\" aria-label=\"\">\n                            <\/a>\n                    <a href=\"https:\/\/www.hotelaqua.sk\/wp-content\/uploads\/2015\/10\/zakusky_RAC8076-1024x684.jpg\" data-rel=\"rgg\" rel=\"rgg\" title=\"\" class=\"rgg-disabled size-medium rgg-img\" data-src=\"https:\/\/www.hotelaqua.sk\/wp-content\/uploads\/2015\/10\/zakusky_RAC8076-300x200.jpg\" data-ratio=\"1.5\" data-height=\"200\" data-width=\"300\" aria-label=\"\">\n                            <\/a>\n                    <a href=\"https:\/\/www.hotelaqua.sk\/wp-content\/uploads\/2015\/10\/svedske-stoly-gastro-DSC_0095-1024x683.jpg\" data-rel=\"rgg\" rel=\"rgg\" title=\"\" class=\"rgg-disabled size-medium rgg-img\" data-src=\"https:\/\/www.hotelaqua.sk\/wp-content\/uploads\/2015\/10\/svedske-stoly-gastro-DSC_0095-300x200.jpg\" data-ratio=\"1.5\" data-height=\"200\" data-width=\"300\" aria-label=\"\">\n                            <\/a>\n            <\/div>\n<\/div>\n","protected":false},"excerpt":{"rendered":"<p>Hotel Aqua *** Food and accommodation at the thermal swimming pool &amp; SPA Velky Meder Slovakia Our cuisine (gastronomy, buffet) We believe we are what we eat. Food is rich buffet, served opposite the entrance of the hotel Aqua in the restaurant of Hotel Thermal Varga ***. Convenient, foot (30 meters) over a nice hotel [&hellip;]<\/p>\n","protected":false},"author":1,"featured_media":280,"parent":0,"menu_order":0,"comment_status":"closed","ping_status":"closed","template":"","meta":{"footnotes":""},"class_list":["post-162","page","type-page","status-publish","has-post-thumbnail","hentry"],"yoast_head":"<!-- This site is optimized with the Yoast SEO plugin v25.3.1 - https:\/\/yoast.com\/wordpress\/plugins\/seo\/ -->\n<title>Restaurant - HOTEL AQUA VARGA ***<\/title>\n<meta name=\"robots\" content=\"index, follow, max-snippet:-1, max-image-preview:large, max-video-preview:-1\" \/>\n<link rel=\"canonical\" href=\"https:\/\/www.hotelaqua.sk\/en\/restaurant\/\" \/>\n<meta property=\"og:locale\" content=\"en_GB\" \/>\n<meta property=\"og:type\" content=\"article\" \/>\n<meta property=\"og:title\" content=\"Restaurant - HOTEL AQUA VARGA ***\" \/>\n<meta property=\"og:description\" content=\"Hotel Aqua *** Food and accommodation at the thermal swimming pool &amp; SPA Velky Meder Slovakia Our cuisine (gastronomy, buffet) We believe we are what we eat. Food is rich buffet, served opposite the entrance of the hotel Aqua in the restaurant of Hotel Thermal Varga ***. Convenient, foot (30 meters) over a nice hotel [&hellip;]\" \/>\n<meta property=\"og:url\" content=\"https:\/\/www.hotelaqua.sk\/en\/restaurant\/\" \/>\n<meta property=\"og:site_name\" content=\"HOTEL AQUA VARGA ***\" \/>\n<meta property=\"article:modified_time\" content=\"2016-07-22T15:23:24+00:00\" \/>\n<meta property=\"og:image\" content=\"https:\/\/www.hotelaqua.sk\/wp-content\/uploads\/2015\/12\/DSC_0110-e1481544478751.jpg\" \/>\n\t<meta property=\"og:image:width\" content=\"1920\" \/>\n\t<meta property=\"og:image:height\" content=\"1280\" \/>\n\t<meta property=\"og:image:type\" content=\"image\/jpeg\" \/>\n<meta name=\"twitter:label1\" content=\"Estimated reading time\" \/>\n\t<meta name=\"twitter:data1\" content=\"1 minute\" \/>\n<script type=\"application\/ld+json\" class=\"yoast-schema-graph\">{\"@context\":\"https:\/\/schema.org\",\"@graph\":[{\"@type\":\"WebPage\",\"@id\":\"https:\/\/www.hotelaqua.sk\/en\/restaurant\/\",\"url\":\"https:\/\/www.hotelaqua.sk\/en\/restaurant\/\",\"name\":\"Restaurant - HOTEL AQUA VARGA ***\",\"isPartOf\":{\"@id\":\"https:\/\/www.hotelaqua.sk\/sk\/#website\"},\"primaryImageOfPage\":{\"@id\":\"https:\/\/www.hotelaqua.sk\/en\/restaurant\/#primaryimage\"},\"image\":{\"@id\":\"https:\/\/www.hotelaqua.sk\/en\/restaurant\/#primaryimage\"},\"thumbnailUrl\":\"https:\/\/www.hotelaqua.sk\/wp-content\/uploads\/2015\/12\/DSC_0110-e1481544478751.jpg\",\"datePublished\":\"2015-11-27T23:43:59+00:00\",\"dateModified\":\"2016-07-22T15:23:24+00:00\",\"breadcrumb\":{\"@id\":\"https:\/\/www.hotelaqua.sk\/en\/restaurant\/#breadcrumb\"},\"inLanguage\":\"en-GB\",\"potentialAction\":[{\"@type\":\"ReadAction\",\"target\":[\"https:\/\/www.hotelaqua.sk\/en\/restaurant\/\"]}]},{\"@type\":\"ImageObject\",\"inLanguage\":\"en-GB\",\"@id\":\"https:\/\/www.hotelaqua.sk\/en\/restaurant\/#primaryimage\",\"url\":\"https:\/\/www.hotelaqua.sk\/wp-content\/uploads\/2015\/12\/DSC_0110-e1481544478751.jpg\",\"contentUrl\":\"https:\/\/www.hotelaqua.sk\/wp-content\/uploads\/2015\/12\/DSC_0110-e1481544478751.jpg\",\"width\":1920,\"height\":1280},{\"@type\":\"BreadcrumbList\",\"@id\":\"https:\/\/www.hotelaqua.sk\/en\/restaurant\/#breadcrumb\",\"itemListElement\":[{\"@type\":\"ListItem\",\"position\":1,\"name\":\"Domovsk\u00e1 str\u00e1nka\",\"item\":\"https:\/\/www.hotelaqua.sk\/en\/what-to-do-in-slovakia-hotel-aqua-wellness-spa\/\"},{\"@type\":\"ListItem\",\"position\":2,\"name\":\"Restaurant\"}]},{\"@type\":\"WebSite\",\"@id\":\"https:\/\/www.hotelaqua.sk\/sk\/#website\",\"url\":\"https:\/\/www.hotelaqua.sk\/sk\/\",\"name\":\"HOTEL AQUA VARGA ***\",\"description\":\"Hotel v bl\u00edzkosti term\u00e1lneho k\u00fapaliska vo Ve\u013ekom Mederi\",\"potentialAction\":[{\"@type\":\"SearchAction\",\"target\":{\"@type\":\"EntryPoint\",\"urlTemplate\":\"https:\/\/www.hotelaqua.sk\/sk\/?s={search_term_string}\"},\"query-input\":{\"@type\":\"PropertyValueSpecification\",\"valueRequired\":true,\"valueName\":\"search_term_string\"}}],\"inLanguage\":\"en-GB\"}]}<\/script>\n<!-- \/ Yoast SEO plugin. -->","yoast_head_json":{"title":"Restaurant - HOTEL AQUA VARGA ***","robots":{"index":"index","follow":"follow","max-snippet":"max-snippet:-1","max-image-preview":"max-image-preview:large","max-video-preview":"max-video-preview:-1"},"canonical":"https:\/\/www.hotelaqua.sk\/en\/restaurant\/","og_locale":"en_GB","og_type":"article","og_title":"Restaurant - HOTEL AQUA VARGA ***","og_description":"Hotel Aqua *** Food and accommodation at the thermal swimming pool &amp; SPA Velky Meder Slovakia Our cuisine (gastronomy, buffet) We believe we are what we eat. Food is rich buffet, served opposite the entrance of the hotel Aqua in the restaurant of Hotel Thermal Varga ***. Convenient, foot (30 meters) over a nice hotel [&hellip;]","og_url":"https:\/\/www.hotelaqua.sk\/en\/restaurant\/","og_site_name":"HOTEL AQUA VARGA ***","article_modified_time":"2016-07-22T15:23:24+00:00","og_image":[{"width":1920,"height":1280,"url":"https:\/\/www.hotelaqua.sk\/wp-content\/uploads\/2015\/12\/DSC_0110-e1481544478751.jpg","type":"image\/jpeg"}],"twitter_misc":{"Estimated reading time":"1 minute"},"schema":{"@context":"https:\/\/schema.org","@graph":[{"@type":"WebPage","@id":"https:\/\/www.hotelaqua.sk\/en\/restaurant\/","url":"https:\/\/www.hotelaqua.sk\/en\/restaurant\/","name":"Restaurant - HOTEL AQUA VARGA ***","isPartOf":{"@id":"https:\/\/www.hotelaqua.sk\/sk\/#website"},"primaryImageOfPage":{"@id":"https:\/\/www.hotelaqua.sk\/en\/restaurant\/#primaryimage"},"image":{"@id":"https:\/\/www.hotelaqua.sk\/en\/restaurant\/#primaryimage"},"thumbnailUrl":"https:\/\/www.hotelaqua.sk\/wp-content\/uploads\/2015\/12\/DSC_0110-e1481544478751.jpg","datePublished":"2015-11-27T23:43:59+00:00","dateModified":"2016-07-22T15:23:24+00:00","breadcrumb":{"@id":"https:\/\/www.hotelaqua.sk\/en\/restaurant\/#breadcrumb"},"inLanguage":"en-GB","potentialAction":[{"@type":"ReadAction","target":["https:\/\/www.hotelaqua.sk\/en\/restaurant\/"]}]},{"@type":"ImageObject","inLanguage":"en-GB","@id":"https:\/\/www.hotelaqua.sk\/en\/restaurant\/#primaryimage","url":"https:\/\/www.hotelaqua.sk\/wp-content\/uploads\/2015\/12\/DSC_0110-e1481544478751.jpg","contentUrl":"https:\/\/www.hotelaqua.sk\/wp-content\/uploads\/2015\/12\/DSC_0110-e1481544478751.jpg","width":1920,"height":1280},{"@type":"BreadcrumbList","@id":"https:\/\/www.hotelaqua.sk\/en\/restaurant\/#breadcrumb","itemListElement":[{"@type":"ListItem","position":1,"name":"Domovsk\u00e1 str\u00e1nka","item":"https:\/\/www.hotelaqua.sk\/en\/what-to-do-in-slovakia-hotel-aqua-wellness-spa\/"},{"@type":"ListItem","position":2,"name":"Restaurant"}]},{"@type":"WebSite","@id":"https:\/\/www.hotelaqua.sk\/sk\/#website","url":"https:\/\/www.hotelaqua.sk\/sk\/","name":"HOTEL AQUA VARGA ***","description":"Hotel v bl\u00edzkosti term\u00e1lneho k\u00fapaliska vo Ve\u013ekom Mederi","potentialAction":[{"@type":"SearchAction","target":{"@type":"EntryPoint","urlTemplate":"https:\/\/www.hotelaqua.sk\/sk\/?s={search_term_string}"},"query-input":{"@type":"PropertyValueSpecification","valueRequired":true,"valueName":"search_term_string"}}],"inLanguage":"en-GB"}]}},"_links":{"self":[{"href":"https:\/\/www.hotelaqua.sk\/en\/wp-json\/wp\/v2\/pages\/162","targetHints":{"allow":["GET"]}}],"collection":[{"href":"https:\/\/www.hotelaqua.sk\/en\/wp-json\/wp\/v2\/pages"}],"about":[{"href":"https:\/\/www.hotelaqua.sk\/en\/wp-json\/wp\/v2\/types\/page"}],"author":[{"embeddable":true,"href":"https:\/\/www.hotelaqua.sk\/en\/wp-json\/wp\/v2\/users\/1"}],"replies":[{"embeddable":true,"href":"https:\/\/www.hotelaqua.sk\/en\/wp-json\/wp\/v2\/comments?post=162"}],"version-history":[{"count":4,"href":"https:\/\/www.hotelaqua.sk\/en\/wp-json\/wp\/v2\/pages\/162\/revisions"}],"predecessor-version":[{"id":818,"href":"https:\/\/www.hotelaqua.sk\/en\/wp-json\/wp\/v2\/pages\/162\/revisions\/818"}],"wp:featuredmedia":[{"embeddable":true,"href":"https:\/\/www.hotelaqua.sk\/en\/wp-json\/wp\/v2\/media\/280"}],"wp:attachment":[{"href":"https:\/\/www.hotelaqua.sk\/en\/wp-json\/wp\/v2\/media?parent=162"}],"curies":[{"name":"wp","href":"https:\/\/api.w.org\/{rel}","templated":true}]}}