{"id":150,"date":"2015-11-28T00:37:35","date_gmt":"2015-11-27T23:37:35","guid":{"rendered":"http:\/\/hotelaqua.htsys.sk\/?page_id=150"},"modified":"2016-02-06T22:56:17","modified_gmt":"2016-02-06T21:56:17","slug":"bratislava-places-to-visit-spa-velky-meder-piestany","status":"publish","type":"page","link":"https:\/\/www.hotelaqua.sk\/en\/bratislava-places-to-visit-spa-velky-meder-piestany\/","title":{"rendered":"Packages"},"content":{"rendered":"<h1 style=\"text-align: center;\">Spa&amp;Wellness Velky Meder 60km from Bratislava<\/h1>\n<h3 style=\"text-align: center;\"><span style=\"color: #0f0d6d;\">Bratislava places to visit<\/span><\/h3>\n<p><b>Why to choose Hotel Aqua *** and Hotel Thermal Varga ***<\/b><\/p>\n<ul>\n<li>comfortable accommodation in a quiet area overlooking the forest park<\/li>\n<li>next door to the SPA, swimming pools<\/li>\n<li>gastronomic specialties of Hungarian cuisine<\/li>\n<li>animations<\/li>\n<li>smile and willingness at every step<\/li>\n<li>What to visit in Bratislava Slovakia <a href=\"http:\/\/www.thermalcorvinus.eu\">SPA Slovakia Velky Meder<\/a><\/li>\n<\/ul>\n<p>SPA Velky Meder is one of the most visited SPA and waterparks in Slovakia.\u00a0Thermal water has beneficial effects on arthritic conditions and the recovery of the body. Thanks to the mineral composition and temperature is extremely useful especially for people with musculoskeletal diseases, but also is used to treat various other difficulties, inc. muscles.<\/p>\n<p>Velky Meder Therme is the best waterpark and second best spa town in Slovakia next to the world famous spa town of Pie\u0161\u0165any.\u00a0 Its fame is associated with the medicinal geothermal water and medicinal sulphuric mud. The mud and thermal mineral water in Pie\u0161\u0165any have remarkable therapeutic effects on locomotion apparatus disorders and are unique not only in Europe, but worldwide too.<\/p>\n<figure id=\"attachment_105\" aria-describedby=\"caption-attachment-105\" style=\"width: 300px\" class=\"wp-caption alignleft\"><a href=\"http:\/\/www.hotelaqua.sk\/wp-content\/uploads\/2015\/11\/dovolenka_na_slovensku_2014_b_f9b102927c0d23fa.jpg\" rel=\"attachment wp-att-105\"><img loading=\"lazy\" decoding=\"async\" class=\"wp-image-105 size-medium\" src=\"http:\/\/www.hotelaqua.sk\/wp-content\/uploads\/2015\/11\/dovolenka_na_slovensku_2014_b_f9b102927c0d23fa-300x225.jpg\" alt=\"\" width=\"300\" height=\"225\" srcset=\"https:\/\/www.hotelaqua.sk\/wp-content\/uploads\/2015\/11\/dovolenka_na_slovensku_2014_b_f9b102927c0d23fa-300x225.jpg 300w, https:\/\/www.hotelaqua.sk\/wp-content\/uploads\/2015\/11\/dovolenka_na_slovensku_2014_b_f9b102927c0d23fa.jpg 800w\" sizes=\"auto, (max-width: 300px) 100vw, 300px\" \/><\/a><figcaption id=\"caption-attachment-105\" class=\"wp-caption-text\">Term\u00e1lne k\u00fapalisko Ve\u013ek\u00fd Meder Thermal Corvinus Hotel Thermal Aqua Varga wellness kupele lazne termalni koupali\u0161t\u011b<\/figcaption><\/figure>\n<p>The 2 and more days stay in Hotel Aqua *** and Hotel Thermal Varga *** includes free entrance to the water world, wellness and spa Velky Meder named THERMAL CORVINUS. <strong>Hotel Includes free bathrobe witch can be used to walk to the 38 C outdoors pools.<\/strong><\/p>\n","protected":false},"excerpt":{"rendered":"<p>Spa&amp;Wellness Velky Meder 60km from Bratislava Bratislava places to visit Why to choose Hotel Aqua *** and Hotel Thermal Varga *** comfortable accommodation in a quiet area overlooking the forest park next door to the SPA, swimming pools gastronomic specialties of Hungarian cuisine animations smile and willingness at every step What to visit in Bratislava [&hellip;]<\/p>\n","protected":false},"author":1,"featured_media":108,"parent":0,"menu_order":0,"comment_status":"closed","ping_status":"closed","template":"","meta":{"footnotes":""},"class_list":["post-150","page","type-page","status-publish","has-post-thumbnail","hentry"],"yoast_head":"<!-- This site is optimized with the Yoast SEO plugin v25.3.1 - https:\/\/yoast.com\/wordpress\/plugins\/seo\/ -->\n<title>Bratislava places to visit in Slovaka Hotel Aqua *** SPA Velky Meder<\/title>\n<meta name=\"robots\" content=\"index, follow, max-snippet:-1, max-image-preview:large, max-video-preview:-1\" \/>\n<link rel=\"canonical\" href=\"https:\/\/www.hotelaqua.sk\/en\/bratislava-places-to-visit-spa-velky-meder-piestany\/\" \/>\n<meta property=\"og:locale\" content=\"en_GB\" \/>\n<meta property=\"og:type\" content=\"article\" \/>\n<meta property=\"og:title\" content=\"Bratislava places to visit in Slovaka Hotel Aqua *** SPA Velky Meder\" \/>\n<meta property=\"og:description\" content=\"Spa&amp;Wellness Velky Meder 60km from Bratislava Bratislava places to visit Why to choose Hotel Aqua *** and Hotel Thermal Varga *** comfortable accommodation in a quiet area overlooking the forest park next door to the SPA, swimming pools gastronomic specialties of Hungarian cuisine animations smile and willingness at every step What to visit in Bratislava [&hellip;]\" \/>\n<meta property=\"og:url\" content=\"https:\/\/www.hotelaqua.sk\/en\/bratislava-places-to-visit-spa-velky-meder-piestany\/\" \/>\n<meta property=\"og:site_name\" content=\"HOTEL AQUA VARGA ***\" \/>\n<meta property=\"article:modified_time\" content=\"2016-02-06T21:56:17+00:00\" \/>\n<meta property=\"og:image\" content=\"https:\/\/www.hotelaqua.sk\/wp-content\/uploads\/2015\/11\/IMG_8640.jpg\" \/>\n\t<meta property=\"og:image:width\" content=\"2400\" \/>\n\t<meta property=\"og:image:height\" content=\"1295\" \/>\n\t<meta property=\"og:image:type\" content=\"image\/jpeg\" \/>\n<meta name=\"twitter:label1\" content=\"Estimated reading time\" \/>\n\t<meta name=\"twitter:data1\" content=\"1 minute\" \/>\n<script type=\"application\/ld+json\" class=\"yoast-schema-graph\">{\"@context\":\"https:\/\/schema.org\",\"@graph\":[{\"@type\":\"WebPage\",\"@id\":\"https:\/\/www.hotelaqua.sk\/en\/bratislava-places-to-visit-spa-velky-meder-piestany\/\",\"url\":\"https:\/\/www.hotelaqua.sk\/en\/bratislava-places-to-visit-spa-velky-meder-piestany\/\",\"name\":\"Bratislava places to visit in Slovaka Hotel Aqua *** SPA Velky Meder\",\"isPartOf\":{\"@id\":\"https:\/\/www.hotelaqua.sk\/sk\/#website\"},\"primaryImageOfPage\":{\"@id\":\"https:\/\/www.hotelaqua.sk\/en\/bratislava-places-to-visit-spa-velky-meder-piestany\/#primaryimage\"},\"image\":{\"@id\":\"https:\/\/www.hotelaqua.sk\/en\/bratislava-places-to-visit-spa-velky-meder-piestany\/#primaryimage\"},\"thumbnailUrl\":\"https:\/\/www.hotelaqua.sk\/wp-content\/uploads\/2015\/11\/IMG_8640.jpg\",\"datePublished\":\"2015-11-27T23:37:35+00:00\",\"dateModified\":\"2016-02-06T21:56:17+00:00\",\"breadcrumb\":{\"@id\":\"https:\/\/www.hotelaqua.sk\/en\/bratislava-places-to-visit-spa-velky-meder-piestany\/#breadcrumb\"},\"inLanguage\":\"en-GB\",\"potentialAction\":[{\"@type\":\"ReadAction\",\"target\":[\"https:\/\/www.hotelaqua.sk\/en\/bratislava-places-to-visit-spa-velky-meder-piestany\/\"]}]},{\"@type\":\"ImageObject\",\"inLanguage\":\"en-GB\",\"@id\":\"https:\/\/www.hotelaqua.sk\/en\/bratislava-places-to-visit-spa-velky-meder-piestany\/#primaryimage\",\"url\":\"https:\/\/www.hotelaqua.sk\/wp-content\/uploads\/2015\/11\/IMG_8640.jpg\",\"contentUrl\":\"https:\/\/www.hotelaqua.sk\/wp-content\/uploads\/2015\/11\/IMG_8640.jpg\",\"width\":2400,\"height\":1295,\"caption\":\"Wellness pobyty Term\u00e1lne k\u00fapalisko Ve\u013ek\u00fd Meder Thermal Corvinus Hotel Aqua Thermal Varga spa z\u013eavy\"},{\"@type\":\"BreadcrumbList\",\"@id\":\"https:\/\/www.hotelaqua.sk\/en\/bratislava-places-to-visit-spa-velky-meder-piestany\/#breadcrumb\",\"itemListElement\":[{\"@type\":\"ListItem\",\"position\":1,\"name\":\"Domovsk\u00e1 str\u00e1nka\",\"item\":\"https:\/\/www.hotelaqua.sk\/en\/what-to-do-in-slovakia-hotel-aqua-wellness-spa\/\"},{\"@type\":\"ListItem\",\"position\":2,\"name\":\"Packages\"}]},{\"@type\":\"WebSite\",\"@id\":\"https:\/\/www.hotelaqua.sk\/sk\/#website\",\"url\":\"https:\/\/www.hotelaqua.sk\/sk\/\",\"name\":\"HOTEL AQUA VARGA ***\",\"description\":\"Hotel v bl\u00edzkosti term\u00e1lneho k\u00fapaliska vo Ve\u013ekom Mederi\",\"potentialAction\":[{\"@type\":\"SearchAction\",\"target\":{\"@type\":\"EntryPoint\",\"urlTemplate\":\"https:\/\/www.hotelaqua.sk\/sk\/?s={search_term_string}\"},\"query-input\":{\"@type\":\"PropertyValueSpecification\",\"valueRequired\":true,\"valueName\":\"search_term_string\"}}],\"inLanguage\":\"en-GB\"}]}<\/script>\n<!-- \/ Yoast SEO plugin. -->","yoast_head_json":{"title":"Bratislava places to visit in Slovaka Hotel Aqua *** SPA Velky Meder","robots":{"index":"index","follow":"follow","max-snippet":"max-snippet:-1","max-image-preview":"max-image-preview:large","max-video-preview":"max-video-preview:-1"},"canonical":"https:\/\/www.hotelaqua.sk\/en\/bratislava-places-to-visit-spa-velky-meder-piestany\/","og_locale":"en_GB","og_type":"article","og_title":"Bratislava places to visit in Slovaka Hotel Aqua *** SPA Velky Meder","og_description":"Spa&amp;Wellness Velky Meder 60km from Bratislava Bratislava places to visit Why to choose Hotel Aqua *** and Hotel Thermal Varga *** comfortable accommodation in a quiet area overlooking the forest park next door to the SPA, swimming pools gastronomic specialties of Hungarian cuisine animations smile and willingness at every step What to visit in Bratislava [&hellip;]","og_url":"https:\/\/www.hotelaqua.sk\/en\/bratislava-places-to-visit-spa-velky-meder-piestany\/","og_site_name":"HOTEL AQUA VARGA ***","article_modified_time":"2016-02-06T21:56:17+00:00","og_image":[{"width":2400,"height":1295,"url":"https:\/\/www.hotelaqua.sk\/wp-content\/uploads\/2015\/11\/IMG_8640.jpg","type":"image\/jpeg"}],"twitter_misc":{"Estimated reading time":"1 minute"},"schema":{"@context":"https:\/\/schema.org","@graph":[{"@type":"WebPage","@id":"https:\/\/www.hotelaqua.sk\/en\/bratislava-places-to-visit-spa-velky-meder-piestany\/","url":"https:\/\/www.hotelaqua.sk\/en\/bratislava-places-to-visit-spa-velky-meder-piestany\/","name":"Bratislava places to visit in Slovaka Hotel Aqua *** SPA Velky Meder","isPartOf":{"@id":"https:\/\/www.hotelaqua.sk\/sk\/#website"},"primaryImageOfPage":{"@id":"https:\/\/www.hotelaqua.sk\/en\/bratislava-places-to-visit-spa-velky-meder-piestany\/#primaryimage"},"image":{"@id":"https:\/\/www.hotelaqua.sk\/en\/bratislava-places-to-visit-spa-velky-meder-piestany\/#primaryimage"},"thumbnailUrl":"https:\/\/www.hotelaqua.sk\/wp-content\/uploads\/2015\/11\/IMG_8640.jpg","datePublished":"2015-11-27T23:37:35+00:00","dateModified":"2016-02-06T21:56:17+00:00","breadcrumb":{"@id":"https:\/\/www.hotelaqua.sk\/en\/bratislava-places-to-visit-spa-velky-meder-piestany\/#breadcrumb"},"inLanguage":"en-GB","potentialAction":[{"@type":"ReadAction","target":["https:\/\/www.hotelaqua.sk\/en\/bratislava-places-to-visit-spa-velky-meder-piestany\/"]}]},{"@type":"ImageObject","inLanguage":"en-GB","@id":"https:\/\/www.hotelaqua.sk\/en\/bratislava-places-to-visit-spa-velky-meder-piestany\/#primaryimage","url":"https:\/\/www.hotelaqua.sk\/wp-content\/uploads\/2015\/11\/IMG_8640.jpg","contentUrl":"https:\/\/www.hotelaqua.sk\/wp-content\/uploads\/2015\/11\/IMG_8640.jpg","width":2400,"height":1295,"caption":"Wellness pobyty Term\u00e1lne k\u00fapalisko Ve\u013ek\u00fd Meder Thermal Corvinus Hotel Aqua Thermal Varga spa z\u013eavy"},{"@type":"BreadcrumbList","@id":"https:\/\/www.hotelaqua.sk\/en\/bratislava-places-to-visit-spa-velky-meder-piestany\/#breadcrumb","itemListElement":[{"@type":"ListItem","position":1,"name":"Domovsk\u00e1 str\u00e1nka","item":"https:\/\/www.hotelaqua.sk\/en\/what-to-do-in-slovakia-hotel-aqua-wellness-spa\/"},{"@type":"ListItem","position":2,"name":"Packages"}]},{"@type":"WebSite","@id":"https:\/\/www.hotelaqua.sk\/sk\/#website","url":"https:\/\/www.hotelaqua.sk\/sk\/","name":"HOTEL AQUA VARGA ***","description":"Hotel v bl\u00edzkosti term\u00e1lneho k\u00fapaliska vo Ve\u013ekom Mederi","potentialAction":[{"@type":"SearchAction","target":{"@type":"EntryPoint","urlTemplate":"https:\/\/www.hotelaqua.sk\/sk\/?s={search_term_string}"},"query-input":{"@type":"PropertyValueSpecification","valueRequired":true,"valueName":"search_term_string"}}],"inLanguage":"en-GB"}]}},"_links":{"self":[{"href":"https:\/\/www.hotelaqua.sk\/en\/wp-json\/wp\/v2\/pages\/150","targetHints":{"allow":["GET"]}}],"collection":[{"href":"https:\/\/www.hotelaqua.sk\/en\/wp-json\/wp\/v2\/pages"}],"about":[{"href":"https:\/\/www.hotelaqua.sk\/en\/wp-json\/wp\/v2\/types\/page"}],"author":[{"embeddable":true,"href":"https:\/\/www.hotelaqua.sk\/en\/wp-json\/wp\/v2\/users\/1"}],"replies":[{"embeddable":true,"href":"https:\/\/www.hotelaqua.sk\/en\/wp-json\/wp\/v2\/comments?post=150"}],"version-history":[{"count":9,"href":"https:\/\/www.hotelaqua.sk\/en\/wp-json\/wp\/v2\/pages\/150\/revisions"}],"predecessor-version":[{"id":522,"href":"https:\/\/www.hotelaqua.sk\/en\/wp-json\/wp\/v2\/pages\/150\/revisions\/522"}],"wp:featuredmedia":[{"embeddable":true,"href":"https:\/\/www.hotelaqua.sk\/en\/wp-json\/wp\/v2\/media\/108"}],"wp:attachment":[{"href":"https:\/\/www.hotelaqua.sk\/en\/wp-json\/wp\/v2\/media?parent=150"}],"curies":[{"name":"wp","href":"https:\/\/api.w.org\/{rel}","templated":true}]}}