{"id":832,"date":"2016-07-23T13:45:30","date_gmt":"2016-07-23T11:45:30","guid":{"rendered":"http:\/\/www.hotelaqua.sk\/?page_id=832"},"modified":"2017-11-05T23:26:55","modified_gmt":"2017-11-05T22:26:55","slug":"aktivitaten-in-der-nahe","status":"publish","type":"page","link":"https:\/\/www.hotelaqua.sk\/de\/aktivitaten-in-der-nahe\/","title":{"rendered":"Aktivit\u00e4ten in der N\u00e4he"},"content":{"rendered":"<h3>Abenteuer Park<\/h3>\n<p>Der Freizeitpark Tarzania im Stadt Ve\u013ek\u00fd Meder ist mit seinen 671 m einer der l\u00e4ngsten Abenteuerparks in der Slowakei. Der Park ist f\u00fcr alle Altersgruppen (mit einer speziellen Spur f\u00fcr Kinder) und f\u00fcr Erholungssuchende verschiedener Niveaus konzipiert. Nehmen Sie Ihre Familie f\u00fcr das Abenteuer Ihres Lebens mit, indem Sie Ihre mentalen und physischen Grenzen testen.<\/p>\n<h3>4km Sportfischen am wei\u00dfen See<\/h3>\n<p>Kaufen Sie einen Angelschein f\u00fcr den nahen wei\u00dfen See. Sie k\u00f6nnen einen sch\u00f6nen Tag beim Angeln verbringen oder einfach in den See eintauchen und mit Ihrer Familie Spa\u00df haben, grillen, sich sonnen oder einfach nur entspannen. Sie finden es auf der Rute von Ve\u013ek\u00fd Meder nach Oko\u010d.<\/p>\n<h3>Entdecken Sie das gr\u00f6\u00dfte Landdelta Europas<\/h3>\n<p>Rye Island ist eine Flussinsel im S\u00fcdwesten der Slowakei, die sich von Bratislava nach Kom\u00e1rno erstreckt. Es liegt zwischen der Donau, ihrem Nebenfluss Kleine Donau und V\u00e1h. Die Insel ist ein wichtiger Teil der Donau-Ebene. Es ist die gr\u00f6\u00dfte Flussinsel Europas mit einer Fl\u00e4che von 1.886 km\u00b2, 84 km lang und 15 bis 30 km breit. Die Insel ist ein wichtiges Trinkwasserreservoir und eine landwirtschaftliche Region.<\/p>\n<p>Seine Fauna ist charakteristisch und EINZIGARTIG. Dies wurde von Jacques Cousteau, dem ber\u00fchmten Meeresforscher, erkl\u00e4rt, als er die autochtonen Arten des Zweigwassers von Dunajsk\u00fd Kl\u00e1tov studierte. Sein Film sorgte sp\u00e4ter f\u00fcr Furore. Rye Island ist die Heimat der gr\u00f6\u00dften S\u00fc\u00dfwasser-Schwammkolonie der Welt.<\/p>\n<h3>Donaureisen<\/h3>\n<p>Kommen Sie n\u00e4her an die Wildnis von Rye Island bei einer Boots- oder Kajakfahrt! Paddeln Sie mit uns auf den \u00c4sten der Donau in der N\u00e4he von Bod\u00edky &#8211; von erfahrenen Reiseleitern gef\u00fchrt &#8211; von Mai bis September! W\u00e4hrend der Tour finden Sie vertr\u00e4umte Orte und seltene Tiere. Selbst hartgesottene Reisende werden ab und zu von den fantastischen, fast unber\u00fchrten Landschaften (Wildwoods) von Rye Island \u00fcberrascht sein.<\/p>\n<h3>20km Gy\u0151r<\/h3>\n<p>Ungarns zweitgr\u00f6\u00dfte Stadt in historischen Geb\u00e4uden au\u00dferhalb von Budapest hat den europ\u00e4ischen Preis f\u00fcr den Schutz der historischen Geb\u00e4ude erhalten, in Anerkennung der Rekonstruktion des barocken Zentrums der Stadt. Kirchen, Pal\u00e4ste, Museen, charakteristische Eckbalkone und enge Gassen, die an eine geschichtstr\u00e4chtige Vergangenheit erinnern, laden zu einem Spaziergang im Zentrum der Stadt ein.<\/p>\n<h3>20km Das Wasserkraftwerk Gab\u010d\u00edkovo<\/h3>\n<p>ist an der Grenze Donau gebaut und ist das gr\u00f6\u00dfte Wasserkraftwerk des Landes in Bezug auf die Stromerzeugung. Auch nach dem R\u00fcckzug Ungarns aus dem Bau des Wasserkraftwerkes Gab\u010d\u00edkovo-Nagymaros ist die B\u00fchne Gab\u010d\u00edkovo die gleiche wie im urspr\u00fcnglichen Vertrag vorgesehen. Am HPP sind acht Sets mit einer Leistung von jeweils 90 MW installiert, von denen sechs \u00fcber eine gekapselte 400-kV-Umspannstation \u00fcbertragen werden, von der auch Ausg\u00e4nge nach Ungarn \u00fcbertragen werden. Mit der HPP gibt es auch Schiffsschleusen der internationalen Wasserstra\u00dfe Rhyne-Mohan-Donau, da der Oberwasserkanal zur HPP auch ein Teil dieser internationalen Wasserstra\u00dfe ist.<\/p>\n<h3>25km Die Schiffsm\u00fchle in Kol\u00e1rovo<\/h3>\n<p>ist eines unserer seltenen Artefakte, das die Kreativit\u00e4t und den Einfallsreichtum unserer Vorfahren beweist. Es funktioniert derzeit als ein M\u00fchlenmuseum. Es kann durch einen abenteuerlichen Spaziergang durch eine 86 Meter lange \u00fcberdachte Holzbr\u00fccke auf Stelzen erreicht werden, bekannt als die l\u00e4ngste Holzbr\u00fccke in Europa. Die Schiffswerft selbst und diese einzigartige Holzbr\u00fccke sind Teile des Freilichtmuseums, das die lokale Architektur des Orts zeigt. Ein kleiner Zoo mit Haustieren wurde auch in der N\u00e4he der M\u00fchle er\u00f6ffnet.<\/p>\n<h3>25km SLOVAKIA RING<\/h3>\n<p>befindet sich in Orechov\u00e1 Pot\u00f4\u0148 und ist ein professioneller und vielseitiger Motorsportkomplex. SLOVAKIA RING bietet unseren G\u00e4sten die einmalige Gelegenheit, ihre Fahrk\u00fcnste zu verbessern, den Ansturm zu erleben, die Strecke zu beschleunigen, ihre Techniken zu perfektionieren und die Spannung und Freiheit zu genie\u00dfen, die die Strecke hinter dem Steuer bietet. Der Komplex erf\u00fcllt alle FIM- und FIA-Kriterien f\u00fcr die Organisation und Durchf\u00fchrung gro\u00dfer internationaler Motorsportveranstaltungen, dank derer SLOVAKIA RING j\u00e4hrlich zum Standort f\u00fcr weltweite Motorsportveranstaltungen wird: FIA WTCC, FIA GT-Serie, ADAC GT Masters, Gro\u00dfer Preis der Slowakei f\u00fcr Stra\u00dfenfahrzeuge und die Alpe Adria Meisterschaft. Die SLOVAKIA RING-Parameter machen sie zu einer der l\u00e4ngsten Stra\u00dfen Europas.<\/p>\n<h3>25km MALKIA PARK<\/h3>\n<p>Die Tore der Rettungsstation MALKIA PARK in Orechov\u00e1 Pot\u00f4\u0148 wurden erstmals am 3. Juni 2016 er\u00f6ffnet. Prim\u00e4res Ziel ist es, optimale Lebensbedingungen f\u00fcr Tiere zu schaffen, die aus Zirkussen gerettet werden.<\/p>\n<h3>28km Go-Kart mania<\/h3>\n<p>Nie zuvor einen Fu\u00df in einen Go-Kart getreten? M\u00f6chten Sie Ihre individuellen F\u00e4higkeiten verbessern oder mit den Jungs k\u00e4mpfen? M\u00f6chten Sie Ihre pers\u00f6nliche Bestleistung schlagen oder einfach nur ein paar Runden auf dem Buckel haben? Bei GokartMania, nur wenige Kilometer vom Hotel entfernt (Gy\u0151rz\u00e1moly, 9172 Ungarn), gibt es eine Veranstaltung f\u00fcr jeden Bedarf, bei der sich Anf\u00e4nger, Gruppen und pers\u00f6nliche Best-Beater jederzeit auf der Strecke bew\u00e4hren k\u00f6nnen.<\/p>\n<h3>30km Kom\u00e1rno<\/h3>\n<p>Die Mehrheit der historischen und kulturellen Sehensw\u00fcrdigkeiten, einschlie\u00dflich des Stadtkerns des ehemaligen Kom\u00e1rno, war bis heute gut erhalten. Die Bezirks- und Rath\u00e4user, das Gerichtsgeb\u00e4ude, die St. Andrews-Kirche, das Donaumuseum und andere Geb\u00e4ude sind Beispiele f\u00fcr einige der vielen historischen Bauwerke, die heute noch erhalten sind. Der Klapka-Platz (benannt nach Gy\u00f6rgy Klapka, dem ungarischen General, der im Unabh\u00e4ngigkeitskrieg gegen \u00d6sterreich die \u00d6sterreicher verteidigte) und die gut erhaltenen \u00dcberreste der Befestigungsanlage sind die wichtigsten historischen Denkm\u00e4ler von Kom\u00e1rno, die den Stolz und die Widerstandsf\u00e4higkeit dieser historisch bedeutenden Stadt symbolisieren. Die Befestigungsstruktur umfasst alte und neue Festungen am Zusammenfluss der Fl\u00fcsse Donau und V\u00e1h und die Bastionen der Pfalzlinie zum Schutz der Stadt von Westen und die Bastionen der Waag-Linie zum Schutz der Ufer von V\u00e1h. Kom\u00e1rno und Kom\u00e1rom waren w\u00e4hrend der \u00f6sterreichisch-ungarischen \u00c4ra eine Stadt, deshalb gibt es zus\u00e4tzlich drei Festungen am ungarischen Ufer der Donau, Star (ungarisch: Csilag), Igmand und Monostor. Der Europa-Platz im Zentrum soll Geb\u00e4ude aus allen Teilen Europas repr\u00e4sentieren. Die Geb\u00e4ude fungieren als Gesch\u00e4fte und Restaurants.<\/p>\n<h3>50km Wildwasser-Rafting-Abenteuer in \u010cu\u0148ovo<\/h3>\n<h4>Erleben Sie ein Wasserabenteuer auf der Donau in \u010cu\u0148ovo!<\/h4>\n<p>Abfahrten mit Raftingbooten f\u00fcr bis zu 6 Personen auf k\u00fcnstlichen Kan\u00e4len von 360 &#8211; 380 Metern L\u00e4nge. Der lustigste Teil &#8211; der Niagara Jump &#8211; ist fast 3 Meter hoch. F\u00fcr mindestens 5 Personen. Das sechste Mitglied einer Crew ist ein Rafting-Guide. Es ist eine sehr gute Erfahrung, in diesem Extremsport Ihre Grenzen zu \u00fcberschreiten. Es ist wild, lustig, nass, blau, schnell und etwas, das Sie nicht vergessen werden!<\/p>\n","protected":false},"excerpt":{"rendered":"<p>Abenteuer Park Der Freizeitpark Tarzania im Stadt Ve\u013ek\u00fd Meder ist mit seinen 671 m einer der l\u00e4ngsten Abenteuerparks in der Slowakei. Der Park ist f\u00fcr alle Altersgruppen (mit einer speziellen Spur f\u00fcr Kinder) und f\u00fcr Erholungssuchende verschiedener Niveaus konzipiert. Nehmen Sie Ihre Familie f\u00fcr das Abenteuer Ihres Lebens mit, indem Sie Ihre mentalen und physischen [&hellip;]<\/p>\n","protected":false},"author":1,"featured_media":243,"parent":0,"menu_order":0,"comment_status":"closed","ping_status":"closed","template":"","meta":{"footnotes":""},"class_list":["post-832","page","type-page","status-publish","has-post-thumbnail","hentry"],"yoast_head":"<!-- This site is optimized with the Yoast SEO plugin v25.3.1 - https:\/\/yoast.com\/wordpress\/plugins\/seo\/ -->\n<title>Aktivit\u00e4ten in der N\u00e4he - HOTEL AQUA VARGA ***<\/title>\n<meta name=\"robots\" content=\"index, follow, max-snippet:-1, max-image-preview:large, max-video-preview:-1\" \/>\n<link rel=\"canonical\" href=\"https:\/\/www.hotelaqua.sk\/de\/aktivitaten-in-der-nahe\/\" \/>\n<meta property=\"og:locale\" content=\"de_DE\" \/>\n<meta property=\"og:type\" content=\"article\" \/>\n<meta property=\"og:title\" content=\"Aktivit\u00e4ten in der N\u00e4he - HOTEL AQUA VARGA ***\" \/>\n<meta property=\"og:description\" content=\"Abenteuer Park Der Freizeitpark Tarzania im Stadt Ve\u013ek\u00fd Meder ist mit seinen 671 m einer der l\u00e4ngsten Abenteuerparks in der Slowakei. Der Park ist f\u00fcr alle Altersgruppen (mit einer speziellen Spur f\u00fcr Kinder) und f\u00fcr Erholungssuchende verschiedener Niveaus konzipiert. Nehmen Sie Ihre Familie f\u00fcr das Abenteuer Ihres Lebens mit, indem Sie Ihre mentalen und physischen [&hellip;]\" \/>\n<meta property=\"og:url\" content=\"https:\/\/www.hotelaqua.sk\/de\/aktivitaten-in-der-nahe\/\" \/>\n<meta property=\"og:site_name\" content=\"HOTEL AQUA VARGA ***\" \/>\n<meta property=\"article:modified_time\" content=\"2017-11-05T22:26:55+00:00\" \/>\n<meta property=\"og:image\" content=\"https:\/\/www.hotelaqua.sk\/wp-content\/uploads\/2015\/12\/IMG_9178.jpg\" \/>\n\t<meta property=\"og:image:width\" content=\"2400\" \/>\n\t<meta property=\"og:image:height\" content=\"1600\" \/>\n\t<meta property=\"og:image:type\" content=\"image\/jpeg\" \/>\n<meta name=\"twitter:label1\" content=\"Est. reading time\" \/>\n\t<meta name=\"twitter:data1\" content=\"5 minutes\" \/>\n<script type=\"application\/ld+json\" class=\"yoast-schema-graph\">{\"@context\":\"https:\/\/schema.org\",\"@graph\":[{\"@type\":\"WebPage\",\"@id\":\"https:\/\/www.hotelaqua.sk\/de\/aktivitaten-in-der-nahe\/\",\"url\":\"https:\/\/www.hotelaqua.sk\/de\/aktivitaten-in-der-nahe\/\",\"name\":\"Aktivit\u00e4ten in der N\u00e4he - HOTEL AQUA VARGA ***\",\"isPartOf\":{\"@id\":\"https:\/\/www.hotelaqua.sk\/sk\/#website\"},\"primaryImageOfPage\":{\"@id\":\"https:\/\/www.hotelaqua.sk\/de\/aktivitaten-in-der-nahe\/#primaryimage\"},\"image\":{\"@id\":\"https:\/\/www.hotelaqua.sk\/de\/aktivitaten-in-der-nahe\/#primaryimage\"},\"thumbnailUrl\":\"https:\/\/www.hotelaqua.sk\/wp-content\/uploads\/2015\/12\/IMG_9178.jpg\",\"datePublished\":\"2016-07-23T11:45:30+00:00\",\"dateModified\":\"2017-11-05T22:26:55+00:00\",\"breadcrumb\":{\"@id\":\"https:\/\/www.hotelaqua.sk\/de\/aktivitaten-in-der-nahe\/#breadcrumb\"},\"inLanguage\":\"de-DE\",\"potentialAction\":[{\"@type\":\"ReadAction\",\"target\":[\"https:\/\/www.hotelaqua.sk\/de\/aktivitaten-in-der-nahe\/\"]}]},{\"@type\":\"ImageObject\",\"inLanguage\":\"de-DE\",\"@id\":\"https:\/\/www.hotelaqua.sk\/de\/aktivitaten-in-der-nahe\/#primaryimage\",\"url\":\"https:\/\/www.hotelaqua.sk\/wp-content\/uploads\/2015\/12\/IMG_9178.jpg\",\"contentUrl\":\"https:\/\/www.hotelaqua.sk\/wp-content\/uploads\/2015\/12\/IMG_9178.jpg\",\"width\":2400,\"height\":1600},{\"@type\":\"BreadcrumbList\",\"@id\":\"https:\/\/www.hotelaqua.sk\/de\/aktivitaten-in-der-nahe\/#breadcrumb\",\"itemListElement\":[{\"@type\":\"ListItem\",\"position\":1,\"name\":\"Domovsk\u00e1 str\u00e1nka\",\"item\":\"https:\/\/www.hotelaqua.sk\/en\/what-to-do-in-slovakia-hotel-aqua-wellness-spa\/\"},{\"@type\":\"ListItem\",\"position\":2,\"name\":\"Aktivit\u00e4ten in der N\u00e4he\"}]},{\"@type\":\"WebSite\",\"@id\":\"https:\/\/www.hotelaqua.sk\/sk\/#website\",\"url\":\"https:\/\/www.hotelaqua.sk\/sk\/\",\"name\":\"HOTEL AQUA VARGA ***\",\"description\":\"Hotel v bl\u00edzkosti term\u00e1lneho k\u00fapaliska vo Ve\u013ekom Mederi\",\"potentialAction\":[{\"@type\":\"SearchAction\",\"target\":{\"@type\":\"EntryPoint\",\"urlTemplate\":\"https:\/\/www.hotelaqua.sk\/sk\/?s={search_term_string}\"},\"query-input\":{\"@type\":\"PropertyValueSpecification\",\"valueRequired\":true,\"valueName\":\"search_term_string\"}}],\"inLanguage\":\"de-DE\"}]}<\/script>\n<!-- \/ Yoast SEO plugin. -->","yoast_head_json":{"title":"Aktivit\u00e4ten in der N\u00e4he - HOTEL AQUA VARGA ***","robots":{"index":"index","follow":"follow","max-snippet":"max-snippet:-1","max-image-preview":"max-image-preview:large","max-video-preview":"max-video-preview:-1"},"canonical":"https:\/\/www.hotelaqua.sk\/de\/aktivitaten-in-der-nahe\/","og_locale":"de_DE","og_type":"article","og_title":"Aktivit\u00e4ten in der N\u00e4he - HOTEL AQUA VARGA ***","og_description":"Abenteuer Park Der Freizeitpark Tarzania im Stadt Ve\u013ek\u00fd Meder ist mit seinen 671 m einer der l\u00e4ngsten Abenteuerparks in der Slowakei. Der Park ist f\u00fcr alle Altersgruppen (mit einer speziellen Spur f\u00fcr Kinder) und f\u00fcr Erholungssuchende verschiedener Niveaus konzipiert. Nehmen Sie Ihre Familie f\u00fcr das Abenteuer Ihres Lebens mit, indem Sie Ihre mentalen und physischen [&hellip;]","og_url":"https:\/\/www.hotelaqua.sk\/de\/aktivitaten-in-der-nahe\/","og_site_name":"HOTEL AQUA VARGA ***","article_modified_time":"2017-11-05T22:26:55+00:00","og_image":[{"width":2400,"height":1600,"url":"https:\/\/www.hotelaqua.sk\/wp-content\/uploads\/2015\/12\/IMG_9178.jpg","type":"image\/jpeg"}],"twitter_misc":{"Est. reading time":"5 minutes"},"schema":{"@context":"https:\/\/schema.org","@graph":[{"@type":"WebPage","@id":"https:\/\/www.hotelaqua.sk\/de\/aktivitaten-in-der-nahe\/","url":"https:\/\/www.hotelaqua.sk\/de\/aktivitaten-in-der-nahe\/","name":"Aktivit\u00e4ten in der N\u00e4he - HOTEL AQUA VARGA ***","isPartOf":{"@id":"https:\/\/www.hotelaqua.sk\/sk\/#website"},"primaryImageOfPage":{"@id":"https:\/\/www.hotelaqua.sk\/de\/aktivitaten-in-der-nahe\/#primaryimage"},"image":{"@id":"https:\/\/www.hotelaqua.sk\/de\/aktivitaten-in-der-nahe\/#primaryimage"},"thumbnailUrl":"https:\/\/www.hotelaqua.sk\/wp-content\/uploads\/2015\/12\/IMG_9178.jpg","datePublished":"2016-07-23T11:45:30+00:00","dateModified":"2017-11-05T22:26:55+00:00","breadcrumb":{"@id":"https:\/\/www.hotelaqua.sk\/de\/aktivitaten-in-der-nahe\/#breadcrumb"},"inLanguage":"de-DE","potentialAction":[{"@type":"ReadAction","target":["https:\/\/www.hotelaqua.sk\/de\/aktivitaten-in-der-nahe\/"]}]},{"@type":"ImageObject","inLanguage":"de-DE","@id":"https:\/\/www.hotelaqua.sk\/de\/aktivitaten-in-der-nahe\/#primaryimage","url":"https:\/\/www.hotelaqua.sk\/wp-content\/uploads\/2015\/12\/IMG_9178.jpg","contentUrl":"https:\/\/www.hotelaqua.sk\/wp-content\/uploads\/2015\/12\/IMG_9178.jpg","width":2400,"height":1600},{"@type":"BreadcrumbList","@id":"https:\/\/www.hotelaqua.sk\/de\/aktivitaten-in-der-nahe\/#breadcrumb","itemListElement":[{"@type":"ListItem","position":1,"name":"Domovsk\u00e1 str\u00e1nka","item":"https:\/\/www.hotelaqua.sk\/en\/what-to-do-in-slovakia-hotel-aqua-wellness-spa\/"},{"@type":"ListItem","position":2,"name":"Aktivit\u00e4ten in der N\u00e4he"}]},{"@type":"WebSite","@id":"https:\/\/www.hotelaqua.sk\/sk\/#website","url":"https:\/\/www.hotelaqua.sk\/sk\/","name":"HOTEL AQUA VARGA ***","description":"Hotel v bl\u00edzkosti term\u00e1lneho k\u00fapaliska vo Ve\u013ekom Mederi","potentialAction":[{"@type":"SearchAction","target":{"@type":"EntryPoint","urlTemplate":"https:\/\/www.hotelaqua.sk\/sk\/?s={search_term_string}"},"query-input":{"@type":"PropertyValueSpecification","valueRequired":true,"valueName":"search_term_string"}}],"inLanguage":"de-DE"}]}},"_links":{"self":[{"href":"https:\/\/www.hotelaqua.sk\/de\/wp-json\/wp\/v2\/pages\/832","targetHints":{"allow":["GET"]}}],"collection":[{"href":"https:\/\/www.hotelaqua.sk\/de\/wp-json\/wp\/v2\/pages"}],"about":[{"href":"https:\/\/www.hotelaqua.sk\/de\/wp-json\/wp\/v2\/types\/page"}],"author":[{"embeddable":true,"href":"https:\/\/www.hotelaqua.sk\/de\/wp-json\/wp\/v2\/users\/1"}],"replies":[{"embeddable":true,"href":"https:\/\/www.hotelaqua.sk\/de\/wp-json\/wp\/v2\/comments?post=832"}],"version-history":[{"count":7,"href":"https:\/\/www.hotelaqua.sk\/de\/wp-json\/wp\/v2\/pages\/832\/revisions"}],"predecessor-version":[{"id":1386,"href":"https:\/\/www.hotelaqua.sk\/de\/wp-json\/wp\/v2\/pages\/832\/revisions\/1386"}],"wp:featuredmedia":[{"embeddable":true,"href":"https:\/\/www.hotelaqua.sk\/de\/wp-json\/wp\/v2\/media\/243"}],"wp:attachment":[{"href":"https:\/\/www.hotelaqua.sk\/de\/wp-json\/wp\/v2\/media?parent=832"}],"curies":[{"name":"wp","href":"https:\/\/api.w.org\/{rel}","templated":true}]}}