{"id":420,"date":"2016-01-30T22:42:46","date_gmt":"2016-01-30T21:42:46","guid":{"rendered":"http:\/\/www.hotelaqua.sk\/?page_id=420"},"modified":"2017-03-15T12:05:13","modified_gmt":"2017-03-15T11:05:13","slug":"hotel-aqua-thermen-slowakei-velky-meder","status":"publish","type":"page","link":"https:\/\/www.hotelaqua.sk\/de\/","title":{"rendered":"Hotel Aqua Velky Meder Thermalbad Slowakei"},"content":{"rendered":"<h2 style=\"text-align: center;\">Thermen Slowakei<\/h2>\n<p>Besucher des Thermalbad Velky Meder Thermen Slowakei, seit 2016 k\u00f6nnen auf einer neuen Option f\u00fcr Unterkunft im Velky Meder z\u00e4hlen. Neben dem Thermalbad und wellness Velky Meder &#8220;Thermal Corvinus&#8221; ist im Bauen ein <strong>neues Hotel Aqua ***<\/strong>. Die G\u00e4ste des Hotels werden nur wenige Schritte von der Thermalwasser.<\/p>\n<p><strong>Hotel und Therme, Wellness im Bad\u00a0Velky Meder Slowakei<\/strong><br \/>\nDie Therme und Hotels Velky Meder\u00a0er\u00f6ffnen Ihnen Welten voller Entspannung, Sport und Genuss in einer der sch\u00f6nsten Regionen Slowakeis.<\/p>\n<h3>Ob Fr\u00fchling, Sommer, Herbst oder Winter, ob Urlaub oder Kur, hier finden Sie immer Entspannung.<\/h3>\n<p>Tauchen Sie ein und lassen Sie sich begeistern, befl\u00fcgeln oder einfach nur fallen. Denn die Kombination aus\u00a0Wellness\u00a0auf h\u00f6chstem Niveau einerseits und Sport, Beauty, Gesundheit, Spa\u00df sowie Kulinarik andererseits, macht einen Besuch zum unvergesslichen Erlebnis<strong> f\u00fcr die ganze Familie<\/strong>.<\/p>\n<h3>Thermalbad und wellness<\/h3>\n<p>Hotel Aqua *** Velky Meder und Hotel <a href=\"http:\/\/www.hotelthermal.sk\">Thermal Varga Velky Meder<\/a> sind vor allem auf Angebote mit Wellness-Aufenthalte, Wellness-Urlaube, Entspannung orientiert. Familien mit Kindern werden in dieses Ort wie einen erholsamen Urlaub\u00a0finden. Kinderspielecke, Kinderbetten, ger\u00e4umige Familienzimmer, Appartements und Mahlzeiten geeignet f\u00fcr Kinder. Das professionelle Personal an der buff\u00e9 Restaurant, empfehlt Ihnen zum k\u00f6stlichen Speisen auch\u00a0regionale Weine.<\/p>\n<div class=\"rgg-container\" data-rgg-id=\"1\">    <div class=\"rgg-imagegrid captions-title captions-effect-none \" data-rgg-id=\"1\">\n                    <a href=\"https:\/\/www.hotelaqua.sk\/wp-content\/uploads\/2015\/11\/IMG_0361-1024x768.jpg\" data-rel=\"rgg\" rel=\"rgg\" title=\"Hotel Aqua Ve\u013ek&yacute; Meder \" class=\"rgg-disabled size-medium rgg-img\" data-src=\"https:\/\/www.hotelaqua.sk\/wp-content\/uploads\/2015\/11\/IMG_0361-300x225.jpg\" data-ratio=\"1.33333333333\" data-height=\"225\" data-width=\"300\" aria-label=\"Hotel Aqua Ve\u013ek\u00fd Meder\">\n                            <\/a>\n                    <a href=\"https:\/\/www.hotelaqua.sk\/wp-content\/uploads\/2015\/11\/dovolenka_na_slovensku_2014_b_f9b102927c0d23fa.jpg\" data-rel=\"rgg\" rel=\"rgg\" title=\"Term&aacute;lne k&uacute;palisko Ve\u013ek&yacute; Meder Thermal Corvinus Hotel Thermal Aqua Varga wellness kupele lazne termalni koupali&scaron;t\u011b\" class=\"rgg-disabled size-medium rgg-img\" data-src=\"https:\/\/www.hotelaqua.sk\/wp-content\/uploads\/2015\/11\/dovolenka_na_slovensku_2014_b_f9b102927c0d23fa-300x225.jpg\" data-ratio=\"1.33333333333\" data-height=\"225\" data-width=\"300\" aria-label=\"Term\u00e1lne k\u00fapalisko Ve\u013ek\u00fd Meder Thermal Corvinus Hotel Thermal Aqua Varga wellness kupele lazne termalni koupali\u0161t\u011b\">\n                            <\/a>\n                    <a href=\"https:\/\/www.hotelaqua.sk\/wp-content\/uploads\/2016\/01\/RAC5398-1024x684.jpg\" data-rel=\"rgg\" rel=\"rgg\" title=\"dvojl&ocirc;\u017ekov&aacute; izba hotel aqua\" class=\"rgg-disabled size-medium rgg-img\" data-src=\"https:\/\/www.hotelaqua.sk\/wp-content\/uploads\/2016\/01\/RAC5398-300x200.jpg\" data-ratio=\"1.5\" data-height=\"200\" data-width=\"300\" aria-label=\"\">\n                            <\/a>\n                    <a href=\"https:\/\/www.hotelaqua.sk\/wp-content\/uploads\/2015\/12\/IMG_8947-1024x683.jpg\" data-rel=\"rgg\" rel=\"rgg\" title=\"\" class=\"rgg-disabled size-medium rgg-img\" data-src=\"https:\/\/www.hotelaqua.sk\/wp-content\/uploads\/2015\/12\/IMG_8947-300x200.jpg\" data-ratio=\"1.5\" data-height=\"200\" data-width=\"300\" aria-label=\"\">\n                            <\/a>\n                    <a href=\"https:\/\/www.hotelaqua.sk\/wp-content\/uploads\/2016\/01\/RAC5372-1024x684.jpg\" data-rel=\"rgg\" rel=\"rgg\" title=\"Ubytov&aacute;n&iacute; Ve\u013ek&yacute; Meder\" class=\"rgg-disabled size-medium rgg-img\" data-src=\"https:\/\/www.hotelaqua.sk\/wp-content\/uploads\/2016\/01\/RAC5372-300x200.jpg\" data-ratio=\"1.5\" data-height=\"200\" data-width=\"300\" aria-label=\"Ubytov\u00e1n\u00ed Ve\u013ek\u00fd Meder\">\n                            <\/a>\n                    <a href=\"https:\/\/www.hotelaqua.sk\/wp-content\/uploads\/2015\/12\/IMG_8673-1024x683.jpg\" data-rel=\"rgg\" rel=\"rgg\" title=\"\" class=\"rgg-disabled size-medium rgg-img\" data-src=\"https:\/\/www.hotelaqua.sk\/wp-content\/uploads\/2015\/12\/IMG_8673-300x200.jpg\" data-ratio=\"1.5\" data-height=\"200\" data-width=\"300\" aria-label=\"\">\n                            <\/a>\n            <\/div>\n<\/div>\n<h2>Bei einem Aufenthalt kaufen<\/h2>\n<p>Hotel Aqua *** oder Hotel Thermal Varga *** bietet f\u00fcr Hotelgeste Eintritt ins Thermalbad und Wasserparks \u00a0kostenlos.<\/p>\n","protected":false},"excerpt":{"rendered":"<p>Thermen Slowakei Besucher des Thermalbad Velky Meder Thermen Slowakei, seit 2016 k\u00f6nnen auf einer neuen Option f\u00fcr Unterkunft im Velky Meder z\u00e4hlen. Neben dem Thermalbad und wellness Velky Meder &#8220;Thermal Corvinus&#8221; ist im Bauen ein neues Hotel Aqua ***. Die G\u00e4ste des Hotels werden nur wenige Schritte von der Thermalwasser. Hotel und Therme, Wellness im [&hellip;]<\/p>\n","protected":false},"author":2,"featured_media":945,"parent":0,"menu_order":0,"comment_status":"closed","ping_status":"closed","template":"","meta":{"footnotes":""},"class_list":["post-420","page","type-page","status-publish","has-post-thumbnail","hentry"],"yoast_head":"<!-- This site is optimized with the Yoast SEO plugin v25.3.1 - https:\/\/yoast.com\/wordpress\/plugins\/seo\/ -->\n<title>Thermen Slowakei Hotel Aqua *** Thermalbad Slowakei wellness<\/title>\n<meta name=\"robots\" content=\"index, follow, max-snippet:-1, max-image-preview:large, max-video-preview:-1\" \/>\n<link rel=\"canonical\" href=\"https:\/\/www.hotelaqua.sk\/de\/hotel-aqua-thermen-slowakei-velky-meder\/\" \/>\n<meta property=\"og:locale\" content=\"de_DE\" \/>\n<meta property=\"og:type\" content=\"article\" \/>\n<meta property=\"og:title\" content=\"Thermen Slowakei Hotel Aqua *** Thermalbad Slowakei wellness\" \/>\n<meta property=\"og:description\" content=\"Thermen Slowakei Besucher des Thermalbad Velky Meder Thermen Slowakei, seit 2016 k\u00f6nnen auf einer neuen Option f\u00fcr Unterkunft im Velky Meder z\u00e4hlen. Neben dem Thermalbad und wellness Velky Meder &#8220;Thermal Corvinus&#8221; ist im Bauen ein neues Hotel Aqua ***. Die G\u00e4ste des Hotels werden nur wenige Schritte von der Thermalwasser. Hotel und Therme, Wellness im [&hellip;]\" \/>\n<meta property=\"og:url\" content=\"https:\/\/www.hotelaqua.sk\/de\/hotel-aqua-thermen-slowakei-velky-meder\/\" \/>\n<meta property=\"og:site_name\" content=\"HOTEL AQUA VARGA ***\" \/>\n<meta property=\"article:modified_time\" content=\"2017-03-15T11:05:13+00:00\" \/>\n<meta property=\"og:image\" content=\"https:\/\/www.hotelaqua.sk\/wp-content\/uploads\/2015\/11\/20160908_144456-e1481550009745.jpg\" \/>\n\t<meta property=\"og:image:width\" content=\"1920\" \/>\n\t<meta property=\"og:image:height\" content=\"1080\" \/>\n\t<meta property=\"og:image:type\" content=\"image\/jpeg\" \/>\n<meta name=\"twitter:label1\" content=\"Est. reading time\" \/>\n\t<meta name=\"twitter:data1\" content=\"1 minute\" \/>\n<script type=\"application\/ld+json\" class=\"yoast-schema-graph\">{\"@context\":\"https:\/\/schema.org\",\"@graph\":[{\"@type\":\"WebPage\",\"@id\":\"https:\/\/www.hotelaqua.sk\/de\/hotel-aqua-thermen-slowakei-velky-meder\/\",\"url\":\"https:\/\/www.hotelaqua.sk\/de\/hotel-aqua-thermen-slowakei-velky-meder\/\",\"name\":\"Thermen Slowakei Hotel Aqua *** Thermalbad Slowakei wellness\",\"isPartOf\":{\"@id\":\"https:\/\/www.hotelaqua.sk\/sk\/#website\"},\"primaryImageOfPage\":{\"@id\":\"https:\/\/www.hotelaqua.sk\/de\/hotel-aqua-thermen-slowakei-velky-meder\/#primaryimage\"},\"image\":{\"@id\":\"https:\/\/www.hotelaqua.sk\/de\/hotel-aqua-thermen-slowakei-velky-meder\/#primaryimage\"},\"thumbnailUrl\":\"https:\/\/www.hotelaqua.sk\/wp-content\/uploads\/2015\/11\/20160908_144456-e1481550009745.jpg\",\"datePublished\":\"2016-01-30T21:42:46+00:00\",\"dateModified\":\"2017-03-15T11:05:13+00:00\",\"breadcrumb\":{\"@id\":\"https:\/\/www.hotelaqua.sk\/de\/hotel-aqua-thermen-slowakei-velky-meder\/#breadcrumb\"},\"inLanguage\":\"de-DE\",\"potentialAction\":[{\"@type\":\"ReadAction\",\"target\":[\"https:\/\/www.hotelaqua.sk\/de\/hotel-aqua-thermen-slowakei-velky-meder\/\"]}]},{\"@type\":\"ImageObject\",\"inLanguage\":\"de-DE\",\"@id\":\"https:\/\/www.hotelaqua.sk\/de\/hotel-aqua-thermen-slowakei-velky-meder\/#primaryimage\",\"url\":\"https:\/\/www.hotelaqua.sk\/wp-content\/uploads\/2015\/11\/20160908_144456-e1481550009745.jpg\",\"contentUrl\":\"https:\/\/www.hotelaqua.sk\/wp-content\/uploads\/2015\/11\/20160908_144456-e1481550009745.jpg\",\"width\":1920,\"height\":1080,\"caption\":\"Hotel Aqua *** Ve\u013ek\u00fd Meder\"},{\"@type\":\"BreadcrumbList\",\"@id\":\"https:\/\/www.hotelaqua.sk\/de\/hotel-aqua-thermen-slowakei-velky-meder\/#breadcrumb\",\"itemListElement\":[{\"@type\":\"ListItem\",\"position\":1,\"name\":\"Domovsk\u00e1 str\u00e1nka\",\"item\":\"https:\/\/www.hotelaqua.sk\/de\/hotel-aqua-thermen-slowakei-velky-meder\/\"},{\"@type\":\"ListItem\",\"position\":2,\"name\":\"Hotel Aqua Velky Meder Thermalbad Slowakei\"}]},{\"@type\":\"WebSite\",\"@id\":\"https:\/\/www.hotelaqua.sk\/sk\/#website\",\"url\":\"https:\/\/www.hotelaqua.sk\/sk\/\",\"name\":\"HOTEL AQUA VARGA ***\",\"description\":\"Hotel v bl\u00edzkosti term\u00e1lneho k\u00fapaliska vo Ve\u013ekom Mederi\",\"potentialAction\":[{\"@type\":\"SearchAction\",\"target\":{\"@type\":\"EntryPoint\",\"urlTemplate\":\"https:\/\/www.hotelaqua.sk\/sk\/?s={search_term_string}\"},\"query-input\":{\"@type\":\"PropertyValueSpecification\",\"valueRequired\":true,\"valueName\":\"search_term_string\"}}],\"inLanguage\":\"de-DE\"}]}<\/script>\n<!-- \/ Yoast SEO plugin. -->","yoast_head_json":{"title":"Thermen Slowakei Hotel Aqua *** Thermalbad Slowakei wellness","robots":{"index":"index","follow":"follow","max-snippet":"max-snippet:-1","max-image-preview":"max-image-preview:large","max-video-preview":"max-video-preview:-1"},"canonical":"https:\/\/www.hotelaqua.sk\/de\/hotel-aqua-thermen-slowakei-velky-meder\/","og_locale":"de_DE","og_type":"article","og_title":"Thermen Slowakei Hotel Aqua *** Thermalbad Slowakei wellness","og_description":"Thermen Slowakei Besucher des Thermalbad Velky Meder Thermen Slowakei, seit 2016 k\u00f6nnen auf einer neuen Option f\u00fcr Unterkunft im Velky Meder z\u00e4hlen. Neben dem Thermalbad und wellness Velky Meder &#8220;Thermal Corvinus&#8221; ist im Bauen ein neues Hotel Aqua ***. Die G\u00e4ste des Hotels werden nur wenige Schritte von der Thermalwasser. Hotel und Therme, Wellness im [&hellip;]","og_url":"https:\/\/www.hotelaqua.sk\/de\/hotel-aqua-thermen-slowakei-velky-meder\/","og_site_name":"HOTEL AQUA VARGA ***","article_modified_time":"2017-03-15T11:05:13+00:00","og_image":[{"width":1920,"height":1080,"url":"https:\/\/www.hotelaqua.sk\/wp-content\/uploads\/2015\/11\/20160908_144456-e1481550009745.jpg","type":"image\/jpeg"}],"twitter_misc":{"Est. reading time":"1 minute"},"schema":{"@context":"https:\/\/schema.org","@graph":[{"@type":"WebPage","@id":"https:\/\/www.hotelaqua.sk\/de\/hotel-aqua-thermen-slowakei-velky-meder\/","url":"https:\/\/www.hotelaqua.sk\/de\/hotel-aqua-thermen-slowakei-velky-meder\/","name":"Thermen Slowakei Hotel Aqua *** Thermalbad Slowakei wellness","isPartOf":{"@id":"https:\/\/www.hotelaqua.sk\/sk\/#website"},"primaryImageOfPage":{"@id":"https:\/\/www.hotelaqua.sk\/de\/hotel-aqua-thermen-slowakei-velky-meder\/#primaryimage"},"image":{"@id":"https:\/\/www.hotelaqua.sk\/de\/hotel-aqua-thermen-slowakei-velky-meder\/#primaryimage"},"thumbnailUrl":"https:\/\/www.hotelaqua.sk\/wp-content\/uploads\/2015\/11\/20160908_144456-e1481550009745.jpg","datePublished":"2016-01-30T21:42:46+00:00","dateModified":"2017-03-15T11:05:13+00:00","breadcrumb":{"@id":"https:\/\/www.hotelaqua.sk\/de\/hotel-aqua-thermen-slowakei-velky-meder\/#breadcrumb"},"inLanguage":"de-DE","potentialAction":[{"@type":"ReadAction","target":["https:\/\/www.hotelaqua.sk\/de\/hotel-aqua-thermen-slowakei-velky-meder\/"]}]},{"@type":"ImageObject","inLanguage":"de-DE","@id":"https:\/\/www.hotelaqua.sk\/de\/hotel-aqua-thermen-slowakei-velky-meder\/#primaryimage","url":"https:\/\/www.hotelaqua.sk\/wp-content\/uploads\/2015\/11\/20160908_144456-e1481550009745.jpg","contentUrl":"https:\/\/www.hotelaqua.sk\/wp-content\/uploads\/2015\/11\/20160908_144456-e1481550009745.jpg","width":1920,"height":1080,"caption":"Hotel Aqua *** Ve\u013ek\u00fd Meder"},{"@type":"BreadcrumbList","@id":"https:\/\/www.hotelaqua.sk\/de\/hotel-aqua-thermen-slowakei-velky-meder\/#breadcrumb","itemListElement":[{"@type":"ListItem","position":1,"name":"Domovsk\u00e1 str\u00e1nka","item":"https:\/\/www.hotelaqua.sk\/de\/hotel-aqua-thermen-slowakei-velky-meder\/"},{"@type":"ListItem","position":2,"name":"Hotel Aqua Velky Meder Thermalbad Slowakei"}]},{"@type":"WebSite","@id":"https:\/\/www.hotelaqua.sk\/sk\/#website","url":"https:\/\/www.hotelaqua.sk\/sk\/","name":"HOTEL AQUA VARGA ***","description":"Hotel v bl\u00edzkosti term\u00e1lneho k\u00fapaliska vo Ve\u013ekom Mederi","potentialAction":[{"@type":"SearchAction","target":{"@type":"EntryPoint","urlTemplate":"https:\/\/www.hotelaqua.sk\/sk\/?s={search_term_string}"},"query-input":{"@type":"PropertyValueSpecification","valueRequired":true,"valueName":"search_term_string"}}],"inLanguage":"de-DE"}]}},"_links":{"self":[{"href":"https:\/\/www.hotelaqua.sk\/de\/wp-json\/wp\/v2\/pages\/420","targetHints":{"allow":["GET"]}}],"collection":[{"href":"https:\/\/www.hotelaqua.sk\/de\/wp-json\/wp\/v2\/pages"}],"about":[{"href":"https:\/\/www.hotelaqua.sk\/de\/wp-json\/wp\/v2\/types\/page"}],"author":[{"embeddable":true,"href":"https:\/\/www.hotelaqua.sk\/de\/wp-json\/wp\/v2\/users\/2"}],"replies":[{"embeddable":true,"href":"https:\/\/www.hotelaqua.sk\/de\/wp-json\/wp\/v2\/comments?post=420"}],"version-history":[{"count":6,"href":"https:\/\/www.hotelaqua.sk\/de\/wp-json\/wp\/v2\/pages\/420\/revisions"}],"predecessor-version":[{"id":875,"href":"https:\/\/www.hotelaqua.sk\/de\/wp-json\/wp\/v2\/pages\/420\/revisions\/875"}],"wp:featuredmedia":[{"embeddable":true,"href":"https:\/\/www.hotelaqua.sk\/de\/wp-json\/wp\/v2\/media\/945"}],"wp:attachment":[{"href":"https:\/\/www.hotelaqua.sk\/de\/wp-json\/wp\/v2\/media?parent=420"}],"curies":[{"name":"wp","href":"https:\/\/api.w.org\/{rel}","templated":true}]}}