{"id":305,"date":"2015-12-07T22:15:40","date_gmt":"2015-12-07T21:15:40","guid":{"rendered":"http:\/\/hotelaqua.htsys.sk\/?page_id=305"},"modified":"2016-12-12T13:34:57","modified_gmt":"2016-12-12T12:34:57","slug":"spas-wellness-therme-velky-meder-slowakei","status":"publish","type":"page","link":"https:\/\/www.hotelaqua.sk\/de\/spas-wellness-therme-velky-meder-slowakei\/","title":{"rendered":"Spas &#038; Wellness"},"content":{"rendered":"<h1>Erleben Sie Entspannung und Regeneration<\/h1>\n<p>im unsereren Thermalquellen und Hotel Velky Meder Slowakei.<\/p>\n<p>F\u00fchlen Sie sich frei und machen Sie, worauf Sie auch immer Lust haben, daf\u00fcr steht unser gesamtes Angebot. Angekommen f\u00fchlen Sie sich ab der ersten Minute, wenn Sie eines unserer Thermen und hotels Hotel Aqua *** und Hotel Thermal Varga *** betreten und von unseren top-augebildeten MitarbeiterInnen freundlich empfangen werden.<\/p>\n<p>Thermalbad Velky Meder und Hotel Aqua*** steht\u00a0zur Verf\u00fcgung 365 Tage im Jahr.<\/p>\n<h2 style=\"text-align: center;\">Thermen Thermal Corvinus<\/h2>\n<p><strong>Kennen Sie den Thermalbad und Wellness Velky\u00a0Meder Slowakei?<\/strong><\/p>\n<ol>\n<li>Ein idealer Ort f\u00fcr die Behandlung von Erkrankungen des Bewegungsapparates.<\/li>\n<li>Ein idealer Ort f\u00fcr Radfahrer, Familien mit Kindern und Senioren. Velky Meder hat die meisten Sonnentage in der Slowakei.<\/li>\n<li>Jeden Tag eine verschiedene Reise, historische Stadt Gyor und Komarno, besuchen Sie die in de nahe gelegene Hauptst\u00e4dte, Budapest, Bratislava.<\/li>\n<li>Urlaub, Veranstaltungen, Weihnachten, Neujahr, Ostern, Valentinstag und hier bekommen Sie die beste Preisse-Wert.<\/li>\n<\/ol>\n<p>38 \u00b0C \u00a0Thermalwasser hat eine wohltuende Wirkung bei der Behandlung der Extremit\u00e4ten, R\u00fcckenschmerzen, Muskel-Skelett-Systems und Regeneration des K\u00f6rpers.<\/p>\n<p>Slowakei ist charakteristisch f\u00fcr\u00a0Gebiete mit\u00a0nat\u00fcrlichen Mineralquellen. Verschiedene Thermalb\u00e4der sind Teil der Gesundheitsversorgung in der Slowakei seit vielen Jahren.<\/p>\n<div class=\"rgg-container\" data-rgg-id=\"1\">    <div class=\"rgg-imagegrid captions-title captions-effect-none \" data-rgg-id=\"1\">\n                    <a href=\"https:\/\/www.hotelaqua.sk\/wp-content\/uploads\/2015\/11\/package_main-1024x803.jpg\" data-rel=\"rgg\" rel=\"rgg\" title=\"\" class=\"rgg-disabled size-large rgg-img\" data-src=\"https:\/\/www.hotelaqua.sk\/wp-content\/uploads\/2015\/11\/package_main-1024x803.jpg\" data-ratio=\"1.27521793275\" data-height=\"803\" data-width=\"1024\" aria-label=\"\">\n                            <\/a>\n                    <a href=\"https:\/\/www.hotelaqua.sk\/wp-content\/uploads\/2015\/11\/THERMAL-CORVINUS-1024x547.jpg\" data-rel=\"rgg\" rel=\"rgg\" title=\"Term&aacute;lne k&uacute;palisko Ve\u013ek&yacute; Meder THERMAL CORVINUS Hotel Aqua Thermal Varga k&uacute;pele wellness spa dovolenka pre dvoch v&iacute;kendov&yacute; pobyt\" class=\"rgg-disabled size-large rgg-img\" data-src=\"https:\/\/www.hotelaqua.sk\/wp-content\/uploads\/2015\/11\/THERMAL-CORVINUS-1024x547.jpg\" data-ratio=\"1.87202925046\" data-height=\"547\" data-width=\"1024\" aria-label=\"Term\u00e1lne k\u00fapalisko Ve\u013ek\u00fd Meder THERMAL CORVINUS Hotel Aqua Thermal Varga k\u00fapele wellness spa dovolenka pre dvoch v\u00edkendov\u00fd pobyt\">\n                            <\/a>\n                    <a href=\"https:\/\/www.hotelaqua.sk\/wp-content\/uploads\/2015\/11\/IMG_8640-1024x553.jpg\" data-rel=\"rgg\" rel=\"rgg\" title=\"Wellness pobyty Term&aacute;lne k&uacute;palisko Ve\u013ek&yacute; Meder Thermal Corvinus Hotel Aqua Thermal Varga spa z\u013eavy\" class=\"rgg-disabled size-large rgg-img\" data-src=\"https:\/\/www.hotelaqua.sk\/wp-content\/uploads\/2015\/11\/IMG_8640-1024x553.jpg\" data-ratio=\"1.85171790235\" data-height=\"553\" data-width=\"1024\" aria-label=\"Wellness pobyty Term\u00e1lne k\u00fapalisko Ve\u013ek\u00fd Meder Thermal Corvinus Hotel Aqua Thermal Varga spa z\u013eavy\">\n                            <\/a>\n                    <a href=\"https:\/\/www.hotelaqua.sk\/wp-content\/uploads\/2015\/11\/atrakce_termalnilaznevelkymeder_b_322b8_800x800_0.jpg\" data-rel=\"rgg\" rel=\"rgg\" title=\"\" class=\"rgg-disabled size-large rgg-img\" data-src=\"https:\/\/www.hotelaqua.sk\/wp-content\/uploads\/2015\/11\/atrakce_termalnilaznevelkymeder_b_322b8_800x800_0.jpg\" data-ratio=\"1.33333333333\" data-height=\"600\" data-width=\"800\" aria-label=\"\">\n                            <\/a>\n                    <a href=\"https:\/\/www.hotelaqua.sk\/wp-content\/uploads\/2015\/11\/dovolenka_na_slovensku_2014_b_f9b102927c0d23fa.jpg\" data-rel=\"rgg\" rel=\"rgg\" title=\"Term&aacute;lne k&uacute;palisko Ve\u013ek&yacute; Meder Thermal Corvinus Hotel Thermal Aqua Varga wellness kupele lazne termalni koupali&scaron;t\u011b\" class=\"rgg-disabled size-large rgg-img\" data-src=\"https:\/\/www.hotelaqua.sk\/wp-content\/uploads\/2015\/11\/dovolenka_na_slovensku_2014_b_f9b102927c0d23fa.jpg\" data-ratio=\"1.33333333333\" data-height=\"600\" data-width=\"800\" aria-label=\"Term\u00e1lne k\u00fapalisko Ve\u013ek\u00fd Meder Thermal Corvinus Hotel Thermal Aqua Varga wellness kupele lazne termalni koupali\u0161t\u011b\">\n                            <\/a>\n                    <a href=\"https:\/\/www.hotelaqua.sk\/wp-content\/uploads\/2015\/10\/frontpage_column_restaurant.jpg\" data-rel=\"rgg\" rel=\"rgg\" title=\"\" class=\"rgg-disabled size-large rgg-img\" data-src=\"https:\/\/www.hotelaqua.sk\/wp-content\/uploads\/2015\/10\/frontpage_column_restaurant.jpg\" data-ratio=\"1.5\" data-height=\"400\" data-width=\"600\" aria-label=\"\">\n                            <\/a>\n            <\/div>\n<\/div>\n","protected":false},"excerpt":{"rendered":"<p>Erleben Sie Entspannung und Regeneration im unsereren Thermalquellen und Hotel Velky Meder Slowakei. F\u00fchlen Sie sich frei und machen Sie, worauf Sie auch immer Lust haben, daf\u00fcr steht unser gesamtes Angebot. Angekommen f\u00fchlen Sie sich ab der ersten Minute, wenn Sie eines unserer Thermen und hotels Hotel Aqua *** und Hotel Thermal Varga *** betreten [&hellip;]<\/p>\n","protected":false},"author":1,"featured_media":935,"parent":0,"menu_order":0,"comment_status":"closed","ping_status":"closed","template":"","meta":{"footnotes":""},"class_list":["post-305","page","type-page","status-publish","has-post-thumbnail","hentry"],"yoast_head":"<!-- This site is optimized with the Yoast SEO plugin v25.3.1 - https:\/\/yoast.com\/wordpress\/plugins\/seo\/ -->\n<title>Spas &amp; Wellness - HOTEL AQUA VARGA ***<\/title>\n<meta name=\"robots\" content=\"index, follow, max-snippet:-1, max-image-preview:large, max-video-preview:-1\" \/>\n<link rel=\"canonical\" href=\"https:\/\/www.hotelaqua.sk\/de\/spas-wellness-therme-velky-meder-slowakei\/\" \/>\n<meta property=\"og:locale\" content=\"de_DE\" \/>\n<meta property=\"og:type\" content=\"article\" \/>\n<meta property=\"og:title\" content=\"Spas &amp; Wellness - HOTEL AQUA VARGA ***\" \/>\n<meta property=\"og:description\" content=\"Erleben Sie Entspannung und Regeneration im unsereren Thermalquellen und Hotel Velky Meder Slowakei. F\u00fchlen Sie sich frei und machen Sie, worauf Sie auch immer Lust haben, daf\u00fcr steht unser gesamtes Angebot. Angekommen f\u00fchlen Sie sich ab der ersten Minute, wenn Sie eines unserer Thermen und hotels Hotel Aqua *** und Hotel Thermal Varga *** betreten [&hellip;]\" \/>\n<meta property=\"og:url\" content=\"https:\/\/www.hotelaqua.sk\/de\/spas-wellness-therme-velky-meder-slowakei\/\" \/>\n<meta property=\"og:site_name\" content=\"HOTEL AQUA VARGA ***\" \/>\n<meta property=\"article:modified_time\" content=\"2016-12-12T12:34:57+00:00\" \/>\n<meta property=\"og:image\" content=\"https:\/\/www.hotelaqua.sk\/wp-content\/uploads\/2015\/12\/RAC5685-e1481544508923.jpg\" \/>\n\t<meta property=\"og:image:width\" content=\"1920\" \/>\n\t<meta property=\"og:image:height\" content=\"1282\" \/>\n\t<meta property=\"og:image:type\" content=\"image\/jpeg\" \/>\n<meta name=\"twitter:label1\" content=\"Est. reading time\" \/>\n\t<meta name=\"twitter:data1\" content=\"1 minute\" \/>\n<script type=\"application\/ld+json\" class=\"yoast-schema-graph\">{\"@context\":\"https:\/\/schema.org\",\"@graph\":[{\"@type\":\"WebPage\",\"@id\":\"https:\/\/www.hotelaqua.sk\/de\/spas-wellness-therme-velky-meder-slowakei\/\",\"url\":\"https:\/\/www.hotelaqua.sk\/de\/spas-wellness-therme-velky-meder-slowakei\/\",\"name\":\"Spas & Wellness - HOTEL AQUA VARGA ***\",\"isPartOf\":{\"@id\":\"https:\/\/www.hotelaqua.sk\/sk\/#website\"},\"primaryImageOfPage\":{\"@id\":\"https:\/\/www.hotelaqua.sk\/de\/spas-wellness-therme-velky-meder-slowakei\/#primaryimage\"},\"image\":{\"@id\":\"https:\/\/www.hotelaqua.sk\/de\/spas-wellness-therme-velky-meder-slowakei\/#primaryimage\"},\"thumbnailUrl\":\"https:\/\/www.hotelaqua.sk\/wp-content\/uploads\/2015\/12\/RAC5685-e1481544508923.jpg\",\"datePublished\":\"2015-12-07T21:15:40+00:00\",\"dateModified\":\"2016-12-12T12:34:57+00:00\",\"breadcrumb\":{\"@id\":\"https:\/\/www.hotelaqua.sk\/de\/spas-wellness-therme-velky-meder-slowakei\/#breadcrumb\"},\"inLanguage\":\"de-DE\",\"potentialAction\":[{\"@type\":\"ReadAction\",\"target\":[\"https:\/\/www.hotelaqua.sk\/de\/spas-wellness-therme-velky-meder-slowakei\/\"]}]},{\"@type\":\"ImageObject\",\"inLanguage\":\"de-DE\",\"@id\":\"https:\/\/www.hotelaqua.sk\/de\/spas-wellness-therme-velky-meder-slowakei\/#primaryimage\",\"url\":\"https:\/\/www.hotelaqua.sk\/wp-content\/uploads\/2015\/12\/RAC5685-e1481544508923.jpg\",\"contentUrl\":\"https:\/\/www.hotelaqua.sk\/wp-content\/uploads\/2015\/12\/RAC5685-e1481544508923.jpg\",\"width\":1920,\"height\":1282,\"caption\":\"Sauna a proced\u00fary\"},{\"@type\":\"BreadcrumbList\",\"@id\":\"https:\/\/www.hotelaqua.sk\/de\/spas-wellness-therme-velky-meder-slowakei\/#breadcrumb\",\"itemListElement\":[{\"@type\":\"ListItem\",\"position\":1,\"name\":\"Domovsk\u00e1 str\u00e1nka\",\"item\":\"https:\/\/www.hotelaqua.sk\/en\/what-to-do-in-slovakia-hotel-aqua-wellness-spa\/\"},{\"@type\":\"ListItem\",\"position\":2,\"name\":\"Spas &#038; Wellness\"}]},{\"@type\":\"WebSite\",\"@id\":\"https:\/\/www.hotelaqua.sk\/sk\/#website\",\"url\":\"https:\/\/www.hotelaqua.sk\/sk\/\",\"name\":\"HOTEL AQUA VARGA ***\",\"description\":\"Hotel v bl\u00edzkosti term\u00e1lneho k\u00fapaliska vo Ve\u013ekom Mederi\",\"potentialAction\":[{\"@type\":\"SearchAction\",\"target\":{\"@type\":\"EntryPoint\",\"urlTemplate\":\"https:\/\/www.hotelaqua.sk\/sk\/?s={search_term_string}\"},\"query-input\":{\"@type\":\"PropertyValueSpecification\",\"valueRequired\":true,\"valueName\":\"search_term_string\"}}],\"inLanguage\":\"de-DE\"}]}<\/script>\n<!-- \/ Yoast SEO plugin. -->","yoast_head_json":{"title":"Spas & Wellness - HOTEL AQUA VARGA ***","robots":{"index":"index","follow":"follow","max-snippet":"max-snippet:-1","max-image-preview":"max-image-preview:large","max-video-preview":"max-video-preview:-1"},"canonical":"https:\/\/www.hotelaqua.sk\/de\/spas-wellness-therme-velky-meder-slowakei\/","og_locale":"de_DE","og_type":"article","og_title":"Spas & Wellness - HOTEL AQUA VARGA ***","og_description":"Erleben Sie Entspannung und Regeneration im unsereren Thermalquellen und Hotel Velky Meder Slowakei. F\u00fchlen Sie sich frei und machen Sie, worauf Sie auch immer Lust haben, daf\u00fcr steht unser gesamtes Angebot. Angekommen f\u00fchlen Sie sich ab der ersten Minute, wenn Sie eines unserer Thermen und hotels Hotel Aqua *** und Hotel Thermal Varga *** betreten [&hellip;]","og_url":"https:\/\/www.hotelaqua.sk\/de\/spas-wellness-therme-velky-meder-slowakei\/","og_site_name":"HOTEL AQUA VARGA ***","article_modified_time":"2016-12-12T12:34:57+00:00","og_image":[{"width":1920,"height":1282,"url":"https:\/\/www.hotelaqua.sk\/wp-content\/uploads\/2015\/12\/RAC5685-e1481544508923.jpg","type":"image\/jpeg"}],"twitter_misc":{"Est. reading time":"1 minute"},"schema":{"@context":"https:\/\/schema.org","@graph":[{"@type":"WebPage","@id":"https:\/\/www.hotelaqua.sk\/de\/spas-wellness-therme-velky-meder-slowakei\/","url":"https:\/\/www.hotelaqua.sk\/de\/spas-wellness-therme-velky-meder-slowakei\/","name":"Spas & Wellness - HOTEL AQUA VARGA ***","isPartOf":{"@id":"https:\/\/www.hotelaqua.sk\/sk\/#website"},"primaryImageOfPage":{"@id":"https:\/\/www.hotelaqua.sk\/de\/spas-wellness-therme-velky-meder-slowakei\/#primaryimage"},"image":{"@id":"https:\/\/www.hotelaqua.sk\/de\/spas-wellness-therme-velky-meder-slowakei\/#primaryimage"},"thumbnailUrl":"https:\/\/www.hotelaqua.sk\/wp-content\/uploads\/2015\/12\/RAC5685-e1481544508923.jpg","datePublished":"2015-12-07T21:15:40+00:00","dateModified":"2016-12-12T12:34:57+00:00","breadcrumb":{"@id":"https:\/\/www.hotelaqua.sk\/de\/spas-wellness-therme-velky-meder-slowakei\/#breadcrumb"},"inLanguage":"de-DE","potentialAction":[{"@type":"ReadAction","target":["https:\/\/www.hotelaqua.sk\/de\/spas-wellness-therme-velky-meder-slowakei\/"]}]},{"@type":"ImageObject","inLanguage":"de-DE","@id":"https:\/\/www.hotelaqua.sk\/de\/spas-wellness-therme-velky-meder-slowakei\/#primaryimage","url":"https:\/\/www.hotelaqua.sk\/wp-content\/uploads\/2015\/12\/RAC5685-e1481544508923.jpg","contentUrl":"https:\/\/www.hotelaqua.sk\/wp-content\/uploads\/2015\/12\/RAC5685-e1481544508923.jpg","width":1920,"height":1282,"caption":"Sauna a proced\u00fary"},{"@type":"BreadcrumbList","@id":"https:\/\/www.hotelaqua.sk\/de\/spas-wellness-therme-velky-meder-slowakei\/#breadcrumb","itemListElement":[{"@type":"ListItem","position":1,"name":"Domovsk\u00e1 str\u00e1nka","item":"https:\/\/www.hotelaqua.sk\/en\/what-to-do-in-slovakia-hotel-aqua-wellness-spa\/"},{"@type":"ListItem","position":2,"name":"Spas &#038; Wellness"}]},{"@type":"WebSite","@id":"https:\/\/www.hotelaqua.sk\/sk\/#website","url":"https:\/\/www.hotelaqua.sk\/sk\/","name":"HOTEL AQUA VARGA ***","description":"Hotel v bl\u00edzkosti term\u00e1lneho k\u00fapaliska vo Ve\u013ekom Mederi","potentialAction":[{"@type":"SearchAction","target":{"@type":"EntryPoint","urlTemplate":"https:\/\/www.hotelaqua.sk\/sk\/?s={search_term_string}"},"query-input":{"@type":"PropertyValueSpecification","valueRequired":true,"valueName":"search_term_string"}}],"inLanguage":"de-DE"}]}},"_links":{"self":[{"href":"https:\/\/www.hotelaqua.sk\/de\/wp-json\/wp\/v2\/pages\/305","targetHints":{"allow":["GET"]}}],"collection":[{"href":"https:\/\/www.hotelaqua.sk\/de\/wp-json\/wp\/v2\/pages"}],"about":[{"href":"https:\/\/www.hotelaqua.sk\/de\/wp-json\/wp\/v2\/types\/page"}],"author":[{"embeddable":true,"href":"https:\/\/www.hotelaqua.sk\/de\/wp-json\/wp\/v2\/users\/1"}],"replies":[{"embeddable":true,"href":"https:\/\/www.hotelaqua.sk\/de\/wp-json\/wp\/v2\/comments?post=305"}],"version-history":[{"count":8,"href":"https:\/\/www.hotelaqua.sk\/de\/wp-json\/wp\/v2\/pages\/305\/revisions"}],"predecessor-version":[{"id":849,"href":"https:\/\/www.hotelaqua.sk\/de\/wp-json\/wp\/v2\/pages\/305\/revisions\/849"}],"wp:featuredmedia":[{"embeddable":true,"href":"https:\/\/www.hotelaqua.sk\/de\/wp-json\/wp\/v2\/media\/935"}],"wp:attachment":[{"href":"https:\/\/www.hotelaqua.sk\/de\/wp-json\/wp\/v2\/media?parent=305"}],"curies":[{"name":"wp","href":"https:\/\/api.w.org\/{rel}","templated":true}]}}