{"id":2004,"date":"2019-05-22T10:20:40","date_gmt":"2019-05-22T08:20:40","guid":{"rendered":"https:\/\/www.hotelaqua.sk\/?page_id=2004"},"modified":"2019-05-22T10:27:35","modified_gmt":"2019-05-22T08:27:35","slug":"rekreacne-poukazy-pre-zamestnancov","status":"publish","type":"page","link":"https:\/\/www.hotelaqua.sk\/sk\/rekreacne-poukazy-pre-zamestnancov\/","title":{"rendered":"Rekrea\u010dn\u00e9 poukazy"},"content":{"rendered":"<h1><span style=\"color: #333399;\">Ne\u010dakajte na rekrea\u010dn\u00e9 poukazy \u2013 pr\u00edspevok na dovolenku od zamestn\u00e1vate\u013ea m\u00f4\u017eete vyu\u017ei\u0165 ihne\u010f!<\/span><\/h1>\n<p>Pracujete vo firme, ktor\u00e1 m\u00e1 50 a viac zamestnancov a ste v nej zamestnan\u00ed dlh\u0161ie ako 2 roky? V tom pr\u00edpade m\u00e1te n\u00e1rok na pr\u00edspevok na rekre\u00e1ciu v maxim\u00e1lnej hodnote a\u017e 275 \u20ac ro\u010dne! Pre\u010d\u00edtajte si n\u00e1vod, ako uplatni\u0165 n\u00e1rok na rekrea\u010dn\u00fd pr\u00edspevok ihne\u010f.<\/p>\n<a href=\"\/pobyty-velky-meder-wellness\/\" class=\"btn btn-primary\">Pobyty na ktor\u00e9 m\u00f4\u017eete vyu\u017ei\u0165 pr\u00edspevok na rekre\u00e1ciu<\/a>\n<p>&nbsp;<\/p>\n<div class=\"rgg-container\" data-rgg-id=\"1\">    <div class=\"rgg-imagegrid captions-title captions-effect-none \" data-rgg-id=\"1\">\n                    <a href=\"https:\/\/www.hotelaqua.sk\/wp-content\/uploads\/2019\/05\/Hotel-Aqua-Velky-Meder-20160908_144456-1024x576.jpg\" data-rel=\"rgg\" rel=\"rgg\" title=\"Hotel Aqua Ve\u013ek&yacute; Meder\" class=\"rgg-disabled size-medium rgg-img\" data-src=\"https:\/\/www.hotelaqua.sk\/wp-content\/uploads\/2019\/05\/Hotel-Aqua-Velky-Meder-20160908_144456-300x169.jpg\" data-ratio=\"1.77514792899\" data-height=\"169\" data-width=\"300\" aria-label=\"\">\n                            <\/a>\n                    <a href=\"https:\/\/www.hotelaqua.sk\/wp-content\/uploads\/2018\/09\/MG_1265-1024x683.jpg\" data-rel=\"rgg\" rel=\"rgg\" title=\"VIP de lux apartm&aacute;n\" class=\"rgg-disabled size-medium rgg-img\" data-src=\"https:\/\/www.hotelaqua.sk\/wp-content\/uploads\/2018\/09\/MG_1265-300x200.jpg\" data-ratio=\"1.5\" data-height=\"200\" data-width=\"300\" aria-label=\"VIP apartm\u00e1n s v\u00edrivkou a saunou\">\n                            <\/a>\n                    <a href=\"https:\/\/www.hotelaqua.sk\/wp-content\/uploads\/2018\/09\/MG_1334-1024x651.jpg\" data-rel=\"rgg\" rel=\"rgg\" title=\"Ubytovanie Ve\u013ek&yacute; Meder\" class=\"rgg-disabled size-medium rgg-img\" data-src=\"https:\/\/www.hotelaqua.sk\/wp-content\/uploads\/2018\/09\/MG_1334-300x191.jpg\" data-ratio=\"1.57068062827\" data-height=\"191\" data-width=\"300\" aria-label=\"\">\n                            <\/a>\n                    <a href=\"https:\/\/www.hotelaqua.sk\/wp-content\/uploads\/2016\/10\/polokryty-velky-meder-clouds-_RAC1735-38-polokryty-bazen-1024x683.jpg\" data-rel=\"rgg\" rel=\"rgg\" title=\"\" class=\"rgg-disabled size-medium rgg-img\" data-src=\"https:\/\/www.hotelaqua.sk\/wp-content\/uploads\/2016\/10\/polokryty-velky-meder-clouds-_RAC1735-38-polokryty-bazen-300x200.jpg\" data-ratio=\"1.5\" data-height=\"200\" data-width=\"300\" aria-label=\"\">\n                            <\/a>\n                    <a href=\"https:\/\/www.hotelaqua.sk\/wp-content\/uploads\/2018\/09\/MG_9921-1024x683.jpg\" data-rel=\"rgg\" rel=\"rgg\" title=\"wellness spa Ve\u013ek&yacute; Meder thermal corvinus\" class=\"rgg-disabled size-medium rgg-img\" data-src=\"https:\/\/www.hotelaqua.sk\/wp-content\/uploads\/2018\/09\/MG_9921-300x200.jpg\" data-ratio=\"1.5\" data-height=\"200\" data-width=\"300\" aria-label=\"wellness spa Ve\u013ek\u00fd Meder thermal corvinus\">\n                            <\/a>\n                    <a href=\"https:\/\/www.hotelaqua.sk\/wp-content\/uploads\/2018\/09\/MG_9728-1024x683.jpg\" data-rel=\"rgg\" rel=\"rgg\" title=\"Wellness Term&aacute;lne k&uacute;palisko Ve\u013ek&yacute; Meder\" class=\"rgg-disabled size-medium rgg-img\" data-src=\"https:\/\/www.hotelaqua.sk\/wp-content\/uploads\/2018\/09\/MG_9728-300x200.jpg\" data-ratio=\"1.5\" data-height=\"200\" data-width=\"300\" aria-label=\"\">\n                            <\/a>\n                    <a href=\"https:\/\/www.hotelaqua.sk\/wp-content\/uploads\/2017\/12\/mega_16-1024x684.jpg\" data-rel=\"rgg\" rel=\"rgg\" title=\"Wellness Term&aacute;lne k&uacute;palisko Ve\u013ek&yacute; Meder\" class=\"rgg-disabled size-medium rgg-img\" data-src=\"https:\/\/www.hotelaqua.sk\/wp-content\/uploads\/2017\/12\/mega_16-300x200.jpg\" data-ratio=\"1.5\" data-height=\"200\" data-width=\"300\" aria-label=\"Wellness Term\u00e1lne k\u00fapalisko Ve\u013ek\u00fd Meder\">\n                            <\/a>\n                    <a href=\"https:\/\/www.hotelaqua.sk\/wp-content\/uploads\/2015\/12\/RAC5619-1024x684.jpg\" data-rel=\"rgg\" rel=\"rgg\" title=\"\" class=\"rgg-disabled size-medium rgg-img\" data-src=\"https:\/\/www.hotelaqua.sk\/wp-content\/uploads\/2015\/12\/RAC5619-300x200.jpg\" data-ratio=\"1.5\" data-height=\"200\" data-width=\"300\" aria-label=\"\">\n                            <\/a>\n                    <a href=\"https:\/\/www.hotelaqua.sk\/wp-content\/uploads\/2015\/12\/IMG_9059-1024x683.jpg\" data-rel=\"rgg\" rel=\"rgg\" title=\"\" class=\"rgg-disabled size-medium rgg-img\" data-src=\"https:\/\/www.hotelaqua.sk\/wp-content\/uploads\/2015\/12\/IMG_9059-300x200.jpg\" data-ratio=\"1.5\" data-height=\"200\" data-width=\"300\" aria-label=\"\">\n                            <\/a>\n            <\/div>\n<\/div>\n<h2>Nemus\u00edte u\u017e na ni\u010d \u010daka\u0165, nemus\u00edte si p\u00fdta\u0165 povolenie, nemus\u00edte ni\u010d viac zis\u0165ova\u0165<\/h2>\n<p>Nemus\u00edte u\u017e na ni\u010d \u010daka\u0165, nemus\u00edte si p\u00fdta\u0165 povolenie, nemus\u00edte ni\u010d viac zis\u0165ova\u0165 \u2013 u\u017e teraz m\u00f4\u017eete \u00eds\u0165 na pobyt a 55% n\u00e1kladov v\u00e1m zamestn\u00e1vate\u013e pod\u013ea z\u00e1kona mus\u00ed preplati\u0165. Ak sp\u013a\u0148ate z\u00e1konn\u00e9 podmienky na poskytnutie pr\u00edspevku na rekre\u00e1ciu, tak nemus\u00edte \u010daka\u0165 na \u017eiadne \u010fal\u0161ie povolenie, ani na ak\u00fdko\u013evek rekrea\u010dn\u00fd poukaz od zamestn\u00e1vate\u013ea a <a href=\"https:\/\/www.hotelaqua.sk\/pobyty-velky-meder-wellness\/\">pr\u00edspevok na dovolenku<\/a> m\u00f4\u017eete \u010derpa\u0165 u\u017e dnes!<\/p>\n<h2>Postup, ako vyu\u017ei\u0165 pr\u00edspevok na rekre\u00e1ciu od zamestn\u00e1vate\u013ea<\/h2>\n<p>1. Zamestnanec, ktor\u00fd pracuje vo firme s viac ako 49 zamestnancami a odrobil si v tejto spolo\u010dnosti najmenej 2 roky, m\u00e1 n\u00e1rok na rekrea\u010dn\u00fd pr\u00edspevok.<\/p>\n<p>2. Vyberte si svoj pobyt na \u00fazem\u00ed Slovenskej republiky s najmenej 2 prenocovaniami. M\u00f4\u017eete si vybra\u0165 jeden pobyt na vyu\u017eitie maxim\u00e1lneho pr\u00edspevku alebo po\u010das roka vyu\u017ei\u0165 aj viac pobytov.<\/p>\n<p>3. Vyu\u017eite svoj pobyt vo vyt\u00fa\u017eenej lokalite. Pobyt m\u00f4\u017eete vyu\u017ei\u0165 aj s va\u0161imi rodinn\u00fdmi pr\u00edslu\u0161n\u00edkmi alebo napr\u00edklad aj na detsk\u00e9 t\u00e1bory.<\/p>\n<p>4. Po skon\u010den\u00ed pobytu si na recepcii vyp\u00fdtajte potvrdenie o pobyte \u2013 \u00fa\u010dtovn\u00fd doklad (fakt\u00fara), ktor\u00fd obsahuje: va\u0161e meno, term\u00edn pobytu a cenu za pobyt.<\/p>\n<p>5. Tento \u00fa\u010dtovn\u00fd doklad prineste zamestn\u00e1vate\u013eovi, ktor\u00fd v\u00e1m v najbli\u017e\u0161ej v\u00fdplate preplat\u00ed 55 % zo sumy, ktor\u00fa ste zaplatili za pobyt. V\u00fd\u0161ka rekrea\u010dn\u00e9ho pr\u00edspevku m\u00f4\u017ee by\u0165 maxim\u00e1lne 275 \u20ac.<\/p>\n<a href=\"\/pobyty-velky-meder-wellness\/\" class=\"btn btn-primary\">Pobyty na ktor\u00e9 m\u00f4\u017eete vyu\u017ei\u0165 pr\u00edspevok na rekre\u00e1ciu<\/a>\n<h2>Kto m\u00e1 n\u00e1rok \u010derpa\u0165 pr\u00edspevok na rekre\u00e1ciu:<\/h2>\n<p>1. Zamestnanci (s\u00fakromn\u00ed, verejn\u00ed, \u0161t\u00e1tni):<br \/>\ns\u00fa zamestnan\u00ed v organiz\u00e1cii zamestn\u00e1vaj\u00facej 50 zamestnancov a viac<br \/>\nmaj\u00fa pracovn\u00fd pomer na z\u00e1klade pracovnej zmluvy (dohod\u00e1ri nemaj\u00fa n\u00e1rok)<br \/>\npracovn\u00fd pomer vo firme im trv\u00e1 min. 2 roky<\/p>\n<p>2. SZ\u010cO<br \/>\npostup je rovnak\u00fd ako pri zamestn\u00e1vate\u013eovi: SZ\u010cO si k\u00fapi a vyu\u017eije minim\u00e1lne 2-nocov\u00fd pobyt na Slovensku (alebo viacero pobytov \u010di detsk\u00fdch ubytovac\u00edch t\u00e1borov)<br \/>\npo ukon\u010den\u00ed pobytu si vyp\u00fdta od hotela doklad, ktor\u00fd si m\u00f4\u017ee da\u0165 do n\u00e1kladov na zn\u00ed\u017eenie z\u00e1kladu dane<br \/>\nmaxim\u00e1lna v\u00fd\u0161ka sumy do n\u00e1kladov je 500 \u20ac za viac ako 2-nocov\u00fd pobyt na Slovensku (alebo viacero pobytov \u010di detsk\u00fdch t\u00e1borov)<br \/>\nplat\u00ed to v\u0161ak len pre \u017eivnostn\u00edkov, ktor\u00ed si uplat\u0148uj\u00fa skuto\u010dn\u00e9 v\u00fddavky, nie pau\u0161\u00e1lne<\/p>\n<p>3. Okrem zamestnanca m\u00f4\u017ee slu\u017eby pobytu spolu s n\u00edm \u010derpa\u0165 aj osoba \u017eij\u00faca so zamestnancom v spolo\u010dnej dom\u00e1cnosti.<\/p>\n<h2>Sp\u00f4sob z\u00edskania pr\u00edspevku<\/h2>\n<p>Sta\u010d\u00ed, ak po absolvovan\u00ed pobytu prinesiete zamestn\u00e1vate\u013eovi doklad (fakt\u00faru) za pobyt a slu\u017eby s n\u00edm spojen\u00e9 na preplatenie. Zamestn\u00e1vate\u013e v\u00e1m poskytne pr\u00edspevok v najbli\u017e\u0161om v\u00fdplatnom term\u00edne ur\u010denom u zamestn\u00e1vate\u013ea na v\u00fdplatu mzdy.<\/p>\n<h2>Fakt\u00fara, ktor\u00e1 je predlo\u017een\u00e1 zamestn\u00e1vate\u013eovi:<\/h2>\n<ul>\n<li>mus\u00ed by\u0165 vystaven\u00e1 v\u00fdhradne ubytovac\u00edm zariaden\u00edm nach\u00e1dzaj\u00facim sa v SR<\/li>\n<li>mus\u00ed obsahova\u0165 meno zamestnanca<\/li>\n<li>mus\u00ed obsahova\u0165 cenu za pobyt<\/li>\n<li>mus\u00ed obsahova\u0165 term\u00edn pobytu<\/li>\n<li>mus\u00ed by\u0165 minim\u00e1lne za 2 prenocovania a viac, alebo za pobytov\u00fd bal\u00edk na min. 2 prenocovania<\/li>\n<\/ul>\n<h2>V\u00fd\u0161ka pr\u00edspevku na rekre\u00e1ciu<\/h2>\n<p>V\u00fd\u0161ka pr\u00edspevku zamestn\u00e1vate\u013ea na dovolenku je maxim\u00e1lne 275 \u20ac ro\u010dne. Zamestn\u00e1vate\u013e je povinn\u00fd prispieva\u0165 zamestnancovi na rekre\u00e1ciu v sume 55 % v\u00fddavkov na rekre\u00e1ciu, najviac v\u0161ak v sume 275 \u20ac za kalend\u00e1rny rok. V tejto v\u00fd\u0161ke dostan\u00fa pr\u00edspevok len zamestnanci, ktor\u00ed s\u00fa zamestnan\u00ed na pln\u00fd \u00fav\u00e4zok. U zamestnanca, ktor\u00fd m\u00e1 dohodnut\u00fd pracovn\u00fd pomer na skr\u00e1ten\u00fd \u00fav\u00e4zok sa maxim\u00e1lna suma pr\u00edspevku na rekre\u00e1ciu zn\u00ed\u017ei v pomere zodpovedaj\u00facom krat\u0161iemu pracovn\u00e9mu \u010dasu.<\/p>\n<table>\n<tbody>\n<tr>\n<td>Pr\u00edklad 1:<br \/>\ncena rekre\u00e1cie = 500 EUR<br \/>\npr\u00edspevok zamestn\u00e1vate\u013ea = 500 EUR x 55% = 275 EUR<br \/>\nn\u00e1klady zamestnanca = 225 EUR<\/td>\n<td>Pr\u00edklad 2:<br \/>\ncena rekre\u00e1cie = 400 EUR<br \/>\npr\u00edspevok zamestn\u00e1vate\u013ea = 400 EUR x 55% = 220 EUR<br \/>\nn\u00e1klady zamestnanca = 180 EUR<\/td>\n<\/tr>\n<\/tbody>\n<\/table>\n<p>Rekrea\u010dn\u00fd pr\u00edspevok nemus\u00edte vyu\u017ei\u0165 iba na jeden pobyt. M\u00f4\u017eete si ho rozdeli\u0165 aj na viac pobytov, fakt\u00fary z nich sa spo\u010d\u00edtaj\u00fa a behom roka v\u00e1m z nich bude preplaten\u00fdch maxim\u00e1lne a\u017e 275 \u20ac .<\/p>\n<h2>Rekrea\u010dn\u00fd pr\u00edspevok m\u00f4\u017eete vyu\u017ei\u0165 na:<\/h2>\n<ul>\n<li>na ubytovanie najmenej na dve prenocovania na \u00fazem\u00ed Slovenskej republiky, ktor\u00e9ho s\u00fa\u010das\u0165ou m\u00f4\u017eu by\u0165 stravovacie slu\u017eby<\/li>\n<li>na pobytov\u00fd bal\u00edk obsahuj\u00faci ubytovanie najmenej na dve prenocovania a stravovacie slu\u017eby alebo in\u00e9 slu\u017eby s\u00favisiace s rekre\u00e1ciou na \u00fazem\u00ed Slovenskej republiky<\/li>\n<li>na slu\u017eby cestovn\u00e9ho ruchu spojen\u00e9 s ubytovan\u00edm najmenej na dve prenocovania na \u00fazem\u00ed Slovenskej republiky<\/li>\n<li>na mimo\u0161kolsk\u00e9 aktivity po\u010das pr\u00e1zdnin (detsk\u00fd t\u00e1bor) na \u00fazem\u00ed Slovenskej republiky pre die\u0165a zamestnanca, ktor\u00e9\u00a0nav\u0161tevuje z\u00e1kladn\u00fa \u0161kolu alebo niektor\u00fd z prv\u00fdch \u0161tyroch ro\u010dn\u00edkov osemro\u010dn\u00e9ho gymn\u00e1zia<\/li>\n<\/ul>\n<p>&nbsp;<\/p>\n<a href=\"\/pobyty-velky-meder-wellness\/\" class=\"btn btn-primary\">Dovolenky na Slovensku s mo\u017enos\u0165ou vyu\u017ei\u0165 pr\u00edspevok<\/a>\n","protected":false},"excerpt":{"rendered":"<p>Ne\u010dakajte na rekrea\u010dn\u00e9 poukazy \u2013 pr\u00edspevok na dovolenku od zamestn\u00e1vate\u013ea m\u00f4\u017eete vyu\u017ei\u0165 ihne\u010f! Pracujete vo firme, ktor\u00e1 m\u00e1 50 a viac zamestnancov a ste v nej zamestnan\u00ed dlh\u0161ie ako 2 roky? V tom pr\u00edpade m\u00e1te n\u00e1rok na pr\u00edspevok na rekre\u00e1ciu v maxim\u00e1lnej hodnote a\u017e 275 \u20ac ro\u010dne! Pre\u010d\u00edtajte si n\u00e1vod, ako uplatni\u0165 n\u00e1rok na rekrea\u010dn\u00fd [&hellip;]<\/p>\n","protected":false},"author":2,"featured_media":2008,"parent":0,"menu_order":0,"comment_status":"closed","ping_status":"closed","template":"","meta":{"footnotes":""},"class_list":["post-2004","page","type-page","status-publish","has-post-thumbnail","hentry"],"yoast_head":"<!-- This site is optimized with the Yoast SEO plugin v25.3.1 - https:\/\/yoast.com\/wordpress\/plugins\/seo\/ -->\n<title>Rekrea\u010dn\u00e9 poukazy - HOTEL AQUA VARGA ***<\/title>\n<meta name=\"robots\" content=\"index, follow, max-snippet:-1, max-image-preview:large, max-video-preview:-1\" \/>\n<link rel=\"canonical\" href=\"https:\/\/www.hotelaqua.sk\/sk\/rekreacne-poukazy-pre-zamestnancov\/\" \/>\n<meta property=\"og:locale\" content=\"de_DE\" \/>\n<meta property=\"og:type\" content=\"article\" \/>\n<meta property=\"og:title\" content=\"Rekrea\u010dn\u00e9 poukazy - HOTEL AQUA VARGA ***\" \/>\n<meta property=\"og:description\" content=\"Ne\u010dakajte na rekrea\u010dn\u00e9 poukazy \u2013 pr\u00edspevok na dovolenku od zamestn\u00e1vate\u013ea m\u00f4\u017eete vyu\u017ei\u0165 ihne\u010f! Pracujete vo firme, ktor\u00e1 m\u00e1 50 a viac zamestnancov a ste v nej zamestnan\u00ed dlh\u0161ie ako 2 roky? V tom pr\u00edpade m\u00e1te n\u00e1rok na pr\u00edspevok na rekre\u00e1ciu v maxim\u00e1lnej hodnote a\u017e 275 \u20ac ro\u010dne! Pre\u010d\u00edtajte si n\u00e1vod, ako uplatni\u0165 n\u00e1rok na rekrea\u010dn\u00fd [&hellip;]\" \/>\n<meta property=\"og:url\" content=\"https:\/\/www.hotelaqua.sk\/sk\/rekreacne-poukazy-pre-zamestnancov\/\" \/>\n<meta property=\"og:site_name\" content=\"HOTEL AQUA VARGA ***\" \/>\n<meta property=\"article:modified_time\" content=\"2019-05-22T08:27:35+00:00\" \/>\n<meta property=\"og:image\" content=\"https:\/\/www.hotelaqua.sk\/wp-content\/uploads\/2019\/05\/MG_1230-1024x589.jpg\" \/>\n\t<meta property=\"og:image:width\" content=\"1024\" \/>\n\t<meta property=\"og:image:height\" content=\"589\" \/>\n\t<meta property=\"og:image:type\" content=\"image\/jpeg\" \/>\n<meta name=\"twitter:label1\" content=\"Est. reading time\" \/>\n\t<meta name=\"twitter:data1\" content=\"5 minutes\" \/>\n<script type=\"application\/ld+json\" class=\"yoast-schema-graph\">{\"@context\":\"https:\/\/schema.org\",\"@graph\":[{\"@type\":\"WebPage\",\"@id\":\"https:\/\/www.hotelaqua.sk\/sk\/rekreacne-poukazy-pre-zamestnancov\/\",\"url\":\"https:\/\/www.hotelaqua.sk\/sk\/rekreacne-poukazy-pre-zamestnancov\/\",\"name\":\"Rekrea\u010dn\u00e9 poukazy - HOTEL AQUA VARGA ***\",\"isPartOf\":{\"@id\":\"https:\/\/www.hotelaqua.sk\/sk\/#website\"},\"primaryImageOfPage\":{\"@id\":\"https:\/\/www.hotelaqua.sk\/sk\/rekreacne-poukazy-pre-zamestnancov\/#primaryimage\"},\"image\":{\"@id\":\"https:\/\/www.hotelaqua.sk\/sk\/rekreacne-poukazy-pre-zamestnancov\/#primaryimage\"},\"thumbnailUrl\":\"https:\/\/www.hotelaqua.sk\/wp-content\/uploads\/2019\/05\/MG_1230.jpg\",\"datePublished\":\"2019-05-22T08:20:40+00:00\",\"dateModified\":\"2019-05-22T08:27:35+00:00\",\"breadcrumb\":{\"@id\":\"https:\/\/www.hotelaqua.sk\/sk\/rekreacne-poukazy-pre-zamestnancov\/#breadcrumb\"},\"inLanguage\":\"de-DE\",\"potentialAction\":[{\"@type\":\"ReadAction\",\"target\":[\"https:\/\/www.hotelaqua.sk\/sk\/rekreacne-poukazy-pre-zamestnancov\/\"]}]},{\"@type\":\"ImageObject\",\"inLanguage\":\"de-DE\",\"@id\":\"https:\/\/www.hotelaqua.sk\/sk\/rekreacne-poukazy-pre-zamestnancov\/#primaryimage\",\"url\":\"https:\/\/www.hotelaqua.sk\/wp-content\/uploads\/2019\/05\/MG_1230.jpg\",\"contentUrl\":\"https:\/\/www.hotelaqua.sk\/wp-content\/uploads\/2019\/05\/MG_1230.jpg\",\"width\":2600,\"height\":1495},{\"@type\":\"BreadcrumbList\",\"@id\":\"https:\/\/www.hotelaqua.sk\/sk\/rekreacne-poukazy-pre-zamestnancov\/#breadcrumb\",\"itemListElement\":[{\"@type\":\"ListItem\",\"position\":1,\"name\":\"Domovsk\u00e1 str\u00e1nka\",\"item\":\"https:\/\/www.hotelaqua.sk\/en\/what-to-do-in-slovakia-hotel-aqua-wellness-spa\/\"},{\"@type\":\"ListItem\",\"position\":2,\"name\":\"Rekrea\u010dn\u00e9 poukazy\"}]},{\"@type\":\"WebSite\",\"@id\":\"https:\/\/www.hotelaqua.sk\/sk\/#website\",\"url\":\"https:\/\/www.hotelaqua.sk\/sk\/\",\"name\":\"HOTEL AQUA VARGA ***\",\"description\":\"Hotel v bl\u00edzkosti term\u00e1lneho k\u00fapaliska vo Ve\u013ekom Mederi\",\"potentialAction\":[{\"@type\":\"SearchAction\",\"target\":{\"@type\":\"EntryPoint\",\"urlTemplate\":\"https:\/\/www.hotelaqua.sk\/sk\/?s={search_term_string}\"},\"query-input\":{\"@type\":\"PropertyValueSpecification\",\"valueRequired\":true,\"valueName\":\"search_term_string\"}}],\"inLanguage\":\"de-DE\"}]}<\/script>\n<!-- \/ Yoast SEO plugin. -->","yoast_head_json":{"title":"Rekrea\u010dn\u00e9 poukazy - HOTEL AQUA VARGA ***","robots":{"index":"index","follow":"follow","max-snippet":"max-snippet:-1","max-image-preview":"max-image-preview:large","max-video-preview":"max-video-preview:-1"},"canonical":"https:\/\/www.hotelaqua.sk\/sk\/rekreacne-poukazy-pre-zamestnancov\/","og_locale":"de_DE","og_type":"article","og_title":"Rekrea\u010dn\u00e9 poukazy - HOTEL AQUA VARGA ***","og_description":"Ne\u010dakajte na rekrea\u010dn\u00e9 poukazy \u2013 pr\u00edspevok na dovolenku od zamestn\u00e1vate\u013ea m\u00f4\u017eete vyu\u017ei\u0165 ihne\u010f! Pracujete vo firme, ktor\u00e1 m\u00e1 50 a viac zamestnancov a ste v nej zamestnan\u00ed dlh\u0161ie ako 2 roky? V tom pr\u00edpade m\u00e1te n\u00e1rok na pr\u00edspevok na rekre\u00e1ciu v maxim\u00e1lnej hodnote a\u017e 275 \u20ac ro\u010dne! Pre\u010d\u00edtajte si n\u00e1vod, ako uplatni\u0165 n\u00e1rok na rekrea\u010dn\u00fd [&hellip;]","og_url":"https:\/\/www.hotelaqua.sk\/sk\/rekreacne-poukazy-pre-zamestnancov\/","og_site_name":"HOTEL AQUA VARGA ***","article_modified_time":"2019-05-22T08:27:35+00:00","og_image":[{"width":1024,"height":589,"url":"https:\/\/www.hotelaqua.sk\/wp-content\/uploads\/2019\/05\/MG_1230-1024x589.jpg","type":"image\/jpeg"}],"twitter_misc":{"Est. reading time":"5 minutes"},"schema":{"@context":"https:\/\/schema.org","@graph":[{"@type":"WebPage","@id":"https:\/\/www.hotelaqua.sk\/sk\/rekreacne-poukazy-pre-zamestnancov\/","url":"https:\/\/www.hotelaqua.sk\/sk\/rekreacne-poukazy-pre-zamestnancov\/","name":"Rekrea\u010dn\u00e9 poukazy - HOTEL AQUA VARGA ***","isPartOf":{"@id":"https:\/\/www.hotelaqua.sk\/sk\/#website"},"primaryImageOfPage":{"@id":"https:\/\/www.hotelaqua.sk\/sk\/rekreacne-poukazy-pre-zamestnancov\/#primaryimage"},"image":{"@id":"https:\/\/www.hotelaqua.sk\/sk\/rekreacne-poukazy-pre-zamestnancov\/#primaryimage"},"thumbnailUrl":"https:\/\/www.hotelaqua.sk\/wp-content\/uploads\/2019\/05\/MG_1230.jpg","datePublished":"2019-05-22T08:20:40+00:00","dateModified":"2019-05-22T08:27:35+00:00","breadcrumb":{"@id":"https:\/\/www.hotelaqua.sk\/sk\/rekreacne-poukazy-pre-zamestnancov\/#breadcrumb"},"inLanguage":"de-DE","potentialAction":[{"@type":"ReadAction","target":["https:\/\/www.hotelaqua.sk\/sk\/rekreacne-poukazy-pre-zamestnancov\/"]}]},{"@type":"ImageObject","inLanguage":"de-DE","@id":"https:\/\/www.hotelaqua.sk\/sk\/rekreacne-poukazy-pre-zamestnancov\/#primaryimage","url":"https:\/\/www.hotelaqua.sk\/wp-content\/uploads\/2019\/05\/MG_1230.jpg","contentUrl":"https:\/\/www.hotelaqua.sk\/wp-content\/uploads\/2019\/05\/MG_1230.jpg","width":2600,"height":1495},{"@type":"BreadcrumbList","@id":"https:\/\/www.hotelaqua.sk\/sk\/rekreacne-poukazy-pre-zamestnancov\/#breadcrumb","itemListElement":[{"@type":"ListItem","position":1,"name":"Domovsk\u00e1 str\u00e1nka","item":"https:\/\/www.hotelaqua.sk\/en\/what-to-do-in-slovakia-hotel-aqua-wellness-spa\/"},{"@type":"ListItem","position":2,"name":"Rekrea\u010dn\u00e9 poukazy"}]},{"@type":"WebSite","@id":"https:\/\/www.hotelaqua.sk\/sk\/#website","url":"https:\/\/www.hotelaqua.sk\/sk\/","name":"HOTEL AQUA VARGA ***","description":"Hotel v bl\u00edzkosti term\u00e1lneho k\u00fapaliska vo Ve\u013ekom Mederi","potentialAction":[{"@type":"SearchAction","target":{"@type":"EntryPoint","urlTemplate":"https:\/\/www.hotelaqua.sk\/sk\/?s={search_term_string}"},"query-input":{"@type":"PropertyValueSpecification","valueRequired":true,"valueName":"search_term_string"}}],"inLanguage":"de-DE"}]}},"_links":{"self":[{"href":"https:\/\/www.hotelaqua.sk\/de\/wp-json\/wp\/v2\/pages\/2004","targetHints":{"allow":["GET"]}}],"collection":[{"href":"https:\/\/www.hotelaqua.sk\/de\/wp-json\/wp\/v2\/pages"}],"about":[{"href":"https:\/\/www.hotelaqua.sk\/de\/wp-json\/wp\/v2\/types\/page"}],"author":[{"embeddable":true,"href":"https:\/\/www.hotelaqua.sk\/de\/wp-json\/wp\/v2\/users\/2"}],"replies":[{"embeddable":true,"href":"https:\/\/www.hotelaqua.sk\/de\/wp-json\/wp\/v2\/comments?post=2004"}],"version-history":[{"count":0,"href":"https:\/\/www.hotelaqua.sk\/de\/wp-json\/wp\/v2\/pages\/2004\/revisions"}],"wp:featuredmedia":[{"embeddable":true,"href":"https:\/\/www.hotelaqua.sk\/de\/wp-json\/wp\/v2\/media\/2008"}],"wp:attachment":[{"href":"https:\/\/www.hotelaqua.sk\/de\/wp-json\/wp\/v2\/media?parent=2004"}],"curies":[{"name":"wp","href":"https:\/\/api.w.org\/{rel}","templated":true}]}}