{"id":1845,"date":"2018-11-18T16:32:30","date_gmt":"2018-11-18T15:32:30","guid":{"rendered":"https:\/\/www.hotelaqua.sk\/?page_id=1845"},"modified":"2024-10-24T08:45:56","modified_gmt":"2024-10-24T06:45:56","slug":"darcekovy-poukaz","status":"publish","type":"page","link":"https:\/\/www.hotelaqua.sk\/sk\/darcekovy-poukaz\/","title":{"rendered":"Dar\u010dekov\u00fd poukaz"},"content":{"rendered":"<h3>Darujte nie\u010do origin\u00e1lne,\u00a0darujte RELAX v Hoteli AQUA ***<\/h3>\n<div class=\"rgg-container\" data-rgg-id=\"1\">    <div class=\"rgg-imagegrid captions-title captions-effect-none \" data-rgg-id=\"1\">\n                    <a href=\"https:\/\/www.hotelaqua.sk\/wp-content\/uploads\/2018\/11\/\u010d.-201-Farn\u00ed-ples-Bajorek-1024x746.jpg\" data-rel=\"rgg\" rel=\"rgg\" title=\"\" class=\"rgg-disabled size-medium rgg-img\" data-src=\"https:\/\/www.hotelaqua.sk\/wp-content\/uploads\/2018\/11\/\u010d.-201-Farn\u00ed-ples-Bajorek-300x219.jpg\" data-ratio=\"1.3698630137\" data-height=\"219\" data-width=\"300\" aria-label=\"\">\n                            <\/a>\n                    <a href=\"https:\/\/www.hotelaqua.sk\/wp-content\/uploads\/2018\/11\/\u010d.-194-Pe\u0161\u00e1kov\u00e1-1024x723.jpg\" data-rel=\"rgg\" rel=\"rgg\" title=\"\" class=\"rgg-disabled size-medium rgg-img\" data-src=\"https:\/\/www.hotelaqua.sk\/wp-content\/uploads\/2018\/11\/\u010d.-194-Pe\u0161\u00e1kov\u00e1-300x212.jpg\" data-ratio=\"1.41509433962\" data-height=\"212\" data-width=\"300\" aria-label=\"\">\n                            <\/a>\n            <\/div>\n<\/div>\n","protected":false},"excerpt":{"rendered":"<p>Darujte nie\u010do origin\u00e1lne,\u00a0darujte RELAX v Hoteli AQUA ***<\/p>\n","protected":false},"author":1,"featured_media":0,"parent":0,"menu_order":0,"comment_status":"closed","ping_status":"closed","template":"template-form.php","meta":{"footnotes":""},"class_list":["post-1845","page","type-page","status-publish","hentry"],"yoast_head":"<!-- This site is optimized with the Yoast SEO plugin v25.3.1 - https:\/\/yoast.com\/wordpress\/plugins\/seo\/ -->\n<title>Dar\u010dekov\u00fd poukaz - HOTEL AQUA VARGA ***<\/title>\n<meta name=\"robots\" content=\"index, follow, max-snippet:-1, max-image-preview:large, max-video-preview:-1\" \/>\n<link rel=\"canonical\" href=\"https:\/\/www.hotelaqua.sk\/darcekovy-poukaz\/\" \/>\n<meta property=\"og:locale\" content=\"de_DE\" \/>\n<meta property=\"og:type\" content=\"article\" \/>\n<meta property=\"og:title\" content=\"Dar\u010dekov\u00fd poukaz - HOTEL AQUA VARGA ***\" \/>\n<meta property=\"og:description\" content=\"Darujte nie\u010do origin\u00e1lne,\u00a0darujte RELAX v Hoteli AQUA ***\" \/>\n<meta property=\"og:url\" content=\"https:\/\/www.hotelaqua.sk\/darcekovy-poukaz\/\" \/>\n<meta property=\"og:site_name\" content=\"HOTEL AQUA VARGA ***\" \/>\n<meta property=\"article:modified_time\" content=\"2024-10-24T06:45:56+00:00\" \/>\n<meta property=\"og:image\" content=\"https:\/\/www.hotelaqua.sk\/wp-content\/uploads\/2018\/11\/\u010d.-201-Farn\u00ed-ples-Bajorek-300x219.jpg\" \/>\n<meta name=\"twitter:label1\" content=\"Est. reading time\" \/>\n\t<meta name=\"twitter:data1\" content=\"1 minute\" \/>\n<script type=\"application\/ld+json\" class=\"yoast-schema-graph\">{\"@context\":\"https:\/\/schema.org\",\"@graph\":[{\"@type\":\"WebPage\",\"@id\":\"https:\/\/www.hotelaqua.sk\/darcekovy-poukaz\/\",\"url\":\"https:\/\/www.hotelaqua.sk\/darcekovy-poukaz\/\",\"name\":\"Dar\u010dekov\u00fd poukaz - HOTEL AQUA VARGA ***\",\"isPartOf\":{\"@id\":\"https:\/\/www.hotelaqua.sk\/sk\/#website\"},\"datePublished\":\"2018-11-18T15:32:30+00:00\",\"dateModified\":\"2024-10-24T06:45:56+00:00\",\"breadcrumb\":{\"@id\":\"https:\/\/www.hotelaqua.sk\/darcekovy-poukaz\/#breadcrumb\"},\"inLanguage\":\"de-DE\",\"potentialAction\":[{\"@type\":\"ReadAction\",\"target\":[\"https:\/\/www.hotelaqua.sk\/darcekovy-poukaz\/\"]}]},{\"@type\":\"BreadcrumbList\",\"@id\":\"https:\/\/www.hotelaqua.sk\/darcekovy-poukaz\/#breadcrumb\",\"itemListElement\":[{\"@type\":\"ListItem\",\"position\":1,\"name\":\"Domovsk\u00e1 str\u00e1nka\",\"item\":\"https:\/\/www.hotelaqua.sk\/pl\/basen-termalny-slowacja-velky-meder\/\"},{\"@type\":\"ListItem\",\"position\":2,\"name\":\"Dar\u010dekov\u00fd poukaz\"}]},{\"@type\":\"WebSite\",\"@id\":\"https:\/\/www.hotelaqua.sk\/sk\/#website\",\"url\":\"https:\/\/www.hotelaqua.sk\/sk\/\",\"name\":\"HOTEL AQUA VARGA ***\",\"description\":\"Hotel v bl\u00edzkosti term\u00e1lneho k\u00fapaliska vo Ve\u013ekom Mederi\",\"potentialAction\":[{\"@type\":\"SearchAction\",\"target\":{\"@type\":\"EntryPoint\",\"urlTemplate\":\"https:\/\/www.hotelaqua.sk\/sk\/?s={search_term_string}\"},\"query-input\":{\"@type\":\"PropertyValueSpecification\",\"valueRequired\":true,\"valueName\":\"search_term_string\"}}],\"inLanguage\":\"de-DE\"}]}<\/script>\n<!-- \/ Yoast SEO plugin. -->","yoast_head_json":{"title":"Dar\u010dekov\u00fd poukaz - HOTEL AQUA VARGA ***","robots":{"index":"index","follow":"follow","max-snippet":"max-snippet:-1","max-image-preview":"max-image-preview:large","max-video-preview":"max-video-preview:-1"},"canonical":"https:\/\/www.hotelaqua.sk\/darcekovy-poukaz\/","og_locale":"de_DE","og_type":"article","og_title":"Dar\u010dekov\u00fd poukaz - HOTEL AQUA VARGA ***","og_description":"Darujte nie\u010do origin\u00e1lne,\u00a0darujte RELAX v Hoteli AQUA ***","og_url":"https:\/\/www.hotelaqua.sk\/darcekovy-poukaz\/","og_site_name":"HOTEL AQUA VARGA ***","article_modified_time":"2024-10-24T06:45:56+00:00","og_image":[{"url":"https:\/\/www.hotelaqua.sk\/wp-content\/uploads\/2018\/11\/\u010d.-201-Farn\u00ed-ples-Bajorek-300x219.jpg","type":"","width":"","height":""}],"twitter_misc":{"Est. reading time":"1 minute"},"schema":{"@context":"https:\/\/schema.org","@graph":[{"@type":"WebPage","@id":"https:\/\/www.hotelaqua.sk\/darcekovy-poukaz\/","url":"https:\/\/www.hotelaqua.sk\/darcekovy-poukaz\/","name":"Dar\u010dekov\u00fd poukaz - HOTEL AQUA VARGA ***","isPartOf":{"@id":"https:\/\/www.hotelaqua.sk\/sk\/#website"},"datePublished":"2018-11-18T15:32:30+00:00","dateModified":"2024-10-24T06:45:56+00:00","breadcrumb":{"@id":"https:\/\/www.hotelaqua.sk\/darcekovy-poukaz\/#breadcrumb"},"inLanguage":"de-DE","potentialAction":[{"@type":"ReadAction","target":["https:\/\/www.hotelaqua.sk\/darcekovy-poukaz\/"]}]},{"@type":"BreadcrumbList","@id":"https:\/\/www.hotelaqua.sk\/darcekovy-poukaz\/#breadcrumb","itemListElement":[{"@type":"ListItem","position":1,"name":"Domovsk\u00e1 str\u00e1nka","item":"https:\/\/www.hotelaqua.sk\/pl\/basen-termalny-slowacja-velky-meder\/"},{"@type":"ListItem","position":2,"name":"Dar\u010dekov\u00fd poukaz"}]},{"@type":"WebSite","@id":"https:\/\/www.hotelaqua.sk\/sk\/#website","url":"https:\/\/www.hotelaqua.sk\/sk\/","name":"HOTEL AQUA VARGA ***","description":"Hotel v bl\u00edzkosti term\u00e1lneho k\u00fapaliska vo Ve\u013ekom Mederi","potentialAction":[{"@type":"SearchAction","target":{"@type":"EntryPoint","urlTemplate":"https:\/\/www.hotelaqua.sk\/sk\/?s={search_term_string}"},"query-input":{"@type":"PropertyValueSpecification","valueRequired":true,"valueName":"search_term_string"}}],"inLanguage":"de-DE"}]}},"_links":{"self":[{"href":"https:\/\/www.hotelaqua.sk\/de\/wp-json\/wp\/v2\/pages\/1845","targetHints":{"allow":["GET"]}}],"collection":[{"href":"https:\/\/www.hotelaqua.sk\/de\/wp-json\/wp\/v2\/pages"}],"about":[{"href":"https:\/\/www.hotelaqua.sk\/de\/wp-json\/wp\/v2\/types\/page"}],"author":[{"embeddable":true,"href":"https:\/\/www.hotelaqua.sk\/de\/wp-json\/wp\/v2\/users\/1"}],"replies":[{"embeddable":true,"href":"https:\/\/www.hotelaqua.sk\/de\/wp-json\/wp\/v2\/comments?post=1845"}],"version-history":[{"count":0,"href":"https:\/\/www.hotelaqua.sk\/de\/wp-json\/wp\/v2\/pages\/1845\/revisions"}],"wp:attachment":[{"href":"https:\/\/www.hotelaqua.sk\/de\/wp-json\/wp\/v2\/media?parent=1845"}],"curies":[{"name":"wp","href":"https:\/\/api.w.org\/{rel}","templated":true}]}}