{"id":1814,"date":"2018-10-24T06:39:42","date_gmt":"2018-10-24T04:39:42","guid":{"rendered":"https:\/\/www.hotelaqua.sk\/?page_id=1814"},"modified":"2024-01-18T15:58:20","modified_gmt":"2024-01-18T14:58:20","slug":"masaze-afrodida","status":"publish","type":"page","link":"https:\/\/www.hotelaqua.sk\/sk\/masaze-velky-meder\/masaze-afrodida\/","title":{"rendered":"Mas\u00e1\u017ee Afrodida"},"content":{"rendered":"<h2>Zverte sa do r\u00fak odborn\u00edkov a nechajte sa rozmazn\u00e1va\u0165<\/h2>\n<h3>Platba v hotovosti na recepcii mas\u00e1\u017eneho sal\u00f3nu Afrodita SPA<\/h3>\n<p><strong><span style=\"color: #0000ff; font-size: 14pt;\">Mas\u00e1\u017ene proced\u00fary tel.: +421908306558<\/span><\/strong><br \/>\nKozmetick\u00e9 proced\u00fary tel.: +421908306558<\/p>\n<p>Zverte sa do r\u00fak odborn\u00edkov a nechajte sa rozmazn\u00e1va\u0165 od hlavy a\u017e po p\u00e4ty \u0161ikovn\u00fdmi cielen\u00fdmi \u0165ahmi r\u00fak za uvo\u013enen\u00edm a skr\u00e1\u0161\u013eovan\u00edm tela, ale i mysle. Zatvorte na chv\u00ed\u013eu dvere pred cel\u00fdm svetom a doprajte si chv\u00edle len pre seba. Na\u010derpajte silu, energiu a kr\u00e1su jednou z na\u0161ich wellness proced\u00far a mas\u00e1\u017e\u00ed.<\/p>\n<ul>\n<li>Mas\u00e1\u017ee Thajsk\u00e9, aromatick\u00e9, klasick\u00e9, relaxa\u010dn\u00e9 a pod\u013ea aktu\u00e1lnej ponuky<\/li>\n<li>Peelingy<\/li>\n<li>Z\u00e1baly<\/li>\n<li>O\u0161etrenia tv\u00e1re<\/li>\n<\/ul>\n<p>V\u0161etky <strong>wellness pobyty Ve\u013ek\u00fd Meder<\/strong> s\u00fa pripraven\u00e9 tak, aby \u010dloveka naviedli k zdrav\u0161iemu \u0161t\u00fdlu \u017eivota a to vo v\u0161etk\u00fdch jeho sf\u00e9rach . Wellness bal\u00ed\u010dky s\u00fa zlo\u017een\u00e9 z \u013eah\u0161\u00edch wellness proced\u00far, pl\u00e1vania . Zme\u0148te svoj \u017eivot od z\u00e1kladov a relaxujte v Hoteli Thermal Varga *** !<\/p>\n<p>Wellness pobyty hotel Thermal Varga *** V\u00e1m d\u00e1va na v\u00fdber z viacer\u00fdch bal\u00ed\u010dkov wellness pobytov, ktor\u00e9 sme pre V\u00e1s pripravili. Ka\u017ed\u00fd si v ponuke n\u00e1jde to, \u010do mu najvyhovuj\u00facej\u0161ie.<\/p>\n<h4>Kontakt mas\u00e1\u017ee, kozmetika<br \/>\nPromen\u00e1dna 595\/1<br \/>\n93201 Ve\u013ek\u00fd Meder<br \/>\n+421908306558<br \/>\n+421917460625<br \/>\n<a href=\"mailto:info@hotelthermal.sk\">info@hotelthermal.sk<\/a><\/h4>\n<div class=\"rgg-container\" data-rgg-id=\"1\">    <div class=\"rgg-imagegrid captions-title captions-effect-none \" data-rgg-id=\"1\">\n                    <a href=\"https:\/\/www.hotelaqua.sk\/wp-content\/uploads\/2017\/03\/LDMassage-1024x719.jpg\" data-rel=\"rgg\" rel=\"rgg\" title=\"\" class=\"rgg-disabled size-medium rgg-img\" data-src=\"https:\/\/www.hotelaqua.sk\/wp-content\/uploads\/2017\/03\/LDMassage-300x211.jpg\" data-ratio=\"1.42180094787\" data-height=\"211\" data-width=\"300\" aria-label=\"\">\n                            <\/a>\n                    <a href=\"https:\/\/www.hotelaqua.sk\/wp-content\/uploads\/2017\/03\/massage-couple-1-1024x556.jpg\" data-rel=\"rgg\" rel=\"rgg\" title=\"\" class=\"rgg-disabled size-medium rgg-img\" data-src=\"https:\/\/www.hotelaqua.sk\/wp-content\/uploads\/2017\/03\/massage-couple-1-300x163.jpg\" data-ratio=\"1.84049079755\" data-height=\"163\" data-width=\"300\" aria-label=\"\">\n                            <\/a>\n                    <a href=\"https:\/\/www.hotelaqua.sk\/wp-content\/uploads\/2017\/03\/13664369_ml-1024x474.jpg\" data-rel=\"rgg\" rel=\"rgg\" title=\"\" class=\"rgg-disabled size-medium rgg-img\" data-src=\"https:\/\/www.hotelaqua.sk\/wp-content\/uploads\/2017\/03\/13664369_ml-300x139.jpg\" data-ratio=\"2.15827338129\" data-height=\"139\" data-width=\"300\" aria-label=\"\">\n                            <\/a>\n                    <a href=\"https:\/\/www.hotelaqua.sk\/wp-content\/uploads\/2017\/03\/pobyt-letny-relax-1024x684.jpg\" data-rel=\"rgg\" rel=\"rgg\" title=\"\" class=\"rgg-disabled size-medium rgg-img\" data-src=\"https:\/\/www.hotelaqua.sk\/wp-content\/uploads\/2017\/03\/pobyt-letny-relax-e1489574366127-300x150.jpg\" data-ratio=\"2\" data-height=\"150\" data-width=\"300\" aria-label=\"\">\n                            <\/a>\n                    <a href=\"https:\/\/www.hotelaqua.sk\/wp-content\/uploads\/2015\/12\/RAC5694-1024x684.jpg\" data-rel=\"rgg\" rel=\"rgg\" title=\"\" class=\"rgg-disabled size-medium rgg-img\" data-src=\"https:\/\/www.hotelaqua.sk\/wp-content\/uploads\/2015\/12\/RAC5694-300x200.jpg\" data-ratio=\"1.5\" data-height=\"200\" data-width=\"300\" aria-label=\"\">\n                            <\/a>\n                    <a href=\"https:\/\/www.hotelaqua.sk\/wp-content\/uploads\/2015\/12\/RAC5619-1024x684.jpg\" data-rel=\"rgg\" rel=\"rgg\" title=\"\" class=\"rgg-disabled size-medium rgg-img\" data-src=\"https:\/\/www.hotelaqua.sk\/wp-content\/uploads\/2015\/12\/RAC5619-300x200.jpg\" data-ratio=\"1.5\" data-height=\"200\" data-width=\"300\" aria-label=\"\">\n                            <\/a>\n            <\/div>\n<\/div>\n","protected":false},"excerpt":{"rendered":"<p>Zverte sa do r\u00fak odborn\u00edkov a nechajte sa rozmazn\u00e1va\u0165 Platba v hotovosti na recepcii mas\u00e1\u017eneho sal\u00f3nu Afrodita SPA Mas\u00e1\u017ene proced\u00fary tel.: +421908306558 Kozmetick\u00e9 proced\u00fary tel.: +421908306558 Zverte sa do r\u00fak odborn\u00edkov a nechajte sa rozmazn\u00e1va\u0165 od hlavy a\u017e po p\u00e4ty \u0161ikovn\u00fdmi cielen\u00fdmi \u0165ahmi r\u00fak za uvo\u013enen\u00edm a skr\u00e1\u0161\u013eovan\u00edm tela, ale i mysle. Zatvorte na chv\u00ed\u013eu [&hellip;]<\/p>\n","protected":false},"author":2,"featured_media":1194,"parent":296,"menu_order":0,"comment_status":"closed","ping_status":"closed","template":"","meta":{"footnotes":""},"class_list":["post-1814","page","type-page","status-publish","has-post-thumbnail","hentry"],"yoast_head":"<!-- This site is optimized with the Yoast SEO plugin v25.3.1 - https:\/\/yoast.com\/wordpress\/plugins\/seo\/ -->\n<title>Mas\u00e1\u017ee Afrodida - HOTEL AQUA VARGA ***<\/title>\n<meta name=\"robots\" content=\"index, follow, max-snippet:-1, max-image-preview:large, max-video-preview:-1\" \/>\n<link rel=\"canonical\" href=\"https:\/\/www.hotelaqua.sk\/sk\/masaze-velky-meder\/masaze-afrodida\/\" \/>\n<meta property=\"og:locale\" content=\"de_DE\" \/>\n<meta property=\"og:type\" content=\"article\" \/>\n<meta property=\"og:title\" content=\"Mas\u00e1\u017ee Afrodida - HOTEL AQUA VARGA ***\" \/>\n<meta property=\"og:description\" content=\"Zverte sa do r\u00fak odborn\u00edkov a nechajte sa rozmazn\u00e1va\u0165 Platba v hotovosti na recepcii mas\u00e1\u017eneho sal\u00f3nu Afrodita SPA Mas\u00e1\u017ene proced\u00fary tel.: +421908306558 Kozmetick\u00e9 proced\u00fary tel.: +421908306558 Zverte sa do r\u00fak odborn\u00edkov a nechajte sa rozmazn\u00e1va\u0165 od hlavy a\u017e po p\u00e4ty \u0161ikovn\u00fdmi cielen\u00fdmi \u0165ahmi r\u00fak za uvo\u013enen\u00edm a skr\u00e1\u0161\u013eovan\u00edm tela, ale i mysle. Zatvorte na chv\u00ed\u013eu [&hellip;]\" \/>\n<meta property=\"og:url\" content=\"https:\/\/www.hotelaqua.sk\/sk\/masaze-velky-meder\/masaze-afrodida\/\" \/>\n<meta property=\"og:site_name\" content=\"HOTEL AQUA VARGA ***\" \/>\n<meta property=\"article:modified_time\" content=\"2024-01-18T14:58:20+00:00\" \/>\n<meta property=\"og:image\" content=\"https:\/\/www.hotelaqua.sk\/wp-content\/uploads\/2017\/03\/massage-couple-1.jpg\" \/>\n\t<meta property=\"og:image:width\" content=\"1600\" \/>\n\t<meta property=\"og:image:height\" content=\"869\" \/>\n\t<meta property=\"og:image:type\" content=\"image\/jpeg\" \/>\n<meta name=\"twitter:label1\" content=\"Est. reading time\" \/>\n\t<meta name=\"twitter:data1\" content=\"1 minute\" \/>\n<script type=\"application\/ld+json\" class=\"yoast-schema-graph\">{\"@context\":\"https:\/\/schema.org\",\"@graph\":[{\"@type\":\"WebPage\",\"@id\":\"https:\/\/www.hotelaqua.sk\/sk\/masaze-velky-meder\/masaze-afrodida\/\",\"url\":\"https:\/\/www.hotelaqua.sk\/sk\/masaze-velky-meder\/masaze-afrodida\/\",\"name\":\"Mas\u00e1\u017ee Afrodida - HOTEL AQUA VARGA ***\",\"isPartOf\":{\"@id\":\"https:\/\/www.hotelaqua.sk\/sk\/#website\"},\"primaryImageOfPage\":{\"@id\":\"https:\/\/www.hotelaqua.sk\/sk\/masaze-velky-meder\/masaze-afrodida\/#primaryimage\"},\"image\":{\"@id\":\"https:\/\/www.hotelaqua.sk\/sk\/masaze-velky-meder\/masaze-afrodida\/#primaryimage\"},\"thumbnailUrl\":\"https:\/\/www.hotelaqua.sk\/wp-content\/uploads\/2017\/03\/massage-couple-1.jpg\",\"datePublished\":\"2018-10-24T04:39:42+00:00\",\"dateModified\":\"2024-01-18T14:58:20+00:00\",\"breadcrumb\":{\"@id\":\"https:\/\/www.hotelaqua.sk\/sk\/masaze-velky-meder\/masaze-afrodida\/#breadcrumb\"},\"inLanguage\":\"de-DE\",\"potentialAction\":[{\"@type\":\"ReadAction\",\"target\":[\"https:\/\/www.hotelaqua.sk\/sk\/masaze-velky-meder\/masaze-afrodida\/\"]}]},{\"@type\":\"ImageObject\",\"inLanguage\":\"de-DE\",\"@id\":\"https:\/\/www.hotelaqua.sk\/sk\/masaze-velky-meder\/masaze-afrodida\/#primaryimage\",\"url\":\"https:\/\/www.hotelaqua.sk\/wp-content\/uploads\/2017\/03\/massage-couple-1.jpg\",\"contentUrl\":\"https:\/\/www.hotelaqua.sk\/wp-content\/uploads\/2017\/03\/massage-couple-1.jpg\",\"width\":1600,\"height\":869},{\"@type\":\"BreadcrumbList\",\"@id\":\"https:\/\/www.hotelaqua.sk\/sk\/masaze-velky-meder\/masaze-afrodida\/#breadcrumb\",\"itemListElement\":[{\"@type\":\"ListItem\",\"position\":1,\"name\":\"Domovsk\u00e1 str\u00e1nka\",\"item\":\"https:\/\/www.hotelaqua.sk\/sk\/\"},{\"@type\":\"ListItem\",\"position\":2,\"name\":\"Mas\u00e1\u017ee a Kozmetika\",\"item\":\"https:\/\/www.hotelaqua.sk\/sk\/masaze-velky-meder\/\"},{\"@type\":\"ListItem\",\"position\":3,\"name\":\"Mas\u00e1\u017ee Afrodida\"}]},{\"@type\":\"WebSite\",\"@id\":\"https:\/\/www.hotelaqua.sk\/sk\/#website\",\"url\":\"https:\/\/www.hotelaqua.sk\/sk\/\",\"name\":\"HOTEL AQUA VARGA ***\",\"description\":\"Hotel v bl\u00edzkosti term\u00e1lneho k\u00fapaliska vo Ve\u013ekom Mederi\",\"potentialAction\":[{\"@type\":\"SearchAction\",\"target\":{\"@type\":\"EntryPoint\",\"urlTemplate\":\"https:\/\/www.hotelaqua.sk\/sk\/?s={search_term_string}\"},\"query-input\":{\"@type\":\"PropertyValueSpecification\",\"valueRequired\":true,\"valueName\":\"search_term_string\"}}],\"inLanguage\":\"de-DE\"}]}<\/script>\n<!-- \/ Yoast SEO plugin. -->","yoast_head_json":{"title":"Mas\u00e1\u017ee Afrodida - HOTEL AQUA VARGA ***","robots":{"index":"index","follow":"follow","max-snippet":"max-snippet:-1","max-image-preview":"max-image-preview:large","max-video-preview":"max-video-preview:-1"},"canonical":"https:\/\/www.hotelaqua.sk\/sk\/masaze-velky-meder\/masaze-afrodida\/","og_locale":"de_DE","og_type":"article","og_title":"Mas\u00e1\u017ee Afrodida - HOTEL AQUA VARGA ***","og_description":"Zverte sa do r\u00fak odborn\u00edkov a nechajte sa rozmazn\u00e1va\u0165 Platba v hotovosti na recepcii mas\u00e1\u017eneho sal\u00f3nu Afrodita SPA Mas\u00e1\u017ene proced\u00fary tel.: +421908306558 Kozmetick\u00e9 proced\u00fary tel.: +421908306558 Zverte sa do r\u00fak odborn\u00edkov a nechajte sa rozmazn\u00e1va\u0165 od hlavy a\u017e po p\u00e4ty \u0161ikovn\u00fdmi cielen\u00fdmi \u0165ahmi r\u00fak za uvo\u013enen\u00edm a skr\u00e1\u0161\u013eovan\u00edm tela, ale i mysle. Zatvorte na chv\u00ed\u013eu [&hellip;]","og_url":"https:\/\/www.hotelaqua.sk\/sk\/masaze-velky-meder\/masaze-afrodida\/","og_site_name":"HOTEL AQUA VARGA ***","article_modified_time":"2024-01-18T14:58:20+00:00","og_image":[{"width":1600,"height":869,"url":"https:\/\/www.hotelaqua.sk\/wp-content\/uploads\/2017\/03\/massage-couple-1.jpg","type":"image\/jpeg"}],"twitter_misc":{"Est. reading time":"1 minute"},"schema":{"@context":"https:\/\/schema.org","@graph":[{"@type":"WebPage","@id":"https:\/\/www.hotelaqua.sk\/sk\/masaze-velky-meder\/masaze-afrodida\/","url":"https:\/\/www.hotelaqua.sk\/sk\/masaze-velky-meder\/masaze-afrodida\/","name":"Mas\u00e1\u017ee Afrodida - HOTEL AQUA VARGA ***","isPartOf":{"@id":"https:\/\/www.hotelaqua.sk\/sk\/#website"},"primaryImageOfPage":{"@id":"https:\/\/www.hotelaqua.sk\/sk\/masaze-velky-meder\/masaze-afrodida\/#primaryimage"},"image":{"@id":"https:\/\/www.hotelaqua.sk\/sk\/masaze-velky-meder\/masaze-afrodida\/#primaryimage"},"thumbnailUrl":"https:\/\/www.hotelaqua.sk\/wp-content\/uploads\/2017\/03\/massage-couple-1.jpg","datePublished":"2018-10-24T04:39:42+00:00","dateModified":"2024-01-18T14:58:20+00:00","breadcrumb":{"@id":"https:\/\/www.hotelaqua.sk\/sk\/masaze-velky-meder\/masaze-afrodida\/#breadcrumb"},"inLanguage":"de-DE","potentialAction":[{"@type":"ReadAction","target":["https:\/\/www.hotelaqua.sk\/sk\/masaze-velky-meder\/masaze-afrodida\/"]}]},{"@type":"ImageObject","inLanguage":"de-DE","@id":"https:\/\/www.hotelaqua.sk\/sk\/masaze-velky-meder\/masaze-afrodida\/#primaryimage","url":"https:\/\/www.hotelaqua.sk\/wp-content\/uploads\/2017\/03\/massage-couple-1.jpg","contentUrl":"https:\/\/www.hotelaqua.sk\/wp-content\/uploads\/2017\/03\/massage-couple-1.jpg","width":1600,"height":869},{"@type":"BreadcrumbList","@id":"https:\/\/www.hotelaqua.sk\/sk\/masaze-velky-meder\/masaze-afrodida\/#breadcrumb","itemListElement":[{"@type":"ListItem","position":1,"name":"Domovsk\u00e1 str\u00e1nka","item":"https:\/\/www.hotelaqua.sk\/sk\/"},{"@type":"ListItem","position":2,"name":"Mas\u00e1\u017ee a Kozmetika","item":"https:\/\/www.hotelaqua.sk\/sk\/masaze-velky-meder\/"},{"@type":"ListItem","position":3,"name":"Mas\u00e1\u017ee Afrodida"}]},{"@type":"WebSite","@id":"https:\/\/www.hotelaqua.sk\/sk\/#website","url":"https:\/\/www.hotelaqua.sk\/sk\/","name":"HOTEL AQUA VARGA ***","description":"Hotel v bl\u00edzkosti term\u00e1lneho k\u00fapaliska vo Ve\u013ekom Mederi","potentialAction":[{"@type":"SearchAction","target":{"@type":"EntryPoint","urlTemplate":"https:\/\/www.hotelaqua.sk\/sk\/?s={search_term_string}"},"query-input":{"@type":"PropertyValueSpecification","valueRequired":true,"valueName":"search_term_string"}}],"inLanguage":"de-DE"}]}},"_links":{"self":[{"href":"https:\/\/www.hotelaqua.sk\/de\/wp-json\/wp\/v2\/pages\/1814","targetHints":{"allow":["GET"]}}],"collection":[{"href":"https:\/\/www.hotelaqua.sk\/de\/wp-json\/wp\/v2\/pages"}],"about":[{"href":"https:\/\/www.hotelaqua.sk\/de\/wp-json\/wp\/v2\/types\/page"}],"author":[{"embeddable":true,"href":"https:\/\/www.hotelaqua.sk\/de\/wp-json\/wp\/v2\/users\/2"}],"replies":[{"embeddable":true,"href":"https:\/\/www.hotelaqua.sk\/de\/wp-json\/wp\/v2\/comments?post=1814"}],"version-history":[{"count":2,"href":"https:\/\/www.hotelaqua.sk\/de\/wp-json\/wp\/v2\/pages\/1814\/revisions"}],"predecessor-version":[{"id":1862,"href":"https:\/\/www.hotelaqua.sk\/de\/wp-json\/wp\/v2\/pages\/1814\/revisions\/1862"}],"up":[{"embeddable":true,"href":"https:\/\/www.hotelaqua.sk\/de\/wp-json\/wp\/v2\/pages\/296"}],"wp:featuredmedia":[{"embeddable":true,"href":"https:\/\/www.hotelaqua.sk\/de\/wp-json\/wp\/v2\/media\/1194"}],"wp:attachment":[{"href":"https:\/\/www.hotelaqua.sk\/de\/wp-json\/wp\/v2\/media?parent=1814"}],"curies":[{"name":"wp","href":"https:\/\/api.w.org\/{rel}","templated":true}]}}