{"id":166,"date":"2015-11-28T00:48:03","date_gmt":"2015-11-27T23:48:03","guid":{"rendered":"http:\/\/hotelaqua.htsys.sk\/?page_id=166"},"modified":"2017-01-22T14:50:38","modified_gmt":"2017-01-22T13:50:38","slug":"kontakt-thermen-hotel","status":"publish","type":"page","link":"https:\/\/www.hotelaqua.sk\/de\/kontakt-thermen-hotel\/","title":{"rendered":"Kontakt"},"content":{"rendered":"<p style=\"text-align: center;\">FRAGEN SIE, Wir antworten!<\/p>\n<div class=\"alert alert-info\"><strong>Hotel Thermal Varga ***<\/strong><br \/>\nThermenhotel Hotel Aqua neben den Thermen Thermal Corvinus Ve\u013ek\u00fd Meder Slowakei<\/div>\n<dl class=\"dl-horizontal\">\n<dt>Adresse<\/dt>\n<dd>Promen\u00e1dna 595\/1<br \/>\n93201 Ve\u013ek\u00fd Meder<\/dd>\n<dt>Telefon<\/dt>\n<dd>+421315530336<br \/>\n+421917460625<\/dd>\n<dt>Email<\/dt>\n<dd><a href=\"mailto:info@hotelthermal.sk\">info@hotelthermal.sk<\/a><\/dd>\n<dt>Web<\/dt>\n<dd><a href=\"#\">www.hotelaqua.sk<\/a><br \/>\n<a href=\"http:\/\/www.hotelthermal.sk\/\">www.hotelthermal.sk<\/a><\/dd>\n<dt>Besitzer<\/dt>\n<dd><a href=\"http:\/\/hotelaqua.htsys.sk\/wp-content\/uploads\/2015\/12\/majitelia.jpg\"><img loading=\"lazy\" decoding=\"async\" class=\"size-medium wp-image-276 alignright\" src=\"http:\/\/hotelaqua.htsys.sk\/wp-content\/uploads\/2015\/12\/majitelia-300x243.jpg\" alt=\"majitelia\" width=\"300\" height=\"243\" srcset=\"https:\/\/www.hotelaqua.sk\/wp-content\/uploads\/2015\/12\/majitelia-300x243.jpg 300w, https:\/\/www.hotelaqua.sk\/wp-content\/uploads\/2015\/12\/majitelia-1024x829.jpg 1024w, https:\/\/www.hotelaqua.sk\/wp-content\/uploads\/2015\/12\/majitelia.jpg 1920w\" sizes=\"auto, (max-width: 300px) 100vw, 300px\" \/><\/a><\/dd>\n<\/dl>\n<p><iframe loading=\"lazy\" style=\"border: 0; padding: 0; margin: 5px 0;\" src=\"https:\/\/www.google.com\/maps\/embed?pb=!1m17!1m11!1m3!1d979.6753399382853!2d17.7618238838507!3d47.84800765450041!2m2!1f0!2f0!3m2!1i1024!2i768!4f13.1!3m3!1m2!1s0x476ba2f17665566f%3A0x552e86ebbfd5566d!2sHotel+Aqua+Thermal!5e1!3m2!1ssk!2ssk!4v1448664032996\" width=\"100%\" height=\"350px\" frameborder=\"0\" allowfullscreen=\"allowfullscreen\"><\/iframe><\/p>\n<div class=\"rgg-container\" data-rgg-id=\"1\">    <div class=\"rgg-imagegrid captions-title captions-effect-none \" data-rgg-id=\"1\">\n                    <a href=\"https:\/\/www.hotelaqua.sk\/wp-content\/uploads\/2015\/11\/IMG_0550-e1463689402314-1024x471.jpg\" data-rel=\"rgg\" rel=\"rgg\" title=\"Hotel Aqua Ve\u013ek&yacute; Meder term&aacute;lne k&uacute;palisko thermal corvinus k&uacute;pele Slovensko\" class=\"rgg-disabled size-medium rgg-img\" data-src=\"https:\/\/www.hotelaqua.sk\/wp-content\/uploads\/2015\/11\/IMG_0550-e1463689402314-300x138.jpg\" data-ratio=\"2.17391304348\" data-height=\"138\" data-width=\"300\" aria-label=\"Hotel Aqua Ve\u013ek\u00fd Meder term\u00e1lne k\u00fapalisko thermal corvinus k\u00fapele Slovensko\">\n                            <\/a>\n                    <a href=\"https:\/\/www.hotelaqua.sk\/wp-content\/uploads\/2015\/10\/IMG_0388-1-1024x768.jpg\" data-rel=\"rgg\" rel=\"rgg\" title=\"\" class=\"rgg-disabled size-medium rgg-img\" data-src=\"https:\/\/www.hotelaqua.sk\/wp-content\/uploads\/2015\/10\/IMG_0388-1-300x225.jpg\" data-ratio=\"1.33333333333\" data-height=\"225\" data-width=\"300\" aria-label=\"\">\n                            <\/a>\n                    <a href=\"https:\/\/www.hotelaqua.sk\/wp-content\/uploads\/2015\/10\/FullSizeRender-1-768x1024.jpg\" data-rel=\"rgg\" rel=\"rgg\" title=\"\" class=\"rgg-disabled size-medium rgg-img\" data-src=\"https:\/\/www.hotelaqua.sk\/wp-content\/uploads\/2015\/10\/FullSizeRender-1-225x300.jpg\" data-ratio=\"0.75\" data-height=\"300\" data-width=\"225\" aria-label=\"\">\n                            <\/a>\n                    <a href=\"https:\/\/www.hotelaqua.sk\/wp-content\/uploads\/2015\/10\/IMG_0390-1-768x1024.jpg\" data-rel=\"rgg\" rel=\"rgg\" title=\"\" class=\"rgg-disabled size-medium rgg-img\" data-src=\"https:\/\/www.hotelaqua.sk\/wp-content\/uploads\/2015\/10\/IMG_0390-1-225x300.jpg\" data-ratio=\"0.75\" data-height=\"300\" data-width=\"225\" aria-label=\"\">\n                            <\/a>\n                    <a href=\"https:\/\/www.hotelaqua.sk\/wp-content\/uploads\/2015\/10\/IMG_0397-1-1024x768.jpg\" data-rel=\"rgg\" rel=\"rgg\" title=\"\" class=\"rgg-disabled size-medium rgg-img\" data-src=\"https:\/\/www.hotelaqua.sk\/wp-content\/uploads\/2015\/10\/IMG_0397-1-300x225.jpg\" data-ratio=\"1.33333333333\" data-height=\"225\" data-width=\"300\" aria-label=\"\">\n                            <\/a>\n                    <a href=\"https:\/\/www.hotelaqua.sk\/wp-content\/uploads\/2015\/10\/IMG_0387-e1481544903532-1024x703.jpg\" data-rel=\"rgg\" rel=\"rgg\" title=\"Hotel Aqua Ve\u013ek&yacute; Meder term&aacute;lne k&uacute;palisko\" class=\"rgg-disabled size-medium rgg-img\" data-src=\"https:\/\/www.hotelaqua.sk\/wp-content\/uploads\/2015\/10\/IMG_0387-e1481544903532-300x206.jpg\" data-ratio=\"1.45631067961\" data-height=\"206\" data-width=\"300\" aria-label=\"Hotel Aqua Ve\u013ek\u00fd Meder term\u00e1lne k\u00fapalisko\">\n                            <\/a>\n                    <a href=\"https:\/\/www.hotelaqua.sk\/wp-content\/uploads\/2015\/10\/svedske-stoly-gastro-DSC_0095-1024x683.jpg\" data-rel=\"rgg\" rel=\"rgg\" title=\"\" class=\"rgg-disabled size-medium rgg-img\" data-src=\"https:\/\/www.hotelaqua.sk\/wp-content\/uploads\/2015\/10\/svedske-stoly-gastro-DSC_0095-300x200.jpg\" data-ratio=\"1.5\" data-height=\"200\" data-width=\"300\" aria-label=\"\">\n                            <\/a>\n                    <a href=\"https:\/\/www.hotelaqua.sk\/wp-content\/uploads\/2015\/10\/svedske-stoly-gastro-DSC_0088-1024x683.jpg\" data-rel=\"rgg\" rel=\"rgg\" title=\"\" class=\"rgg-disabled size-medium rgg-img\" data-src=\"https:\/\/www.hotelaqua.sk\/wp-content\/uploads\/2015\/10\/svedske-stoly-gastro-DSC_0088-300x200.jpg\" data-ratio=\"1.5\" data-height=\"200\" data-width=\"300\" aria-label=\"\">\n                            <\/a>\n                    <a href=\"https:\/\/www.hotelaqua.sk\/wp-content\/uploads\/2015\/12\/Fotolia_59820219_Subscription_XXL.jpg\" data-rel=\"rgg\" rel=\"rgg\" title=\"\" class=\"rgg-disabled size-medium rgg-img\" data-src=\"https:\/\/www.hotelaqua.sk\/wp-content\/uploads\/2015\/12\/Fotolia_59820219_Subscription_XXL-300x199.jpg\" data-ratio=\"1.50753768844\" data-height=\"199\" data-width=\"300\" aria-label=\"\">\n                            <\/a>\n                    <a href=\"https:\/\/www.hotelaqua.sk\/wp-content\/uploads\/2015\/12\/29081BSLRGB1-1024x674.jpg\" data-rel=\"rgg\" rel=\"rgg\" title=\"\" class=\"rgg-disabled size-medium rgg-img\" data-src=\"https:\/\/www.hotelaqua.sk\/wp-content\/uploads\/2015\/12\/29081BSLRGB1-300x197.jpg\" data-ratio=\"1.52284263959\" data-height=\"197\" data-width=\"300\" aria-label=\"\">\n                            <\/a>\n                    <a href=\"https:\/\/www.hotelaqua.sk\/wp-content\/uploads\/2015\/10\/DSC_2689_zps43a00b07-1024x683.jpg\" data-rel=\"rgg\" rel=\"rgg\" title=\"M&iacute;tingy svadby narodeniny oslavy velky meder Hotel Thermal Varga Aqua\" class=\"rgg-disabled size-medium rgg-img\" data-src=\"https:\/\/www.hotelaqua.sk\/wp-content\/uploads\/2015\/10\/DSC_2689_zps43a00b07-300x200.jpg\" data-ratio=\"1.5\" data-height=\"200\" data-width=\"300\" aria-label=\"M\u00edtingy svadby narodeniny oslavy velky meder Hotel Thermal Varga Aqua\">\n                            <\/a>\n                    <a href=\"https:\/\/www.hotelaqua.sk\/wp-content\/uploads\/2015\/12\/IMG_2816-1024x683.jpg\" data-rel=\"rgg\" rel=\"rgg\" title=\"\" class=\"rgg-disabled size-medium rgg-img\" data-src=\"https:\/\/www.hotelaqua.sk\/wp-content\/uploads\/2015\/12\/IMG_2816-300x200.jpg\" data-ratio=\"1.5\" data-height=\"200\" data-width=\"300\" aria-label=\"\">\n                            <\/a>\n                    <a href=\"https:\/\/www.hotelaqua.sk\/wp-content\/uploads\/2015\/12\/IMG_9151-1024x683.jpg\" data-rel=\"rgg\" rel=\"rgg\" title=\"\" class=\"rgg-disabled size-medium rgg-img\" data-src=\"https:\/\/www.hotelaqua.sk\/wp-content\/uploads\/2015\/12\/IMG_9151-300x200.jpg\" data-ratio=\"1.5\" data-height=\"200\" data-width=\"300\" aria-label=\"\">\n                            <\/a>\n            <\/div>\n<\/div>\n","protected":false},"excerpt":{"rendered":"<p>FRAGEN SIE, Wir antworten! Hotel Thermal Varga *** Thermenhotel Hotel Aqua neben den Thermen Thermal Corvinus Ve\u013ek\u00fd Meder Slowakei Adresse Promen\u00e1dna 595\/1 93201 Ve\u013ek\u00fd Meder Telefon +421315530336 +421917460625 Email info@hotelthermal.sk Web www.hotelaqua.sk www.hotelthermal.sk Besitzer<\/p>\n","protected":false},"author":1,"featured_media":947,"parent":0,"menu_order":0,"comment_status":"closed","ping_status":"closed","template":"","meta":{"footnotes":""},"class_list":["post-166","page","type-page","status-publish","has-post-thumbnail","hentry"],"yoast_head":"<!-- This site is optimized with the Yoast SEO plugin v25.3.1 - https:\/\/yoast.com\/wordpress\/plugins\/seo\/ -->\n<title>Kontakt - HOTEL AQUA VARGA ***<\/title>\n<meta name=\"robots\" content=\"index, follow, max-snippet:-1, max-image-preview:large, max-video-preview:-1\" \/>\n<link rel=\"canonical\" href=\"https:\/\/www.hotelaqua.sk\/de\/kontakt-thermen-hotel\/\" \/>\n<meta property=\"og:locale\" content=\"de_DE\" \/>\n<meta property=\"og:type\" content=\"article\" \/>\n<meta property=\"og:title\" content=\"Kontakt - HOTEL AQUA VARGA ***\" \/>\n<meta property=\"og:description\" content=\"FRAGEN SIE, Wir antworten! Hotel Thermal Varga *** Thermenhotel Hotel Aqua neben den Thermen Thermal Corvinus Ve\u013ek\u00fd Meder Slowakei Adresse Promen\u00e1dna 595\/1 93201 Ve\u013ek\u00fd Meder Telefon +421315530336 +421917460625 Email info@hotelthermal.sk Web www.hotelaqua.sk www.hotelthermal.sk Besitzer\" \/>\n<meta property=\"og:url\" content=\"https:\/\/www.hotelaqua.sk\/de\/kontakt-thermen-hotel\/\" \/>\n<meta property=\"og:site_name\" content=\"HOTEL AQUA VARGA ***\" \/>\n<meta property=\"article:modified_time\" content=\"2017-01-22T13:50:38+00:00\" \/>\n<meta property=\"og:image\" content=\"https:\/\/www.hotelaqua.sk\/wp-content\/uploads\/2015\/11\/20160908_142030-e1481545070523.jpg\" \/>\n\t<meta property=\"og:image:width\" content=\"2400\" \/>\n\t<meta property=\"og:image:height\" content=\"1350\" \/>\n\t<meta property=\"og:image:type\" content=\"image\/jpeg\" \/>\n<script type=\"application\/ld+json\" class=\"yoast-schema-graph\">{\"@context\":\"https:\/\/schema.org\",\"@graph\":[{\"@type\":\"WebPage\",\"@id\":\"https:\/\/www.hotelaqua.sk\/de\/kontakt-thermen-hotel\/\",\"url\":\"https:\/\/www.hotelaqua.sk\/de\/kontakt-thermen-hotel\/\",\"name\":\"Kontakt - HOTEL AQUA VARGA ***\",\"isPartOf\":{\"@id\":\"https:\/\/www.hotelaqua.sk\/sk\/#website\"},\"primaryImageOfPage\":{\"@id\":\"https:\/\/www.hotelaqua.sk\/de\/kontakt-thermen-hotel\/#primaryimage\"},\"image\":{\"@id\":\"https:\/\/www.hotelaqua.sk\/de\/kontakt-thermen-hotel\/#primaryimage\"},\"thumbnailUrl\":\"https:\/\/www.hotelaqua.sk\/wp-content\/uploads\/2015\/11\/20160908_142030-e1481545070523.jpg\",\"datePublished\":\"2015-11-27T23:48:03+00:00\",\"dateModified\":\"2017-01-22T13:50:38+00:00\",\"breadcrumb\":{\"@id\":\"https:\/\/www.hotelaqua.sk\/de\/kontakt-thermen-hotel\/#breadcrumb\"},\"inLanguage\":\"de-DE\",\"potentialAction\":[{\"@type\":\"ReadAction\",\"target\":[\"https:\/\/www.hotelaqua.sk\/de\/kontakt-thermen-hotel\/\"]}]},{\"@type\":\"ImageObject\",\"inLanguage\":\"de-DE\",\"@id\":\"https:\/\/www.hotelaqua.sk\/de\/kontakt-thermen-hotel\/#primaryimage\",\"url\":\"https:\/\/www.hotelaqua.sk\/wp-content\/uploads\/2015\/11\/20160908_142030-e1481545070523.jpg\",\"contentUrl\":\"https:\/\/www.hotelaqua.sk\/wp-content\/uploads\/2015\/11\/20160908_142030-e1481545070523.jpg\",\"width\":2400,\"height\":1350},{\"@type\":\"BreadcrumbList\",\"@id\":\"https:\/\/www.hotelaqua.sk\/de\/kontakt-thermen-hotel\/#breadcrumb\",\"itemListElement\":[{\"@type\":\"ListItem\",\"position\":1,\"name\":\"Domovsk\u00e1 str\u00e1nka\",\"item\":\"https:\/\/www.hotelaqua.sk\/en\/what-to-do-in-slovakia-hotel-aqua-wellness-spa\/\"},{\"@type\":\"ListItem\",\"position\":2,\"name\":\"Kontakt\"}]},{\"@type\":\"WebSite\",\"@id\":\"https:\/\/www.hotelaqua.sk\/sk\/#website\",\"url\":\"https:\/\/www.hotelaqua.sk\/sk\/\",\"name\":\"HOTEL AQUA VARGA ***\",\"description\":\"Hotel v bl\u00edzkosti term\u00e1lneho k\u00fapaliska vo Ve\u013ekom Mederi\",\"potentialAction\":[{\"@type\":\"SearchAction\",\"target\":{\"@type\":\"EntryPoint\",\"urlTemplate\":\"https:\/\/www.hotelaqua.sk\/sk\/?s={search_term_string}\"},\"query-input\":{\"@type\":\"PropertyValueSpecification\",\"valueRequired\":true,\"valueName\":\"search_term_string\"}}],\"inLanguage\":\"de-DE\"}]}<\/script>\n<!-- \/ Yoast SEO plugin. -->","yoast_head_json":{"title":"Kontakt - HOTEL AQUA VARGA ***","robots":{"index":"index","follow":"follow","max-snippet":"max-snippet:-1","max-image-preview":"max-image-preview:large","max-video-preview":"max-video-preview:-1"},"canonical":"https:\/\/www.hotelaqua.sk\/de\/kontakt-thermen-hotel\/","og_locale":"de_DE","og_type":"article","og_title":"Kontakt - HOTEL AQUA VARGA ***","og_description":"FRAGEN SIE, Wir antworten! Hotel Thermal Varga *** Thermenhotel Hotel Aqua neben den Thermen Thermal Corvinus Ve\u013ek\u00fd Meder Slowakei Adresse Promen\u00e1dna 595\/1 93201 Ve\u013ek\u00fd Meder Telefon +421315530336 +421917460625 Email info@hotelthermal.sk Web www.hotelaqua.sk www.hotelthermal.sk Besitzer","og_url":"https:\/\/www.hotelaqua.sk\/de\/kontakt-thermen-hotel\/","og_site_name":"HOTEL AQUA VARGA ***","article_modified_time":"2017-01-22T13:50:38+00:00","og_image":[{"width":2400,"height":1350,"url":"https:\/\/www.hotelaqua.sk\/wp-content\/uploads\/2015\/11\/20160908_142030-e1481545070523.jpg","type":"image\/jpeg"}],"schema":{"@context":"https:\/\/schema.org","@graph":[{"@type":"WebPage","@id":"https:\/\/www.hotelaqua.sk\/de\/kontakt-thermen-hotel\/","url":"https:\/\/www.hotelaqua.sk\/de\/kontakt-thermen-hotel\/","name":"Kontakt - HOTEL AQUA VARGA ***","isPartOf":{"@id":"https:\/\/www.hotelaqua.sk\/sk\/#website"},"primaryImageOfPage":{"@id":"https:\/\/www.hotelaqua.sk\/de\/kontakt-thermen-hotel\/#primaryimage"},"image":{"@id":"https:\/\/www.hotelaqua.sk\/de\/kontakt-thermen-hotel\/#primaryimage"},"thumbnailUrl":"https:\/\/www.hotelaqua.sk\/wp-content\/uploads\/2015\/11\/20160908_142030-e1481545070523.jpg","datePublished":"2015-11-27T23:48:03+00:00","dateModified":"2017-01-22T13:50:38+00:00","breadcrumb":{"@id":"https:\/\/www.hotelaqua.sk\/de\/kontakt-thermen-hotel\/#breadcrumb"},"inLanguage":"de-DE","potentialAction":[{"@type":"ReadAction","target":["https:\/\/www.hotelaqua.sk\/de\/kontakt-thermen-hotel\/"]}]},{"@type":"ImageObject","inLanguage":"de-DE","@id":"https:\/\/www.hotelaqua.sk\/de\/kontakt-thermen-hotel\/#primaryimage","url":"https:\/\/www.hotelaqua.sk\/wp-content\/uploads\/2015\/11\/20160908_142030-e1481545070523.jpg","contentUrl":"https:\/\/www.hotelaqua.sk\/wp-content\/uploads\/2015\/11\/20160908_142030-e1481545070523.jpg","width":2400,"height":1350},{"@type":"BreadcrumbList","@id":"https:\/\/www.hotelaqua.sk\/de\/kontakt-thermen-hotel\/#breadcrumb","itemListElement":[{"@type":"ListItem","position":1,"name":"Domovsk\u00e1 str\u00e1nka","item":"https:\/\/www.hotelaqua.sk\/en\/what-to-do-in-slovakia-hotel-aqua-wellness-spa\/"},{"@type":"ListItem","position":2,"name":"Kontakt"}]},{"@type":"WebSite","@id":"https:\/\/www.hotelaqua.sk\/sk\/#website","url":"https:\/\/www.hotelaqua.sk\/sk\/","name":"HOTEL AQUA VARGA ***","description":"Hotel v bl\u00edzkosti term\u00e1lneho k\u00fapaliska vo Ve\u013ekom Mederi","potentialAction":[{"@type":"SearchAction","target":{"@type":"EntryPoint","urlTemplate":"https:\/\/www.hotelaqua.sk\/sk\/?s={search_term_string}"},"query-input":{"@type":"PropertyValueSpecification","valueRequired":true,"valueName":"search_term_string"}}],"inLanguage":"de-DE"}]}},"_links":{"self":[{"href":"https:\/\/www.hotelaqua.sk\/de\/wp-json\/wp\/v2\/pages\/166","targetHints":{"allow":["GET"]}}],"collection":[{"href":"https:\/\/www.hotelaqua.sk\/de\/wp-json\/wp\/v2\/pages"}],"about":[{"href":"https:\/\/www.hotelaqua.sk\/de\/wp-json\/wp\/v2\/types\/page"}],"author":[{"embeddable":true,"href":"https:\/\/www.hotelaqua.sk\/de\/wp-json\/wp\/v2\/users\/1"}],"replies":[{"embeddable":true,"href":"https:\/\/www.hotelaqua.sk\/de\/wp-json\/wp\/v2\/comments?post=166"}],"version-history":[{"count":3,"href":"https:\/\/www.hotelaqua.sk\/de\/wp-json\/wp\/v2\/pages\/166\/revisions"}],"predecessor-version":[{"id":782,"href":"https:\/\/www.hotelaqua.sk\/de\/wp-json\/wp\/v2\/pages\/166\/revisions\/782"}],"wp:featuredmedia":[{"embeddable":true,"href":"https:\/\/www.hotelaqua.sk\/de\/wp-json\/wp\/v2\/media\/947"}],"wp:attachment":[{"href":"https:\/\/www.hotelaqua.sk\/de\/wp-json\/wp\/v2\/media?parent=166"}],"curies":[{"name":"wp","href":"https:\/\/api.w.org\/{rel}","templated":true}]}}