{"id":164,"date":"2015-11-28T00:44:21","date_gmt":"2015-11-27T23:44:21","guid":{"rendered":"http:\/\/hotelaqua.htsys.sk\/?page_id=164"},"modified":"2016-12-12T13:34:26","modified_gmt":"2016-12-12T12:34:26","slug":"verpflegung","status":"publish","type":"page","link":"https:\/\/www.hotelaqua.sk\/de\/verpflegung\/","title":{"rendered":"Verpflegung"},"content":{"rendered":"<h1 style=\"text-align: center;\">Hotel Aqua ***<\/h1>\n<h2 style=\"text-align: center;\">Nahrung und Unterkunft im Thermalbad Velky Meder<\/h2>\n<p>Unsere K\u00fcche (Gastronomie, Buffet)<br \/>\n<strong> Wir glauben, dass wir sind, was wir essen.<\/strong><br \/>\nDas Essen ist reichhaltiges Buffet, serviert gegen\u00fcber dem Eingang des Hotels\u00a0 Aqua, im Restaurant Hotel Thermal Varga ***. Bequem, Fu\u00df (30 Meter) \u00fcber einen sch\u00f6nen Hotelpark zu Fu\u00df zum Restaurant f\u00fcr Fr\u00fchst\u00fcck und Abendessen.<\/p>\n<p><em> Die Basis unserer K\u00fcche besteht<\/em><br \/>\n<strong> Harmonie der Aromen<\/strong><br \/>\nDer Schwerpunkt auf Geschmack Qualit\u00e4t der Zutaten ist eine Grundhaltung von ehrliches Essen aus unserer K\u00fcche. Sch\u00f6nheit in der Einfachheit: Wir sind von der Idee gef\u00fchrt.<\/p>\n<p><strong> Traditionelle<\/strong><br \/>\nDer springende Punkt ist die K\u00fcche der Familie Tradition, die nicht nur die Grundlage der Familie, sondern auch die qualitativen Anforderungen an die Auswahl der Rohstoffe sichert.<\/p>\n<p><strong> Rohstoffe Auswahl<\/strong><br \/>\nDie Lieferung, versuchen wir auf die Qualit\u00e4t der angebotenen in unserer Region zu bauen. Ehrlich Betrachtung jedes Detail der Rohstoffe ist die Basis unseres Erfolges.<\/p>\n<div class=\"rgg-container\" data-rgg-id=\"1\">    <div class=\"rgg-imagegrid captions-title captions-effect-none \" data-rgg-id=\"1\">\n                    <a href=\"https:\/\/www.hotelaqua.sk\/wp-content\/uploads\/2015\/10\/kava-ranajky.jpg\" data-rel=\"rgg\" rel=\"rgg\" title=\"\" class=\"rgg-disabled size-medium rgg-img\" data-src=\"https:\/\/www.hotelaqua.sk\/wp-content\/uploads\/2015\/10\/kava-ranajky-300x300.jpg\" data-ratio=\"1\" data-height=\"300\" data-width=\"300\" aria-label=\"\">\n                            <\/a>\n                    <a href=\"https:\/\/www.hotelaqua.sk\/wp-content\/uploads\/2015\/10\/47fe498d8f13a605d035.jpg\" data-rel=\"rgg\" rel=\"rgg\" title=\"\" class=\"rgg-disabled size-medium rgg-img\" data-src=\"https:\/\/www.hotelaqua.sk\/wp-content\/uploads\/2015\/10\/47fe498d8f13a605d035-300x140.jpg\" data-ratio=\"2.14285714286\" data-height=\"140\" data-width=\"300\" aria-label=\"\">\n                            <\/a>\n                    <a href=\"https:\/\/www.hotelaqua.sk\/wp-content\/uploads\/2015\/12\/DSC_0110-1024x683.jpg\" data-rel=\"rgg\" rel=\"rgg\" title=\"\" class=\"rgg-disabled size-medium rgg-img\" data-src=\"https:\/\/www.hotelaqua.sk\/wp-content\/uploads\/2015\/12\/DSC_0110-300x200.jpg\" data-ratio=\"1.5\" data-height=\"200\" data-width=\"300\" aria-label=\"\">\n                            <\/a>\n                    <a href=\"https:\/\/www.hotelaqua.sk\/wp-content\/uploads\/2015\/10\/vegetables-1024x661.jpg\" data-rel=\"rgg\" rel=\"rgg\" title=\"\" class=\"rgg-disabled size-medium rgg-img\" data-src=\"https:\/\/www.hotelaqua.sk\/wp-content\/uploads\/2015\/10\/vegetables-300x194.jpg\" data-ratio=\"1.54639175258\" data-height=\"194\" data-width=\"300\" aria-label=\"\">\n                            <\/a>\n                    <a href=\"https:\/\/www.hotelaqua.sk\/wp-content\/uploads\/2015\/12\/restauracia-Hotel-Thermal-Varga-1024x683.jpg\" data-rel=\"rgg\" rel=\"rgg\" title=\"\" class=\"rgg-disabled size-medium rgg-img\" data-src=\"https:\/\/www.hotelaqua.sk\/wp-content\/uploads\/2015\/12\/restauracia-Hotel-Thermal-Varga-300x200.jpg\" data-ratio=\"1.5\" data-height=\"200\" data-width=\"300\" aria-label=\"\">\n                            <\/a>\n                    <a href=\"https:\/\/www.hotelaqua.sk\/wp-content\/uploads\/2015\/10\/svedske-stoly-gastro-DSC_0088-1024x683.jpg\" data-rel=\"rgg\" rel=\"rgg\" title=\"\" class=\"rgg-disabled size-medium rgg-img\" data-src=\"https:\/\/www.hotelaqua.sk\/wp-content\/uploads\/2015\/10\/svedske-stoly-gastro-DSC_0088-300x200.jpg\" data-ratio=\"1.5\" data-height=\"200\" data-width=\"300\" aria-label=\"\">\n                            <\/a>\n                    <a href=\"https:\/\/www.hotelaqua.sk\/wp-content\/uploads\/2015\/10\/CheeseAssortment1-1024x709.jpg\" data-rel=\"rgg\" rel=\"rgg\" title=\"\" class=\"rgg-disabled size-medium rgg-img\" data-src=\"https:\/\/www.hotelaqua.sk\/wp-content\/uploads\/2015\/10\/CheeseAssortment1-300x208.jpg\" data-ratio=\"1.44230769231\" data-height=\"208\" data-width=\"300\" aria-label=\"\">\n                            <\/a>\n                    <a href=\"https:\/\/www.hotelaqua.sk\/wp-content\/uploads\/2015\/11\/12241041_10154113222250329_5072285869552796592_o-1024x683.jpg\" data-rel=\"rgg\" rel=\"rgg\" title=\"\" class=\"rgg-disabled size-medium rgg-img\" data-src=\"https:\/\/www.hotelaqua.sk\/wp-content\/uploads\/2015\/11\/12241041_10154113222250329_5072285869552796592_o-300x200.jpg\" data-ratio=\"1.5\" data-height=\"200\" data-width=\"300\" aria-label=\"\">\n                            <\/a>\n                    <a href=\"https:\/\/www.hotelaqua.sk\/wp-content\/uploads\/2015\/10\/zakusky_RAC8076-1024x684.jpg\" data-rel=\"rgg\" rel=\"rgg\" title=\"\" class=\"rgg-disabled size-medium rgg-img\" data-src=\"https:\/\/www.hotelaqua.sk\/wp-content\/uploads\/2015\/10\/zakusky_RAC8076-300x200.jpg\" data-ratio=\"1.5\" data-height=\"200\" data-width=\"300\" aria-label=\"\">\n                            <\/a>\n                    <a href=\"https:\/\/www.hotelaqua.sk\/wp-content\/uploads\/2015\/10\/svedske-stoly-gastro-DSC_0095-1024x683.jpg\" data-rel=\"rgg\" rel=\"rgg\" title=\"\" class=\"rgg-disabled size-medium rgg-img\" data-src=\"https:\/\/www.hotelaqua.sk\/wp-content\/uploads\/2015\/10\/svedske-stoly-gastro-DSC_0095-300x200.jpg\" data-ratio=\"1.5\" data-height=\"200\" data-width=\"300\" aria-label=\"\">\n                            <\/a>\n            <\/div>\n<\/div>\n","protected":false},"excerpt":{"rendered":"<p>Hotel Aqua *** Nahrung und Unterkunft im Thermalbad Velky Meder Unsere K\u00fcche (Gastronomie, Buffet) Wir glauben, dass wir sind, was wir essen. Das Essen ist reichhaltiges Buffet, serviert gegen\u00fcber dem Eingang des Hotels\u00a0 Aqua, im Restaurant Hotel Thermal Varga ***. Bequem, Fu\u00df (30 Meter) \u00fcber einen sch\u00f6nen Hotelpark zu Fu\u00df zum Restaurant f\u00fcr Fr\u00fchst\u00fcck und [&hellip;]<\/p>\n","protected":false},"author":1,"featured_media":280,"parent":0,"menu_order":0,"comment_status":"closed","ping_status":"closed","template":"","meta":{"footnotes":""},"class_list":["post-164","page","type-page","status-publish","has-post-thumbnail","hentry"],"yoast_head":"<!-- This site is optimized with the Yoast SEO plugin v25.3.1 - https:\/\/yoast.com\/wordpress\/plugins\/seo\/ -->\n<title>Verpflegung - HOTEL AQUA VARGA ***<\/title>\n<meta name=\"robots\" content=\"index, follow, max-snippet:-1, max-image-preview:large, max-video-preview:-1\" \/>\n<link rel=\"canonical\" href=\"https:\/\/www.hotelaqua.sk\/de\/verpflegung\/\" \/>\n<meta property=\"og:locale\" content=\"de_DE\" \/>\n<meta property=\"og:type\" content=\"article\" \/>\n<meta property=\"og:title\" content=\"Verpflegung - HOTEL AQUA VARGA ***\" \/>\n<meta property=\"og:description\" content=\"Hotel Aqua *** Nahrung und Unterkunft im Thermalbad Velky Meder Unsere K\u00fcche (Gastronomie, Buffet) Wir glauben, dass wir sind, was wir essen. Das Essen ist reichhaltiges Buffet, serviert gegen\u00fcber dem Eingang des Hotels\u00a0 Aqua, im Restaurant Hotel Thermal Varga ***. Bequem, Fu\u00df (30 Meter) \u00fcber einen sch\u00f6nen Hotelpark zu Fu\u00df zum Restaurant f\u00fcr Fr\u00fchst\u00fcck und [&hellip;]\" \/>\n<meta property=\"og:url\" content=\"https:\/\/www.hotelaqua.sk\/de\/verpflegung\/\" \/>\n<meta property=\"og:site_name\" content=\"HOTEL AQUA VARGA ***\" \/>\n<meta property=\"article:modified_time\" content=\"2016-12-12T12:34:26+00:00\" \/>\n<meta property=\"og:image\" content=\"https:\/\/www.hotelaqua.sk\/wp-content\/uploads\/2015\/12\/DSC_0110-e1481544478751.jpg\" \/>\n\t<meta property=\"og:image:width\" content=\"1920\" \/>\n\t<meta property=\"og:image:height\" content=\"1280\" \/>\n\t<meta property=\"og:image:type\" content=\"image\/jpeg\" \/>\n<meta name=\"twitter:label1\" content=\"Est. reading time\" \/>\n\t<meta name=\"twitter:data1\" content=\"1 minute\" \/>\n<script type=\"application\/ld+json\" class=\"yoast-schema-graph\">{\"@context\":\"https:\/\/schema.org\",\"@graph\":[{\"@type\":\"WebPage\",\"@id\":\"https:\/\/www.hotelaqua.sk\/de\/verpflegung\/\",\"url\":\"https:\/\/www.hotelaqua.sk\/de\/verpflegung\/\",\"name\":\"Verpflegung - HOTEL AQUA VARGA ***\",\"isPartOf\":{\"@id\":\"https:\/\/www.hotelaqua.sk\/sk\/#website\"},\"primaryImageOfPage\":{\"@id\":\"https:\/\/www.hotelaqua.sk\/de\/verpflegung\/#primaryimage\"},\"image\":{\"@id\":\"https:\/\/www.hotelaqua.sk\/de\/verpflegung\/#primaryimage\"},\"thumbnailUrl\":\"https:\/\/www.hotelaqua.sk\/wp-content\/uploads\/2015\/12\/DSC_0110-e1481544478751.jpg\",\"datePublished\":\"2015-11-27T23:44:21+00:00\",\"dateModified\":\"2016-12-12T12:34:26+00:00\",\"breadcrumb\":{\"@id\":\"https:\/\/www.hotelaqua.sk\/de\/verpflegung\/#breadcrumb\"},\"inLanguage\":\"de-DE\",\"potentialAction\":[{\"@type\":\"ReadAction\",\"target\":[\"https:\/\/www.hotelaqua.sk\/de\/verpflegung\/\"]}]},{\"@type\":\"ImageObject\",\"inLanguage\":\"de-DE\",\"@id\":\"https:\/\/www.hotelaqua.sk\/de\/verpflegung\/#primaryimage\",\"url\":\"https:\/\/www.hotelaqua.sk\/wp-content\/uploads\/2015\/12\/DSC_0110-e1481544478751.jpg\",\"contentUrl\":\"https:\/\/www.hotelaqua.sk\/wp-content\/uploads\/2015\/12\/DSC_0110-e1481544478751.jpg\",\"width\":1920,\"height\":1280},{\"@type\":\"BreadcrumbList\",\"@id\":\"https:\/\/www.hotelaqua.sk\/de\/verpflegung\/#breadcrumb\",\"itemListElement\":[{\"@type\":\"ListItem\",\"position\":1,\"name\":\"Domovsk\u00e1 str\u00e1nka\",\"item\":\"https:\/\/www.hotelaqua.sk\/de\/hotel-aqua-thermen-slowakei-velky-meder\/\"},{\"@type\":\"ListItem\",\"position\":2,\"name\":\"Verpflegung\"}]},{\"@type\":\"WebSite\",\"@id\":\"https:\/\/www.hotelaqua.sk\/sk\/#website\",\"url\":\"https:\/\/www.hotelaqua.sk\/sk\/\",\"name\":\"HOTEL AQUA VARGA ***\",\"description\":\"Hotel v bl\u00edzkosti term\u00e1lneho k\u00fapaliska vo Ve\u013ekom Mederi\",\"potentialAction\":[{\"@type\":\"SearchAction\",\"target\":{\"@type\":\"EntryPoint\",\"urlTemplate\":\"https:\/\/www.hotelaqua.sk\/sk\/?s={search_term_string}\"},\"query-input\":{\"@type\":\"PropertyValueSpecification\",\"valueRequired\":true,\"valueName\":\"search_term_string\"}}],\"inLanguage\":\"de-DE\"}]}<\/script>\n<!-- \/ Yoast SEO plugin. -->","yoast_head_json":{"title":"Verpflegung - HOTEL AQUA VARGA ***","robots":{"index":"index","follow":"follow","max-snippet":"max-snippet:-1","max-image-preview":"max-image-preview:large","max-video-preview":"max-video-preview:-1"},"canonical":"https:\/\/www.hotelaqua.sk\/de\/verpflegung\/","og_locale":"de_DE","og_type":"article","og_title":"Verpflegung - HOTEL AQUA VARGA ***","og_description":"Hotel Aqua *** Nahrung und Unterkunft im Thermalbad Velky Meder Unsere K\u00fcche (Gastronomie, Buffet) Wir glauben, dass wir sind, was wir essen. Das Essen ist reichhaltiges Buffet, serviert gegen\u00fcber dem Eingang des Hotels\u00a0 Aqua, im Restaurant Hotel Thermal Varga ***. Bequem, Fu\u00df (30 Meter) \u00fcber einen sch\u00f6nen Hotelpark zu Fu\u00df zum Restaurant f\u00fcr Fr\u00fchst\u00fcck und [&hellip;]","og_url":"https:\/\/www.hotelaqua.sk\/de\/verpflegung\/","og_site_name":"HOTEL AQUA VARGA ***","article_modified_time":"2016-12-12T12:34:26+00:00","og_image":[{"width":1920,"height":1280,"url":"https:\/\/www.hotelaqua.sk\/wp-content\/uploads\/2015\/12\/DSC_0110-e1481544478751.jpg","type":"image\/jpeg"}],"twitter_misc":{"Est. reading time":"1 minute"},"schema":{"@context":"https:\/\/schema.org","@graph":[{"@type":"WebPage","@id":"https:\/\/www.hotelaqua.sk\/de\/verpflegung\/","url":"https:\/\/www.hotelaqua.sk\/de\/verpflegung\/","name":"Verpflegung - HOTEL AQUA VARGA ***","isPartOf":{"@id":"https:\/\/www.hotelaqua.sk\/sk\/#website"},"primaryImageOfPage":{"@id":"https:\/\/www.hotelaqua.sk\/de\/verpflegung\/#primaryimage"},"image":{"@id":"https:\/\/www.hotelaqua.sk\/de\/verpflegung\/#primaryimage"},"thumbnailUrl":"https:\/\/www.hotelaqua.sk\/wp-content\/uploads\/2015\/12\/DSC_0110-e1481544478751.jpg","datePublished":"2015-11-27T23:44:21+00:00","dateModified":"2016-12-12T12:34:26+00:00","breadcrumb":{"@id":"https:\/\/www.hotelaqua.sk\/de\/verpflegung\/#breadcrumb"},"inLanguage":"de-DE","potentialAction":[{"@type":"ReadAction","target":["https:\/\/www.hotelaqua.sk\/de\/verpflegung\/"]}]},{"@type":"ImageObject","inLanguage":"de-DE","@id":"https:\/\/www.hotelaqua.sk\/de\/verpflegung\/#primaryimage","url":"https:\/\/www.hotelaqua.sk\/wp-content\/uploads\/2015\/12\/DSC_0110-e1481544478751.jpg","contentUrl":"https:\/\/www.hotelaqua.sk\/wp-content\/uploads\/2015\/12\/DSC_0110-e1481544478751.jpg","width":1920,"height":1280},{"@type":"BreadcrumbList","@id":"https:\/\/www.hotelaqua.sk\/de\/verpflegung\/#breadcrumb","itemListElement":[{"@type":"ListItem","position":1,"name":"Domovsk\u00e1 str\u00e1nka","item":"https:\/\/www.hotelaqua.sk\/de\/hotel-aqua-thermen-slowakei-velky-meder\/"},{"@type":"ListItem","position":2,"name":"Verpflegung"}]},{"@type":"WebSite","@id":"https:\/\/www.hotelaqua.sk\/sk\/#website","url":"https:\/\/www.hotelaqua.sk\/sk\/","name":"HOTEL AQUA VARGA ***","description":"Hotel v bl\u00edzkosti term\u00e1lneho k\u00fapaliska vo Ve\u013ekom Mederi","potentialAction":[{"@type":"SearchAction","target":{"@type":"EntryPoint","urlTemplate":"https:\/\/www.hotelaqua.sk\/sk\/?s={search_term_string}"},"query-input":{"@type":"PropertyValueSpecification","valueRequired":true,"valueName":"search_term_string"}}],"inLanguage":"de-DE"}]}},"_links":{"self":[{"href":"https:\/\/www.hotelaqua.sk\/de\/wp-json\/wp\/v2\/pages\/164","targetHints":{"allow":["GET"]}}],"collection":[{"href":"https:\/\/www.hotelaqua.sk\/de\/wp-json\/wp\/v2\/pages"}],"about":[{"href":"https:\/\/www.hotelaqua.sk\/de\/wp-json\/wp\/v2\/types\/page"}],"author":[{"embeddable":true,"href":"https:\/\/www.hotelaqua.sk\/de\/wp-json\/wp\/v2\/users\/1"}],"replies":[{"embeddable":true,"href":"https:\/\/www.hotelaqua.sk\/de\/wp-json\/wp\/v2\/comments?post=164"}],"version-history":[{"count":5,"href":"https:\/\/www.hotelaqua.sk\/de\/wp-json\/wp\/v2\/pages\/164\/revisions"}],"predecessor-version":[{"id":821,"href":"https:\/\/www.hotelaqua.sk\/de\/wp-json\/wp\/v2\/pages\/164\/revisions\/821"}],"wp:featuredmedia":[{"embeddable":true,"href":"https:\/\/www.hotelaqua.sk\/de\/wp-json\/wp\/v2\/media\/280"}],"wp:attachment":[{"href":"https:\/\/www.hotelaqua.sk\/de\/wp-json\/wp\/v2\/media?parent=164"}],"curies":[{"name":"wp","href":"https:\/\/api.w.org\/{rel}","templated":true}]}}