{"id":1524,"date":"2018-03-04T16:12:34","date_gmt":"2018-03-04T15:12:34","guid":{"rendered":"http:\/\/www.hotelaqua.sk\/?page_id=1524"},"modified":"2018-10-24T07:06:19","modified_gmt":"2018-10-24T05:06:19","slug":"termalne-kupalisko-velky-meder","status":"publish","type":"page","link":"https:\/\/www.hotelaqua.sk\/sk\/termalne-kupalisko-velky-meder\/","title":{"rendered":"Term\u00e1lne k\u00fapalisko Ve\u013ek\u00fd Meder"},"content":{"rendered":"<h2>Wellness, mas\u00e1\u017ee, aquapark, detsk\u00fd svet<\/h2>\n<h3>Ubytovanie pri are\u00e1li V\u00e1m poskytne Hotel Aqua *** a Hotel Thermal Varga ***<\/h3>\n<p>Viac inform\u00e1ci\u00ed a cenn\u00edk n\u00e1jdete na <a href=\"http:\/\/www.thermalcorvinus.eu\">WWW.THERMALCORVINUS.EU<\/a><\/p>\n<p>V lie\u010divej vode sa zotavia rodi\u010dia, dedo, babka. V\u0161etci sa zregeneruj\u00fa V z\u00e1\u017eitkov\u00fdch spa a wellness baz\u00e9noch. Je tu dostatok z\u00e1bavy, rekrea\u010dn\u00e9ho \u0161portu a presl\u00e1ven\u00e1 ma\u010farsk\u00e1 gastron\u00f3mia. Term\u00e1lne k\u00fapalisko Ve\u013ek\u00fd Meder m\u00e1 vo v\u0161etk\u00fdch 9 baz\u00e9noch <strong>term\u00e1lnu vodu s teplotou 26 &#8211; 38 stup\u0148ov C \u00b0<\/strong>, ktor\u00e1 m\u00e1 blahodarn\u00e9 \u00fa\u010dinky na chrbticu, pohybov\u00e9 \u00fastrojenstvo, svalstvo a m\u00e1 regenera\u010dn\u00e9 \u00fa\u010dinky na \u013eudsk\u00fd organizmus. Chemick\u00e9 zlo\u017eenie geoterm\u00e1lnej vody m\u00e1 <strong>priazniv\u00e9 \u00fa\u010dinky na lie\u010denie k\u013abov\u00fdch ochoren\u00ed<\/strong>, ochoren\u00ed chrbtice aj svalov\u00fa \u00fanavu a celkovo priaznivo p\u00f4sob\u00ed na regener\u00e1ciu organizmu.<\/p>\n<p><span style=\"font-size: 14pt;\"><strong><span style=\"color: #0000ff;\">5 d\u00f4vodov pre\u010do si vybra\u0165 Hotel Thermal Varga *** Ve\u013ek\u00fd Meder<\/span><\/strong><\/span><\/p>\n<ul>\n<li>Bezkonkuren\u010dn\u00e9 ceny!<\/li>\n<li>Online rezerv\u00e1cia<\/li>\n<li>Bezpe\u010dn\u00e1 rezerv\u00e1cia<\/li>\n<li>Hovor\u00edme Va\u0161im jazykom<\/li>\n<li>Vy\u0161e 100 nez\u00e1visl\u00fdch recenzi\u00ed<\/li>\n<\/ul>\n<div class=\"rgg-container\" data-rgg-id=\"1\">    <div class=\"rgg-imagegrid captions-title captions-effect-none \" data-rgg-id=\"1\">\n                    <a href=\"https:\/\/www.hotelaqua.sk\/wp-content\/uploads\/2015\/12\/IMG_9109-1024x668.jpg\" data-rel=\"rgg\" rel=\"rgg\" title=\"Detsk&yacute; svet aquapark Wellness Term&aacute;lne k&uacute;palisko Ve\u013ek&yacute; Meder\" class=\"rgg-disabled size-medium rgg-img\" data-src=\"https:\/\/www.hotelaqua.sk\/wp-content\/uploads\/2015\/12\/IMG_9109-300x196.jpg\" data-ratio=\"1.5306122449\" data-height=\"196\" data-width=\"300\" aria-label=\"\">\n                            <\/a>\n                    <a href=\"https:\/\/www.hotelaqua.sk\/wp-content\/uploads\/2015\/11\/dovolenka_na_slovensku_2014_b_f9b102927c0d23fa.jpg\" data-rel=\"rgg\" rel=\"rgg\" title=\"Term&aacute;lne k&uacute;palisko Ve\u013ek&yacute; Meder Thermal Corvinus Hotel Thermal Aqua Varga wellness kupele lazne termalni koupali&scaron;t\u011b\" class=\"rgg-disabled size-medium rgg-img\" data-src=\"https:\/\/www.hotelaqua.sk\/wp-content\/uploads\/2015\/11\/dovolenka_na_slovensku_2014_b_f9b102927c0d23fa-300x225.jpg\" data-ratio=\"1.33333333333\" data-height=\"225\" data-width=\"300\" aria-label=\"Term\u00e1lne k\u00fapalisko Ve\u013ek\u00fd Meder Thermal Corvinus Hotel Thermal Aqua Varga wellness kupele lazne termalni koupali\u0161t\u011b\">\n                            <\/a>\n                    <a href=\"https:\/\/www.hotelaqua.sk\/wp-content\/uploads\/2015\/11\/THERMAL-CORVINUS-1024x547.jpg\" data-rel=\"rgg\" rel=\"rgg\" title=\"Term&aacute;lne k&uacute;palisko Ve\u013ek&yacute; Meder THERMAL CORVINUS Hotel Aqua Thermal Varga k&uacute;pele wellness spa dovolenka pre dvoch v&iacute;kendov&yacute; pobyt\" class=\"rgg-disabled size-medium rgg-img\" data-src=\"https:\/\/www.hotelaqua.sk\/wp-content\/uploads\/2015\/11\/THERMAL-CORVINUS-300x160.jpg\" data-ratio=\"1.875\" data-height=\"160\" data-width=\"300\" aria-label=\"Term\u00e1lne k\u00fapalisko Ve\u013ek\u00fd Meder THERMAL CORVINUS Hotel Aqua Thermal Varga k\u00fapele wellness spa dovolenka pre dvoch v\u00edkendov\u00fd pobyt\">\n                            <\/a>\n                    <a href=\"https:\/\/www.hotelaqua.sk\/wp-content\/uploads\/2017\/12\/DSC5663-1024x683.jpg\" data-rel=\"rgg\" rel=\"rgg\" title=\"\" class=\"rgg-disabled size-medium rgg-img\" data-src=\"https:\/\/www.hotelaqua.sk\/wp-content\/uploads\/2017\/12\/DSC5663-300x200.jpg\" data-ratio=\"1.5\" data-height=\"200\" data-width=\"300\" aria-label=\"\">\n                            <\/a>\n                    <a href=\"https:\/\/www.hotelaqua.sk\/wp-content\/uploads\/2017\/03\/pobyt-zimny-relax-1024x683.jpg\" data-rel=\"rgg\" rel=\"rgg\" title=\"Wellness Term&aacute;lne k&uacute;palisko Ve\u013ek&yacute; Meder\" class=\"rgg-disabled size-medium rgg-img\" data-src=\"https:\/\/www.hotelaqua.sk\/wp-content\/uploads\/2017\/03\/pobyt-zimny-relax-e1489574446959-300x150.jpg\" data-ratio=\"2\" data-height=\"150\" data-width=\"300\" aria-label=\"Wellness Term\u00e1lne k\u00fapalisko Ve\u013ek\u00fd Meder\">\n                            <\/a>\n                    <a href=\"https:\/\/www.hotelaqua.sk\/wp-content\/uploads\/2015\/12\/IMG_8987-1024x578.jpg\" data-rel=\"rgg\" rel=\"rgg\" title=\"\" class=\"rgg-disabled size-medium rgg-img\" data-src=\"https:\/\/www.hotelaqua.sk\/wp-content\/uploads\/2015\/12\/IMG_8987-300x169.jpg\" data-ratio=\"1.77514792899\" data-height=\"169\" data-width=\"300\" aria-label=\"\">\n                            <\/a>\n                    <a href=\"https:\/\/www.hotelaqua.sk\/wp-content\/uploads\/2015\/12\/IMG_8532-1024x683.jpg\" data-rel=\"rgg\" rel=\"rgg\" title=\"\" class=\"rgg-disabled size-medium rgg-img\" data-src=\"https:\/\/www.hotelaqua.sk\/wp-content\/uploads\/2015\/12\/IMG_8532-300x200.jpg\" data-ratio=\"1.5\" data-height=\"200\" data-width=\"300\" aria-label=\"\">\n                            <\/a>\n                    <a href=\"https:\/\/www.hotelaqua.sk\/wp-content\/uploads\/2015\/12\/IMG_9085-1024x683.jpg\" data-rel=\"rgg\" rel=\"rgg\" title=\"\" class=\"rgg-disabled size-medium rgg-img\" data-src=\"https:\/\/www.hotelaqua.sk\/wp-content\/uploads\/2015\/12\/IMG_9085-300x200.jpg\" data-ratio=\"1.5\" data-height=\"200\" data-width=\"300\" aria-label=\"\">\n                            <\/a>\n                    <a href=\"https:\/\/www.hotelaqua.sk\/wp-content\/uploads\/2017\/03\/pobyt-letny-relax-hotel-1024x683.jpg\" data-rel=\"rgg\" rel=\"rgg\" title=\"Wellness Term&aacute;lne k&uacute;palisko Ve\u013ek&yacute; Meder\" class=\"rgg-disabled size-medium rgg-img\" data-src=\"https:\/\/www.hotelaqua.sk\/wp-content\/uploads\/2017\/03\/pobyt-letny-relax-hotel-e1489574256318-300x150.jpg\" data-ratio=\"2\" data-height=\"150\" data-width=\"300\" aria-label=\"\">\n                            <\/a>\n                    <a href=\"https:\/\/www.hotelaqua.sk\/wp-content\/uploads\/2016\/02\/Velky-Meder31692567-1024x768.jpg\" data-rel=\"rgg\" rel=\"rgg\" title=\"\" class=\"rgg-disabled size-medium rgg-img\" data-src=\"https:\/\/www.hotelaqua.sk\/wp-content\/uploads\/2016\/02\/Velky-Meder31692567-300x225.jpg\" data-ratio=\"1.33333333333\" data-height=\"225\" data-width=\"300\" aria-label=\"\">\n                            <\/a>\n                    <a href=\"https:\/\/www.hotelaqua.sk\/wp-content\/uploads\/2015\/12\/RAC0018-1024x683.jpg\" data-rel=\"rgg\" rel=\"rgg\" title=\"\" class=\"rgg-disabled size-medium rgg-img\" data-src=\"https:\/\/www.hotelaqua.sk\/wp-content\/uploads\/2015\/12\/RAC0018-300x200.jpg\" data-ratio=\"1.5\" data-height=\"200\" data-width=\"300\" aria-label=\"\">\n                            <\/a>\n                    <a href=\"https:\/\/www.hotelaqua.sk\/wp-content\/uploads\/2015\/12\/RAC7618-1024x683.jpg\" data-rel=\"rgg\" rel=\"rgg\" title=\"\" class=\"rgg-disabled size-medium rgg-img\" data-src=\"https:\/\/www.hotelaqua.sk\/wp-content\/uploads\/2015\/12\/RAC7618-300x200.jpg\" data-ratio=\"1.5\" data-height=\"200\" data-width=\"300\" aria-label=\"\">\n                            <\/a>\n                    <a href=\"https:\/\/www.hotelaqua.sk\/wp-content\/uploads\/2015\/12\/IMG_2816-1024x683.jpg\" data-rel=\"rgg\" rel=\"rgg\" title=\"\" class=\"rgg-disabled size-medium rgg-img\" data-src=\"https:\/\/www.hotelaqua.sk\/wp-content\/uploads\/2015\/12\/IMG_2816-300x200.jpg\" data-ratio=\"1.5\" data-height=\"200\" data-width=\"300\" aria-label=\"\">\n                            <\/a>\n                    <a href=\"https:\/\/www.hotelaqua.sk\/wp-content\/uploads\/2015\/12\/IMG_9059-1024x683.jpg\" data-rel=\"rgg\" rel=\"rgg\" title=\"\" class=\"rgg-disabled size-medium rgg-img\" data-src=\"https:\/\/www.hotelaqua.sk\/wp-content\/uploads\/2015\/12\/IMG_9059-300x200.jpg\" data-ratio=\"1.5\" data-height=\"200\" data-width=\"300\" aria-label=\"\">\n                            <\/a>\n                    <a href=\"https:\/\/www.hotelaqua.sk\/wp-content\/uploads\/2015\/12\/IMG_9040-1024x683.jpg\" data-rel=\"rgg\" rel=\"rgg\" title=\"\" class=\"rgg-disabled size-medium rgg-img\" data-src=\"https:\/\/www.hotelaqua.sk\/wp-content\/uploads\/2015\/12\/IMG_9040-300x200.jpg\" data-ratio=\"1.5\" data-height=\"200\" data-width=\"300\" aria-label=\"\">\n                            <\/a>\n                    <a href=\"https:\/\/www.hotelaqua.sk\/wp-content\/uploads\/2015\/12\/IMG_8896-1024x683.jpg\" data-rel=\"rgg\" rel=\"rgg\" title=\"\" class=\"rgg-disabled size-medium rgg-img\" data-src=\"https:\/\/www.hotelaqua.sk\/wp-content\/uploads\/2015\/12\/IMG_8896-300x200.jpg\" data-ratio=\"1.5\" data-height=\"200\" data-width=\"300\" aria-label=\"\">\n                            <\/a>\n                    <a href=\"https:\/\/www.hotelaqua.sk\/wp-content\/uploads\/2015\/12\/IMG_8673-1024x683.jpg\" data-rel=\"rgg\" rel=\"rgg\" title=\"\" class=\"rgg-disabled size-medium rgg-img\" data-src=\"https:\/\/www.hotelaqua.sk\/wp-content\/uploads\/2015\/12\/IMG_8673-300x200.jpg\" data-ratio=\"1.5\" data-height=\"200\" data-width=\"300\" aria-label=\"\">\n                            <\/a>\n                    <a href=\"https:\/\/www.hotelaqua.sk\/wp-content\/uploads\/2015\/12\/IMG_8634-770x1024.jpg\" data-rel=\"rgg\" rel=\"rgg\" title=\"\" class=\"rgg-disabled size-medium rgg-img\" data-src=\"https:\/\/www.hotelaqua.sk\/wp-content\/uploads\/2015\/12\/IMG_8634-226x300.jpg\" data-ratio=\"0.753333333333\" data-height=\"300\" data-width=\"226\" aria-label=\"\">\n                            <\/a>\n                    <a href=\"https:\/\/www.hotelaqua.sk\/wp-content\/uploads\/2015\/11\/package_main-1024x803.jpg\" data-rel=\"rgg\" rel=\"rgg\" title=\"\" class=\"rgg-disabled size-medium rgg-img\" data-src=\"https:\/\/www.hotelaqua.sk\/wp-content\/uploads\/2015\/11\/package_main-300x235.jpg\" data-ratio=\"1.27659574468\" data-height=\"235\" data-width=\"300\" aria-label=\"\">\n                            <\/a>\n            <\/div>\n<\/div>\n","protected":false},"excerpt":{"rendered":"<p>Wellness, mas\u00e1\u017ee, aquapark, detsk\u00fd svet Ubytovanie pri are\u00e1li V\u00e1m poskytne Hotel Aqua *** a Hotel Thermal Varga *** Viac inform\u00e1ci\u00ed a cenn\u00edk n\u00e1jdete na WWW.THERMALCORVINUS.EU V lie\u010divej vode sa zotavia rodi\u010dia, dedo, babka. V\u0161etci sa zregeneruj\u00fa V z\u00e1\u017eitkov\u00fdch spa a wellness baz\u00e9noch. Je tu dostatok z\u00e1bavy, rekrea\u010dn\u00e9ho \u0161portu a presl\u00e1ven\u00e1 ma\u010farsk\u00e1 gastron\u00f3mia. Term\u00e1lne k\u00fapalisko Ve\u013ek\u00fd [&hellip;]<\/p>\n","protected":false},"author":2,"featured_media":105,"parent":0,"menu_order":0,"comment_status":"closed","ping_status":"closed","template":"","meta":{"footnotes":""},"class_list":["post-1524","page","type-page","status-publish","has-post-thumbnail","hentry"],"yoast_head":"<!-- This site is optimized with the Yoast SEO plugin v25.3.1 - https:\/\/yoast.com\/wordpress\/plugins\/seo\/ -->\n<title>Term\u00e1lne k\u00fapalisko Ve\u013ek\u00fd Meder - HOTEL AQUA VARGA ***<\/title>\n<meta name=\"robots\" content=\"index, follow, max-snippet:-1, max-image-preview:large, max-video-preview:-1\" \/>\n<link rel=\"canonical\" href=\"https:\/\/www.hotelaqua.sk\/sk\/termalne-kupalisko-velky-meder\/\" \/>\n<meta property=\"og:locale\" content=\"de_DE\" \/>\n<meta property=\"og:type\" content=\"article\" \/>\n<meta property=\"og:title\" content=\"Term\u00e1lne k\u00fapalisko Ve\u013ek\u00fd Meder - HOTEL AQUA VARGA ***\" \/>\n<meta property=\"og:description\" content=\"Wellness, mas\u00e1\u017ee, aquapark, detsk\u00fd svet Ubytovanie pri are\u00e1li V\u00e1m poskytne Hotel Aqua *** a Hotel Thermal Varga *** Viac inform\u00e1ci\u00ed a cenn\u00edk n\u00e1jdete na WWW.THERMALCORVINUS.EU V lie\u010divej vode sa zotavia rodi\u010dia, dedo, babka. V\u0161etci sa zregeneruj\u00fa V z\u00e1\u017eitkov\u00fdch spa a wellness baz\u00e9noch. Je tu dostatok z\u00e1bavy, rekrea\u010dn\u00e9ho \u0161portu a presl\u00e1ven\u00e1 ma\u010farsk\u00e1 gastron\u00f3mia. Term\u00e1lne k\u00fapalisko Ve\u013ek\u00fd [&hellip;]\" \/>\n<meta property=\"og:url\" content=\"https:\/\/www.hotelaqua.sk\/sk\/termalne-kupalisko-velky-meder\/\" \/>\n<meta property=\"og:site_name\" content=\"HOTEL AQUA VARGA ***\" \/>\n<meta property=\"article:modified_time\" content=\"2018-10-24T05:06:19+00:00\" \/>\n<meta property=\"og:image\" content=\"https:\/\/www.hotelaqua.sk\/wp-content\/uploads\/2015\/11\/dovolenka_na_slovensku_2014_b_f9b102927c0d23fa.jpg\" \/>\n\t<meta property=\"og:image:width\" content=\"800\" \/>\n\t<meta property=\"og:image:height\" content=\"600\" \/>\n\t<meta property=\"og:image:type\" content=\"image\/jpeg\" \/>\n<meta name=\"twitter:label1\" content=\"Est. reading time\" \/>\n\t<meta name=\"twitter:data1\" content=\"1 minute\" \/>\n<script type=\"application\/ld+json\" class=\"yoast-schema-graph\">{\"@context\":\"https:\/\/schema.org\",\"@graph\":[{\"@type\":\"WebPage\",\"@id\":\"https:\/\/www.hotelaqua.sk\/sk\/termalne-kupalisko-velky-meder\/\",\"url\":\"https:\/\/www.hotelaqua.sk\/sk\/termalne-kupalisko-velky-meder\/\",\"name\":\"Term\u00e1lne k\u00fapalisko Ve\u013ek\u00fd Meder - HOTEL AQUA VARGA ***\",\"isPartOf\":{\"@id\":\"https:\/\/www.hotelaqua.sk\/sk\/#website\"},\"primaryImageOfPage\":{\"@id\":\"https:\/\/www.hotelaqua.sk\/sk\/termalne-kupalisko-velky-meder\/#primaryimage\"},\"image\":{\"@id\":\"https:\/\/www.hotelaqua.sk\/sk\/termalne-kupalisko-velky-meder\/#primaryimage\"},\"thumbnailUrl\":\"https:\/\/www.hotelaqua.sk\/wp-content\/uploads\/2015\/11\/dovolenka_na_slovensku_2014_b_f9b102927c0d23fa.jpg\",\"datePublished\":\"2018-03-04T15:12:34+00:00\",\"dateModified\":\"2018-10-24T05:06:19+00:00\",\"breadcrumb\":{\"@id\":\"https:\/\/www.hotelaqua.sk\/sk\/termalne-kupalisko-velky-meder\/#breadcrumb\"},\"inLanguage\":\"de-DE\",\"potentialAction\":[{\"@type\":\"ReadAction\",\"target\":[\"https:\/\/www.hotelaqua.sk\/sk\/termalne-kupalisko-velky-meder\/\"]}]},{\"@type\":\"ImageObject\",\"inLanguage\":\"de-DE\",\"@id\":\"https:\/\/www.hotelaqua.sk\/sk\/termalne-kupalisko-velky-meder\/#primaryimage\",\"url\":\"https:\/\/www.hotelaqua.sk\/wp-content\/uploads\/2015\/11\/dovolenka_na_slovensku_2014_b_f9b102927c0d23fa.jpg\",\"contentUrl\":\"https:\/\/www.hotelaqua.sk\/wp-content\/uploads\/2015\/11\/dovolenka_na_slovensku_2014_b_f9b102927c0d23fa.jpg\",\"width\":800,\"height\":600,\"caption\":\"Term\u00e1lne k\u00fapalisko Ve\u013ek\u00fd Meder Thermal Corvinus Hotel Thermal Aqua Varga wellness kupele lazne termalni koupali\u0161t\u011b\"},{\"@type\":\"BreadcrumbList\",\"@id\":\"https:\/\/www.hotelaqua.sk\/sk\/termalne-kupalisko-velky-meder\/#breadcrumb\",\"itemListElement\":[{\"@type\":\"ListItem\",\"position\":1,\"name\":\"Domovsk\u00e1 str\u00e1nka\",\"item\":\"https:\/\/www.hotelaqua.sk\/en\/what-to-do-in-slovakia-hotel-aqua-wellness-spa\/\"},{\"@type\":\"ListItem\",\"position\":2,\"name\":\"Term\u00e1lne k\u00fapalisko Ve\u013ek\u00fd Meder\"}]},{\"@type\":\"WebSite\",\"@id\":\"https:\/\/www.hotelaqua.sk\/sk\/#website\",\"url\":\"https:\/\/www.hotelaqua.sk\/sk\/\",\"name\":\"HOTEL AQUA VARGA ***\",\"description\":\"Hotel v bl\u00edzkosti term\u00e1lneho k\u00fapaliska vo Ve\u013ekom Mederi\",\"potentialAction\":[{\"@type\":\"SearchAction\",\"target\":{\"@type\":\"EntryPoint\",\"urlTemplate\":\"https:\/\/www.hotelaqua.sk\/sk\/?s={search_term_string}\"},\"query-input\":{\"@type\":\"PropertyValueSpecification\",\"valueRequired\":true,\"valueName\":\"search_term_string\"}}],\"inLanguage\":\"de-DE\"}]}<\/script>\n<!-- \/ Yoast SEO plugin. -->","yoast_head_json":{"title":"Term\u00e1lne k\u00fapalisko Ve\u013ek\u00fd Meder - HOTEL AQUA VARGA ***","robots":{"index":"index","follow":"follow","max-snippet":"max-snippet:-1","max-image-preview":"max-image-preview:large","max-video-preview":"max-video-preview:-1"},"canonical":"https:\/\/www.hotelaqua.sk\/sk\/termalne-kupalisko-velky-meder\/","og_locale":"de_DE","og_type":"article","og_title":"Term\u00e1lne k\u00fapalisko Ve\u013ek\u00fd Meder - HOTEL AQUA VARGA ***","og_description":"Wellness, mas\u00e1\u017ee, aquapark, detsk\u00fd svet Ubytovanie pri are\u00e1li V\u00e1m poskytne Hotel Aqua *** a Hotel Thermal Varga *** Viac inform\u00e1ci\u00ed a cenn\u00edk n\u00e1jdete na WWW.THERMALCORVINUS.EU V lie\u010divej vode sa zotavia rodi\u010dia, dedo, babka. V\u0161etci sa zregeneruj\u00fa V z\u00e1\u017eitkov\u00fdch spa a wellness baz\u00e9noch. Je tu dostatok z\u00e1bavy, rekrea\u010dn\u00e9ho \u0161portu a presl\u00e1ven\u00e1 ma\u010farsk\u00e1 gastron\u00f3mia. Term\u00e1lne k\u00fapalisko Ve\u013ek\u00fd [&hellip;]","og_url":"https:\/\/www.hotelaqua.sk\/sk\/termalne-kupalisko-velky-meder\/","og_site_name":"HOTEL AQUA VARGA ***","article_modified_time":"2018-10-24T05:06:19+00:00","og_image":[{"width":800,"height":600,"url":"https:\/\/www.hotelaqua.sk\/wp-content\/uploads\/2015\/11\/dovolenka_na_slovensku_2014_b_f9b102927c0d23fa.jpg","type":"image\/jpeg"}],"twitter_misc":{"Est. reading time":"1 minute"},"schema":{"@context":"https:\/\/schema.org","@graph":[{"@type":"WebPage","@id":"https:\/\/www.hotelaqua.sk\/sk\/termalne-kupalisko-velky-meder\/","url":"https:\/\/www.hotelaqua.sk\/sk\/termalne-kupalisko-velky-meder\/","name":"Term\u00e1lne k\u00fapalisko Ve\u013ek\u00fd Meder - HOTEL AQUA VARGA ***","isPartOf":{"@id":"https:\/\/www.hotelaqua.sk\/sk\/#website"},"primaryImageOfPage":{"@id":"https:\/\/www.hotelaqua.sk\/sk\/termalne-kupalisko-velky-meder\/#primaryimage"},"image":{"@id":"https:\/\/www.hotelaqua.sk\/sk\/termalne-kupalisko-velky-meder\/#primaryimage"},"thumbnailUrl":"https:\/\/www.hotelaqua.sk\/wp-content\/uploads\/2015\/11\/dovolenka_na_slovensku_2014_b_f9b102927c0d23fa.jpg","datePublished":"2018-03-04T15:12:34+00:00","dateModified":"2018-10-24T05:06:19+00:00","breadcrumb":{"@id":"https:\/\/www.hotelaqua.sk\/sk\/termalne-kupalisko-velky-meder\/#breadcrumb"},"inLanguage":"de-DE","potentialAction":[{"@type":"ReadAction","target":["https:\/\/www.hotelaqua.sk\/sk\/termalne-kupalisko-velky-meder\/"]}]},{"@type":"ImageObject","inLanguage":"de-DE","@id":"https:\/\/www.hotelaqua.sk\/sk\/termalne-kupalisko-velky-meder\/#primaryimage","url":"https:\/\/www.hotelaqua.sk\/wp-content\/uploads\/2015\/11\/dovolenka_na_slovensku_2014_b_f9b102927c0d23fa.jpg","contentUrl":"https:\/\/www.hotelaqua.sk\/wp-content\/uploads\/2015\/11\/dovolenka_na_slovensku_2014_b_f9b102927c0d23fa.jpg","width":800,"height":600,"caption":"Term\u00e1lne k\u00fapalisko Ve\u013ek\u00fd Meder Thermal Corvinus Hotel Thermal Aqua Varga wellness kupele lazne termalni koupali\u0161t\u011b"},{"@type":"BreadcrumbList","@id":"https:\/\/www.hotelaqua.sk\/sk\/termalne-kupalisko-velky-meder\/#breadcrumb","itemListElement":[{"@type":"ListItem","position":1,"name":"Domovsk\u00e1 str\u00e1nka","item":"https:\/\/www.hotelaqua.sk\/en\/what-to-do-in-slovakia-hotel-aqua-wellness-spa\/"},{"@type":"ListItem","position":2,"name":"Term\u00e1lne k\u00fapalisko Ve\u013ek\u00fd Meder"}]},{"@type":"WebSite","@id":"https:\/\/www.hotelaqua.sk\/sk\/#website","url":"https:\/\/www.hotelaqua.sk\/sk\/","name":"HOTEL AQUA VARGA ***","description":"Hotel v bl\u00edzkosti term\u00e1lneho k\u00fapaliska vo Ve\u013ekom Mederi","potentialAction":[{"@type":"SearchAction","target":{"@type":"EntryPoint","urlTemplate":"https:\/\/www.hotelaqua.sk\/sk\/?s={search_term_string}"},"query-input":{"@type":"PropertyValueSpecification","valueRequired":true,"valueName":"search_term_string"}}],"inLanguage":"de-DE"}]}},"_links":{"self":[{"href":"https:\/\/www.hotelaqua.sk\/de\/wp-json\/wp\/v2\/pages\/1524","targetHints":{"allow":["GET"]}}],"collection":[{"href":"https:\/\/www.hotelaqua.sk\/de\/wp-json\/wp\/v2\/pages"}],"about":[{"href":"https:\/\/www.hotelaqua.sk\/de\/wp-json\/wp\/v2\/types\/page"}],"author":[{"embeddable":true,"href":"https:\/\/www.hotelaqua.sk\/de\/wp-json\/wp\/v2\/users\/2"}],"replies":[{"embeddable":true,"href":"https:\/\/www.hotelaqua.sk\/de\/wp-json\/wp\/v2\/comments?post=1524"}],"version-history":[{"count":1,"href":"https:\/\/www.hotelaqua.sk\/de\/wp-json\/wp\/v2\/pages\/1524\/revisions"}],"predecessor-version":[{"id":1694,"href":"https:\/\/www.hotelaqua.sk\/de\/wp-json\/wp\/v2\/pages\/1524\/revisions\/1694"}],"wp:featuredmedia":[{"embeddable":true,"href":"https:\/\/www.hotelaqua.sk\/de\/wp-json\/wp\/v2\/media\/105"}],"wp:attachment":[{"href":"https:\/\/www.hotelaqua.sk\/de\/wp-json\/wp\/v2\/media?parent=1524"}],"curies":[{"name":"wp","href":"https:\/\/api.w.org\/{rel}","templated":true}]}}