{"id":152,"date":"2015-11-28T00:38:34","date_gmt":"2015-11-27T23:38:34","guid":{"rendered":"http:\/\/hotelaqua.htsys.sk\/?page_id=152"},"modified":"2016-01-30T23:19:35","modified_gmt":"2016-01-30T22:19:35","slug":"urlaub-slowakei-wellness-packete","status":"publish","type":"page","link":"https:\/\/www.hotelaqua.sk\/de\/urlaub-slowakei-wellness-packete\/","title":{"rendered":"Wellness Packete"},"content":{"rendered":"<h3 style=\"text-align: center;\"><span style=\"color: #0f0d6d;\">Aktuelle Angebote f\u00fcr wellness Pakete Thermalbad Velky Meder<\/span><\/h3>\n<h3 style=\"text-align: center;\"><span style=\"color: #0f0d6d;\">Urlaub\u00a0Slowakei<\/span><\/h3>\n<h2 style=\"text-align: center;\"><strong>&#8220;K\u00fcmmern Sie um nichts? \u00a0Wir werden uns um Sie k\u00fcmmern. &#8220;Martin Varga,\u00a0Leiter<\/strong><\/h2>\n<p>Tr\u00e4umen Sie nicht l\u00e4nger von einem Ort, der Ihnen eine unvergessliche Auszeit vom Alltag bietet. Die\u00a0Thermenhotels Gastein\u00a0laden Sie ein, eine Welt zu entdecken, die voller Entspannung \u2013 und mehr \u2013 f\u00fcr Sie steckt!<\/p>\n<p><b>Warum\u00a0Hotel Thermal Varga ***<\/b><\/p>\n<ul>\n<li>Komfortable Unterkunft in einer ruhigen Gegend mit Blick auf den Waldpark<\/li>\n<li>Wir sind nur ein\u00a0Schritt vom Thermalbad<\/li>\n<li>gGastroSpezialit\u00e4ten<\/li>\n<li>Animation Abend<\/li>\n<li>Hilfsbereits Personal<\/li>\n<li>Urlaub\u00a0Slowakei\u00a0<a href=\"http:\/\/www.thermalcorvinus.eu\">Velky Meder<\/a><\/li>\n<\/ul>\n","protected":false},"excerpt":{"rendered":"<p>Aktuelle Angebote f\u00fcr wellness Pakete Thermalbad Velky Meder Urlaub\u00a0Slowakei &#8220;K\u00fcmmern Sie um nichts? \u00a0Wir werden uns um Sie k\u00fcmmern. &#8220;Martin Varga,\u00a0Leiter Tr\u00e4umen Sie nicht l\u00e4nger von einem Ort, der Ihnen eine unvergessliche Auszeit vom Alltag bietet. Die\u00a0Thermenhotels Gastein\u00a0laden Sie ein, eine Welt zu entdecken, die voller Entspannung \u2013 und mehr \u2013 f\u00fcr Sie steckt! Warum\u00a0Hotel [&hellip;]<\/p>\n","protected":false},"author":1,"featured_media":108,"parent":0,"menu_order":0,"comment_status":"closed","ping_status":"closed","template":"","meta":{"footnotes":""},"class_list":["post-152","page","type-page","status-publish","has-post-thumbnail","hentry"],"yoast_head":"<!-- This site is optimized with the Yoast SEO plugin v25.3.1 - https:\/\/yoast.com\/wordpress\/plugins\/seo\/ -->\n<title>Urlaub Slowakei Hotel Aqua *** Velky Meder Slowakei<\/title>\n<meta name=\"robots\" content=\"index, follow, max-snippet:-1, max-image-preview:large, max-video-preview:-1\" \/>\n<link rel=\"canonical\" href=\"https:\/\/www.hotelaqua.sk\/de\/urlaub-slowakei-wellness-packete\/\" \/>\n<meta property=\"og:locale\" content=\"de_DE\" \/>\n<meta property=\"og:type\" content=\"article\" \/>\n<meta property=\"og:title\" content=\"Urlaub Slowakei Hotel Aqua *** Velky Meder Slowakei\" \/>\n<meta property=\"og:description\" content=\"Aktuelle Angebote f\u00fcr wellness Pakete Thermalbad Velky Meder Urlaub\u00a0Slowakei &#8220;K\u00fcmmern Sie um nichts? \u00a0Wir werden uns um Sie k\u00fcmmern. &#8220;Martin Varga,\u00a0Leiter Tr\u00e4umen Sie nicht l\u00e4nger von einem Ort, der Ihnen eine unvergessliche Auszeit vom Alltag bietet. Die\u00a0Thermenhotels Gastein\u00a0laden Sie ein, eine Welt zu entdecken, die voller Entspannung \u2013 und mehr \u2013 f\u00fcr Sie steckt! Warum\u00a0Hotel [&hellip;]\" \/>\n<meta property=\"og:url\" content=\"https:\/\/www.hotelaqua.sk\/de\/urlaub-slowakei-wellness-packete\/\" \/>\n<meta property=\"og:site_name\" content=\"HOTEL AQUA VARGA ***\" \/>\n<meta property=\"article:modified_time\" content=\"2016-01-30T22:19:35+00:00\" \/>\n<meta property=\"og:image\" content=\"https:\/\/www.hotelaqua.sk\/wp-content\/uploads\/2015\/11\/IMG_8640.jpg\" \/>\n\t<meta property=\"og:image:width\" content=\"2400\" \/>\n\t<meta property=\"og:image:height\" content=\"1295\" \/>\n\t<meta property=\"og:image:type\" content=\"image\/jpeg\" \/>\n<script type=\"application\/ld+json\" class=\"yoast-schema-graph\">{\"@context\":\"https:\/\/schema.org\",\"@graph\":[{\"@type\":\"WebPage\",\"@id\":\"https:\/\/www.hotelaqua.sk\/de\/urlaub-slowakei-wellness-packete\/\",\"url\":\"https:\/\/www.hotelaqua.sk\/de\/urlaub-slowakei-wellness-packete\/\",\"name\":\"Urlaub Slowakei Hotel Aqua *** Velky Meder Slowakei\",\"isPartOf\":{\"@id\":\"https:\/\/www.hotelaqua.sk\/sk\/#website\"},\"primaryImageOfPage\":{\"@id\":\"https:\/\/www.hotelaqua.sk\/de\/urlaub-slowakei-wellness-packete\/#primaryimage\"},\"image\":{\"@id\":\"https:\/\/www.hotelaqua.sk\/de\/urlaub-slowakei-wellness-packete\/#primaryimage\"},\"thumbnailUrl\":\"https:\/\/www.hotelaqua.sk\/wp-content\/uploads\/2015\/11\/IMG_8640.jpg\",\"datePublished\":\"2015-11-27T23:38:34+00:00\",\"dateModified\":\"2016-01-30T22:19:35+00:00\",\"breadcrumb\":{\"@id\":\"https:\/\/www.hotelaqua.sk\/de\/urlaub-slowakei-wellness-packete\/#breadcrumb\"},\"inLanguage\":\"de-DE\",\"potentialAction\":[{\"@type\":\"ReadAction\",\"target\":[\"https:\/\/www.hotelaqua.sk\/de\/urlaub-slowakei-wellness-packete\/\"]}]},{\"@type\":\"ImageObject\",\"inLanguage\":\"de-DE\",\"@id\":\"https:\/\/www.hotelaqua.sk\/de\/urlaub-slowakei-wellness-packete\/#primaryimage\",\"url\":\"https:\/\/www.hotelaqua.sk\/wp-content\/uploads\/2015\/11\/IMG_8640.jpg\",\"contentUrl\":\"https:\/\/www.hotelaqua.sk\/wp-content\/uploads\/2015\/11\/IMG_8640.jpg\",\"width\":2400,\"height\":1295,\"caption\":\"Wellness pobyty Term\u00e1lne k\u00fapalisko Ve\u013ek\u00fd Meder Thermal Corvinus Hotel Aqua Thermal Varga spa z\u013eavy\"},{\"@type\":\"BreadcrumbList\",\"@id\":\"https:\/\/www.hotelaqua.sk\/de\/urlaub-slowakei-wellness-packete\/#breadcrumb\",\"itemListElement\":[{\"@type\":\"ListItem\",\"position\":1,\"name\":\"Domovsk\u00e1 str\u00e1nka\",\"item\":\"https:\/\/www.hotelaqua.sk\/sk\/\"},{\"@type\":\"ListItem\",\"position\":2,\"name\":\"Wellness Packete\"}]},{\"@type\":\"WebSite\",\"@id\":\"https:\/\/www.hotelaqua.sk\/sk\/#website\",\"url\":\"https:\/\/www.hotelaqua.sk\/sk\/\",\"name\":\"HOTEL AQUA VARGA ***\",\"description\":\"Hotel v bl\u00edzkosti term\u00e1lneho k\u00fapaliska vo Ve\u013ekom Mederi\",\"potentialAction\":[{\"@type\":\"SearchAction\",\"target\":{\"@type\":\"EntryPoint\",\"urlTemplate\":\"https:\/\/www.hotelaqua.sk\/sk\/?s={search_term_string}\"},\"query-input\":{\"@type\":\"PropertyValueSpecification\",\"valueRequired\":true,\"valueName\":\"search_term_string\"}}],\"inLanguage\":\"de-DE\"}]}<\/script>\n<!-- \/ Yoast SEO plugin. -->","yoast_head_json":{"title":"Urlaub Slowakei Hotel Aqua *** Velky Meder Slowakei","robots":{"index":"index","follow":"follow","max-snippet":"max-snippet:-1","max-image-preview":"max-image-preview:large","max-video-preview":"max-video-preview:-1"},"canonical":"https:\/\/www.hotelaqua.sk\/de\/urlaub-slowakei-wellness-packete\/","og_locale":"de_DE","og_type":"article","og_title":"Urlaub Slowakei Hotel Aqua *** Velky Meder Slowakei","og_description":"Aktuelle Angebote f\u00fcr wellness Pakete Thermalbad Velky Meder Urlaub\u00a0Slowakei &#8220;K\u00fcmmern Sie um nichts? \u00a0Wir werden uns um Sie k\u00fcmmern. &#8220;Martin Varga,\u00a0Leiter Tr\u00e4umen Sie nicht l\u00e4nger von einem Ort, der Ihnen eine unvergessliche Auszeit vom Alltag bietet. Die\u00a0Thermenhotels Gastein\u00a0laden Sie ein, eine Welt zu entdecken, die voller Entspannung \u2013 und mehr \u2013 f\u00fcr Sie steckt! Warum\u00a0Hotel [&hellip;]","og_url":"https:\/\/www.hotelaqua.sk\/de\/urlaub-slowakei-wellness-packete\/","og_site_name":"HOTEL AQUA VARGA ***","article_modified_time":"2016-01-30T22:19:35+00:00","og_image":[{"width":2400,"height":1295,"url":"https:\/\/www.hotelaqua.sk\/wp-content\/uploads\/2015\/11\/IMG_8640.jpg","type":"image\/jpeg"}],"schema":{"@context":"https:\/\/schema.org","@graph":[{"@type":"WebPage","@id":"https:\/\/www.hotelaqua.sk\/de\/urlaub-slowakei-wellness-packete\/","url":"https:\/\/www.hotelaqua.sk\/de\/urlaub-slowakei-wellness-packete\/","name":"Urlaub Slowakei Hotel Aqua *** Velky Meder Slowakei","isPartOf":{"@id":"https:\/\/www.hotelaqua.sk\/sk\/#website"},"primaryImageOfPage":{"@id":"https:\/\/www.hotelaqua.sk\/de\/urlaub-slowakei-wellness-packete\/#primaryimage"},"image":{"@id":"https:\/\/www.hotelaqua.sk\/de\/urlaub-slowakei-wellness-packete\/#primaryimage"},"thumbnailUrl":"https:\/\/www.hotelaqua.sk\/wp-content\/uploads\/2015\/11\/IMG_8640.jpg","datePublished":"2015-11-27T23:38:34+00:00","dateModified":"2016-01-30T22:19:35+00:00","breadcrumb":{"@id":"https:\/\/www.hotelaqua.sk\/de\/urlaub-slowakei-wellness-packete\/#breadcrumb"},"inLanguage":"de-DE","potentialAction":[{"@type":"ReadAction","target":["https:\/\/www.hotelaqua.sk\/de\/urlaub-slowakei-wellness-packete\/"]}]},{"@type":"ImageObject","inLanguage":"de-DE","@id":"https:\/\/www.hotelaqua.sk\/de\/urlaub-slowakei-wellness-packete\/#primaryimage","url":"https:\/\/www.hotelaqua.sk\/wp-content\/uploads\/2015\/11\/IMG_8640.jpg","contentUrl":"https:\/\/www.hotelaqua.sk\/wp-content\/uploads\/2015\/11\/IMG_8640.jpg","width":2400,"height":1295,"caption":"Wellness pobyty Term\u00e1lne k\u00fapalisko Ve\u013ek\u00fd Meder Thermal Corvinus Hotel Aqua Thermal Varga spa z\u013eavy"},{"@type":"BreadcrumbList","@id":"https:\/\/www.hotelaqua.sk\/de\/urlaub-slowakei-wellness-packete\/#breadcrumb","itemListElement":[{"@type":"ListItem","position":1,"name":"Domovsk\u00e1 str\u00e1nka","item":"https:\/\/www.hotelaqua.sk\/sk\/"},{"@type":"ListItem","position":2,"name":"Wellness Packete"}]},{"@type":"WebSite","@id":"https:\/\/www.hotelaqua.sk\/sk\/#website","url":"https:\/\/www.hotelaqua.sk\/sk\/","name":"HOTEL AQUA VARGA ***","description":"Hotel v bl\u00edzkosti term\u00e1lneho k\u00fapaliska vo Ve\u013ekom Mederi","potentialAction":[{"@type":"SearchAction","target":{"@type":"EntryPoint","urlTemplate":"https:\/\/www.hotelaqua.sk\/sk\/?s={search_term_string}"},"query-input":{"@type":"PropertyValueSpecification","valueRequired":true,"valueName":"search_term_string"}}],"inLanguage":"de-DE"}]}},"_links":{"self":[{"href":"https:\/\/www.hotelaqua.sk\/de\/wp-json\/wp\/v2\/pages\/152","targetHints":{"allow":["GET"]}}],"collection":[{"href":"https:\/\/www.hotelaqua.sk\/de\/wp-json\/wp\/v2\/pages"}],"about":[{"href":"https:\/\/www.hotelaqua.sk\/de\/wp-json\/wp\/v2\/types\/page"}],"author":[{"embeddable":true,"href":"https:\/\/www.hotelaqua.sk\/de\/wp-json\/wp\/v2\/users\/1"}],"replies":[{"embeddable":true,"href":"https:\/\/www.hotelaqua.sk\/de\/wp-json\/wp\/v2\/comments?post=152"}],"version-history":[{"count":5,"href":"https:\/\/www.hotelaqua.sk\/de\/wp-json\/wp\/v2\/pages\/152\/revisions"}],"predecessor-version":[{"id":436,"href":"https:\/\/www.hotelaqua.sk\/de\/wp-json\/wp\/v2\/pages\/152\/revisions\/436"}],"wp:featuredmedia":[{"embeddable":true,"href":"https:\/\/www.hotelaqua.sk\/de\/wp-json\/wp\/v2\/media\/108"}],"wp:attachment":[{"href":"https:\/\/www.hotelaqua.sk\/de\/wp-json\/wp\/v2\/media?parent=152"}],"curies":[{"name":"wp","href":"https:\/\/api.w.org\/{rel}","templated":true}]}}