{"id":862,"date":"2016-07-24T12:20:13","date_gmt":"2016-07-24T10:20:13","guid":{"rendered":"http:\/\/www.hotelaqua.sk\/?page_id=862"},"modified":"2018-12-04T22:29:42","modified_gmt":"2018-12-04T21:29:42","slug":"pokoje","status":"publish","type":"page","link":"https:\/\/www.hotelaqua.sk\/cs\/cenik-ubytovani-velky-meder-lazne\/pokoje\/","title":{"rendered":"Pokoje"},"content":{"rendered":"<h1>Hotel Aqua ***<\/h1>\n<h3>Ubytov\u00e1n\u00ed u are\u00e1lu term\u00e1ln\u00edho koupali\u0161t\u011b Ve\u013ek\u00fd Meder<\/h3>\n<p><i class=\"fa fa-male fa-2x\" aria-hidden=\"true\"><\/i><i class=\"fa fa-male fa-2x\" aria-hidden=\"true\"><\/i><i class=\"fa fa-male fa-lg\" aria-hidden=\"true\"><\/i>\u00a0<strong>Apartm\u00e1n 2+1<\/strong><br \/>\n<strong>Jednopokojov\u00fd apartm\u00e1n de lux s priv\u00e1tn\u00ed saunou a v\u00ed\u0159ivkou pro dv\u011b osoby s mo\u017enost\u00ed p\u0159ist\u00fdlky<\/strong><\/p>\n<div class=\"rgg-container\" data-rgg-id=\"1\">    <div class=\"rgg-imagegrid captions-title captions-effect-none \" data-rgg-id=\"1\">\n                    <a href=\"https:\/\/www.hotelaqua.sk\/wp-content\/uploads\/2018\/09\/MG_1269-1024x687.jpg\" data-rel=\"rgg\" rel=\"rgg\" title=\"\" class=\"rgg-disabled size-medium rgg-img\" data-src=\"https:\/\/www.hotelaqua.sk\/wp-content\/uploads\/2018\/09\/MG_1269-300x201.jpg\" data-ratio=\"1.49253731343\" data-height=\"201\" data-width=\"300\" aria-label=\"VIP apartm\u00e1n s v\u00edrivkou a saunou\">\n                            <\/a>\n                    <a href=\"https:\/\/www.hotelaqua.sk\/wp-content\/uploads\/2018\/09\/MG_1264-1024x683.jpg\" data-rel=\"rgg\" rel=\"rgg\" title=\"VIP apartm&aacute;n s v&iacute;rivkou a saunou\" class=\"rgg-disabled size-medium rgg-img\" data-src=\"https:\/\/www.hotelaqua.sk\/wp-content\/uploads\/2018\/09\/MG_1264-300x200.jpg\" data-ratio=\"1.5\" data-height=\"200\" data-width=\"300\" aria-label=\"VIP apartm\u00e1n s v\u00edrivkou a saunou\">\n                            <\/a>\n                    <a href=\"https:\/\/www.hotelaqua.sk\/wp-content\/uploads\/2018\/09\/MG_1277-1024x683.jpg\" data-rel=\"rgg\" rel=\"rgg\" title=\"de lux apartm&aacute;n s v&iacute;rivkou a saunou\" class=\"rgg-disabled size-medium rgg-img\" data-src=\"https:\/\/www.hotelaqua.sk\/wp-content\/uploads\/2018\/09\/MG_1277-300x200.jpg\" data-ratio=\"1.5\" data-height=\"200\" data-width=\"300\" aria-label=\"VIP apartm\u00e1n s v\u00edrivkou a saunou\">\n                            <\/a>\n                    <a href=\"https:\/\/www.hotelaqua.sk\/wp-content\/uploads\/2018\/09\/MG_1272-1024x683.jpg\" data-rel=\"rgg\" rel=\"rgg\" title=\"\" class=\"rgg-disabled size-medium rgg-img\" data-src=\"https:\/\/www.hotelaqua.sk\/wp-content\/uploads\/2018\/09\/MG_1272-300x200.jpg\" data-ratio=\"1.5\" data-height=\"200\" data-width=\"300\" aria-label=\"VIP apartm\u00e1n s v\u00edrivkou a saunou\">\n                            <\/a>\n                    <a href=\"https:\/\/www.hotelaqua.sk\/wp-content\/uploads\/2018\/09\/MG_1261-1024x683.jpg\" data-rel=\"rgg\" rel=\"rgg\" title=\"de lux apartm&aacute;n s v&iacute;rivkou a saunou\" class=\"rgg-disabled size-medium rgg-img\" data-src=\"https:\/\/www.hotelaqua.sk\/wp-content\/uploads\/2018\/09\/MG_1261-300x200.jpg\" data-ratio=\"1.5\" data-height=\"200\" data-width=\"300\" aria-label=\"VIP apartm\u00e1n s v\u00edrivkou a saunou\">\n                            <\/a>\n                    <a href=\"https:\/\/www.hotelaqua.sk\/wp-content\/uploads\/2018\/09\/MG_1346-1024x683.jpg\" data-rel=\"rgg\" rel=\"rgg\" title=\"Sauna Hotel Aqua***\" class=\"rgg-disabled size-medium rgg-img\" data-src=\"https:\/\/www.hotelaqua.sk\/wp-content\/uploads\/2018\/09\/MG_1346-300x200.jpg\" data-ratio=\"1.5\" data-height=\"200\" data-width=\"300\" aria-label=\"VIP apartm\u00e1n s v\u00edrivkou a saunou\">\n                            <\/a>\n            <\/div>\n<\/div>\n<p><i class=\"fa fa-male fa-2x\" aria-hidden=\"true\"><\/i><i class=\"fa fa-male fa-2x\" aria-hidden=\"true\"><\/i><i class=\"fa fa-male fa-lg\" aria-hidden=\"true\"><\/i>\u00a0<strong>Pokoj s p\u0159ist\u00fdlkou 2+1<\/strong><\/p>\n<p><strong>Dvoul\u016f\u017ekov\u00fd pokoj s mo\u017enost\u00ed jedn\u00e9 p\u0159ist\u00fdlky<\/strong><\/p>\n<div class=\"rgg-container\" data-rgg-id=\"2\">    <div class=\"rgg-imagegrid captions-title captions-effect-none \" data-rgg-id=\"2\">\n                    <a href=\"https:\/\/www.hotelaqua.sk\/wp-content\/uploads\/2018\/09\/MG_1332-1024x646.jpg\" data-rel=\"rgg\" rel=\"rgg\" title=\"Ubytovanie Ve\u013ek&yacute; Meder\" class=\"rgg-disabled size-medium rgg-img\" data-src=\"https:\/\/www.hotelaqua.sk\/wp-content\/uploads\/2018\/09\/MG_1332-300x189.jpg\" data-ratio=\"1.5873015873\" data-height=\"189\" data-width=\"300\" aria-label=\"\">\n                            <\/a>\n                    <a href=\"https:\/\/www.hotelaqua.sk\/wp-content\/uploads\/2016\/01\/RAC5372-1024x684.jpg\" data-rel=\"rgg\" rel=\"rgg\" title=\"Ubytov&aacute;n&iacute; Ve\u013ek&yacute; Meder\" class=\"rgg-disabled size-medium rgg-img\" data-src=\"https:\/\/www.hotelaqua.sk\/wp-content\/uploads\/2016\/01\/RAC5372-300x200.jpg\" data-ratio=\"1.5\" data-height=\"200\" data-width=\"300\" aria-label=\"Ubytov\u00e1n\u00ed Ve\u013ek\u00fd Meder\">\n                            <\/a>\n                    <a href=\"https:\/\/www.hotelaqua.sk\/wp-content\/uploads\/2018\/09\/MG_1328_1-1024x683.jpg\" data-rel=\"rgg\" rel=\"rgg\" title=\"Ubytovanie Ve\u013ek&yacute; Meder\" class=\"rgg-disabled size-medium rgg-img\" data-src=\"https:\/\/www.hotelaqua.sk\/wp-content\/uploads\/2018\/09\/MG_1328_1-300x200.jpg\" data-ratio=\"1.5\" data-height=\"200\" data-width=\"300\" aria-label=\"\">\n                            <\/a>\n                    <a href=\"https:\/\/www.hotelaqua.sk\/wp-content\/uploads\/2018\/09\/MG_1320-1024x683.jpg\" data-rel=\"rgg\" rel=\"rgg\" title=\"Ubytovanie Ve\u013ek&yacute; Meder\" class=\"rgg-disabled size-medium rgg-img\" data-src=\"https:\/\/www.hotelaqua.sk\/wp-content\/uploads\/2018\/09\/MG_1320-300x200.jpg\" data-ratio=\"1.5\" data-height=\"200\" data-width=\"300\" aria-label=\"\">\n                            <\/a>\n                    <a href=\"https:\/\/www.hotelaqua.sk\/wp-content\/uploads\/2018\/09\/MG_1309-1024x663.jpg\" data-rel=\"rgg\" rel=\"rgg\" title=\"Ubytovanie Ve\u013ek&yacute; Meder\" class=\"rgg-disabled size-medium rgg-img\" data-src=\"https:\/\/www.hotelaqua.sk\/wp-content\/uploads\/2018\/09\/MG_1309-300x194.jpg\" data-ratio=\"1.54639175258\" data-height=\"194\" data-width=\"300\" aria-label=\"\">\n                            <\/a>\n            <\/div>\n<\/div>\n<p><i class=\"fa fa-male fa-2x\" aria-hidden=\"true\"><\/i><i class=\"fa fa-male fa-2x\" aria-hidden=\"true\"><\/i>\u00a0<strong>Dvoul\u016f\u017ekov\u00fd pokoj 2 + 0<\/strong><\/p>\n<p><strong>Dvoul\u016f\u017ekov\u00fd pokoj s man\u017eelskou postel\u00ed nebo odd\u011blen\u00e9 l\u016f\u017eka<\/strong><\/p>\n<div class=\"rgg-container\" data-rgg-id=\"3\">    <div class=\"rgg-imagegrid captions-title captions-effect-none \" data-rgg-id=\"3\">\n                    <a href=\"https:\/\/www.hotelaqua.sk\/wp-content\/uploads\/2018\/09\/MG_1291-1024x664.jpg\" data-rel=\"rgg\" rel=\"rgg\" title=\"Ubytovanie Ve\u013ek&yacute; Meder\" class=\"rgg-disabled size-medium rgg-img\" data-src=\"https:\/\/www.hotelaqua.sk\/wp-content\/uploads\/2018\/09\/MG_1291-300x194.jpg\" data-ratio=\"1.54639175258\" data-height=\"194\" data-width=\"300\" aria-label=\"\">\n                            <\/a>\n                    <a href=\"https:\/\/www.hotelaqua.sk\/wp-content\/uploads\/2018\/09\/MG_1281-1024x683.jpg\" data-rel=\"rgg\" rel=\"rgg\" title=\"Ubytovanie Ve\u013ek&yacute; Meder\" class=\"rgg-disabled size-medium rgg-img\" data-src=\"https:\/\/www.hotelaqua.sk\/wp-content\/uploads\/2018\/09\/MG_1281-300x200.jpg\" data-ratio=\"1.5\" data-height=\"200\" data-width=\"300\" aria-label=\"\">\n                            <\/a>\n                    <a href=\"https:\/\/www.hotelaqua.sk\/wp-content\/uploads\/2018\/09\/MG_1286-1024x683.jpg\" data-rel=\"rgg\" rel=\"rgg\" title=\"Ubytovanie Ve\u013ek&yacute; Meder\" class=\"rgg-disabled size-medium rgg-img\" data-src=\"https:\/\/www.hotelaqua.sk\/wp-content\/uploads\/2018\/09\/MG_1286-300x200.jpg\" data-ratio=\"1.5\" data-height=\"200\" data-width=\"300\" aria-label=\"Dvojl\u00f4\u017ekov\u00e1 izba\">\n                            <\/a>\n                    <a href=\"https:\/\/www.hotelaqua.sk\/wp-content\/uploads\/2018\/09\/MG_1296-1024x683.jpg\" data-rel=\"rgg\" rel=\"rgg\" title=\"Ubytovanie Ve\u013ek&yacute; Meder\" class=\"rgg-disabled size-medium rgg-img\" data-src=\"https:\/\/www.hotelaqua.sk\/wp-content\/uploads\/2018\/09\/MG_1296-300x200.jpg\" data-ratio=\"1.5\" data-height=\"200\" data-width=\"300\" aria-label=\"\">\n                            <\/a>\n            <\/div>\n<\/div>\n<p><i class=\"fa fa-male fa-2x\" aria-hidden=\"true\"><\/i><i class=\"fa fa-male fa-2x\" aria-hidden=\"true\"><\/i>+<i class=\"fa fa-male fa-2x\" aria-hidden=\"true\"><\/i><i class=\"fa fa-male fa-2x\" aria-hidden=\"true\"><\/i>\u00a0<strong> Apartm\u00e1n 2 + 2<\/strong><br \/>\n<strong> Dvoupokojov\u00fd apartm\u00e1n<\/strong><\/p>\n<div class=\"rgg-container\" data-rgg-id=\"4\">    <div class=\"rgg-imagegrid captions-title captions-effect-none \" data-rgg-id=\"4\">\n                    <a href=\"https:\/\/www.hotelaqua.sk\/wp-content\/uploads\/2018\/09\/MG_1280-1024x636.jpg\" data-rel=\"rgg\" rel=\"rgg\" title=\"Ubytovanie Ve\u013ek&yacute; Meder\" class=\"rgg-disabled size-medium rgg-img\" data-src=\"https:\/\/www.hotelaqua.sk\/wp-content\/uploads\/2018\/09\/MG_1280-300x186.jpg\" data-ratio=\"1.61290322581\" data-height=\"186\" data-width=\"300\" aria-label=\"\">\n                            <\/a>\n                    <a href=\"https:\/\/www.hotelaqua.sk\/wp-content\/uploads\/2018\/09\/MG_1292-1024x683.jpg\" data-rel=\"rgg\" rel=\"rgg\" title=\"Ubytovanie Ve\u013ek&yacute; Meder\" class=\"rgg-disabled size-medium rgg-img\" data-src=\"https:\/\/www.hotelaqua.sk\/wp-content\/uploads\/2018\/09\/MG_1292-300x200.jpg\" data-ratio=\"1.5\" data-height=\"200\" data-width=\"300\" aria-label=\"\">\n                            <\/a>\n                    <a href=\"https:\/\/www.hotelaqua.sk\/wp-content\/uploads\/2018\/09\/MG_1324-1024x637.jpg\" data-rel=\"rgg\" rel=\"rgg\" title=\"Ubytovanie Ve\u013ek&yacute; Meder\" class=\"rgg-disabled size-medium rgg-img\" data-src=\"https:\/\/www.hotelaqua.sk\/wp-content\/uploads\/2018\/09\/MG_1324-300x187.jpg\" data-ratio=\"1.60427807487\" data-height=\"187\" data-width=\"300\" aria-label=\"\">\n                            <\/a>\n                    <a href=\"https:\/\/www.hotelaqua.sk\/wp-content\/uploads\/2016\/01\/RAC5372-1024x684.jpg\" data-rel=\"rgg\" rel=\"rgg\" title=\"Ubytov&aacute;n&iacute; Ve\u013ek&yacute; Meder\" class=\"rgg-disabled size-medium rgg-img\" data-src=\"https:\/\/www.hotelaqua.sk\/wp-content\/uploads\/2016\/01\/RAC5372-300x200.jpg\" data-ratio=\"1.5\" data-height=\"200\" data-width=\"300\" aria-label=\"Ubytov\u00e1n\u00ed Ve\u013ek\u00fd Meder\">\n                            <\/a>\n                    <a href=\"https:\/\/www.hotelaqua.sk\/wp-content\/uploads\/2016\/01\/RAC5400-1024x684.jpg\" data-rel=\"rgg\" rel=\"rgg\" title=\"\" class=\"rgg-disabled size-medium rgg-img\" data-src=\"https:\/\/www.hotelaqua.sk\/wp-content\/uploads\/2016\/01\/RAC5400-300x200.jpg\" data-ratio=\"1.5\" data-height=\"200\" data-width=\"300\" aria-label=\"\">\n                            <\/a>\n            <\/div>\n<\/div>\n<p>Cena dvoul\u016f\u017ekov\u00e9ho pokoje, jednopokojov\u00fd apartm\u00e1n, dvoupokojov\u00fd apartm\u00e1n zahrnuje:<\/p>\n<ul>\n<li>Free WiFi<\/li>\n<li>Sn\u00eddan\u011b \/ mo\u017enost doobjedn\u00e1n\u00ed polopenze \/ &#8211; \u0161v\u00e9dsk\u00e9 stoly<\/li>\n<li>Parkov\u00e1n\u00ed \/ parkovi\u0161t\u011b u hotelu<\/li>\n<li>F\u00e9n<\/li>\n<li>Trezor na pokoji<\/li>\n<li>Chladni\u010dka<\/li>\n<li>Na po\u017e\u00e1d\u00e1n\u00ed zap\u016fj\u010dujeme kola v cen\u011b pokoje<\/li>\n<\/ul>\n","protected":false},"excerpt":{"rendered":"<p>Hotel Aqua *** Ubytov\u00e1n\u00ed u are\u00e1lu term\u00e1ln\u00edho koupali\u0161t\u011b Ve\u013ek\u00fd Meder \u00a0Apartm\u00e1n 2+1 Jednopokojov\u00fd apartm\u00e1n de lux s priv\u00e1tn\u00ed saunou a v\u00ed\u0159ivkou pro dv\u011b osoby s mo\u017enost\u00ed p\u0159ist\u00fdlky \u00a0Pokoj s p\u0159ist\u00fdlkou 2+1 Dvoul\u016f\u017ekov\u00fd pokoj s mo\u017enost\u00ed jedn\u00e9 p\u0159ist\u00fdlky \u00a0Dvoul\u016f\u017ekov\u00fd pokoj 2 + 0 Dvoul\u016f\u017ekov\u00fd pokoj s man\u017eelskou postel\u00ed nebo odd\u011blen\u00e9 l\u016f\u017eka +\u00a0 Apartm\u00e1n 2 + 2 [&hellip;]<\/p>\n","protected":false},"author":1,"featured_media":1660,"parent":72,"menu_order":0,"comment_status":"closed","ping_status":"closed","template":"","meta":{"footnotes":""},"class_list":["post-862","page","type-page","status-publish","has-post-thumbnail","hentry"],"yoast_head":"<!-- This site is optimized with the Yoast SEO plugin v25.3.1 - https:\/\/yoast.com\/wordpress\/plugins\/seo\/ -->\n<title>Pokoje - HOTEL AQUA VARGA ***<\/title>\n<meta name=\"robots\" content=\"index, follow, max-snippet:-1, max-image-preview:large, max-video-preview:-1\" \/>\n<link rel=\"canonical\" href=\"https:\/\/www.hotelaqua.sk\/cs\/cenik-ubytovani-velky-meder-lazne\/pokoje\/\" \/>\n<meta property=\"og:locale\" content=\"cs_CZ\" \/>\n<meta property=\"og:type\" content=\"article\" \/>\n<meta property=\"og:title\" content=\"Pokoje - HOTEL AQUA VARGA ***\" \/>\n<meta property=\"og:description\" content=\"Hotel Aqua *** Ubytov\u00e1n\u00ed u are\u00e1lu term\u00e1ln\u00edho koupali\u0161t\u011b Ve\u013ek\u00fd Meder \u00a0Apartm\u00e1n 2+1 Jednopokojov\u00fd apartm\u00e1n de lux s priv\u00e1tn\u00ed saunou a v\u00ed\u0159ivkou pro dv\u011b osoby s mo\u017enost\u00ed p\u0159ist\u00fdlky \u00a0Pokoj s p\u0159ist\u00fdlkou 2+1 Dvoul\u016f\u017ekov\u00fd pokoj s mo\u017enost\u00ed jedn\u00e9 p\u0159ist\u00fdlky \u00a0Dvoul\u016f\u017ekov\u00fd pokoj 2 + 0 Dvoul\u016f\u017ekov\u00fd pokoj s man\u017eelskou postel\u00ed nebo odd\u011blen\u00e9 l\u016f\u017eka +\u00a0 Apartm\u00e1n 2 + 2 [&hellip;]\" \/>\n<meta property=\"og:url\" content=\"https:\/\/www.hotelaqua.sk\/cs\/cenik-ubytovani-velky-meder-lazne\/pokoje\/\" \/>\n<meta property=\"og:site_name\" content=\"HOTEL AQUA VARGA ***\" \/>\n<meta property=\"article:modified_time\" content=\"2018-12-04T21:29:42+00:00\" \/>\n<meta property=\"og:image\" content=\"https:\/\/www.hotelaqua.sk\/wp-content\/uploads\/2018\/09\/MG_1277-1024x683.jpg\" \/>\n\t<meta property=\"og:image:width\" content=\"1024\" \/>\n\t<meta property=\"og:image:height\" content=\"683\" \/>\n\t<meta property=\"og:image:type\" content=\"image\/jpeg\" \/>\n<meta name=\"twitter:label1\" content=\"Odhadovan\u00e1 doba \u010dten\u00ed\" \/>\n\t<meta name=\"twitter:data1\" content=\"1 minute\" \/>\n<script type=\"application\/ld+json\" class=\"yoast-schema-graph\">{\"@context\":\"https:\/\/schema.org\",\"@graph\":[{\"@type\":\"WebPage\",\"@id\":\"https:\/\/www.hotelaqua.sk\/cs\/cenik-ubytovani-velky-meder-lazne\/pokoje\/\",\"url\":\"https:\/\/www.hotelaqua.sk\/cs\/cenik-ubytovani-velky-meder-lazne\/pokoje\/\",\"name\":\"Pokoje - HOTEL AQUA VARGA ***\",\"isPartOf\":{\"@id\":\"https:\/\/www.hotelaqua.sk\/sk\/#website\"},\"primaryImageOfPage\":{\"@id\":\"https:\/\/www.hotelaqua.sk\/cs\/cenik-ubytovani-velky-meder-lazne\/pokoje\/#primaryimage\"},\"image\":{\"@id\":\"https:\/\/www.hotelaqua.sk\/cs\/cenik-ubytovani-velky-meder-lazne\/pokoje\/#primaryimage\"},\"thumbnailUrl\":\"https:\/\/www.hotelaqua.sk\/wp-content\/uploads\/2018\/09\/MG_1277.jpg\",\"datePublished\":\"2016-07-24T10:20:13+00:00\",\"dateModified\":\"2018-12-04T21:29:42+00:00\",\"breadcrumb\":{\"@id\":\"https:\/\/www.hotelaqua.sk\/cs\/cenik-ubytovani-velky-meder-lazne\/pokoje\/#breadcrumb\"},\"inLanguage\":\"cs-CZ\",\"potentialAction\":[{\"@type\":\"ReadAction\",\"target\":[\"https:\/\/www.hotelaqua.sk\/cs\/cenik-ubytovani-velky-meder-lazne\/pokoje\/\"]}]},{\"@type\":\"ImageObject\",\"inLanguage\":\"cs-CZ\",\"@id\":\"https:\/\/www.hotelaqua.sk\/cs\/cenik-ubytovani-velky-meder-lazne\/pokoje\/#primaryimage\",\"url\":\"https:\/\/www.hotelaqua.sk\/wp-content\/uploads\/2018\/09\/MG_1277.jpg\",\"contentUrl\":\"https:\/\/www.hotelaqua.sk\/wp-content\/uploads\/2018\/09\/MG_1277.jpg\",\"width\":2600,\"height\":1733,\"caption\":\"de lux apartm\u00e1n s v\u00edrivkou a saunou\"},{\"@type\":\"BreadcrumbList\",\"@id\":\"https:\/\/www.hotelaqua.sk\/cs\/cenik-ubytovani-velky-meder-lazne\/pokoje\/#breadcrumb\",\"itemListElement\":[{\"@type\":\"ListItem\",\"position\":1,\"name\":\"Domovsk\u00e1 str\u00e1nka\",\"item\":\"https:\/\/www.hotelaqua.sk\/sk\/\"},{\"@type\":\"ListItem\",\"position\":2,\"name\":\"Ubytov\u00e1n\u00ed Ve\u013ek\u00fd Meder, Cen\u00edk\",\"item\":\"https:\/\/www.hotelaqua.sk\/cs\/cenik-ubytovani-velky-meder-lazne\/\"},{\"@type\":\"ListItem\",\"position\":3,\"name\":\"Pokoje\"}]},{\"@type\":\"WebSite\",\"@id\":\"https:\/\/www.hotelaqua.sk\/sk\/#website\",\"url\":\"https:\/\/www.hotelaqua.sk\/sk\/\",\"name\":\"HOTEL AQUA VARGA ***\",\"description\":\"Hotel v bl\u00edzkosti term\u00e1lneho k\u00fapaliska vo Ve\u013ekom Mederi\",\"potentialAction\":[{\"@type\":\"SearchAction\",\"target\":{\"@type\":\"EntryPoint\",\"urlTemplate\":\"https:\/\/www.hotelaqua.sk\/sk\/?s={search_term_string}\"},\"query-input\":{\"@type\":\"PropertyValueSpecification\",\"valueRequired\":true,\"valueName\":\"search_term_string\"}}],\"inLanguage\":\"cs-CZ\"}]}<\/script>\n<!-- \/ Yoast SEO plugin. -->","yoast_head_json":{"title":"Pokoje - HOTEL AQUA VARGA ***","robots":{"index":"index","follow":"follow","max-snippet":"max-snippet:-1","max-image-preview":"max-image-preview:large","max-video-preview":"max-video-preview:-1"},"canonical":"https:\/\/www.hotelaqua.sk\/cs\/cenik-ubytovani-velky-meder-lazne\/pokoje\/","og_locale":"cs_CZ","og_type":"article","og_title":"Pokoje - HOTEL AQUA VARGA ***","og_description":"Hotel Aqua *** Ubytov\u00e1n\u00ed u are\u00e1lu term\u00e1ln\u00edho koupali\u0161t\u011b Ve\u013ek\u00fd Meder \u00a0Apartm\u00e1n 2+1 Jednopokojov\u00fd apartm\u00e1n de lux s priv\u00e1tn\u00ed saunou a v\u00ed\u0159ivkou pro dv\u011b osoby s mo\u017enost\u00ed p\u0159ist\u00fdlky \u00a0Pokoj s p\u0159ist\u00fdlkou 2+1 Dvoul\u016f\u017ekov\u00fd pokoj s mo\u017enost\u00ed jedn\u00e9 p\u0159ist\u00fdlky \u00a0Dvoul\u016f\u017ekov\u00fd pokoj 2 + 0 Dvoul\u016f\u017ekov\u00fd pokoj s man\u017eelskou postel\u00ed nebo odd\u011blen\u00e9 l\u016f\u017eka +\u00a0 Apartm\u00e1n 2 + 2 [&hellip;]","og_url":"https:\/\/www.hotelaqua.sk\/cs\/cenik-ubytovani-velky-meder-lazne\/pokoje\/","og_site_name":"HOTEL AQUA VARGA ***","article_modified_time":"2018-12-04T21:29:42+00:00","og_image":[{"width":1024,"height":683,"url":"https:\/\/www.hotelaqua.sk\/wp-content\/uploads\/2018\/09\/MG_1277-1024x683.jpg","type":"image\/jpeg"}],"twitter_misc":{"Odhadovan\u00e1 doba \u010dten\u00ed":"1 minute"},"schema":{"@context":"https:\/\/schema.org","@graph":[{"@type":"WebPage","@id":"https:\/\/www.hotelaqua.sk\/cs\/cenik-ubytovani-velky-meder-lazne\/pokoje\/","url":"https:\/\/www.hotelaqua.sk\/cs\/cenik-ubytovani-velky-meder-lazne\/pokoje\/","name":"Pokoje - HOTEL AQUA VARGA ***","isPartOf":{"@id":"https:\/\/www.hotelaqua.sk\/sk\/#website"},"primaryImageOfPage":{"@id":"https:\/\/www.hotelaqua.sk\/cs\/cenik-ubytovani-velky-meder-lazne\/pokoje\/#primaryimage"},"image":{"@id":"https:\/\/www.hotelaqua.sk\/cs\/cenik-ubytovani-velky-meder-lazne\/pokoje\/#primaryimage"},"thumbnailUrl":"https:\/\/www.hotelaqua.sk\/wp-content\/uploads\/2018\/09\/MG_1277.jpg","datePublished":"2016-07-24T10:20:13+00:00","dateModified":"2018-12-04T21:29:42+00:00","breadcrumb":{"@id":"https:\/\/www.hotelaqua.sk\/cs\/cenik-ubytovani-velky-meder-lazne\/pokoje\/#breadcrumb"},"inLanguage":"cs-CZ","potentialAction":[{"@type":"ReadAction","target":["https:\/\/www.hotelaqua.sk\/cs\/cenik-ubytovani-velky-meder-lazne\/pokoje\/"]}]},{"@type":"ImageObject","inLanguage":"cs-CZ","@id":"https:\/\/www.hotelaqua.sk\/cs\/cenik-ubytovani-velky-meder-lazne\/pokoje\/#primaryimage","url":"https:\/\/www.hotelaqua.sk\/wp-content\/uploads\/2018\/09\/MG_1277.jpg","contentUrl":"https:\/\/www.hotelaqua.sk\/wp-content\/uploads\/2018\/09\/MG_1277.jpg","width":2600,"height":1733,"caption":"de lux apartm\u00e1n s v\u00edrivkou a saunou"},{"@type":"BreadcrumbList","@id":"https:\/\/www.hotelaqua.sk\/cs\/cenik-ubytovani-velky-meder-lazne\/pokoje\/#breadcrumb","itemListElement":[{"@type":"ListItem","position":1,"name":"Domovsk\u00e1 str\u00e1nka","item":"https:\/\/www.hotelaqua.sk\/sk\/"},{"@type":"ListItem","position":2,"name":"Ubytov\u00e1n\u00ed Ve\u013ek\u00fd Meder, Cen\u00edk","item":"https:\/\/www.hotelaqua.sk\/cs\/cenik-ubytovani-velky-meder-lazne\/"},{"@type":"ListItem","position":3,"name":"Pokoje"}]},{"@type":"WebSite","@id":"https:\/\/www.hotelaqua.sk\/sk\/#website","url":"https:\/\/www.hotelaqua.sk\/sk\/","name":"HOTEL AQUA VARGA ***","description":"Hotel v bl\u00edzkosti term\u00e1lneho k\u00fapaliska vo Ve\u013ekom Mederi","potentialAction":[{"@type":"SearchAction","target":{"@type":"EntryPoint","urlTemplate":"https:\/\/www.hotelaqua.sk\/sk\/?s={search_term_string}"},"query-input":{"@type":"PropertyValueSpecification","valueRequired":true,"valueName":"search_term_string"}}],"inLanguage":"cs-CZ"}]}},"_links":{"self":[{"href":"https:\/\/www.hotelaqua.sk\/cs\/wp-json\/wp\/v2\/pages\/862","targetHints":{"allow":["GET"]}}],"collection":[{"href":"https:\/\/www.hotelaqua.sk\/cs\/wp-json\/wp\/v2\/pages"}],"about":[{"href":"https:\/\/www.hotelaqua.sk\/cs\/wp-json\/wp\/v2\/types\/page"}],"author":[{"embeddable":true,"href":"https:\/\/www.hotelaqua.sk\/cs\/wp-json\/wp\/v2\/users\/1"}],"replies":[{"embeddable":true,"href":"https:\/\/www.hotelaqua.sk\/cs\/wp-json\/wp\/v2\/comments?post=862"}],"version-history":[{"count":8,"href":"https:\/\/www.hotelaqua.sk\/cs\/wp-json\/wp\/v2\/pages\/862\/revisions"}],"predecessor-version":[{"id":1914,"href":"https:\/\/www.hotelaqua.sk\/cs\/wp-json\/wp\/v2\/pages\/862\/revisions\/1914"}],"up":[{"embeddable":true,"href":"https:\/\/www.hotelaqua.sk\/cs\/wp-json\/wp\/v2\/pages\/72"}],"wp:featuredmedia":[{"embeddable":true,"href":"https:\/\/www.hotelaqua.sk\/cs\/wp-json\/wp\/v2\/media\/1660"}],"wp:attachment":[{"href":"https:\/\/www.hotelaqua.sk\/cs\/wp-json\/wp\/v2\/media?parent=862"}],"curies":[{"name":"wp","href":"https:\/\/api.w.org\/{rel}","templated":true}]}}