{"id":67,"date":"2015-11-24T16:02:35","date_gmt":"2015-11-24T15:02:35","guid":{"rendered":"http:\/\/hotelaqua.htsys.sk\/?page_id=67"},"modified":"2025-12-03T10:45:31","modified_gmt":"2025-12-03T09:45:31","slug":"accommodation-velky-meder","status":"publish","type":"page","link":"https:\/\/www.hotelaqua.sk\/en\/accommodation-velky-meder\/","title":{"rendered":"Accommodation, Pricelist"},"content":{"rendered":"<p>The New Hotel Aqua &#8220;Thermal Varga&#8221;<br \/>\n<strong> Enjoy accommodation right next to the spa.<\/strong><br \/>\nYou have shared reception with Hotel Thermal Varga *** Velky Meder Slovakia<\/p>\n<p>One-bedroom deluxe suite with a private sauna and jacuzzi for two persons with extra bed<\/p>\n<div class=\"rgg-container\" data-rgg-id=\"1\">    <div class=\"rgg-imagegrid captions-title captions-effect-none \" data-rgg-id=\"1\">\n                    <a href=\"https:\/\/www.hotelaqua.sk\/wp-content\/uploads\/2015\/10\/15325230_1025129350925953_2691641852706995493_o-1024x1024.jpg\" data-rel=\"rgg\" rel=\"rgg\" title=\"DE lux apartm&aacute;n\" class=\"rgg-disabled size-medium rgg-img\" data-src=\"https:\/\/www.hotelaqua.sk\/wp-content\/uploads\/2015\/10\/15325230_1025129350925953_2691641852706995493_o-300x300.jpg\" data-ratio=\"1\" data-height=\"300\" data-width=\"300\" aria-label=\"\">\n                            <\/a>\n                    <a href=\"https:\/\/www.hotelaqua.sk\/wp-content\/uploads\/2015\/10\/20161202_115621-1024x576.jpg\" data-rel=\"rgg\" rel=\"rgg\" title=\"\" class=\"rgg-disabled size-medium rgg-img\" data-src=\"https:\/\/www.hotelaqua.sk\/wp-content\/uploads\/2015\/10\/20161202_115621-300x169.jpg\" data-ratio=\"1.77514792899\" data-height=\"169\" data-width=\"300\" aria-label=\"\">\n                            <\/a>\n                    <a href=\"https:\/\/www.hotelaqua.sk\/wp-content\/uploads\/2015\/10\/20161202_115702-1024x576.jpg\" data-rel=\"rgg\" rel=\"rgg\" title=\"\" class=\"rgg-disabled size-medium rgg-img\" data-src=\"https:\/\/www.hotelaqua.sk\/wp-content\/uploads\/2015\/10\/20161202_115702-300x169.jpg\" data-ratio=\"1.77514792899\" data-height=\"169\" data-width=\"300\" aria-label=\"\">\n                            <\/a>\n                    <a href=\"https:\/\/www.hotelaqua.sk\/wp-content\/uploads\/2015\/10\/20161202_115932-e1480975352185-1024x534.jpg\" data-rel=\"rgg\" rel=\"rgg\" title=\"\" class=\"rgg-disabled size-medium rgg-img\" data-src=\"https:\/\/www.hotelaqua.sk\/wp-content\/uploads\/2015\/10\/20161202_115932-e1480975352185-300x156.jpg\" data-ratio=\"1.92307692308\" data-height=\"156\" data-width=\"300\" aria-label=\"\">\n                            <\/a>\n                    <a href=\"https:\/\/www.hotelaqua.sk\/wp-content\/uploads\/2015\/10\/20161202_120225-e1480975330766-1024x446.jpg\" data-rel=\"rgg\" rel=\"rgg\" title=\"\" class=\"rgg-disabled size-medium rgg-img\" data-src=\"https:\/\/www.hotelaqua.sk\/wp-content\/uploads\/2015\/10\/20161202_120225-e1480975330766-300x131.jpg\" data-ratio=\"2.29007633588\" data-height=\"131\" data-width=\"300\" aria-label=\"\">\n                            <\/a>\n            <\/div>\n<\/div>\n<p>Double room with one extra bed option<\/p>\n<div class=\"rgg-container\" data-rgg-id=\"2\">    <div class=\"rgg-imagegrid captions-title captions-effect-none \" data-rgg-id=\"2\">\n                    <a href=\"https:\/\/www.hotelaqua.sk\/wp-content\/uploads\/2016\/01\/RAC5372-1024x684.jpg\" data-rel=\"rgg\" rel=\"rgg\" title=\"Ubytov&aacute;n&iacute; Ve\u013ek&yacute; Meder\" class=\"rgg-disabled size-medium rgg-img\" data-src=\"https:\/\/www.hotelaqua.sk\/wp-content\/uploads\/2016\/01\/RAC5372-300x200.jpg\" data-ratio=\"1.5\" data-height=\"200\" data-width=\"300\" aria-label=\"Ubytov\u00e1n\u00ed Ve\u013ek\u00fd Meder\">\n                            <\/a>\n                    <a href=\"https:\/\/www.hotelaqua.sk\/wp-content\/uploads\/2016\/01\/RAC5371-1024x684.jpg\" data-rel=\"rgg\" rel=\"rgg\" title=\"\" class=\"rgg-disabled size-medium rgg-img\" data-src=\"https:\/\/www.hotelaqua.sk\/wp-content\/uploads\/2016\/01\/RAC5371-300x200.jpg\" data-ratio=\"1.5\" data-height=\"200\" data-width=\"300\" aria-label=\"\">\n                            <\/a>\n                    <a href=\"https:\/\/www.hotelaqua.sk\/wp-content\/uploads\/2015\/10\/FullSizeRender-768x1024.jpg\" data-rel=\"rgg\" rel=\"rgg\" title=\"Hotel Aqua Ve\u013ek&yacute; Meder term&aacute;lne k&uacute;palisko\" class=\"rgg-disabled size-medium rgg-img\" data-src=\"https:\/\/www.hotelaqua.sk\/wp-content\/uploads\/2015\/10\/FullSizeRender-225x300.jpg\" data-ratio=\"0.75\" data-height=\"300\" data-width=\"225\" aria-label=\"Hotel Aqua Ve\u013ek\u00fd Meder term\u00e1lne k\u00fapalisko\">\n                            <\/a>\n            <\/div>\n<\/div>\n<p>Double room with double bed or twin beds<\/p>\n<div class=\"rgg-container\" data-rgg-id=\"3\">    <div class=\"rgg-imagegrid captions-title captions-effect-none \" data-rgg-id=\"3\">\n                    <a href=\"https:\/\/www.hotelaqua.sk\/wp-content\/uploads\/2016\/01\/RAC5400-1024x684.jpg\" data-rel=\"rgg\" rel=\"rgg\" title=\"\" class=\"rgg-disabled size-medium rgg-img\" data-src=\"https:\/\/www.hotelaqua.sk\/wp-content\/uploads\/2016\/01\/RAC5400-300x200.jpg\" data-ratio=\"1.5\" data-height=\"200\" data-width=\"300\" aria-label=\"\">\n                            <\/a>\n                    <a href=\"https:\/\/www.hotelaqua.sk\/wp-content\/uploads\/2016\/01\/RAC5398-1024x684.jpg\" data-rel=\"rgg\" rel=\"rgg\" title=\"dvojl&ocirc;\u017ekov&aacute; izba hotel aqua\" class=\"rgg-disabled size-medium rgg-img\" data-src=\"https:\/\/www.hotelaqua.sk\/wp-content\/uploads\/2016\/01\/RAC5398-300x200.jpg\" data-ratio=\"1.5\" data-height=\"200\" data-width=\"300\" aria-label=\"\">\n                            <\/a>\n                    <a href=\"https:\/\/www.hotelaqua.sk\/wp-content\/uploads\/2015\/10\/IMG_0389-768x1024.jpg\" data-rel=\"rgg\" rel=\"rgg\" title=\"Hotel Aqua Ve\u013ek&yacute; Meder term&aacute;lne k&uacute;palisko\" class=\"rgg-disabled size-medium rgg-img\" data-src=\"https:\/\/www.hotelaqua.sk\/wp-content\/uploads\/2015\/10\/IMG_0389-225x300.jpg\" data-ratio=\"0.75\" data-height=\"300\" data-width=\"225\" aria-label=\"Hotel Aqua Ve\u013ek\u00fd Meder term\u00e1lne k\u00fapalisko\">\n                            <\/a>\n            <\/div>\n<\/div>\n<p>Two-room apartment<\/p>\n<div class=\"rgg-container\" data-rgg-id=\"4\">    <div class=\"rgg-imagegrid captions-title captions-effect-none \" data-rgg-id=\"4\">\n                    <a href=\"https:\/\/www.hotelaqua.sk\/wp-content\/uploads\/2016\/01\/RAC5398-1024x684.jpg\" data-rel=\"rgg\" rel=\"rgg\" title=\"dvojl&ocirc;\u017ekov&aacute; izba hotel aqua\" class=\"rgg-disabled size-medium rgg-img\" data-src=\"https:\/\/www.hotelaqua.sk\/wp-content\/uploads\/2016\/01\/RAC5398-300x200.jpg\" data-ratio=\"1.5\" data-height=\"200\" data-width=\"300\" aria-label=\"\">\n                            <\/a>\n                    <a href=\"https:\/\/www.hotelaqua.sk\/wp-content\/uploads\/2015\/10\/IMG_0387-e1481544903532-1024x703.jpg\" data-rel=\"rgg\" rel=\"rgg\" title=\"Hotel Aqua Ve\u013ek&yacute; Meder term&aacute;lne k&uacute;palisko\" class=\"rgg-disabled size-medium rgg-img\" data-src=\"https:\/\/www.hotelaqua.sk\/wp-content\/uploads\/2015\/10\/IMG_0387-e1481544903532-300x206.jpg\" data-ratio=\"1.45631067961\" data-height=\"206\" data-width=\"300\" aria-label=\"Hotel Aqua Ve\u013ek\u00fd Meder term\u00e1lne k\u00fapalisko\">\n                            <\/a>\n                    <a href=\"https:\/\/www.hotelaqua.sk\/wp-content\/uploads\/2015\/10\/IMG_0390-768x1024.jpg\" data-rel=\"rgg\" rel=\"rgg\" title=\"Hotel Aqua Ve\u013ek&yacute; Meder term&aacute;lne k&uacute;palisko\" class=\"rgg-disabled size-medium rgg-img\" data-src=\"https:\/\/www.hotelaqua.sk\/wp-content\/uploads\/2015\/10\/IMG_0390-225x300.jpg\" data-ratio=\"0.75\" data-height=\"300\" data-width=\"225\" aria-label=\"Hotel Aqua Ve\u013ek\u00fd Meder term\u00e1lne k\u00fapalisko\">\n                            <\/a>\n            <\/div>\n<\/div>\n<p>Price of double room, one bedroom apartment, two-room apartment\u00a0includes:<\/p>\n<ul>\n<li>Free WiFi<\/li>\n<li>Breakfast \/ possibility to order breakfast \/ &#8211; buffet<\/li>\n<li>Parking \/ parking at the hotel<\/li>\n<li>Hairdryer<\/li>\n<li>Safe in room<\/li>\n<li>Fridge<\/li>\n<li>At the request lends bikes free for guest<span id=\"result_box\" class=\"\" lang=\"en\"><\/span><\/li>\n<\/ul>\n<h2>Book your stay:<\/h2>\n<ul>\n<li><strong> email to <a href=\"mailto:info@hotelthermal.sk\">info@hotelthermal.sk<\/a>,<\/strong><\/li>\n<li><strong>phone +421315530336, +421917460625<\/strong><\/li>\n<li><strong>or online through the reservation form<\/strong><\/li>\n<\/ul>\n<div class=\"alert alert-info\">\n<p style=\"text-align: center;\"><a class=\"btn\" href=\"http:\/\/booking.hotelthermal.sk\" target=\"_blank\" rel=\"noopener noreferrer\">BOOK ONLINE<\/a><\/p>\n<\/div>\n<p>The visitors of the spa in Ve\u013ek\u00fd Meder will have an additional option when looking for an accommodation. Our new facility in Thermen Velky Meder, next to the spa premises, Hotel Aqua *** Velky Meder. The guests of this hotel will have the thermal water and the services of the spa literarily just a step away. Moreover, Hotel Aqua is surrounded by the wonderful forest park, which does not only provide a comforting proximity of the nature, but a cooling shade in the summer days.<br \/>\n<strong> \u201cThe guest of this hotel AQUA Thermal Varga will stay literarily just a step away from the spa\u201d<\/strong><\/p>\n<p>Safety plays a crucial role in the standards of the hotel\u2019s services. Therefore, the hotel offers its guests parking, on our premises with a monitoring camera system. Each room at Hotel Aqua is comfortably equipped, with a TV (SAT TV), telephone, access to free WIFI, a shower and toilet, both accessible for guests with reduced mobility, hair dryer and kettle. The hotel offers single and double rooms, with an extra-bed option. Besides, there will be a VIP suite available with a jacuzzi, sauna and balcony.<br \/>\n<strong> \u201cBathroom and toilet accessible for guest with limited mobility\u201d<\/strong><\/p>\n<p>Even at the busy summer period full of tourists, rest and relaxation is guaranteed to the guests of the hotel. In addition, there is a vast opportunity of further services available: caf\u00e9s, restaurants, pubs, pharmacies, beauty salons, massage salons and a salt cave. Navigation is made easy for the guest, by the straightforward information boards displayed in the town. After pressing the bell at the gates, in front of the central parking place, the receptionist will kindly guide you to the hotel. You will be informed about the details of your stay upon arrival, in person.<br \/>\n\u201cDuring the winter season, you initially have the opportunity to book the capacities of Hotel Thermal Varga***. In case of Hotel Thermal Varga is fully booked you have the option to stay at Hotel AQUA.\u201d<\/p>\n<div class=\"rgg-container\" data-rgg-id=\"5\">    <div class=\"rgg-imagegrid captions-title captions-effect-none \" data-rgg-id=\"5\">\n                    <a href=\"https:\/\/www.hotelaqua.sk\/wp-content\/uploads\/2015\/10\/IMG_0388-1-1024x768.jpg\" data-rel=\"rgg\" rel=\"rgg\" title=\"\" class=\"rgg-disabled size-medium rgg-img\" data-src=\"https:\/\/www.hotelaqua.sk\/wp-content\/uploads\/2015\/10\/IMG_0388-1-300x225.jpg\" data-ratio=\"1.33333333333\" data-height=\"225\" data-width=\"300\" aria-label=\"\">\n                            <\/a>\n                    <a href=\"https:\/\/www.hotelaqua.sk\/wp-content\/uploads\/2015\/10\/FullSizeRender-1-768x1024.jpg\" data-rel=\"rgg\" rel=\"rgg\" title=\"\" class=\"rgg-disabled size-medium rgg-img\" data-src=\"https:\/\/www.hotelaqua.sk\/wp-content\/uploads\/2015\/10\/FullSizeRender-1-225x300.jpg\" data-ratio=\"0.75\" data-height=\"300\" data-width=\"225\" aria-label=\"\">\n                            <\/a>\n                    <a href=\"https:\/\/www.hotelaqua.sk\/wp-content\/uploads\/2015\/10\/IMG_0397-1-1024x768.jpg\" data-rel=\"rgg\" rel=\"rgg\" title=\"\" class=\"rgg-disabled size-medium rgg-img\" data-src=\"https:\/\/www.hotelaqua.sk\/wp-content\/uploads\/2015\/10\/IMG_0397-1-300x225.jpg\" data-ratio=\"1.33333333333\" data-height=\"225\" data-width=\"300\" aria-label=\"\">\n                            <\/a>\n                    <a href=\"https:\/\/www.hotelaqua.sk\/wp-content\/uploads\/2015\/10\/IMG_0390-1-768x1024.jpg\" data-rel=\"rgg\" rel=\"rgg\" title=\"\" class=\"rgg-disabled size-medium rgg-img\" data-src=\"https:\/\/www.hotelaqua.sk\/wp-content\/uploads\/2015\/10\/IMG_0390-1-225x300.jpg\" data-ratio=\"0.75\" data-height=\"300\" data-width=\"225\" aria-label=\"\">\n                            <\/a>\n                    <a href=\"https:\/\/www.hotelaqua.sk\/wp-content\/uploads\/2015\/11\/IMG_0550-e1463689402314-1024x471.jpg\" data-rel=\"rgg\" rel=\"rgg\" title=\"Hotel Aqua Ve\u013ek&yacute; Meder term&aacute;lne k&uacute;palisko thermal corvinus k&uacute;pele Slovensko\" class=\"rgg-disabled size-medium rgg-img\" data-src=\"https:\/\/www.hotelaqua.sk\/wp-content\/uploads\/2015\/11\/IMG_0550-e1463689402314-300x138.jpg\" data-ratio=\"2.17391304348\" data-height=\"138\" data-width=\"300\" aria-label=\"Hotel Aqua Ve\u013ek\u00fd Meder term\u00e1lne k\u00fapalisko thermal corvinus k\u00fapele Slovensko\">\n                            <\/a>\n                    <a href=\"https:\/\/www.hotelaqua.sk\/wp-content\/uploads\/2015\/10\/kava-ranajky.jpg\" data-rel=\"rgg\" rel=\"rgg\" title=\"\" class=\"rgg-disabled size-medium rgg-img\" data-src=\"https:\/\/www.hotelaqua.sk\/wp-content\/uploads\/2015\/10\/kava-ranajky-300x300.jpg\" data-ratio=\"1\" data-height=\"300\" data-width=\"300\" aria-label=\"\">\n                            <\/a>\n                    <a href=\"https:\/\/www.hotelaqua.sk\/wp-content\/uploads\/2015\/10\/svedske-stoly-gastro-DSC_0095-1024x683.jpg\" data-rel=\"rgg\" rel=\"rgg\" title=\"\" class=\"rgg-disabled size-medium rgg-img\" data-src=\"https:\/\/www.hotelaqua.sk\/wp-content\/uploads\/2015\/10\/svedske-stoly-gastro-DSC_0095-300x200.jpg\" data-ratio=\"1.5\" data-height=\"200\" data-width=\"300\" aria-label=\"\">\n                            <\/a>\n                    <a href=\"https:\/\/www.hotelaqua.sk\/wp-content\/uploads\/2015\/10\/svedske-stoly-gastro-DSC_0088-1024x683.jpg\" data-rel=\"rgg\" rel=\"rgg\" title=\"\" class=\"rgg-disabled size-medium rgg-img\" data-src=\"https:\/\/www.hotelaqua.sk\/wp-content\/uploads\/2015\/10\/svedske-stoly-gastro-DSC_0088-300x200.jpg\" data-ratio=\"1.5\" data-height=\"200\" data-width=\"300\" aria-label=\"\">\n                            <\/a>\n                    <a href=\"https:\/\/www.hotelaqua.sk\/wp-content\/uploads\/2015\/12\/url-1024x769.jpg\" data-rel=\"rgg\" rel=\"rgg\" title=\"\" class=\"rgg-disabled size-medium rgg-img\" data-src=\"https:\/\/www.hotelaqua.sk\/wp-content\/uploads\/2015\/12\/url-300x225.jpg\" data-ratio=\"1.33333333333\" data-height=\"225\" data-width=\"300\" aria-label=\"\">\n                            <\/a>\n            <\/div>\n<\/div>\n","protected":false},"excerpt":{"rendered":"<p>The New Hotel Aqua &#8220;Thermal Varga&#8221; Enjoy accommodation right next to the spa. You have shared reception with Hotel Thermal Varga *** Velky Meder Slovakia One-bedroom deluxe suite with a private sauna and jacuzzi for two persons with extra bed Double room with one extra bed option Double room with double bed or twin beds [&hellip;]<\/p>\n","protected":false},"author":2,"featured_media":1660,"parent":0,"menu_order":0,"comment_status":"closed","ping_status":"closed","template":"","meta":{"footnotes":""},"class_list":["post-67","page","type-page","status-publish","has-post-thumbnail","hentry"],"yoast_head":"<!-- This site is optimized with the Yoast SEO plugin v25.3.1 - https:\/\/yoast.com\/wordpress\/plugins\/seo\/ -->\n<title>Accommodation, Pricelist - HOTEL AQUA VARGA ***<\/title>\n<meta name=\"robots\" content=\"index, follow, max-snippet:-1, max-image-preview:large, max-video-preview:-1\" \/>\n<link rel=\"canonical\" href=\"https:\/\/www.hotelaqua.sk\/en\/accommodation-velky-meder\/\" \/>\n<meta property=\"og:locale\" content=\"cs_CZ\" \/>\n<meta property=\"og:type\" content=\"article\" \/>\n<meta property=\"og:title\" content=\"Accommodation, Pricelist - HOTEL AQUA VARGA ***\" \/>\n<meta property=\"og:description\" content=\"The New Hotel Aqua &#8220;Thermal Varga&#8221; Enjoy accommodation right next to the spa. You have shared reception with Hotel Thermal Varga *** Velky Meder Slovakia One-bedroom deluxe suite with a private sauna and jacuzzi for two persons with extra bed Double room with one extra bed option Double room with double bed or twin beds [&hellip;]\" \/>\n<meta property=\"og:url\" content=\"https:\/\/www.hotelaqua.sk\/en\/accommodation-velky-meder\/\" \/>\n<meta property=\"og:site_name\" content=\"HOTEL AQUA VARGA ***\" \/>\n<meta property=\"article:modified_time\" content=\"2025-12-03T09:45:31+00:00\" \/>\n<meta property=\"og:image\" content=\"https:\/\/www.hotelaqua.sk\/wp-content\/uploads\/2018\/09\/MG_1277-1024x683.jpg\" \/>\n\t<meta property=\"og:image:width\" content=\"1024\" \/>\n\t<meta property=\"og:image:height\" content=\"683\" \/>\n\t<meta property=\"og:image:type\" content=\"image\/jpeg\" \/>\n<meta name=\"twitter:label1\" content=\"Odhadovan\u00e1 doba \u010dten\u00ed\" \/>\n\t<meta name=\"twitter:data1\" content=\"3 minutes\" \/>\n<script type=\"application\/ld+json\" class=\"yoast-schema-graph\">{\"@context\":\"https:\/\/schema.org\",\"@graph\":[{\"@type\":\"WebPage\",\"@id\":\"https:\/\/www.hotelaqua.sk\/en\/accommodation-velky-meder\/\",\"url\":\"https:\/\/www.hotelaqua.sk\/en\/accommodation-velky-meder\/\",\"name\":\"Accommodation, Pricelist - HOTEL AQUA VARGA ***\",\"isPartOf\":{\"@id\":\"https:\/\/www.hotelaqua.sk\/sk\/#website\"},\"primaryImageOfPage\":{\"@id\":\"https:\/\/www.hotelaqua.sk\/en\/accommodation-velky-meder\/#primaryimage\"},\"image\":{\"@id\":\"https:\/\/www.hotelaqua.sk\/en\/accommodation-velky-meder\/#primaryimage\"},\"thumbnailUrl\":\"https:\/\/www.hotelaqua.sk\/wp-content\/uploads\/2018\/09\/MG_1277.jpg\",\"datePublished\":\"2015-11-24T15:02:35+00:00\",\"dateModified\":\"2025-12-03T09:45:31+00:00\",\"breadcrumb\":{\"@id\":\"https:\/\/www.hotelaqua.sk\/en\/accommodation-velky-meder\/#breadcrumb\"},\"inLanguage\":\"cs-CZ\",\"potentialAction\":[{\"@type\":\"ReadAction\",\"target\":[\"https:\/\/www.hotelaqua.sk\/en\/accommodation-velky-meder\/\"]}]},{\"@type\":\"ImageObject\",\"inLanguage\":\"cs-CZ\",\"@id\":\"https:\/\/www.hotelaqua.sk\/en\/accommodation-velky-meder\/#primaryimage\",\"url\":\"https:\/\/www.hotelaqua.sk\/wp-content\/uploads\/2018\/09\/MG_1277.jpg\",\"contentUrl\":\"https:\/\/www.hotelaqua.sk\/wp-content\/uploads\/2018\/09\/MG_1277.jpg\",\"width\":2600,\"height\":1733,\"caption\":\"de lux apartm\u00e1n s v\u00edrivkou a saunou\"},{\"@type\":\"BreadcrumbList\",\"@id\":\"https:\/\/www.hotelaqua.sk\/en\/accommodation-velky-meder\/#breadcrumb\",\"itemListElement\":[{\"@type\":\"ListItem\",\"position\":1,\"name\":\"Domovsk\u00e1 str\u00e1nka\",\"item\":\"https:\/\/www.hotelaqua.sk\/cs\/\"},{\"@type\":\"ListItem\",\"position\":2,\"name\":\"Accommodation, Pricelist\"}]},{\"@type\":\"WebSite\",\"@id\":\"https:\/\/www.hotelaqua.sk\/sk\/#website\",\"url\":\"https:\/\/www.hotelaqua.sk\/sk\/\",\"name\":\"HOTEL AQUA VARGA ***\",\"description\":\"Hotel v bl\u00edzkosti term\u00e1lneho k\u00fapaliska vo Ve\u013ekom Mederi\",\"potentialAction\":[{\"@type\":\"SearchAction\",\"target\":{\"@type\":\"EntryPoint\",\"urlTemplate\":\"https:\/\/www.hotelaqua.sk\/sk\/?s={search_term_string}\"},\"query-input\":{\"@type\":\"PropertyValueSpecification\",\"valueRequired\":true,\"valueName\":\"search_term_string\"}}],\"inLanguage\":\"cs-CZ\"}]}<\/script>\n<!-- \/ Yoast SEO plugin. -->","yoast_head_json":{"title":"Accommodation, Pricelist - HOTEL AQUA VARGA ***","robots":{"index":"index","follow":"follow","max-snippet":"max-snippet:-1","max-image-preview":"max-image-preview:large","max-video-preview":"max-video-preview:-1"},"canonical":"https:\/\/www.hotelaqua.sk\/en\/accommodation-velky-meder\/","og_locale":"cs_CZ","og_type":"article","og_title":"Accommodation, Pricelist - HOTEL AQUA VARGA ***","og_description":"The New Hotel Aqua &#8220;Thermal Varga&#8221; Enjoy accommodation right next to the spa. You have shared reception with Hotel Thermal Varga *** Velky Meder Slovakia One-bedroom deluxe suite with a private sauna and jacuzzi for two persons with extra bed Double room with one extra bed option Double room with double bed or twin beds [&hellip;]","og_url":"https:\/\/www.hotelaqua.sk\/en\/accommodation-velky-meder\/","og_site_name":"HOTEL AQUA VARGA ***","article_modified_time":"2025-12-03T09:45:31+00:00","og_image":[{"width":1024,"height":683,"url":"https:\/\/www.hotelaqua.sk\/wp-content\/uploads\/2018\/09\/MG_1277-1024x683.jpg","type":"image\/jpeg"}],"twitter_misc":{"Odhadovan\u00e1 doba \u010dten\u00ed":"3 minutes"},"schema":{"@context":"https:\/\/schema.org","@graph":[{"@type":"WebPage","@id":"https:\/\/www.hotelaqua.sk\/en\/accommodation-velky-meder\/","url":"https:\/\/www.hotelaqua.sk\/en\/accommodation-velky-meder\/","name":"Accommodation, Pricelist - HOTEL AQUA VARGA ***","isPartOf":{"@id":"https:\/\/www.hotelaqua.sk\/sk\/#website"},"primaryImageOfPage":{"@id":"https:\/\/www.hotelaqua.sk\/en\/accommodation-velky-meder\/#primaryimage"},"image":{"@id":"https:\/\/www.hotelaqua.sk\/en\/accommodation-velky-meder\/#primaryimage"},"thumbnailUrl":"https:\/\/www.hotelaqua.sk\/wp-content\/uploads\/2018\/09\/MG_1277.jpg","datePublished":"2015-11-24T15:02:35+00:00","dateModified":"2025-12-03T09:45:31+00:00","breadcrumb":{"@id":"https:\/\/www.hotelaqua.sk\/en\/accommodation-velky-meder\/#breadcrumb"},"inLanguage":"cs-CZ","potentialAction":[{"@type":"ReadAction","target":["https:\/\/www.hotelaqua.sk\/en\/accommodation-velky-meder\/"]}]},{"@type":"ImageObject","inLanguage":"cs-CZ","@id":"https:\/\/www.hotelaqua.sk\/en\/accommodation-velky-meder\/#primaryimage","url":"https:\/\/www.hotelaqua.sk\/wp-content\/uploads\/2018\/09\/MG_1277.jpg","contentUrl":"https:\/\/www.hotelaqua.sk\/wp-content\/uploads\/2018\/09\/MG_1277.jpg","width":2600,"height":1733,"caption":"de lux apartm\u00e1n s v\u00edrivkou a saunou"},{"@type":"BreadcrumbList","@id":"https:\/\/www.hotelaqua.sk\/en\/accommodation-velky-meder\/#breadcrumb","itemListElement":[{"@type":"ListItem","position":1,"name":"Domovsk\u00e1 str\u00e1nka","item":"https:\/\/www.hotelaqua.sk\/cs\/"},{"@type":"ListItem","position":2,"name":"Accommodation, Pricelist"}]},{"@type":"WebSite","@id":"https:\/\/www.hotelaqua.sk\/sk\/#website","url":"https:\/\/www.hotelaqua.sk\/sk\/","name":"HOTEL AQUA VARGA ***","description":"Hotel v bl\u00edzkosti term\u00e1lneho k\u00fapaliska vo Ve\u013ekom Mederi","potentialAction":[{"@type":"SearchAction","target":{"@type":"EntryPoint","urlTemplate":"https:\/\/www.hotelaqua.sk\/sk\/?s={search_term_string}"},"query-input":{"@type":"PropertyValueSpecification","valueRequired":true,"valueName":"search_term_string"}}],"inLanguage":"cs-CZ"}]}},"_links":{"self":[{"href":"https:\/\/www.hotelaqua.sk\/cs\/wp-json\/wp\/v2\/pages\/67","targetHints":{"allow":["GET"]}}],"collection":[{"href":"https:\/\/www.hotelaqua.sk\/cs\/wp-json\/wp\/v2\/pages"}],"about":[{"href":"https:\/\/www.hotelaqua.sk\/cs\/wp-json\/wp\/v2\/types\/page"}],"author":[{"embeddable":true,"href":"https:\/\/www.hotelaqua.sk\/cs\/wp-json\/wp\/v2\/users\/2"}],"replies":[{"embeddable":true,"href":"https:\/\/www.hotelaqua.sk\/cs\/wp-json\/wp\/v2\/comments?post=67"}],"version-history":[{"count":1,"href":"https:\/\/www.hotelaqua.sk\/cs\/wp-json\/wp\/v2\/pages\/67\/revisions"}],"predecessor-version":[{"id":606,"href":"https:\/\/www.hotelaqua.sk\/cs\/wp-json\/wp\/v2\/pages\/67\/revisions\/606"}],"wp:featuredmedia":[{"embeddable":true,"href":"https:\/\/www.hotelaqua.sk\/cs\/wp-json\/wp\/v2\/media\/1660"}],"wp:attachment":[{"href":"https:\/\/www.hotelaqua.sk\/cs\/wp-json\/wp\/v2\/media?parent=67"}],"curies":[{"name":"wp","href":"https:\/\/api.w.org\/{rel}","templated":true}]}}