{"id":290,"date":"2018-12-18T17:22:25","date_gmt":"2018-12-18T16:22:25","guid":{"rendered":"http:\/\/hotelaqua.htsys.sk\/?page_id=290"},"modified":"2025-06-14T10:01:26","modified_gmt":"2025-06-14T08:01:26","slug":"vip-apartman","status":"publish","type":"page","link":"https:\/\/www.hotelaqua.sk\/sk\/ubytovanie-velky-meder\/vip-apartman\/","title":{"rendered":"VIP Apartm\u00e1n"},"content":{"rendered":"<h1>Hotel Aqua ***<\/h1>\n<h3>Ubytovanie pri are\u00e1li term\u00e1lneho k\u00fapaliska Ve\u013ek\u00fd Meder<\/h3>\n<h4>VIP Delux Apartm\u00e1n<\/h4>\n<p><i class=\"fa fa-male fa-2x\" aria-hidden=\"true\"><\/i><i class=\"fa fa-male fa-2x\" aria-hidden=\"true\"><\/i><i class=\"fa fa-male fa-lg\" aria-hidden=\"true\"><\/i>\u00a0<strong>Apartm\u00e1n 2+1<\/strong><br \/>\n<strong>VIP Delux Jednoizbov\u00fd Apartm\u00e1n s priv\u00e1tnou saunou a v\u00edrivkou<\/strong> pre dve osoby s mo\u017enos\u0165ou pr\u00edstelky<\/p>\n<p>Chcete prekvapi\u0165 milovan\u00fa osobu nie\u010d\u00edm v\u00fdnimo\u010dn\u00fdm? Rezervujte si VIP Delux jednoizbov\u00fd Apartm\u00e1n pre 2 osoby s mo\u017enos\u0165ou pr\u00edstelky a doprajte si dokonal\u00fd romantick\u00fd pobyt, nik\u00fdm a ni\u010d\u00edm neru\u0161en\u00e9 pohodlie a rozmazn\u00e1vaj\u00faci luxus.<\/p>\n<p>VIP Delux Apartm\u00e1n je ve\u013ekoryso rie\u0161en\u00fd priestor s v\u00fdnimo\u010dn\u00fdm dizajn\u00e9rskym n\u00e1bytkom a skvelou atmosf\u00e9rou, vlastnou terasou s v\u00fdh\u013eadom na lesopark. K\u00fape\u013e\u0148u s priestrann\u00fdm um\u00fdvadlom dop\u013a\u0148a ve\u013ek\u00e1 v\u00edriv\u00e1 va\u0148a. Samozrejmos\u0165ou je TV so \u0161iroko\u00fahlou obrazovkou, trezor, su\u0161i\u010d na vlasy, chladni\u010dka, \u017eupan, k\u00e1vovar.<\/p>\n<a href=\"\/pobyty-velky-meder-wellness\/\" class=\"btn btn-primary\">Pobyty<\/a>\n<div class=\"rgg-container\" data-rgg-id=\"1\">    <div class=\"rgg-imagegrid captions-title captions-effect-none \" data-rgg-id=\"1\">\n                    <a href=\"https:\/\/www.hotelaqua.sk\/wp-content\/uploads\/2018\/09\/MG_1269-1024x687.jpg\" data-rel=\"rgg\" rel=\"rgg\" title=\"\" class=\"rgg-disabled size-medium rgg-img\" data-src=\"https:\/\/www.hotelaqua.sk\/wp-content\/uploads\/2018\/09\/MG_1269-300x201.jpg\" data-ratio=\"1.49253731343\" data-height=\"201\" data-width=\"300\" aria-label=\"VIP apartm\u00e1n s v\u00edrivkou a saunou\">\n                            <\/a>\n                    <a href=\"https:\/\/www.hotelaqua.sk\/wp-content\/uploads\/2018\/09\/MG_1264-1024x683.jpg\" data-rel=\"rgg\" rel=\"rgg\" title=\"VIP apartm&aacute;n s v&iacute;rivkou a saunou\" class=\"rgg-disabled size-medium rgg-img\" data-src=\"https:\/\/www.hotelaqua.sk\/wp-content\/uploads\/2018\/09\/MG_1264-300x200.jpg\" data-ratio=\"1.5\" data-height=\"200\" data-width=\"300\" aria-label=\"VIP apartm\u00e1n s v\u00edrivkou a saunou\">\n                            <\/a>\n                    <a href=\"https:\/\/www.hotelaqua.sk\/wp-content\/uploads\/2018\/09\/MG_1277-1024x683.jpg\" data-rel=\"rgg\" rel=\"rgg\" title=\"de lux apartm&aacute;n s v&iacute;rivkou a saunou\" class=\"rgg-disabled size-medium rgg-img\" data-src=\"https:\/\/www.hotelaqua.sk\/wp-content\/uploads\/2018\/09\/MG_1277-300x200.jpg\" data-ratio=\"1.5\" data-height=\"200\" data-width=\"300\" aria-label=\"VIP apartm\u00e1n s v\u00edrivkou a saunou\">\n                            <\/a>\n                    <a href=\"https:\/\/www.hotelaqua.sk\/wp-content\/uploads\/2018\/09\/MG_1272-1024x683.jpg\" data-rel=\"rgg\" rel=\"rgg\" title=\"\" class=\"rgg-disabled size-medium rgg-img\" data-src=\"https:\/\/www.hotelaqua.sk\/wp-content\/uploads\/2018\/09\/MG_1272-300x200.jpg\" data-ratio=\"1.5\" data-height=\"200\" data-width=\"300\" aria-label=\"VIP apartm\u00e1n s v\u00edrivkou a saunou\">\n                            <\/a>\n                    <a href=\"https:\/\/www.hotelaqua.sk\/wp-content\/uploads\/2018\/09\/MG_1261-1024x683.jpg\" data-rel=\"rgg\" rel=\"rgg\" title=\"de lux apartm&aacute;n s v&iacute;rivkou a saunou\" class=\"rgg-disabled size-medium rgg-img\" data-src=\"https:\/\/www.hotelaqua.sk\/wp-content\/uploads\/2018\/09\/MG_1261-300x200.jpg\" data-ratio=\"1.5\" data-height=\"200\" data-width=\"300\" aria-label=\"VIP apartm\u00e1n s v\u00edrivkou a saunou\">\n                            <\/a>\n                    <a href=\"https:\/\/www.hotelaqua.sk\/wp-content\/uploads\/2018\/09\/MG_1346-1024x683.jpg\" data-rel=\"rgg\" rel=\"rgg\" title=\"Sauna Hotel Aqua***\" class=\"rgg-disabled size-medium rgg-img\" data-src=\"https:\/\/www.hotelaqua.sk\/wp-content\/uploads\/2018\/09\/MG_1346-300x200.jpg\" data-ratio=\"1.5\" data-height=\"200\" data-width=\"300\" aria-label=\"VIP apartm\u00e1n s v\u00edrivkou a saunou\">\n                            <\/a>\n            <\/div>\n<\/div>\n<p>Cena dvojl\u00f4\u017ekovej izby, jednoizbov\u00fd apartm\u00e1n, dvojizbov\u00fd apartm\u00e1n zah\u0155\u0148a:<\/p>\n<ul>\n<li>Free WiFi<\/li>\n<li>Ra\u0148ajky \/ mo\u017enos\u0165 doobjednania polpenzie \/ \u2013 \u0161v\u00e9dske stoly<\/li>\n<li>Parkovanie \/ parkovisko pri hotely<\/li>\n<li>Su\u0161i\u010d na vlasy<\/li>\n<li>Trezor na izbe<\/li>\n<li>Chladni\u010dka<\/li>\n<li>Na po\u017eiadanie zapo\u017ei\u010diavame bicykle v cene izby<\/li>\n<\/ul>\n","protected":false},"excerpt":{"rendered":"<p>Hotel Aqua *** Ubytovanie pri are\u00e1li term\u00e1lneho k\u00fapaliska Ve\u013ek\u00fd Meder VIP Delux Apartm\u00e1n \u00a0Apartm\u00e1n 2+1 VIP Delux Jednoizbov\u00fd Apartm\u00e1n s priv\u00e1tnou saunou a v\u00edrivkou pre dve osoby s mo\u017enos\u0165ou pr\u00edstelky Chcete prekvapi\u0165 milovan\u00fa osobu nie\u010d\u00edm v\u00fdnimo\u010dn\u00fdm? Rezervujte si VIP Delux jednoizbov\u00fd Apartm\u00e1n pre 2 osoby s mo\u017enos\u0165ou pr\u00edstelky a doprajte si dokonal\u00fd romantick\u00fd pobyt, nik\u00fdm [&hellip;]<\/p>\n","protected":false},"author":2,"featured_media":1659,"parent":4,"menu_order":0,"comment_status":"closed","ping_status":"closed","template":"","meta":{"footnotes":""},"class_list":["post-290","page","type-page","status-publish","has-post-thumbnail","hentry"],"yoast_head":"<!-- This site is optimized with the Yoast SEO plugin v25.3.1 - https:\/\/yoast.com\/wordpress\/plugins\/seo\/ -->\n<title>HOTEL AQUA VARGA *** - Cenn\u00edk mas\u00e1\u017e\u00ed, Mas\u00e1\u017ee Ve\u013ek\u00fd Meder<\/title>\n<meta name=\"robots\" content=\"index, follow, max-snippet:-1, max-image-preview:large, max-video-preview:-1\" \/>\n<link rel=\"canonical\" href=\"https:\/\/www.hotelaqua.sk\/ubytovanie-velky-meder\/vip-apartman\/\" \/>\n<meta property=\"og:locale\" content=\"cs_CZ\" \/>\n<meta property=\"og:type\" content=\"article\" \/>\n<meta property=\"og:title\" content=\"HOTEL AQUA VARGA *** - Cenn\u00edk mas\u00e1\u017e\u00ed, Mas\u00e1\u017ee Ve\u013ek\u00fd Meder\" \/>\n<meta property=\"og:description\" content=\"Hotel Aqua *** Ubytovanie pri are\u00e1li term\u00e1lneho k\u00fapaliska Ve\u013ek\u00fd Meder VIP Delux Apartm\u00e1n \u00a0Apartm\u00e1n 2+1 VIP Delux Jednoizbov\u00fd Apartm\u00e1n s priv\u00e1tnou saunou a v\u00edrivkou pre dve osoby s mo\u017enos\u0165ou pr\u00edstelky Chcete prekvapi\u0165 milovan\u00fa osobu nie\u010d\u00edm v\u00fdnimo\u010dn\u00fdm? Rezervujte si VIP Delux jednoizbov\u00fd Apartm\u00e1n pre 2 osoby s mo\u017enos\u0165ou pr\u00edstelky a doprajte si dokonal\u00fd romantick\u00fd pobyt, nik\u00fdm [&hellip;]\" \/>\n<meta property=\"og:url\" content=\"https:\/\/www.hotelaqua.sk\/ubytovanie-velky-meder\/vip-apartman\/\" \/>\n<meta property=\"og:site_name\" content=\"HOTEL AQUA VARGA ***\" \/>\n<meta property=\"article:modified_time\" content=\"2025-06-14T08:01:26+00:00\" \/>\n<meta property=\"og:image\" content=\"https:\/\/www.hotelaqua.sk\/wp-content\/uploads\/2018\/09\/MG_1272-1024x683.jpg\" \/>\n\t<meta property=\"og:image:width\" content=\"1024\" \/>\n\t<meta property=\"og:image:height\" content=\"683\" \/>\n\t<meta property=\"og:image:type\" content=\"image\/jpeg\" \/>\n<meta name=\"twitter:label1\" content=\"Odhadovan\u00e1 doba \u010dten\u00ed\" \/>\n\t<meta name=\"twitter:data1\" content=\"1 minute\" \/>\n<script type=\"application\/ld+json\" class=\"yoast-schema-graph\">{\"@context\":\"https:\/\/schema.org\",\"@graph\":[{\"@type\":\"WebPage\",\"@id\":\"https:\/\/www.hotelaqua.sk\/ubytovanie-velky-meder\/vip-apartman\/\",\"url\":\"https:\/\/www.hotelaqua.sk\/ubytovanie-velky-meder\/vip-apartman\/\",\"name\":\"HOTEL AQUA VARGA *** - Cenn\u00edk mas\u00e1\u017e\u00ed, Mas\u00e1\u017ee Ve\u013ek\u00fd Meder\",\"isPartOf\":{\"@id\":\"https:\/\/www.hotelaqua.sk\/sk\/#website\"},\"primaryImageOfPage\":{\"@id\":\"https:\/\/www.hotelaqua.sk\/ubytovanie-velky-meder\/vip-apartman\/#primaryimage\"},\"image\":{\"@id\":\"https:\/\/www.hotelaqua.sk\/ubytovanie-velky-meder\/vip-apartman\/#primaryimage\"},\"thumbnailUrl\":\"https:\/\/www.hotelaqua.sk\/wp-content\/uploads\/2018\/09\/MG_1272.jpg\",\"datePublished\":\"2018-12-18T16:22:25+00:00\",\"dateModified\":\"2025-06-14T08:01:26+00:00\",\"breadcrumb\":{\"@id\":\"https:\/\/www.hotelaqua.sk\/ubytovanie-velky-meder\/vip-apartman\/#breadcrumb\"},\"inLanguage\":\"cs-CZ\",\"potentialAction\":[{\"@type\":\"ReadAction\",\"target\":[\"https:\/\/www.hotelaqua.sk\/ubytovanie-velky-meder\/vip-apartman\/\"]}]},{\"@type\":\"ImageObject\",\"inLanguage\":\"cs-CZ\",\"@id\":\"https:\/\/www.hotelaqua.sk\/ubytovanie-velky-meder\/vip-apartman\/#primaryimage\",\"url\":\"https:\/\/www.hotelaqua.sk\/wp-content\/uploads\/2018\/09\/MG_1272.jpg\",\"contentUrl\":\"https:\/\/www.hotelaqua.sk\/wp-content\/uploads\/2018\/09\/MG_1272.jpg\",\"width\":2600,\"height\":1733,\"caption\":\"VIP apartm\u00e1n s v\u00edrivkou a saunou\"},{\"@type\":\"BreadcrumbList\",\"@id\":\"https:\/\/www.hotelaqua.sk\/ubytovanie-velky-meder\/vip-apartman\/#breadcrumb\",\"itemListElement\":[{\"@type\":\"ListItem\",\"position\":1,\"name\":\"Domovsk\u00e1 str\u00e1nka\",\"item\":\"https:\/\/www.hotelaqua.sk\/cs\/\"},{\"@type\":\"ListItem\",\"position\":2,\"name\":\"Ubytovanie Ve\u013ek\u00fd Meder\",\"item\":\"https:\/\/www.hotelaqua.sk\/sk\/ubytovanie-velky-meder\/\"},{\"@type\":\"ListItem\",\"position\":3,\"name\":\"VIP Apartm\u00e1n\"}]},{\"@type\":\"WebSite\",\"@id\":\"https:\/\/www.hotelaqua.sk\/sk\/#website\",\"url\":\"https:\/\/www.hotelaqua.sk\/sk\/\",\"name\":\"HOTEL AQUA VARGA ***\",\"description\":\"Hotel v bl\u00edzkosti term\u00e1lneho k\u00fapaliska vo Ve\u013ekom Mederi\",\"potentialAction\":[{\"@type\":\"SearchAction\",\"target\":{\"@type\":\"EntryPoint\",\"urlTemplate\":\"https:\/\/www.hotelaqua.sk\/sk\/?s={search_term_string}\"},\"query-input\":{\"@type\":\"PropertyValueSpecification\",\"valueRequired\":true,\"valueName\":\"search_term_string\"}}],\"inLanguage\":\"cs-CZ\"}]}<\/script>\n<!-- \/ Yoast SEO plugin. -->","yoast_head_json":{"title":"HOTEL AQUA VARGA *** - Cenn\u00edk mas\u00e1\u017e\u00ed, Mas\u00e1\u017ee Ve\u013ek\u00fd Meder","robots":{"index":"index","follow":"follow","max-snippet":"max-snippet:-1","max-image-preview":"max-image-preview:large","max-video-preview":"max-video-preview:-1"},"canonical":"https:\/\/www.hotelaqua.sk\/ubytovanie-velky-meder\/vip-apartman\/","og_locale":"cs_CZ","og_type":"article","og_title":"HOTEL AQUA VARGA *** - Cenn\u00edk mas\u00e1\u017e\u00ed, Mas\u00e1\u017ee Ve\u013ek\u00fd Meder","og_description":"Hotel Aqua *** Ubytovanie pri are\u00e1li term\u00e1lneho k\u00fapaliska Ve\u013ek\u00fd Meder VIP Delux Apartm\u00e1n \u00a0Apartm\u00e1n 2+1 VIP Delux Jednoizbov\u00fd Apartm\u00e1n s priv\u00e1tnou saunou a v\u00edrivkou pre dve osoby s mo\u017enos\u0165ou pr\u00edstelky Chcete prekvapi\u0165 milovan\u00fa osobu nie\u010d\u00edm v\u00fdnimo\u010dn\u00fdm? Rezervujte si VIP Delux jednoizbov\u00fd Apartm\u00e1n pre 2 osoby s mo\u017enos\u0165ou pr\u00edstelky a doprajte si dokonal\u00fd romantick\u00fd pobyt, nik\u00fdm [&hellip;]","og_url":"https:\/\/www.hotelaqua.sk\/ubytovanie-velky-meder\/vip-apartman\/","og_site_name":"HOTEL AQUA VARGA ***","article_modified_time":"2025-06-14T08:01:26+00:00","og_image":[{"width":1024,"height":683,"url":"https:\/\/www.hotelaqua.sk\/wp-content\/uploads\/2018\/09\/MG_1272-1024x683.jpg","type":"image\/jpeg"}],"twitter_misc":{"Odhadovan\u00e1 doba \u010dten\u00ed":"1 minute"},"schema":{"@context":"https:\/\/schema.org","@graph":[{"@type":"WebPage","@id":"https:\/\/www.hotelaqua.sk\/ubytovanie-velky-meder\/vip-apartman\/","url":"https:\/\/www.hotelaqua.sk\/ubytovanie-velky-meder\/vip-apartman\/","name":"HOTEL AQUA VARGA *** - Cenn\u00edk mas\u00e1\u017e\u00ed, Mas\u00e1\u017ee Ve\u013ek\u00fd Meder","isPartOf":{"@id":"https:\/\/www.hotelaqua.sk\/sk\/#website"},"primaryImageOfPage":{"@id":"https:\/\/www.hotelaqua.sk\/ubytovanie-velky-meder\/vip-apartman\/#primaryimage"},"image":{"@id":"https:\/\/www.hotelaqua.sk\/ubytovanie-velky-meder\/vip-apartman\/#primaryimage"},"thumbnailUrl":"https:\/\/www.hotelaqua.sk\/wp-content\/uploads\/2018\/09\/MG_1272.jpg","datePublished":"2018-12-18T16:22:25+00:00","dateModified":"2025-06-14T08:01:26+00:00","breadcrumb":{"@id":"https:\/\/www.hotelaqua.sk\/ubytovanie-velky-meder\/vip-apartman\/#breadcrumb"},"inLanguage":"cs-CZ","potentialAction":[{"@type":"ReadAction","target":["https:\/\/www.hotelaqua.sk\/ubytovanie-velky-meder\/vip-apartman\/"]}]},{"@type":"ImageObject","inLanguage":"cs-CZ","@id":"https:\/\/www.hotelaqua.sk\/ubytovanie-velky-meder\/vip-apartman\/#primaryimage","url":"https:\/\/www.hotelaqua.sk\/wp-content\/uploads\/2018\/09\/MG_1272.jpg","contentUrl":"https:\/\/www.hotelaqua.sk\/wp-content\/uploads\/2018\/09\/MG_1272.jpg","width":2600,"height":1733,"caption":"VIP apartm\u00e1n s v\u00edrivkou a saunou"},{"@type":"BreadcrumbList","@id":"https:\/\/www.hotelaqua.sk\/ubytovanie-velky-meder\/vip-apartman\/#breadcrumb","itemListElement":[{"@type":"ListItem","position":1,"name":"Domovsk\u00e1 str\u00e1nka","item":"https:\/\/www.hotelaqua.sk\/cs\/"},{"@type":"ListItem","position":2,"name":"Ubytovanie Ve\u013ek\u00fd Meder","item":"https:\/\/www.hotelaqua.sk\/sk\/ubytovanie-velky-meder\/"},{"@type":"ListItem","position":3,"name":"VIP Apartm\u00e1n"}]},{"@type":"WebSite","@id":"https:\/\/www.hotelaqua.sk\/sk\/#website","url":"https:\/\/www.hotelaqua.sk\/sk\/","name":"HOTEL AQUA VARGA ***","description":"Hotel v bl\u00edzkosti term\u00e1lneho k\u00fapaliska vo Ve\u013ekom Mederi","potentialAction":[{"@type":"SearchAction","target":{"@type":"EntryPoint","urlTemplate":"https:\/\/www.hotelaqua.sk\/sk\/?s={search_term_string}"},"query-input":{"@type":"PropertyValueSpecification","valueRequired":true,"valueName":"search_term_string"}}],"inLanguage":"cs-CZ"}]}},"_links":{"self":[{"href":"https:\/\/www.hotelaqua.sk\/cs\/wp-json\/wp\/v2\/pages\/290","targetHints":{"allow":["GET"]}}],"collection":[{"href":"https:\/\/www.hotelaqua.sk\/cs\/wp-json\/wp\/v2\/pages"}],"about":[{"href":"https:\/\/www.hotelaqua.sk\/cs\/wp-json\/wp\/v2\/types\/page"}],"author":[{"embeddable":true,"href":"https:\/\/www.hotelaqua.sk\/cs\/wp-json\/wp\/v2\/users\/2"}],"replies":[{"embeddable":true,"href":"https:\/\/www.hotelaqua.sk\/cs\/wp-json\/wp\/v2\/comments?post=290"}],"version-history":[{"count":2,"href":"https:\/\/www.hotelaqua.sk\/cs\/wp-json\/wp\/v2\/pages\/290\/revisions"}],"predecessor-version":[{"id":555,"href":"https:\/\/www.hotelaqua.sk\/cs\/wp-json\/wp\/v2\/pages\/290\/revisions\/555"}],"up":[{"embeddable":true,"href":"https:\/\/www.hotelaqua.sk\/cs\/wp-json\/wp\/v2\/pages\/4"}],"wp:featuredmedia":[{"embeddable":true,"href":"https:\/\/www.hotelaqua.sk\/cs\/wp-json\/wp\/v2\/media\/1659"}],"wp:attachment":[{"href":"https:\/\/www.hotelaqua.sk\/cs\/wp-json\/wp\/v2\/media?parent=290"}],"curies":[{"name":"wp","href":"https:\/\/api.w.org\/{rel}","templated":true}]}}