{"id":2337,"date":"2022-01-17T09:19:09","date_gmt":"2022-01-17T08:19:09","guid":{"rendered":"https:\/\/www.hotelaqua.sk\/?page_id=2337"},"modified":"2025-06-14T11:18:56","modified_gmt":"2025-06-14T09:18:56","slug":"cenik-ubytovani","status":"publish","type":"page","link":"https:\/\/www.hotelaqua.sk\/cs\/cenik-ubytovani-velky-meder-lazne\/cenik-ubytovani\/","title":{"rendered":"Cen\u00edk ubytov\u00e1n\u00ed"},"content":{"rendered":"<h4><span style=\"font-size: 18pt;\">Cenn\u00edk ubytovan\u00ed<\/span><\/h4>\n<div class=\"rgg-container\" data-rgg-id=\"1\">    <div class=\"rgg-imagegrid captions-title captions-effect-none \" data-rgg-id=\"1\">\n                    <a href=\"https:\/\/www.hotelaqua.sk\/wp-content\/uploads\/2018\/09\/MG_0066-1-1024x683.jpg\" data-rel=\"rgg\" rel=\"rgg\" title=\"sauna v de lux apartm&aacute;ne\" class=\"rgg-disabled size-medium rgg-img\" data-src=\"https:\/\/www.hotelaqua.sk\/wp-content\/uploads\/2018\/09\/MG_0066-1-300x200.jpg\" data-ratio=\"1.5\" data-height=\"200\" data-width=\"300\" aria-label=\"\">\n                            <\/a>\n                    <a href=\"https:\/\/www.hotelaqua.sk\/wp-content\/uploads\/2018\/09\/MG_1314-1024x657.jpg\" data-rel=\"rgg\" rel=\"rgg\" title=\"Ubytovanie Hotel Aqua*** Ve\u013ek&yacute; Meder\" class=\"rgg-disabled size-medium rgg-img\" data-src=\"https:\/\/www.hotelaqua.sk\/wp-content\/uploads\/2018\/09\/MG_1314-300x192.jpg\" data-ratio=\"1.5625\" data-height=\"192\" data-width=\"300\" aria-label=\"\">\n                            <\/a>\n                    <a href=\"https:\/\/www.hotelaqua.sk\/wp-content\/uploads\/2017\/03\/pobyt-zimny-relax-1024x683.jpg\" data-rel=\"rgg\" rel=\"rgg\" title=\"Wellness Term&aacute;lne k&uacute;palisko Ve\u013ek&yacute; Meder\" class=\"rgg-disabled size-medium rgg-img\" data-src=\"https:\/\/www.hotelaqua.sk\/wp-content\/uploads\/2017\/03\/pobyt-zimny-relax-e1489574446959-300x150.jpg\" data-ratio=\"2\" data-height=\"150\" data-width=\"300\" aria-label=\"Wellness Term\u00e1lne k\u00fapalisko Ve\u013ek\u00fd Meder\">\n                            <\/a>\n            <\/div>\n<\/div>\n<h2>Rezervujte si sv\u016fj pobyt:<\/h2>\n<ul>\n<li><strong> emailem na <a href=\"mailto:info@hotelthermal.sk\">info@hotelthermal.sk<\/a>,<\/strong><\/li>\n<li><strong>telefonicky na +421315530336, +421917460625<\/strong><\/li>\n<li><strong>nebo online prost\u0159ednictv\u00edm rezerva\u010dn\u00edho formul\u00e1\u0159e<\/strong><\/li>\n<\/ul>\n<booking-panel bookinghost=\"https:\/\/booking.hotelaqua.sk\" locale=\"cs\"><\/booking-panel>\n<h3>Spole\u010dn\u00e1 recepce s Hotelem Thermal Varga ***<\/h3>\n<p>Pro n\u00e1v\u0161t\u011bvn\u00edky term\u00e1ln\u00ed koupali\u0161t\u011b Ve\u013ek\u00fd Meder nab\u00edz\u00ed mo\u017enosti k ubytov\u00e1n\u00ed ve Velk\u00e9m Mederu. Vedle term\u00e1ln\u00edho koupali\u0161t\u011b Velk\u00fd Meder Thermal Corvinus &#8211; Mo\u0159e z\u00e1\u017eitk\u016f je modern\u00ed Hotel AQUA ***, pat\u0159\u00edc\u00ed pod Hotel Thermal Varga ***. Host\u00e9 tohoto hotelu budou jen p\u00e1r krok\u016f od term\u00e1ln\u00ed vody, tedy jen minutka je bude d\u011blit od term\u00e1ln\u00edch baz\u00e9n\u016f a spojit\u00fdch slu\u017eeb na\u0161eho koupali\u0161t\u011b. Hotel AQUA je nav\u00edc obklopen Velkomedersk\u00fdm lesoparkem, kter\u00fd klient\u016fm hotelu poskytuje nejen pocit bl\u00edzkosti k p\u0159\u00edrod\u011b, ale v letn\u00ed sez\u00f3n\u011b tak\u00e9 p\u0159\u00edjemn\u00fd st\u00edn.<\/p>\n<h2><strong>\u201cHost\u00e9 tohoto hotelu maj\u00ed Velk\u00fd Meder ubytov\u00e1n\u00ed jen p\u00e1r krok\u016f od term\u00e1ln\u00ed vody.\u201d<\/strong><\/h2>\n<p>Bezpe\u010dnosti v\u011bnuje hotel velkou pozornost, toti\u017e nab\u00edz\u00ed sv\u00fdm host\u016fm parkov\u00e1n\u00ed v prostoru monitorovan\u00fdm kamerov\u00fdm syst\u00e9mem. Pokoje v Hotelu AQUA jsou komfortn\u011b vybaveny, v ka\u017ed\u00e9 m\u00edstnosti se nach\u00e1z\u00ed televizor (SAT TV), telefon, mo\u017enost FREE wifi p\u0159ipojen\u00ed na internet, bezbari\u00e9rov\u00fd sprchov\u00fd kout a toaleta, chladni\u010dka, rychlovarn\u00e1 konvice a vysou\u0161e\u010d vlas\u016f. Hotel nab\u00edz\u00ed ubytov\u00e1n\u00ed v jedno, a dvoul\u016f\u017ekov\u00fdch pokoj\u00edch s p\u0159ist\u00fdlkou. Krom\u011b toho pro klienty hotelu bude k dispozici tak\u00e9 VIP apartm\u00e1n s jacuzzi, se saunou as balkonem.<\/p>\n<p><strong>\u201cBezbari\u00e9rov\u00fd sprchov\u00fd kout a toaleta.\u201d<\/strong><\/p>\n<p>I v letn\u00edm obdob\u00ed, kdy okol\u00ed je pln\u00e9 turist\u016f, pro hotelov\u00e9 hosty je zaru\u010dena klidn\u00fd odpo\u010dinek. Nav\u00edc mno\u017estv\u00ed slu\u017eeb m\u016f\u017eete naj\u00edt iv bl\u00edzkosti: nach\u00e1z\u00ed se zde tak\u00e9 kav\u00e1rna, restaurace, hospoda, l\u00e9k\u00e1rna, salon kr\u00e1sy, mas\u00e1\u017en\u00ed salon i soln\u00fd d\u016fl.<\/p>\n<h2>\u201cMezi nejnav\u0161t\u011bvovan\u011bj\u0161\u00ed celoro\u010dn\u00ed destinace pat\u0159\u00ed term\u00e1ln\u00ed koupali\u0161t\u011b Ve\u013ek\u00fd Meder THERMAL CORVINUS\u201d<\/h2>\n<p>Host\u00e9 p\u0159ij\u00ed\u017ed\u011bj\u00edc\u00ed autem se cestou do hotelu mohou orientovat podle venkovn\u00edch, ve m\u011bst\u011b um\u00edst\u011bn\u00fdch informa\u010dn\u00edch tabul\u00ed. Po pou\u017eit\u00ed zvonku u br\u00e1ny p\u0159ed centr\u00e1ln\u00edm parkovi\u0161t\u011bm V\u00e1m recep\u010dn\u00ed person\u00e1l pom\u016f\u017ee dostat se do hotelu. Ochotn\u011b V\u00e1s sezn\u00e1m\u00ed s informacemi souvisej\u00edc\u00edmi s ubytov\u00e1n\u00edm v hotelu.<\/p>\n<p><strong>\u201cV zimn\u00ed sez\u00f3n\u011b se napl\u0148uj\u00ed nejprve kapacity <a href=\"http:\/\/www.hotelthermal.sk\">Hotel Thermal Varga<\/a> ***, n\u00e1sledn\u011b se obsazuje Hotel AQUA ***.\u201d<\/strong><\/p>\n<div class=\"rgg-container\" data-rgg-id=\"2\">    <div class=\"rgg-imagegrid captions-title captions-effect-none \" data-rgg-id=\"2\">\n                    <a href=\"https:\/\/www.hotelaqua.sk\/wp-content\/uploads\/2015\/11\/20160908_142010-1024x576.jpg\" data-rel=\"rgg\" rel=\"rgg\" title=\"\" class=\"rgg-disabled size-medium rgg-img\" data-src=\"https:\/\/www.hotelaqua.sk\/wp-content\/uploads\/2015\/11\/20160908_142010-300x169.jpg\" data-ratio=\"1.77514792899\" data-height=\"169\" data-width=\"300\" aria-label=\"\">\n                            <\/a>\n                    <a href=\"https:\/\/www.hotelaqua.sk\/wp-content\/uploads\/2018\/09\/MG_1346-1024x683.jpg\" data-rel=\"rgg\" rel=\"rgg\" title=\"Sauna Hotel Aqua***\" class=\"rgg-disabled size-medium rgg-img\" data-src=\"https:\/\/www.hotelaqua.sk\/wp-content\/uploads\/2018\/09\/MG_1346-300x200.jpg\" data-ratio=\"1.5\" data-height=\"200\" data-width=\"300\" aria-label=\"VIP apartm\u00e1n s v\u00edrivkou a saunou\">\n                            <\/a>\n                    <a href=\"https:\/\/www.hotelaqua.sk\/wp-content\/uploads\/2018\/09\/MG_1269-1024x687.jpg\" data-rel=\"rgg\" rel=\"rgg\" title=\"\" class=\"rgg-disabled size-medium rgg-img\" data-src=\"https:\/\/www.hotelaqua.sk\/wp-content\/uploads\/2018\/09\/MG_1269-300x201.jpg\" data-ratio=\"1.49253731343\" data-height=\"201\" data-width=\"300\" aria-label=\"VIP apartm\u00e1n s v\u00edrivkou a saunou\">\n                            <\/a>\n                    <a href=\"https:\/\/www.hotelaqua.sk\/wp-content\/uploads\/2018\/09\/MG_1320-1024x683.jpg\" data-rel=\"rgg\" rel=\"rgg\" title=\"Ubytovanie Ve\u013ek&yacute; Meder\" class=\"rgg-disabled size-medium rgg-img\" data-src=\"https:\/\/www.hotelaqua.sk\/wp-content\/uploads\/2018\/09\/MG_1320-300x200.jpg\" data-ratio=\"1.5\" data-height=\"200\" data-width=\"300\" aria-label=\"\">\n                            <\/a>\n            <\/div>\n<\/div>\n<p>&nbsp;<\/p>\n","protected":false},"excerpt":{"rendered":"<p>Cenn\u00edk ubytovan\u00ed Rezervujte si sv\u016fj pobyt: emailem na info@hotelthermal.sk, telefonicky na +421315530336, +421917460625 nebo online prost\u0159ednictv\u00edm rezerva\u010dn\u00edho formul\u00e1\u0159e Spole\u010dn\u00e1 recepce s Hotelem Thermal Varga *** Pro n\u00e1v\u0161t\u011bvn\u00edky term\u00e1ln\u00ed koupali\u0161t\u011b Ve\u013ek\u00fd Meder nab\u00edz\u00ed mo\u017enosti k ubytov\u00e1n\u00ed ve Velk\u00e9m Mederu. Vedle term\u00e1ln\u00edho koupali\u0161t\u011b Velk\u00fd Meder Thermal Corvinus &#8211; Mo\u0159e z\u00e1\u017eitk\u016f je modern\u00ed Hotel AQUA ***, pat\u0159\u00edc\u00ed pod [&hellip;]<\/p>\n","protected":false},"author":2,"featured_media":2005,"parent":72,"menu_order":0,"comment_status":"closed","ping_status":"closed","template":"","meta":{"footnotes":""},"class_list":["post-2337","page","type-page","status-publish","has-post-thumbnail","hentry"],"yoast_head":"<!-- This site is optimized with the Yoast SEO plugin v25.3.1 - https:\/\/yoast.com\/wordpress\/plugins\/seo\/ -->\n<title>Cen\u00edk ubytov\u00e1n\u00ed - HOTEL AQUA VARGA ***<\/title>\n<meta name=\"robots\" content=\"index, follow, max-snippet:-1, max-image-preview:large, max-video-preview:-1\" \/>\n<link rel=\"canonical\" href=\"https:\/\/www.hotelaqua.sk\/cs\/cenik-ubytovani-velky-meder-lazne\/cenik-ubytovani\/\" \/>\n<meta property=\"og:locale\" content=\"cs_CZ\" \/>\n<meta property=\"og:type\" content=\"article\" \/>\n<meta property=\"og:title\" content=\"Cen\u00edk ubytov\u00e1n\u00ed - HOTEL AQUA VARGA ***\" \/>\n<meta property=\"og:description\" content=\"Cenn\u00edk ubytovan\u00ed Rezervujte si sv\u016fj pobyt: emailem na info@hotelthermal.sk, telefonicky na +421315530336, +421917460625 nebo online prost\u0159ednictv\u00edm rezerva\u010dn\u00edho formul\u00e1\u0159e Spole\u010dn\u00e1 recepce s Hotelem Thermal Varga *** Pro n\u00e1v\u0161t\u011bvn\u00edky term\u00e1ln\u00ed koupali\u0161t\u011b Ve\u013ek\u00fd Meder nab\u00edz\u00ed mo\u017enosti k ubytov\u00e1n\u00ed ve Velk\u00e9m Mederu. Vedle term\u00e1ln\u00edho koupali\u0161t\u011b Velk\u00fd Meder Thermal Corvinus &#8211; Mo\u0159e z\u00e1\u017eitk\u016f je modern\u00ed Hotel AQUA ***, pat\u0159\u00edc\u00ed pod [&hellip;]\" \/>\n<meta property=\"og:url\" content=\"https:\/\/www.hotelaqua.sk\/cs\/cenik-ubytovani-velky-meder-lazne\/cenik-ubytovani\/\" \/>\n<meta property=\"og:site_name\" content=\"HOTEL AQUA VARGA ***\" \/>\n<meta property=\"article:modified_time\" content=\"2025-06-14T09:18:56+00:00\" \/>\n<meta property=\"og:image\" content=\"https:\/\/www.hotelaqua.sk\/wp-content\/uploads\/2019\/05\/Hotel-Aqua-Velky-Meder-20160908_144456-1024x576.jpg\" \/>\n\t<meta property=\"og:image:width\" content=\"1024\" \/>\n\t<meta property=\"og:image:height\" content=\"576\" \/>\n\t<meta property=\"og:image:type\" content=\"image\/jpeg\" \/>\n<meta name=\"twitter:label1\" content=\"Odhadovan\u00e1 doba \u010dten\u00ed\" \/>\n\t<meta name=\"twitter:data1\" content=\"2 minutes\" \/>\n<script type=\"application\/ld+json\" class=\"yoast-schema-graph\">{\"@context\":\"https:\/\/schema.org\",\"@graph\":[{\"@type\":\"WebPage\",\"@id\":\"https:\/\/www.hotelaqua.sk\/cs\/cenik-ubytovani-velky-meder-lazne\/cenik-ubytovani\/\",\"url\":\"https:\/\/www.hotelaqua.sk\/cs\/cenik-ubytovani-velky-meder-lazne\/cenik-ubytovani\/\",\"name\":\"Cen\u00edk ubytov\u00e1n\u00ed - HOTEL AQUA VARGA ***\",\"isPartOf\":{\"@id\":\"https:\/\/www.hotelaqua.sk\/sk\/#website\"},\"primaryImageOfPage\":{\"@id\":\"https:\/\/www.hotelaqua.sk\/cs\/cenik-ubytovani-velky-meder-lazne\/cenik-ubytovani\/#primaryimage\"},\"image\":{\"@id\":\"https:\/\/www.hotelaqua.sk\/cs\/cenik-ubytovani-velky-meder-lazne\/cenik-ubytovani\/#primaryimage\"},\"thumbnailUrl\":\"https:\/\/www.hotelaqua.sk\/wp-content\/uploads\/2019\/05\/Hotel-Aqua-Velky-Meder-20160908_144456.jpg\",\"datePublished\":\"2022-01-17T08:19:09+00:00\",\"dateModified\":\"2025-06-14T09:18:56+00:00\",\"breadcrumb\":{\"@id\":\"https:\/\/www.hotelaqua.sk\/cs\/cenik-ubytovani-velky-meder-lazne\/cenik-ubytovani\/#breadcrumb\"},\"inLanguage\":\"cs-CZ\",\"potentialAction\":[{\"@type\":\"ReadAction\",\"target\":[\"https:\/\/www.hotelaqua.sk\/cs\/cenik-ubytovani-velky-meder-lazne\/cenik-ubytovani\/\"]}]},{\"@type\":\"ImageObject\",\"inLanguage\":\"cs-CZ\",\"@id\":\"https:\/\/www.hotelaqua.sk\/cs\/cenik-ubytovani-velky-meder-lazne\/cenik-ubytovani\/#primaryimage\",\"url\":\"https:\/\/www.hotelaqua.sk\/wp-content\/uploads\/2019\/05\/Hotel-Aqua-Velky-Meder-20160908_144456.jpg\",\"contentUrl\":\"https:\/\/www.hotelaqua.sk\/wp-content\/uploads\/2019\/05\/Hotel-Aqua-Velky-Meder-20160908_144456.jpg\",\"width\":2400,\"height\":1350,\"caption\":\"Hotel Aqua Ve\u013ek\u00fd Meder\"},{\"@type\":\"BreadcrumbList\",\"@id\":\"https:\/\/www.hotelaqua.sk\/cs\/cenik-ubytovani-velky-meder-lazne\/cenik-ubytovani\/#breadcrumb\",\"itemListElement\":[{\"@type\":\"ListItem\",\"position\":1,\"name\":\"Domovsk\u00e1 str\u00e1nka\",\"item\":\"https:\/\/www.hotelaqua.sk\/cs\/\"},{\"@type\":\"ListItem\",\"position\":2,\"name\":\"Ubytov\u00e1n\u00ed Ve\u013ek\u00fd Meder, Cen\u00edk\",\"item\":\"https:\/\/www.hotelaqua.sk\/cs\/cenik-ubytovani-velky-meder-lazne\/\"},{\"@type\":\"ListItem\",\"position\":3,\"name\":\"Cen\u00edk ubytov\u00e1n\u00ed\"}]},{\"@type\":\"WebSite\",\"@id\":\"https:\/\/www.hotelaqua.sk\/sk\/#website\",\"url\":\"https:\/\/www.hotelaqua.sk\/sk\/\",\"name\":\"HOTEL AQUA VARGA ***\",\"description\":\"Hotel v bl\u00edzkosti term\u00e1lneho k\u00fapaliska vo Ve\u013ekom Mederi\",\"potentialAction\":[{\"@type\":\"SearchAction\",\"target\":{\"@type\":\"EntryPoint\",\"urlTemplate\":\"https:\/\/www.hotelaqua.sk\/sk\/?s={search_term_string}\"},\"query-input\":{\"@type\":\"PropertyValueSpecification\",\"valueRequired\":true,\"valueName\":\"search_term_string\"}}],\"inLanguage\":\"cs-CZ\"}]}<\/script>\n<!-- \/ Yoast SEO plugin. -->","yoast_head_json":{"title":"Cen\u00edk ubytov\u00e1n\u00ed - HOTEL AQUA VARGA ***","robots":{"index":"index","follow":"follow","max-snippet":"max-snippet:-1","max-image-preview":"max-image-preview:large","max-video-preview":"max-video-preview:-1"},"canonical":"https:\/\/www.hotelaqua.sk\/cs\/cenik-ubytovani-velky-meder-lazne\/cenik-ubytovani\/","og_locale":"cs_CZ","og_type":"article","og_title":"Cen\u00edk ubytov\u00e1n\u00ed - HOTEL AQUA VARGA ***","og_description":"Cenn\u00edk ubytovan\u00ed Rezervujte si sv\u016fj pobyt: emailem na info@hotelthermal.sk, telefonicky na +421315530336, +421917460625 nebo online prost\u0159ednictv\u00edm rezerva\u010dn\u00edho formul\u00e1\u0159e Spole\u010dn\u00e1 recepce s Hotelem Thermal Varga *** Pro n\u00e1v\u0161t\u011bvn\u00edky term\u00e1ln\u00ed koupali\u0161t\u011b Ve\u013ek\u00fd Meder nab\u00edz\u00ed mo\u017enosti k ubytov\u00e1n\u00ed ve Velk\u00e9m Mederu. Vedle term\u00e1ln\u00edho koupali\u0161t\u011b Velk\u00fd Meder Thermal Corvinus &#8211; Mo\u0159e z\u00e1\u017eitk\u016f je modern\u00ed Hotel AQUA ***, pat\u0159\u00edc\u00ed pod [&hellip;]","og_url":"https:\/\/www.hotelaqua.sk\/cs\/cenik-ubytovani-velky-meder-lazne\/cenik-ubytovani\/","og_site_name":"HOTEL AQUA VARGA ***","article_modified_time":"2025-06-14T09:18:56+00:00","og_image":[{"width":1024,"height":576,"url":"https:\/\/www.hotelaqua.sk\/wp-content\/uploads\/2019\/05\/Hotel-Aqua-Velky-Meder-20160908_144456-1024x576.jpg","type":"image\/jpeg"}],"twitter_misc":{"Odhadovan\u00e1 doba \u010dten\u00ed":"2 minutes"},"schema":{"@context":"https:\/\/schema.org","@graph":[{"@type":"WebPage","@id":"https:\/\/www.hotelaqua.sk\/cs\/cenik-ubytovani-velky-meder-lazne\/cenik-ubytovani\/","url":"https:\/\/www.hotelaqua.sk\/cs\/cenik-ubytovani-velky-meder-lazne\/cenik-ubytovani\/","name":"Cen\u00edk ubytov\u00e1n\u00ed - HOTEL AQUA VARGA ***","isPartOf":{"@id":"https:\/\/www.hotelaqua.sk\/sk\/#website"},"primaryImageOfPage":{"@id":"https:\/\/www.hotelaqua.sk\/cs\/cenik-ubytovani-velky-meder-lazne\/cenik-ubytovani\/#primaryimage"},"image":{"@id":"https:\/\/www.hotelaqua.sk\/cs\/cenik-ubytovani-velky-meder-lazne\/cenik-ubytovani\/#primaryimage"},"thumbnailUrl":"https:\/\/www.hotelaqua.sk\/wp-content\/uploads\/2019\/05\/Hotel-Aqua-Velky-Meder-20160908_144456.jpg","datePublished":"2022-01-17T08:19:09+00:00","dateModified":"2025-06-14T09:18:56+00:00","breadcrumb":{"@id":"https:\/\/www.hotelaqua.sk\/cs\/cenik-ubytovani-velky-meder-lazne\/cenik-ubytovani\/#breadcrumb"},"inLanguage":"cs-CZ","potentialAction":[{"@type":"ReadAction","target":["https:\/\/www.hotelaqua.sk\/cs\/cenik-ubytovani-velky-meder-lazne\/cenik-ubytovani\/"]}]},{"@type":"ImageObject","inLanguage":"cs-CZ","@id":"https:\/\/www.hotelaqua.sk\/cs\/cenik-ubytovani-velky-meder-lazne\/cenik-ubytovani\/#primaryimage","url":"https:\/\/www.hotelaqua.sk\/wp-content\/uploads\/2019\/05\/Hotel-Aqua-Velky-Meder-20160908_144456.jpg","contentUrl":"https:\/\/www.hotelaqua.sk\/wp-content\/uploads\/2019\/05\/Hotel-Aqua-Velky-Meder-20160908_144456.jpg","width":2400,"height":1350,"caption":"Hotel Aqua Ve\u013ek\u00fd Meder"},{"@type":"BreadcrumbList","@id":"https:\/\/www.hotelaqua.sk\/cs\/cenik-ubytovani-velky-meder-lazne\/cenik-ubytovani\/#breadcrumb","itemListElement":[{"@type":"ListItem","position":1,"name":"Domovsk\u00e1 str\u00e1nka","item":"https:\/\/www.hotelaqua.sk\/cs\/"},{"@type":"ListItem","position":2,"name":"Ubytov\u00e1n\u00ed Ve\u013ek\u00fd Meder, Cen\u00edk","item":"https:\/\/www.hotelaqua.sk\/cs\/cenik-ubytovani-velky-meder-lazne\/"},{"@type":"ListItem","position":3,"name":"Cen\u00edk ubytov\u00e1n\u00ed"}]},{"@type":"WebSite","@id":"https:\/\/www.hotelaqua.sk\/sk\/#website","url":"https:\/\/www.hotelaqua.sk\/sk\/","name":"HOTEL AQUA VARGA ***","description":"Hotel v bl\u00edzkosti term\u00e1lneho k\u00fapaliska vo Ve\u013ekom Mederi","potentialAction":[{"@type":"SearchAction","target":{"@type":"EntryPoint","urlTemplate":"https:\/\/www.hotelaqua.sk\/sk\/?s={search_term_string}"},"query-input":{"@type":"PropertyValueSpecification","valueRequired":true,"valueName":"search_term_string"}}],"inLanguage":"cs-CZ"}]}},"_links":{"self":[{"href":"https:\/\/www.hotelaqua.sk\/cs\/wp-json\/wp\/v2\/pages\/2337","targetHints":{"allow":["GET"]}}],"collection":[{"href":"https:\/\/www.hotelaqua.sk\/cs\/wp-json\/wp\/v2\/pages"}],"about":[{"href":"https:\/\/www.hotelaqua.sk\/cs\/wp-json\/wp\/v2\/types\/page"}],"author":[{"embeddable":true,"href":"https:\/\/www.hotelaqua.sk\/cs\/wp-json\/wp\/v2\/users\/2"}],"replies":[{"embeddable":true,"href":"https:\/\/www.hotelaqua.sk\/cs\/wp-json\/wp\/v2\/comments?post=2337"}],"version-history":[{"count":6,"href":"https:\/\/www.hotelaqua.sk\/cs\/wp-json\/wp\/v2\/pages\/2337\/revisions"}],"predecessor-version":[{"id":2666,"href":"https:\/\/www.hotelaqua.sk\/cs\/wp-json\/wp\/v2\/pages\/2337\/revisions\/2666"}],"up":[{"embeddable":true,"href":"https:\/\/www.hotelaqua.sk\/cs\/wp-json\/wp\/v2\/pages\/72"}],"wp:featuredmedia":[{"embeddable":true,"href":"https:\/\/www.hotelaqua.sk\/cs\/wp-json\/wp\/v2\/media\/2005"}],"wp:attachment":[{"href":"https:\/\/www.hotelaqua.sk\/cs\/wp-json\/wp\/v2\/media?parent=2337"}],"curies":[{"name":"wp","href":"https:\/\/api.w.org\/{rel}","templated":true}]}}