{"id":1931,"date":"2018-12-18T17:17:56","date_gmt":"2018-12-18T16:17:56","guid":{"rendered":"https:\/\/www.hotelaqua.sk\/?page_id=1931"},"modified":"2018-12-18T17:19:14","modified_gmt":"2018-12-18T16:19:14","slug":"apartman","status":"publish","type":"page","link":"https:\/\/www.hotelaqua.sk\/sk\/ubytovanie-velky-meder\/apartman\/","title":{"rendered":"Apartm\u00e1n"},"content":{"rendered":"<p><i class=\"fa fa-male fa-2x\" aria-hidden=\"true\"><\/i><i class=\"fa fa-male fa-2x\" aria-hidden=\"true\"><\/i>+<i class=\"fa fa-male fa-2x\" aria-hidden=\"true\"><\/i><i class=\"fa fa-male fa-2x\" aria-hidden=\"true\"><\/i>\u00a0<strong>Apartm\u00e1n 2+2<\/strong><br \/>\n<strong>Dvojizbov\u00fd apartm\u00e1n<\/strong><\/p>\n<p>Cestujete v skupinke alebo s rodinou? Nerobte kompromisy medzi absol\u00fatnym s\u00fakrom\u00edm a spolo\u010dn\u00fdmi chv\u00ed\u013eami. Zvo\u013ete si pre svoju dovolenku vo Ve\u013ekom Mederi dvojsp\u00e1l\u0148ovom apartm\u00e1ne.<\/p>\n<div class=\"rgg-container\" data-rgg-id=\"1\">    <div class=\"rgg-imagegrid captions-title captions-effect-none \" data-rgg-id=\"1\">\n                    <a href=\"https:\/\/www.hotelaqua.sk\/wp-content\/uploads\/2018\/09\/MG_1280-1024x636.jpg\" data-rel=\"rgg\" rel=\"rgg\" title=\"Ubytovanie Ve\u013ek&yacute; Meder\" class=\"rgg-disabled size-medium rgg-img\" data-src=\"https:\/\/www.hotelaqua.sk\/wp-content\/uploads\/2018\/09\/MG_1280-300x186.jpg\" data-ratio=\"1.61290322581\" data-height=\"186\" data-width=\"300\" aria-label=\"\">\n                            <\/a>\n                    <a href=\"https:\/\/www.hotelaqua.sk\/wp-content\/uploads\/2018\/09\/MG_1292-1024x683.jpg\" data-rel=\"rgg\" rel=\"rgg\" title=\"Ubytovanie Ve\u013ek&yacute; Meder\" class=\"rgg-disabled size-medium rgg-img\" data-src=\"https:\/\/www.hotelaqua.sk\/wp-content\/uploads\/2018\/09\/MG_1292-300x200.jpg\" data-ratio=\"1.5\" data-height=\"200\" data-width=\"300\" aria-label=\"\">\n                            <\/a>\n                    <a href=\"https:\/\/www.hotelaqua.sk\/wp-content\/uploads\/2018\/09\/MG_1324-1024x637.jpg\" data-rel=\"rgg\" rel=\"rgg\" title=\"Ubytovanie Ve\u013ek&yacute; Meder\" class=\"rgg-disabled size-medium rgg-img\" data-src=\"https:\/\/www.hotelaqua.sk\/wp-content\/uploads\/2018\/09\/MG_1324-300x187.jpg\" data-ratio=\"1.60427807487\" data-height=\"187\" data-width=\"300\" aria-label=\"\">\n                            <\/a>\n                    <a href=\"https:\/\/www.hotelaqua.sk\/wp-content\/uploads\/2016\/01\/RAC5372-1024x684.jpg\" data-rel=\"rgg\" rel=\"rgg\" title=\"Ubytov&aacute;n&iacute; Ve\u013ek&yacute; Meder\" class=\"rgg-disabled size-medium rgg-img\" data-src=\"https:\/\/www.hotelaqua.sk\/wp-content\/uploads\/2016\/01\/RAC5372-300x200.jpg\" data-ratio=\"1.5\" data-height=\"200\" data-width=\"300\" aria-label=\"Ubytov\u00e1n\u00ed Ve\u013ek\u00fd Meder\">\n                            <\/a>\n                    <a href=\"https:\/\/www.hotelaqua.sk\/wp-content\/uploads\/2016\/01\/RAC5400-1024x684.jpg\" data-rel=\"rgg\" rel=\"rgg\" title=\"\" class=\"rgg-disabled size-medium rgg-img\" data-src=\"https:\/\/www.hotelaqua.sk\/wp-content\/uploads\/2016\/01\/RAC5400-300x200.jpg\" data-ratio=\"1.5\" data-height=\"200\" data-width=\"300\" aria-label=\"\">\n                            <\/a>\n            <\/div>\n<\/div>\n<p>Cena dvojl\u00f4\u017ekovej izby, jednoizbov\u00fd apartm\u00e1n, dvojizbov\u00fd apartm\u00e1n zah\u0155\u0148a:<\/p>\n<ul>\n<li>Free WiFi<\/li>\n<li>Ra\u0148ajky \/ mo\u017enos\u0165 doobjednania polpenzie \/ \u2013 \u0161v\u00e9dske stoly<\/li>\n<li>Parkovanie \/ parkovisko pri hotely<\/li>\n<li>Su\u0161i\u010d na vlasy<\/li>\n<li>Trezor na izbe<\/li>\n<li>Chladni\u010dka<\/li>\n<li>Na po\u017eiadanie zapo\u017ei\u010diavame bicykle v cene izby<\/li>\n<\/ul>\n","protected":false},"excerpt":{"rendered":"<p>+\u00a0Apartm\u00e1n 2+2 Dvojizbov\u00fd apartm\u00e1n Cestujete v skupinke alebo s rodinou? Nerobte kompromisy medzi absol\u00fatnym s\u00fakrom\u00edm a spolo\u010dn\u00fdmi chv\u00ed\u013eami. Zvo\u013ete si pre svoju dovolenku vo Ve\u013ekom Mederi dvojsp\u00e1l\u0148ovom apartm\u00e1ne. Cena dvojl\u00f4\u017ekovej izby, jednoizbov\u00fd apartm\u00e1n, dvojizbov\u00fd apartm\u00e1n zah\u0155\u0148a: Free WiFi Ra\u0148ajky \/ mo\u017enos\u0165 doobjednania polpenzie \/ \u2013 \u0161v\u00e9dske stoly Parkovanie \/ parkovisko pri hotely Su\u0161i\u010d na vlasy [&hellip;]<\/p>\n","protected":false},"author":2,"featured_media":1623,"parent":4,"menu_order":0,"comment_status":"closed","ping_status":"closed","template":"","meta":{"footnotes":""},"class_list":["post-1931","page","type-page","status-publish","has-post-thumbnail","hentry"],"yoast_head":"<!-- This site is optimized with the Yoast SEO plugin v25.3.1 - https:\/\/yoast.com\/wordpress\/plugins\/seo\/ -->\n<title>Apartm\u00e1n - HOTEL AQUA VARGA ***<\/title>\n<meta name=\"robots\" content=\"index, follow, max-snippet:-1, max-image-preview:large, max-video-preview:-1\" \/>\n<link rel=\"canonical\" href=\"https:\/\/www.hotelaqua.sk\/sk\/ubytovanie-velky-meder\/apartman\/\" \/>\n<meta property=\"og:locale\" content=\"cs_CZ\" \/>\n<meta property=\"og:type\" content=\"article\" \/>\n<meta property=\"og:title\" content=\"Apartm\u00e1n - HOTEL AQUA VARGA ***\" \/>\n<meta property=\"og:description\" content=\"+\u00a0Apartm\u00e1n 2+2 Dvojizbov\u00fd apartm\u00e1n Cestujete v skupinke alebo s rodinou? Nerobte kompromisy medzi absol\u00fatnym s\u00fakrom\u00edm a spolo\u010dn\u00fdmi chv\u00ed\u013eami. Zvo\u013ete si pre svoju dovolenku vo Ve\u013ekom Mederi dvojsp\u00e1l\u0148ovom apartm\u00e1ne. Cena dvojl\u00f4\u017ekovej izby, jednoizbov\u00fd apartm\u00e1n, dvojizbov\u00fd apartm\u00e1n zah\u0155\u0148a: Free WiFi Ra\u0148ajky \/ mo\u017enos\u0165 doobjednania polpenzie \/ \u2013 \u0161v\u00e9dske stoly Parkovanie \/ parkovisko pri hotely Su\u0161i\u010d na vlasy [&hellip;]\" \/>\n<meta property=\"og:url\" content=\"https:\/\/www.hotelaqua.sk\/sk\/ubytovanie-velky-meder\/apartman\/\" \/>\n<meta property=\"og:site_name\" content=\"HOTEL AQUA VARGA ***\" \/>\n<meta property=\"article:modified_time\" content=\"2018-12-18T16:19:14+00:00\" \/>\n<meta property=\"og:image\" content=\"https:\/\/www.hotelaqua.sk\/wp-content\/uploads\/2018\/09\/MG_1280-1024x636.jpg\" \/>\n\t<meta property=\"og:image:width\" content=\"1024\" \/>\n\t<meta property=\"og:image:height\" content=\"636\" \/>\n\t<meta property=\"og:image:type\" content=\"image\/jpeg\" \/>\n<script type=\"application\/ld+json\" class=\"yoast-schema-graph\">{\"@context\":\"https:\/\/schema.org\",\"@graph\":[{\"@type\":\"WebPage\",\"@id\":\"https:\/\/www.hotelaqua.sk\/sk\/ubytovanie-velky-meder\/apartman\/\",\"url\":\"https:\/\/www.hotelaqua.sk\/sk\/ubytovanie-velky-meder\/apartman\/\",\"name\":\"Apartm\u00e1n - HOTEL AQUA VARGA ***\",\"isPartOf\":{\"@id\":\"https:\/\/www.hotelaqua.sk\/sk\/#website\"},\"primaryImageOfPage\":{\"@id\":\"https:\/\/www.hotelaqua.sk\/sk\/ubytovanie-velky-meder\/apartman\/#primaryimage\"},\"image\":{\"@id\":\"https:\/\/www.hotelaqua.sk\/sk\/ubytovanie-velky-meder\/apartman\/#primaryimage\"},\"thumbnailUrl\":\"https:\/\/www.hotelaqua.sk\/wp-content\/uploads\/2018\/09\/MG_1280.jpg\",\"datePublished\":\"2018-12-18T16:17:56+00:00\",\"dateModified\":\"2018-12-18T16:19:14+00:00\",\"breadcrumb\":{\"@id\":\"https:\/\/www.hotelaqua.sk\/sk\/ubytovanie-velky-meder\/apartman\/#breadcrumb\"},\"inLanguage\":\"cs-CZ\",\"potentialAction\":[{\"@type\":\"ReadAction\",\"target\":[\"https:\/\/www.hotelaqua.sk\/sk\/ubytovanie-velky-meder\/apartman\/\"]}]},{\"@type\":\"ImageObject\",\"inLanguage\":\"cs-CZ\",\"@id\":\"https:\/\/www.hotelaqua.sk\/sk\/ubytovanie-velky-meder\/apartman\/#primaryimage\",\"url\":\"https:\/\/www.hotelaqua.sk\/wp-content\/uploads\/2018\/09\/MG_1280.jpg\",\"contentUrl\":\"https:\/\/www.hotelaqua.sk\/wp-content\/uploads\/2018\/09\/MG_1280.jpg\",\"width\":2600,\"height\":1615,\"caption\":\"Ubytovanie Ve\u013ek\u00fd Meder\"},{\"@type\":\"BreadcrumbList\",\"@id\":\"https:\/\/www.hotelaqua.sk\/sk\/ubytovanie-velky-meder\/apartman\/#breadcrumb\",\"itemListElement\":[{\"@type\":\"ListItem\",\"position\":1,\"name\":\"Domovsk\u00e1 str\u00e1nka\",\"item\":\"https:\/\/www.hotelaqua.sk\/cs\/\"},{\"@type\":\"ListItem\",\"position\":2,\"name\":\"Ubytovanie Ve\u013ek\u00fd Meder\",\"item\":\"https:\/\/www.hotelaqua.sk\/sk\/ubytovanie-velky-meder\/\"},{\"@type\":\"ListItem\",\"position\":3,\"name\":\"Apartm\u00e1n\"}]},{\"@type\":\"WebSite\",\"@id\":\"https:\/\/www.hotelaqua.sk\/sk\/#website\",\"url\":\"https:\/\/www.hotelaqua.sk\/sk\/\",\"name\":\"HOTEL AQUA VARGA ***\",\"description\":\"Hotel v bl\u00edzkosti term\u00e1lneho k\u00fapaliska vo Ve\u013ekom Mederi\",\"potentialAction\":[{\"@type\":\"SearchAction\",\"target\":{\"@type\":\"EntryPoint\",\"urlTemplate\":\"https:\/\/www.hotelaqua.sk\/sk\/?s={search_term_string}\"},\"query-input\":{\"@type\":\"PropertyValueSpecification\",\"valueRequired\":true,\"valueName\":\"search_term_string\"}}],\"inLanguage\":\"cs-CZ\"}]}<\/script>\n<!-- \/ Yoast SEO plugin. -->","yoast_head_json":{"title":"Apartm\u00e1n - HOTEL AQUA VARGA ***","robots":{"index":"index","follow":"follow","max-snippet":"max-snippet:-1","max-image-preview":"max-image-preview:large","max-video-preview":"max-video-preview:-1"},"canonical":"https:\/\/www.hotelaqua.sk\/sk\/ubytovanie-velky-meder\/apartman\/","og_locale":"cs_CZ","og_type":"article","og_title":"Apartm\u00e1n - HOTEL AQUA VARGA ***","og_description":"+\u00a0Apartm\u00e1n 2+2 Dvojizbov\u00fd apartm\u00e1n Cestujete v skupinke alebo s rodinou? Nerobte kompromisy medzi absol\u00fatnym s\u00fakrom\u00edm a spolo\u010dn\u00fdmi chv\u00ed\u013eami. Zvo\u013ete si pre svoju dovolenku vo Ve\u013ekom Mederi dvojsp\u00e1l\u0148ovom apartm\u00e1ne. Cena dvojl\u00f4\u017ekovej izby, jednoizbov\u00fd apartm\u00e1n, dvojizbov\u00fd apartm\u00e1n zah\u0155\u0148a: Free WiFi Ra\u0148ajky \/ mo\u017enos\u0165 doobjednania polpenzie \/ \u2013 \u0161v\u00e9dske stoly Parkovanie \/ parkovisko pri hotely Su\u0161i\u010d na vlasy [&hellip;]","og_url":"https:\/\/www.hotelaqua.sk\/sk\/ubytovanie-velky-meder\/apartman\/","og_site_name":"HOTEL AQUA VARGA ***","article_modified_time":"2018-12-18T16:19:14+00:00","og_image":[{"width":1024,"height":636,"url":"https:\/\/www.hotelaqua.sk\/wp-content\/uploads\/2018\/09\/MG_1280-1024x636.jpg","type":"image\/jpeg"}],"schema":{"@context":"https:\/\/schema.org","@graph":[{"@type":"WebPage","@id":"https:\/\/www.hotelaqua.sk\/sk\/ubytovanie-velky-meder\/apartman\/","url":"https:\/\/www.hotelaqua.sk\/sk\/ubytovanie-velky-meder\/apartman\/","name":"Apartm\u00e1n - HOTEL AQUA VARGA ***","isPartOf":{"@id":"https:\/\/www.hotelaqua.sk\/sk\/#website"},"primaryImageOfPage":{"@id":"https:\/\/www.hotelaqua.sk\/sk\/ubytovanie-velky-meder\/apartman\/#primaryimage"},"image":{"@id":"https:\/\/www.hotelaqua.sk\/sk\/ubytovanie-velky-meder\/apartman\/#primaryimage"},"thumbnailUrl":"https:\/\/www.hotelaqua.sk\/wp-content\/uploads\/2018\/09\/MG_1280.jpg","datePublished":"2018-12-18T16:17:56+00:00","dateModified":"2018-12-18T16:19:14+00:00","breadcrumb":{"@id":"https:\/\/www.hotelaqua.sk\/sk\/ubytovanie-velky-meder\/apartman\/#breadcrumb"},"inLanguage":"cs-CZ","potentialAction":[{"@type":"ReadAction","target":["https:\/\/www.hotelaqua.sk\/sk\/ubytovanie-velky-meder\/apartman\/"]}]},{"@type":"ImageObject","inLanguage":"cs-CZ","@id":"https:\/\/www.hotelaqua.sk\/sk\/ubytovanie-velky-meder\/apartman\/#primaryimage","url":"https:\/\/www.hotelaqua.sk\/wp-content\/uploads\/2018\/09\/MG_1280.jpg","contentUrl":"https:\/\/www.hotelaqua.sk\/wp-content\/uploads\/2018\/09\/MG_1280.jpg","width":2600,"height":1615,"caption":"Ubytovanie Ve\u013ek\u00fd Meder"},{"@type":"BreadcrumbList","@id":"https:\/\/www.hotelaqua.sk\/sk\/ubytovanie-velky-meder\/apartman\/#breadcrumb","itemListElement":[{"@type":"ListItem","position":1,"name":"Domovsk\u00e1 str\u00e1nka","item":"https:\/\/www.hotelaqua.sk\/cs\/"},{"@type":"ListItem","position":2,"name":"Ubytovanie Ve\u013ek\u00fd Meder","item":"https:\/\/www.hotelaqua.sk\/sk\/ubytovanie-velky-meder\/"},{"@type":"ListItem","position":3,"name":"Apartm\u00e1n"}]},{"@type":"WebSite","@id":"https:\/\/www.hotelaqua.sk\/sk\/#website","url":"https:\/\/www.hotelaqua.sk\/sk\/","name":"HOTEL AQUA VARGA ***","description":"Hotel v bl\u00edzkosti term\u00e1lneho k\u00fapaliska vo Ve\u013ekom Mederi","potentialAction":[{"@type":"SearchAction","target":{"@type":"EntryPoint","urlTemplate":"https:\/\/www.hotelaqua.sk\/sk\/?s={search_term_string}"},"query-input":{"@type":"PropertyValueSpecification","valueRequired":true,"valueName":"search_term_string"}}],"inLanguage":"cs-CZ"}]}},"_links":{"self":[{"href":"https:\/\/www.hotelaqua.sk\/cs\/wp-json\/wp\/v2\/pages\/1931","targetHints":{"allow":["GET"]}}],"collection":[{"href":"https:\/\/www.hotelaqua.sk\/cs\/wp-json\/wp\/v2\/pages"}],"about":[{"href":"https:\/\/www.hotelaqua.sk\/cs\/wp-json\/wp\/v2\/types\/page"}],"author":[{"embeddable":true,"href":"https:\/\/www.hotelaqua.sk\/cs\/wp-json\/wp\/v2\/users\/2"}],"replies":[{"embeddable":true,"href":"https:\/\/www.hotelaqua.sk\/cs\/wp-json\/wp\/v2\/comments?post=1931"}],"version-history":[{"count":1,"href":"https:\/\/www.hotelaqua.sk\/cs\/wp-json\/wp\/v2\/pages\/1931\/revisions"}],"predecessor-version":[{"id":1933,"href":"https:\/\/www.hotelaqua.sk\/cs\/wp-json\/wp\/v2\/pages\/1931\/revisions\/1933"}],"up":[{"embeddable":true,"href":"https:\/\/www.hotelaqua.sk\/cs\/wp-json\/wp\/v2\/pages\/4"}],"wp:featuredmedia":[{"embeddable":true,"href":"https:\/\/www.hotelaqua.sk\/cs\/wp-json\/wp\/v2\/media\/1623"}],"wp:attachment":[{"href":"https:\/\/www.hotelaqua.sk\/cs\/wp-json\/wp\/v2\/media?parent=1931"}],"curies":[{"name":"wp","href":"https:\/\/api.w.org\/{rel}","templated":true}]}}