{"id":1869,"date":"2018-11-20T21:53:26","date_gmt":"2018-11-20T20:53:26","guid":{"rendered":"https:\/\/www.hotelaqua.sk\/?page_id=1869"},"modified":"2025-06-14T10:13:11","modified_gmt":"2025-06-14T08:13:11","slug":"cennik-ubytovania","status":"publish","type":"page","link":"https:\/\/www.hotelaqua.sk\/sk\/ubytovanie-velky-meder\/cennik-ubytovania\/","title":{"rendered":"Cenn\u00edk ubytovania"},"content":{"rendered":"<h4><span style=\"font-size: 18pt;\">Pon\u00fakame celoro\u010dne pobyty so vstupok do k\u00fapaliska<\/span><\/h4>\n<div class=\"rgg-container\" data-rgg-id=\"1\">    <div class=\"rgg-imagegrid captions-title captions-effect-none \" data-rgg-id=\"1\">\n                    <a href=\"https:\/\/www.hotelaqua.sk\/wp-content\/uploads\/2025\/06\/A7400184-Edit-1024x683.jpg\" data-rel=\"rgg\" rel=\"rgg\" title=\"De lux apartm&aacute;n s v&iacute;rikou a saunou\" class=\"rgg-disabled size-medium rgg-img\" data-src=\"https:\/\/www.hotelaqua.sk\/wp-content\/uploads\/2025\/06\/A7400184-Edit-300x200.jpg\" data-ratio=\"1.5\" data-height=\"200\" data-width=\"300\" aria-label=\"\">\n                            <\/a>\n                    <a href=\"https:\/\/www.hotelaqua.sk\/wp-content\/uploads\/2025\/06\/A7400319-Edit-1024x683.jpg\" data-rel=\"rgg\" rel=\"rgg\" title=\"\" class=\"rgg-disabled size-medium rgg-img\" data-src=\"https:\/\/www.hotelaqua.sk\/wp-content\/uploads\/2025\/06\/A7400319-Edit-300x200.jpg\" data-ratio=\"1.5\" data-height=\"200\" data-width=\"300\" aria-label=\"\">\n                            <\/a>\n                    <a href=\"https:\/\/www.hotelaqua.sk\/wp-content\/uploads\/2025\/06\/A7400261-Edit-1024x683.jpg\" data-rel=\"rgg\" rel=\"rgg\" title=\"k&uacute;pel\u0148a Hotel Aqua\" class=\"rgg-disabled size-medium rgg-img\" data-src=\"https:\/\/www.hotelaqua.sk\/wp-content\/uploads\/2025\/06\/A7400261-Edit-300x200.jpg\" data-ratio=\"1.5\" data-height=\"200\" data-width=\"300\" aria-label=\"\">\n                            <\/a>\n                    <a href=\"https:\/\/www.hotelaqua.sk\/wp-content\/uploads\/2025\/06\/A7400279-Edit-1024x683.jpg\" data-rel=\"rgg\" rel=\"rgg\" title=\"izba Hotel Aqua\" class=\"rgg-disabled size-medium rgg-img\" data-src=\"https:\/\/www.hotelaqua.sk\/wp-content\/uploads\/2025\/06\/A7400279-Edit-300x200.jpg\" data-ratio=\"1.5\" data-height=\"200\" data-width=\"300\" aria-label=\"\">\n                            <\/a>\n                    <a href=\"https:\/\/www.hotelaqua.sk\/wp-content\/uploads\/2018\/09\/MG_0066-1-1024x683.jpg\" data-rel=\"rgg\" rel=\"rgg\" title=\"sauna v de lux apartm&aacute;ne\" class=\"rgg-disabled size-medium rgg-img\" data-src=\"https:\/\/www.hotelaqua.sk\/wp-content\/uploads\/2018\/09\/MG_0066-1-300x200.jpg\" data-ratio=\"1.5\" data-height=\"200\" data-width=\"300\" aria-label=\"\">\n                            <\/a>\n                    <a href=\"https:\/\/www.hotelaqua.sk\/wp-content\/uploads\/2017\/03\/pobyt-zimny-relax-1024x683.jpg\" data-rel=\"rgg\" rel=\"rgg\" title=\"Wellness Term&aacute;lne k&uacute;palisko Ve\u013ek&yacute; Meder\" class=\"rgg-disabled size-medium rgg-img\" data-src=\"https:\/\/www.hotelaqua.sk\/wp-content\/uploads\/2017\/03\/pobyt-zimny-relax-e1489574446959-300x150.jpg\" data-ratio=\"2\" data-height=\"150\" data-width=\"300\" aria-label=\"Wellness Term\u00e1lne k\u00fapalisko Ve\u013ek\u00fd Meder\">\n                            <\/a>\n            <\/div>\n<\/div>\n<h2>Zistite cenu a rezervujte si svoj pobyt:<\/h2>\n<ul>\n<li><strong> emailem na <a href=\"mailto:info@hotelthermal.sk\">info@hotelthermal.sk<\/a>,<\/strong><\/li>\n<li><strong>telefonicky na +421315530336, +421917460625<\/strong><\/li>\n<li><strong>alebo online prostredn\u00edctvom rezerva\u010dn\u00e9ho formul\u00e1ra<\/strong><\/li>\n<\/ul>\n<booking-panel bookinghost=\"https:\/\/booking.hotelaqua.sk\" locale=\"cs\"><\/booking-panel>\n<h3>Spolo\u010dn\u00e1 recepcia s Hotelom Thermal Varga ***:<\/h3>\n<p>Pre n\u00e1v\u0161tevn\u00edkov term\u00e1lne k\u00fapalisko Ve\u013ek\u00fd Meder pon\u00faka mo\u017enosti na ubytovanie vo Ve\u013ekom Mederi. Ved\u013ea term\u00e1lneho k\u00fapaliska Ve\u013ek\u00fd Meder Thermal Corvinus &#8211; More z\u00e1\u017eitkov jemodern\u00fd Hotel AQUA ***, patriaci pod Hotel Thermal Varga ***. Hostia tohto hotela bud\u00fa len p\u00e1r krokov od term\u00e1lnej vody, teda len min\u00fatka ich bude deli\u0165 od term\u00e1lnych baz\u00e9nov a spojit\u00fdch slu\u017eieb n\u00e1\u0161ho k\u00fapaliska. Hotel AQUA je navy\u0161e obklopen\u00fd Ve\u013ekomedersk\u00fdm lesoparkom, ktor\u00fd klientom hotela poskytuje nielen pocit bl\u00edzkosti k pr\u00edrode, ale v letnej sez\u00f3ne aj pr\u00edjemn\u00fd tie\u0148.<\/p>\n<h2><strong>\u201cHostia tohto hotela maj\u00fa Ve\u013ek\u00fd Meder ubytovanie len p\u00e1r krokov od term\u00e1lnej vody.\u201d<\/strong><\/h2>\n<p>Bezpe\u010dnosti venuje hotel ve\u013ek\u00fa pozornos\u0165, toti\u017e pon\u00faka svojim hos\u0165om parkovanie v priestore monitorovan\u00fdm kamerov\u00fdm syst\u00e9mom. Izby v Hoteli AQUA s\u00fa komfortne vybaven\u00e9, v ka\u017edej miestnosti sa nach\u00e1dza telev\u00edzor (SAT TV), telef\u00f3n, mo\u017enos\u0165 FREE wifi pripojenia na internet, bezbari\u00e9rov\u00fd sprchovac\u00ed k\u00fat a toaleta, chladni\u010dka, r\u00fdchlovarn\u00e1 kanvica a su\u0161i\u010d vlasov. Hotel pon\u00faka ubytovanie v jedno, a dvojl\u00f4\u017ekov\u00fdch izb\u00e1ch s pr\u00edstelkou. Okrem toho pre klientov hotela bude k dispoz\u00edcii aj VIP apartm\u00e1n s jacuzzi, so saunou a s balk\u00f3nom.<\/p>\n<p><strong>\u201cBezbari\u00e9rov\u00fd sprchovac\u00ed k\u00fat a toaleta.\u201d<\/strong><\/p>\n<p>Aj v letnom obdob\u00ed, ke\u010f okolie je pln\u00e9 turistov, pre hotelov\u00fdch host\u00ed je zaru\u010den\u00e1 pokojn\u00fd oddych. Navy\u0161e mno\u017estvo slu\u017eieb m\u00f4\u017eete n\u00e1js\u0165 aj v bl\u00edzkosti: nach\u00e1dza sa tu aj kaviare\u0148, re\u0161taur\u00e1cia, kr\u010dma, lek\u00e1re\u0148, sal\u00f3n kr\u00e1sy, mas\u00e1\u017eny sal\u00f3n i so\u013en\u00e1 ba\u0148a.<\/p>\n<h2>\u201cMedzi najnav\u0161tevovanej\u0161ie celoro\u010dn\u00e9 destin\u00e1cie patr\u00ed term\u00e1lne k\u00fapalisko Ve\u013ek\u00fd Meder THERMAL CORVINUS\u201d<\/h2>\n<p>Hostia prich\u00e1dzaj\u00faci autom sa cestou do hotela m\u00f4\u017eu orientova\u0165 pod\u013ea vonkaj\u0161\u00edch, v meste umiestnen\u00fdch informa\u010dn\u00fdch tabul\u00ed. Po pou\u017eit\u00ed zvon\u010deka pri br\u00e1ne pred centr\u00e1lnym parkoviskom V\u00e1m recep\u010dn\u00fd person\u00e1l pom\u00f4\u017ee sa dosta\u0165 do hotela. Ochotne V\u00e1s obozn\u00e1mi s inform\u00e1ciami s\u00favisiacimi s ubytovan\u00edm v hoteli.<\/p>\n<div class=\"rgg-container\" data-rgg-id=\"2\">    <div class=\"rgg-imagegrid captions-title captions-effect-none \" data-rgg-id=\"2\">\n                    <a href=\"https:\/\/www.hotelaqua.sk\/wp-content\/uploads\/2015\/11\/20160908_142010-1024x576.jpg\" data-rel=\"rgg\" rel=\"rgg\" title=\"\" class=\"rgg-disabled size-medium rgg-img\" data-src=\"https:\/\/www.hotelaqua.sk\/wp-content\/uploads\/2015\/11\/20160908_142010-300x169.jpg\" data-ratio=\"1.77514792899\" data-height=\"169\" data-width=\"300\" aria-label=\"\">\n                            <\/a>\n                    <a href=\"https:\/\/www.hotelaqua.sk\/wp-content\/uploads\/2018\/09\/MG_1346-1024x683.jpg\" data-rel=\"rgg\" rel=\"rgg\" title=\"Sauna Hotel Aqua***\" class=\"rgg-disabled size-medium rgg-img\" data-src=\"https:\/\/www.hotelaqua.sk\/wp-content\/uploads\/2018\/09\/MG_1346-300x200.jpg\" data-ratio=\"1.5\" data-height=\"200\" data-width=\"300\" aria-label=\"VIP apartm\u00e1n s v\u00edrivkou a saunou\">\n                            <\/a>\n                    <a href=\"https:\/\/www.hotelaqua.sk\/wp-content\/uploads\/2018\/09\/MG_1269-1024x687.jpg\" data-rel=\"rgg\" rel=\"rgg\" title=\"\" class=\"rgg-disabled size-medium rgg-img\" data-src=\"https:\/\/www.hotelaqua.sk\/wp-content\/uploads\/2018\/09\/MG_1269-300x201.jpg\" data-ratio=\"1.49253731343\" data-height=\"201\" data-width=\"300\" aria-label=\"VIP apartm\u00e1n s v\u00edrivkou a saunou\">\n                            <\/a>\n                    <a href=\"https:\/\/www.hotelaqua.sk\/wp-content\/uploads\/2018\/09\/MG_1320-1024x683.jpg\" data-rel=\"rgg\" rel=\"rgg\" title=\"Ubytovanie Ve\u013ek&yacute; Meder\" class=\"rgg-disabled size-medium rgg-img\" data-src=\"https:\/\/www.hotelaqua.sk\/wp-content\/uploads\/2018\/09\/MG_1320-300x200.jpg\" data-ratio=\"1.5\" data-height=\"200\" data-width=\"300\" aria-label=\"\">\n                            <\/a>\n            <\/div>\n<\/div>\n","protected":false},"excerpt":{"rendered":"<p>Pon\u00fakame celoro\u010dne pobyty so vstupok do k\u00fapaliska Zistite cenu a rezervujte si svoj pobyt: emailem na info@hotelthermal.sk, telefonicky na +421315530336, +421917460625 alebo online prostredn\u00edctvom rezerva\u010dn\u00e9ho formul\u00e1ra Spolo\u010dn\u00e1 recepcia s Hotelom Thermal Varga ***: Pre n\u00e1v\u0161tevn\u00edkov term\u00e1lne k\u00fapalisko Ve\u013ek\u00fd Meder pon\u00faka mo\u017enosti na ubytovanie vo Ve\u013ekom Mederi. Ved\u013ea term\u00e1lneho k\u00fapaliska Ve\u013ek\u00fd Meder Thermal Corvinus &#8211; More [&hellip;]<\/p>\n","protected":false},"author":2,"featured_media":945,"parent":4,"menu_order":0,"comment_status":"closed","ping_status":"closed","template":"","meta":{"footnotes":""},"class_list":["post-1869","page","type-page","status-publish","has-post-thumbnail","hentry"],"yoast_head":"<!-- This site is optimized with the Yoast SEO plugin v25.3.1 - https:\/\/yoast.com\/wordpress\/plugins\/seo\/ -->\n<title>Cenn\u00edk ubytovania - HOTEL AQUA VARGA ***<\/title>\n<meta name=\"robots\" content=\"index, follow, max-snippet:-1, max-image-preview:large, max-video-preview:-1\" \/>\n<link rel=\"canonical\" href=\"https:\/\/www.hotelaqua.sk\/ubytovanie-velky-meder\/cennik-ubytovania\/\" \/>\n<meta property=\"og:locale\" content=\"cs_CZ\" \/>\n<meta property=\"og:type\" content=\"article\" \/>\n<meta property=\"og:title\" content=\"Cenn\u00edk ubytovania - HOTEL AQUA VARGA ***\" \/>\n<meta property=\"og:description\" content=\"Pon\u00fakame celoro\u010dne pobyty so vstupok do k\u00fapaliska Zistite cenu a rezervujte si svoj pobyt: emailem na info@hotelthermal.sk, telefonicky na +421315530336, +421917460625 alebo online prostredn\u00edctvom rezerva\u010dn\u00e9ho formul\u00e1ra Spolo\u010dn\u00e1 recepcia s Hotelom Thermal Varga ***: Pre n\u00e1v\u0161tevn\u00edkov term\u00e1lne k\u00fapalisko Ve\u013ek\u00fd Meder pon\u00faka mo\u017enosti na ubytovanie vo Ve\u013ekom Mederi. Ved\u013ea term\u00e1lneho k\u00fapaliska Ve\u013ek\u00fd Meder Thermal Corvinus &#8211; More [&hellip;]\" \/>\n<meta property=\"og:url\" content=\"https:\/\/www.hotelaqua.sk\/ubytovanie-velky-meder\/cennik-ubytovania\/\" \/>\n<meta property=\"og:site_name\" content=\"HOTEL AQUA VARGA ***\" \/>\n<meta property=\"article:modified_time\" content=\"2025-06-14T08:13:11+00:00\" \/>\n<meta property=\"og:image\" content=\"https:\/\/www.hotelaqua.sk\/wp-content\/uploads\/2015\/11\/20160908_144456-e1481550009745.jpg\" \/>\n\t<meta property=\"og:image:width\" content=\"1920\" \/>\n\t<meta property=\"og:image:height\" content=\"1080\" \/>\n\t<meta property=\"og:image:type\" content=\"image\/jpeg\" \/>\n<meta name=\"twitter:label1\" content=\"Odhadovan\u00e1 doba \u010dten\u00ed\" \/>\n\t<meta name=\"twitter:data1\" content=\"2 minutes\" \/>\n<script type=\"application\/ld+json\" class=\"yoast-schema-graph\">{\"@context\":\"https:\/\/schema.org\",\"@graph\":[{\"@type\":\"WebPage\",\"@id\":\"https:\/\/www.hotelaqua.sk\/ubytovanie-velky-meder\/cennik-ubytovania\/\",\"url\":\"https:\/\/www.hotelaqua.sk\/ubytovanie-velky-meder\/cennik-ubytovania\/\",\"name\":\"Cenn\u00edk ubytovania - HOTEL AQUA VARGA ***\",\"isPartOf\":{\"@id\":\"https:\/\/www.hotelaqua.sk\/sk\/#website\"},\"primaryImageOfPage\":{\"@id\":\"https:\/\/www.hotelaqua.sk\/ubytovanie-velky-meder\/cennik-ubytovania\/#primaryimage\"},\"image\":{\"@id\":\"https:\/\/www.hotelaqua.sk\/ubytovanie-velky-meder\/cennik-ubytovania\/#primaryimage\"},\"thumbnailUrl\":\"https:\/\/www.hotelaqua.sk\/wp-content\/uploads\/2015\/11\/20160908_144456-e1481550009745.jpg\",\"datePublished\":\"2018-11-20T20:53:26+00:00\",\"dateModified\":\"2025-06-14T08:13:11+00:00\",\"breadcrumb\":{\"@id\":\"https:\/\/www.hotelaqua.sk\/ubytovanie-velky-meder\/cennik-ubytovania\/#breadcrumb\"},\"inLanguage\":\"cs-CZ\",\"potentialAction\":[{\"@type\":\"ReadAction\",\"target\":[\"https:\/\/www.hotelaqua.sk\/ubytovanie-velky-meder\/cennik-ubytovania\/\"]}]},{\"@type\":\"ImageObject\",\"inLanguage\":\"cs-CZ\",\"@id\":\"https:\/\/www.hotelaqua.sk\/ubytovanie-velky-meder\/cennik-ubytovania\/#primaryimage\",\"url\":\"https:\/\/www.hotelaqua.sk\/wp-content\/uploads\/2015\/11\/20160908_144456-e1481550009745.jpg\",\"contentUrl\":\"https:\/\/www.hotelaqua.sk\/wp-content\/uploads\/2015\/11\/20160908_144456-e1481550009745.jpg\",\"width\":1920,\"height\":1080,\"caption\":\"Hotel Aqua *** Ve\u013ek\u00fd Meder\"},{\"@type\":\"BreadcrumbList\",\"@id\":\"https:\/\/www.hotelaqua.sk\/ubytovanie-velky-meder\/cennik-ubytovania\/#breadcrumb\",\"itemListElement\":[{\"@type\":\"ListItem\",\"position\":1,\"name\":\"Domovsk\u00e1 str\u00e1nka\",\"item\":\"https:\/\/www.hotelaqua.sk\/cs\/\"},{\"@type\":\"ListItem\",\"position\":2,\"name\":\"Ubytovanie Ve\u013ek\u00fd Meder\",\"item\":\"https:\/\/www.hotelaqua.sk\/sk\/ubytovanie-velky-meder\/\"},{\"@type\":\"ListItem\",\"position\":3,\"name\":\"Cenn\u00edk ubytovania\"}]},{\"@type\":\"WebSite\",\"@id\":\"https:\/\/www.hotelaqua.sk\/sk\/#website\",\"url\":\"https:\/\/www.hotelaqua.sk\/sk\/\",\"name\":\"HOTEL AQUA VARGA ***\",\"description\":\"Hotel v bl\u00edzkosti term\u00e1lneho k\u00fapaliska vo Ve\u013ekom Mederi\",\"potentialAction\":[{\"@type\":\"SearchAction\",\"target\":{\"@type\":\"EntryPoint\",\"urlTemplate\":\"https:\/\/www.hotelaqua.sk\/sk\/?s={search_term_string}\"},\"query-input\":{\"@type\":\"PropertyValueSpecification\",\"valueRequired\":true,\"valueName\":\"search_term_string\"}}],\"inLanguage\":\"cs-CZ\"}]}<\/script>\n<!-- \/ Yoast SEO plugin. -->","yoast_head_json":{"title":"Cenn\u00edk ubytovania - HOTEL AQUA VARGA ***","robots":{"index":"index","follow":"follow","max-snippet":"max-snippet:-1","max-image-preview":"max-image-preview:large","max-video-preview":"max-video-preview:-1"},"canonical":"https:\/\/www.hotelaqua.sk\/ubytovanie-velky-meder\/cennik-ubytovania\/","og_locale":"cs_CZ","og_type":"article","og_title":"Cenn\u00edk ubytovania - HOTEL AQUA VARGA ***","og_description":"Pon\u00fakame celoro\u010dne pobyty so vstupok do k\u00fapaliska Zistite cenu a rezervujte si svoj pobyt: emailem na info@hotelthermal.sk, telefonicky na +421315530336, +421917460625 alebo online prostredn\u00edctvom rezerva\u010dn\u00e9ho formul\u00e1ra Spolo\u010dn\u00e1 recepcia s Hotelom Thermal Varga ***: Pre n\u00e1v\u0161tevn\u00edkov term\u00e1lne k\u00fapalisko Ve\u013ek\u00fd Meder pon\u00faka mo\u017enosti na ubytovanie vo Ve\u013ekom Mederi. Ved\u013ea term\u00e1lneho k\u00fapaliska Ve\u013ek\u00fd Meder Thermal Corvinus &#8211; More [&hellip;]","og_url":"https:\/\/www.hotelaqua.sk\/ubytovanie-velky-meder\/cennik-ubytovania\/","og_site_name":"HOTEL AQUA VARGA ***","article_modified_time":"2025-06-14T08:13:11+00:00","og_image":[{"width":1920,"height":1080,"url":"https:\/\/www.hotelaqua.sk\/wp-content\/uploads\/2015\/11\/20160908_144456-e1481550009745.jpg","type":"image\/jpeg"}],"twitter_misc":{"Odhadovan\u00e1 doba \u010dten\u00ed":"2 minutes"},"schema":{"@context":"https:\/\/schema.org","@graph":[{"@type":"WebPage","@id":"https:\/\/www.hotelaqua.sk\/ubytovanie-velky-meder\/cennik-ubytovania\/","url":"https:\/\/www.hotelaqua.sk\/ubytovanie-velky-meder\/cennik-ubytovania\/","name":"Cenn\u00edk ubytovania - HOTEL AQUA VARGA ***","isPartOf":{"@id":"https:\/\/www.hotelaqua.sk\/sk\/#website"},"primaryImageOfPage":{"@id":"https:\/\/www.hotelaqua.sk\/ubytovanie-velky-meder\/cennik-ubytovania\/#primaryimage"},"image":{"@id":"https:\/\/www.hotelaqua.sk\/ubytovanie-velky-meder\/cennik-ubytovania\/#primaryimage"},"thumbnailUrl":"https:\/\/www.hotelaqua.sk\/wp-content\/uploads\/2015\/11\/20160908_144456-e1481550009745.jpg","datePublished":"2018-11-20T20:53:26+00:00","dateModified":"2025-06-14T08:13:11+00:00","breadcrumb":{"@id":"https:\/\/www.hotelaqua.sk\/ubytovanie-velky-meder\/cennik-ubytovania\/#breadcrumb"},"inLanguage":"cs-CZ","potentialAction":[{"@type":"ReadAction","target":["https:\/\/www.hotelaqua.sk\/ubytovanie-velky-meder\/cennik-ubytovania\/"]}]},{"@type":"ImageObject","inLanguage":"cs-CZ","@id":"https:\/\/www.hotelaqua.sk\/ubytovanie-velky-meder\/cennik-ubytovania\/#primaryimage","url":"https:\/\/www.hotelaqua.sk\/wp-content\/uploads\/2015\/11\/20160908_144456-e1481550009745.jpg","contentUrl":"https:\/\/www.hotelaqua.sk\/wp-content\/uploads\/2015\/11\/20160908_144456-e1481550009745.jpg","width":1920,"height":1080,"caption":"Hotel Aqua *** Ve\u013ek\u00fd Meder"},{"@type":"BreadcrumbList","@id":"https:\/\/www.hotelaqua.sk\/ubytovanie-velky-meder\/cennik-ubytovania\/#breadcrumb","itemListElement":[{"@type":"ListItem","position":1,"name":"Domovsk\u00e1 str\u00e1nka","item":"https:\/\/www.hotelaqua.sk\/cs\/"},{"@type":"ListItem","position":2,"name":"Ubytovanie Ve\u013ek\u00fd Meder","item":"https:\/\/www.hotelaqua.sk\/sk\/ubytovanie-velky-meder\/"},{"@type":"ListItem","position":3,"name":"Cenn\u00edk ubytovania"}]},{"@type":"WebSite","@id":"https:\/\/www.hotelaqua.sk\/sk\/#website","url":"https:\/\/www.hotelaqua.sk\/sk\/","name":"HOTEL AQUA VARGA ***","description":"Hotel v bl\u00edzkosti term\u00e1lneho k\u00fapaliska vo Ve\u013ekom Mederi","potentialAction":[{"@type":"SearchAction","target":{"@type":"EntryPoint","urlTemplate":"https:\/\/www.hotelaqua.sk\/sk\/?s={search_term_string}"},"query-input":{"@type":"PropertyValueSpecification","valueRequired":true,"valueName":"search_term_string"}}],"inLanguage":"cs-CZ"}]}},"_links":{"self":[{"href":"https:\/\/www.hotelaqua.sk\/cs\/wp-json\/wp\/v2\/pages\/1869","targetHints":{"allow":["GET"]}}],"collection":[{"href":"https:\/\/www.hotelaqua.sk\/cs\/wp-json\/wp\/v2\/pages"}],"about":[{"href":"https:\/\/www.hotelaqua.sk\/cs\/wp-json\/wp\/v2\/types\/page"}],"author":[{"embeddable":true,"href":"https:\/\/www.hotelaqua.sk\/cs\/wp-json\/wp\/v2\/users\/2"}],"replies":[{"embeddable":true,"href":"https:\/\/www.hotelaqua.sk\/cs\/wp-json\/wp\/v2\/comments?post=1869"}],"version-history":[{"count":1,"href":"https:\/\/www.hotelaqua.sk\/cs\/wp-json\/wp\/v2\/pages\/1869\/revisions"}],"predecessor-version":[{"id":1873,"href":"https:\/\/www.hotelaqua.sk\/cs\/wp-json\/wp\/v2\/pages\/1869\/revisions\/1873"}],"up":[{"embeddable":true,"href":"https:\/\/www.hotelaqua.sk\/cs\/wp-json\/wp\/v2\/pages\/4"}],"wp:featuredmedia":[{"embeddable":true,"href":"https:\/\/www.hotelaqua.sk\/cs\/wp-json\/wp\/v2\/media\/945"}],"wp:attachment":[{"href":"https:\/\/www.hotelaqua.sk\/cs\/wp-json\/wp\/v2\/media?parent=1869"}],"curies":[{"name":"wp","href":"https:\/\/api.w.org\/{rel}","templated":true}]}}