{"id":1806,"date":"2018-10-24T06:31:11","date_gmt":"2018-10-24T04:31:11","guid":{"rendered":"https:\/\/www.hotelaqua.sk\/?page_id=1806"},"modified":"2018-11-20T20:22:49","modified_gmt":"2018-11-20T19:22:49","slug":"kosmeticke-procedury-afrodita","status":"publish","type":"page","link":"https:\/\/www.hotelaqua.sk\/cs\/masaz-velky-meder\/kosmeticke-procedury-afrodita\/","title":{"rendered":"Kosmetick\u00e9 procedury v Afrodita SPA"},"content":{"rendered":"<h1>Kosmetick\u00e9 procedury v Afrodita SPA<\/h1>\n<h3>Platba v hotovosti na recepci mas\u00e1\u017en\u00edho salonu Afrodita SPA<\/h3>\n<p>Mas\u00e1\u017ene proced\u00fary tel.: +421908306558<br \/>\n<span style=\"font-size: 14pt;\"><strong><span style=\"color: #008000;\">Kosmetick\u00e9 proced\u00fary tel.: +421908306558<\/span><\/strong><\/span><br \/>\nSal\u00f3n se nach\u00e1z\u00ed vedle Hotela Aqua *** Ve\u013ek\u00fd Meder.<\/p>\n<p><span style=\"font-size: 14pt;\"> <strong> <span style=\"color: # 0000ff;\"> Permanent Make Up:<\/span><\/strong><\/span><\/p>\n<ul>\n<li>Tetov\u00e1n\u00ed obo\u010d\u00ed \u010d\u00e1rkovanou<\/li>\n<li>Tetov\u00e1n\u00ed obo\u010d\u00ed kolorov\u00e1n\u00ed<\/li>\n<li>Tetov\u00e1n\u00ed doln\u00ed linky<\/li>\n<li>Tetov\u00e1n\u00ed horn\u00ed linky<\/li>\n<li>Tetov\u00e1n\u00ed rt\u016f<\/li>\n<li>Tetov\u00e1n\u00ed &#8211; v\u00fdpl\u0148 rt\u016f<\/li>\n<\/ul>\n<p><span style=\"font-size: 14pt;\"><span style=\"font-size: 14pt;\"> <strong> <span style=\"color: # 0000ff;\"> Kosmetick\u00e9 o\u0161et\u0159en\u00ed pleti:<\/span><\/strong><\/span><\/span><\/p>\n<ul>\n<li>Kokosov\u00fd luxus 60&#8242;<\/li>\n<li>Hloubkov\u00e9 \u010di\u0161t\u011bn\u00ed 60&#8242;<\/li>\n<li>Hydratace pleti 70&#8242;<\/li>\n<li>V\u00fd\u017eiva pleti<\/li>\n<li>Boj proti st\u00e1rnut\u00ed 70&#8242;<\/li>\n<li>Mas\u00e1\u017e obli\u010deje krku, dekoltu 30&#8242;<\/li>\n<li>Osv\u011b\u017euj\u00edc\u00ed maska \u200b\u200bs mas\u00e1\u017e\u00ed 40&#8242;<\/li>\n<li>O\u0161et\u0159en\u00ed pro p\u00e1ny klasik 60&#8242;<\/li>\n<li>O\u0161et\u0159en\u00ed pro p\u00e1ny luxus 60&#8242;<\/li>\n<li>Laserov\u00e9 odstran\u011bn\u00ed chloupk\u016f<\/li>\n<li>Barven\u00ed a \u00faprava obo\u010d\u00ed<\/li>\n<li>Barven\u00ed \u0159as<\/li>\n<li>Trval\u00e1 na vlasy<\/li>\n<li>Make up denn\u00ed<\/li>\n<li>Make up ve\u010dern\u00ed<\/li>\n<\/ul>\n<p>[Gallery ids = &#8220;1797,1796,1795,1794&#8221;]<\/p>\n<h4>Kontakt mas\u00e1\u017ee, kosmetika<br \/>\n+421908306558<br \/>\n+421917460625<br \/>\nPromen\u00e1dna 595\/1<br \/>\n93201 Velk\u00fd Meder<br \/>\nemail: info@hotelthermal.sk<\/h4>\n","protected":false},"excerpt":{"rendered":"<p>Kosmetick\u00e9 procedury v Afrodita SPA Platba v hotovosti na recepci mas\u00e1\u017en\u00edho salonu Afrodita SPA Mas\u00e1\u017ene proced\u00fary tel.: +421908306558 Kosmetick\u00e9 proced\u00fary tel.: +421908306558 Sal\u00f3n se nach\u00e1z\u00ed vedle Hotela Aqua *** Ve\u013ek\u00fd Meder. Permanent Make Up: Tetov\u00e1n\u00ed obo\u010d\u00ed \u010d\u00e1rkovanou Tetov\u00e1n\u00ed obo\u010d\u00ed kolorov\u00e1n\u00ed Tetov\u00e1n\u00ed doln\u00ed linky Tetov\u00e1n\u00ed horn\u00ed linky Tetov\u00e1n\u00ed rt\u016f Tetov\u00e1n\u00ed &#8211; v\u00fdpl\u0148 rt\u016f Kosmetick\u00e9 o\u0161et\u0159en\u00ed pleti: [&hellip;]<\/p>\n","protected":false},"author":2,"featured_media":1795,"parent":299,"menu_order":0,"comment_status":"closed","ping_status":"closed","template":"","meta":{"footnotes":""},"class_list":["post-1806","page","type-page","status-publish","has-post-thumbnail","hentry"],"yoast_head":"<!-- This site is optimized with the Yoast SEO plugin v25.3.1 - https:\/\/yoast.com\/wordpress\/plugins\/seo\/ -->\n<title>Kosmetick\u00e9 procedury v Afrodita SPA - HOTEL AQUA VARGA ***<\/title>\n<meta name=\"robots\" content=\"index, follow, max-snippet:-1, max-image-preview:large, max-video-preview:-1\" \/>\n<link rel=\"canonical\" href=\"https:\/\/www.hotelaqua.sk\/cs\/masaz-velky-meder\/kosmeticke-procedury-afrodita\/\" \/>\n<meta property=\"og:locale\" content=\"cs_CZ\" \/>\n<meta property=\"og:type\" content=\"article\" \/>\n<meta property=\"og:title\" content=\"Kosmetick\u00e9 procedury v Afrodita SPA - HOTEL AQUA VARGA ***\" \/>\n<meta property=\"og:description\" content=\"Kosmetick\u00e9 procedury v Afrodita SPA Platba v hotovosti na recepci mas\u00e1\u017en\u00edho salonu Afrodita SPA Mas\u00e1\u017ene proced\u00fary tel.: +421908306558 Kosmetick\u00e9 proced\u00fary tel.: +421908306558 Sal\u00f3n se nach\u00e1z\u00ed vedle Hotela Aqua *** Ve\u013ek\u00fd Meder. Permanent Make Up: Tetov\u00e1n\u00ed obo\u010d\u00ed \u010d\u00e1rkovanou Tetov\u00e1n\u00ed obo\u010d\u00ed kolorov\u00e1n\u00ed Tetov\u00e1n\u00ed doln\u00ed linky Tetov\u00e1n\u00ed horn\u00ed linky Tetov\u00e1n\u00ed rt\u016f Tetov\u00e1n\u00ed &#8211; v\u00fdpl\u0148 rt\u016f Kosmetick\u00e9 o\u0161et\u0159en\u00ed pleti: [&hellip;]\" \/>\n<meta property=\"og:url\" content=\"https:\/\/www.hotelaqua.sk\/cs\/masaz-velky-meder\/kosmeticke-procedury-afrodita\/\" \/>\n<meta property=\"og:site_name\" content=\"HOTEL AQUA VARGA ***\" \/>\n<meta property=\"article:modified_time\" content=\"2018-11-20T19:22:49+00:00\" \/>\n<meta property=\"og:image\" content=\"https:\/\/www.hotelaqua.sk\/wp-content\/uploads\/2018\/10\/3701598-eeb5a0.jpg\" \/>\n\t<meta property=\"og:image:width\" content=\"1280\" \/>\n\t<meta property=\"og:image:height\" content=\"852\" \/>\n\t<meta property=\"og:image:type\" content=\"image\/jpeg\" \/>\n<meta name=\"twitter:label1\" content=\"Odhadovan\u00e1 doba \u010dten\u00ed\" \/>\n\t<meta name=\"twitter:data1\" content=\"1 minute\" \/>\n<script type=\"application\/ld+json\" class=\"yoast-schema-graph\">{\"@context\":\"https:\/\/schema.org\",\"@graph\":[{\"@type\":\"WebPage\",\"@id\":\"https:\/\/www.hotelaqua.sk\/cs\/masaz-velky-meder\/kosmeticke-procedury-afrodita\/\",\"url\":\"https:\/\/www.hotelaqua.sk\/cs\/masaz-velky-meder\/kosmeticke-procedury-afrodita\/\",\"name\":\"Kosmetick\u00e9 procedury v Afrodita SPA - HOTEL AQUA VARGA ***\",\"isPartOf\":{\"@id\":\"https:\/\/www.hotelaqua.sk\/sk\/#website\"},\"primaryImageOfPage\":{\"@id\":\"https:\/\/www.hotelaqua.sk\/cs\/masaz-velky-meder\/kosmeticke-procedury-afrodita\/#primaryimage\"},\"image\":{\"@id\":\"https:\/\/www.hotelaqua.sk\/cs\/masaz-velky-meder\/kosmeticke-procedury-afrodita\/#primaryimage\"},\"thumbnailUrl\":\"https:\/\/www.hotelaqua.sk\/wp-content\/uploads\/2018\/10\/3701598-eeb5a0.jpg\",\"datePublished\":\"2018-10-24T04:31:11+00:00\",\"dateModified\":\"2018-11-20T19:22:49+00:00\",\"breadcrumb\":{\"@id\":\"https:\/\/www.hotelaqua.sk\/cs\/masaz-velky-meder\/kosmeticke-procedury-afrodita\/#breadcrumb\"},\"inLanguage\":\"cs-CZ\",\"potentialAction\":[{\"@type\":\"ReadAction\",\"target\":[\"https:\/\/www.hotelaqua.sk\/cs\/masaz-velky-meder\/kosmeticke-procedury-afrodita\/\"]}]},{\"@type\":\"ImageObject\",\"inLanguage\":\"cs-CZ\",\"@id\":\"https:\/\/www.hotelaqua.sk\/cs\/masaz-velky-meder\/kosmeticke-procedury-afrodita\/#primaryimage\",\"url\":\"https:\/\/www.hotelaqua.sk\/wp-content\/uploads\/2018\/10\/3701598-eeb5a0.jpg\",\"contentUrl\":\"https:\/\/www.hotelaqua.sk\/wp-content\/uploads\/2018\/10\/3701598-eeb5a0.jpg\",\"width\":1280,\"height\":852,\"caption\":\"kozmetick\u00e9 proced\u00fary Ve\u013ek\u00fd Meder Afrodita kozmetick\u00fd sal\u00f3n spa\"},{\"@type\":\"BreadcrumbList\",\"@id\":\"https:\/\/www.hotelaqua.sk\/cs\/masaz-velky-meder\/kosmeticke-procedury-afrodita\/#breadcrumb\",\"itemListElement\":[{\"@type\":\"ListItem\",\"position\":1,\"name\":\"Domovsk\u00e1 str\u00e1nka\",\"item\":\"https:\/\/www.hotelaqua.sk\/cs\/\"},{\"@type\":\"ListItem\",\"position\":2,\"name\":\"Mas\u00e1\u017ee a proced\u00fary\",\"item\":\"https:\/\/www.hotelaqua.sk\/cs\/masaz-velky-meder\/\"},{\"@type\":\"ListItem\",\"position\":3,\"name\":\"Kosmetick\u00e9 procedury v Afrodita SPA\"}]},{\"@type\":\"WebSite\",\"@id\":\"https:\/\/www.hotelaqua.sk\/sk\/#website\",\"url\":\"https:\/\/www.hotelaqua.sk\/sk\/\",\"name\":\"HOTEL AQUA VARGA ***\",\"description\":\"Hotel v bl\u00edzkosti term\u00e1lneho k\u00fapaliska vo Ve\u013ekom Mederi\",\"potentialAction\":[{\"@type\":\"SearchAction\",\"target\":{\"@type\":\"EntryPoint\",\"urlTemplate\":\"https:\/\/www.hotelaqua.sk\/sk\/?s={search_term_string}\"},\"query-input\":{\"@type\":\"PropertyValueSpecification\",\"valueRequired\":true,\"valueName\":\"search_term_string\"}}],\"inLanguage\":\"cs-CZ\"}]}<\/script>\n<!-- \/ Yoast SEO plugin. -->","yoast_head_json":{"title":"Kosmetick\u00e9 procedury v Afrodita SPA - HOTEL AQUA VARGA ***","robots":{"index":"index","follow":"follow","max-snippet":"max-snippet:-1","max-image-preview":"max-image-preview:large","max-video-preview":"max-video-preview:-1"},"canonical":"https:\/\/www.hotelaqua.sk\/cs\/masaz-velky-meder\/kosmeticke-procedury-afrodita\/","og_locale":"cs_CZ","og_type":"article","og_title":"Kosmetick\u00e9 procedury v Afrodita SPA - HOTEL AQUA VARGA ***","og_description":"Kosmetick\u00e9 procedury v Afrodita SPA Platba v hotovosti na recepci mas\u00e1\u017en\u00edho salonu Afrodita SPA Mas\u00e1\u017ene proced\u00fary tel.: +421908306558 Kosmetick\u00e9 proced\u00fary tel.: +421908306558 Sal\u00f3n se nach\u00e1z\u00ed vedle Hotela Aqua *** Ve\u013ek\u00fd Meder. Permanent Make Up: Tetov\u00e1n\u00ed obo\u010d\u00ed \u010d\u00e1rkovanou Tetov\u00e1n\u00ed obo\u010d\u00ed kolorov\u00e1n\u00ed Tetov\u00e1n\u00ed doln\u00ed linky Tetov\u00e1n\u00ed horn\u00ed linky Tetov\u00e1n\u00ed rt\u016f Tetov\u00e1n\u00ed &#8211; v\u00fdpl\u0148 rt\u016f Kosmetick\u00e9 o\u0161et\u0159en\u00ed pleti: [&hellip;]","og_url":"https:\/\/www.hotelaqua.sk\/cs\/masaz-velky-meder\/kosmeticke-procedury-afrodita\/","og_site_name":"HOTEL AQUA VARGA ***","article_modified_time":"2018-11-20T19:22:49+00:00","og_image":[{"width":1280,"height":852,"url":"https:\/\/www.hotelaqua.sk\/wp-content\/uploads\/2018\/10\/3701598-eeb5a0.jpg","type":"image\/jpeg"}],"twitter_misc":{"Odhadovan\u00e1 doba \u010dten\u00ed":"1 minute"},"schema":{"@context":"https:\/\/schema.org","@graph":[{"@type":"WebPage","@id":"https:\/\/www.hotelaqua.sk\/cs\/masaz-velky-meder\/kosmeticke-procedury-afrodita\/","url":"https:\/\/www.hotelaqua.sk\/cs\/masaz-velky-meder\/kosmeticke-procedury-afrodita\/","name":"Kosmetick\u00e9 procedury v Afrodita SPA - HOTEL AQUA VARGA ***","isPartOf":{"@id":"https:\/\/www.hotelaqua.sk\/sk\/#website"},"primaryImageOfPage":{"@id":"https:\/\/www.hotelaqua.sk\/cs\/masaz-velky-meder\/kosmeticke-procedury-afrodita\/#primaryimage"},"image":{"@id":"https:\/\/www.hotelaqua.sk\/cs\/masaz-velky-meder\/kosmeticke-procedury-afrodita\/#primaryimage"},"thumbnailUrl":"https:\/\/www.hotelaqua.sk\/wp-content\/uploads\/2018\/10\/3701598-eeb5a0.jpg","datePublished":"2018-10-24T04:31:11+00:00","dateModified":"2018-11-20T19:22:49+00:00","breadcrumb":{"@id":"https:\/\/www.hotelaqua.sk\/cs\/masaz-velky-meder\/kosmeticke-procedury-afrodita\/#breadcrumb"},"inLanguage":"cs-CZ","potentialAction":[{"@type":"ReadAction","target":["https:\/\/www.hotelaqua.sk\/cs\/masaz-velky-meder\/kosmeticke-procedury-afrodita\/"]}]},{"@type":"ImageObject","inLanguage":"cs-CZ","@id":"https:\/\/www.hotelaqua.sk\/cs\/masaz-velky-meder\/kosmeticke-procedury-afrodita\/#primaryimage","url":"https:\/\/www.hotelaqua.sk\/wp-content\/uploads\/2018\/10\/3701598-eeb5a0.jpg","contentUrl":"https:\/\/www.hotelaqua.sk\/wp-content\/uploads\/2018\/10\/3701598-eeb5a0.jpg","width":1280,"height":852,"caption":"kozmetick\u00e9 proced\u00fary Ve\u013ek\u00fd Meder Afrodita kozmetick\u00fd sal\u00f3n spa"},{"@type":"BreadcrumbList","@id":"https:\/\/www.hotelaqua.sk\/cs\/masaz-velky-meder\/kosmeticke-procedury-afrodita\/#breadcrumb","itemListElement":[{"@type":"ListItem","position":1,"name":"Domovsk\u00e1 str\u00e1nka","item":"https:\/\/www.hotelaqua.sk\/cs\/"},{"@type":"ListItem","position":2,"name":"Mas\u00e1\u017ee a proced\u00fary","item":"https:\/\/www.hotelaqua.sk\/cs\/masaz-velky-meder\/"},{"@type":"ListItem","position":3,"name":"Kosmetick\u00e9 procedury v Afrodita SPA"}]},{"@type":"WebSite","@id":"https:\/\/www.hotelaqua.sk\/sk\/#website","url":"https:\/\/www.hotelaqua.sk\/sk\/","name":"HOTEL AQUA VARGA ***","description":"Hotel v bl\u00edzkosti term\u00e1lneho k\u00fapaliska vo Ve\u013ekom Mederi","potentialAction":[{"@type":"SearchAction","target":{"@type":"EntryPoint","urlTemplate":"https:\/\/www.hotelaqua.sk\/sk\/?s={search_term_string}"},"query-input":{"@type":"PropertyValueSpecification","valueRequired":true,"valueName":"search_term_string"}}],"inLanguage":"cs-CZ"}]}},"_links":{"self":[{"href":"https:\/\/www.hotelaqua.sk\/cs\/wp-json\/wp\/v2\/pages\/1806","targetHints":{"allow":["GET"]}}],"collection":[{"href":"https:\/\/www.hotelaqua.sk\/cs\/wp-json\/wp\/v2\/pages"}],"about":[{"href":"https:\/\/www.hotelaqua.sk\/cs\/wp-json\/wp\/v2\/types\/page"}],"author":[{"embeddable":true,"href":"https:\/\/www.hotelaqua.sk\/cs\/wp-json\/wp\/v2\/users\/2"}],"replies":[{"embeddable":true,"href":"https:\/\/www.hotelaqua.sk\/cs\/wp-json\/wp\/v2\/comments?post=1806"}],"version-history":[{"count":4,"href":"https:\/\/www.hotelaqua.sk\/cs\/wp-json\/wp\/v2\/pages\/1806\/revisions"}],"predecessor-version":[{"id":1828,"href":"https:\/\/www.hotelaqua.sk\/cs\/wp-json\/wp\/v2\/pages\/1806\/revisions\/1828"}],"up":[{"embeddable":true,"href":"https:\/\/www.hotelaqua.sk\/cs\/wp-json\/wp\/v2\/pages\/299"}],"wp:featuredmedia":[{"embeddable":true,"href":"https:\/\/www.hotelaqua.sk\/cs\/wp-json\/wp\/v2\/media\/1795"}],"wp:attachment":[{"href":"https:\/\/www.hotelaqua.sk\/cs\/wp-json\/wp\/v2\/media?parent=1806"}],"curies":[{"name":"wp","href":"https:\/\/api.w.org\/{rel}","templated":true}]}}